{"id":17896,"date":"2022-11-15T15:43:08","date_gmt":"2022-11-15T14:43:08","guid":{"rendered":"https:\/\/hrmforce.com\/?page_id=17896"},"modified":"2022-11-18T13:48:33","modified_gmt":"2022-11-18T12:48:33","slug":"about-us-new-translations","status":"publish","type":"page","link":"https:\/\/hrmforce.com\/de\/about-us-new-translations\/","title":{"rendered":"About us &#8211; new &#8211; translations"},"content":{"rendered":"<div class=\"wpb-content-wrapper\"><p>[vc_row css_animation=&#8220;&#8220; row_type=&#8220;row&#8220; use_row_as_full_screen_section=&#8220;no&#8220; type=&#8220;full_width&#8220; angled_section=&#8220;no&#8220; text_align=&#8220;left&#8220; background_image_as_pattern=&#8220;without_pattern&#8220; el_class=&#8220;rij1&#8243; z_index=&#8220;&#8220;][vc_column][vc_column_text]<\/p>\n<h2>hrmforce<\/h2>\n<p>Als f\u00fchrender Anbieter von HRM-Software helfen wir Unternehmen, effizienter zu arbeiten, indem wir neue Arbeitsweisen und neue Partnerschaften schaffen. Da wir selbst Unternehmer sind, unterst\u00fctzen wir unsere Kunden beim Ausbau ihrer Organisationen, indem wir die Zusammenarbeit f\u00f6rdern und langfristige Beziehungen aufbauen. Gemeinsam k\u00f6nnen wir als Unternehmen unsere soziale Verantwortung nehmen. Wir sind in mehreren L\u00e4ndern t\u00e4tig. Unsere lokalen Vertriebspartner k\u00f6nnen Sie direkt mit hrmforce in Kontakt bringen. Au\u00dferdem gibt es ein globales Support-Team in den unten genannten L\u00e4ndern.<\/p>\n<p>&nbsp;<\/p>\n<p>&nbsp;<\/p>\n<p><img loading=\"lazy\" decoding=\"async\" width=\"500\" height=\"310\" class=\"alignnone wp-image-6713\" src=\"https:\/\/hrmforce.com\/wp-content\/uploads\/2017\/02\/World_Supportteam-500x9999.png\" alt=\"\" \/><\/p>\n<h2>Bereitstellung von Software f\u00fcr HRM<\/h2>\n<p>Wir unterst\u00fctzen Unternehmen mit Informationstechnologie, indem wir fortschrittliche Online-Assessments, HRM-L\u00f6sungen und ein hohes Serviceniveau anbieten.[\/vc_column_text][\/vc_column][\/vc_row][vc_row css_animation=&#8220;&#8220; row_type=&#8220;row&#8220; use_row_as_full_screen_section=&#8220;no&#8220; type=&#8220;full_width&#8220; angled_section=&#8220;no&#8220; text_align=&#8220;left&#8220; background_image_as_pattern=&#8220;without_pattern&#8220;][vc_column width=&#8220;1\/4&#8243;][vc_column_text]<\/p>\n<h3><a style=\"font-size: 25px;\" href=\"#\">Personalbeschaffung<\/a><\/h3>\n<p>[\/vc_column_text][\/vc_column][vc_column width=&#8220;1\/5&#8243;][vc_column_text]<\/p>\n<h3><a style=\"font-size: 25px;\" href=\"#\">Entwicklung<\/a><\/h3>\n<p>[\/vc_column_text][\/vc_column][vc_column width=&#8220;1\/3&#8243;][vc_column_text]<\/p>\n<h3><a style=\"font-size: 25px;\" href=\"#\">Besch\u00e4ftigungsf\u00e4higkeit<\/a><\/h3>\n<p>[\/vc_column_text][\/vc_column][vc_column width=&#8220;1\/5&#8243;][vc_column_text]<\/p>\n<h3><a style=\"font-size: 25px;\" href=\"https:\/\/hrmforce.com\/hrm-oplossingen\/hr-analytics\/\">Analytik<\/a><\/h3>\n<p>[\/vc_column_text][\/vc_column][\/vc_row][vc_row css_animation=&#8220;&#8220; row_type=&#8220;row&#8220; use_row_as_full_screen_section=&#8220;no&#8220; type=&#8220;full_width&#8220; angled_section=&#8220;no&#8220; text_align=&#8220;left&#8220; background_image_as_pattern=&#8220;without_pattern&#8220; el_class=&#8220;rij1&#8243; z_index=&#8220;&#8220;][vc_column][vc_column_text]<\/p>\n<h2>Software und HRM-L\u00f6sungen<\/h2>\n<p>Wir entwickeln Workforce-Management-L\u00f6sungen in der \u201eCloud\u201c. Das Spektrum reicht von einem einzelnen Pers\u00f6nlichkeits- oder Intelligenzfragebogen bis hin zu vollst\u00e4ndigen Instrumenten zur Verbesserung der Entwicklung und Steigerung der Leistung. Wir unterst\u00fctzen alle wichtigen HRM-Prozesse wie Rekrutierung und Auswahl, Entwicklung, Besch\u00e4ftigungsf\u00e4higkeit und HR-Analytik. Mit diesen L\u00f6sungen helfen wir Ihnen, Ihre Organisation effizienter zu gestalten. Wir unterst\u00fctzen unsere Kunden in allen Phasen des HR-Prozesses und bieten ihnen so einen qualitativ hochwertigen Service.<\/p>\n<p>Entdecken Sie unsere <a href=\"#\">Online-Assessments<\/a> und werfen Sie einen Blick auf unsere <a href=\"#\">HRM-L\u00f6sungen<\/a>.[\/vc_column_text][\/vc_column][\/vc_row]<\/p>\n<\/div>","protected":false},"excerpt":{"rendered":"<p>[vc_row css_animation=&#8220;&#8220; row_type=&#8220;row&#8220; use_row_as_full_screen_section=&#8220;no&#8220; type=&#8220;full_width&#8220; angled_section=&#8220;no&#8220; text_align=&#8220;left&#8220; background_image_as_pattern=&#8220;without_pattern&#8220; el_class=&#8220;rij1&#8243; z_index=&#8220;&#8220;][vc_column][vc_column_text] hrmforce Als f\u00fchrender Anbieter von HRM-Software helfen wir Unternehmen, effizienter zu arbeiten, indem wir neue Arbeitsweisen und neue Partnerschaften schaffen. Da wir selbst Unternehmer sind, unterst\u00fctzen wir unsere Kunden beim Ausbau ihrer Organisationen, indem wir&#8230;<\/p>\n","protected":false},"author":18,"featured_media":11486,"parent":0,"menu_order":0,"comment_status":"closed","ping_status":"closed","template":"","meta":{"_acf_changed":false,"inline_featured_image":false,"footnotes":""},"class_list":["post-17896","page","type-page","status-publish","has-post-thumbnail","hentry"],"acf":[],"yoast_head":"<!-- This site is optimized with the Yoast SEO plugin v27.1.1 - https:\/\/yoast.com\/product\/yoast-seo-wordpress\/ -->\n<title>About us - new - translations - hrmforce<\/title>\n<meta name=\"robots\" content=\"index, follow, max-snippet:-1, max-image-preview:large, max-video-preview:-1\" \/>\n<link rel=\"canonical\" href=\"https:\/\/hrmforce.com\/de\/about-us-new-translations\/\" \/>\n<meta property=\"og:locale\" content=\"de_DE\" \/>\n<meta property=\"og:type\" content=\"article\" \/>\n<meta property=\"og:title\" content=\"About us - new - translations - hrmforce\" \/>\n<meta property=\"og:description\" content=\"[vc_row css_animation=&#8220;&#8220; row_type=&#8220;row&#8220; use_row_as_full_screen_section=&#8220;no&#8220; type=&#8220;full_width&#8220; angled_section=&#8220;no&#8220; text_align=&#8220;left&#8220; background_image_as_pattern=&#8220;without_pattern&#8220; el_class=&#8220;rij1&#8243; z_index=&#8220;&#8220;][vc_column][vc_column_text] hrmforce Als f\u00fchrender Anbieter von HRM-Software helfen wir Unternehmen, effizienter zu arbeiten, indem wir neue Arbeitsweisen und neue Partnerschaften schaffen. Da wir selbst Unternehmer sind, unterst\u00fctzen wir unsere Kunden beim Ausbau ihrer Organisationen, indem wir...\" \/>\n<meta property=\"og:url\" content=\"https:\/\/hrmforce.com\/de\/about-us-new-translations\/\" \/>\n<meta property=\"og:site_name\" content=\"hrmforce\" \/>\n<meta property=\"article:publisher\" content=\"https:\/\/www.facebook.com\/hrmforceNL\/\" \/>\n<meta property=\"article:modified_time\" content=\"2022-11-18T12:48:33+00:00\" \/>\n<meta property=\"og:image\" content=\"https:\/\/hrmforce.com\/wp-content\/uploads\/2020\/07\/no-image.jpg\" \/>\n\t<meta property=\"og:image:width\" content=\"1024\" \/>\n\t<meta property=\"og:image:height\" content=\"683\" \/>\n\t<meta property=\"og:image:type\" content=\"image\/jpeg\" \/>\n<meta name=\"twitter:card\" content=\"summary_large_image\" \/>\n<meta name=\"twitter:label1\" content=\"Gesch\u00e4tzte Lesezeit\" \/>\n\t<meta name=\"twitter:data1\" content=\"2\u00a0Minuten\" \/>\n<script type=\"application\/ld+json\" class=\"yoast-schema-graph\">{\"@context\":\"https:\/\/schema.org\",\"@graph\":[{\"@type\":\"WebPage\",\"@id\":\"https:\/\/hrmforce.com\/de\/about-us-new-translations\/\",\"url\":\"https:\/\/hrmforce.com\/de\/about-us-new-translations\/\",\"name\":\"About us - new - translations - hrmforce\",\"isPartOf\":{\"@id\":\"https:\/\/hrmforce.com\/de\/#website\"},\"primaryImageOfPage\":{\"@id\":\"https:\/\/hrmforce.com\/de\/about-us-new-translations\/#primaryimage\"},\"image\":{\"@id\":\"https:\/\/hrmforce.com\/de\/about-us-new-translations\/#primaryimage\"},\"thumbnailUrl\":\"https:\/\/hrmforce.com\/wp-content\/uploads\/2020\/07\/no-image.jpg\",\"datePublished\":\"2022-11-15T14:43:08+00:00\",\"dateModified\":\"2022-11-18T12:48:33+00:00\",\"breadcrumb\":{\"@id\":\"https:\/\/hrmforce.com\/de\/about-us-new-translations\/#breadcrumb\"},\"inLanguage\":\"de\",\"potentialAction\":[{\"@type\":\"ReadAction\",\"target\":[\"https:\/\/hrmforce.com\/de\/about-us-new-translations\/\"]}]},{\"@type\":\"ImageObject\",\"inLanguage\":\"de\",\"@id\":\"https:\/\/hrmforce.com\/de\/about-us-new-translations\/#primaryimage\",\"url\":\"https:\/\/hrmforce.com\/wp-content\/uploads\/2020\/07\/no-image.jpg\",\"contentUrl\":\"https:\/\/hrmforce.com\/wp-content\/uploads\/2020\/07\/no-image.jpg\",\"width\":1024,\"height\":683,\"caption\":\"Human resources management concept business man selecting virtual interface\"},{\"@type\":\"BreadcrumbList\",\"@id\":\"https:\/\/hrmforce.com\/de\/about-us-new-translations\/#breadcrumb\",\"itemListElement\":[{\"@type\":\"ListItem\",\"position\":1,\"name\":\"Home\",\"item\":\"https:\/\/hrmforce.com\/de\/\"},{\"@type\":\"ListItem\",\"position\":2,\"name\":\"About us &#8211; new &#8211; translations\"}]},{\"@type\":\"WebSite\",\"@id\":\"https:\/\/hrmforce.com\/de\/#website\",\"url\":\"https:\/\/hrmforce.com\/de\/\",\"name\":\"hrmforce\",\"description\":\"people \u2022 performance \u2022 analytics\",\"publisher\":{\"@id\":\"https:\/\/hrmforce.com\/de\/#organization\"},\"potentialAction\":[{\"@type\":\"SearchAction\",\"target\":{\"@type\":\"EntryPoint\",\"urlTemplate\":\"https:\/\/hrmforce.com\/de\/?s={search_term_string}\"},\"query-input\":{\"@type\":\"PropertyValueSpecification\",\"valueRequired\":true,\"valueName\":\"search_term_string\"}}],\"inLanguage\":\"de\"},{\"@type\":\"Organization\",\"@id\":\"https:\/\/hrmforce.com\/de\/#organization\",\"name\":\"hrmforce\",\"url\":\"https:\/\/hrmforce.com\/de\/\",\"logo\":{\"@type\":\"ImageObject\",\"inLanguage\":\"de\",\"@id\":\"https:\/\/hrmforce.com\/de\/#\/schema\/logo\/image\/\",\"url\":\"https:\/\/hrmforce.com\/wp-content\/uploads\/2018\/08\/logo-hrmforce.png\",\"contentUrl\":\"https:\/\/hrmforce.com\/wp-content\/uploads\/2018\/08\/logo-hrmforce.png\",\"width\":833,\"height\":189,\"caption\":\"hrmforce\"},\"image\":{\"@id\":\"https:\/\/hrmforce.com\/de\/#\/schema\/logo\/image\/\"},\"sameAs\":[\"https:\/\/www.facebook.com\/hrmforceNL\/\",\"https:\/\/www.linkedin.com\/company\/hrmforce\/\"]}]}<\/script>\n<!-- \/ Yoast SEO plugin. -->","yoast_head_json":{"title":"About us - new - translations - hrmforce","robots":{"index":"index","follow":"follow","max-snippet":"max-snippet:-1","max-image-preview":"max-image-preview:large","max-video-preview":"max-video-preview:-1"},"canonical":"https:\/\/hrmforce.com\/de\/about-us-new-translations\/","og_locale":"de_DE","og_type":"article","og_title":"About us - new - translations - hrmforce","og_description":"[vc_row css_animation=&#8220;&#8220; row_type=&#8220;row&#8220; use_row_as_full_screen_section=&#8220;no&#8220; type=&#8220;full_width&#8220; angled_section=&#8220;no&#8220; text_align=&#8220;left&#8220; background_image_as_pattern=&#8220;without_pattern&#8220; el_class=&#8220;rij1&#8243; z_index=&#8220;&#8220;][vc_column][vc_column_text] hrmforce Als f\u00fchrender Anbieter von HRM-Software helfen wir Unternehmen, effizienter zu arbeiten, indem wir neue Arbeitsweisen und neue Partnerschaften schaffen. Da wir selbst Unternehmer sind, unterst\u00fctzen wir unsere Kunden beim Ausbau ihrer Organisationen, indem wir...","og_url":"https:\/\/hrmforce.com\/de\/about-us-new-translations\/","og_site_name":"hrmforce","article_publisher":"https:\/\/www.facebook.com\/hrmforceNL\/","article_modified_time":"2022-11-18T12:48:33+00:00","og_image":[{"width":1024,"height":683,"url":"https:\/\/hrmforce.com\/wp-content\/uploads\/2020\/07\/no-image.jpg","type":"image\/jpeg"}],"twitter_card":"summary_large_image","twitter_misc":{"Gesch\u00e4tzte Lesezeit":"2\u00a0Minuten"},"schema":{"@context":"https:\/\/schema.org","@graph":[{"@type":"WebPage","@id":"https:\/\/hrmforce.com\/de\/about-us-new-translations\/","url":"https:\/\/hrmforce.com\/de\/about-us-new-translations\/","name":"About us - new - translations - hrmforce","isPartOf":{"@id":"https:\/\/hrmforce.com\/de\/#website"},"primaryImageOfPage":{"@id":"https:\/\/hrmforce.com\/de\/about-us-new-translations\/#primaryimage"},"image":{"@id":"https:\/\/hrmforce.com\/de\/about-us-new-translations\/#primaryimage"},"thumbnailUrl":"https:\/\/hrmforce.com\/wp-content\/uploads\/2020\/07\/no-image.jpg","datePublished":"2022-11-15T14:43:08+00:00","dateModified":"2022-11-18T12:48:33+00:00","breadcrumb":{"@id":"https:\/\/hrmforce.com\/de\/about-us-new-translations\/#breadcrumb"},"inLanguage":"de","potentialAction":[{"@type":"ReadAction","target":["https:\/\/hrmforce.com\/de\/about-us-new-translations\/"]}]},{"@type":"ImageObject","inLanguage":"de","@id":"https:\/\/hrmforce.com\/de\/about-us-new-translations\/#primaryimage","url":"https:\/\/hrmforce.com\/wp-content\/uploads\/2020\/07\/no-image.jpg","contentUrl":"https:\/\/hrmforce.com\/wp-content\/uploads\/2020\/07\/no-image.jpg","width":1024,"height":683,"caption":"Human resources management concept business man selecting virtual interface"},{"@type":"BreadcrumbList","@id":"https:\/\/hrmforce.com\/de\/about-us-new-translations\/#breadcrumb","itemListElement":[{"@type":"ListItem","position":1,"name":"Home","item":"https:\/\/hrmforce.com\/de\/"},{"@type":"ListItem","position":2,"name":"About us &#8211; new &#8211; translations"}]},{"@type":"WebSite","@id":"https:\/\/hrmforce.com\/de\/#website","url":"https:\/\/hrmforce.com\/de\/","name":"hrmforce","description":"people \u2022 performance \u2022 analytics","publisher":{"@id":"https:\/\/hrmforce.com\/de\/#organization"},"potentialAction":[{"@type":"SearchAction","target":{"@type":"EntryPoint","urlTemplate":"https:\/\/hrmforce.com\/de\/?s={search_term_string}"},"query-input":{"@type":"PropertyValueSpecification","valueRequired":true,"valueName":"search_term_string"}}],"inLanguage":"de"},{"@type":"Organization","@id":"https:\/\/hrmforce.com\/de\/#organization","name":"hrmforce","url":"https:\/\/hrmforce.com\/de\/","logo":{"@type":"ImageObject","inLanguage":"de","@id":"https:\/\/hrmforce.com\/de\/#\/schema\/logo\/image\/","url":"https:\/\/hrmforce.com\/wp-content\/uploads\/2018\/08\/logo-hrmforce.png","contentUrl":"https:\/\/hrmforce.com\/wp-content\/uploads\/2018\/08\/logo-hrmforce.png","width":833,"height":189,"caption":"hrmforce"},"image":{"@id":"https:\/\/hrmforce.com\/de\/#\/schema\/logo\/image\/"},"sameAs":["https:\/\/www.facebook.com\/hrmforceNL\/","https:\/\/www.linkedin.com\/company\/hrmforce\/"]}]}},"_links":{"self":[{"href":"https:\/\/hrmforce.com\/de\/wp-json\/wp\/v2\/pages\/17896","targetHints":{"allow":["GET"]}}],"collection":[{"href":"https:\/\/hrmforce.com\/de\/wp-json\/wp\/v2\/pages"}],"about":[{"href":"https:\/\/hrmforce.com\/de\/wp-json\/wp\/v2\/types\/page"}],"author":[{"embeddable":true,"href":"https:\/\/hrmforce.com\/de\/wp-json\/wp\/v2\/users\/18"}],"replies":[{"embeddable":true,"href":"https:\/\/hrmforce.com\/de\/wp-json\/wp\/v2\/comments?post=17896"}],"version-history":[{"count":0,"href":"https:\/\/hrmforce.com\/de\/wp-json\/wp\/v2\/pages\/17896\/revisions"}],"wp:featuredmedia":[{"embeddable":true,"href":"https:\/\/hrmforce.com\/de\/wp-json\/wp\/v2\/media\/11486"}],"wp:attachment":[{"href":"https:\/\/hrmforce.com\/de\/wp-json\/wp\/v2\/media?parent=17896"}],"curies":[{"name":"wp","href":"https:\/\/api.w.org\/{rel}","templated":true}]}}