{"id":18797,"date":"2022-11-29T21:57:46","date_gmt":"2022-11-29T20:57:46","guid":{"rendered":"https:\/\/hrmforce.com\/?page_id=18797"},"modified":"2026-03-05T00:14:32","modified_gmt":"2026-03-04T23:14:32","slug":"kontakt","status":"publish","type":"page","link":"https:\/\/hrmforce.com\/de\/kontakt\/","title":{"rendered":"Kontakt"},"content":{"rendered":"<div class=\"wpb-content-wrapper\"><p>[vc_row css_animation=&#8220;&#8220; row_type=&#8220;row&#8220; use_row_as_full_screen_section=&#8220;no&#8220; type=&#8220;grid&#8220; angled_section=&#8220;no&#8220; text_align=&#8220;left&#8220; background_image_as_pattern=&#8220;without_pattern&#8220; el_class=&#8220;landinghead&#8220; z_index=&#8220;&#8220; background_image=&#8220;20390&#8243; css=&#8220;.vc_custom_1701074749352{padding-top: 90px !important;}&#8220;][vc_column][qode_elements_holder number_of_columns=&#8220;two_columns&#8220;][qode_elements_holder_item vertical_alignment=&#8220;middle&#8220; advanced_animations=&#8220;no&#8220; item_padding=&#8220;0px 60px 0px 0px&#8220;][vc_column_text]<\/p>\n<h2>Sind Sie interessiert oder haben Sie eine Frage?<\/h2>\n<p>Wir helfen Ihnen gerne und denken mit Ihnen mit, um gemeinsam eine passende L\u00f6sung zu finden. Z\u00f6gern Sie also nicht, sich mit Ihrer Frage oder Idee sofort an unsere Berater zu wenden. F\u00fcllen Sie das Kontaktformular aus oder rufen Sie uns an und sprechen Sie gleich mit unseren Beratern.<\/p>\n<p><strong>T:<\/strong> <a href=\"tel:+31888832188\">+31 (0)88 88 321 88<\/a><br \/>\n<strong>E:<\/strong> <a href=\"mailto:service@hrmforce.com\">service@hrmforce.com<\/a><\/p>\n<p>Unsere Berater sind von Montag bis Freitag von 08:00 bis 18:00 Uhr erreichbar.[\/vc_column_text][\/qode_elements_holder_item][qode_elements_holder_item advanced_animations=&#8220;no&#8220;][vc_column_text css=&#8220;.vc_custom_1772665949606{padding-top: 30px !important;padding-right: 30px !important;padding-bottom: 30px !important;padding-left: 30px !important;background-color: #ffffff !important;}&#8220;]<\/p>\n<h3>Kontakt-Formular<\/h3>\n<div class=\"frm_forms  with_frm_style frm_style_formidable-style-2\" id=\"frm_form_46_container\" >\n<form enctype=\"multipart\/form-data\" method=\"post\" class=\"frm-show-form  frm_pro_form \" id=\"form_2ooll222\" >\n<div class=\"frm_form_fields \">\n<fieldset>\n<legend class=\"frm_hidden\">Contact - DE<\/legend>\r\n\r\n<div class=\"frm_fields_container\">\n<input type=\"hidden\" name=\"frm_action\" value=\"create\" \/>\n<input type=\"hidden\" name=\"form_id\" value=\"46\" \/>\n<input type=\"hidden\" name=\"frm_hide_fields_46\" id=\"frm_hide_fields_46\" value=\"\" \/>\n<input type=\"hidden\" name=\"form_key\" value=\"2ooll222\" \/>\n<input type=\"hidden\" name=\"item_meta[0]\" value=\"\" \/>\n<input type=\"hidden\" id=\"frm_submit_entry_46\" name=\"frm_submit_entry_46\" value=\"1f30c3ac17\" \/><input type=\"hidden\" name=\"_wp_http_referer\" value=\"\/de\/wp-json\/wp\/v2\/pages\/18797\" \/><div id=\"frm_field_379_container\" class=\"frm_form_field form-field  frm_required_field frm_inside_container frm12 frm_first\">\r\n    <label for=\"field_h1ecf32\" class=\"frm_primary_label\">Vorname\r\n        <span class=\"frm_required\">*<\/span>\r\n    <\/label>\r\n    <input  type=\"text\" id=\"field_h1ecf32\" name=\"item_meta[379]\" value=\"\"  placeholder=\"Vorname\" data-reqmsg=\"Dit veld mag niet leeg zijn.\" aria-required=\"true\" data-invmsg=\"First Name is invalid\" aria-invalid=\"false\"   \/>\r\n    \r\n    \r\n<\/div>\n<div id=\"frm_field_381_container\" class=\"frm_form_field form-field  frm_required_field frm_inside_container\">\r\n    <label for=\"field_kfuj132\" class=\"frm_primary_label\">Firmenname\r\n        <span class=\"frm_required\">*<\/span>\r\n    <\/label>\r\n    <input  type=\"text\" id=\"field_kfuj132\" name=\"item_meta[381]\" value=\"\"  placeholder=\"Firmenname\" data-reqmsg=\"Dit veld mag niet leeg zijn.\" aria-required=\"true\" data-invmsg=\"Company is invalid\" aria-invalid=\"false\"   \/>\r\n    \r\n    \r\n<\/div>\n<div id=\"frm_field_382_container\" class=\"frm_form_field form-field  frm_required_field frm_inside_container frm_half\">\r\n    <label for=\"field_7jby132\" class=\"frm_primary_label\">Telefonnummer\r\n        <span class=\"frm_required\">*<\/span>\r\n    <\/label>\r\n    <input  type=\"text\" id=\"field_7jby132\" name=\"item_meta[382]\" value=\"\"  placeholder=\"Telefonnummer\" data-reqmsg=\"Dit veld mag niet leeg zijn.\" aria-required=\"true\" data-invmsg=\"Phone is invalid\" aria-invalid=\"false\"   \/>\r\n    \r\n    \r\n<\/div>\n<div id=\"frm_field_383_container\" class=\"frm_form_field form-field  frm_required_field frm_inside_container frm_half\">\r\n    <label for=\"field_vsu9g32\" class=\"frm_primary_label\">E-Mail-Adresse \r\n        <span class=\"frm_required\">*<\/span>\r\n    <\/label>\r\n    <input type=\"email\" id=\"field_vsu9g32\" name=\"item_meta[383]\" value=\"\"  placeholder=\"E-Mail-Adresse\" data-reqmsg=\"Dit veld mag niet leeg zijn.\" aria-required=\"true\" data-invmsg=\"E-mailadres is ongeldig\" aria-invalid=\"false\"  \/>\r\n    \r\n    \r\n<\/div>\n<div id=\"frm_field_385_container\" class=\"frm_form_field form-field  frm_required_field frm_inside_container\">\r\n    <label for=\"field_87lsm32\" class=\"frm_primary_label\">Womit k\u00f6nnen wir Ihnen helfen?\r\n        <span class=\"frm_required\">*<\/span>\r\n    <\/label>\r\n    <textarea name=\"item_meta[385]\" id=\"field_87lsm32\"  placeholder=\"Womit k\u00f6nnen wir Ihnen helfen?\" data-reqmsg=\"Dit veld mag niet leeg zijn.\" aria-required=\"true\" data-invmsg=\"Womit k\u00f6nnen wir Ihnen helfen? ist ung\u00fcltig\" aria-invalid=\"false\"  ><\/textarea>\r\n    \r\n    \r\n<\/div>\n<div id=\"frm_field_386_container\" class=\"frm_form_field form-field  frm_none_container\">\r\n    <label  class=\"frm_primary_label\">Captcha\r\n        <span class=\"frm_required\"><\/span>\r\n    <\/label>\r\n    <div  id=\"field_i4jpd2\" class=\"frm-g-recaptcha\" data-sitekey=\"6LcLmRMiAAAAAKW7eso6s5Yrk1q4hVj6725JTffg\" data-size=\"normal\" data-theme=\"light\"><\/div>\r\n    \r\n    \r\n<\/div>\n<div id=\"frm_field_531_container\" class=\"frm_form_field form-field \">\r\n\t<div class=\"frm_submit\">\r\n\r\n<button type=\"submit\" class=\"frm_button_submit frm_final_submit btn-blue\" style=\"float: right; background: #09478C; color: #fff; text-transform: uppercase; padding: 10px 15px; border: none; border-radius: 0px;\"  formnovalidate=\"formnovalidate\">Submit<\/button>\r\n\r\n<\/div>\r\n<\/div>\n\t<input type=\"hidden\" name=\"item_key\" value=\"\" \/>\n\t\t\t<div id=\"frm_field_533_container\">\n\t\t\t<label for=\"field_ga1f6\" >\n\t\t\t\tFalls Du menschlich bist, lasse dieses Feld leer.\t\t\t<\/label>\n\t\t\t<input  id=\"field_ga1f6\" type=\"text\" class=\"frm_form_field form-field frm_verify\" name=\"item_meta[533]\" value=\"\"  \/>\n\t\t<\/div>\n\t\t<input name=\"frm_state\" type=\"hidden\" value=\"B9VOsW5hw2atoMgPgScADY1EJqKqq9FdpuSF1IEx+HS7qQ\/cn0Tc+c5IAnHenayn\" \/><\/div>\n<\/fieldset>\n<\/div>\n\n<p style=\"display: none !important;\" class=\"akismet-fields-container\" data-prefix=\"ak_\"><label>&#916;<textarea name=\"ak_hp_textarea\" cols=\"45\" rows=\"8\" maxlength=\"100\"><\/textarea><\/label><input type=\"hidden\" id=\"ak_js_1\" name=\"ak_js\" value=\"205\"\/><script>document.getElementById( \"ak_js_1\" ).setAttribute( \"value\", ( new Date() ).getTime() );<\/script><\/p><\/form>\n<\/div>\n[\/vc_column_text][\/qode_elements_holder_item][\/qode_elements_holder][\/vc_column][\/vc_row][vc_row css_animation=&#8220;&#8220; row_type=&#8220;row&#8220; use_row_as_full_screen_section=&#8220;no&#8220; type=&#8220;grid&#8220; angled_section=&#8220;no&#8220; text_align=&#8220;left&#8220; background_image_as_pattern=&#8220;without_pattern&#8220; z_index=&#8220;&#8220; el_class=&#8220;rijlocaties&#8220; css=&#8220;.vc_custom_1700570605603{background-color: #f3f1f0 !important;}&#8220;][vc_column][vc_column_text css=&#8220;&#8220; el_class=&#8220;locatie-nl&#8220;]<\/p>\n<h3>hrmforce head office<\/h3>\n<p>Solitudolaan 396<br \/>\n1096 DS Amsterdam<br \/>\nThe Netherlands<\/p>\n<p>Tel:\u00a0<a href=\"tel:+31888832188\">+31 (0)88 88 321 88<\/a><br \/>\nMail:\u00a0<a href=\"mailto:service@hrmforce.com\">service@hrmforce.com<\/a><\/p>\n<p>CoC Amsterdam: 34369982<br \/>\nBank:NL31RABO0155758411<br \/>\nVAT: NL821671480B01[\/vc_column_text][vc_row_inner row_type=&#8220;row&#8220; type=&#8220;full_width&#8220; text_align=&#8220;left&#8220; css_animation=&#8220;&#8220;][vc_column_inner width=&#8220;1\/3&#8243;][vc_column_text el_class=&#8220;locatie-de&#8220;]<\/p>\n<h3>hrmforce Germany<\/h3>\n<p>Theodorstrasse 105<br \/>\n40472 Dusseldorf<br \/>\nGermany<\/p>\n<p>Tel: +31888832188<br \/>\nMail:\u00a0<a href=\"mailto:service@hrmforce.com\">service@hrmforce.com<\/a>[\/vc_column_text][\/vc_column_inner][vc_column_inner width=&#8220;1\/3&#8243;][vc_column_text el_class=&#8220;locatie-be&#8220;]<\/p>\n<h3>hrmforce Belgium<\/h3>\n<p>Bridge Building<br \/>\nKeizer Karellaan 584<br \/>\n1082 Sint-Agatha-Berchem<br \/>\nBelgium<\/p>\n<p>Tel: <a href=\"tel:+31888832188\">+31 (0)88 88 321 88<\/a><br \/>\nMail:\u00a0<a href=\"mailto:service@hrmforce.com\">service@hrmforce.com<\/a>[\/vc_column_text][\/vc_column_inner][vc_column_inner width=&#8220;1\/3&#8243;][vc_column_text el_class=&#8220;locatie-fr&#8220;]<\/p>\n<h3>hrmforce France<\/h3>\n<p>5 Place de la Pyramide Tour Ariane<br \/>\n92800, Paris, Hauts-de-Seine<br \/>\nFrance<\/p>\n<p>Tel: <a href=\"tel:+31888832188\">+31 (0)88 88 321 88<\/a><br \/>\nMail:\u00a0<a href=\"mailto:service@hrmforce.com\">service@hrmforce.com<\/a>[\/vc_column_text][\/vc_column_inner][\/vc_row_inner][vc_row_inner row_type=&#8220;row&#8220; type=&#8220;full_width&#8220; text_align=&#8220;left&#8220; css_animation=&#8220;&#8220;][vc_column_inner width=&#8220;1\/3&#8243;][vc_column_text el_class=&#8220;locatie-in&#8220;]<\/p>\n<h3>hrmforce India<\/h3>\n<p>Plot #27, 1-4-190\/27\/1\/A, Phase-I,<br \/>\nBhaskara Rao Nagar Sainikpuri P.O.<br \/>\nSecunderabad \u2013 500 094<br \/>\nTelangana<br \/>\nIndia<\/p>\n<p>Tel:\u00a0<a href=\"tel:+918978786121\">+91 89787 86121<\/a><br \/>\nMail:\u00a0<a href=\"mailto:service@hrmforce.com\">service@hrmforce.com<\/a>[\/vc_column_text][\/vc_column_inner][vc_column_inner width=&#8220;1\/3&#8243;][vc_column_text el_class=&#8220;locatie-ro&#8220;]<\/p>\n<h3>hrmforce Romania<\/h3>\n<p>Ploiesti Street, No 9<br \/>\n400157 Cluj-Napoca<br \/>\nRomania<\/p>\n<p>Tel:<a href=\"tel:+31888832188\">+31 (0)88 88 321 88<\/a><br \/>\nMail:\u00a0<a href=\"mailto:office@hrmforce.com\">office@hrmforce.com<\/a><\/p>\n<p>CoC: J12\/1828\/2011<br \/>\nBank: RO11BRMA099910004661926<br \/>\nVAT: RO 28852231[\/vc_column_text][\/vc_column_inner][vc_column_inner width=&#8220;1\/3&#8243;][vc_column_text el_class=&#8220;locatie-sp&#8220;]<\/p>\n<h3>hrmforce Spain<\/h3>\n<p>Carrer de les Barques 2 &#8211; 2nd floor<br \/>\n46002 Val\u00e8ncia<br \/>\nValencia<br \/>\nSpain<\/p>\n<p>Tel: <a href=\"tel:+31888832188\">+31 (0)88 88 321 88<\/a><br \/>\nMail:\u00a0<a href=\"mailto:atencioncliente@hrmforce.com\">atencioncliente@hrmforce.com<\/a>[\/vc_column_text][\/vc_column_inner][\/vc_row_inner][\/vc_column][\/vc_row]<\/p>\n<\/div>","protected":false},"excerpt":{"rendered":"<p>[vc_row css_animation=&#8220;&#8220; row_type=&#8220;row&#8220; use_row_as_full_screen_section=&#8220;no&#8220; type=&#8220;grid&#8220; angled_section=&#8220;no&#8220; text_align=&#8220;left&#8220; background_image_as_pattern=&#8220;without_pattern&#8220; el_class=&#8220;landinghead&#8220; z_index=&#8220;&#8220; background_image=&#8220;20390&#8243; css=&#8220;.vc_custom_1701074749352{padding-top: 90px !important;}&#8220;][vc_column][qode_elements_holder number_of_columns=&#8220;two_columns&#8220;][qode_elements_holder_item vertical_alignment=&#8220;middle&#8220; advanced_animations=&#8220;no&#8220; item_padding=&#8220;0px 60px 0px 0px&#8220;][vc_column_text] Sind Sie interessiert oder haben Sie eine Frage? Wir helfen Ihnen gerne und denken mit Ihnen mit, um gemeinsam eine passende L\u00f6sung zu finden&#8230;.<\/p>\n","protected":false},"author":18,"featured_media":11486,"parent":0,"menu_order":0,"comment_status":"closed","ping_status":"closed","template":"full_width.php","meta":{"_acf_changed":false,"inline_featured_image":false,"footnotes":""},"class_list":["post-18797","page","type-page","status-publish","has-post-thumbnail","hentry"],"acf":[],"yoast_head":"<!-- This site is optimized with the Yoast SEO plugin v27.1.1 - https:\/\/yoast.com\/product\/yoast-seo-wordpress\/ -->\n<title>Kontakt - hrmforce<\/title>\n<meta name=\"robots\" content=\"index, follow, max-snippet:-1, max-image-preview:large, max-video-preview:-1\" \/>\n<link rel=\"canonical\" href=\"https:\/\/hrmforce.com\/de\/kontakt\/\" \/>\n<meta property=\"og:locale\" content=\"de_DE\" \/>\n<meta property=\"og:type\" content=\"article\" \/>\n<meta property=\"og:title\" content=\"Kontakt - hrmforce\" \/>\n<meta property=\"og:description\" content=\"[vc_row css_animation=&#8220;&#8220; row_type=&#8220;row&#8220; use_row_as_full_screen_section=&#8220;no&#8220; type=&#8220;grid&#8220; angled_section=&#8220;no&#8220; text_align=&#8220;left&#8220; background_image_as_pattern=&#8220;without_pattern&#8220; el_class=&#8220;landinghead&#8220; z_index=&#8220;&#8220; background_image=&#8220;20390&#8243; css=&#8220;.vc_custom_1701074749352{padding-top: 90px !important;}&#8220;][vc_column][qode_elements_holder number_of_columns=&#8220;two_columns&#8220;][qode_elements_holder_item vertical_alignment=&#8220;middle&#8220; advanced_animations=&#8220;no&#8220; item_padding=&#8220;0px 60px 0px 0px&#8220;][vc_column_text] Sind Sie interessiert oder haben Sie eine Frage? Wir helfen Ihnen gerne und denken mit Ihnen mit, um gemeinsam eine passende L\u00f6sung zu finden....\" \/>\n<meta property=\"og:url\" content=\"https:\/\/hrmforce.com\/de\/kontakt\/\" \/>\n<meta property=\"og:site_name\" content=\"hrmforce\" \/>\n<meta property=\"article:publisher\" content=\"https:\/\/www.facebook.com\/hrmforceNL\/\" \/>\n<meta property=\"article:modified_time\" content=\"2026-03-04T23:14:32+00:00\" \/>\n<meta name=\"twitter:card\" content=\"summary_large_image\" \/>\n<meta name=\"twitter:label1\" content=\"Gesch\u00e4tzte Lesezeit\" \/>\n\t<meta name=\"twitter:data1\" content=\"2\u00a0Minuten\" \/>\n<script type=\"application\/ld+json\" class=\"yoast-schema-graph\">{\"@context\":\"https:\/\/schema.org\",\"@graph\":[{\"@type\":\"WebPage\",\"@id\":\"https:\/\/hrmforce.com\/de\/kontakt\/\",\"url\":\"https:\/\/hrmforce.com\/de\/kontakt\/\",\"name\":\"Kontakt - hrmforce\",\"isPartOf\":{\"@id\":\"https:\/\/hrmforce.com\/de\/#website\"},\"primaryImageOfPage\":{\"@id\":\"https:\/\/hrmforce.com\/de\/kontakt\/#primaryimage\"},\"image\":{\"@id\":\"https:\/\/hrmforce.com\/de\/kontakt\/#primaryimage\"},\"thumbnailUrl\":\"https:\/\/hrmforce.com\/wp-content\/uploads\/2020\/07\/no-image.jpg\",\"datePublished\":\"2022-11-29T20:57:46+00:00\",\"dateModified\":\"2026-03-04T23:14:32+00:00\",\"breadcrumb\":{\"@id\":\"https:\/\/hrmforce.com\/de\/kontakt\/#breadcrumb\"},\"inLanguage\":\"de\",\"potentialAction\":[{\"@type\":\"ReadAction\",\"target\":[\"https:\/\/hrmforce.com\/de\/kontakt\/\"]}]},{\"@type\":\"ImageObject\",\"inLanguage\":\"de\",\"@id\":\"https:\/\/hrmforce.com\/de\/kontakt\/#primaryimage\",\"url\":\"https:\/\/hrmforce.com\/wp-content\/uploads\/2020\/07\/no-image.jpg\",\"contentUrl\":\"https:\/\/hrmforce.com\/wp-content\/uploads\/2020\/07\/no-image.jpg\",\"width\":1024,\"height\":683,\"caption\":\"Human resources management concept business man selecting virtual interface\"},{\"@type\":\"BreadcrumbList\",\"@id\":\"https:\/\/hrmforce.com\/de\/kontakt\/#breadcrumb\",\"itemListElement\":[{\"@type\":\"ListItem\",\"position\":1,\"name\":\"Home\",\"item\":\"https:\/\/hrmforce.com\/de\/\"},{\"@type\":\"ListItem\",\"position\":2,\"name\":\"Kontakt\"}]},{\"@type\":\"WebSite\",\"@id\":\"https:\/\/hrmforce.com\/de\/#website\",\"url\":\"https:\/\/hrmforce.com\/de\/\",\"name\":\"hrmforce\",\"description\":\"people \u2022 performance \u2022 analytics\",\"publisher\":{\"@id\":\"https:\/\/hrmforce.com\/de\/#organization\"},\"potentialAction\":[{\"@type\":\"SearchAction\",\"target\":{\"@type\":\"EntryPoint\",\"urlTemplate\":\"https:\/\/hrmforce.com\/de\/?s={search_term_string}\"},\"query-input\":{\"@type\":\"PropertyValueSpecification\",\"valueRequired\":true,\"valueName\":\"search_term_string\"}}],\"inLanguage\":\"de\"},{\"@type\":\"Organization\",\"@id\":\"https:\/\/hrmforce.com\/de\/#organization\",\"name\":\"hrmforce\",\"url\":\"https:\/\/hrmforce.com\/de\/\",\"logo\":{\"@type\":\"ImageObject\",\"inLanguage\":\"de\",\"@id\":\"https:\/\/hrmforce.com\/de\/#\/schema\/logo\/image\/\",\"url\":\"https:\/\/hrmforce.com\/wp-content\/uploads\/2018\/08\/logo-hrmforce.png\",\"contentUrl\":\"https:\/\/hrmforce.com\/wp-content\/uploads\/2018\/08\/logo-hrmforce.png\",\"width\":833,\"height\":189,\"caption\":\"hrmforce\"},\"image\":{\"@id\":\"https:\/\/hrmforce.com\/de\/#\/schema\/logo\/image\/\"},\"sameAs\":[\"https:\/\/www.facebook.com\/hrmforceNL\/\",\"https:\/\/www.linkedin.com\/company\/hrmforce\/\"]}]}<\/script>\n<!-- \/ Yoast SEO plugin. -->","yoast_head_json":{"title":"Kontakt - hrmforce","robots":{"index":"index","follow":"follow","max-snippet":"max-snippet:-1","max-image-preview":"max-image-preview:large","max-video-preview":"max-video-preview:-1"},"canonical":"https:\/\/hrmforce.com\/de\/kontakt\/","og_locale":"de_DE","og_type":"article","og_title":"Kontakt - hrmforce","og_description":"[vc_row css_animation=&#8220;&#8220; row_type=&#8220;row&#8220; use_row_as_full_screen_section=&#8220;no&#8220; type=&#8220;grid&#8220; angled_section=&#8220;no&#8220; text_align=&#8220;left&#8220; background_image_as_pattern=&#8220;without_pattern&#8220; el_class=&#8220;landinghead&#8220; z_index=&#8220;&#8220; background_image=&#8220;20390&#8243; css=&#8220;.vc_custom_1701074749352{padding-top: 90px !important;}&#8220;][vc_column][qode_elements_holder number_of_columns=&#8220;two_columns&#8220;][qode_elements_holder_item vertical_alignment=&#8220;middle&#8220; advanced_animations=&#8220;no&#8220; item_padding=&#8220;0px 60px 0px 0px&#8220;][vc_column_text] Sind Sie interessiert oder haben Sie eine Frage? Wir helfen Ihnen gerne und denken mit Ihnen mit, um gemeinsam eine passende L\u00f6sung zu finden....","og_url":"https:\/\/hrmforce.com\/de\/kontakt\/","og_site_name":"hrmforce","article_publisher":"https:\/\/www.facebook.com\/hrmforceNL\/","article_modified_time":"2026-03-04T23:14:32+00:00","twitter_card":"summary_large_image","twitter_misc":{"Gesch\u00e4tzte Lesezeit":"2\u00a0Minuten"},"schema":{"@context":"https:\/\/schema.org","@graph":[{"@type":"WebPage","@id":"https:\/\/hrmforce.com\/de\/kontakt\/","url":"https:\/\/hrmforce.com\/de\/kontakt\/","name":"Kontakt - hrmforce","isPartOf":{"@id":"https:\/\/hrmforce.com\/de\/#website"},"primaryImageOfPage":{"@id":"https:\/\/hrmforce.com\/de\/kontakt\/#primaryimage"},"image":{"@id":"https:\/\/hrmforce.com\/de\/kontakt\/#primaryimage"},"thumbnailUrl":"https:\/\/hrmforce.com\/wp-content\/uploads\/2020\/07\/no-image.jpg","datePublished":"2022-11-29T20:57:46+00:00","dateModified":"2026-03-04T23:14:32+00:00","breadcrumb":{"@id":"https:\/\/hrmforce.com\/de\/kontakt\/#breadcrumb"},"inLanguage":"de","potentialAction":[{"@type":"ReadAction","target":["https:\/\/hrmforce.com\/de\/kontakt\/"]}]},{"@type":"ImageObject","inLanguage":"de","@id":"https:\/\/hrmforce.com\/de\/kontakt\/#primaryimage","url":"https:\/\/hrmforce.com\/wp-content\/uploads\/2020\/07\/no-image.jpg","contentUrl":"https:\/\/hrmforce.com\/wp-content\/uploads\/2020\/07\/no-image.jpg","width":1024,"height":683,"caption":"Human resources management concept business man selecting virtual interface"},{"@type":"BreadcrumbList","@id":"https:\/\/hrmforce.com\/de\/kontakt\/#breadcrumb","itemListElement":[{"@type":"ListItem","position":1,"name":"Home","item":"https:\/\/hrmforce.com\/de\/"},{"@type":"ListItem","position":2,"name":"Kontakt"}]},{"@type":"WebSite","@id":"https:\/\/hrmforce.com\/de\/#website","url":"https:\/\/hrmforce.com\/de\/","name":"hrmforce","description":"people \u2022 performance \u2022 analytics","publisher":{"@id":"https:\/\/hrmforce.com\/de\/#organization"},"potentialAction":[{"@type":"SearchAction","target":{"@type":"EntryPoint","urlTemplate":"https:\/\/hrmforce.com\/de\/?s={search_term_string}"},"query-input":{"@type":"PropertyValueSpecification","valueRequired":true,"valueName":"search_term_string"}}],"inLanguage":"de"},{"@type":"Organization","@id":"https:\/\/hrmforce.com\/de\/#organization","name":"hrmforce","url":"https:\/\/hrmforce.com\/de\/","logo":{"@type":"ImageObject","inLanguage":"de","@id":"https:\/\/hrmforce.com\/de\/#\/schema\/logo\/image\/","url":"https:\/\/hrmforce.com\/wp-content\/uploads\/2018\/08\/logo-hrmforce.png","contentUrl":"https:\/\/hrmforce.com\/wp-content\/uploads\/2018\/08\/logo-hrmforce.png","width":833,"height":189,"caption":"hrmforce"},"image":{"@id":"https:\/\/hrmforce.com\/de\/#\/schema\/logo\/image\/"},"sameAs":["https:\/\/www.facebook.com\/hrmforceNL\/","https:\/\/www.linkedin.com\/company\/hrmforce\/"]}]}},"_links":{"self":[{"href":"https:\/\/hrmforce.com\/de\/wp-json\/wp\/v2\/pages\/18797","targetHints":{"allow":["GET"]}}],"collection":[{"href":"https:\/\/hrmforce.com\/de\/wp-json\/wp\/v2\/pages"}],"about":[{"href":"https:\/\/hrmforce.com\/de\/wp-json\/wp\/v2\/types\/page"}],"author":[{"embeddable":true,"href":"https:\/\/hrmforce.com\/de\/wp-json\/wp\/v2\/users\/18"}],"replies":[{"embeddable":true,"href":"https:\/\/hrmforce.com\/de\/wp-json\/wp\/v2\/comments?post=18797"}],"version-history":[{"count":8,"href":"https:\/\/hrmforce.com\/de\/wp-json\/wp\/v2\/pages\/18797\/revisions"}],"predecessor-version":[{"id":24477,"href":"https:\/\/hrmforce.com\/de\/wp-json\/wp\/v2\/pages\/18797\/revisions\/24477"}],"wp:featuredmedia":[{"embeddable":true,"href":"https:\/\/hrmforce.com\/de\/wp-json\/wp\/v2\/media\/11486"}],"wp:attachment":[{"href":"https:\/\/hrmforce.com\/de\/wp-json\/wp\/v2\/media?parent=18797"}],"curies":[{"name":"wp","href":"https:\/\/api.w.org\/{rel}","templated":true}]}}