{"id":18799,"date":"2022-11-29T21:59:40","date_gmt":"2022-11-29T20:59:40","guid":{"rendered":"https:\/\/hrmforce.com\/?page_id=18799"},"modified":"2026-03-04T21:45:42","modified_gmt":"2026-03-04T20:45:42","slug":"hrm-loesungen-2","status":"publish","type":"page","link":"https:\/\/hrmforce.com\/de\/hrm-loesungen\/","title":{"rendered":"HRM-L\u00f6sungen"},"content":{"rendered":"<div class=\"wpb-content-wrapper\"><p>[vc_row css_animation=&#8220;&#8220; row_type=&#8220;row&#8220; use_row_as_full_screen_section=&#8220;no&#8220; type=&#8220;grid&#8220; angled_section=&#8220;no&#8220; text_align=&#8220;center&#8220; background_image_as_pattern=&#8220;without_pattern&#8220; z_index=&#8220;&#8220; el_class=&#8220;bloklicht&#8220; css=&#8220;.vc_custom_1644243311764{background-color: #f3f1f0 !important;}&#8220;][vc_column css=&#8220;.vc_custom_1610307631595&#8243;][vc_row_inner row_type=&#8220;row&#8220; type=&#8220;full_width&#8220; text_align=&#8220;center&#8220; css_animation=&#8220;&#8220;][vc_column_inner width=&#8220;1\/6&#8243;][\/vc_column_inner][vc_column_inner width=&#8220;2\/3&#8243;][vc_column_text]<\/p>\n<h2>HRM-L\u00f6sungen<\/h2>\n<p>Hrmforce bietet neben den Online-Assessments noch viele weitere Funktionalit\u00e4ten. Die Frageb\u00f6gen werden in Arbeitsabl\u00e4ufe zur (Vor-)Auswahl, Entwicklung und Beurteilung von Bewerbern und Mitarbeitern eingebunden[\/vc_column_text][\/vc_column_inner][vc_column_inner width=&#8220;1\/6&#8243;][\/vc_column_inner][\/vc_row_inner][vc_empty_space height=&#8220;50px&#8220;][vc_row_inner row_type=&#8220;row&#8220; type=&#8220;full_width&#8220; text_align=&#8220;left&#8220; css_animation=&#8220;&#8220;][vc_column_inner el_class=&#8220;kolomhome&#8220; width=&#8220;1\/2&#8243; el_id=&#8220;blok1&#8243;][vc_column_text]<\/p>\n<h3>Personalbeschaffung<\/h3>\n<p>[\/vc_column_text][vc_column_text el_class=&#8220;kolomhometekst&#8220;]Finden Sie den am besten geeigneten Kandidaten, indem Sie interne und externe Mitarbeiter auf der Grundlage des gew\u00fcnschten Profils ausw\u00e4hlen.[\/vc_column_text]<a  itemprop=\"url\" href=\"https:\/\/hrmforce.com\/de\/hrm-loesungen-2\/matching\/\" target=\"_self\"  class=\"qbutton  medium left default\" style=\"color: #0e468c; background-color:#ffffff;\">Weitere Informationen<\/a>[\/vc_column_inner][vc_column_inner el_class=&#8220;kolomhome&#8220; width=&#8220;1\/2&#8243; el_id=&#8220;blok2&#8243;][vc_column_text]<\/p>\n<h3>Entwicklung<\/h3>\n<p>[\/vc_column_text][vc_column_text el_class=&#8220;kolomhometekst&#8220;]Erstellung eines pers\u00f6nlichen Entwicklungsplans f\u00fcr den Kandidaten. Mit schrittweiser Anleitung zum Abschluss von Entwicklungs- und Ergebnisvereinbarungen.[\/vc_column_text]<a  itemprop=\"url\" href=\"https:\/\/hrmforce.com\/de\/hrm-loesungen-2\/entwicklung\/\" target=\"_self\"  class=\"qbutton  medium left default\" style=\"color: #0e468c; background-color:#ffffff;\">Weitere Informationen<\/a>[\/vc_column_inner][\/vc_row_inner][vc_empty_space height=&#8220;30&#8243; el_class=&#8220;legeruimtetussenblokken&#8220;][vc_row_inner row_type=&#8220;row&#8220; type=&#8220;full_width&#8220; text_align=&#8220;left&#8220; css_animation=&#8220;&#8220;][vc_column_inner el_class=&#8220;kolomhome&#8220; width=&#8220;1\/2&#8243; el_id=&#8220;blok3&#8243;][vc_column_text]<\/p>\n<h3>Besch\u00e4ftigungsf\u00e4higkeit<\/h3>\n<p>[\/vc_column_text][vc_column_text el_class=&#8220;kolomhometekst&#8220;]Erm\u00f6glicht es den Kandidaten, auf der Grundlage ihrer Pers\u00f6nlichkeit, ihrer Motivation und ihres Verhaltens nach m\u00f6glichen Berufen und aktuellen Stellenangeboten zu suchen.[\/vc_column_text]<a  itemprop=\"url\" href=\"https:\/\/hrmforce.com\/de\/hrm-loesungen-2\/beschaftigungsfahigkeit\/\" target=\"_self\"  class=\"qbutton  medium left default\" style=\"color: #0e468c; background-color:#ffffff;\">Weitere Informationen<\/a>[\/vc_column_inner][vc_column_inner el_class=&#8220;kolomhome&#8220; width=&#8220;1\/2&#8243; el_id=&#8220;blok1&#8243;][vc_column_text]<\/p>\n<h3>Analytik<\/h3>\n<p>[\/vc_column_text][vc_column_text css=&#8220;&#8220; el_class=&#8220;kolomhometekst&#8220;]Automatische Erstellung von Team-, Abteilungs- und Organisations\u00fcbersichten. Diese sind f\u00fcr jeden Fragebogen verf\u00fcgbar.[\/vc_column_text]<a  itemprop=\"url\" href=\"https:\/\/hrmforce.com\/de\/hrm-loesungen-2\/hr-analytics\/\" target=\"_self\"  class=\"qbutton  medium left default\" style=\"color: #0e468c; background-color:#ffffff;\">Weitere Informationen<\/a>[\/vc_column_inner][\/vc_row_inner][vc_empty_space height=&#8220;100px&#8220;][\/vc_column][\/vc_row]<\/p>\n<\/div>","protected":false},"excerpt":{"rendered":"<p>[vc_row css_animation=&#8220;&#8220; row_type=&#8220;row&#8220; use_row_as_full_screen_section=&#8220;no&#8220; type=&#8220;grid&#8220; angled_section=&#8220;no&#8220; text_align=&#8220;center&#8220; background_image_as_pattern=&#8220;without_pattern&#8220; z_index=&#8220;&#8220; el_class=&#8220;bloklicht&#8220; css=&#8220;.vc_custom_1644243311764{background-color: #f3f1f0 !important;}&#8220;][vc_column css=&#8220;.vc_custom_1610307631595&#8243;][vc_row_inner row_type=&#8220;row&#8220; type=&#8220;full_width&#8220; text_align=&#8220;center&#8220; css_animation=&#8220;&#8220;][vc_column_inner width=&#8220;1\/6&#8243;][\/vc_column_inner][vc_column_inner width=&#8220;2\/3&#8243;][vc_column_text] HRM-L\u00f6sungen Hrmforce bietet neben den Online-Assessments noch viele weitere Funktionalit\u00e4ten. Die Frageb\u00f6gen werden in Arbeitsabl\u00e4ufe zur (Vor-)Auswahl, Entwicklung und Beurteilung von Bewerbern und Mitarbeitern eingebunden[\/vc_column_text][\/vc_column_inner][vc_column_inner&#8230;<\/p>\n","protected":false},"author":18,"featured_media":11486,"parent":0,"menu_order":0,"comment_status":"closed","ping_status":"closed","template":"full_width.php","meta":{"_acf_changed":false,"inline_featured_image":false,"footnotes":""},"class_list":["post-18799","page","type-page","status-publish","has-post-thumbnail","hentry"],"acf":[],"yoast_head":"<!-- This site is optimized with the Yoast SEO plugin v27.1.1 - https:\/\/yoast.com\/product\/yoast-seo-wordpress\/ -->\n<title>HRM-L\u00f6sungen - hrmforce<\/title>\n<meta name=\"robots\" content=\"index, follow, max-snippet:-1, max-image-preview:large, max-video-preview:-1\" \/>\n<link rel=\"canonical\" href=\"https:\/\/hrmforce.com\/de\/hrm-loesungen\/\" \/>\n<meta property=\"og:locale\" content=\"de_DE\" \/>\n<meta property=\"og:type\" content=\"article\" \/>\n<meta property=\"og:title\" content=\"HRM-L\u00f6sungen - hrmforce\" \/>\n<meta property=\"og:description\" content=\"[vc_row css_animation=&#8220;&#8220; row_type=&#8220;row&#8220; use_row_as_full_screen_section=&#8220;no&#8220; type=&#8220;grid&#8220; angled_section=&#8220;no&#8220; text_align=&#8220;center&#8220; background_image_as_pattern=&#8220;without_pattern&#8220; z_index=&#8220;&#8220; el_class=&#8220;bloklicht&#8220; css=&#8220;.vc_custom_1644243311764{background-color: #f3f1f0 !important;}&#8220;][vc_column css=&#8220;.vc_custom_1610307631595&#8243;][vc_row_inner row_type=&#8220;row&#8220; type=&#8220;full_width&#8220; text_align=&#8220;center&#8220; css_animation=&#8220;&#8220;][vc_column_inner width=&#8220;1\/6&#8243;][\/vc_column_inner][vc_column_inner width=&#8220;2\/3&#8243;][vc_column_text] HRM-L\u00f6sungen Hrmforce bietet neben den Online-Assessments noch viele weitere Funktionalit\u00e4ten. Die Frageb\u00f6gen werden in Arbeitsabl\u00e4ufe zur (Vor-)Auswahl, Entwicklung und Beurteilung von Bewerbern und Mitarbeitern eingebunden[\/vc_column_text][\/vc_column_inner][vc_column_inner...\" \/>\n<meta property=\"og:url\" content=\"https:\/\/hrmforce.com\/de\/hrm-loesungen\/\" \/>\n<meta property=\"og:site_name\" content=\"hrmforce\" \/>\n<meta property=\"article:publisher\" content=\"https:\/\/www.facebook.com\/hrmforceNL\/\" \/>\n<meta property=\"article:modified_time\" content=\"2026-03-04T20:45:42+00:00\" \/>\n<meta name=\"twitter:card\" content=\"summary_large_image\" \/>\n<meta name=\"twitter:label1\" content=\"Gesch\u00e4tzte Lesezeit\" \/>\n\t<meta name=\"twitter:data1\" content=\"1\u00a0Minute\" \/>\n<script type=\"application\/ld+json\" class=\"yoast-schema-graph\">{\"@context\":\"https:\/\/schema.org\",\"@graph\":[{\"@type\":\"WebPage\",\"@id\":\"https:\/\/hrmforce.com\/de\/hrm-loesungen\/\",\"url\":\"https:\/\/hrmforce.com\/de\/hrm-loesungen\/\",\"name\":\"HRM-L\u00f6sungen - hrmforce\",\"isPartOf\":{\"@id\":\"https:\/\/hrmforce.com\/de\/#website\"},\"primaryImageOfPage\":{\"@id\":\"https:\/\/hrmforce.com\/de\/hrm-loesungen\/#primaryimage\"},\"image\":{\"@id\":\"https:\/\/hrmforce.com\/de\/hrm-loesungen\/#primaryimage\"},\"thumbnailUrl\":\"https:\/\/hrmforce.com\/wp-content\/uploads\/2020\/07\/no-image.jpg\",\"datePublished\":\"2022-11-29T20:59:40+00:00\",\"dateModified\":\"2026-03-04T20:45:42+00:00\",\"breadcrumb\":{\"@id\":\"https:\/\/hrmforce.com\/de\/hrm-loesungen\/#breadcrumb\"},\"inLanguage\":\"de\",\"potentialAction\":[{\"@type\":\"ReadAction\",\"target\":[\"https:\/\/hrmforce.com\/de\/hrm-loesungen\/\"]}]},{\"@type\":\"ImageObject\",\"inLanguage\":\"de\",\"@id\":\"https:\/\/hrmforce.com\/de\/hrm-loesungen\/#primaryimage\",\"url\":\"https:\/\/hrmforce.com\/wp-content\/uploads\/2020\/07\/no-image.jpg\",\"contentUrl\":\"https:\/\/hrmforce.com\/wp-content\/uploads\/2020\/07\/no-image.jpg\",\"width\":1024,\"height\":683,\"caption\":\"Human resources management concept business man selecting virtual interface\"},{\"@type\":\"BreadcrumbList\",\"@id\":\"https:\/\/hrmforce.com\/de\/hrm-loesungen\/#breadcrumb\",\"itemListElement\":[{\"@type\":\"ListItem\",\"position\":1,\"name\":\"Home\",\"item\":\"https:\/\/hrmforce.com\/de\/\"},{\"@type\":\"ListItem\",\"position\":2,\"name\":\"HRM-L\u00f6sungen\"}]},{\"@type\":\"WebSite\",\"@id\":\"https:\/\/hrmforce.com\/de\/#website\",\"url\":\"https:\/\/hrmforce.com\/de\/\",\"name\":\"hrmforce\",\"description\":\"people \u2022 performance \u2022 analytics\",\"publisher\":{\"@id\":\"https:\/\/hrmforce.com\/de\/#organization\"},\"potentialAction\":[{\"@type\":\"SearchAction\",\"target\":{\"@type\":\"EntryPoint\",\"urlTemplate\":\"https:\/\/hrmforce.com\/de\/?s={search_term_string}\"},\"query-input\":{\"@type\":\"PropertyValueSpecification\",\"valueRequired\":true,\"valueName\":\"search_term_string\"}}],\"inLanguage\":\"de\"},{\"@type\":\"Organization\",\"@id\":\"https:\/\/hrmforce.com\/de\/#organization\",\"name\":\"hrmforce\",\"url\":\"https:\/\/hrmforce.com\/de\/\",\"logo\":{\"@type\":\"ImageObject\",\"inLanguage\":\"de\",\"@id\":\"https:\/\/hrmforce.com\/de\/#\/schema\/logo\/image\/\",\"url\":\"https:\/\/hrmforce.com\/wp-content\/uploads\/2018\/08\/logo-hrmforce.png\",\"contentUrl\":\"https:\/\/hrmforce.com\/wp-content\/uploads\/2018\/08\/logo-hrmforce.png\",\"width\":833,\"height\":189,\"caption\":\"hrmforce\"},\"image\":{\"@id\":\"https:\/\/hrmforce.com\/de\/#\/schema\/logo\/image\/\"},\"sameAs\":[\"https:\/\/www.facebook.com\/hrmforceNL\/\",\"https:\/\/www.linkedin.com\/company\/hrmforce\/\"]}]}<\/script>\n<!-- \/ Yoast SEO plugin. -->","yoast_head_json":{"title":"HRM-L\u00f6sungen - hrmforce","robots":{"index":"index","follow":"follow","max-snippet":"max-snippet:-1","max-image-preview":"max-image-preview:large","max-video-preview":"max-video-preview:-1"},"canonical":"https:\/\/hrmforce.com\/de\/hrm-loesungen\/","og_locale":"de_DE","og_type":"article","og_title":"HRM-L\u00f6sungen - hrmforce","og_description":"[vc_row css_animation=&#8220;&#8220; row_type=&#8220;row&#8220; use_row_as_full_screen_section=&#8220;no&#8220; type=&#8220;grid&#8220; angled_section=&#8220;no&#8220; text_align=&#8220;center&#8220; background_image_as_pattern=&#8220;without_pattern&#8220; z_index=&#8220;&#8220; el_class=&#8220;bloklicht&#8220; css=&#8220;.vc_custom_1644243311764{background-color: #f3f1f0 !important;}&#8220;][vc_column css=&#8220;.vc_custom_1610307631595&#8243;][vc_row_inner row_type=&#8220;row&#8220; type=&#8220;full_width&#8220; text_align=&#8220;center&#8220; css_animation=&#8220;&#8220;][vc_column_inner width=&#8220;1\/6&#8243;][\/vc_column_inner][vc_column_inner width=&#8220;2\/3&#8243;][vc_column_text] HRM-L\u00f6sungen Hrmforce bietet neben den Online-Assessments noch viele weitere Funktionalit\u00e4ten. Die Frageb\u00f6gen werden in Arbeitsabl\u00e4ufe zur (Vor-)Auswahl, Entwicklung und Beurteilung von Bewerbern und Mitarbeitern eingebunden[\/vc_column_text][\/vc_column_inner][vc_column_inner...","og_url":"https:\/\/hrmforce.com\/de\/hrm-loesungen\/","og_site_name":"hrmforce","article_publisher":"https:\/\/www.facebook.com\/hrmforceNL\/","article_modified_time":"2026-03-04T20:45:42+00:00","twitter_card":"summary_large_image","twitter_misc":{"Gesch\u00e4tzte Lesezeit":"1\u00a0Minute"},"schema":{"@context":"https:\/\/schema.org","@graph":[{"@type":"WebPage","@id":"https:\/\/hrmforce.com\/de\/hrm-loesungen\/","url":"https:\/\/hrmforce.com\/de\/hrm-loesungen\/","name":"HRM-L\u00f6sungen - hrmforce","isPartOf":{"@id":"https:\/\/hrmforce.com\/de\/#website"},"primaryImageOfPage":{"@id":"https:\/\/hrmforce.com\/de\/hrm-loesungen\/#primaryimage"},"image":{"@id":"https:\/\/hrmforce.com\/de\/hrm-loesungen\/#primaryimage"},"thumbnailUrl":"https:\/\/hrmforce.com\/wp-content\/uploads\/2020\/07\/no-image.jpg","datePublished":"2022-11-29T20:59:40+00:00","dateModified":"2026-03-04T20:45:42+00:00","breadcrumb":{"@id":"https:\/\/hrmforce.com\/de\/hrm-loesungen\/#breadcrumb"},"inLanguage":"de","potentialAction":[{"@type":"ReadAction","target":["https:\/\/hrmforce.com\/de\/hrm-loesungen\/"]}]},{"@type":"ImageObject","inLanguage":"de","@id":"https:\/\/hrmforce.com\/de\/hrm-loesungen\/#primaryimage","url":"https:\/\/hrmforce.com\/wp-content\/uploads\/2020\/07\/no-image.jpg","contentUrl":"https:\/\/hrmforce.com\/wp-content\/uploads\/2020\/07\/no-image.jpg","width":1024,"height":683,"caption":"Human resources management concept business man selecting virtual interface"},{"@type":"BreadcrumbList","@id":"https:\/\/hrmforce.com\/de\/hrm-loesungen\/#breadcrumb","itemListElement":[{"@type":"ListItem","position":1,"name":"Home","item":"https:\/\/hrmforce.com\/de\/"},{"@type":"ListItem","position":2,"name":"HRM-L\u00f6sungen"}]},{"@type":"WebSite","@id":"https:\/\/hrmforce.com\/de\/#website","url":"https:\/\/hrmforce.com\/de\/","name":"hrmforce","description":"people \u2022 performance \u2022 analytics","publisher":{"@id":"https:\/\/hrmforce.com\/de\/#organization"},"potentialAction":[{"@type":"SearchAction","target":{"@type":"EntryPoint","urlTemplate":"https:\/\/hrmforce.com\/de\/?s={search_term_string}"},"query-input":{"@type":"PropertyValueSpecification","valueRequired":true,"valueName":"search_term_string"}}],"inLanguage":"de"},{"@type":"Organization","@id":"https:\/\/hrmforce.com\/de\/#organization","name":"hrmforce","url":"https:\/\/hrmforce.com\/de\/","logo":{"@type":"ImageObject","inLanguage":"de","@id":"https:\/\/hrmforce.com\/de\/#\/schema\/logo\/image\/","url":"https:\/\/hrmforce.com\/wp-content\/uploads\/2018\/08\/logo-hrmforce.png","contentUrl":"https:\/\/hrmforce.com\/wp-content\/uploads\/2018\/08\/logo-hrmforce.png","width":833,"height":189,"caption":"hrmforce"},"image":{"@id":"https:\/\/hrmforce.com\/de\/#\/schema\/logo\/image\/"},"sameAs":["https:\/\/www.facebook.com\/hrmforceNL\/","https:\/\/www.linkedin.com\/company\/hrmforce\/"]}]}},"_links":{"self":[{"href":"https:\/\/hrmforce.com\/de\/wp-json\/wp\/v2\/pages\/18799","targetHints":{"allow":["GET"]}}],"collection":[{"href":"https:\/\/hrmforce.com\/de\/wp-json\/wp\/v2\/pages"}],"about":[{"href":"https:\/\/hrmforce.com\/de\/wp-json\/wp\/v2\/types\/page"}],"author":[{"embeddable":true,"href":"https:\/\/hrmforce.com\/de\/wp-json\/wp\/v2\/users\/18"}],"replies":[{"embeddable":true,"href":"https:\/\/hrmforce.com\/de\/wp-json\/wp\/v2\/comments?post=18799"}],"version-history":[{"count":5,"href":"https:\/\/hrmforce.com\/de\/wp-json\/wp\/v2\/pages\/18799\/revisions"}],"predecessor-version":[{"id":24373,"href":"https:\/\/hrmforce.com\/de\/wp-json\/wp\/v2\/pages\/18799\/revisions\/24373"}],"wp:featuredmedia":[{"embeddable":true,"href":"https:\/\/hrmforce.com\/de\/wp-json\/wp\/v2\/media\/11486"}],"wp:attachment":[{"href":"https:\/\/hrmforce.com\/de\/wp-json\/wp\/v2\/media?parent=18799"}],"curies":[{"name":"wp","href":"https:\/\/api.w.org\/{rel}","templated":true}]}}