{"id":18803,"date":"2022-11-29T22:03:16","date_gmt":"2022-11-29T21:03:16","guid":{"rendered":"https:\/\/hrmforce.com\/?page_id=18803"},"modified":"2026-03-04T21:47:12","modified_gmt":"2026-03-04T20:47:12","slug":"hrmforce","status":"publish","type":"page","link":"https:\/\/hrmforce.com\/de\/hrmforce\/","title":{"rendered":"hrmforce"},"content":{"rendered":"<div class=\"wpb-content-wrapper\"><p>[vc_row css_animation=&#8220;&#8220; row_type=&#8220;row&#8220; use_row_as_full_screen_section=&#8220;no&#8220; type=&#8220;grid&#8220; angled_section=&#8220;no&#8220; text_align=&#8220;left&#8220; background_image_as_pattern=&#8220;without_pattern&#8220; el_class=&#8220;rij1&#8243; z_index=&#8220;&#8220;][vc_column][vc_column_text]<\/p>\n<h2>hrmforce<\/h2>\n<p>Als f\u00fchrender Anbieter von HRM-Software helfen wir Unternehmen, effizienter zu arbeiten, indem wir neue Arbeitsweisen und neue Partnerschaften schaffen. Da wir selbst Unternehmer sind, unterst\u00fctzen wir unsere Kunden beim Ausbau ihrer Organisationen, indem wir die Zusammenarbeit f\u00f6rdern und langfristige Beziehungen aufbauen. Gemeinsam k\u00f6nnen wir als Unternehmen unsere soziale Verantwortung nehmen. Wir sind in mehreren L\u00e4ndern t\u00e4tig. Unsere lokalen Vertriebspartner k\u00f6nnen Sie direkt mit hrmforce in Kontakt bringen. Au\u00dferdem gibt es ein globales Support-Team in den unten genannten L\u00e4ndern.<\/p>\n<p>&nbsp;<\/p>\n<p>&nbsp;<\/p>\n<p><img loading=\"lazy\" decoding=\"async\" width=\"500\" height=\"310\" class=\"alignnone wp-image-6713\" src=\"https:\/\/hrmforce.com\/wp-content\/uploads\/2017\/02\/World_Supportteam-500x9999.png\" alt=\"\" \/><\/p>\n<h2>Bereitstellung von Software f\u00fcr HRM<\/h2>\n<p>Wir unterst\u00fctzen Unternehmen mit Informationstechnologie, indem wir fortschrittliche Online-Assessments, HRM-L\u00f6sungen und ein hohes Serviceniveau anbieten.[\/vc_column_text][\/vc_column][\/vc_row][vc_row css_animation=&#8220;&#8220; row_type=&#8220;row&#8220; use_row_as_full_screen_section=&#8220;no&#8220; type=&#8220;grid&#8220; angled_section=&#8220;no&#8220; text_align=&#8220;left&#8220; background_image_as_pattern=&#8220;without_pattern&#8220; z_index=&#8220;&#8220;][vc_column width=&#8220;1\/4&#8243;][vc_column_text css=&#8220;&#8220;]<\/p>\n<h3><a style=\"font-size: 25px;\" href=\"https:\/\/hrmforce.com\/de\/hrm-loesungen-2\/matching\/\">Personalbeschaffung<\/a><\/h3>\n<p>[\/vc_column_text][\/vc_column][vc_column width=&#8220;1\/5&#8243;][vc_column_text css=&#8220;&#8220;]<\/p>\n<h3><a style=\"font-size: 25px;\" href=\"https:\/\/hrmforce.com\/de\/hrm-loesungen-2\/entwicklung\/\">Entwicklung<\/a><\/h3>\n<p>[\/vc_column_text][\/vc_column][vc_column width=&#8220;1\/3&#8243;][vc_column_text css=&#8220;&#8220;]<\/p>\n<h3><a style=\"font-size: 25px;\" href=\"https:\/\/hrmforce.com\/de\/hrm-loesungen-2\/beschaftigungsfahigkeit\/\">Besch\u00e4ftigungsf\u00e4higkeit<\/a><\/h3>\n<p>[\/vc_column_text][\/vc_column][vc_column width=&#8220;1\/5&#8243;][vc_column_text css=&#8220;&#8220;]<\/p>\n<h3><a style=\"font-size: 25px;\" href=\"https:\/\/hrmforce.com\/de\/hrm-loesungen-2\/hr-analytik\/\">Analytik<\/a><\/h3>\n<p>[\/vc_column_text][\/vc_column][\/vc_row][vc_row css_animation=&#8220;&#8220; row_type=&#8220;row&#8220; use_row_as_full_screen_section=&#8220;no&#8220; type=&#8220;grid&#8220; angled_section=&#8220;no&#8220; text_align=&#8220;left&#8220; background_image_as_pattern=&#8220;without_pattern&#8220; el_class=&#8220;rij1&#8243; z_index=&#8220;&#8220;][vc_column][vc_column_text css=&#8220;&#8220;]<\/p>\n<h2>Software und HRM-L\u00f6sungen<\/h2>\n<p>Wir entwickeln Workforce-Management-L\u00f6sungen in der \u201eCloud\u201c. Das Spektrum reicht von einem einzelnen Pers\u00f6nlichkeits- oder Intelligenzfragebogen bis hin zu vollst\u00e4ndigen Instrumenten zur Verbesserung der Entwicklung und Steigerung der Leistung. Wir unterst\u00fctzen alle wichtigen HRM-Prozesse wie Rekrutierung und Auswahl, Entwicklung, Besch\u00e4ftigungsf\u00e4higkeit und HR-Analytik. Mit diesen L\u00f6sungen helfen wir Ihnen, Ihre Organisation effizienter zu gestalten. Wir unterst\u00fctzen unsere Kunden in allen Phasen des HR-Prozesses und bieten ihnen so einen qualitativ hochwertigen Service.<\/p>\n<p>Entdecken Sie unsere <a href=\"https:\/\/hrmforce.com\/de\/online-assessments\/\">Online-Assessments<\/a> und werfen Sie einen Blick auf unsere <a href=\"https:\/\/hrmforce.com\/de\/hrm-loesungen\/\">HRM-L\u00f6sungen<\/a>.[\/vc_column_text][vc_empty_space height=&#8220;40px&#8220;][qode_elements_holder number_of_columns=&#8220;two_columns&#8220;][qode_elements_holder_item advanced_animations=&#8220;no&#8220;][vc_column_text el_class=&#8220;kopregelhand&#8220;]<\/p>\n<h2>Arbeitsweise<\/h2>\n<p>&nbsp;<\/p>\n<p>Das Potenzial Ihrer Bewerber und Mitarbeiter erfassen? Wir verf\u00fcgen \u00fcber das Know-how und ben\u00f6tigen nur <strong>6 feste Schritte, um eine optimale Leistung zu erzielen<\/strong>. Wir sind \u00fcberzeugt, dass diese Schritte zu optimalen Ergebnissen und (Arbeits-)Gl\u00fcck f\u00fchren.[\/vc_column_text][\/qode_elements_holder_item][qode_elements_holder_item advanced_animations=&#8220;no&#8220;]<div class=\"qode-int-icon-showcase qode-autoplay\"data-interval=\"3000\"><div class=\"qode-int-icon-showcase-inner\"><div class=\"qode-showcase-item-holder\">\n\t<div class=\"qode-showcase-icon\">\n\t\t<span class=\"qode-icon-holder qode-icon-circle\" style=\"background-color: #4591ce\">\n\t\t\t<i class=\"qode_icon_font_awesome fa fa-address-book qode-icon-element\" ><\/i>\t\t<\/span>\n\t<\/div>\n\t<div class=\"qode-showcase-content\">\n\t\t<div class=\"qode-showcase-content-table\">\n\t\t\t<div class=\"qode-showcase-content-cell\">\n\t\t\t\t\t\t\t\t\t<h2>Scan<\/h2>\n\t\t\t\t\t\t\t\t\t\t\t\t\t<div class=\"qode-showcase-content-inner\">\n\t\t\t\t\t\tWir streben immer nach maximalen (Wachstums-)Ergebnissen. Unsere langj\u00e4hrige Erfahrung hat uns gelehrt, dass dabei ein ma\u00dfgeschneiderter Ansatz entscheidend ist. Mit unserem Scan erfassen wir die Bed\u00fcrfnisse Ihres Unternehmens. Betrachten Sie den Scan als Ausgangspunkt f\u00fcr eine Reise der Entwicklung und Entdeckung.\t\t\t\t\t<\/div>\n\t\t\t\t\t\t\t<\/div>\n\t\t<\/div>\n\t<\/div>\n<\/div><div class=\"qode-showcase-item-holder\">\n\t<div class=\"qode-showcase-icon\">\n\t\t<span class=\"qode-icon-holder qode-icon-circle\" style=\"background-color: #4591ce\">\n\t\t\t<i class=\"qode_icon_font_awesome fa fa-address-book-o qode-icon-element\" ><\/i>\t\t<\/span>\n\t<\/div>\n\t<div class=\"qode-showcase-content\">\n\t\t<div class=\"qode-showcase-content-table\">\n\t\t\t<div class=\"qode-showcase-content-cell\">\n\t\t\t\t\t\t\t\t\t<h2>Einblick<\/h2>\n\t\t\t\t\t\t\t\t\t\t\t\t\t<div class=\"qode-showcase-content-inner\">\n\t\t\t\t\t\tDie Ergebnisse des Scans liefern ein gutes Bild Ihres Unternehmens. Die Ergebnisse bilden die Grundlage f\u00fcr die Arbeit unserer Fachleute. In Absprache wird ein Aktionsplan festgelegt. Dies ist der Auftakt f\u00fcr Wachstum.\t\t\t\t\t<\/div>\n\t\t\t\t\t\t\t<\/div>\n\t\t<\/div>\n\t<\/div>\n<\/div><div class=\"qode-showcase-item-holder\">\n\t<div class=\"qode-showcase-icon\">\n\t\t<span class=\"qode-icon-holder qode-icon-circle\" style=\"background-color: #4591ce\">\n\t\t\t<i class=\"qode_icon_font_awesome fa fa-address-card qode-icon-element\" ><\/i>\t\t<\/span>\n\t<\/div>\n\t<div class=\"qode-showcase-content\">\n\t\t<div class=\"qode-showcase-content-table\">\n\t\t\t<div class=\"qode-showcase-content-cell\">\n\t\t\t\t\t\t\t\t\t<h2>Ma\u00dfgeschneidert<\/h2>\n\t\t\t\t\t\t\t\t\t\t\t\t\t<div class=\"qode-showcase-content-inner\">\n\t\t\t\t\t\tNachdem wir den Scan durchgef\u00fchrt und n\u00fctzliche Erkenntnisse gewonnen haben, k\u00f6nnen wir einen geeigneten Plan f\u00fcr das beste Ergebnis erstellen. Denn mit \u201eausreichend\u201d geben wir uns keineswegs zufrieden. Nur echte Ergebnisse sind f\u00fcr uns gut genug. Ma\u00dfarbeit, daf\u00fcr stehen wir. Mit den besten Fachleuten in unserem Haus erstellen wir gerne ein passendes Angebot.\t\t\t\t\t<\/div>\n\t\t\t\t\t\t\t<\/div>\n\t\t<\/div>\n\t<\/div>\n<\/div><div class=\"qode-showcase-item-holder\">\n\t<div class=\"qode-showcase-icon\">\n\t\t<span class=\"qode-icon-holder qode-icon-circle\" style=\"background-color: #4591ce\">\n\t\t\t<i class=\"qode_icon_font_awesome fa fa-address-card-o qode-icon-element\" ><\/i>\t\t<\/span>\n\t<\/div>\n\t<div class=\"qode-showcase-content\">\n\t\t<div class=\"qode-showcase-content-table\">\n\t\t\t<div class=\"qode-showcase-content-cell\">\n\t\t\t\t\t\t\t\t\t<h2>Assessment<\/h2>\n\t\t\t\t\t\t\t\t\t\t\t\t\t<div class=\"qode-showcase-content-inner\">\n\t\t\t\t\t\tDie Entwicklung von Assessments ist unsere St\u00e4rke, mit der wir immer wieder den Unterschied machen. Weil es uns so viel Spa\u00df macht und wir darin gut sind, optimieren wir sie st\u00e4ndig weiter. Auf Anfrage. Aber auch als Reaktion auf die Entwicklungen in dieser sich schnell ver\u00e4ndernden Welt. Nur die besten Assessments f\u00fcr die arbeitende Bev\u00f6lkerung der Niederlande!\t\t\t\t\t<\/div>\n\t\t\t\t\t\t\t<\/div>\n\t\t<\/div>\n\t<\/div>\n<\/div><div class=\"qode-showcase-item-holder\">\n\t<div class=\"qode-showcase-icon\">\n\t\t<span class=\"qode-icon-holder qode-icon-circle\" style=\"background-color: #4591ce\">\n\t\t\t<i class=\"qode_icon_font_awesome fa fa-adjust qode-icon-element\" ><\/i>\t\t<\/span>\n\t<\/div>\n\t<div class=\"qode-showcase-content\">\n\t\t<div class=\"qode-showcase-content-table\">\n\t\t\t<div class=\"qode-showcase-content-cell\">\n\t\t\t\t\t\t\t\t\t<h2>Ergebnis<\/h2>\n\t\t\t\t\t\t\t\t\t\t\t\t\t<div class=\"qode-showcase-content-inner\">\n\t\t\t\t\t\tWenn Sie auf dem Weg zu optimalen Leistungen sind, sind Assessment-Ergebnisse die idealen Beschleuniger. Sie geben Richtung vor und f\u00fchren zu Erfolg und Ergebnis. Das richtige Potenzial am richtigen Ort, zur richtigen Zeit, im richtigen Team. Wenn wir Ergebnisse haben, haben wir garantierten Erfolg.\t\t\t\t\t<\/div>\n\t\t\t\t\t\t\t<\/div>\n\t\t<\/div>\n\t<\/div>\n<\/div><div class=\"qode-showcase-item-holder\">\n\t<div class=\"qode-showcase-icon\">\n\t\t<span class=\"qode-icon-holder qode-icon-circle\" style=\"background-color: #4591ce\">\n\t\t\t<i class=\"qode_icon_font_awesome fa fa-adn qode-icon-element\" ><\/i>\t\t<\/span>\n\t<\/div>\n\t<div class=\"qode-showcase-content\">\n\t\t<div class=\"qode-showcase-content-table\">\n\t\t\t<div class=\"qode-showcase-content-cell\">\n\t\t\t\t\t\t\t\t\t<h2>Workflow<\/h2>\n\t\t\t\t\t\t\t\t\t\t\t\t\t<div class=\"qode-showcase-content-inner\">\n\t\t\t\t\t\tIndem wir auf der Grundlage der Ergebnisse weiter an der Steigerung der Ergebnisse und der Entwicklung des Verhaltens arbeiten, k\u00f6nnen optimale Leistungen und (Arbeits-)Gl\u00fcck erreicht werden. Mithilfe eines digitalen Entwicklungszyklus wird jeder Mitarbeiter und damit auch das Unternehmen garantiert erfolgreich sein. Das ist einer der Gr\u00fcnde, warum wir unsere Zufriedenheit und unsere Arbeitsfreude daraus beziehen! Und bald auch Sie!\t\t\t\t\t<\/div>\n\t\t\t\t\t\t\t<\/div>\n\t\t<\/div>\n\t<\/div>\n<\/div><\/div><div class=\"qode-int-icon-circle\"style=\"border-width: 1px;border-style: solid;border-color: #4d4641\"><\/div><\/div>[\/qode_elements_holder_item][\/qode_elements_holder][\/vc_column][\/vc_row]<\/p>\n<\/div>","protected":false},"excerpt":{"rendered":"<p>[vc_row css_animation=&#8220;&#8220; row_type=&#8220;row&#8220; use_row_as_full_screen_section=&#8220;no&#8220; type=&#8220;grid&#8220; angled_section=&#8220;no&#8220; text_align=&#8220;left&#8220; background_image_as_pattern=&#8220;without_pattern&#8220; el_class=&#8220;rij1&#8243; z_index=&#8220;&#8220;][vc_column][vc_column_text] hrmforce Als f\u00fchrender Anbieter von HRM-Software helfen wir Unternehmen, effizienter zu arbeiten, indem wir neue Arbeitsweisen und neue Partnerschaften schaffen. Da wir selbst Unternehmer sind, unterst\u00fctzen wir unsere Kunden beim Ausbau ihrer Organisationen, indem wir&#8230;<\/p>\n","protected":false},"author":18,"featured_media":11486,"parent":0,"menu_order":0,"comment_status":"closed","ping_status":"closed","template":"full_width.php","meta":{"_acf_changed":false,"inline_featured_image":false,"footnotes":""},"class_list":["post-18803","page","type-page","status-publish","has-post-thumbnail","hentry"],"acf":[],"yoast_head":"<!-- This site is optimized with the Yoast SEO plugin v27.1.1 - https:\/\/yoast.com\/product\/yoast-seo-wordpress\/ -->\n<title>hrmforce - hrmforce<\/title>\n<meta name=\"robots\" content=\"index, follow, max-snippet:-1, max-image-preview:large, max-video-preview:-1\" \/>\n<link rel=\"canonical\" href=\"https:\/\/hrmforce.com\/de\/hrmforce\/\" \/>\n<meta property=\"og:locale\" content=\"de_DE\" \/>\n<meta property=\"og:type\" content=\"article\" \/>\n<meta property=\"og:title\" content=\"hrmforce - hrmforce\" \/>\n<meta property=\"og:description\" content=\"[vc_row css_animation=&#8220;&#8220; row_type=&#8220;row&#8220; use_row_as_full_screen_section=&#8220;no&#8220; type=&#8220;grid&#8220; angled_section=&#8220;no&#8220; text_align=&#8220;left&#8220; background_image_as_pattern=&#8220;without_pattern&#8220; el_class=&#8220;rij1&#8243; z_index=&#8220;&#8220;][vc_column][vc_column_text] hrmforce Als f\u00fchrender Anbieter von HRM-Software helfen wir Unternehmen, effizienter zu arbeiten, indem wir neue Arbeitsweisen und neue Partnerschaften schaffen. Da wir selbst Unternehmer sind, unterst\u00fctzen wir unsere Kunden beim Ausbau ihrer Organisationen, indem wir...\" \/>\n<meta property=\"og:url\" content=\"https:\/\/hrmforce.com\/de\/hrmforce\/\" \/>\n<meta property=\"og:site_name\" content=\"hrmforce\" \/>\n<meta property=\"article:publisher\" content=\"https:\/\/www.facebook.com\/hrmforceNL\/\" \/>\n<meta property=\"article:modified_time\" content=\"2026-03-04T20:47:12+00:00\" \/>\n<meta property=\"og:image\" content=\"https:\/\/hrmforce.com\/wp-content\/uploads\/2017\/02\/World_Supportteam-500x9999.png\" \/>\n\t<meta property=\"og:image:width\" content=\"500\" \/>\n\t<meta property=\"og:image:height\" content=\"310\" \/>\n\t<meta property=\"og:image:type\" content=\"image\/png\" \/>\n<meta name=\"twitter:card\" content=\"summary_large_image\" \/>\n<meta name=\"twitter:label1\" content=\"Gesch\u00e4tzte Lesezeit\" \/>\n\t<meta name=\"twitter:data1\" content=\"4\u00a0Minuten\" \/>\n<script type=\"application\/ld+json\" class=\"yoast-schema-graph\">{\"@context\":\"https:\/\/schema.org\",\"@graph\":[{\"@type\":\"WebPage\",\"@id\":\"https:\/\/hrmforce.com\/de\/hrmforce\/\",\"url\":\"https:\/\/hrmforce.com\/de\/hrmforce\/\",\"name\":\"hrmforce - hrmforce\",\"isPartOf\":{\"@id\":\"https:\/\/hrmforce.com\/de\/#website\"},\"primaryImageOfPage\":{\"@id\":\"https:\/\/hrmforce.com\/de\/hrmforce\/#primaryimage\"},\"image\":{\"@id\":\"https:\/\/hrmforce.com\/de\/hrmforce\/#primaryimage\"},\"thumbnailUrl\":\"https:\/\/hrmforce.com\/wp-content\/uploads\/2020\/07\/no-image.jpg\",\"datePublished\":\"2022-11-29T21:03:16+00:00\",\"dateModified\":\"2026-03-04T20:47:12+00:00\",\"breadcrumb\":{\"@id\":\"https:\/\/hrmforce.com\/de\/hrmforce\/#breadcrumb\"},\"inLanguage\":\"de\",\"potentialAction\":[{\"@type\":\"ReadAction\",\"target\":[\"https:\/\/hrmforce.com\/de\/hrmforce\/\"]}]},{\"@type\":\"ImageObject\",\"inLanguage\":\"de\",\"@id\":\"https:\/\/hrmforce.com\/de\/hrmforce\/#primaryimage\",\"url\":\"https:\/\/hrmforce.com\/wp-content\/uploads\/2020\/07\/no-image.jpg\",\"contentUrl\":\"https:\/\/hrmforce.com\/wp-content\/uploads\/2020\/07\/no-image.jpg\",\"width\":1024,\"height\":683,\"caption\":\"Human resources management concept business man selecting virtual interface\"},{\"@type\":\"BreadcrumbList\",\"@id\":\"https:\/\/hrmforce.com\/de\/hrmforce\/#breadcrumb\",\"itemListElement\":[{\"@type\":\"ListItem\",\"position\":1,\"name\":\"Home\",\"item\":\"https:\/\/hrmforce.com\/de\/\"},{\"@type\":\"ListItem\",\"position\":2,\"name\":\"hrmforce\"}]},{\"@type\":\"WebSite\",\"@id\":\"https:\/\/hrmforce.com\/de\/#website\",\"url\":\"https:\/\/hrmforce.com\/de\/\",\"name\":\"hrmforce\",\"description\":\"people \u2022 performance \u2022 analytics\",\"publisher\":{\"@id\":\"https:\/\/hrmforce.com\/de\/#organization\"},\"potentialAction\":[{\"@type\":\"SearchAction\",\"target\":{\"@type\":\"EntryPoint\",\"urlTemplate\":\"https:\/\/hrmforce.com\/de\/?s={search_term_string}\"},\"query-input\":{\"@type\":\"PropertyValueSpecification\",\"valueRequired\":true,\"valueName\":\"search_term_string\"}}],\"inLanguage\":\"de\"},{\"@type\":\"Organization\",\"@id\":\"https:\/\/hrmforce.com\/de\/#organization\",\"name\":\"hrmforce\",\"url\":\"https:\/\/hrmforce.com\/de\/\",\"logo\":{\"@type\":\"ImageObject\",\"inLanguage\":\"de\",\"@id\":\"https:\/\/hrmforce.com\/de\/#\/schema\/logo\/image\/\",\"url\":\"https:\/\/hrmforce.com\/wp-content\/uploads\/2018\/08\/logo-hrmforce.png\",\"contentUrl\":\"https:\/\/hrmforce.com\/wp-content\/uploads\/2018\/08\/logo-hrmforce.png\",\"width\":833,\"height\":189,\"caption\":\"hrmforce\"},\"image\":{\"@id\":\"https:\/\/hrmforce.com\/de\/#\/schema\/logo\/image\/\"},\"sameAs\":[\"https:\/\/www.facebook.com\/hrmforceNL\/\",\"https:\/\/www.linkedin.com\/company\/hrmforce\/\"]}]}<\/script>\n<!-- \/ Yoast SEO plugin. -->","yoast_head_json":{"title":"hrmforce - hrmforce","robots":{"index":"index","follow":"follow","max-snippet":"max-snippet:-1","max-image-preview":"max-image-preview:large","max-video-preview":"max-video-preview:-1"},"canonical":"https:\/\/hrmforce.com\/de\/hrmforce\/","og_locale":"de_DE","og_type":"article","og_title":"hrmforce - hrmforce","og_description":"[vc_row css_animation=&#8220;&#8220; row_type=&#8220;row&#8220; use_row_as_full_screen_section=&#8220;no&#8220; type=&#8220;grid&#8220; angled_section=&#8220;no&#8220; text_align=&#8220;left&#8220; background_image_as_pattern=&#8220;without_pattern&#8220; el_class=&#8220;rij1&#8243; z_index=&#8220;&#8220;][vc_column][vc_column_text] hrmforce Als f\u00fchrender Anbieter von HRM-Software helfen wir Unternehmen, effizienter zu arbeiten, indem wir neue Arbeitsweisen und neue Partnerschaften schaffen. Da wir selbst Unternehmer sind, unterst\u00fctzen wir unsere Kunden beim Ausbau ihrer Organisationen, indem wir...","og_url":"https:\/\/hrmforce.com\/de\/hrmforce\/","og_site_name":"hrmforce","article_publisher":"https:\/\/www.facebook.com\/hrmforceNL\/","article_modified_time":"2026-03-04T20:47:12+00:00","og_image":[{"width":500,"height":310,"url":"https:\/\/hrmforce.com\/wp-content\/uploads\/2017\/02\/World_Supportteam-500x9999.png","type":"image\/png"}],"twitter_card":"summary_large_image","twitter_misc":{"Gesch\u00e4tzte Lesezeit":"4\u00a0Minuten"},"schema":{"@context":"https:\/\/schema.org","@graph":[{"@type":"WebPage","@id":"https:\/\/hrmforce.com\/de\/hrmforce\/","url":"https:\/\/hrmforce.com\/de\/hrmforce\/","name":"hrmforce - hrmforce","isPartOf":{"@id":"https:\/\/hrmforce.com\/de\/#website"},"primaryImageOfPage":{"@id":"https:\/\/hrmforce.com\/de\/hrmforce\/#primaryimage"},"image":{"@id":"https:\/\/hrmforce.com\/de\/hrmforce\/#primaryimage"},"thumbnailUrl":"https:\/\/hrmforce.com\/wp-content\/uploads\/2020\/07\/no-image.jpg","datePublished":"2022-11-29T21:03:16+00:00","dateModified":"2026-03-04T20:47:12+00:00","breadcrumb":{"@id":"https:\/\/hrmforce.com\/de\/hrmforce\/#breadcrumb"},"inLanguage":"de","potentialAction":[{"@type":"ReadAction","target":["https:\/\/hrmforce.com\/de\/hrmforce\/"]}]},{"@type":"ImageObject","inLanguage":"de","@id":"https:\/\/hrmforce.com\/de\/hrmforce\/#primaryimage","url":"https:\/\/hrmforce.com\/wp-content\/uploads\/2020\/07\/no-image.jpg","contentUrl":"https:\/\/hrmforce.com\/wp-content\/uploads\/2020\/07\/no-image.jpg","width":1024,"height":683,"caption":"Human resources management concept business man selecting virtual interface"},{"@type":"BreadcrumbList","@id":"https:\/\/hrmforce.com\/de\/hrmforce\/#breadcrumb","itemListElement":[{"@type":"ListItem","position":1,"name":"Home","item":"https:\/\/hrmforce.com\/de\/"},{"@type":"ListItem","position":2,"name":"hrmforce"}]},{"@type":"WebSite","@id":"https:\/\/hrmforce.com\/de\/#website","url":"https:\/\/hrmforce.com\/de\/","name":"hrmforce","description":"people \u2022 performance \u2022 analytics","publisher":{"@id":"https:\/\/hrmforce.com\/de\/#organization"},"potentialAction":[{"@type":"SearchAction","target":{"@type":"EntryPoint","urlTemplate":"https:\/\/hrmforce.com\/de\/?s={search_term_string}"},"query-input":{"@type":"PropertyValueSpecification","valueRequired":true,"valueName":"search_term_string"}}],"inLanguage":"de"},{"@type":"Organization","@id":"https:\/\/hrmforce.com\/de\/#organization","name":"hrmforce","url":"https:\/\/hrmforce.com\/de\/","logo":{"@type":"ImageObject","inLanguage":"de","@id":"https:\/\/hrmforce.com\/de\/#\/schema\/logo\/image\/","url":"https:\/\/hrmforce.com\/wp-content\/uploads\/2018\/08\/logo-hrmforce.png","contentUrl":"https:\/\/hrmforce.com\/wp-content\/uploads\/2018\/08\/logo-hrmforce.png","width":833,"height":189,"caption":"hrmforce"},"image":{"@id":"https:\/\/hrmforce.com\/de\/#\/schema\/logo\/image\/"},"sameAs":["https:\/\/www.facebook.com\/hrmforceNL\/","https:\/\/www.linkedin.com\/company\/hrmforce\/"]}]}},"_links":{"self":[{"href":"https:\/\/hrmforce.com\/de\/wp-json\/wp\/v2\/pages\/18803","targetHints":{"allow":["GET"]}}],"collection":[{"href":"https:\/\/hrmforce.com\/de\/wp-json\/wp\/v2\/pages"}],"about":[{"href":"https:\/\/hrmforce.com\/de\/wp-json\/wp\/v2\/types\/page"}],"author":[{"embeddable":true,"href":"https:\/\/hrmforce.com\/de\/wp-json\/wp\/v2\/users\/18"}],"replies":[{"embeddable":true,"href":"https:\/\/hrmforce.com\/de\/wp-json\/wp\/v2\/comments?post=18803"}],"version-history":[{"count":8,"href":"https:\/\/hrmforce.com\/de\/wp-json\/wp\/v2\/pages\/18803\/revisions"}],"predecessor-version":[{"id":24462,"href":"https:\/\/hrmforce.com\/de\/wp-json\/wp\/v2\/pages\/18803\/revisions\/24462"}],"wp:featuredmedia":[{"embeddable":true,"href":"https:\/\/hrmforce.com\/de\/wp-json\/wp\/v2\/media\/11486"}],"wp:attachment":[{"href":"https:\/\/hrmforce.com\/de\/wp-json\/wp\/v2\/media?parent=18803"}],"curies":[{"name":"wp","href":"https:\/\/api.w.org\/{rel}","templated":true}]}}