{"id":24256,"date":"2026-02-12T11:32:00","date_gmt":"2026-02-12T10:32:00","guid":{"rendered":"https:\/\/hrmforce.com\/?page_id=24256"},"modified":"2026-02-12T11:32:46","modified_gmt":"2026-02-12T10:32:46","slug":"impressum","status":"publish","type":"page","link":"https:\/\/hrmforce.com\/de\/impressum\/","title":{"rendered":"Impressum"},"content":{"rendered":"<div class=\"wpb-content-wrapper\"><p>[vc_row css_animation=&#8220;&#8220; row_type=&#8220;row&#8220; use_row_as_full_screen_section=&#8220;no&#8220; type=&#8220;full_width&#8220; angled_section=&#8220;no&#8220; text_align=&#8220;left&#8220; background_image_as_pattern=&#8220;without_pattern&#8220; el_class=&#8220;bloklicht&#8220; z_index=&#8220;&#8220;][vc_column][vc_column_text css=&#8220;&#8220;]<br \/>\nAngaben gem\u00e4\u00df \u00a7 5 TMG<br \/>\nHRMforce B.V.<br \/>\nSolitudolaan 396<br \/>\n1096 DS Amsterdam<br \/>\nThe Netherlands<\/p>\n<h3>Vertreten durch<\/h3>\n<p>Gesch\u00e4ftsf\u00fchrer: [Vorname Nachname] (Bitte Namen erg\u00e4nzen)<br \/>\nKontakt<\/p>\n<p><strong>Telefon:<\/strong> +31 88 88 321 88<br \/>\n<strong>E-Mail:<\/strong> service@hrmforce.com<\/p>\n<h3>Handelsregister<\/h3>\n<p>Eingetragen im Handelsregister des Kamer van Koophandel (NL)<\/p>\n<p><strong>Registernummer:<\/strong> [Nummer erg\u00e4nzen] (falls zutreffend)<\/p>\n<h3>Umsatzsteuer<\/h3>\n<p>Umsatzsteuer-Identifikationsnummer gem\u00e4\u00df \u00a7 27a UStG: [USt-ID erg\u00e4nzen] (falls vorhanden, z. B. NL USt-ID)<\/p>\n<h3>Verantwortlich f\u00fcr den Inhalt nach \u00a7 55 Abs. 2 RStV<\/h3>\n<p>[Vorname Nachname]<br \/>\nSolitudolaan 396<br \/>\n1096 DS Amsterdam<br \/>\nThe Netherlands<\/p>\n<h3>Berufsbezeichnung und Staat der Verleihung<\/h3>\n<p>Berufsbezeichnung: [z. B. \u201eSoftware-Dienstleister\u201c bzw. entsprechende nationale Bezeichnung]<br \/>\nVerliehen in: Niederlande<\/p>\n<h3>Zust\u00e4ndige Aufsichtsbeh\u00f6rde<\/h3>\n<p>Sofern zutreffend:<br \/>\n[Name und Anschrift der zust\u00e4ndigen Beh\u00f6rde erg\u00e4nzen]<\/p>\n<h3>Haftung f\u00fcr Inhalte<\/h3>\n<p>Als Diensteanbieter sind wir gem\u00e4\u00df \u00a7 7 Abs. 1 TMG f\u00fcr eigene Inhalte auf diesen Seiten nach den allgemeinen Gesetzen verantwortlich. Beitr\u00e4ge Dritter werden entsprechend den \u00a7\u00a7 8 bis 10 TMG behandelt.<\/p>\n<h3>Haftung f\u00fcr Links<\/h3>\n<p>Unser Angebot enth\u00e4lt Links zu externen Websites Dritter, auf deren Inhalte wir keinen Einfluss haben. F\u00fcr die Inhalte der verlinkten Seiten ist stets der jeweilige Anbieter verantwortlich.<\/p>\n<h3>Urheberrecht<\/h3>\n<p>Die durch die Seitenbetreiber erstellten Inhalte und Werke auf diesen Seiten unterliegen dem niederl\u00e4ndischen Urheberrecht. Beitr\u00e4ge Dritter sind als solche gekennzeichnet.<\/p>\n<h3>Streitschlichtung<\/h3>\n<p>Die Europ\u00e4ische Kommission stellt eine Plattform zur Online-Streitbeilegung (OS) bereit:<br \/>\nhttps:\/\/ec.europa.eu\/consumers\/odr<br \/>\n<strong>Unsere E-Mail:<\/strong> service@hrmforce.com<br \/>\nWir sind nicht verpflichtet und nicht bereit, an Streitbeilegungsverfahren vor einer Verbraucherschlichtungsstelle teilzunehmen.<\/p>\n<p>&nbsp;<\/p>\n<p>&nbsp;<\/p>\n<p><strong>Hinweis:<\/strong> Bitte \u00fcberpr\u00fcfe die Platzhalter ([\u2026]) und erg\u00e4nze sie mit den korrekten Daten eures Unternehmens (z. B. Gesch\u00e4ftsf\u00fchrername, Registernummer, Umsatzsteuer-ID), bevor du den Impressum-Text ver\u00f6ffentlichst. Rechtsberatung ersetzt dieser Entwurf nicht \u2013 f\u00fcr vollst\u00e4ndige rechtliche Sicherheit sollte der finale Text ggf. durch einen Fachanwalt gepr\u00fcft werden.[\/vc_column_text][\/vc_column][\/vc_row]<\/p>\n<\/div>","protected":false},"excerpt":{"rendered":"<p>[vc_row css_animation=&#8220;&#8220; row_type=&#8220;row&#8220; use_row_as_full_screen_section=&#8220;no&#8220; type=&#8220;full_width&#8220; angled_section=&#8220;no&#8220; text_align=&#8220;left&#8220; background_image_as_pattern=&#8220;without_pattern&#8220; el_class=&#8220;bloklicht&#8220; z_index=&#8220;&#8220;][vc_column][vc_column_text css=&#8220;&#8220;] Angaben gem\u00e4\u00df \u00a7 5 TMG HRMforce B.V. Solitudolaan 396 1096 DS Amsterdam The Netherlands Vertreten durch Gesch\u00e4ftsf\u00fchrer: [Vorname Nachname] (Bitte Namen erg\u00e4nzen) Kontakt Telefon: +31 88 88 321 88 E-Mail: service@hrmforce.com Handelsregister Eingetragen im&#8230;<\/p>\n","protected":false},"author":18,"featured_media":11486,"parent":0,"menu_order":0,"comment_status":"closed","ping_status":"closed","template":"","meta":{"_acf_changed":false,"inline_featured_image":false,"footnotes":""},"class_list":["post-24256","page","type-page","status-publish","has-post-thumbnail","hentry"],"acf":[],"yoast_head":"<!-- This site is optimized with the Yoast SEO plugin v27.1.1 - https:\/\/yoast.com\/product\/yoast-seo-wordpress\/ -->\n<title>Impressum - hrmforce<\/title>\n<meta name=\"robots\" content=\"index, follow, max-snippet:-1, max-image-preview:large, max-video-preview:-1\" \/>\n<link rel=\"canonical\" href=\"https:\/\/hrmforce.com\/de\/impressum\/\" \/>\n<meta property=\"og:locale\" content=\"de_DE\" \/>\n<meta property=\"og:type\" content=\"article\" \/>\n<meta property=\"og:title\" content=\"Impressum - hrmforce\" \/>\n<meta property=\"og:description\" content=\"[vc_row css_animation=&#8220;&#8220; row_type=&#8220;row&#8220; use_row_as_full_screen_section=&#8220;no&#8220; type=&#8220;full_width&#8220; angled_section=&#8220;no&#8220; text_align=&#8220;left&#8220; background_image_as_pattern=&#8220;without_pattern&#8220; el_class=&#8220;bloklicht&#8220; z_index=&#8220;&#8220;][vc_column][vc_column_text css=&#8220;&#8220;] Angaben gem\u00e4\u00df \u00a7 5 TMG HRMforce B.V. Solitudolaan 396 1096 DS Amsterdam The Netherlands Vertreten durch Gesch\u00e4ftsf\u00fchrer: [Vorname Nachname] (Bitte Namen erg\u00e4nzen) Kontakt Telefon: +31 88 88 321 88 E-Mail: service@hrmforce.com Handelsregister Eingetragen im...\" \/>\n<meta property=\"og:url\" content=\"https:\/\/hrmforce.com\/de\/impressum\/\" \/>\n<meta property=\"og:site_name\" content=\"hrmforce\" \/>\n<meta property=\"article:publisher\" content=\"https:\/\/www.facebook.com\/hrmforceNL\/\" \/>\n<meta property=\"article:modified_time\" content=\"2026-02-12T10:32:46+00:00\" \/>\n<meta name=\"twitter:card\" content=\"summary_large_image\" \/>\n<meta name=\"twitter:label1\" content=\"Gesch\u00e4tzte Lesezeit\" \/>\n\t<meta name=\"twitter:data1\" content=\"2\u00a0Minuten\" \/>\n<script type=\"application\/ld+json\" class=\"yoast-schema-graph\">{\"@context\":\"https:\/\/schema.org\",\"@graph\":[{\"@type\":\"WebPage\",\"@id\":\"https:\/\/hrmforce.com\/de\/impressum\/\",\"url\":\"https:\/\/hrmforce.com\/de\/impressum\/\",\"name\":\"Impressum - hrmforce\",\"isPartOf\":{\"@id\":\"https:\/\/hrmforce.com\/de\/#website\"},\"primaryImageOfPage\":{\"@id\":\"https:\/\/hrmforce.com\/de\/impressum\/#primaryimage\"},\"image\":{\"@id\":\"https:\/\/hrmforce.com\/de\/impressum\/#primaryimage\"},\"thumbnailUrl\":\"https:\/\/hrmforce.com\/wp-content\/uploads\/2020\/07\/no-image.jpg\",\"datePublished\":\"2026-02-12T10:32:00+00:00\",\"dateModified\":\"2026-02-12T10:32:46+00:00\",\"breadcrumb\":{\"@id\":\"https:\/\/hrmforce.com\/de\/impressum\/#breadcrumb\"},\"inLanguage\":\"de\",\"potentialAction\":[{\"@type\":\"ReadAction\",\"target\":[\"https:\/\/hrmforce.com\/de\/impressum\/\"]}]},{\"@type\":\"ImageObject\",\"inLanguage\":\"de\",\"@id\":\"https:\/\/hrmforce.com\/de\/impressum\/#primaryimage\",\"url\":\"https:\/\/hrmforce.com\/wp-content\/uploads\/2020\/07\/no-image.jpg\",\"contentUrl\":\"https:\/\/hrmforce.com\/wp-content\/uploads\/2020\/07\/no-image.jpg\",\"width\":1024,\"height\":683,\"caption\":\"Human resources management concept business man selecting virtual interface\"},{\"@type\":\"BreadcrumbList\",\"@id\":\"https:\/\/hrmforce.com\/de\/impressum\/#breadcrumb\",\"itemListElement\":[{\"@type\":\"ListItem\",\"position\":1,\"name\":\"Home\",\"item\":\"https:\/\/hrmforce.com\/de\/\"},{\"@type\":\"ListItem\",\"position\":2,\"name\":\"Impressum\"}]},{\"@type\":\"WebSite\",\"@id\":\"https:\/\/hrmforce.com\/de\/#website\",\"url\":\"https:\/\/hrmforce.com\/de\/\",\"name\":\"hrmforce\",\"description\":\"people \u2022 performance \u2022 analytics\",\"publisher\":{\"@id\":\"https:\/\/hrmforce.com\/de\/#organization\"},\"potentialAction\":[{\"@type\":\"SearchAction\",\"target\":{\"@type\":\"EntryPoint\",\"urlTemplate\":\"https:\/\/hrmforce.com\/de\/?s={search_term_string}\"},\"query-input\":{\"@type\":\"PropertyValueSpecification\",\"valueRequired\":true,\"valueName\":\"search_term_string\"}}],\"inLanguage\":\"de\"},{\"@type\":\"Organization\",\"@id\":\"https:\/\/hrmforce.com\/de\/#organization\",\"name\":\"hrmforce\",\"url\":\"https:\/\/hrmforce.com\/de\/\",\"logo\":{\"@type\":\"ImageObject\",\"inLanguage\":\"de\",\"@id\":\"https:\/\/hrmforce.com\/de\/#\/schema\/logo\/image\/\",\"url\":\"https:\/\/hrmforce.com\/wp-content\/uploads\/2018\/08\/logo-hrmforce.png\",\"contentUrl\":\"https:\/\/hrmforce.com\/wp-content\/uploads\/2018\/08\/logo-hrmforce.png\",\"width\":833,\"height\":189,\"caption\":\"hrmforce\"},\"image\":{\"@id\":\"https:\/\/hrmforce.com\/de\/#\/schema\/logo\/image\/\"},\"sameAs\":[\"https:\/\/www.facebook.com\/hrmforceNL\/\",\"https:\/\/www.linkedin.com\/company\/hrmforce\/\"]}]}<\/script>\n<!-- \/ Yoast SEO plugin. -->","yoast_head_json":{"title":"Impressum - hrmforce","robots":{"index":"index","follow":"follow","max-snippet":"max-snippet:-1","max-image-preview":"max-image-preview:large","max-video-preview":"max-video-preview:-1"},"canonical":"https:\/\/hrmforce.com\/de\/impressum\/","og_locale":"de_DE","og_type":"article","og_title":"Impressum - hrmforce","og_description":"[vc_row css_animation=&#8220;&#8220; row_type=&#8220;row&#8220; use_row_as_full_screen_section=&#8220;no&#8220; type=&#8220;full_width&#8220; angled_section=&#8220;no&#8220; text_align=&#8220;left&#8220; background_image_as_pattern=&#8220;without_pattern&#8220; el_class=&#8220;bloklicht&#8220; z_index=&#8220;&#8220;][vc_column][vc_column_text css=&#8220;&#8220;] Angaben gem\u00e4\u00df \u00a7 5 TMG HRMforce B.V. Solitudolaan 396 1096 DS Amsterdam The Netherlands Vertreten durch Gesch\u00e4ftsf\u00fchrer: [Vorname Nachname] (Bitte Namen erg\u00e4nzen) Kontakt Telefon: +31 88 88 321 88 E-Mail: service@hrmforce.com Handelsregister Eingetragen im...","og_url":"https:\/\/hrmforce.com\/de\/impressum\/","og_site_name":"hrmforce","article_publisher":"https:\/\/www.facebook.com\/hrmforceNL\/","article_modified_time":"2026-02-12T10:32:46+00:00","twitter_card":"summary_large_image","twitter_misc":{"Gesch\u00e4tzte Lesezeit":"2\u00a0Minuten"},"schema":{"@context":"https:\/\/schema.org","@graph":[{"@type":"WebPage","@id":"https:\/\/hrmforce.com\/de\/impressum\/","url":"https:\/\/hrmforce.com\/de\/impressum\/","name":"Impressum - hrmforce","isPartOf":{"@id":"https:\/\/hrmforce.com\/de\/#website"},"primaryImageOfPage":{"@id":"https:\/\/hrmforce.com\/de\/impressum\/#primaryimage"},"image":{"@id":"https:\/\/hrmforce.com\/de\/impressum\/#primaryimage"},"thumbnailUrl":"https:\/\/hrmforce.com\/wp-content\/uploads\/2020\/07\/no-image.jpg","datePublished":"2026-02-12T10:32:00+00:00","dateModified":"2026-02-12T10:32:46+00:00","breadcrumb":{"@id":"https:\/\/hrmforce.com\/de\/impressum\/#breadcrumb"},"inLanguage":"de","potentialAction":[{"@type":"ReadAction","target":["https:\/\/hrmforce.com\/de\/impressum\/"]}]},{"@type":"ImageObject","inLanguage":"de","@id":"https:\/\/hrmforce.com\/de\/impressum\/#primaryimage","url":"https:\/\/hrmforce.com\/wp-content\/uploads\/2020\/07\/no-image.jpg","contentUrl":"https:\/\/hrmforce.com\/wp-content\/uploads\/2020\/07\/no-image.jpg","width":1024,"height":683,"caption":"Human resources management concept business man selecting virtual interface"},{"@type":"BreadcrumbList","@id":"https:\/\/hrmforce.com\/de\/impressum\/#breadcrumb","itemListElement":[{"@type":"ListItem","position":1,"name":"Home","item":"https:\/\/hrmforce.com\/de\/"},{"@type":"ListItem","position":2,"name":"Impressum"}]},{"@type":"WebSite","@id":"https:\/\/hrmforce.com\/de\/#website","url":"https:\/\/hrmforce.com\/de\/","name":"hrmforce","description":"people \u2022 performance \u2022 analytics","publisher":{"@id":"https:\/\/hrmforce.com\/de\/#organization"},"potentialAction":[{"@type":"SearchAction","target":{"@type":"EntryPoint","urlTemplate":"https:\/\/hrmforce.com\/de\/?s={search_term_string}"},"query-input":{"@type":"PropertyValueSpecification","valueRequired":true,"valueName":"search_term_string"}}],"inLanguage":"de"},{"@type":"Organization","@id":"https:\/\/hrmforce.com\/de\/#organization","name":"hrmforce","url":"https:\/\/hrmforce.com\/de\/","logo":{"@type":"ImageObject","inLanguage":"de","@id":"https:\/\/hrmforce.com\/de\/#\/schema\/logo\/image\/","url":"https:\/\/hrmforce.com\/wp-content\/uploads\/2018\/08\/logo-hrmforce.png","contentUrl":"https:\/\/hrmforce.com\/wp-content\/uploads\/2018\/08\/logo-hrmforce.png","width":833,"height":189,"caption":"hrmforce"},"image":{"@id":"https:\/\/hrmforce.com\/de\/#\/schema\/logo\/image\/"},"sameAs":["https:\/\/www.facebook.com\/hrmforceNL\/","https:\/\/www.linkedin.com\/company\/hrmforce\/"]}]}},"_links":{"self":[{"href":"https:\/\/hrmforce.com\/de\/wp-json\/wp\/v2\/pages\/24256","targetHints":{"allow":["GET"]}}],"collection":[{"href":"https:\/\/hrmforce.com\/de\/wp-json\/wp\/v2\/pages"}],"about":[{"href":"https:\/\/hrmforce.com\/de\/wp-json\/wp\/v2\/types\/page"}],"author":[{"embeddable":true,"href":"https:\/\/hrmforce.com\/de\/wp-json\/wp\/v2\/users\/18"}],"replies":[{"embeddable":true,"href":"https:\/\/hrmforce.com\/de\/wp-json\/wp\/v2\/comments?post=24256"}],"version-history":[{"count":2,"href":"https:\/\/hrmforce.com\/de\/wp-json\/wp\/v2\/pages\/24256\/revisions"}],"predecessor-version":[{"id":24258,"href":"https:\/\/hrmforce.com\/de\/wp-json\/wp\/v2\/pages\/24256\/revisions\/24258"}],"wp:featuredmedia":[{"embeddable":true,"href":"https:\/\/hrmforce.com\/de\/wp-json\/wp\/v2\/media\/11486"}],"wp:attachment":[{"href":"https:\/\/hrmforce.com\/de\/wp-json\/wp\/v2\/media?parent=24256"}],"curies":[{"name":"wp","href":"https:\/\/api.w.org\/{rel}","templated":true}]}}