{"id":18975,"date":"2021-02-26T14:32:42","date_gmt":"2021-02-26T13:32:42","guid":{"rendered":"https:\/\/hrmforce.com\/product\/leadership-improvement-plan\/"},"modified":"2021-02-26T14:32:42","modified_gmt":"2021-02-26T13:32:42","slug":"leadership-improvement-plan","status":"publish","type":"product","link":"https:\/\/hrmforce.com\/de\/shop\/personlichkeit\/leadership-improvement-plan\/","title":{"rendered":"Leadership Improvement Plan"},"content":{"rendered":"<p>Der Leadership Improvement Plan basiert auf dem beliebten Performance Improvement Plan von PiCompany. Der Bericht vermittelt ein klares Bild davon, wie verschiedene F\u00fchrungsrollen und die ihnen zugrunde liegenden Kompetenzen mit der Pers\u00f6nlichkeit und dem Verhalten der Teilnehmer zusammenh\u00e4ngen. Der Plan zur Verbesserung der F\u00fchrungsqualit\u00e4ten bildet die Talente ab und erleichtert die Entscheidung, in welche F\u00fchrungsrollen Energie investiert werden sollte, sowie die Wahl der richtigen Entwicklungsaktivit\u00e4ten oder -ma\u00dfnahmen. HINWEIS: ALLE PREISE BEINHALTEN DEN\/DIE ZUGRUNDE LIEGENDEN FRAGEBOGEN UND SCHLIESSEN BEARBEITUNGS-, SERVICE- UND VERWALTUNGSGEB\u00dcHREN EIN. F\u00dcR GR\u00d6SSERE MENGEN ODER IHR EIGENES TESTPORTAL KONTAKTIEREN SIE UNS BITTE UNTER +31 88 88 321 88 ODER SERVICE@HRMFORCE.COM.<\/p>\n","protected":false},"excerpt":{"rendered":"<p>Der Leadership Improvement Plan basiert auf dem beliebten Performance Improvement Plan von PiCompany. Der Bericht vermittelt ein klares Bild davon, wie verschiedene F\u00fchrungsrollen und die ihnen zugrunde liegenden Kompetenzen mit der Pers\u00f6nlichkeit und dem Verhalten der Teilnehmer zusammenh\u00e4ngen. Der Leadership Improvement Plan zeigt die Talente auf und erleichtert die Entscheidung, in welche F\u00fchrungsrollen Energie investiert werden soll, und die Wahl der richtigen Entwicklungsaktivit\u00e4ten oder Ma\u00dfnahmen. Der Leadership Improvement Plan kombiniert die Ergebnisse des Reflector Big Five Leadership (Wer bin ich?) und des Reflector 360 Leadership (Was kann ich?). F\u00fcr jede F\u00fchrungsrolle sind 4 Entwicklungsoptionen denkbar: St\u00e4rke: Sie zeigen das Verhalten dieser F\u00fchrungsrolle gut in Ihrer Arbeit (Was kann ich tun?) und diese F\u00fchrungsrolle passt gut zu Ihrer Pers\u00f6nlichkeit (Wer bin ich?). Dies ist also eine Ihrer St\u00e4rken. Erfahren: Sie zeigen das Verhalten dieser F\u00fchrungsrolle gut in Ihrer Arbeit (Was kann ich?), aber diese F\u00fchrungsrolle passt weniger gut zu Ihrer Pers\u00f6nlichkeit (Wer bin ich?). Das bedeutet, dass Sie diese Rolle gut beherrschen, aber es wird Sie wahrscheinlich viel Energie kosten, diese F\u00fchrungsrolle kontinuierlich zu zeigen. Potenzial: Sie zeigen das Verhalten dieser F\u00fchrungsrolle weniger gut in Ihrer Arbeit (Was kann ich?), aber diese F\u00fchrungsrolle passt gut zu Ihrer Pers\u00f6nlichkeit (Wer bin ich?). Daher ist es wahrscheinlich, dass Sie diese F\u00fchrungsrolle leicht zeigen oder entwickeln k\u00f6nnen. Schw\u00e4che: Sie zeigen das Verhalten dieser F\u00fchrungsrolle nicht so gut in Ihrer Arbeit (Was kann ich?). Au\u00dferdem passt diese F\u00fchrungsrolle nicht so gut zu Ihrer Pers\u00f6nlichkeit (Wer bin ich?). Es handelt sich also eher um eine Schw\u00e4che.<\/p>\n","protected":false},"featured_media":17879,"template":"","meta":{"_acf_changed":false,"inline_featured_image":false},"product_brand":[],"product_cat":[964,961,939,967],"product_tag":[],"class_list":{"0":"post-18975","1":"product","2":"type-product","3":"status-publish","4":"has-post-thumbnail","6":"product_cat-360-grad-feedback-verhalten","7":"product_cat-entwicklung","8":"product_cat-personlichkeit","9":"product_cat-picompany-de","11":"first","12":"instock","13":"taxable","14":"shipping-taxable","15":"purchasable","16":"product-type-simple"},"acf":[],"yoast_head":"<!-- This site is optimized with the Yoast SEO plugin v27.1.1 - https:\/\/yoast.com\/product\/yoast-seo-wordpress\/ -->\n<title>Leadership Improvement Plan - hrmforce<\/title>\n<meta name=\"robots\" content=\"index, follow, max-snippet:-1, max-image-preview:large, max-video-preview:-1\" \/>\n<link rel=\"canonical\" href=\"https:\/\/hrmforce.com\/de\/shop\/personlichkeit\/leadership-improvement-plan\/\" \/>\n<meta property=\"og:locale\" content=\"de_DE\" \/>\n<meta property=\"og:type\" content=\"article\" \/>\n<meta property=\"og:title\" content=\"Leadership Improvement Plan - hrmforce\" \/>\n<meta property=\"og:description\" content=\"Der Leadership Improvement Plan basiert auf dem beliebten Performance Improvement Plan von PiCompany. Der Bericht vermittelt ein klares Bild davon, wie verschiedene F\u00fchrungsrollen und die ihnen zugrunde liegenden Kompetenzen mit der Pers\u00f6nlichkeit und dem Verhalten der Teilnehmer zusammenh\u00e4ngen. Der Leadership Improvement Plan zeigt die Talente auf und erleichtert die Entscheidung, in welche F\u00fchrungsrollen Energie investiert werden soll, und die Wahl der richtigen Entwicklungsaktivit\u00e4ten oder Ma\u00dfnahmen. Der Leadership Improvement Plan kombiniert die Ergebnisse des Reflector Big Five Leadership (Wer bin ich?) und des Reflector 360 Leadership (Was kann ich?). F\u00fcr jede F\u00fchrungsrolle sind 4 Entwicklungsoptionen denkbar: St\u00e4rke: Sie zeigen das Verhalten dieser F\u00fchrungsrolle gut in Ihrer Arbeit (Was kann ich tun?) und diese F\u00fchrungsrolle passt gut zu Ihrer Pers\u00f6nlichkeit (Wer bin ich?). Dies ist also eine Ihrer St\u00e4rken. Erfahren: Sie zeigen das Verhalten dieser F\u00fchrungsrolle gut in Ihrer Arbeit (Was kann ich?), aber diese F\u00fchrungsrolle passt weniger gut zu Ihrer Pers\u00f6nlichkeit (Wer bin ich?). Das bedeutet, dass Sie diese Rolle gut beherrschen, aber es wird Sie wahrscheinlich viel Energie kosten, diese F\u00fchrungsrolle kontinuierlich zu zeigen. Potenzial: Sie zeigen das Verhalten dieser F\u00fchrungsrolle weniger gut in Ihrer Arbeit (Was kann ich?), aber diese F\u00fchrungsrolle passt gut zu Ihrer Pers\u00f6nlichkeit (Wer bin ich?). Daher ist es wahrscheinlich, dass Sie diese F\u00fchrungsrolle leicht zeigen oder entwickeln k\u00f6nnen. Schw\u00e4che: Sie zeigen das Verhalten dieser F\u00fchrungsrolle nicht so gut in Ihrer Arbeit (Was kann ich?). Au\u00dferdem passt diese F\u00fchrungsrolle nicht so gut zu Ihrer Pers\u00f6nlichkeit (Wer bin ich?). Es handelt sich also eher um eine Schw\u00e4che.\" \/>\n<meta property=\"og:url\" content=\"https:\/\/hrmforce.com\/de\/shop\/personlichkeit\/leadership-improvement-plan\/\" \/>\n<meta property=\"og:site_name\" content=\"hrmforce\" \/>\n<meta property=\"article:publisher\" content=\"https:\/\/www.facebook.com\/hrmforceNL\/\" \/>\n<meta property=\"og:image\" content=\"https:\/\/hrmforce.com\/wp-content\/uploads\/2021\/02\/Generaltesticon.jpg\" \/>\n\t<meta property=\"og:image:width\" content=\"322\" \/>\n\t<meta property=\"og:image:height\" content=\"321\" \/>\n\t<meta property=\"og:image:type\" content=\"image\/jpeg\" \/>\n<meta name=\"twitter:card\" content=\"summary_large_image\" \/>\n<meta name=\"twitter:label1\" content=\"Gesch\u00e4tzte Lesezeit\" \/>\n\t<meta name=\"twitter:data1\" content=\"1\u00a0Minute\" \/>\n<script type=\"application\/ld+json\" class=\"yoast-schema-graph\">{\"@context\":\"https:\/\/schema.org\",\"@graph\":[{\"@type\":\"WebPage\",\"@id\":\"https:\/\/hrmforce.com\/de\/shop\/personlichkeit\/leadership-improvement-plan\/\",\"url\":\"https:\/\/hrmforce.com\/de\/shop\/personlichkeit\/leadership-improvement-plan\/\",\"name\":\"Leadership Improvement Plan - hrmforce\",\"isPartOf\":{\"@id\":\"https:\/\/hrmforce.com\/de\/#website\"},\"primaryImageOfPage\":{\"@id\":\"https:\/\/hrmforce.com\/de\/shop\/personlichkeit\/leadership-improvement-plan\/#primaryimage\"},\"image\":{\"@id\":\"https:\/\/hrmforce.com\/de\/shop\/personlichkeit\/leadership-improvement-plan\/#primaryimage\"},\"thumbnailUrl\":\"https:\/\/hrmforce.com\/wp-content\/uploads\/2021\/02\/Generaltesticon.jpg\",\"datePublished\":\"2021-02-26T13:32:42+00:00\",\"breadcrumb\":{\"@id\":\"https:\/\/hrmforce.com\/de\/shop\/personlichkeit\/leadership-improvement-plan\/#breadcrumb\"},\"inLanguage\":\"de\",\"potentialAction\":[{\"@type\":\"ReadAction\",\"target\":[\"https:\/\/hrmforce.com\/de\/shop\/personlichkeit\/leadership-improvement-plan\/\"]}]},{\"@type\":\"ImageObject\",\"inLanguage\":\"de\",\"@id\":\"https:\/\/hrmforce.com\/de\/shop\/personlichkeit\/leadership-improvement-plan\/#primaryimage\",\"url\":\"https:\/\/hrmforce.com\/wp-content\/uploads\/2021\/02\/Generaltesticon.jpg\",\"contentUrl\":\"https:\/\/hrmforce.com\/wp-content\/uploads\/2021\/02\/Generaltesticon.jpg\",\"width\":322,\"height\":321},{\"@type\":\"BreadcrumbList\",\"@id\":\"https:\/\/hrmforce.com\/de\/shop\/personlichkeit\/leadership-improvement-plan\/#breadcrumb\",\"itemListElement\":[{\"@type\":\"ListItem\",\"position\":1,\"name\":\"Home\",\"item\":\"https:\/\/hrmforce.com\/de\/\"},{\"@type\":\"ListItem\",\"position\":2,\"name\":\"Shop\",\"item\":\"https:\/\/hrmforce.com\/de\/shop\/\"},{\"@type\":\"ListItem\",\"position\":3,\"name\":\"Leadership Improvement Plan\"}]},{\"@type\":\"WebSite\",\"@id\":\"https:\/\/hrmforce.com\/de\/#website\",\"url\":\"https:\/\/hrmforce.com\/de\/\",\"name\":\"hrmforce\",\"description\":\"people \u2022 performance \u2022 analytics\",\"publisher\":{\"@id\":\"https:\/\/hrmforce.com\/de\/#organization\"},\"potentialAction\":[{\"@type\":\"SearchAction\",\"target\":{\"@type\":\"EntryPoint\",\"urlTemplate\":\"https:\/\/hrmforce.com\/de\/?s={search_term_string}\"},\"query-input\":{\"@type\":\"PropertyValueSpecification\",\"valueRequired\":true,\"valueName\":\"search_term_string\"}}],\"inLanguage\":\"de\"},{\"@type\":\"Organization\",\"@id\":\"https:\/\/hrmforce.com\/de\/#organization\",\"name\":\"hrmforce\",\"url\":\"https:\/\/hrmforce.com\/de\/\",\"logo\":{\"@type\":\"ImageObject\",\"inLanguage\":\"de\",\"@id\":\"https:\/\/hrmforce.com\/de\/#\/schema\/logo\/image\/\",\"url\":\"https:\/\/hrmforce.com\/wp-content\/uploads\/2018\/08\/logo-hrmforce.png\",\"contentUrl\":\"https:\/\/hrmforce.com\/wp-content\/uploads\/2018\/08\/logo-hrmforce.png\",\"width\":833,\"height\":189,\"caption\":\"hrmforce\"},\"image\":{\"@id\":\"https:\/\/hrmforce.com\/de\/#\/schema\/logo\/image\/\"},\"sameAs\":[\"https:\/\/www.facebook.com\/hrmforceNL\/\",\"https:\/\/www.linkedin.com\/company\/hrmforce\/\"]}]}<\/script>\n<!-- \/ Yoast SEO plugin. -->","yoast_head_json":{"title":"Leadership Improvement Plan - hrmforce","robots":{"index":"index","follow":"follow","max-snippet":"max-snippet:-1","max-image-preview":"max-image-preview:large","max-video-preview":"max-video-preview:-1"},"canonical":"https:\/\/hrmforce.com\/de\/shop\/personlichkeit\/leadership-improvement-plan\/","og_locale":"de_DE","og_type":"article","og_title":"Leadership Improvement Plan - hrmforce","og_description":"Der Leadership Improvement Plan basiert auf dem beliebten Performance Improvement Plan von PiCompany. Der Bericht vermittelt ein klares Bild davon, wie verschiedene F\u00fchrungsrollen und die ihnen zugrunde liegenden Kompetenzen mit der Pers\u00f6nlichkeit und dem Verhalten der Teilnehmer zusammenh\u00e4ngen. Der Leadership Improvement Plan zeigt die Talente auf und erleichtert die Entscheidung, in welche F\u00fchrungsrollen Energie investiert werden soll, und die Wahl der richtigen Entwicklungsaktivit\u00e4ten oder Ma\u00dfnahmen. Der Leadership Improvement Plan kombiniert die Ergebnisse des Reflector Big Five Leadership (Wer bin ich?) und des Reflector 360 Leadership (Was kann ich?). F\u00fcr jede F\u00fchrungsrolle sind 4 Entwicklungsoptionen denkbar: St\u00e4rke: Sie zeigen das Verhalten dieser F\u00fchrungsrolle gut in Ihrer Arbeit (Was kann ich tun?) und diese F\u00fchrungsrolle passt gut zu Ihrer Pers\u00f6nlichkeit (Wer bin ich?). Dies ist also eine Ihrer St\u00e4rken. Erfahren: Sie zeigen das Verhalten dieser F\u00fchrungsrolle gut in Ihrer Arbeit (Was kann ich?), aber diese F\u00fchrungsrolle passt weniger gut zu Ihrer Pers\u00f6nlichkeit (Wer bin ich?). Das bedeutet, dass Sie diese Rolle gut beherrschen, aber es wird Sie wahrscheinlich viel Energie kosten, diese F\u00fchrungsrolle kontinuierlich zu zeigen. Potenzial: Sie zeigen das Verhalten dieser F\u00fchrungsrolle weniger gut in Ihrer Arbeit (Was kann ich?), aber diese F\u00fchrungsrolle passt gut zu Ihrer Pers\u00f6nlichkeit (Wer bin ich?). Daher ist es wahrscheinlich, dass Sie diese F\u00fchrungsrolle leicht zeigen oder entwickeln k\u00f6nnen. Schw\u00e4che: Sie zeigen das Verhalten dieser F\u00fchrungsrolle nicht so gut in Ihrer Arbeit (Was kann ich?). Au\u00dferdem passt diese F\u00fchrungsrolle nicht so gut zu Ihrer Pers\u00f6nlichkeit (Wer bin ich?). Es handelt sich also eher um eine Schw\u00e4che.","og_url":"https:\/\/hrmforce.com\/de\/shop\/personlichkeit\/leadership-improvement-plan\/","og_site_name":"hrmforce","article_publisher":"https:\/\/www.facebook.com\/hrmforceNL\/","og_image":[{"width":322,"height":321,"url":"https:\/\/hrmforce.com\/wp-content\/uploads\/2021\/02\/Generaltesticon.jpg","type":"image\/jpeg"}],"twitter_card":"summary_large_image","twitter_misc":{"Gesch\u00e4tzte Lesezeit":"1\u00a0Minute"},"schema":{"@context":"https:\/\/schema.org","@graph":[{"@type":"WebPage","@id":"https:\/\/hrmforce.com\/de\/shop\/personlichkeit\/leadership-improvement-plan\/","url":"https:\/\/hrmforce.com\/de\/shop\/personlichkeit\/leadership-improvement-plan\/","name":"Leadership Improvement Plan - hrmforce","isPartOf":{"@id":"https:\/\/hrmforce.com\/de\/#website"},"primaryImageOfPage":{"@id":"https:\/\/hrmforce.com\/de\/shop\/personlichkeit\/leadership-improvement-plan\/#primaryimage"},"image":{"@id":"https:\/\/hrmforce.com\/de\/shop\/personlichkeit\/leadership-improvement-plan\/#primaryimage"},"thumbnailUrl":"https:\/\/hrmforce.com\/wp-content\/uploads\/2021\/02\/Generaltesticon.jpg","datePublished":"2021-02-26T13:32:42+00:00","breadcrumb":{"@id":"https:\/\/hrmforce.com\/de\/shop\/personlichkeit\/leadership-improvement-plan\/#breadcrumb"},"inLanguage":"de","potentialAction":[{"@type":"ReadAction","target":["https:\/\/hrmforce.com\/de\/shop\/personlichkeit\/leadership-improvement-plan\/"]}]},{"@type":"ImageObject","inLanguage":"de","@id":"https:\/\/hrmforce.com\/de\/shop\/personlichkeit\/leadership-improvement-plan\/#primaryimage","url":"https:\/\/hrmforce.com\/wp-content\/uploads\/2021\/02\/Generaltesticon.jpg","contentUrl":"https:\/\/hrmforce.com\/wp-content\/uploads\/2021\/02\/Generaltesticon.jpg","width":322,"height":321},{"@type":"BreadcrumbList","@id":"https:\/\/hrmforce.com\/de\/shop\/personlichkeit\/leadership-improvement-plan\/#breadcrumb","itemListElement":[{"@type":"ListItem","position":1,"name":"Home","item":"https:\/\/hrmforce.com\/de\/"},{"@type":"ListItem","position":2,"name":"Shop","item":"https:\/\/hrmforce.com\/de\/shop\/"},{"@type":"ListItem","position":3,"name":"Leadership Improvement Plan"}]},{"@type":"WebSite","@id":"https:\/\/hrmforce.com\/de\/#website","url":"https:\/\/hrmforce.com\/de\/","name":"hrmforce","description":"people \u2022 performance \u2022 analytics","publisher":{"@id":"https:\/\/hrmforce.com\/de\/#organization"},"potentialAction":[{"@type":"SearchAction","target":{"@type":"EntryPoint","urlTemplate":"https:\/\/hrmforce.com\/de\/?s={search_term_string}"},"query-input":{"@type":"PropertyValueSpecification","valueRequired":true,"valueName":"search_term_string"}}],"inLanguage":"de"},{"@type":"Organization","@id":"https:\/\/hrmforce.com\/de\/#organization","name":"hrmforce","url":"https:\/\/hrmforce.com\/de\/","logo":{"@type":"ImageObject","inLanguage":"de","@id":"https:\/\/hrmforce.com\/de\/#\/schema\/logo\/image\/","url":"https:\/\/hrmforce.com\/wp-content\/uploads\/2018\/08\/logo-hrmforce.png","contentUrl":"https:\/\/hrmforce.com\/wp-content\/uploads\/2018\/08\/logo-hrmforce.png","width":833,"height":189,"caption":"hrmforce"},"image":{"@id":"https:\/\/hrmforce.com\/de\/#\/schema\/logo\/image\/"},"sameAs":["https:\/\/www.facebook.com\/hrmforceNL\/","https:\/\/www.linkedin.com\/company\/hrmforce\/"]}]}},"_links":{"self":[{"href":"https:\/\/hrmforce.com\/de\/wp-json\/wp\/v2\/product\/18975","targetHints":{"allow":["GET"]}}],"collection":[{"href":"https:\/\/hrmforce.com\/de\/wp-json\/wp\/v2\/product"}],"about":[{"href":"https:\/\/hrmforce.com\/de\/wp-json\/wp\/v2\/types\/product"}],"wp:featuredmedia":[{"embeddable":true,"href":"https:\/\/hrmforce.com\/de\/wp-json\/wp\/v2\/media\/17879"}],"wp:attachment":[{"href":"https:\/\/hrmforce.com\/de\/wp-json\/wp\/v2\/media?parent=18975"}],"wp:term":[{"taxonomy":"product_brand","embeddable":true,"href":"https:\/\/hrmforce.com\/de\/wp-json\/wp\/v2\/product_brand?post=18975"},{"taxonomy":"product_cat","embeddable":true,"href":"https:\/\/hrmforce.com\/de\/wp-json\/wp\/v2\/product_cat?post=18975"},{"taxonomy":"product_tag","embeddable":true,"href":"https:\/\/hrmforce.com\/de\/wp-json\/wp\/v2\/product_tag?post=18975"}],"curies":[{"name":"wp","href":"https:\/\/api.w.org\/{rel}","templated":true}]}}