{"id":18976,"date":"2021-02-26T14:31:23","date_gmt":"2021-02-26T13:31:23","guid":{"rendered":"https:\/\/hrmforce.com\/product\/connector-ability\/"},"modified":"2021-02-26T14:31:23","modified_gmt":"2021-02-26T13:31:23","slug":"connector-ability","status":"publish","type":"product","link":"https:\/\/hrmforce.com\/de\/shop\/auswahl\/connector-ability\/","title":{"rendered":"Connector Ability"},"content":{"rendered":"<p>Connector Ability ist ein einzigartiger F\u00e4higkeitstest, der den G-Faktor, den allgemeinen &#8211; &#8222;General&#8220; &#8211; Intelligenzfaktor, misst. Connector Ability ist zudem kultur- und spracharm, anpassungsf\u00e4hig und rund um die Uhr online verf\u00fcgbar. Da der Connector Ability auch zu Hause abgelegt werden kann, gibt es f\u00fcr Organisationen die M\u00f6glichkeit, den Connector Ability Validator zu nutzen. Dieser Validator erm\u00f6glicht die Validierung des Heimtests des Kandidaten in einer sehr kurzen und pr\u00e4gnanten Weise. HINWEIS: ALLE PREISE BEINHALTEN DEN\/DIE ZUGRUNDE LIEGENDEN FRAGEBOGEN UND SCHLIESSEN BEARBEITUNGS-, SERVICE- UND VERWALTUNGSKOSTEN EIN. F\u00dcR GR\u00d6SSERE MENGEN ODER IHR EIGENES TESTPORTAL KONTAKTIEREN SIE UNS BITTE UNTER +31 88 88 321 88 ODER SERVICE@HRMFORCE.COM.<\/p>\n","protected":false},"excerpt":{"rendered":"<p>Der PiCompany Connector Ability ist ein einzigartiger F\u00e4higkeitstest, der den G-Faktor, den allgemeinen &#8211; &#8222;General&#8220; &#8211; Intelligenzfaktor, misst. Der Connector Ability ist zudem kulturlos, sprachlos, anpassungsf\u00e4hig und rund um die Uhr online verf\u00fcgbar. Da der Connector Ability auch zu Hause abgelegt werden kann, gibt es f\u00fcr Organisationen die M\u00f6glichkeit, den Connector Ability Validator zu nutzen. Mit diesem Validator kann der Heimtest des Kandidaten auf sehr kurze und pr\u00e4gnante Weise validiert werden. Der Inhalt des Tests passt sich w\u00e4hrend der Durchf\u00fchrung an das Niveau jedes einzelnen Kandidaten an, sodass jeder Kandidat die n\u00e4chste Frage erh\u00e4lt, die die meisten Informationen zur Bestimmung seines Niveaus zu diesem Zeitpunkt liefert. Das ist effizient, schnell und effektiv. Der Test wird online durchgef\u00fchrt und die Ergebnisse sind sofort verf\u00fcgbar. Der Test kann daher an verschiedenen Orten und zu verschiedenen Zeiten abgelegt werden, was ihn besonders n\u00fctzlich macht, wenn verschiedene Kandidaten weltweit miteinander verglichen werden sollen. Der Test erm\u00f6glicht die Messung des allgemeinen Intelligenzniveaus eines Kandidaten, ohne dass das Bildungsniveau vorher festgelegt werden muss, was bei internationalen Vergleichen wichtig ist, da die Abschl\u00fcsse nicht immer vergleichbar sind. Anschlie\u00dfend kann das Ergebnis mit einer Reihe von international standardisierten Normgruppen verglichen werden. Verl\u00e4ssliche Normdaten liegen f\u00fcr die international bekannten Bachelor- und Masterstufen sowie f\u00fcr die unteren\/mittleren Bildungsstufen vor.<\/p>\n","protected":false},"featured_media":17879,"template":"","meta":{"_acf_changed":false,"inline_featured_image":false},"product_brand":[],"product_cat":[940,962,967],"product_tag":[],"class_list":{"0":"post-18976","1":"product","2":"type-product","3":"status-publish","4":"has-post-thumbnail","6":"product_cat-auswahl","7":"product_cat-intelligenz","8":"product_cat-picompany-de","10":"first","11":"instock","12":"taxable","13":"shipping-taxable","14":"purchasable","15":"product-type-simple"},"acf":[],"yoast_head":"<!-- This site is optimized with the Yoast SEO plugin v27.1.1 - https:\/\/yoast.com\/product\/yoast-seo-wordpress\/ -->\n<title>Connector Ability - hrmforce<\/title>\n<meta name=\"robots\" content=\"index, follow, max-snippet:-1, max-image-preview:large, max-video-preview:-1\" \/>\n<link rel=\"canonical\" href=\"https:\/\/hrmforce.com\/de\/shop\/auswahl\/connector-ability\/\" \/>\n<meta property=\"og:locale\" content=\"de_DE\" \/>\n<meta property=\"og:type\" content=\"article\" \/>\n<meta property=\"og:title\" content=\"Connector Ability - hrmforce\" \/>\n<meta property=\"og:description\" content=\"Der PiCompany Connector Ability ist ein einzigartiger F\u00e4higkeitstest, der den G-Faktor, den allgemeinen - &quot;General&quot; - Intelligenzfaktor, misst. Der Connector Ability ist zudem kulturlos, sprachlos, anpassungsf\u00e4hig und rund um die Uhr online verf\u00fcgbar. Da der Connector Ability auch zu Hause abgelegt werden kann, gibt es f\u00fcr Organisationen die M\u00f6glichkeit, den Connector Ability Validator zu nutzen. Mit diesem Validator kann der Heimtest des Kandidaten auf sehr kurze und pr\u00e4gnante Weise validiert werden. Der Inhalt des Tests passt sich w\u00e4hrend der Durchf\u00fchrung an das Niveau jedes einzelnen Kandidaten an, sodass jeder Kandidat die n\u00e4chste Frage erh\u00e4lt, die die meisten Informationen zur Bestimmung seines Niveaus zu diesem Zeitpunkt liefert. Das ist effizient, schnell und effektiv. Der Test wird online durchgef\u00fchrt und die Ergebnisse sind sofort verf\u00fcgbar. Der Test kann daher an verschiedenen Orten und zu verschiedenen Zeiten abgelegt werden, was ihn besonders n\u00fctzlich macht, wenn verschiedene Kandidaten weltweit miteinander verglichen werden sollen. Der Test erm\u00f6glicht die Messung des allgemeinen Intelligenzniveaus eines Kandidaten, ohne dass das Bildungsniveau vorher festgelegt werden muss, was bei internationalen Vergleichen wichtig ist, da die Abschl\u00fcsse nicht immer vergleichbar sind. Anschlie\u00dfend kann das Ergebnis mit einer Reihe von international standardisierten Normgruppen verglichen werden. Verl\u00e4ssliche Normdaten liegen f\u00fcr die international bekannten Bachelor- und Masterstufen sowie f\u00fcr die unteren\/mittleren Bildungsstufen vor.\" \/>\n<meta property=\"og:url\" content=\"https:\/\/hrmforce.com\/de\/shop\/auswahl\/connector-ability\/\" \/>\n<meta property=\"og:site_name\" content=\"hrmforce\" \/>\n<meta property=\"article:publisher\" content=\"https:\/\/www.facebook.com\/hrmforceNL\/\" \/>\n<meta property=\"og:image\" content=\"https:\/\/hrmforce.com\/wp-content\/uploads\/2021\/02\/Generaltesticon.jpg\" \/>\n\t<meta property=\"og:image:width\" content=\"322\" \/>\n\t<meta property=\"og:image:height\" content=\"321\" \/>\n\t<meta property=\"og:image:type\" content=\"image\/jpeg\" \/>\n<meta name=\"twitter:card\" content=\"summary_large_image\" \/>\n<meta name=\"twitter:label1\" content=\"Gesch\u00e4tzte Lesezeit\" \/>\n\t<meta name=\"twitter:data1\" content=\"1\u00a0Minute\" \/>\n<script type=\"application\/ld+json\" class=\"yoast-schema-graph\">{\"@context\":\"https:\/\/schema.org\",\"@graph\":[{\"@type\":\"WebPage\",\"@id\":\"https:\/\/hrmforce.com\/de\/shop\/auswahl\/connector-ability\/\",\"url\":\"https:\/\/hrmforce.com\/de\/shop\/auswahl\/connector-ability\/\",\"name\":\"Connector Ability - hrmforce\",\"isPartOf\":{\"@id\":\"https:\/\/hrmforce.com\/de\/#website\"},\"primaryImageOfPage\":{\"@id\":\"https:\/\/hrmforce.com\/de\/shop\/auswahl\/connector-ability\/#primaryimage\"},\"image\":{\"@id\":\"https:\/\/hrmforce.com\/de\/shop\/auswahl\/connector-ability\/#primaryimage\"},\"thumbnailUrl\":\"https:\/\/hrmforce.com\/wp-content\/uploads\/2021\/02\/Generaltesticon.jpg\",\"datePublished\":\"2021-02-26T13:31:23+00:00\",\"breadcrumb\":{\"@id\":\"https:\/\/hrmforce.com\/de\/shop\/auswahl\/connector-ability\/#breadcrumb\"},\"inLanguage\":\"de\",\"potentialAction\":[{\"@type\":\"ReadAction\",\"target\":[\"https:\/\/hrmforce.com\/de\/shop\/auswahl\/connector-ability\/\"]}]},{\"@type\":\"ImageObject\",\"inLanguage\":\"de\",\"@id\":\"https:\/\/hrmforce.com\/de\/shop\/auswahl\/connector-ability\/#primaryimage\",\"url\":\"https:\/\/hrmforce.com\/wp-content\/uploads\/2021\/02\/Generaltesticon.jpg\",\"contentUrl\":\"https:\/\/hrmforce.com\/wp-content\/uploads\/2021\/02\/Generaltesticon.jpg\",\"width\":322,\"height\":321},{\"@type\":\"BreadcrumbList\",\"@id\":\"https:\/\/hrmforce.com\/de\/shop\/auswahl\/connector-ability\/#breadcrumb\",\"itemListElement\":[{\"@type\":\"ListItem\",\"position\":1,\"name\":\"Home\",\"item\":\"https:\/\/hrmforce.com\/de\/\"},{\"@type\":\"ListItem\",\"position\":2,\"name\":\"Shop\",\"item\":\"https:\/\/hrmforce.com\/de\/shop\/\"},{\"@type\":\"ListItem\",\"position\":3,\"name\":\"Connector Ability\"}]},{\"@type\":\"WebSite\",\"@id\":\"https:\/\/hrmforce.com\/de\/#website\",\"url\":\"https:\/\/hrmforce.com\/de\/\",\"name\":\"hrmforce\",\"description\":\"people \u2022 performance \u2022 analytics\",\"publisher\":{\"@id\":\"https:\/\/hrmforce.com\/de\/#organization\"},\"potentialAction\":[{\"@type\":\"SearchAction\",\"target\":{\"@type\":\"EntryPoint\",\"urlTemplate\":\"https:\/\/hrmforce.com\/de\/?s={search_term_string}\"},\"query-input\":{\"@type\":\"PropertyValueSpecification\",\"valueRequired\":true,\"valueName\":\"search_term_string\"}}],\"inLanguage\":\"de\"},{\"@type\":\"Organization\",\"@id\":\"https:\/\/hrmforce.com\/de\/#organization\",\"name\":\"hrmforce\",\"url\":\"https:\/\/hrmforce.com\/de\/\",\"logo\":{\"@type\":\"ImageObject\",\"inLanguage\":\"de\",\"@id\":\"https:\/\/hrmforce.com\/de\/#\/schema\/logo\/image\/\",\"url\":\"https:\/\/hrmforce.com\/wp-content\/uploads\/2018\/08\/logo-hrmforce.png\",\"contentUrl\":\"https:\/\/hrmforce.com\/wp-content\/uploads\/2018\/08\/logo-hrmforce.png\",\"width\":833,\"height\":189,\"caption\":\"hrmforce\"},\"image\":{\"@id\":\"https:\/\/hrmforce.com\/de\/#\/schema\/logo\/image\/\"},\"sameAs\":[\"https:\/\/www.facebook.com\/hrmforceNL\/\",\"https:\/\/www.linkedin.com\/company\/hrmforce\/\"]}]}<\/script>\n<!-- \/ Yoast SEO plugin. -->","yoast_head_json":{"title":"Connector Ability - hrmforce","robots":{"index":"index","follow":"follow","max-snippet":"max-snippet:-1","max-image-preview":"max-image-preview:large","max-video-preview":"max-video-preview:-1"},"canonical":"https:\/\/hrmforce.com\/de\/shop\/auswahl\/connector-ability\/","og_locale":"de_DE","og_type":"article","og_title":"Connector Ability - hrmforce","og_description":"Der PiCompany Connector Ability ist ein einzigartiger F\u00e4higkeitstest, der den G-Faktor, den allgemeinen - \"General\" - Intelligenzfaktor, misst. Der Connector Ability ist zudem kulturlos, sprachlos, anpassungsf\u00e4hig und rund um die Uhr online verf\u00fcgbar. Da der Connector Ability auch zu Hause abgelegt werden kann, gibt es f\u00fcr Organisationen die M\u00f6glichkeit, den Connector Ability Validator zu nutzen. Mit diesem Validator kann der Heimtest des Kandidaten auf sehr kurze und pr\u00e4gnante Weise validiert werden. Der Inhalt des Tests passt sich w\u00e4hrend der Durchf\u00fchrung an das Niveau jedes einzelnen Kandidaten an, sodass jeder Kandidat die n\u00e4chste Frage erh\u00e4lt, die die meisten Informationen zur Bestimmung seines Niveaus zu diesem Zeitpunkt liefert. Das ist effizient, schnell und effektiv. Der Test wird online durchgef\u00fchrt und die Ergebnisse sind sofort verf\u00fcgbar. Der Test kann daher an verschiedenen Orten und zu verschiedenen Zeiten abgelegt werden, was ihn besonders n\u00fctzlich macht, wenn verschiedene Kandidaten weltweit miteinander verglichen werden sollen. Der Test erm\u00f6glicht die Messung des allgemeinen Intelligenzniveaus eines Kandidaten, ohne dass das Bildungsniveau vorher festgelegt werden muss, was bei internationalen Vergleichen wichtig ist, da die Abschl\u00fcsse nicht immer vergleichbar sind. Anschlie\u00dfend kann das Ergebnis mit einer Reihe von international standardisierten Normgruppen verglichen werden. Verl\u00e4ssliche Normdaten liegen f\u00fcr die international bekannten Bachelor- und Masterstufen sowie f\u00fcr die unteren\/mittleren Bildungsstufen vor.","og_url":"https:\/\/hrmforce.com\/de\/shop\/auswahl\/connector-ability\/","og_site_name":"hrmforce","article_publisher":"https:\/\/www.facebook.com\/hrmforceNL\/","og_image":[{"width":322,"height":321,"url":"https:\/\/hrmforce.com\/wp-content\/uploads\/2021\/02\/Generaltesticon.jpg","type":"image\/jpeg"}],"twitter_card":"summary_large_image","twitter_misc":{"Gesch\u00e4tzte Lesezeit":"1\u00a0Minute"},"schema":{"@context":"https:\/\/schema.org","@graph":[{"@type":"WebPage","@id":"https:\/\/hrmforce.com\/de\/shop\/auswahl\/connector-ability\/","url":"https:\/\/hrmforce.com\/de\/shop\/auswahl\/connector-ability\/","name":"Connector Ability - hrmforce","isPartOf":{"@id":"https:\/\/hrmforce.com\/de\/#website"},"primaryImageOfPage":{"@id":"https:\/\/hrmforce.com\/de\/shop\/auswahl\/connector-ability\/#primaryimage"},"image":{"@id":"https:\/\/hrmforce.com\/de\/shop\/auswahl\/connector-ability\/#primaryimage"},"thumbnailUrl":"https:\/\/hrmforce.com\/wp-content\/uploads\/2021\/02\/Generaltesticon.jpg","datePublished":"2021-02-26T13:31:23+00:00","breadcrumb":{"@id":"https:\/\/hrmforce.com\/de\/shop\/auswahl\/connector-ability\/#breadcrumb"},"inLanguage":"de","potentialAction":[{"@type":"ReadAction","target":["https:\/\/hrmforce.com\/de\/shop\/auswahl\/connector-ability\/"]}]},{"@type":"ImageObject","inLanguage":"de","@id":"https:\/\/hrmforce.com\/de\/shop\/auswahl\/connector-ability\/#primaryimage","url":"https:\/\/hrmforce.com\/wp-content\/uploads\/2021\/02\/Generaltesticon.jpg","contentUrl":"https:\/\/hrmforce.com\/wp-content\/uploads\/2021\/02\/Generaltesticon.jpg","width":322,"height":321},{"@type":"BreadcrumbList","@id":"https:\/\/hrmforce.com\/de\/shop\/auswahl\/connector-ability\/#breadcrumb","itemListElement":[{"@type":"ListItem","position":1,"name":"Home","item":"https:\/\/hrmforce.com\/de\/"},{"@type":"ListItem","position":2,"name":"Shop","item":"https:\/\/hrmforce.com\/de\/shop\/"},{"@type":"ListItem","position":3,"name":"Connector Ability"}]},{"@type":"WebSite","@id":"https:\/\/hrmforce.com\/de\/#website","url":"https:\/\/hrmforce.com\/de\/","name":"hrmforce","description":"people \u2022 performance \u2022 analytics","publisher":{"@id":"https:\/\/hrmforce.com\/de\/#organization"},"potentialAction":[{"@type":"SearchAction","target":{"@type":"EntryPoint","urlTemplate":"https:\/\/hrmforce.com\/de\/?s={search_term_string}"},"query-input":{"@type":"PropertyValueSpecification","valueRequired":true,"valueName":"search_term_string"}}],"inLanguage":"de"},{"@type":"Organization","@id":"https:\/\/hrmforce.com\/de\/#organization","name":"hrmforce","url":"https:\/\/hrmforce.com\/de\/","logo":{"@type":"ImageObject","inLanguage":"de","@id":"https:\/\/hrmforce.com\/de\/#\/schema\/logo\/image\/","url":"https:\/\/hrmforce.com\/wp-content\/uploads\/2018\/08\/logo-hrmforce.png","contentUrl":"https:\/\/hrmforce.com\/wp-content\/uploads\/2018\/08\/logo-hrmforce.png","width":833,"height":189,"caption":"hrmforce"},"image":{"@id":"https:\/\/hrmforce.com\/de\/#\/schema\/logo\/image\/"},"sameAs":["https:\/\/www.facebook.com\/hrmforceNL\/","https:\/\/www.linkedin.com\/company\/hrmforce\/"]}]}},"_links":{"self":[{"href":"https:\/\/hrmforce.com\/de\/wp-json\/wp\/v2\/product\/18976","targetHints":{"allow":["GET"]}}],"collection":[{"href":"https:\/\/hrmforce.com\/de\/wp-json\/wp\/v2\/product"}],"about":[{"href":"https:\/\/hrmforce.com\/de\/wp-json\/wp\/v2\/types\/product"}],"wp:featuredmedia":[{"embeddable":true,"href":"https:\/\/hrmforce.com\/de\/wp-json\/wp\/v2\/media\/17879"}],"wp:attachment":[{"href":"https:\/\/hrmforce.com\/de\/wp-json\/wp\/v2\/media?parent=18976"}],"wp:term":[{"taxonomy":"product_brand","embeddable":true,"href":"https:\/\/hrmforce.com\/de\/wp-json\/wp\/v2\/product_brand?post=18976"},{"taxonomy":"product_cat","embeddable":true,"href":"https:\/\/hrmforce.com\/de\/wp-json\/wp\/v2\/product_cat?post=18976"},{"taxonomy":"product_tag","embeddable":true,"href":"https:\/\/hrmforce.com\/de\/wp-json\/wp\/v2\/product_tag?post=18976"}],"curies":[{"name":"wp","href":"https:\/\/api.w.org\/{rel}","templated":true}]}}