{"id":18977,"date":"2021-02-26T14:24:58","date_gmt":"2021-02-26T13:24:58","guid":{"rendered":"https:\/\/hrmforce.com\/product\/verify-verbal\/"},"modified":"2021-02-26T14:24:58","modified_gmt":"2021-02-26T13:24:58","slug":"verify-verbal","status":"publish","type":"product","link":"https:\/\/hrmforce.com\/de\/shop\/auswahl\/verify-verbal\/","title":{"rendered":"Verify Verbal"},"content":{"rendered":"<p>Mit verbalem Verst\u00e4ndnis wird gepr\u00fcft, ob ein Kandidat die Logik verschiedener schriftlicher Argumente beurteilen kann. Der Test misst die F\u00e4higkeit, festzustellen, inwieweit Schlussfolgerungen aus Inhalten, die f\u00fcr verschiedene Arbeitsumgebungen typisch sind, tats\u00e4chlich unterst\u00fctzt werden. HINWEIS: ALLE PREISE BEINHALTEN DEN\/DIE ZUGRUNDE LIEGENDEN FRAGEBOGEN UND SCHLIESSEN BEARBEITUNGS-, SERVICE- UND VERWALTUNGSGEB\u00dcHREN EIN. F\u00dcR GR\u00d6SSERE MENGEN ODER IHR EIGENES TESTPORTAL KONTAKTIEREN SIE UNS BITTE UNTER +31 88 88 321 88 ODER SERVICE@HRMFORCE.COM.<\/p>\n","protected":false},"excerpt":{"rendered":"<p>Verify ist eine Komplettl\u00f6sung, die auf einzigartige Weise kognitive F\u00e4higkeitstests, Sicherheitsma\u00dfnahmen und einen wissenschaftlichen Verifizierungsprozess kombiniert. Mit Verify k\u00f6nnen Kandidaten sicher, effektiv und online getestet werden, in k\u00fcrzerer Zeit und mit weniger Aufwand. Die Verify-F\u00e4higkeitstestreihe besteht aus 3 Typen: verbales, numerisches und induktives Verst\u00e4ndnis. Die drei Tests k\u00f6nnen einzeln oder in beliebiger Reihenfolge absolviert werden, je nach den zu bewertenden Merkmalen. Beim verbalen Verst\u00e4ndnis soll festgestellt werden, ob ein Kandidat die Logik verschiedener schriftlicher Argumente beurteilen kann. Der Test misst die F\u00e4higkeit, festzustellen, inwieweit Schlussfolgerungen aus Inhalten, die f\u00fcr verschiedene Arbeitsumgebungen typisch sind, tats\u00e4chlich unterst\u00fctzt werden.<\/p>\n","protected":false},"featured_media":17879,"template":"","meta":{"_acf_changed":false,"inline_featured_image":false},"product_brand":[],"product_cat":[940,962,968],"product_tag":[],"class_list":{"0":"post-18977","1":"product","2":"type-product","3":"status-publish","4":"has-post-thumbnail","6":"product_cat-auswahl","7":"product_cat-intelligenz","8":"product_cat-shl-de","10":"first","11":"instock","12":"taxable","13":"shipping-taxable","14":"purchasable","15":"product-type-simple"},"acf":[],"yoast_head":"<!-- This site is optimized with the Yoast SEO plugin v27.1.1 - https:\/\/yoast.com\/product\/yoast-seo-wordpress\/ -->\n<title>Verify Verbal - hrmforce<\/title>\n<meta name=\"robots\" content=\"index, follow, max-snippet:-1, max-image-preview:large, max-video-preview:-1\" \/>\n<link rel=\"canonical\" href=\"https:\/\/hrmforce.com\/de\/shop\/auswahl\/verify-verbal\/\" \/>\n<meta property=\"og:locale\" content=\"de_DE\" \/>\n<meta property=\"og:type\" content=\"article\" \/>\n<meta property=\"og:title\" content=\"Verify Verbal - hrmforce\" \/>\n<meta property=\"og:description\" content=\"Verify ist eine Komplettl\u00f6sung, die auf einzigartige Weise kognitive F\u00e4higkeitstests, Sicherheitsma\u00dfnahmen und einen wissenschaftlichen Verifizierungsprozess kombiniert. Mit Verify k\u00f6nnen Kandidaten sicher, effektiv und online getestet werden, in k\u00fcrzerer Zeit und mit weniger Aufwand. Die Verify-F\u00e4higkeitstestreihe besteht aus 3 Typen: verbales, numerisches und induktives Verst\u00e4ndnis. Die drei Tests k\u00f6nnen einzeln oder in beliebiger Reihenfolge absolviert werden, je nach den zu bewertenden Merkmalen. Beim verbalen Verst\u00e4ndnis soll festgestellt werden, ob ein Kandidat die Logik verschiedener schriftlicher Argumente beurteilen kann. Der Test misst die F\u00e4higkeit, festzustellen, inwieweit Schlussfolgerungen aus Inhalten, die f\u00fcr verschiedene Arbeitsumgebungen typisch sind, tats\u00e4chlich unterst\u00fctzt werden.\" \/>\n<meta property=\"og:url\" content=\"https:\/\/hrmforce.com\/de\/shop\/auswahl\/verify-verbal\/\" \/>\n<meta property=\"og:site_name\" content=\"hrmforce\" \/>\n<meta property=\"article:publisher\" content=\"https:\/\/www.facebook.com\/hrmforceNL\/\" \/>\n<meta property=\"og:image\" content=\"https:\/\/hrmforce.com\/wp-content\/uploads\/2021\/02\/Generaltesticon.jpg\" \/>\n\t<meta property=\"og:image:width\" content=\"322\" \/>\n\t<meta property=\"og:image:height\" content=\"321\" \/>\n\t<meta property=\"og:image:type\" content=\"image\/jpeg\" \/>\n<meta name=\"twitter:card\" content=\"summary_large_image\" \/>\n<script type=\"application\/ld+json\" class=\"yoast-schema-graph\">{\"@context\":\"https:\/\/schema.org\",\"@graph\":[{\"@type\":\"WebPage\",\"@id\":\"https:\/\/hrmforce.com\/de\/shop\/auswahl\/verify-verbal\/\",\"url\":\"https:\/\/hrmforce.com\/de\/shop\/auswahl\/verify-verbal\/\",\"name\":\"Verify Verbal - hrmforce\",\"isPartOf\":{\"@id\":\"https:\/\/hrmforce.com\/de\/#website\"},\"primaryImageOfPage\":{\"@id\":\"https:\/\/hrmforce.com\/de\/shop\/auswahl\/verify-verbal\/#primaryimage\"},\"image\":{\"@id\":\"https:\/\/hrmforce.com\/de\/shop\/auswahl\/verify-verbal\/#primaryimage\"},\"thumbnailUrl\":\"https:\/\/hrmforce.com\/wp-content\/uploads\/2021\/02\/Generaltesticon.jpg\",\"datePublished\":\"2021-02-26T13:24:58+00:00\",\"breadcrumb\":{\"@id\":\"https:\/\/hrmforce.com\/de\/shop\/auswahl\/verify-verbal\/#breadcrumb\"},\"inLanguage\":\"de\",\"potentialAction\":[{\"@type\":\"ReadAction\",\"target\":[\"https:\/\/hrmforce.com\/de\/shop\/auswahl\/verify-verbal\/\"]}]},{\"@type\":\"ImageObject\",\"inLanguage\":\"de\",\"@id\":\"https:\/\/hrmforce.com\/de\/shop\/auswahl\/verify-verbal\/#primaryimage\",\"url\":\"https:\/\/hrmforce.com\/wp-content\/uploads\/2021\/02\/Generaltesticon.jpg\",\"contentUrl\":\"https:\/\/hrmforce.com\/wp-content\/uploads\/2021\/02\/Generaltesticon.jpg\",\"width\":322,\"height\":321},{\"@type\":\"BreadcrumbList\",\"@id\":\"https:\/\/hrmforce.com\/de\/shop\/auswahl\/verify-verbal\/#breadcrumb\",\"itemListElement\":[{\"@type\":\"ListItem\",\"position\":1,\"name\":\"Home\",\"item\":\"https:\/\/hrmforce.com\/de\/\"},{\"@type\":\"ListItem\",\"position\":2,\"name\":\"Shop\",\"item\":\"https:\/\/hrmforce.com\/de\/shop\/\"},{\"@type\":\"ListItem\",\"position\":3,\"name\":\"Verify Verbal\"}]},{\"@type\":\"WebSite\",\"@id\":\"https:\/\/hrmforce.com\/de\/#website\",\"url\":\"https:\/\/hrmforce.com\/de\/\",\"name\":\"hrmforce\",\"description\":\"people \u2022 performance \u2022 analytics\",\"publisher\":{\"@id\":\"https:\/\/hrmforce.com\/de\/#organization\"},\"potentialAction\":[{\"@type\":\"SearchAction\",\"target\":{\"@type\":\"EntryPoint\",\"urlTemplate\":\"https:\/\/hrmforce.com\/de\/?s={search_term_string}\"},\"query-input\":{\"@type\":\"PropertyValueSpecification\",\"valueRequired\":true,\"valueName\":\"search_term_string\"}}],\"inLanguage\":\"de\"},{\"@type\":\"Organization\",\"@id\":\"https:\/\/hrmforce.com\/de\/#organization\",\"name\":\"hrmforce\",\"url\":\"https:\/\/hrmforce.com\/de\/\",\"logo\":{\"@type\":\"ImageObject\",\"inLanguage\":\"de\",\"@id\":\"https:\/\/hrmforce.com\/de\/#\/schema\/logo\/image\/\",\"url\":\"https:\/\/hrmforce.com\/wp-content\/uploads\/2018\/08\/logo-hrmforce.png\",\"contentUrl\":\"https:\/\/hrmforce.com\/wp-content\/uploads\/2018\/08\/logo-hrmforce.png\",\"width\":833,\"height\":189,\"caption\":\"hrmforce\"},\"image\":{\"@id\":\"https:\/\/hrmforce.com\/de\/#\/schema\/logo\/image\/\"},\"sameAs\":[\"https:\/\/www.facebook.com\/hrmforceNL\/\",\"https:\/\/www.linkedin.com\/company\/hrmforce\/\"]}]}<\/script>\n<!-- \/ Yoast SEO plugin. -->","yoast_head_json":{"title":"Verify Verbal - hrmforce","robots":{"index":"index","follow":"follow","max-snippet":"max-snippet:-1","max-image-preview":"max-image-preview:large","max-video-preview":"max-video-preview:-1"},"canonical":"https:\/\/hrmforce.com\/de\/shop\/auswahl\/verify-verbal\/","og_locale":"de_DE","og_type":"article","og_title":"Verify Verbal - hrmforce","og_description":"Verify ist eine Komplettl\u00f6sung, die auf einzigartige Weise kognitive F\u00e4higkeitstests, Sicherheitsma\u00dfnahmen und einen wissenschaftlichen Verifizierungsprozess kombiniert. Mit Verify k\u00f6nnen Kandidaten sicher, effektiv und online getestet werden, in k\u00fcrzerer Zeit und mit weniger Aufwand. Die Verify-F\u00e4higkeitstestreihe besteht aus 3 Typen: verbales, numerisches und induktives Verst\u00e4ndnis. Die drei Tests k\u00f6nnen einzeln oder in beliebiger Reihenfolge absolviert werden, je nach den zu bewertenden Merkmalen. Beim verbalen Verst\u00e4ndnis soll festgestellt werden, ob ein Kandidat die Logik verschiedener schriftlicher Argumente beurteilen kann. Der Test misst die F\u00e4higkeit, festzustellen, inwieweit Schlussfolgerungen aus Inhalten, die f\u00fcr verschiedene Arbeitsumgebungen typisch sind, tats\u00e4chlich unterst\u00fctzt werden.","og_url":"https:\/\/hrmforce.com\/de\/shop\/auswahl\/verify-verbal\/","og_site_name":"hrmforce","article_publisher":"https:\/\/www.facebook.com\/hrmforceNL\/","og_image":[{"width":322,"height":321,"url":"https:\/\/hrmforce.com\/wp-content\/uploads\/2021\/02\/Generaltesticon.jpg","type":"image\/jpeg"}],"twitter_card":"summary_large_image","schema":{"@context":"https:\/\/schema.org","@graph":[{"@type":"WebPage","@id":"https:\/\/hrmforce.com\/de\/shop\/auswahl\/verify-verbal\/","url":"https:\/\/hrmforce.com\/de\/shop\/auswahl\/verify-verbal\/","name":"Verify Verbal - hrmforce","isPartOf":{"@id":"https:\/\/hrmforce.com\/de\/#website"},"primaryImageOfPage":{"@id":"https:\/\/hrmforce.com\/de\/shop\/auswahl\/verify-verbal\/#primaryimage"},"image":{"@id":"https:\/\/hrmforce.com\/de\/shop\/auswahl\/verify-verbal\/#primaryimage"},"thumbnailUrl":"https:\/\/hrmforce.com\/wp-content\/uploads\/2021\/02\/Generaltesticon.jpg","datePublished":"2021-02-26T13:24:58+00:00","breadcrumb":{"@id":"https:\/\/hrmforce.com\/de\/shop\/auswahl\/verify-verbal\/#breadcrumb"},"inLanguage":"de","potentialAction":[{"@type":"ReadAction","target":["https:\/\/hrmforce.com\/de\/shop\/auswahl\/verify-verbal\/"]}]},{"@type":"ImageObject","inLanguage":"de","@id":"https:\/\/hrmforce.com\/de\/shop\/auswahl\/verify-verbal\/#primaryimage","url":"https:\/\/hrmforce.com\/wp-content\/uploads\/2021\/02\/Generaltesticon.jpg","contentUrl":"https:\/\/hrmforce.com\/wp-content\/uploads\/2021\/02\/Generaltesticon.jpg","width":322,"height":321},{"@type":"BreadcrumbList","@id":"https:\/\/hrmforce.com\/de\/shop\/auswahl\/verify-verbal\/#breadcrumb","itemListElement":[{"@type":"ListItem","position":1,"name":"Home","item":"https:\/\/hrmforce.com\/de\/"},{"@type":"ListItem","position":2,"name":"Shop","item":"https:\/\/hrmforce.com\/de\/shop\/"},{"@type":"ListItem","position":3,"name":"Verify Verbal"}]},{"@type":"WebSite","@id":"https:\/\/hrmforce.com\/de\/#website","url":"https:\/\/hrmforce.com\/de\/","name":"hrmforce","description":"people \u2022 performance \u2022 analytics","publisher":{"@id":"https:\/\/hrmforce.com\/de\/#organization"},"potentialAction":[{"@type":"SearchAction","target":{"@type":"EntryPoint","urlTemplate":"https:\/\/hrmforce.com\/de\/?s={search_term_string}"},"query-input":{"@type":"PropertyValueSpecification","valueRequired":true,"valueName":"search_term_string"}}],"inLanguage":"de"},{"@type":"Organization","@id":"https:\/\/hrmforce.com\/de\/#organization","name":"hrmforce","url":"https:\/\/hrmforce.com\/de\/","logo":{"@type":"ImageObject","inLanguage":"de","@id":"https:\/\/hrmforce.com\/de\/#\/schema\/logo\/image\/","url":"https:\/\/hrmforce.com\/wp-content\/uploads\/2018\/08\/logo-hrmforce.png","contentUrl":"https:\/\/hrmforce.com\/wp-content\/uploads\/2018\/08\/logo-hrmforce.png","width":833,"height":189,"caption":"hrmforce"},"image":{"@id":"https:\/\/hrmforce.com\/de\/#\/schema\/logo\/image\/"},"sameAs":["https:\/\/www.facebook.com\/hrmforceNL\/","https:\/\/www.linkedin.com\/company\/hrmforce\/"]}]}},"_links":{"self":[{"href":"https:\/\/hrmforce.com\/de\/wp-json\/wp\/v2\/product\/18977","targetHints":{"allow":["GET"]}}],"collection":[{"href":"https:\/\/hrmforce.com\/de\/wp-json\/wp\/v2\/product"}],"about":[{"href":"https:\/\/hrmforce.com\/de\/wp-json\/wp\/v2\/types\/product"}],"wp:featuredmedia":[{"embeddable":true,"href":"https:\/\/hrmforce.com\/de\/wp-json\/wp\/v2\/media\/17879"}],"wp:attachment":[{"href":"https:\/\/hrmforce.com\/de\/wp-json\/wp\/v2\/media?parent=18977"}],"wp:term":[{"taxonomy":"product_brand","embeddable":true,"href":"https:\/\/hrmforce.com\/de\/wp-json\/wp\/v2\/product_brand?post=18977"},{"taxonomy":"product_cat","embeddable":true,"href":"https:\/\/hrmforce.com\/de\/wp-json\/wp\/v2\/product_cat?post=18977"},{"taxonomy":"product_tag","embeddable":true,"href":"https:\/\/hrmforce.com\/de\/wp-json\/wp\/v2\/product_tag?post=18977"}],"curies":[{"name":"wp","href":"https:\/\/api.w.org\/{rel}","templated":true}]}}