{"id":18987,"date":"2021-02-26T09:53:05","date_gmt":"2021-02-26T08:53:05","guid":{"rendered":"https:\/\/hrmforce.com\/product\/mq-bericht-motivational-questionnaire\/"},"modified":"2021-02-26T09:53:05","modified_gmt":"2021-02-26T08:53:05","slug":"mq-bericht-motivational-questionnaire","status":"publish","type":"product","link":"https:\/\/hrmforce.com\/de\/shop\/auswahl\/mq-bericht-motivational-questionnaire\/","title":{"rendered":"MQ-Bericht (Motivational Questionnaire)"},"content":{"rendered":"<p>Der Motivationsfragebogen misst 18 Dimensionen auf einer pers\u00f6nlichen Ebene. Sie liefern ein strukturiertes Bild von Situationen und Aufgaben, die das Beste in einer Person hervorbringen. Motivation leistet einen einzigartigen Beitrag zu unseren Bem\u00fchungen, die Ursachen f\u00fcr erfolgreiche Leistung zu ermitteln, ebenso wie uns Erkenntnisse \u00fcber Pers\u00f6nlichkeit, F\u00e4higkeiten und Wissen dabei helfen. HINWEIS: ALLE PREISE BEINHALTEN DEN\/DIE ZUGRUNDE LIEGENDEN FRAGEBOGEN UND SCHLIESSEN BEARBEITUNGS-, SERVICE- UND VERWALTUNGSKOSTEN EIN. F\u00dcR GR\u00d6SSERE MENGEN ODER IHR EIGENES TESTPORTAL KONTAKTIEREN SIE UNS BITTE UNTER +31 88 88 321 88 ODER SERVICE@HRMFORCE.COM.<\/p>\n","protected":false},"excerpt":{"rendered":"<p>Der Motivationsfragebogen misst 18 Dimensionen auf einer pers\u00f6nlichen Ebene. Sie bieten ein strukturiertes Bild von Situationen und Aufgaben, die das Beste in einem Menschen hervorbringen. Motivation leistet einen einzigartigen Beitrag zu unseren Bem\u00fchungen, die Ursachen f\u00fcr erfolgreiche Leistungen zu ermitteln, ebenso wie das Verst\u00e4ndnis von Pers\u00f6nlichkeit, F\u00e4higkeiten und Wissen.<\/p>\n","protected":false},"featured_media":17879,"template":"","meta":{"_acf_changed":false,"inline_featured_image":false},"product_brand":[],"product_cat":[940,963,968],"product_tag":[],"class_list":{"0":"post-18987","1":"product","2":"type-product","3":"status-publish","4":"has-post-thumbnail","6":"product_cat-auswahl","7":"product_cat-motivation-de","8":"product_cat-shl-de","10":"first","11":"instock","12":"taxable","13":"shipping-taxable","14":"purchasable","15":"product-type-simple"},"acf":[],"yoast_head":"<!-- This site is optimized with the Yoast SEO plugin v27.1.1 - https:\/\/yoast.com\/product\/yoast-seo-wordpress\/ -->\n<title>MQ-Bericht (Motivational Questionnaire) - hrmforce<\/title>\n<meta name=\"robots\" content=\"index, follow, max-snippet:-1, max-image-preview:large, max-video-preview:-1\" \/>\n<link rel=\"canonical\" href=\"https:\/\/hrmforce.com\/de\/shop\/auswahl\/mq-bericht-motivational-questionnaire\/\" \/>\n<meta property=\"og:locale\" content=\"de_DE\" \/>\n<meta property=\"og:type\" content=\"article\" \/>\n<meta property=\"og:title\" content=\"MQ-Bericht (Motivational Questionnaire) - hrmforce\" \/>\n<meta property=\"og:description\" content=\"Der Motivationsfragebogen misst 18 Dimensionen auf einer pers\u00f6nlichen Ebene. Sie bieten ein strukturiertes Bild von Situationen und Aufgaben, die das Beste in einem Menschen hervorbringen. Motivation leistet einen einzigartigen Beitrag zu unseren Bem\u00fchungen, die Ursachen f\u00fcr erfolgreiche Leistungen zu ermitteln, ebenso wie das Verst\u00e4ndnis von Pers\u00f6nlichkeit, F\u00e4higkeiten und Wissen.\" \/>\n<meta property=\"og:url\" content=\"https:\/\/hrmforce.com\/de\/shop\/auswahl\/mq-bericht-motivational-questionnaire\/\" \/>\n<meta property=\"og:site_name\" content=\"hrmforce\" \/>\n<meta property=\"article:publisher\" content=\"https:\/\/www.facebook.com\/hrmforceNL\/\" \/>\n<meta property=\"og:image\" content=\"https:\/\/hrmforce.com\/wp-content\/uploads\/2021\/02\/Generaltesticon.jpg\" \/>\n\t<meta property=\"og:image:width\" content=\"322\" \/>\n\t<meta property=\"og:image:height\" content=\"321\" \/>\n\t<meta property=\"og:image:type\" content=\"image\/jpeg\" \/>\n<meta name=\"twitter:card\" content=\"summary_large_image\" \/>\n<script type=\"application\/ld+json\" class=\"yoast-schema-graph\">{\"@context\":\"https:\/\/schema.org\",\"@graph\":[{\"@type\":\"WebPage\",\"@id\":\"https:\/\/hrmforce.com\/de\/shop\/auswahl\/mq-bericht-motivational-questionnaire\/\",\"url\":\"https:\/\/hrmforce.com\/de\/shop\/auswahl\/mq-bericht-motivational-questionnaire\/\",\"name\":\"MQ-Bericht (Motivational Questionnaire) - hrmforce\",\"isPartOf\":{\"@id\":\"https:\/\/hrmforce.com\/de\/#website\"},\"primaryImageOfPage\":{\"@id\":\"https:\/\/hrmforce.com\/de\/shop\/auswahl\/mq-bericht-motivational-questionnaire\/#primaryimage\"},\"image\":{\"@id\":\"https:\/\/hrmforce.com\/de\/shop\/auswahl\/mq-bericht-motivational-questionnaire\/#primaryimage\"},\"thumbnailUrl\":\"https:\/\/hrmforce.com\/wp-content\/uploads\/2021\/02\/Generaltesticon.jpg\",\"datePublished\":\"2021-02-26T08:53:05+00:00\",\"breadcrumb\":{\"@id\":\"https:\/\/hrmforce.com\/de\/shop\/auswahl\/mq-bericht-motivational-questionnaire\/#breadcrumb\"},\"inLanguage\":\"de\",\"potentialAction\":[{\"@type\":\"ReadAction\",\"target\":[\"https:\/\/hrmforce.com\/de\/shop\/auswahl\/mq-bericht-motivational-questionnaire\/\"]}]},{\"@type\":\"ImageObject\",\"inLanguage\":\"de\",\"@id\":\"https:\/\/hrmforce.com\/de\/shop\/auswahl\/mq-bericht-motivational-questionnaire\/#primaryimage\",\"url\":\"https:\/\/hrmforce.com\/wp-content\/uploads\/2021\/02\/Generaltesticon.jpg\",\"contentUrl\":\"https:\/\/hrmforce.com\/wp-content\/uploads\/2021\/02\/Generaltesticon.jpg\",\"width\":322,\"height\":321},{\"@type\":\"BreadcrumbList\",\"@id\":\"https:\/\/hrmforce.com\/de\/shop\/auswahl\/mq-bericht-motivational-questionnaire\/#breadcrumb\",\"itemListElement\":[{\"@type\":\"ListItem\",\"position\":1,\"name\":\"Home\",\"item\":\"https:\/\/hrmforce.com\/de\/\"},{\"@type\":\"ListItem\",\"position\":2,\"name\":\"Shop\",\"item\":\"https:\/\/hrmforce.com\/de\/shop\/\"},{\"@type\":\"ListItem\",\"position\":3,\"name\":\"MQ-Bericht (Motivational Questionnaire)\"}]},{\"@type\":\"WebSite\",\"@id\":\"https:\/\/hrmforce.com\/de\/#website\",\"url\":\"https:\/\/hrmforce.com\/de\/\",\"name\":\"hrmforce\",\"description\":\"people \u2022 performance \u2022 analytics\",\"publisher\":{\"@id\":\"https:\/\/hrmforce.com\/de\/#organization\"},\"potentialAction\":[{\"@type\":\"SearchAction\",\"target\":{\"@type\":\"EntryPoint\",\"urlTemplate\":\"https:\/\/hrmforce.com\/de\/?s={search_term_string}\"},\"query-input\":{\"@type\":\"PropertyValueSpecification\",\"valueRequired\":true,\"valueName\":\"search_term_string\"}}],\"inLanguage\":\"de\"},{\"@type\":\"Organization\",\"@id\":\"https:\/\/hrmforce.com\/de\/#organization\",\"name\":\"hrmforce\",\"url\":\"https:\/\/hrmforce.com\/de\/\",\"logo\":{\"@type\":\"ImageObject\",\"inLanguage\":\"de\",\"@id\":\"https:\/\/hrmforce.com\/de\/#\/schema\/logo\/image\/\",\"url\":\"https:\/\/hrmforce.com\/wp-content\/uploads\/2018\/08\/logo-hrmforce.png\",\"contentUrl\":\"https:\/\/hrmforce.com\/wp-content\/uploads\/2018\/08\/logo-hrmforce.png\",\"width\":833,\"height\":189,\"caption\":\"hrmforce\"},\"image\":{\"@id\":\"https:\/\/hrmforce.com\/de\/#\/schema\/logo\/image\/\"},\"sameAs\":[\"https:\/\/www.facebook.com\/hrmforceNL\/\",\"https:\/\/www.linkedin.com\/company\/hrmforce\/\"]}]}<\/script>\n<!-- \/ Yoast SEO plugin. -->","yoast_head_json":{"title":"MQ-Bericht (Motivational Questionnaire) - hrmforce","robots":{"index":"index","follow":"follow","max-snippet":"max-snippet:-1","max-image-preview":"max-image-preview:large","max-video-preview":"max-video-preview:-1"},"canonical":"https:\/\/hrmforce.com\/de\/shop\/auswahl\/mq-bericht-motivational-questionnaire\/","og_locale":"de_DE","og_type":"article","og_title":"MQ-Bericht (Motivational Questionnaire) - hrmforce","og_description":"Der Motivationsfragebogen misst 18 Dimensionen auf einer pers\u00f6nlichen Ebene. Sie bieten ein strukturiertes Bild von Situationen und Aufgaben, die das Beste in einem Menschen hervorbringen. Motivation leistet einen einzigartigen Beitrag zu unseren Bem\u00fchungen, die Ursachen f\u00fcr erfolgreiche Leistungen zu ermitteln, ebenso wie das Verst\u00e4ndnis von Pers\u00f6nlichkeit, F\u00e4higkeiten und Wissen.","og_url":"https:\/\/hrmforce.com\/de\/shop\/auswahl\/mq-bericht-motivational-questionnaire\/","og_site_name":"hrmforce","article_publisher":"https:\/\/www.facebook.com\/hrmforceNL\/","og_image":[{"width":322,"height":321,"url":"https:\/\/hrmforce.com\/wp-content\/uploads\/2021\/02\/Generaltesticon.jpg","type":"image\/jpeg"}],"twitter_card":"summary_large_image","schema":{"@context":"https:\/\/schema.org","@graph":[{"@type":"WebPage","@id":"https:\/\/hrmforce.com\/de\/shop\/auswahl\/mq-bericht-motivational-questionnaire\/","url":"https:\/\/hrmforce.com\/de\/shop\/auswahl\/mq-bericht-motivational-questionnaire\/","name":"MQ-Bericht (Motivational Questionnaire) - hrmforce","isPartOf":{"@id":"https:\/\/hrmforce.com\/de\/#website"},"primaryImageOfPage":{"@id":"https:\/\/hrmforce.com\/de\/shop\/auswahl\/mq-bericht-motivational-questionnaire\/#primaryimage"},"image":{"@id":"https:\/\/hrmforce.com\/de\/shop\/auswahl\/mq-bericht-motivational-questionnaire\/#primaryimage"},"thumbnailUrl":"https:\/\/hrmforce.com\/wp-content\/uploads\/2021\/02\/Generaltesticon.jpg","datePublished":"2021-02-26T08:53:05+00:00","breadcrumb":{"@id":"https:\/\/hrmforce.com\/de\/shop\/auswahl\/mq-bericht-motivational-questionnaire\/#breadcrumb"},"inLanguage":"de","potentialAction":[{"@type":"ReadAction","target":["https:\/\/hrmforce.com\/de\/shop\/auswahl\/mq-bericht-motivational-questionnaire\/"]}]},{"@type":"ImageObject","inLanguage":"de","@id":"https:\/\/hrmforce.com\/de\/shop\/auswahl\/mq-bericht-motivational-questionnaire\/#primaryimage","url":"https:\/\/hrmforce.com\/wp-content\/uploads\/2021\/02\/Generaltesticon.jpg","contentUrl":"https:\/\/hrmforce.com\/wp-content\/uploads\/2021\/02\/Generaltesticon.jpg","width":322,"height":321},{"@type":"BreadcrumbList","@id":"https:\/\/hrmforce.com\/de\/shop\/auswahl\/mq-bericht-motivational-questionnaire\/#breadcrumb","itemListElement":[{"@type":"ListItem","position":1,"name":"Home","item":"https:\/\/hrmforce.com\/de\/"},{"@type":"ListItem","position":2,"name":"Shop","item":"https:\/\/hrmforce.com\/de\/shop\/"},{"@type":"ListItem","position":3,"name":"MQ-Bericht (Motivational Questionnaire)"}]},{"@type":"WebSite","@id":"https:\/\/hrmforce.com\/de\/#website","url":"https:\/\/hrmforce.com\/de\/","name":"hrmforce","description":"people \u2022 performance \u2022 analytics","publisher":{"@id":"https:\/\/hrmforce.com\/de\/#organization"},"potentialAction":[{"@type":"SearchAction","target":{"@type":"EntryPoint","urlTemplate":"https:\/\/hrmforce.com\/de\/?s={search_term_string}"},"query-input":{"@type":"PropertyValueSpecification","valueRequired":true,"valueName":"search_term_string"}}],"inLanguage":"de"},{"@type":"Organization","@id":"https:\/\/hrmforce.com\/de\/#organization","name":"hrmforce","url":"https:\/\/hrmforce.com\/de\/","logo":{"@type":"ImageObject","inLanguage":"de","@id":"https:\/\/hrmforce.com\/de\/#\/schema\/logo\/image\/","url":"https:\/\/hrmforce.com\/wp-content\/uploads\/2018\/08\/logo-hrmforce.png","contentUrl":"https:\/\/hrmforce.com\/wp-content\/uploads\/2018\/08\/logo-hrmforce.png","width":833,"height":189,"caption":"hrmforce"},"image":{"@id":"https:\/\/hrmforce.com\/de\/#\/schema\/logo\/image\/"},"sameAs":["https:\/\/www.facebook.com\/hrmforceNL\/","https:\/\/www.linkedin.com\/company\/hrmforce\/"]}]}},"_links":{"self":[{"href":"https:\/\/hrmforce.com\/de\/wp-json\/wp\/v2\/product\/18987","targetHints":{"allow":["GET"]}}],"collection":[{"href":"https:\/\/hrmforce.com\/de\/wp-json\/wp\/v2\/product"}],"about":[{"href":"https:\/\/hrmforce.com\/de\/wp-json\/wp\/v2\/types\/product"}],"wp:featuredmedia":[{"embeddable":true,"href":"https:\/\/hrmforce.com\/de\/wp-json\/wp\/v2\/media\/17879"}],"wp:attachment":[{"href":"https:\/\/hrmforce.com\/de\/wp-json\/wp\/v2\/media?parent=18987"}],"wp:term":[{"taxonomy":"product_brand","embeddable":true,"href":"https:\/\/hrmforce.com\/de\/wp-json\/wp\/v2\/product_brand?post=18987"},{"taxonomy":"product_cat","embeddable":true,"href":"https:\/\/hrmforce.com\/de\/wp-json\/wp\/v2\/product_cat?post=18987"},{"taxonomy":"product_tag","embeddable":true,"href":"https:\/\/hrmforce.com\/de\/wp-json\/wp\/v2\/product_tag?post=18987"}],"curies":[{"name":"wp","href":"https:\/\/api.w.org\/{rel}","templated":true}]}}