{"id":18988,"date":"2021-02-26T09:51:09","date_gmt":"2021-02-26T08:51:09","guid":{"rendered":"https:\/\/hrmforce.com\/product\/manager-plus-bericht\/"},"modified":"2021-02-26T09:51:09","modified_gmt":"2021-02-26T08:51:09","slug":"manager-plus-bericht","status":"publish","type":"product","link":"https:\/\/hrmforce.com\/de\/shop\/personlichkeit\/manager-plus-bericht\/","title":{"rendered":"Manager Plus-Bericht"},"content":{"rendered":"<p>Der Manager Plus-Bericht basiert auf dem OPQ und wurde speziell f\u00fcr die Verwendung durch Personalverantwortliche und Vorgesetzte entwickelt. Er enth\u00e4lt alle Arten von Informationen, die die Auswahlentscheidungen unterst\u00fctzen. Der Bericht gibt einen \u00dcberblick dar\u00fcber, wie eine Person am liebsten arbeitet, d. h. \u00fcber ihr Arbeitsverhalten (Umgang mit anderen Menschen, Herangehensweise an Aufgaben und Gef\u00fchle), den voraussichtlichen Einfluss des Kandidaten auf das Team und die voraussichtliche Leistung bei den Kompetenzen. HINWEIS: ALLE PREISE BEINHALTEN DEN\/DIE ZUGRUNDE LIEGENDEN FRAGEBOGEN UND BEINHALTEN BEARBEITUNGS-, SERVICE- UND VERWALTUNGSKOSTEN. F\u00dcR GR\u00d6SSERE MENGEN ODER IHR EIGENES TESTPORTAL KONTAKTIEREN SIE UNS BITTE UNTER +31 88 88 321 88 ODER SERVICE@HRMFORCE.COM.<\/p>\n","protected":false},"excerpt":{"rendered":"<p>Der Manager Plus-Bericht basiert auf dem OPQ und wurde speziell f\u00fcr die Verwendung durch Personalverantwortliche und Vorgesetzte entwickelt. Er enth\u00e4lt alle Arten von Informationen, die die Auswahlentscheidungen unterst\u00fctzen. Der Bericht gibt einen \u00dcberblick dar\u00fcber, wie jemand am liebsten arbeitet, oder anders ausgedr\u00fcckt, \u00fcber sein Verhalten am Arbeitsplatz (Umgang mit anderen Menschen, Herangehen an Aufgaben sowie Gef\u00fchle und Emotionen), den voraussichtlichen Einfluss des Kandidaten auf das Team und die voraussichtliche Leistung bei den Kompetenzen.<\/p>\n","protected":false},"featured_media":17879,"template":"","meta":{"_acf_changed":false,"inline_featured_image":false},"product_brand":[],"product_cat":[940,939,968],"product_tag":[],"class_list":{"0":"post-18988","1":"product","2":"type-product","3":"status-publish","4":"has-post-thumbnail","6":"product_cat-auswahl","7":"product_cat-personlichkeit","8":"product_cat-shl-de","10":"first","11":"instock","12":"taxable","13":"shipping-taxable","14":"purchasable","15":"product-type-simple"},"acf":[],"yoast_head":"<!-- This site is optimized with the Yoast SEO plugin v27.1.1 - https:\/\/yoast.com\/product\/yoast-seo-wordpress\/ -->\n<title>Manager Plus-Bericht - hrmforce<\/title>\n<meta name=\"robots\" content=\"index, follow, max-snippet:-1, max-image-preview:large, max-video-preview:-1\" \/>\n<link rel=\"canonical\" href=\"https:\/\/hrmforce.com\/de\/shop\/personlichkeit\/manager-plus-bericht\/\" \/>\n<meta property=\"og:locale\" content=\"de_DE\" \/>\n<meta property=\"og:type\" content=\"article\" \/>\n<meta property=\"og:title\" content=\"Manager Plus-Bericht - hrmforce\" \/>\n<meta property=\"og:description\" content=\"Der Manager Plus-Bericht basiert auf dem OPQ und wurde speziell f\u00fcr die Verwendung durch Personalverantwortliche und Vorgesetzte entwickelt. Er enth\u00e4lt alle Arten von Informationen, die die Auswahlentscheidungen unterst\u00fctzen. Der Bericht gibt einen \u00dcberblick dar\u00fcber, wie jemand am liebsten arbeitet, oder anders ausgedr\u00fcckt, \u00fcber sein Verhalten am Arbeitsplatz (Umgang mit anderen Menschen, Herangehen an Aufgaben sowie Gef\u00fchle und Emotionen), den voraussichtlichen Einfluss des Kandidaten auf das Team und die voraussichtliche Leistung bei den Kompetenzen.\" \/>\n<meta property=\"og:url\" content=\"https:\/\/hrmforce.com\/de\/shop\/personlichkeit\/manager-plus-bericht\/\" \/>\n<meta property=\"og:site_name\" content=\"hrmforce\" \/>\n<meta property=\"article:publisher\" content=\"https:\/\/www.facebook.com\/hrmforceNL\/\" \/>\n<meta property=\"og:image\" content=\"https:\/\/hrmforce.com\/wp-content\/uploads\/2021\/02\/Generaltesticon.jpg\" \/>\n\t<meta property=\"og:image:width\" content=\"322\" \/>\n\t<meta property=\"og:image:height\" content=\"321\" \/>\n\t<meta property=\"og:image:type\" content=\"image\/jpeg\" \/>\n<meta name=\"twitter:card\" content=\"summary_large_image\" \/>\n<meta name=\"twitter:label1\" content=\"Gesch\u00e4tzte Lesezeit\" \/>\n\t<meta name=\"twitter:data1\" content=\"1\u00a0Minute\" \/>\n<script type=\"application\/ld+json\" class=\"yoast-schema-graph\">{\"@context\":\"https:\/\/schema.org\",\"@graph\":[{\"@type\":\"WebPage\",\"@id\":\"https:\/\/hrmforce.com\/de\/shop\/personlichkeit\/manager-plus-bericht\/\",\"url\":\"https:\/\/hrmforce.com\/de\/shop\/personlichkeit\/manager-plus-bericht\/\",\"name\":\"Manager Plus-Bericht - hrmforce\",\"isPartOf\":{\"@id\":\"https:\/\/hrmforce.com\/de\/#website\"},\"primaryImageOfPage\":{\"@id\":\"https:\/\/hrmforce.com\/de\/shop\/personlichkeit\/manager-plus-bericht\/#primaryimage\"},\"image\":{\"@id\":\"https:\/\/hrmforce.com\/de\/shop\/personlichkeit\/manager-plus-bericht\/#primaryimage\"},\"thumbnailUrl\":\"https:\/\/hrmforce.com\/wp-content\/uploads\/2021\/02\/Generaltesticon.jpg\",\"datePublished\":\"2021-02-26T08:51:09+00:00\",\"breadcrumb\":{\"@id\":\"https:\/\/hrmforce.com\/de\/shop\/personlichkeit\/manager-plus-bericht\/#breadcrumb\"},\"inLanguage\":\"de\",\"potentialAction\":[{\"@type\":\"ReadAction\",\"target\":[\"https:\/\/hrmforce.com\/de\/shop\/personlichkeit\/manager-plus-bericht\/\"]}]},{\"@type\":\"ImageObject\",\"inLanguage\":\"de\",\"@id\":\"https:\/\/hrmforce.com\/de\/shop\/personlichkeit\/manager-plus-bericht\/#primaryimage\",\"url\":\"https:\/\/hrmforce.com\/wp-content\/uploads\/2021\/02\/Generaltesticon.jpg\",\"contentUrl\":\"https:\/\/hrmforce.com\/wp-content\/uploads\/2021\/02\/Generaltesticon.jpg\",\"width\":322,\"height\":321},{\"@type\":\"BreadcrumbList\",\"@id\":\"https:\/\/hrmforce.com\/de\/shop\/personlichkeit\/manager-plus-bericht\/#breadcrumb\",\"itemListElement\":[{\"@type\":\"ListItem\",\"position\":1,\"name\":\"Home\",\"item\":\"https:\/\/hrmforce.com\/de\/\"},{\"@type\":\"ListItem\",\"position\":2,\"name\":\"Shop\",\"item\":\"https:\/\/hrmforce.com\/de\/shop\/\"},{\"@type\":\"ListItem\",\"position\":3,\"name\":\"Manager Plus-Bericht\"}]},{\"@type\":\"WebSite\",\"@id\":\"https:\/\/hrmforce.com\/de\/#website\",\"url\":\"https:\/\/hrmforce.com\/de\/\",\"name\":\"hrmforce\",\"description\":\"people \u2022 performance \u2022 analytics\",\"publisher\":{\"@id\":\"https:\/\/hrmforce.com\/de\/#organization\"},\"potentialAction\":[{\"@type\":\"SearchAction\",\"target\":{\"@type\":\"EntryPoint\",\"urlTemplate\":\"https:\/\/hrmforce.com\/de\/?s={search_term_string}\"},\"query-input\":{\"@type\":\"PropertyValueSpecification\",\"valueRequired\":true,\"valueName\":\"search_term_string\"}}],\"inLanguage\":\"de\"},{\"@type\":\"Organization\",\"@id\":\"https:\/\/hrmforce.com\/de\/#organization\",\"name\":\"hrmforce\",\"url\":\"https:\/\/hrmforce.com\/de\/\",\"logo\":{\"@type\":\"ImageObject\",\"inLanguage\":\"de\",\"@id\":\"https:\/\/hrmforce.com\/de\/#\/schema\/logo\/image\/\",\"url\":\"https:\/\/hrmforce.com\/wp-content\/uploads\/2018\/08\/logo-hrmforce.png\",\"contentUrl\":\"https:\/\/hrmforce.com\/wp-content\/uploads\/2018\/08\/logo-hrmforce.png\",\"width\":833,\"height\":189,\"caption\":\"hrmforce\"},\"image\":{\"@id\":\"https:\/\/hrmforce.com\/de\/#\/schema\/logo\/image\/\"},\"sameAs\":[\"https:\/\/www.facebook.com\/hrmforceNL\/\",\"https:\/\/www.linkedin.com\/company\/hrmforce\/\"]}]}<\/script>\n<!-- \/ Yoast SEO plugin. -->","yoast_head_json":{"title":"Manager Plus-Bericht - hrmforce","robots":{"index":"index","follow":"follow","max-snippet":"max-snippet:-1","max-image-preview":"max-image-preview:large","max-video-preview":"max-video-preview:-1"},"canonical":"https:\/\/hrmforce.com\/de\/shop\/personlichkeit\/manager-plus-bericht\/","og_locale":"de_DE","og_type":"article","og_title":"Manager Plus-Bericht - hrmforce","og_description":"Der Manager Plus-Bericht basiert auf dem OPQ und wurde speziell f\u00fcr die Verwendung durch Personalverantwortliche und Vorgesetzte entwickelt. Er enth\u00e4lt alle Arten von Informationen, die die Auswahlentscheidungen unterst\u00fctzen. Der Bericht gibt einen \u00dcberblick dar\u00fcber, wie jemand am liebsten arbeitet, oder anders ausgedr\u00fcckt, \u00fcber sein Verhalten am Arbeitsplatz (Umgang mit anderen Menschen, Herangehen an Aufgaben sowie Gef\u00fchle und Emotionen), den voraussichtlichen Einfluss des Kandidaten auf das Team und die voraussichtliche Leistung bei den Kompetenzen.","og_url":"https:\/\/hrmforce.com\/de\/shop\/personlichkeit\/manager-plus-bericht\/","og_site_name":"hrmforce","article_publisher":"https:\/\/www.facebook.com\/hrmforceNL\/","og_image":[{"width":322,"height":321,"url":"https:\/\/hrmforce.com\/wp-content\/uploads\/2021\/02\/Generaltesticon.jpg","type":"image\/jpeg"}],"twitter_card":"summary_large_image","twitter_misc":{"Gesch\u00e4tzte Lesezeit":"1\u00a0Minute"},"schema":{"@context":"https:\/\/schema.org","@graph":[{"@type":"WebPage","@id":"https:\/\/hrmforce.com\/de\/shop\/personlichkeit\/manager-plus-bericht\/","url":"https:\/\/hrmforce.com\/de\/shop\/personlichkeit\/manager-plus-bericht\/","name":"Manager Plus-Bericht - hrmforce","isPartOf":{"@id":"https:\/\/hrmforce.com\/de\/#website"},"primaryImageOfPage":{"@id":"https:\/\/hrmforce.com\/de\/shop\/personlichkeit\/manager-plus-bericht\/#primaryimage"},"image":{"@id":"https:\/\/hrmforce.com\/de\/shop\/personlichkeit\/manager-plus-bericht\/#primaryimage"},"thumbnailUrl":"https:\/\/hrmforce.com\/wp-content\/uploads\/2021\/02\/Generaltesticon.jpg","datePublished":"2021-02-26T08:51:09+00:00","breadcrumb":{"@id":"https:\/\/hrmforce.com\/de\/shop\/personlichkeit\/manager-plus-bericht\/#breadcrumb"},"inLanguage":"de","potentialAction":[{"@type":"ReadAction","target":["https:\/\/hrmforce.com\/de\/shop\/personlichkeit\/manager-plus-bericht\/"]}]},{"@type":"ImageObject","inLanguage":"de","@id":"https:\/\/hrmforce.com\/de\/shop\/personlichkeit\/manager-plus-bericht\/#primaryimage","url":"https:\/\/hrmforce.com\/wp-content\/uploads\/2021\/02\/Generaltesticon.jpg","contentUrl":"https:\/\/hrmforce.com\/wp-content\/uploads\/2021\/02\/Generaltesticon.jpg","width":322,"height":321},{"@type":"BreadcrumbList","@id":"https:\/\/hrmforce.com\/de\/shop\/personlichkeit\/manager-plus-bericht\/#breadcrumb","itemListElement":[{"@type":"ListItem","position":1,"name":"Home","item":"https:\/\/hrmforce.com\/de\/"},{"@type":"ListItem","position":2,"name":"Shop","item":"https:\/\/hrmforce.com\/de\/shop\/"},{"@type":"ListItem","position":3,"name":"Manager Plus-Bericht"}]},{"@type":"WebSite","@id":"https:\/\/hrmforce.com\/de\/#website","url":"https:\/\/hrmforce.com\/de\/","name":"hrmforce","description":"people \u2022 performance \u2022 analytics","publisher":{"@id":"https:\/\/hrmforce.com\/de\/#organization"},"potentialAction":[{"@type":"SearchAction","target":{"@type":"EntryPoint","urlTemplate":"https:\/\/hrmforce.com\/de\/?s={search_term_string}"},"query-input":{"@type":"PropertyValueSpecification","valueRequired":true,"valueName":"search_term_string"}}],"inLanguage":"de"},{"@type":"Organization","@id":"https:\/\/hrmforce.com\/de\/#organization","name":"hrmforce","url":"https:\/\/hrmforce.com\/de\/","logo":{"@type":"ImageObject","inLanguage":"de","@id":"https:\/\/hrmforce.com\/de\/#\/schema\/logo\/image\/","url":"https:\/\/hrmforce.com\/wp-content\/uploads\/2018\/08\/logo-hrmforce.png","contentUrl":"https:\/\/hrmforce.com\/wp-content\/uploads\/2018\/08\/logo-hrmforce.png","width":833,"height":189,"caption":"hrmforce"},"image":{"@id":"https:\/\/hrmforce.com\/de\/#\/schema\/logo\/image\/"},"sameAs":["https:\/\/www.facebook.com\/hrmforceNL\/","https:\/\/www.linkedin.com\/company\/hrmforce\/"]}]}},"_links":{"self":[{"href":"https:\/\/hrmforce.com\/de\/wp-json\/wp\/v2\/product\/18988","targetHints":{"allow":["GET"]}}],"collection":[{"href":"https:\/\/hrmforce.com\/de\/wp-json\/wp\/v2\/product"}],"about":[{"href":"https:\/\/hrmforce.com\/de\/wp-json\/wp\/v2\/types\/product"}],"wp:featuredmedia":[{"embeddable":true,"href":"https:\/\/hrmforce.com\/de\/wp-json\/wp\/v2\/media\/17879"}],"wp:attachment":[{"href":"https:\/\/hrmforce.com\/de\/wp-json\/wp\/v2\/media?parent=18988"}],"wp:term":[{"taxonomy":"product_brand","embeddable":true,"href":"https:\/\/hrmforce.com\/de\/wp-json\/wp\/v2\/product_brand?post=18988"},{"taxonomy":"product_cat","embeddable":true,"href":"https:\/\/hrmforce.com\/de\/wp-json\/wp\/v2\/product_cat?post=18988"},{"taxonomy":"product_tag","embeddable":true,"href":"https:\/\/hrmforce.com\/de\/wp-json\/wp\/v2\/product_tag?post=18988"}],"curies":[{"name":"wp","href":"https:\/\/api.w.org\/{rel}","templated":true}]}}