{"id":18994,"date":"2021-02-25T14:16:27","date_gmt":"2021-02-25T13:16:27","guid":{"rendered":"https:\/\/hrmforce.com\/product\/logiks-verbal\/"},"modified":"2021-02-25T14:16:27","modified_gmt":"2021-02-25T13:16:27","slug":"logiks-verbal","status":"publish","type":"product","link":"https:\/\/hrmforce.com\/de\/shop\/auswahl\/logiks-verbal\/","title":{"rendered":"Logiks Verbal"},"content":{"rendered":"<p>Ein besseres Verst\u00e4ndnis der F\u00e4higkeiten aktueller und potenzieller Mitarbeiter erm\u00f6glicht fundierte Entscheidungen. Au\u00dferdem spart es Zeit und tr\u00e4gt zur Verbesserung der Leistung bei. Kapazit\u00e4tstests sind in dieser Hinsicht ein weit verbreitetes Instrument und einer der besten Pr\u00e4diktoren f\u00fcr die Arbeitsleistung. Kapazit\u00e4tstests sind nicht ohne Grund ein wichtiger Bestandteil von Bewerbungs- und Auswahlverfahren. Die Beurteilung von F\u00e4higkeiten war noch nie so einfach. Logiks nutzt wissenschaftlich fundierte Erkenntnisse, um schnell die besten Talente zu identifizieren und die weniger geeigneten Kandidaten herauszufiltern. Die Fragen in jedem einzelnen Logiks-Test werden aus einer gro\u00dfen Datenbank (der so genannten Item-Bank) mit m\u00f6glichen Fragen ausgew\u00e4hlt. Dadurch wird jeder Fragebogen einzigartig. Dies erm\u00f6glicht genaue und detaillierte Bewertungen, die direkt ausgewertet werden k\u00f6nnen. All dies wird von Cubiks Online unterst\u00fctzt, unserer benutzerfreundlichen Online-Plattform f\u00fcr einfache Verwaltung und Berichterstattung. Dieser Test ist f\u00fcr HBO+ geeignet.<\/p>\n","protected":false},"excerpt":{"rendered":"<p>Ein besseres Verst\u00e4ndnis der F\u00e4higkeiten aktueller und potenzieller Mitarbeiter erm\u00f6glicht fundierte Entscheidungen. Au\u00dferdem spart es Zeit und tr\u00e4gt zur Verbesserung der Leistung bei. Kapazit\u00e4tstests sind in dieser Hinsicht ein weit verbreitetes Instrument und einer der besten Pr\u00e4diktoren f\u00fcr die Arbeitsleistung. Kapazit\u00e4tstests sind nicht ohne Grund ein wichtiger Bestandteil von Bewerbungs- und Auswahlverfahren. Die Beurteilung von F\u00e4higkeiten war noch nie so einfach. Logiks nutzt wissenschaftlich fundierte Erkenntnisse, um schnell die besten Talente zu identifizieren und die weniger geeigneten Kandidaten herauszufiltern. Die Fragen in jedem einzelnen Logiks-Test werden aus einer gro\u00dfen Datenbank (der so genannten Item-Bank) mit m\u00f6glichen Fragen ausgew\u00e4hlt. Folglich ist jeder Fragebogen einzigartig. Dies erm\u00f6glicht genaue und detaillierte Bewertungen, die direkt ausgewertet werden k\u00f6nnen. All dies wird von Cubiks Online unterst\u00fctzt, unserer benutzerfreundlichen Online-Plattform f\u00fcr einfache Verwaltung und Berichterstattung. Dieser Test ist f\u00fcr HBO+ geeignet.<\/p>\n","protected":false},"featured_media":20713,"template":"","meta":{"_acf_changed":false,"inline_featured_image":false},"product_brand":[],"product_cat":[940,971,962,972,969],"product_tag":[],"class_list":{"0":"post-18994","1":"product","2":"type-product","3":"status-publish","4":"has-post-thumbnail","6":"product_cat-auswahl","7":"product_cat-cubiks-de","8":"product_cat-intelligenz","9":"product_cat-talogy-de","10":"product_cat-vorauswahl","12":"first","13":"instock","14":"taxable","15":"shipping-taxable","16":"purchasable","17":"product-type-simple"},"acf":[],"yoast_head":"<!-- This site is optimized with the Yoast SEO plugin v27.1.1 - https:\/\/yoast.com\/product\/yoast-seo-wordpress\/ -->\n<title>Logiks Verbal - hrmforce<\/title>\n<meta name=\"robots\" content=\"index, follow, max-snippet:-1, max-image-preview:large, max-video-preview:-1\" \/>\n<link rel=\"canonical\" href=\"https:\/\/hrmforce.com\/de\/shop\/auswahl\/logiks-verbal\/\" \/>\n<meta property=\"og:locale\" content=\"de_DE\" \/>\n<meta property=\"og:type\" content=\"article\" \/>\n<meta property=\"og:title\" content=\"Logiks Verbal - hrmforce\" \/>\n<meta property=\"og:description\" content=\"Ein besseres Verst\u00e4ndnis der F\u00e4higkeiten aktueller und potenzieller Mitarbeiter erm\u00f6glicht fundierte Entscheidungen. Au\u00dferdem spart es Zeit und tr\u00e4gt zur Verbesserung der Leistung bei. Kapazit\u00e4tstests sind in dieser Hinsicht ein weit verbreitetes Instrument und einer der besten Pr\u00e4diktoren f\u00fcr die Arbeitsleistung. Kapazit\u00e4tstests sind nicht ohne Grund ein wichtiger Bestandteil von Bewerbungs- und Auswahlverfahren. Die Beurteilung von F\u00e4higkeiten war noch nie so einfach. Logiks nutzt wissenschaftlich fundierte Erkenntnisse, um schnell die besten Talente zu identifizieren und die weniger geeigneten Kandidaten herauszufiltern. Die Fragen in jedem einzelnen Logiks-Test werden aus einer gro\u00dfen Datenbank (der so genannten Item-Bank) mit m\u00f6glichen Fragen ausgew\u00e4hlt. Folglich ist jeder Fragebogen einzigartig. Dies erm\u00f6glicht genaue und detaillierte Bewertungen, die direkt ausgewertet werden k\u00f6nnen. All dies wird von Cubiks Online unterst\u00fctzt, unserer benutzerfreundlichen Online-Plattform f\u00fcr einfache Verwaltung und Berichterstattung. Dieser Test ist f\u00fcr HBO+ geeignet.\" \/>\n<meta property=\"og:url\" content=\"https:\/\/hrmforce.com\/de\/shop\/auswahl\/logiks-verbal\/\" \/>\n<meta property=\"og:site_name\" content=\"hrmforce\" \/>\n<meta property=\"article:publisher\" content=\"https:\/\/www.facebook.com\/hrmforceNL\/\" \/>\n<meta property=\"og:image\" content=\"https:\/\/hrmforce.com\/wp-content\/uploads\/2021\/02\/logiks_logo_0.png\" \/>\n\t<meta property=\"og:image:width\" content=\"600\" \/>\n\t<meta property=\"og:image:height\" content=\"400\" \/>\n\t<meta property=\"og:image:type\" content=\"image\/png\" \/>\n<meta name=\"twitter:card\" content=\"summary_large_image\" \/>\n<meta name=\"twitter:label1\" content=\"Gesch\u00e4tzte Lesezeit\" \/>\n\t<meta name=\"twitter:data1\" content=\"1\u00a0Minute\" \/>\n<script type=\"application\/ld+json\" class=\"yoast-schema-graph\">{\"@context\":\"https:\/\/schema.org\",\"@graph\":[{\"@type\":\"WebPage\",\"@id\":\"https:\/\/hrmforce.com\/de\/shop\/auswahl\/logiks-verbal\/\",\"url\":\"https:\/\/hrmforce.com\/de\/shop\/auswahl\/logiks-verbal\/\",\"name\":\"Logiks Verbal - hrmforce\",\"isPartOf\":{\"@id\":\"https:\/\/hrmforce.com\/de\/#website\"},\"primaryImageOfPage\":{\"@id\":\"https:\/\/hrmforce.com\/de\/shop\/auswahl\/logiks-verbal\/#primaryimage\"},\"image\":{\"@id\":\"https:\/\/hrmforce.com\/de\/shop\/auswahl\/logiks-verbal\/#primaryimage\"},\"thumbnailUrl\":\"https:\/\/hrmforce.com\/wp-content\/uploads\/2024\/01\/logiks-logo-new.webp\",\"datePublished\":\"2021-02-25T13:16:27+00:00\",\"breadcrumb\":{\"@id\":\"https:\/\/hrmforce.com\/de\/shop\/auswahl\/logiks-verbal\/#breadcrumb\"},\"inLanguage\":\"de\",\"potentialAction\":[{\"@type\":\"ReadAction\",\"target\":[\"https:\/\/hrmforce.com\/de\/shop\/auswahl\/logiks-verbal\/\"]}]},{\"@type\":\"ImageObject\",\"inLanguage\":\"de\",\"@id\":\"https:\/\/hrmforce.com\/de\/shop\/auswahl\/logiks-verbal\/#primaryimage\",\"url\":\"https:\/\/hrmforce.com\/wp-content\/uploads\/2024\/01\/logiks-logo-new.webp\",\"contentUrl\":\"https:\/\/hrmforce.com\/wp-content\/uploads\/2024\/01\/logiks-logo-new.webp\",\"width\":600,\"height\":400,\"caption\":\"papi 3 logo new\"},{\"@type\":\"BreadcrumbList\",\"@id\":\"https:\/\/hrmforce.com\/de\/shop\/auswahl\/logiks-verbal\/#breadcrumb\",\"itemListElement\":[{\"@type\":\"ListItem\",\"position\":1,\"name\":\"Home\",\"item\":\"https:\/\/hrmforce.com\/de\/\"},{\"@type\":\"ListItem\",\"position\":2,\"name\":\"Shop\",\"item\":\"https:\/\/hrmforce.com\/de\/shop\/\"},{\"@type\":\"ListItem\",\"position\":3,\"name\":\"Logiks Verbal\"}]},{\"@type\":\"WebSite\",\"@id\":\"https:\/\/hrmforce.com\/de\/#website\",\"url\":\"https:\/\/hrmforce.com\/de\/\",\"name\":\"hrmforce\",\"description\":\"people \u2022 performance \u2022 analytics\",\"publisher\":{\"@id\":\"https:\/\/hrmforce.com\/de\/#organization\"},\"potentialAction\":[{\"@type\":\"SearchAction\",\"target\":{\"@type\":\"EntryPoint\",\"urlTemplate\":\"https:\/\/hrmforce.com\/de\/?s={search_term_string}\"},\"query-input\":{\"@type\":\"PropertyValueSpecification\",\"valueRequired\":true,\"valueName\":\"search_term_string\"}}],\"inLanguage\":\"de\"},{\"@type\":\"Organization\",\"@id\":\"https:\/\/hrmforce.com\/de\/#organization\",\"name\":\"hrmforce\",\"url\":\"https:\/\/hrmforce.com\/de\/\",\"logo\":{\"@type\":\"ImageObject\",\"inLanguage\":\"de\",\"@id\":\"https:\/\/hrmforce.com\/de\/#\/schema\/logo\/image\/\",\"url\":\"https:\/\/hrmforce.com\/wp-content\/uploads\/2018\/08\/logo-hrmforce.png\",\"contentUrl\":\"https:\/\/hrmforce.com\/wp-content\/uploads\/2018\/08\/logo-hrmforce.png\",\"width\":833,\"height\":189,\"caption\":\"hrmforce\"},\"image\":{\"@id\":\"https:\/\/hrmforce.com\/de\/#\/schema\/logo\/image\/\"},\"sameAs\":[\"https:\/\/www.facebook.com\/hrmforceNL\/\",\"https:\/\/www.linkedin.com\/company\/hrmforce\/\"]}]}<\/script>\n<!-- \/ Yoast SEO plugin. -->","yoast_head_json":{"title":"Logiks Verbal - hrmforce","robots":{"index":"index","follow":"follow","max-snippet":"max-snippet:-1","max-image-preview":"max-image-preview:large","max-video-preview":"max-video-preview:-1"},"canonical":"https:\/\/hrmforce.com\/de\/shop\/auswahl\/logiks-verbal\/","og_locale":"de_DE","og_type":"article","og_title":"Logiks Verbal - hrmforce","og_description":"Ein besseres Verst\u00e4ndnis der F\u00e4higkeiten aktueller und potenzieller Mitarbeiter erm\u00f6glicht fundierte Entscheidungen. Au\u00dferdem spart es Zeit und tr\u00e4gt zur Verbesserung der Leistung bei. Kapazit\u00e4tstests sind in dieser Hinsicht ein weit verbreitetes Instrument und einer der besten Pr\u00e4diktoren f\u00fcr die Arbeitsleistung. Kapazit\u00e4tstests sind nicht ohne Grund ein wichtiger Bestandteil von Bewerbungs- und Auswahlverfahren. Die Beurteilung von F\u00e4higkeiten war noch nie so einfach. Logiks nutzt wissenschaftlich fundierte Erkenntnisse, um schnell die besten Talente zu identifizieren und die weniger geeigneten Kandidaten herauszufiltern. Die Fragen in jedem einzelnen Logiks-Test werden aus einer gro\u00dfen Datenbank (der so genannten Item-Bank) mit m\u00f6glichen Fragen ausgew\u00e4hlt. Folglich ist jeder Fragebogen einzigartig. Dies erm\u00f6glicht genaue und detaillierte Bewertungen, die direkt ausgewertet werden k\u00f6nnen. All dies wird von Cubiks Online unterst\u00fctzt, unserer benutzerfreundlichen Online-Plattform f\u00fcr einfache Verwaltung und Berichterstattung. Dieser Test ist f\u00fcr HBO+ geeignet.","og_url":"https:\/\/hrmforce.com\/de\/shop\/auswahl\/logiks-verbal\/","og_site_name":"hrmforce","article_publisher":"https:\/\/www.facebook.com\/hrmforceNL\/","og_image":[{"width":600,"height":400,"url":"https:\/\/hrmforce.com\/wp-content\/uploads\/2021\/02\/logiks_logo_0.png","type":"image\/png"}],"twitter_card":"summary_large_image","twitter_misc":{"Gesch\u00e4tzte Lesezeit":"1\u00a0Minute"},"schema":{"@context":"https:\/\/schema.org","@graph":[{"@type":"WebPage","@id":"https:\/\/hrmforce.com\/de\/shop\/auswahl\/logiks-verbal\/","url":"https:\/\/hrmforce.com\/de\/shop\/auswahl\/logiks-verbal\/","name":"Logiks Verbal - hrmforce","isPartOf":{"@id":"https:\/\/hrmforce.com\/de\/#website"},"primaryImageOfPage":{"@id":"https:\/\/hrmforce.com\/de\/shop\/auswahl\/logiks-verbal\/#primaryimage"},"image":{"@id":"https:\/\/hrmforce.com\/de\/shop\/auswahl\/logiks-verbal\/#primaryimage"},"thumbnailUrl":"https:\/\/hrmforce.com\/wp-content\/uploads\/2024\/01\/logiks-logo-new.webp","datePublished":"2021-02-25T13:16:27+00:00","breadcrumb":{"@id":"https:\/\/hrmforce.com\/de\/shop\/auswahl\/logiks-verbal\/#breadcrumb"},"inLanguage":"de","potentialAction":[{"@type":"ReadAction","target":["https:\/\/hrmforce.com\/de\/shop\/auswahl\/logiks-verbal\/"]}]},{"@type":"ImageObject","inLanguage":"de","@id":"https:\/\/hrmforce.com\/de\/shop\/auswahl\/logiks-verbal\/#primaryimage","url":"https:\/\/hrmforce.com\/wp-content\/uploads\/2024\/01\/logiks-logo-new.webp","contentUrl":"https:\/\/hrmforce.com\/wp-content\/uploads\/2024\/01\/logiks-logo-new.webp","width":600,"height":400,"caption":"papi 3 logo new"},{"@type":"BreadcrumbList","@id":"https:\/\/hrmforce.com\/de\/shop\/auswahl\/logiks-verbal\/#breadcrumb","itemListElement":[{"@type":"ListItem","position":1,"name":"Home","item":"https:\/\/hrmforce.com\/de\/"},{"@type":"ListItem","position":2,"name":"Shop","item":"https:\/\/hrmforce.com\/de\/shop\/"},{"@type":"ListItem","position":3,"name":"Logiks Verbal"}]},{"@type":"WebSite","@id":"https:\/\/hrmforce.com\/de\/#website","url":"https:\/\/hrmforce.com\/de\/","name":"hrmforce","description":"people \u2022 performance \u2022 analytics","publisher":{"@id":"https:\/\/hrmforce.com\/de\/#organization"},"potentialAction":[{"@type":"SearchAction","target":{"@type":"EntryPoint","urlTemplate":"https:\/\/hrmforce.com\/de\/?s={search_term_string}"},"query-input":{"@type":"PropertyValueSpecification","valueRequired":true,"valueName":"search_term_string"}}],"inLanguage":"de"},{"@type":"Organization","@id":"https:\/\/hrmforce.com\/de\/#organization","name":"hrmforce","url":"https:\/\/hrmforce.com\/de\/","logo":{"@type":"ImageObject","inLanguage":"de","@id":"https:\/\/hrmforce.com\/de\/#\/schema\/logo\/image\/","url":"https:\/\/hrmforce.com\/wp-content\/uploads\/2018\/08\/logo-hrmforce.png","contentUrl":"https:\/\/hrmforce.com\/wp-content\/uploads\/2018\/08\/logo-hrmforce.png","width":833,"height":189,"caption":"hrmforce"},"image":{"@id":"https:\/\/hrmforce.com\/de\/#\/schema\/logo\/image\/"},"sameAs":["https:\/\/www.facebook.com\/hrmforceNL\/","https:\/\/www.linkedin.com\/company\/hrmforce\/"]}]}},"_links":{"self":[{"href":"https:\/\/hrmforce.com\/de\/wp-json\/wp\/v2\/product\/18994","targetHints":{"allow":["GET"]}}],"collection":[{"href":"https:\/\/hrmforce.com\/de\/wp-json\/wp\/v2\/product"}],"about":[{"href":"https:\/\/hrmforce.com\/de\/wp-json\/wp\/v2\/types\/product"}],"wp:featuredmedia":[{"embeddable":true,"href":"https:\/\/hrmforce.com\/de\/wp-json\/wp\/v2\/media\/20713"}],"wp:attachment":[{"href":"https:\/\/hrmforce.com\/de\/wp-json\/wp\/v2\/media?parent=18994"}],"wp:term":[{"taxonomy":"product_brand","embeddable":true,"href":"https:\/\/hrmforce.com\/de\/wp-json\/wp\/v2\/product_brand?post=18994"},{"taxonomy":"product_cat","embeddable":true,"href":"https:\/\/hrmforce.com\/de\/wp-json\/wp\/v2\/product_cat?post=18994"},{"taxonomy":"product_tag","embeddable":true,"href":"https:\/\/hrmforce.com\/de\/wp-json\/wp\/v2\/product_tag?post=18994"}],"curies":[{"name":"wp","href":"https:\/\/api.w.org\/{rel}","templated":true}]}}