{"id":18999,"date":"2021-02-25T13:45:10","date_gmt":"2021-02-25T12:45:10","guid":{"rendered":"https:\/\/hrmforce.com\/product\/papi-factors\/"},"modified":"2021-02-25T13:45:10","modified_gmt":"2021-02-25T12:45:10","slug":"papi-factors","status":"publish","type":"product","link":"https:\/\/hrmforce.com\/de\/shop\/personlichkeit\/papi-factors\/","title":{"rendered":"PAPI Factors"},"content":{"rendered":"<p>Der Cubiks Factors-Fragebogen misst 18 Facetten des Verhaltens und der Pr\u00e4ferenzen, die der Arbeitsleistung in einer Reihe von Berufen zugrunde liegen. Die Facetten sind in 6 Faktoren gruppiert und sind recht stabil, k\u00f6nnen sich aber je nach Erfahrung und Entwicklung im Laufe der Zeit etwas ver\u00e4ndern. Daher hat dieser Bericht eine G\u00fcltigkeit von 12 Monaten.<\/p>\n","protected":false},"excerpt":{"rendered":"<p>PAPI 3 bildet die Antriebe und bevorzugten Verhaltensweisen der Menschen ab. So erhalten Sie eine verl\u00e4ssliche Grundlage f\u00fcr die Identifizierung, Auswahl und Entwicklung der von Ihnen ben\u00f6tigten Talente. Die Ergebnisse sind auf das zugeschnitten, was f\u00fcr Ihr Unternehmen wichtig ist, und liefern die notwendigen Instrumente, um effektive Interviews und produktive Feedbackgespr\u00e4che zu f\u00fchren. PAPI 3 ist ein von Grund auf neu entwickelter Pers\u00f6nlichkeitsfragebogen. Au\u00dferdem ist PAPI 3 ein kulturunsensibler Fragebogen, der in mehreren Sprachen verf\u00fcgbar ist. Nicht zuletzt aus diesem Grund ist es ideal f\u00fcr internationale Unternehmen, die Pers\u00f6nlichkeitsanalysen in mehreren L\u00e4ndern durchf\u00fchren m\u00f6chten. Dieser Bericht kann von jedem verwendet werden, auch von nicht zertifizierten Benutzern. Der Preis umfasst alle Berichte.<\/p>\n","protected":false},"featured_media":20725,"template":"","meta":{"_acf_changed":false,"inline_featured_image":false},"product_brand":[],"product_cat":[940,971,939,972],"product_tag":[],"class_list":{"0":"post-18999","1":"product","2":"type-product","3":"status-publish","4":"has-post-thumbnail","6":"product_cat-auswahl","7":"product_cat-cubiks-de","8":"product_cat-personlichkeit","9":"product_cat-talogy-de","11":"first","12":"instock","13":"taxable","14":"shipping-taxable","15":"purchasable","16":"product-type-simple"},"acf":[],"yoast_head":"<!-- This site is optimized with the Yoast SEO plugin v27.1.1 - https:\/\/yoast.com\/product\/yoast-seo-wordpress\/ -->\n<title>PAPI Factors - hrmforce<\/title>\n<meta name=\"robots\" content=\"index, follow, max-snippet:-1, max-image-preview:large, max-video-preview:-1\" \/>\n<link rel=\"canonical\" href=\"https:\/\/hrmforce.com\/de\/shop\/personlichkeit\/papi-factors\/\" \/>\n<meta property=\"og:locale\" content=\"de_DE\" \/>\n<meta property=\"og:type\" content=\"article\" \/>\n<meta property=\"og:title\" content=\"PAPI Factors - hrmforce\" \/>\n<meta property=\"og:description\" content=\"PAPI 3 bildet die Antriebe und bevorzugten Verhaltensweisen der Menschen ab. So erhalten Sie eine verl\u00e4ssliche Grundlage f\u00fcr die Identifizierung, Auswahl und Entwicklung der von Ihnen ben\u00f6tigten Talente. Die Ergebnisse sind auf das zugeschnitten, was f\u00fcr Ihr Unternehmen wichtig ist, und liefern die notwendigen Instrumente, um effektive Interviews und produktive Feedbackgespr\u00e4che zu f\u00fchren. PAPI 3 ist ein von Grund auf neu entwickelter Pers\u00f6nlichkeitsfragebogen. Au\u00dferdem ist PAPI 3 ein kulturunsensibler Fragebogen, der in mehreren Sprachen verf\u00fcgbar ist. Nicht zuletzt aus diesem Grund ist es ideal f\u00fcr internationale Unternehmen, die Pers\u00f6nlichkeitsanalysen in mehreren L\u00e4ndern durchf\u00fchren m\u00f6chten. Dieser Bericht kann von jedem verwendet werden, auch von nicht zertifizierten Benutzern. Der Preis umfasst alle Berichte.\" \/>\n<meta property=\"og:url\" content=\"https:\/\/hrmforce.com\/de\/shop\/personlichkeit\/papi-factors\/\" \/>\n<meta property=\"og:site_name\" content=\"hrmforce\" \/>\n<meta property=\"article:publisher\" content=\"https:\/\/www.facebook.com\/hrmforceNL\/\" \/>\n<meta property=\"og:image\" content=\"https:\/\/hrmforce.com\/wp-content\/uploads\/2021\/02\/papi_logo_2.png\" \/>\n\t<meta property=\"og:image:width\" content=\"600\" \/>\n\t<meta property=\"og:image:height\" content=\"400\" \/>\n\t<meta property=\"og:image:type\" content=\"image\/png\" \/>\n<meta name=\"twitter:card\" content=\"summary_large_image\" \/>\n<script type=\"application\/ld+json\" class=\"yoast-schema-graph\">{\"@context\":\"https:\/\/schema.org\",\"@graph\":[{\"@type\":\"WebPage\",\"@id\":\"https:\/\/hrmforce.com\/de\/shop\/personlichkeit\/papi-factors\/\",\"url\":\"https:\/\/hrmforce.com\/de\/shop\/personlichkeit\/papi-factors\/\",\"name\":\"PAPI Factors - hrmforce\",\"isPartOf\":{\"@id\":\"https:\/\/hrmforce.com\/de\/#website\"},\"primaryImageOfPage\":{\"@id\":\"https:\/\/hrmforce.com\/de\/shop\/personlichkeit\/papi-factors\/#primaryimage\"},\"image\":{\"@id\":\"https:\/\/hrmforce.com\/de\/shop\/personlichkeit\/papi-factors\/#primaryimage\"},\"thumbnailUrl\":\"https:\/\/hrmforce.com\/wp-content\/uploads\/2021\/02\/papi-factors.webp\",\"datePublished\":\"2021-02-25T12:45:10+00:00\",\"breadcrumb\":{\"@id\":\"https:\/\/hrmforce.com\/de\/shop\/personlichkeit\/papi-factors\/#breadcrumb\"},\"inLanguage\":\"de\",\"potentialAction\":[{\"@type\":\"ReadAction\",\"target\":[\"https:\/\/hrmforce.com\/de\/shop\/personlichkeit\/papi-factors\/\"]}]},{\"@type\":\"ImageObject\",\"inLanguage\":\"de\",\"@id\":\"https:\/\/hrmforce.com\/de\/shop\/personlichkeit\/papi-factors\/#primaryimage\",\"url\":\"https:\/\/hrmforce.com\/wp-content\/uploads\/2021\/02\/papi-factors.webp\",\"contentUrl\":\"https:\/\/hrmforce.com\/wp-content\/uploads\/2021\/02\/papi-factors.webp\",\"width\":600,\"height\":400,\"caption\":\"papi factors logo\"},{\"@type\":\"BreadcrumbList\",\"@id\":\"https:\/\/hrmforce.com\/de\/shop\/personlichkeit\/papi-factors\/#breadcrumb\",\"itemListElement\":[{\"@type\":\"ListItem\",\"position\":1,\"name\":\"Home\",\"item\":\"https:\/\/hrmforce.com\/de\/\"},{\"@type\":\"ListItem\",\"position\":2,\"name\":\"Shop\",\"item\":\"https:\/\/hrmforce.com\/de\/shop\/\"},{\"@type\":\"ListItem\",\"position\":3,\"name\":\"PAPI Factors\"}]},{\"@type\":\"WebSite\",\"@id\":\"https:\/\/hrmforce.com\/de\/#website\",\"url\":\"https:\/\/hrmforce.com\/de\/\",\"name\":\"hrmforce\",\"description\":\"people \u2022 performance \u2022 analytics\",\"publisher\":{\"@id\":\"https:\/\/hrmforce.com\/de\/#organization\"},\"potentialAction\":[{\"@type\":\"SearchAction\",\"target\":{\"@type\":\"EntryPoint\",\"urlTemplate\":\"https:\/\/hrmforce.com\/de\/?s={search_term_string}\"},\"query-input\":{\"@type\":\"PropertyValueSpecification\",\"valueRequired\":true,\"valueName\":\"search_term_string\"}}],\"inLanguage\":\"de\"},{\"@type\":\"Organization\",\"@id\":\"https:\/\/hrmforce.com\/de\/#organization\",\"name\":\"hrmforce\",\"url\":\"https:\/\/hrmforce.com\/de\/\",\"logo\":{\"@type\":\"ImageObject\",\"inLanguage\":\"de\",\"@id\":\"https:\/\/hrmforce.com\/de\/#\/schema\/logo\/image\/\",\"url\":\"https:\/\/hrmforce.com\/wp-content\/uploads\/2018\/08\/logo-hrmforce.png\",\"contentUrl\":\"https:\/\/hrmforce.com\/wp-content\/uploads\/2018\/08\/logo-hrmforce.png\",\"width\":833,\"height\":189,\"caption\":\"hrmforce\"},\"image\":{\"@id\":\"https:\/\/hrmforce.com\/de\/#\/schema\/logo\/image\/\"},\"sameAs\":[\"https:\/\/www.facebook.com\/hrmforceNL\/\",\"https:\/\/www.linkedin.com\/company\/hrmforce\/\"]}]}<\/script>\n<!-- \/ Yoast SEO plugin. -->","yoast_head_json":{"title":"PAPI Factors - hrmforce","robots":{"index":"index","follow":"follow","max-snippet":"max-snippet:-1","max-image-preview":"max-image-preview:large","max-video-preview":"max-video-preview:-1"},"canonical":"https:\/\/hrmforce.com\/de\/shop\/personlichkeit\/papi-factors\/","og_locale":"de_DE","og_type":"article","og_title":"PAPI Factors - hrmforce","og_description":"PAPI 3 bildet die Antriebe und bevorzugten Verhaltensweisen der Menschen ab. So erhalten Sie eine verl\u00e4ssliche Grundlage f\u00fcr die Identifizierung, Auswahl und Entwicklung der von Ihnen ben\u00f6tigten Talente. Die Ergebnisse sind auf das zugeschnitten, was f\u00fcr Ihr Unternehmen wichtig ist, und liefern die notwendigen Instrumente, um effektive Interviews und produktive Feedbackgespr\u00e4che zu f\u00fchren. PAPI 3 ist ein von Grund auf neu entwickelter Pers\u00f6nlichkeitsfragebogen. Au\u00dferdem ist PAPI 3 ein kulturunsensibler Fragebogen, der in mehreren Sprachen verf\u00fcgbar ist. Nicht zuletzt aus diesem Grund ist es ideal f\u00fcr internationale Unternehmen, die Pers\u00f6nlichkeitsanalysen in mehreren L\u00e4ndern durchf\u00fchren m\u00f6chten. Dieser Bericht kann von jedem verwendet werden, auch von nicht zertifizierten Benutzern. Der Preis umfasst alle Berichte.","og_url":"https:\/\/hrmforce.com\/de\/shop\/personlichkeit\/papi-factors\/","og_site_name":"hrmforce","article_publisher":"https:\/\/www.facebook.com\/hrmforceNL\/","og_image":[{"width":600,"height":400,"url":"https:\/\/hrmforce.com\/wp-content\/uploads\/2021\/02\/papi_logo_2.png","type":"image\/png"}],"twitter_card":"summary_large_image","schema":{"@context":"https:\/\/schema.org","@graph":[{"@type":"WebPage","@id":"https:\/\/hrmforce.com\/de\/shop\/personlichkeit\/papi-factors\/","url":"https:\/\/hrmforce.com\/de\/shop\/personlichkeit\/papi-factors\/","name":"PAPI Factors - hrmforce","isPartOf":{"@id":"https:\/\/hrmforce.com\/de\/#website"},"primaryImageOfPage":{"@id":"https:\/\/hrmforce.com\/de\/shop\/personlichkeit\/papi-factors\/#primaryimage"},"image":{"@id":"https:\/\/hrmforce.com\/de\/shop\/personlichkeit\/papi-factors\/#primaryimage"},"thumbnailUrl":"https:\/\/hrmforce.com\/wp-content\/uploads\/2021\/02\/papi-factors.webp","datePublished":"2021-02-25T12:45:10+00:00","breadcrumb":{"@id":"https:\/\/hrmforce.com\/de\/shop\/personlichkeit\/papi-factors\/#breadcrumb"},"inLanguage":"de","potentialAction":[{"@type":"ReadAction","target":["https:\/\/hrmforce.com\/de\/shop\/personlichkeit\/papi-factors\/"]}]},{"@type":"ImageObject","inLanguage":"de","@id":"https:\/\/hrmforce.com\/de\/shop\/personlichkeit\/papi-factors\/#primaryimage","url":"https:\/\/hrmforce.com\/wp-content\/uploads\/2021\/02\/papi-factors.webp","contentUrl":"https:\/\/hrmforce.com\/wp-content\/uploads\/2021\/02\/papi-factors.webp","width":600,"height":400,"caption":"papi factors logo"},{"@type":"BreadcrumbList","@id":"https:\/\/hrmforce.com\/de\/shop\/personlichkeit\/papi-factors\/#breadcrumb","itemListElement":[{"@type":"ListItem","position":1,"name":"Home","item":"https:\/\/hrmforce.com\/de\/"},{"@type":"ListItem","position":2,"name":"Shop","item":"https:\/\/hrmforce.com\/de\/shop\/"},{"@type":"ListItem","position":3,"name":"PAPI Factors"}]},{"@type":"WebSite","@id":"https:\/\/hrmforce.com\/de\/#website","url":"https:\/\/hrmforce.com\/de\/","name":"hrmforce","description":"people \u2022 performance \u2022 analytics","publisher":{"@id":"https:\/\/hrmforce.com\/de\/#organization"},"potentialAction":[{"@type":"SearchAction","target":{"@type":"EntryPoint","urlTemplate":"https:\/\/hrmforce.com\/de\/?s={search_term_string}"},"query-input":{"@type":"PropertyValueSpecification","valueRequired":true,"valueName":"search_term_string"}}],"inLanguage":"de"},{"@type":"Organization","@id":"https:\/\/hrmforce.com\/de\/#organization","name":"hrmforce","url":"https:\/\/hrmforce.com\/de\/","logo":{"@type":"ImageObject","inLanguage":"de","@id":"https:\/\/hrmforce.com\/de\/#\/schema\/logo\/image\/","url":"https:\/\/hrmforce.com\/wp-content\/uploads\/2018\/08\/logo-hrmforce.png","contentUrl":"https:\/\/hrmforce.com\/wp-content\/uploads\/2018\/08\/logo-hrmforce.png","width":833,"height":189,"caption":"hrmforce"},"image":{"@id":"https:\/\/hrmforce.com\/de\/#\/schema\/logo\/image\/"},"sameAs":["https:\/\/www.facebook.com\/hrmforceNL\/","https:\/\/www.linkedin.com\/company\/hrmforce\/"]}]}},"_links":{"self":[{"href":"https:\/\/hrmforce.com\/de\/wp-json\/wp\/v2\/product\/18999","targetHints":{"allow":["GET"]}}],"collection":[{"href":"https:\/\/hrmforce.com\/de\/wp-json\/wp\/v2\/product"}],"about":[{"href":"https:\/\/hrmforce.com\/de\/wp-json\/wp\/v2\/types\/product"}],"wp:featuredmedia":[{"embeddable":true,"href":"https:\/\/hrmforce.com\/de\/wp-json\/wp\/v2\/media\/20725"}],"wp:attachment":[{"href":"https:\/\/hrmforce.com\/de\/wp-json\/wp\/v2\/media?parent=18999"}],"wp:term":[{"taxonomy":"product_brand","embeddable":true,"href":"https:\/\/hrmforce.com\/de\/wp-json\/wp\/v2\/product_brand?post=18999"},{"taxonomy":"product_cat","embeddable":true,"href":"https:\/\/hrmforce.com\/de\/wp-json\/wp\/v2\/product_cat?post=18999"},{"taxonomy":"product_tag","embeddable":true,"href":"https:\/\/hrmforce.com\/de\/wp-json\/wp\/v2\/product_tag?post=18999"}],"curies":[{"name":"wp","href":"https:\/\/api.w.org\/{rel}","templated":true}]}}