{"id":23567,"date":"2025-09-19T02:03:35","date_gmt":"2025-09-19T00:03:35","guid":{"rendered":"https:\/\/hrmforce.com\/?page_id=23567"},"modified":"2025-10-16T11:23:00","modified_gmt":"2025-10-16T09:23:00","slug":"asesoria-de-hrmforce","status":"publish","type":"page","link":"https:\/\/hrmforce.com\/es\/asesoria-de-hrmforce\/","title":{"rendered":"Asesor\u00eda de Hrmforce"},"content":{"rendered":"<div class=\"wpb-content-wrapper\"><p>[vc_row css_animation=\u00bb\u00bb row_type=\u00bbrow\u00bb use_row_as_full_screen_section=\u00bbno\u00bb type=\u00bbgrid\u00bb angled_section=\u00bbno\u00bb text_align=\u00bbcenter\u00bb background_image_as_pattern=\u00bbwithout_pattern\u00bb z_index=\u00bb\u00bb el_class=\u00bbbloklicht\u00bb css=\u00bb.vc_custom_1644243311764{background-color: #f3f1f0 !important;}\u00bb][vc_column css=\u00bb.vc_custom_1610307631595&#8243;][vc_row_inner row_type=\u00bbrow\u00bb type=\u00bbfull_width\u00bb text_align=\u00bbcenter\u00bb css_animation=\u00bb\u00bb][vc_column_inner width=\u00bb1\/6&#8243;][\/vc_column_inner][vc_column_inner width=\u00bb2\/3&#8243;][vc_column_text css=\u00bb\u00bb]<\/p>\n<h2>Asesor\u00eda de Hrmforce<\/h2>\n<p>Adem\u00e1s de nuestros <a href=\"https:\/\/hrmforce.com\/es\/evaluacion-online\/\">evaluaciones en l\u00ednea<\/a> y <a href=\"https:\/\/hrmforce.com\/es\/soluciones-de-grh\/\">soluciones de RR. HH.<\/a>, puedes contar con nosotros para <strong>proyectos de asesor\u00eda a medida<\/strong> y diversas formaciones.<br \/>\nTe ayudamos a implementar y optimizar los procesos de RR. HH. dentro de tu organizaci\u00f3n.<br \/>\n[\/vc_column_text][\/vc_column_inner][vc_column_inner width=\u00bb1\/6&#8243;][\/vc_column_inner][\/vc_row_inner][vc_empty_space height=\u00bb50px\u00bb][vc_row_inner row_type=\u00bbrow\u00bb type=\u00bbfull_width\u00bb text_align=\u00bbleft\u00bb css_animation=\u00bb\u00bb][vc_column_inner el_class=\u00bbkolomhome\u00bb width=\u00bb1\/3&#8243; el_id=\u00bbblok1&#8243;][vc_column_text]<\/p>\n<h3>Evaluaciones<\/h3>\n<p>[\/vc_column_text][vc_column_text css=\u00bb\u00bb el_class=\u00bbkolomhometekst\u00bb]<br \/>\nEn toda organizaci\u00f3n, las personas toman decisiones sobre personas: contratar o rechazar a un candidato, permitir o no que un empleado actual crezca, o intervenir en una carrera que se ha estancado.<br \/>\nEstas decisiones afectan tanto al individuo como a la organizaci\u00f3n.<br \/>\nAl final, las decisiones sobre el personal determinan el \u00e9xito de tu organizaci\u00f3n.<br \/>\n[\/vc_column_text]<a  itemprop=\"url\" href=\"https:\/\/hrmforce.com\/es\/asesoria-de-hrmforce\/evaluacion-de-rr-hh\/\" target=\"_self\"  class=\"qbutton  medium left default\" style=\"color: #0e468c; background-color:#ffffff;\">M\u00e1s informaci\u00f3n<\/a>[\/vc_column_inner][vc_column_inner el_class=\u00bbkolomhome\u00bb width=\u00bb1\/3&#8243; el_id=\u00bbblok2&#8243;][vc_column_text]<\/p>\n<h3>Gesti\u00f3n del Talento<\/h3>\n<p>[\/vc_column_text][vc_column_text css=\u00bb\u00bb el_class=\u00bbkolomhometekst\u00bb]<br \/>\nSi aplicamos la regla 80\/20 al reclutamiento, descubrimos que el 20 % de los candidatos contratados genera el 80 % de los resultados.<br \/>\nM\u00e1s que nunca, las empresas se centran en captar estos talentos.<br \/>\nSin embargo, debido a las condiciones econ\u00f3micas actuales, tambi\u00e9n es necesario identificar y aprovechar el talento dentro de la organizaci\u00f3n.<br \/>\n[\/vc_column_text]<a  itemprop=\"url\" href=\"https:\/\/hrmforce.com\/es\/gestion-del-talento\/\" target=\"_self\"  class=\"qbutton  medium left default\" style=\"color: #0e468c; background-color:#ffffff;\">M\u00e1s informaci\u00f3n<\/a>[\/vc_column_inner][vc_column_inner el_class=\u00bbkolomhome\u00bb width=\u00bb1\/3&#8243; el_id=\u00bbblok3&#8243;][vc_column_text]<\/p>\n<h3>Gesti\u00f3n de Competencias<\/h3>\n<p>[\/vc_column_text][vc_column_text el_class=\u00bbkolomhometekst\u00bb]<br \/>\nAl implementar la gesti\u00f3n por competencias, la visi\u00f3n y la estrategia de tu organizaci\u00f3n se traducen en objetivos claros.<br \/>\nUna gesti\u00f3n de competencias bien implementada se amortiza con creces: aporta claridad y estructura a todas las funciones de la organizaci\u00f3n.<br \/>\n[\/vc_column_text]<a  itemprop=\"url\" href=\"https:\/\/hrmforce.com\/es\/gestion-por-competencias\/\" target=\"_self\"  class=\"qbutton  medium left default\" style=\"color: #0e468c; background-color:#ffffff;\">M\u00e1s informaci\u00f3n<\/a>[\/vc_column_inner][\/vc_row_inner][vc_empty_space height=\u00bb30&#8243; el_class=\u00bblegeruimtetussenblokken\u00bb][vc_row_inner row_type=\u00bbrow\u00bb type=\u00bbfull_width\u00bb text_align=\u00bbleft\u00bb css_animation=\u00bb\u00bb][vc_column_inner el_class=\u00bbkolomhome\u00bb width=\u00bb1\/3&#8243; el_id=\u00bbblok3&#8243;][vc_column_text]<\/p>\n<h3>Consultor\u00eda<\/h3>\n<p>[\/vc_column_text][vc_column_text el_class=\u00bbkolomhometekst\u00bb]<br \/>\nTu organizaci\u00f3n cambia: crece, se renueva o se adapta.<br \/>\nNo evolucionar significa quedarse quieto, y en una \u00e9poca en la que la innovaci\u00f3n tecnol\u00f3gica avanza tan r\u00e1pido, incluso retroceder.<br \/>\nSi eliges una estrategia ambiciosa, como siempre, la mayor dificultad ser\u00e1 su ejecuci\u00f3n.<br \/>\n[\/vc_column_text][\/vc_column_inner][vc_column_inner el_class=\u00bbkolomhome\u00bb width=\u00bb1\/3&#8243; el_id=\u00bbblok1&#8243;][vc_column_text]<\/p>\n<h3>Formaci\u00f3n<\/h3>\n<p>[\/vc_column_text][vc_column_text el_class=\u00bbkolomhometekst\u00bb]<br \/>\nJuntos formulamos el problema adecuado y el enfoque m\u00e1s apropiado.<br \/>\nPodemos emplear para ello una amplia gama de intervenciones.<br \/>\nLas metodolog\u00edas que aplicamos son innovadoras y se basan en investigaciones cient\u00edficas, pero, sobre todo, son sorprendentes e inspiradoras.<br \/>\nPara un rendimiento \u00f3ptimo del aprendizaje, adaptamos nuestras intervenciones a tu situaci\u00f3n laboral.<br \/>\n[\/vc_column_text]<a  itemprop=\"url\" href=\"https:\/\/hrmforce.com\/es\/asesoria-de-hrmforce\/cursos\/\" target=\"_self\"  class=\"qbutton  medium left default\" style=\"color: #0e468c; background-color:#ffffff;\">M\u00e1s informaci\u00f3n<\/a>[\/vc_column_inner][vc_column_inner el_class=\u00bbkolomhome\u00bb width=\u00bb1\/3&#8243; el_id=\u00bbblok2&#8243;][vc_column_text]<\/p>\n<h3>Carrera profesional<\/h3>\n<p>[\/vc_column_text][vc_column_text el_class=\u00bbkolomhometekst\u00bb]<br \/>\nUn itinerario profesional de hrmforce est\u00e1 orientado al futuro y a la motivaci\u00f3n: \u201c\u00bfQu\u00e9 quiero?\u201d.<br \/>\nEl participante desea avanzar en su carrera, pero le cuesta definir una direcci\u00f3n, no sabe exactamente qu\u00e9 quiere o no logra traducir sus intereses en posibles funciones.<br \/>\nAdem\u00e1s, en segundo plano suelen aparecer las preguntas \u201c\u00bfQui\u00e9n soy?\u201d y \u201c\u00bfQu\u00e9 puedo hacer?\u201d.<br \/>\n[\/vc_column_text][\/vc_column_inner][\/vc_row_inner][vc_empty_space height=\u00bb30&#8243; el_class=\u00bblegeruimtetussenblokken\u00bb][vc_row_inner row_type=\u00bbrow\u00bb type=\u00bbfull_width\u00bb text_align=\u00bbleft\u00bb css_animation=\u00bb\u00bb][vc_column_inner el_class=\u00bbkolomhome\u00bb width=\u00bb1\/3&#8243; el_id=\u00bbblok1&#8243;][vc_column_text]<\/p>\n<h3>Coaching<\/h3>\n<p>[\/vc_column_text][vc_column_text el_class=\u00bbkolomhometekst\u00bb]<br \/>\nPuedes utilizarlo para que los candidatos exploren posibles profesiones y vacantes actuales en funci\u00f3n de su personalidad, motivaci\u00f3n y comportamiento.<br \/>\n[\/vc_column_text][\/vc_column_inner][vc_column_inner el_class=\u00bbkolomhome\u00bb width=\u00bb1\/3&#8243; el_id=\u00bbblok2&#8243;][vc_column_text]<\/p>\n<h3>Acompa\u00f1amiento en selecci\u00f3n<\/h3>\n<p>[\/vc_column_text][vc_column_text el_class=\u00bbkolomhometekst\u00bb]<br \/>\nIncorporar a una nueva persona en la organizaci\u00f3n para funciones de gran impacto no es una tarea cotidiana.<br \/>\nComo asesores, ofrecemos con nuestra experiencia en estudios de comportamiento la posibilidad de evaluar objetivamente la idoneidad durante todas las fases del proceso de reclutamiento y selecci\u00f3n.<br \/>\n[\/vc_column_text][\/vc_column_inner][vc_column_inner width=\u00bb1\/3&#8243;][\/vc_column_inner][\/vc_row_inner][vc_empty_space height=\u00bb100px\u00bb][\/vc_column][\/vc_row]<\/p>\n<\/div>","protected":false},"excerpt":{"rendered":"<p>[vc_row css_animation=\u00bb\u00bb row_type=\u00bbrow\u00bb use_row_as_full_screen_section=\u00bbno\u00bb type=\u00bbgrid\u00bb angled_section=\u00bbno\u00bb text_align=\u00bbcenter\u00bb background_image_as_pattern=\u00bbwithout_pattern\u00bb z_index=\u00bb\u00bb el_class=\u00bbbloklicht\u00bb css=\u00bb.vc_custom_1644243311764{background-color: #f3f1f0 !important;}\u00bb][vc_column css=\u00bb.vc_custom_1610307631595&#8243;][vc_row_inner row_type=\u00bbrow\u00bb type=\u00bbfull_width\u00bb text_align=\u00bbcenter\u00bb css_animation=\u00bb\u00bb][vc_column_inner width=\u00bb1\/6&#8243;][\/vc_column_inner][vc_column_inner width=\u00bb2\/3&#8243;][vc_column_text css=\u00bb\u00bb] Asesor\u00eda de Hrmforce Adem\u00e1s de nuestros evaluaciones en l\u00ednea y soluciones de RR. HH., puedes contar con nosotros para proyectos de asesor\u00eda a medida&#8230;<\/p>\n","protected":false},"author":18,"featured_media":11486,"parent":0,"menu_order":0,"comment_status":"closed","ping_status":"closed","template":"full_width.php","meta":{"_acf_changed":false,"inline_featured_image":false,"footnotes":""},"class_list":["post-23567","page","type-page","status-publish","has-post-thumbnail","hentry"],"acf":[],"yoast_head":"<!-- This site is optimized with the Yoast SEO plugin v27.1.1 - https:\/\/yoast.com\/product\/yoast-seo-wordpress\/ -->\n<title>Asesor\u00eda de Hrmforce - hrmforce<\/title>\n<meta name=\"robots\" content=\"index, follow, max-snippet:-1, max-image-preview:large, max-video-preview:-1\" \/>\n<link rel=\"canonical\" href=\"https:\/\/hrmforce.com\/es\/asesoria-de-hrmforce\/\" \/>\n<meta property=\"og:locale\" content=\"es_ES\" \/>\n<meta property=\"og:type\" content=\"article\" \/>\n<meta property=\"og:title\" content=\"Asesor\u00eda de Hrmforce - hrmforce\" \/>\n<meta property=\"og:description\" content=\"[vc_row css_animation=\u00bb\u00bb row_type=\u00bbrow\u00bb use_row_as_full_screen_section=\u00bbno\u00bb type=\u00bbgrid\u00bb angled_section=\u00bbno\u00bb text_align=\u00bbcenter\u00bb background_image_as_pattern=\u00bbwithout_pattern\u00bb z_index=\u00bb\u00bb el_class=\u00bbbloklicht\u00bb css=\u00bb.vc_custom_1644243311764{background-color: #f3f1f0 !important;}\u00bb][vc_column css=\u00bb.vc_custom_1610307631595&#8243;][vc_row_inner row_type=\u00bbrow\u00bb type=\u00bbfull_width\u00bb text_align=\u00bbcenter\u00bb css_animation=\u00bb\u00bb][vc_column_inner width=\u00bb1\/6&#8243;][\/vc_column_inner][vc_column_inner width=\u00bb2\/3&#8243;][vc_column_text css=\u00bb\u00bb] Asesor\u00eda de Hrmforce Adem\u00e1s de nuestros evaluaciones en l\u00ednea y soluciones de RR. HH., puedes contar con nosotros para proyectos de asesor\u00eda a medida...\" \/>\n<meta property=\"og:url\" content=\"https:\/\/hrmforce.com\/es\/asesoria-de-hrmforce\/\" \/>\n<meta property=\"og:site_name\" content=\"hrmforce\" \/>\n<meta property=\"article:publisher\" content=\"https:\/\/www.facebook.com\/hrmforceNL\/\" \/>\n<meta property=\"article:modified_time\" content=\"2025-10-16T09:23:00+00:00\" \/>\n<meta name=\"twitter:card\" content=\"summary_large_image\" \/>\n<meta name=\"twitter:label1\" content=\"Tiempo de lectura\" \/>\n\t<meta name=\"twitter:data1\" content=\"3 minutos\" \/>\n<script type=\"application\/ld+json\" class=\"yoast-schema-graph\">{\"@context\":\"https:\/\/schema.org\",\"@graph\":[{\"@type\":\"WebPage\",\"@id\":\"https:\/\/hrmforce.com\/es\/asesoria-de-hrmforce\/\",\"url\":\"https:\/\/hrmforce.com\/es\/asesoria-de-hrmforce\/\",\"name\":\"Asesor\u00eda de Hrmforce - hrmforce\",\"isPartOf\":{\"@id\":\"https:\/\/hrmforce.com\/es\/#website\"},\"primaryImageOfPage\":{\"@id\":\"https:\/\/hrmforce.com\/es\/asesoria-de-hrmforce\/#primaryimage\"},\"image\":{\"@id\":\"https:\/\/hrmforce.com\/es\/asesoria-de-hrmforce\/#primaryimage\"},\"thumbnailUrl\":\"https:\/\/hrmforce.com\/wp-content\/uploads\/2020\/07\/no-image.jpg\",\"datePublished\":\"2025-09-19T00:03:35+00:00\",\"dateModified\":\"2025-10-16T09:23:00+00:00\",\"breadcrumb\":{\"@id\":\"https:\/\/hrmforce.com\/es\/asesoria-de-hrmforce\/#breadcrumb\"},\"inLanguage\":\"es\",\"potentialAction\":[{\"@type\":\"ReadAction\",\"target\":[\"https:\/\/hrmforce.com\/es\/asesoria-de-hrmforce\/\"]}]},{\"@type\":\"ImageObject\",\"inLanguage\":\"es\",\"@id\":\"https:\/\/hrmforce.com\/es\/asesoria-de-hrmforce\/#primaryimage\",\"url\":\"https:\/\/hrmforce.com\/wp-content\/uploads\/2020\/07\/no-image.jpg\",\"contentUrl\":\"https:\/\/hrmforce.com\/wp-content\/uploads\/2020\/07\/no-image.jpg\",\"width\":1024,\"height\":683,\"caption\":\"Human resources management\"},{\"@type\":\"BreadcrumbList\",\"@id\":\"https:\/\/hrmforce.com\/es\/asesoria-de-hrmforce\/#breadcrumb\",\"itemListElement\":[{\"@type\":\"ListItem\",\"position\":1,\"name\":\"Home\",\"item\":\"https:\/\/hrmforce.com\/es\/\"},{\"@type\":\"ListItem\",\"position\":2,\"name\":\"Asesor\u00eda de Hrmforce\"}]},{\"@type\":\"WebSite\",\"@id\":\"https:\/\/hrmforce.com\/es\/#website\",\"url\":\"https:\/\/hrmforce.com\/es\/\",\"name\":\"hrmforce\",\"description\":\"people \u2022 performance \u2022 analytics\",\"publisher\":{\"@id\":\"https:\/\/hrmforce.com\/es\/#organization\"},\"potentialAction\":[{\"@type\":\"SearchAction\",\"target\":{\"@type\":\"EntryPoint\",\"urlTemplate\":\"https:\/\/hrmforce.com\/es\/?s={search_term_string}\"},\"query-input\":{\"@type\":\"PropertyValueSpecification\",\"valueRequired\":true,\"valueName\":\"search_term_string\"}}],\"inLanguage\":\"es\"},{\"@type\":\"Organization\",\"@id\":\"https:\/\/hrmforce.com\/es\/#organization\",\"name\":\"hrmforce\",\"url\":\"https:\/\/hrmforce.com\/es\/\",\"logo\":{\"@type\":\"ImageObject\",\"inLanguage\":\"es\",\"@id\":\"https:\/\/hrmforce.com\/es\/#\/schema\/logo\/image\/\",\"url\":\"https:\/\/hrmforce.com\/wp-content\/uploads\/2018\/08\/logo-hrmforce.png\",\"contentUrl\":\"https:\/\/hrmforce.com\/wp-content\/uploads\/2018\/08\/logo-hrmforce.png\",\"width\":833,\"height\":189,\"caption\":\"hrmforce\"},\"image\":{\"@id\":\"https:\/\/hrmforce.com\/es\/#\/schema\/logo\/image\/\"},\"sameAs\":[\"https:\/\/www.facebook.com\/hrmforceNL\/\",\"https:\/\/www.linkedin.com\/company\/hrmforce\/\"]}]}<\/script>\n<!-- \/ Yoast SEO plugin. -->","yoast_head_json":{"title":"Asesor\u00eda de Hrmforce - hrmforce","robots":{"index":"index","follow":"follow","max-snippet":"max-snippet:-1","max-image-preview":"max-image-preview:large","max-video-preview":"max-video-preview:-1"},"canonical":"https:\/\/hrmforce.com\/es\/asesoria-de-hrmforce\/","og_locale":"es_ES","og_type":"article","og_title":"Asesor\u00eda de Hrmforce - hrmforce","og_description":"[vc_row css_animation=\u00bb\u00bb row_type=\u00bbrow\u00bb use_row_as_full_screen_section=\u00bbno\u00bb type=\u00bbgrid\u00bb angled_section=\u00bbno\u00bb text_align=\u00bbcenter\u00bb background_image_as_pattern=\u00bbwithout_pattern\u00bb z_index=\u00bb\u00bb el_class=\u00bbbloklicht\u00bb css=\u00bb.vc_custom_1644243311764{background-color: #f3f1f0 !important;}\u00bb][vc_column css=\u00bb.vc_custom_1610307631595&#8243;][vc_row_inner row_type=\u00bbrow\u00bb type=\u00bbfull_width\u00bb text_align=\u00bbcenter\u00bb css_animation=\u00bb\u00bb][vc_column_inner width=\u00bb1\/6&#8243;][\/vc_column_inner][vc_column_inner width=\u00bb2\/3&#8243;][vc_column_text css=\u00bb\u00bb] Asesor\u00eda de Hrmforce Adem\u00e1s de nuestros evaluaciones en l\u00ednea y soluciones de RR. HH., puedes contar con nosotros para proyectos de asesor\u00eda a medida...","og_url":"https:\/\/hrmforce.com\/es\/asesoria-de-hrmforce\/","og_site_name":"hrmforce","article_publisher":"https:\/\/www.facebook.com\/hrmforceNL\/","article_modified_time":"2025-10-16T09:23:00+00:00","twitter_card":"summary_large_image","twitter_misc":{"Tiempo de lectura":"3 minutos"},"schema":{"@context":"https:\/\/schema.org","@graph":[{"@type":"WebPage","@id":"https:\/\/hrmforce.com\/es\/asesoria-de-hrmforce\/","url":"https:\/\/hrmforce.com\/es\/asesoria-de-hrmforce\/","name":"Asesor\u00eda de Hrmforce - hrmforce","isPartOf":{"@id":"https:\/\/hrmforce.com\/es\/#website"},"primaryImageOfPage":{"@id":"https:\/\/hrmforce.com\/es\/asesoria-de-hrmforce\/#primaryimage"},"image":{"@id":"https:\/\/hrmforce.com\/es\/asesoria-de-hrmforce\/#primaryimage"},"thumbnailUrl":"https:\/\/hrmforce.com\/wp-content\/uploads\/2020\/07\/no-image.jpg","datePublished":"2025-09-19T00:03:35+00:00","dateModified":"2025-10-16T09:23:00+00:00","breadcrumb":{"@id":"https:\/\/hrmforce.com\/es\/asesoria-de-hrmforce\/#breadcrumb"},"inLanguage":"es","potentialAction":[{"@type":"ReadAction","target":["https:\/\/hrmforce.com\/es\/asesoria-de-hrmforce\/"]}]},{"@type":"ImageObject","inLanguage":"es","@id":"https:\/\/hrmforce.com\/es\/asesoria-de-hrmforce\/#primaryimage","url":"https:\/\/hrmforce.com\/wp-content\/uploads\/2020\/07\/no-image.jpg","contentUrl":"https:\/\/hrmforce.com\/wp-content\/uploads\/2020\/07\/no-image.jpg","width":1024,"height":683,"caption":"Human resources management"},{"@type":"BreadcrumbList","@id":"https:\/\/hrmforce.com\/es\/asesoria-de-hrmforce\/#breadcrumb","itemListElement":[{"@type":"ListItem","position":1,"name":"Home","item":"https:\/\/hrmforce.com\/es\/"},{"@type":"ListItem","position":2,"name":"Asesor\u00eda de Hrmforce"}]},{"@type":"WebSite","@id":"https:\/\/hrmforce.com\/es\/#website","url":"https:\/\/hrmforce.com\/es\/","name":"hrmforce","description":"people \u2022 performance \u2022 analytics","publisher":{"@id":"https:\/\/hrmforce.com\/es\/#organization"},"potentialAction":[{"@type":"SearchAction","target":{"@type":"EntryPoint","urlTemplate":"https:\/\/hrmforce.com\/es\/?s={search_term_string}"},"query-input":{"@type":"PropertyValueSpecification","valueRequired":true,"valueName":"search_term_string"}}],"inLanguage":"es"},{"@type":"Organization","@id":"https:\/\/hrmforce.com\/es\/#organization","name":"hrmforce","url":"https:\/\/hrmforce.com\/es\/","logo":{"@type":"ImageObject","inLanguage":"es","@id":"https:\/\/hrmforce.com\/es\/#\/schema\/logo\/image\/","url":"https:\/\/hrmforce.com\/wp-content\/uploads\/2018\/08\/logo-hrmforce.png","contentUrl":"https:\/\/hrmforce.com\/wp-content\/uploads\/2018\/08\/logo-hrmforce.png","width":833,"height":189,"caption":"hrmforce"},"image":{"@id":"https:\/\/hrmforce.com\/es\/#\/schema\/logo\/image\/"},"sameAs":["https:\/\/www.facebook.com\/hrmforceNL\/","https:\/\/www.linkedin.com\/company\/hrmforce\/"]}]}},"_links":{"self":[{"href":"https:\/\/hrmforce.com\/es\/wp-json\/wp\/v2\/pages\/23567","targetHints":{"allow":["GET"]}}],"collection":[{"href":"https:\/\/hrmforce.com\/es\/wp-json\/wp\/v2\/pages"}],"about":[{"href":"https:\/\/hrmforce.com\/es\/wp-json\/wp\/v2\/types\/page"}],"author":[{"embeddable":true,"href":"https:\/\/hrmforce.com\/es\/wp-json\/wp\/v2\/users\/18"}],"replies":[{"embeddable":true,"href":"https:\/\/hrmforce.com\/es\/wp-json\/wp\/v2\/comments?post=23567"}],"version-history":[{"count":5,"href":"https:\/\/hrmforce.com\/es\/wp-json\/wp\/v2\/pages\/23567\/revisions"}],"predecessor-version":[{"id":23759,"href":"https:\/\/hrmforce.com\/es\/wp-json\/wp\/v2\/pages\/23567\/revisions\/23759"}],"wp:featuredmedia":[{"embeddable":true,"href":"https:\/\/hrmforce.com\/es\/wp-json\/wp\/v2\/media\/11486"}],"wp:attachment":[{"href":"https:\/\/hrmforce.com\/es\/wp-json\/wp\/v2\/media?parent=23567"}],"curies":[{"name":"wp","href":"https:\/\/api.w.org\/{rel}","templated":true}]}}