{"id":23860,"date":"2025-10-21T23:22:20","date_gmt":"2025-10-21T21:22:20","guid":{"rendered":"https:\/\/hrmforce.com\/?page_id=23860"},"modified":"2025-10-27T16:11:22","modified_gmt":"2025-10-27T15:11:22","slug":"vacantes","status":"publish","type":"page","link":"https:\/\/hrmforce.com\/es\/vacantes\/","title":{"rendered":"Vacantes"},"content":{"rendered":"<div class=\"wpb-content-wrapper\"><p>[vc_row css_animation=\u00bb\u00bb row_type=\u00bbrow\u00bb use_row_as_full_screen_section=\u00bbno\u00bb type=\u00bbgrid\u00bb angled_section=\u00bbno\u00bb text_align=\u00bbcenter\u00bb background_image_as_pattern=\u00bbwithout_pattern\u00bb z_index=\u00bb\u00bb el_class=\u00bbbloklicht\u00bb css=\u00bb.vc_custom_1644243311764{background-color: #f3f1f0 !important;}\u00bb][vc_column css=\u00bb.vc_custom_1610307631595&#8243;][vc_row_inner row_type=\u00bbrow\u00bb type=\u00bbfull_width\u00bb text_align=\u00bbcenter\u00bb css_animation=\u00bb\u00bb][vc_column_inner width=\u00bb1\/6&#8243;][\/vc_column_inner][vc_column_inner width=\u00bb2\/3&#8243;][vc_column_text css=\u00bb\u00bb]<\/p>\n<h2>Vacantes<\/h2>\n<p>A continuaci\u00f3n, encontrar\u00e1 un resumen de nuestras vacantes actuales. \u00bfLe interesa? Env\u00ede un correo electr\u00f3nico a <a href=\"mailto:office@hrmforce.com\">office@hrmforce.com<\/a> o llame al +31(0)88-8832188.[\/vc_column_text][\/vc_column_inner][vc_column_inner width=\u00bb1\/6&#8243;][\/vc_column_inner][\/vc_row_inner][vc_empty_space height=\u00bb50px\u00bb][vc_row_inner row_type=\u00bbrow\u00bb type=\u00bbfull_width\u00bb text_align=\u00bbleft\u00bb css_animation=\u00bb\u00bb][vc_column_inner el_class=\u00bbkolomhome\u00bb width=\u00bb1\/2&#8243; el_id=\u00bbblok1&#8243;][vc_column_text css=\u00bb\u00bb]<\/p>\n<h3>Pr\u00e1cticas de Desarrollo Empresarial<\/h3>\n<p>[\/vc_column_text][vc_column_text css=\u00bb\u00bb el_class=\u00bbkolomhometekst\u00bb]Buscamos un estudiante universitario o de ciencias aplicadas con gran entusiasmo para una pasant\u00eda de investigaci\u00f3n o de observaci\u00f3n. La pasant\u00eda consistir\u00e1 en realizar encuestas de satisfacci\u00f3n del cliente. Perfil: entusiasta, con dominio del ingl\u00e9s, perseverante y presentable.[\/vc_column_text]<a  itemprop=\"url\" href=\"https:\/\/hrmforce.com\/es\/vacantes\/practicante-de-desarrollo-de-negocios\/\" target=\"_blank\"  class=\"qbutton  medium left default\" style=\"color: #0e468c; background-color:#ffffff;\">Ver la vacante<\/a>[\/vc_column_inner][vc_column_inner el_class=\u00bbkolomhome\u00bb width=\u00bb1\/2&#8243; el_id=\u00bbblok2&#8243;][vc_column_text css=\u00bb\u00bb]<\/p>\n<h3>Socio \/ a de Negocio de RR. HH. Independiente \/ Distribuidor de Valor Agregado (VAR)<\/h3>\n<p>[\/vc_column_text][vc_empty_space height=\u00bb20px\u00bb]<a  itemprop=\"url\" href=\"https:\/\/hrmforce.com\/es\/vacantes\/socio-a-de-negocio-de-rr-hh-independiente-value-added-reseller-distribuidor-a-en-peru\/\" target=\"_blank\"  class=\"qbutton  big_large_full_width left default\" style=\"color: #0e468c; background-color:#ffffff;\">Territorio: PERU<\/a><a  itemprop=\"url\" href=\"https:\/\/hrmforce.com\/es\/vacantes\/socio-a-de-negocio-de-rr-hh-independiente-value-added-reseller-distribuidor-a-en-argentina\/\" target=\"_blank\"  class=\"qbutton  big_large_full_width left default\" style=\"color: #0e468c; background-color:#ffffff;\">Territorio: ARGENTINA<\/a><a  itemprop=\"url\" href=\"https:\/\/hrmforce.com\/es\/vacantes\/socio-a-de-negocio-de-rr-hh-independiente-value-added-reseller-distribuidor-a-en-colombia\/\" target=\"_blank\"  class=\"qbutton  big_large_full_width left default\" style=\"color: #0e468c; background-color:#ffffff;\">Territorio: COLOMBIA<\/a><a  itemprop=\"url\" href=\"https:\/\/hrmforce.com\/es\/vacantes\/socio-a-de-negocio-de-rr-hh-independiente-value-added-reseller-distribuidor-a-en-ecuador\/\" target=\"_blank\"  class=\"qbutton  big_large_full_width left default\" style=\"color: #0e468c; background-color:#ffffff;\">Territorio: ECUADOR<\/a><a  itemprop=\"url\" href=\"https:\/\/hrmforce.com\/es\/vacantes\/socio-a-de-negocio-de-rr-hh-independiente-value-added-reseller-distribuidor-a-en-mexico\/\" target=\"_blank\"  class=\"qbutton  big_large_full_width left default\" style=\"color: #0e468c; background-color:#ffffff;\">Territorio: MEXICO<\/a><a  itemprop=\"url\" href=\"https:\/\/hrmforce.com\/es\/vacantes\/socio-a-de-negocio-de-rr-hh-independiente-value-added-reseller-distribuidor-a-en-espana\/\" target=\"_blank\"  class=\"qbutton  big_large_full_width left default\" style=\"color: #0e468c; background-color:#ffffff;\">Territorio: SPAIN<\/a>[vc_empty_space height=\u00bb30px\u00bb][\/vc_column_inner][\/vc_row_inner][vc_empty_space height=\u00bb50px\u00bb][vc_row_inner row_type=\u00bbrow\u00bb type=\u00bbfull_width\u00bb text_align=\u00bbcenter\u00bb css_animation=\u00bb\u00bb][vc_column_inner width=\u00bb1\/6&#8243;][\/vc_column_inner][vc_column_inner width=\u00bb2\/3&#8243;][vc_column_text css=\u00bb\u00bb]<\/p>\n<h1>Postulaci\u00f3n Abierta<\/h1>\n<p>Siempre estamos en busca de talento.<\/p>\n<p>\u00bfNo te identificas con ninguna de las vacantes anteriores, pero crees que puedes aportar valor a la organizaci\u00f3n? Env\u00eda una postulaci\u00f3n abierta a: <a href=\"mailto: office@hrmforce.com\"> office@hrmforce.com <\/a>.<br \/>\n[\/vc_column_text][\/vc_column_inner][vc_column_inner width=\u00bb1\/6&#8243;][\/vc_column_inner][\/vc_row_inner][vc_empty_space height=\u00bb30px\u00bb][\/vc_column][\/vc_row]<\/p>\n<\/div>","protected":false},"excerpt":{"rendered":"<p>[vc_row css_animation=\u00bb\u00bb row_type=\u00bbrow\u00bb use_row_as_full_screen_section=\u00bbno\u00bb type=\u00bbgrid\u00bb angled_section=\u00bbno\u00bb text_align=\u00bbcenter\u00bb background_image_as_pattern=\u00bbwithout_pattern\u00bb z_index=\u00bb\u00bb el_class=\u00bbbloklicht\u00bb css=\u00bb.vc_custom_1644243311764{background-color: #f3f1f0 !important;}\u00bb][vc_column css=\u00bb.vc_custom_1610307631595&#8243;][vc_row_inner row_type=\u00bbrow\u00bb type=\u00bbfull_width\u00bb text_align=\u00bbcenter\u00bb css_animation=\u00bb\u00bb][vc_column_inner width=\u00bb1\/6&#8243;][\/vc_column_inner][vc_column_inner width=\u00bb2\/3&#8243;][vc_column_text css=\u00bb\u00bb] Vacantes A continuaci\u00f3n, encontrar\u00e1 un resumen de nuestras vacantes actuales. \u00bfLe interesa? Env\u00ede un correo electr\u00f3nico a office@hrmforce.com o llame al +31(0)88-8832188.[\/vc_column_text][\/vc_column_inner][vc_column_inner width=\u00bb1\/6&#8243;][\/vc_column_inner][\/vc_row_inner][vc_empty_space height=\u00bb50px\u00bb][vc_row_inner&#8230;<\/p>\n","protected":false},"author":18,"featured_media":11486,"parent":0,"menu_order":0,"comment_status":"closed","ping_status":"closed","template":"full_width.php","meta":{"_acf_changed":false,"inline_featured_image":false,"footnotes":""},"class_list":["post-23860","page","type-page","status-publish","has-post-thumbnail","hentry"],"acf":[],"yoast_head":"<!-- This site is optimized with the Yoast SEO plugin v27.1.1 - https:\/\/yoast.com\/product\/yoast-seo-wordpress\/ -->\n<title>Vacantes - hrmforce<\/title>\n<meta name=\"robots\" content=\"noindex, follow\" \/>\n<meta property=\"og:locale\" content=\"es_ES\" \/>\n<meta property=\"og:type\" content=\"article\" \/>\n<meta property=\"og:title\" content=\"Vacantes - hrmforce\" \/>\n<meta property=\"og:description\" content=\"[vc_row css_animation=\u00bb\u00bb row_type=\u00bbrow\u00bb use_row_as_full_screen_section=\u00bbno\u00bb type=\u00bbgrid\u00bb angled_section=\u00bbno\u00bb text_align=\u00bbcenter\u00bb background_image_as_pattern=\u00bbwithout_pattern\u00bb z_index=\u00bb\u00bb el_class=\u00bbbloklicht\u00bb css=\u00bb.vc_custom_1644243311764{background-color: #f3f1f0 !important;}\u00bb][vc_column css=\u00bb.vc_custom_1610307631595&#8243;][vc_row_inner row_type=\u00bbrow\u00bb type=\u00bbfull_width\u00bb text_align=\u00bbcenter\u00bb css_animation=\u00bb\u00bb][vc_column_inner width=\u00bb1\/6&#8243;][\/vc_column_inner][vc_column_inner width=\u00bb2\/3&#8243;][vc_column_text css=\u00bb\u00bb] Vacantes A continuaci\u00f3n, encontrar\u00e1 un resumen de nuestras vacantes actuales. \u00bfLe interesa? Env\u00ede un correo electr\u00f3nico a office@hrmforce.com o llame al +31(0)88-8832188.[\/vc_column_text][\/vc_column_inner][vc_column_inner width=\u00bb1\/6&#8243;][\/vc_column_inner][\/vc_row_inner][vc_empty_space height=\u00bb50px\u00bb][vc_row_inner...\" \/>\n<meta property=\"og:url\" content=\"https:\/\/hrmforce.com\/es\/vacantes\/\" \/>\n<meta property=\"og:site_name\" content=\"hrmforce\" \/>\n<meta property=\"article:publisher\" content=\"https:\/\/www.facebook.com\/hrmforceNL\/\" \/>\n<meta property=\"article:modified_time\" content=\"2025-10-27T15:11:22+00:00\" \/>\n<meta name=\"twitter:card\" content=\"summary_large_image\" \/>\n<meta name=\"twitter:label1\" content=\"Tiempo de lectura\" \/>\n\t<meta name=\"twitter:data1\" content=\"2 minutos\" \/>\n<script type=\"application\/ld+json\" class=\"yoast-schema-graph\">{\"@context\":\"https:\/\/schema.org\",\"@graph\":[{\"@type\":\"WebPage\",\"@id\":\"https:\/\/hrmforce.com\/es\/vacantes\/\",\"url\":\"https:\/\/hrmforce.com\/es\/vacantes\/\",\"name\":\"Vacantes - hrmforce\",\"isPartOf\":{\"@id\":\"https:\/\/hrmforce.com\/es\/#website\"},\"primaryImageOfPage\":{\"@id\":\"https:\/\/hrmforce.com\/es\/vacantes\/#primaryimage\"},\"image\":{\"@id\":\"https:\/\/hrmforce.com\/es\/vacantes\/#primaryimage\"},\"thumbnailUrl\":\"https:\/\/hrmforce.com\/wp-content\/uploads\/2020\/07\/no-image.jpg\",\"datePublished\":\"2025-10-21T21:22:20+00:00\",\"dateModified\":\"2025-10-27T15:11:22+00:00\",\"breadcrumb\":{\"@id\":\"https:\/\/hrmforce.com\/es\/vacantes\/#breadcrumb\"},\"inLanguage\":\"es\",\"potentialAction\":[{\"@type\":\"ReadAction\",\"target\":[\"https:\/\/hrmforce.com\/es\/vacantes\/\"]}]},{\"@type\":\"ImageObject\",\"inLanguage\":\"es\",\"@id\":\"https:\/\/hrmforce.com\/es\/vacantes\/#primaryimage\",\"url\":\"https:\/\/hrmforce.com\/wp-content\/uploads\/2020\/07\/no-image.jpg\",\"contentUrl\":\"https:\/\/hrmforce.com\/wp-content\/uploads\/2020\/07\/no-image.jpg\",\"width\":1024,\"height\":683,\"caption\":\"Human resources management\"},{\"@type\":\"BreadcrumbList\",\"@id\":\"https:\/\/hrmforce.com\/es\/vacantes\/#breadcrumb\",\"itemListElement\":[{\"@type\":\"ListItem\",\"position\":1,\"name\":\"Home\",\"item\":\"https:\/\/hrmforce.com\/es\/\"},{\"@type\":\"ListItem\",\"position\":2,\"name\":\"Vacantes\"}]},{\"@type\":\"WebSite\",\"@id\":\"https:\/\/hrmforce.com\/es\/#website\",\"url\":\"https:\/\/hrmforce.com\/es\/\",\"name\":\"hrmforce\",\"description\":\"people \u2022 performance \u2022 analytics\",\"publisher\":{\"@id\":\"https:\/\/hrmforce.com\/es\/#organization\"},\"potentialAction\":[{\"@type\":\"SearchAction\",\"target\":{\"@type\":\"EntryPoint\",\"urlTemplate\":\"https:\/\/hrmforce.com\/es\/?s={search_term_string}\"},\"query-input\":{\"@type\":\"PropertyValueSpecification\",\"valueRequired\":true,\"valueName\":\"search_term_string\"}}],\"inLanguage\":\"es\"},{\"@type\":\"Organization\",\"@id\":\"https:\/\/hrmforce.com\/es\/#organization\",\"name\":\"hrmforce\",\"url\":\"https:\/\/hrmforce.com\/es\/\",\"logo\":{\"@type\":\"ImageObject\",\"inLanguage\":\"es\",\"@id\":\"https:\/\/hrmforce.com\/es\/#\/schema\/logo\/image\/\",\"url\":\"https:\/\/hrmforce.com\/wp-content\/uploads\/2018\/08\/logo-hrmforce.png\",\"contentUrl\":\"https:\/\/hrmforce.com\/wp-content\/uploads\/2018\/08\/logo-hrmforce.png\",\"width\":833,\"height\":189,\"caption\":\"hrmforce\"},\"image\":{\"@id\":\"https:\/\/hrmforce.com\/es\/#\/schema\/logo\/image\/\"},\"sameAs\":[\"https:\/\/www.facebook.com\/hrmforceNL\/\",\"https:\/\/www.linkedin.com\/company\/hrmforce\/\"]}]}<\/script>\n<!-- \/ Yoast SEO plugin. -->","yoast_head_json":{"title":"Vacantes - hrmforce","robots":{"index":"noindex","follow":"follow"},"og_locale":"es_ES","og_type":"article","og_title":"Vacantes - hrmforce","og_description":"[vc_row css_animation=\u00bb\u00bb row_type=\u00bbrow\u00bb use_row_as_full_screen_section=\u00bbno\u00bb type=\u00bbgrid\u00bb angled_section=\u00bbno\u00bb text_align=\u00bbcenter\u00bb background_image_as_pattern=\u00bbwithout_pattern\u00bb z_index=\u00bb\u00bb el_class=\u00bbbloklicht\u00bb css=\u00bb.vc_custom_1644243311764{background-color: #f3f1f0 !important;}\u00bb][vc_column css=\u00bb.vc_custom_1610307631595&#8243;][vc_row_inner row_type=\u00bbrow\u00bb type=\u00bbfull_width\u00bb text_align=\u00bbcenter\u00bb css_animation=\u00bb\u00bb][vc_column_inner width=\u00bb1\/6&#8243;][\/vc_column_inner][vc_column_inner width=\u00bb2\/3&#8243;][vc_column_text css=\u00bb\u00bb] Vacantes A continuaci\u00f3n, encontrar\u00e1 un resumen de nuestras vacantes actuales. \u00bfLe interesa? Env\u00ede un correo electr\u00f3nico a office@hrmforce.com o llame al +31(0)88-8832188.[\/vc_column_text][\/vc_column_inner][vc_column_inner width=\u00bb1\/6&#8243;][\/vc_column_inner][\/vc_row_inner][vc_empty_space height=\u00bb50px\u00bb][vc_row_inner...","og_url":"https:\/\/hrmforce.com\/es\/vacantes\/","og_site_name":"hrmforce","article_publisher":"https:\/\/www.facebook.com\/hrmforceNL\/","article_modified_time":"2025-10-27T15:11:22+00:00","twitter_card":"summary_large_image","twitter_misc":{"Tiempo de lectura":"2 minutos"},"schema":{"@context":"https:\/\/schema.org","@graph":[{"@type":"WebPage","@id":"https:\/\/hrmforce.com\/es\/vacantes\/","url":"https:\/\/hrmforce.com\/es\/vacantes\/","name":"Vacantes - hrmforce","isPartOf":{"@id":"https:\/\/hrmforce.com\/es\/#website"},"primaryImageOfPage":{"@id":"https:\/\/hrmforce.com\/es\/vacantes\/#primaryimage"},"image":{"@id":"https:\/\/hrmforce.com\/es\/vacantes\/#primaryimage"},"thumbnailUrl":"https:\/\/hrmforce.com\/wp-content\/uploads\/2020\/07\/no-image.jpg","datePublished":"2025-10-21T21:22:20+00:00","dateModified":"2025-10-27T15:11:22+00:00","breadcrumb":{"@id":"https:\/\/hrmforce.com\/es\/vacantes\/#breadcrumb"},"inLanguage":"es","potentialAction":[{"@type":"ReadAction","target":["https:\/\/hrmforce.com\/es\/vacantes\/"]}]},{"@type":"ImageObject","inLanguage":"es","@id":"https:\/\/hrmforce.com\/es\/vacantes\/#primaryimage","url":"https:\/\/hrmforce.com\/wp-content\/uploads\/2020\/07\/no-image.jpg","contentUrl":"https:\/\/hrmforce.com\/wp-content\/uploads\/2020\/07\/no-image.jpg","width":1024,"height":683,"caption":"Human resources management"},{"@type":"BreadcrumbList","@id":"https:\/\/hrmforce.com\/es\/vacantes\/#breadcrumb","itemListElement":[{"@type":"ListItem","position":1,"name":"Home","item":"https:\/\/hrmforce.com\/es\/"},{"@type":"ListItem","position":2,"name":"Vacantes"}]},{"@type":"WebSite","@id":"https:\/\/hrmforce.com\/es\/#website","url":"https:\/\/hrmforce.com\/es\/","name":"hrmforce","description":"people \u2022 performance \u2022 analytics","publisher":{"@id":"https:\/\/hrmforce.com\/es\/#organization"},"potentialAction":[{"@type":"SearchAction","target":{"@type":"EntryPoint","urlTemplate":"https:\/\/hrmforce.com\/es\/?s={search_term_string}"},"query-input":{"@type":"PropertyValueSpecification","valueRequired":true,"valueName":"search_term_string"}}],"inLanguage":"es"},{"@type":"Organization","@id":"https:\/\/hrmforce.com\/es\/#organization","name":"hrmforce","url":"https:\/\/hrmforce.com\/es\/","logo":{"@type":"ImageObject","inLanguage":"es","@id":"https:\/\/hrmforce.com\/es\/#\/schema\/logo\/image\/","url":"https:\/\/hrmforce.com\/wp-content\/uploads\/2018\/08\/logo-hrmforce.png","contentUrl":"https:\/\/hrmforce.com\/wp-content\/uploads\/2018\/08\/logo-hrmforce.png","width":833,"height":189,"caption":"hrmforce"},"image":{"@id":"https:\/\/hrmforce.com\/es\/#\/schema\/logo\/image\/"},"sameAs":["https:\/\/www.facebook.com\/hrmforceNL\/","https:\/\/www.linkedin.com\/company\/hrmforce\/"]}]}},"_links":{"self":[{"href":"https:\/\/hrmforce.com\/es\/wp-json\/wp\/v2\/pages\/23860","targetHints":{"allow":["GET"]}}],"collection":[{"href":"https:\/\/hrmforce.com\/es\/wp-json\/wp\/v2\/pages"}],"about":[{"href":"https:\/\/hrmforce.com\/es\/wp-json\/wp\/v2\/types\/page"}],"author":[{"embeddable":true,"href":"https:\/\/hrmforce.com\/es\/wp-json\/wp\/v2\/users\/18"}],"replies":[{"embeddable":true,"href":"https:\/\/hrmforce.com\/es\/wp-json\/wp\/v2\/comments?post=23860"}],"version-history":[{"count":16,"href":"https:\/\/hrmforce.com\/es\/wp-json\/wp\/v2\/pages\/23860\/revisions"}],"predecessor-version":[{"id":24029,"href":"https:\/\/hrmforce.com\/es\/wp-json\/wp\/v2\/pages\/23860\/revisions\/24029"}],"wp:featuredmedia":[{"embeddable":true,"href":"https:\/\/hrmforce.com\/es\/wp-json\/wp\/v2\/media\/11486"}],"wp:attachment":[{"href":"https:\/\/hrmforce.com\/es\/wp-json\/wp\/v2\/media?parent=23860"}],"curies":[{"name":"wp","href":"https:\/\/api.w.org\/{rel}","templated":true}]}}