{"id":23913,"date":"2025-10-22T21:24:34","date_gmt":"2025-10-22T19:24:34","guid":{"rendered":"https:\/\/hrmforce.com\/?page_id=23913"},"modified":"2025-10-22T21:24:34","modified_gmt":"2025-10-22T19:24:34","slug":"practicante-de-desarrollo-de-negocios","status":"publish","type":"page","link":"https:\/\/hrmforce.com\/es\/vacantes\/practicante-de-desarrollo-de-negocios\/","title":{"rendered":"Practicante de Desarrollo de Negocios"},"content":{"rendered":"<div class=\"wpb-content-wrapper\"><p>[vc_row css_animation=\u00bb\u00bb row_type=\u00bbrow\u00bb use_row_as_full_screen_section=\u00bbno\u00bb type=\u00bbgrid\u00bb angled_section=\u00bbno\u00bb text_align=\u00bbleft\u00bb background_image_as_pattern=\u00bbwithout_pattern\u00bb el_class=\u00bbrij-vacature\u00bb z_index=\u00bb\u00bb][vc_column width=\u00bb2\/3&#8243; css=\u00bb.vc_custom_1761115254084{padding-top: 30px !important;padding-right: 30px !important;padding-bottom: 30px !important;padding-left: 30px !important;background-color: #FFFFFF !important;}\u00bb][vc_empty_space][vc_column_text css=\u00bb\u00bb]<\/p>\n<h2><strong>Vacante:<\/strong><\/h2>\n<p>[\/vc_column_text][vc_column_text css=\u00bb\u00bb]<\/p>\n<h1>Pr\u00e1cticas en Desarrollo de Negocios (Crecimiento Internacional)<\/h1>\n<p><strong>Ubicaci\u00f3n: \u00c1msterdam (h\u00edbrido)<\/strong><br \/>\n<strong>Duraci\u00f3n: 5\u20136 meses<\/strong><br \/>\n<strong>Fecha de inicio: A convenir<\/strong><\/p>\n<p>&nbsp;<\/p>\n<h2>Sobre hrmforce<\/h2>\n<p>En <strong>hrmforce<\/strong>, creemos que las organizaciones solo tienen verdadero \u00e9xito cuando logran sacar lo mejor de su gente. Con nuestras soluciones innovadoras de tecnolog\u00eda de RR. HH.\u2014desde evaluaciones hasta an\u00e1lisis de talento\u2014ayudamos a las empresas a contratar, desarrollar y crecer de manera m\u00e1s inteligente.<br \/>\nYa estamos bien establecidos en los Pa\u00edses Bajos y ahora estamos listos para expandirnos internacionalmente. Ah\u00ed es donde necesitamos tu perspectiva fresca y tu esp\u00edritu emprendedor.<\/p>\n<h2>Tu desaf\u00edo<\/h2>\n<p>Como <strong>practicante de desarrollo de negocios<\/strong>, ser\u00e1s la fuerza impulsora detr\u00e1s de nuestras ambiciones internacionales. Investigar\u00e1s mercados, identificar\u00e1s oportunidades de crecimiento y ayudar\u00e1s a definir c\u00f3mo hrmforce puede escalar globalmente. Tendr\u00e1s la libertad de convertir ideas en acci\u00f3n y la oportunidad de generar un impacto directo en nuestra estrategia internacional.<\/p>\n<h2>Lo que har\u00e1s<\/h2>\n<ul>\n<li>Realizar investigaciones de mercado sobre tendencias y oportunidades internacionales en tecnolog\u00eda de RR. HH.<\/li>\n<li>Identificar socios potenciales, distribuidores y clientes.<\/li>\n<li>Contribuir al posicionamiento y la estrategia internacional de la empresa.<\/li>\n<li>Ayudar a establecer campa\u00f1as de marketing y ventas para nuevos mercados.<\/li>\n<li>Preparar presentaciones, propuestas y an\u00e1lisis para el equipo directivo.<\/li>\n<li>Participar activamente en las primeras conversaciones y acuerdos internacionales.<\/li>\n<\/ul>\n<h2>Qui\u00e9n eres<\/h2>\n<ul>\n<li>Estudiante de <strong>grado o m\u00e1ster<\/strong> en Negocios, Gesti\u00f3n Internacional, Marketing o un campo relacionado.<\/li>\n<li>Emprendedor(a), curioso(a) y con iniciativa.<\/li>\n<li>Interesado(a) en RR. HH., tecnolog\u00eda y negocios internacionales.<\/li>\n<li>Buen comunicador(a), anal\u00edtico(a) y pr\u00e1ctico(a).<\/li>\n<li>Fluido(a) en <strong>ingl\u00e9s<\/strong> (otros idiomas son una ventaja).<\/li>\n<\/ul>\n<h2>Lo que ofrecemos<\/h2>\n<ul>\n<li>Una pr\u00e1ctica desafiante donde tendr\u00e1s <strong>impacto directo en el crecimiento internacional<\/strong>.<\/li>\n<li>Mentor\u00eda de empresarios y desarrolladores de negocios con experiencia.<\/li>\n<li>Un entorno de trabajo inspirador e innovador con comunicaci\u00f3n directa.<\/li>\n<li>Trabajo h\u00edbrido: parte en nuestra oficina de \u00c1msterdam, parte remoto.<\/li>\n<li>Remuneraci\u00f3n por pr\u00e1cticas y espacio para el crecimiento personal.<\/li>\n<\/ul>\n<h2>\u00bfListo(a) para conquistar el mundo con nosotros?<\/h2>\n<p>Env\u00eda tu CV y una breve motivaci\u00f3n a <strong><a href=\"mailto:global@hrmforce.com\">global@hrmforce.com<\/a><\/strong>.<br \/>\n\u00bfTienes preguntas? Ponte en contacto con <strong>Floor Hendriks<\/strong>.<br \/>\n[\/vc_column_text][\/vc_column][vc_column width=\u00bb1\/3&#8243;][vc_widget_sidebar sidebar_id=\u00bbvacatures\u00bb][\/vc_column][\/vc_row][vc_row css_animation=\u00bb\u00bb row_type=\u00bbrow\u00bb use_row_as_full_screen_section=\u00bbno\u00bb type=\u00bbfull_width\u00bb angled_section=\u00bbno\u00bb text_align=\u00bbleft\u00bb background_image_as_pattern=\u00bbwithout_pattern\u00bb][vc_column][vc_empty_space height=\u00bb50px\u00bb][\/vc_column][\/vc_row]<\/p>\n<\/div>","protected":false},"excerpt":{"rendered":"<p>[vc_row css_animation=\u00bb\u00bb row_type=\u00bbrow\u00bb use_row_as_full_screen_section=\u00bbno\u00bb type=\u00bbgrid\u00bb angled_section=\u00bbno\u00bb text_align=\u00bbleft\u00bb background_image_as_pattern=\u00bbwithout_pattern\u00bb el_class=\u00bbrij-vacature\u00bb z_index=\u00bb\u00bb][vc_column width=\u00bb2\/3&#8243; css=\u00bb.vc_custom_1761115254084{padding-top: 30px !important;padding-right: 30px !important;padding-bottom: 30px !important;padding-left: 30px !important;background-color: #FFFFFF !important;}\u00bb][vc_empty_space][vc_column_text css=\u00bb\u00bb] Vacante: [\/vc_column_text][vc_column_text css=\u00bb\u00bb] Pr\u00e1cticas en Desarrollo de Negocios (Crecimiento Internacional) Ubicaci\u00f3n: \u00c1msterdam (h\u00edbrido) Duraci\u00f3n: 5\u20136 meses Fecha de inicio: A convenir &nbsp;&#8230;<\/p>\n","protected":false},"author":18,"featured_media":11486,"parent":23860,"menu_order":0,"comment_status":"closed","ping_status":"closed","template":"full_width.php","meta":{"_acf_changed":false,"inline_featured_image":false,"footnotes":""},"class_list":["post-23913","page","type-page","status-publish","has-post-thumbnail","hentry"],"acf":[],"yoast_head":"<!-- This site is optimized with the Yoast SEO plugin v27.1.1 - https:\/\/yoast.com\/product\/yoast-seo-wordpress\/ -->\n<title>Practicante de Desarrollo de Negocios - hrmforce<\/title>\n<meta name=\"robots\" content=\"index, follow, max-snippet:-1, max-image-preview:large, max-video-preview:-1\" \/>\n<link rel=\"canonical\" href=\"https:\/\/hrmforce.com\/es\/vacantes\/practicante-de-desarrollo-de-negocios\/\" \/>\n<meta property=\"og:locale\" content=\"es_ES\" \/>\n<meta property=\"og:type\" content=\"article\" \/>\n<meta property=\"og:title\" content=\"Practicante de Desarrollo de Negocios - hrmforce\" \/>\n<meta property=\"og:description\" content=\"[vc_row css_animation=\u00bb\u00bb row_type=\u00bbrow\u00bb use_row_as_full_screen_section=\u00bbno\u00bb type=\u00bbgrid\u00bb angled_section=\u00bbno\u00bb text_align=\u00bbleft\u00bb background_image_as_pattern=\u00bbwithout_pattern\u00bb el_class=\u00bbrij-vacature\u00bb z_index=\u00bb\u00bb][vc_column width=\u00bb2\/3&#8243; css=\u00bb.vc_custom_1761115254084{padding-top: 30px !important;padding-right: 30px !important;padding-bottom: 30px !important;padding-left: 30px !important;background-color: #FFFFFF !important;}\u00bb][vc_empty_space][vc_column_text css=\u00bb\u00bb] Vacante: [\/vc_column_text][vc_column_text css=\u00bb\u00bb] Pr\u00e1cticas en Desarrollo de Negocios (Crecimiento Internacional) Ubicaci\u00f3n: \u00c1msterdam (h\u00edbrido) Duraci\u00f3n: 5\u20136 meses Fecha de inicio: A convenir &nbsp;...\" \/>\n<meta property=\"og:url\" content=\"https:\/\/hrmforce.com\/es\/vacantes\/practicante-de-desarrollo-de-negocios\/\" \/>\n<meta property=\"og:site_name\" content=\"hrmforce\" \/>\n<meta property=\"article:publisher\" content=\"https:\/\/www.facebook.com\/hrmforceNL\/\" \/>\n<meta name=\"twitter:card\" content=\"summary_large_image\" \/>\n<script type=\"application\/ld+json\" class=\"yoast-schema-graph\">{\"@context\":\"https:\/\/schema.org\",\"@graph\":[{\"@type\":\"WebPage\",\"@id\":\"https:\/\/hrmforce.com\/es\/vacantes\/practicante-de-desarrollo-de-negocios\/\",\"url\":\"https:\/\/hrmforce.com\/es\/vacantes\/practicante-de-desarrollo-de-negocios\/\",\"name\":\"Practicante de Desarrollo de Negocios - hrmforce\",\"isPartOf\":{\"@id\":\"https:\/\/hrmforce.com\/es\/#website\"},\"primaryImageOfPage\":{\"@id\":\"https:\/\/hrmforce.com\/es\/vacantes\/practicante-de-desarrollo-de-negocios\/#primaryimage\"},\"image\":{\"@id\":\"https:\/\/hrmforce.com\/es\/vacantes\/practicante-de-desarrollo-de-negocios\/#primaryimage\"},\"thumbnailUrl\":\"https:\/\/hrmforce.com\/wp-content\/uploads\/2020\/07\/no-image.jpg\",\"datePublished\":\"2025-10-22T19:24:34+00:00\",\"breadcrumb\":{\"@id\":\"https:\/\/hrmforce.com\/es\/vacantes\/practicante-de-desarrollo-de-negocios\/#breadcrumb\"},\"inLanguage\":\"es\",\"potentialAction\":[{\"@type\":\"ReadAction\",\"target\":[\"https:\/\/hrmforce.com\/es\/vacantes\/practicante-de-desarrollo-de-negocios\/\"]}]},{\"@type\":\"ImageObject\",\"inLanguage\":\"es\",\"@id\":\"https:\/\/hrmforce.com\/es\/vacantes\/practicante-de-desarrollo-de-negocios\/#primaryimage\",\"url\":\"https:\/\/hrmforce.com\/wp-content\/uploads\/2020\/07\/no-image.jpg\",\"contentUrl\":\"https:\/\/hrmforce.com\/wp-content\/uploads\/2020\/07\/no-image.jpg\",\"width\":1024,\"height\":683,\"caption\":\"Human resources management\"},{\"@type\":\"BreadcrumbList\",\"@id\":\"https:\/\/hrmforce.com\/es\/vacantes\/practicante-de-desarrollo-de-negocios\/#breadcrumb\",\"itemListElement\":[{\"@type\":\"ListItem\",\"position\":1,\"name\":\"Home\",\"item\":\"https:\/\/hrmforce.com\/es\/\"},{\"@type\":\"ListItem\",\"position\":2,\"name\":\"Vacantes\",\"item\":\"https:\/\/hrmforce.com\/es\/vacantes\/\"},{\"@type\":\"ListItem\",\"position\":3,\"name\":\"Practicante de Desarrollo de Negocios\"}]},{\"@type\":\"WebSite\",\"@id\":\"https:\/\/hrmforce.com\/es\/#website\",\"url\":\"https:\/\/hrmforce.com\/es\/\",\"name\":\"hrmforce\",\"description\":\"people \u2022 performance \u2022 analytics\",\"publisher\":{\"@id\":\"https:\/\/hrmforce.com\/es\/#organization\"},\"potentialAction\":[{\"@type\":\"SearchAction\",\"target\":{\"@type\":\"EntryPoint\",\"urlTemplate\":\"https:\/\/hrmforce.com\/es\/?s={search_term_string}\"},\"query-input\":{\"@type\":\"PropertyValueSpecification\",\"valueRequired\":true,\"valueName\":\"search_term_string\"}}],\"inLanguage\":\"es\"},{\"@type\":\"Organization\",\"@id\":\"https:\/\/hrmforce.com\/es\/#organization\",\"name\":\"hrmforce\",\"url\":\"https:\/\/hrmforce.com\/es\/\",\"logo\":{\"@type\":\"ImageObject\",\"inLanguage\":\"es\",\"@id\":\"https:\/\/hrmforce.com\/es\/#\/schema\/logo\/image\/\",\"url\":\"https:\/\/hrmforce.com\/wp-content\/uploads\/2018\/08\/logo-hrmforce.png\",\"contentUrl\":\"https:\/\/hrmforce.com\/wp-content\/uploads\/2018\/08\/logo-hrmforce.png\",\"width\":833,\"height\":189,\"caption\":\"hrmforce\"},\"image\":{\"@id\":\"https:\/\/hrmforce.com\/es\/#\/schema\/logo\/image\/\"},\"sameAs\":[\"https:\/\/www.facebook.com\/hrmforceNL\/\",\"https:\/\/www.linkedin.com\/company\/hrmforce\/\"]}]}<\/script>\n<!-- \/ Yoast SEO plugin. -->","yoast_head_json":{"title":"Practicante de Desarrollo de Negocios - hrmforce","robots":{"index":"index","follow":"follow","max-snippet":"max-snippet:-1","max-image-preview":"max-image-preview:large","max-video-preview":"max-video-preview:-1"},"canonical":"https:\/\/hrmforce.com\/es\/vacantes\/practicante-de-desarrollo-de-negocios\/","og_locale":"es_ES","og_type":"article","og_title":"Practicante de Desarrollo de Negocios - hrmforce","og_description":"[vc_row css_animation=\u00bb\u00bb row_type=\u00bbrow\u00bb use_row_as_full_screen_section=\u00bbno\u00bb type=\u00bbgrid\u00bb angled_section=\u00bbno\u00bb text_align=\u00bbleft\u00bb background_image_as_pattern=\u00bbwithout_pattern\u00bb el_class=\u00bbrij-vacature\u00bb z_index=\u00bb\u00bb][vc_column width=\u00bb2\/3&#8243; css=\u00bb.vc_custom_1761115254084{padding-top: 30px !important;padding-right: 30px !important;padding-bottom: 30px !important;padding-left: 30px !important;background-color: #FFFFFF !important;}\u00bb][vc_empty_space][vc_column_text css=\u00bb\u00bb] Vacante: [\/vc_column_text][vc_column_text css=\u00bb\u00bb] Pr\u00e1cticas en Desarrollo de Negocios (Crecimiento Internacional) Ubicaci\u00f3n: \u00c1msterdam (h\u00edbrido) Duraci\u00f3n: 5\u20136 meses Fecha de inicio: A convenir &nbsp;...","og_url":"https:\/\/hrmforce.com\/es\/vacantes\/practicante-de-desarrollo-de-negocios\/","og_site_name":"hrmforce","article_publisher":"https:\/\/www.facebook.com\/hrmforceNL\/","twitter_card":"summary_large_image","schema":{"@context":"https:\/\/schema.org","@graph":[{"@type":"WebPage","@id":"https:\/\/hrmforce.com\/es\/vacantes\/practicante-de-desarrollo-de-negocios\/","url":"https:\/\/hrmforce.com\/es\/vacantes\/practicante-de-desarrollo-de-negocios\/","name":"Practicante de Desarrollo de Negocios - hrmforce","isPartOf":{"@id":"https:\/\/hrmforce.com\/es\/#website"},"primaryImageOfPage":{"@id":"https:\/\/hrmforce.com\/es\/vacantes\/practicante-de-desarrollo-de-negocios\/#primaryimage"},"image":{"@id":"https:\/\/hrmforce.com\/es\/vacantes\/practicante-de-desarrollo-de-negocios\/#primaryimage"},"thumbnailUrl":"https:\/\/hrmforce.com\/wp-content\/uploads\/2020\/07\/no-image.jpg","datePublished":"2025-10-22T19:24:34+00:00","breadcrumb":{"@id":"https:\/\/hrmforce.com\/es\/vacantes\/practicante-de-desarrollo-de-negocios\/#breadcrumb"},"inLanguage":"es","potentialAction":[{"@type":"ReadAction","target":["https:\/\/hrmforce.com\/es\/vacantes\/practicante-de-desarrollo-de-negocios\/"]}]},{"@type":"ImageObject","inLanguage":"es","@id":"https:\/\/hrmforce.com\/es\/vacantes\/practicante-de-desarrollo-de-negocios\/#primaryimage","url":"https:\/\/hrmforce.com\/wp-content\/uploads\/2020\/07\/no-image.jpg","contentUrl":"https:\/\/hrmforce.com\/wp-content\/uploads\/2020\/07\/no-image.jpg","width":1024,"height":683,"caption":"Human resources management"},{"@type":"BreadcrumbList","@id":"https:\/\/hrmforce.com\/es\/vacantes\/practicante-de-desarrollo-de-negocios\/#breadcrumb","itemListElement":[{"@type":"ListItem","position":1,"name":"Home","item":"https:\/\/hrmforce.com\/es\/"},{"@type":"ListItem","position":2,"name":"Vacantes","item":"https:\/\/hrmforce.com\/es\/vacantes\/"},{"@type":"ListItem","position":3,"name":"Practicante de Desarrollo de Negocios"}]},{"@type":"WebSite","@id":"https:\/\/hrmforce.com\/es\/#website","url":"https:\/\/hrmforce.com\/es\/","name":"hrmforce","description":"people \u2022 performance \u2022 analytics","publisher":{"@id":"https:\/\/hrmforce.com\/es\/#organization"},"potentialAction":[{"@type":"SearchAction","target":{"@type":"EntryPoint","urlTemplate":"https:\/\/hrmforce.com\/es\/?s={search_term_string}"},"query-input":{"@type":"PropertyValueSpecification","valueRequired":true,"valueName":"search_term_string"}}],"inLanguage":"es"},{"@type":"Organization","@id":"https:\/\/hrmforce.com\/es\/#organization","name":"hrmforce","url":"https:\/\/hrmforce.com\/es\/","logo":{"@type":"ImageObject","inLanguage":"es","@id":"https:\/\/hrmforce.com\/es\/#\/schema\/logo\/image\/","url":"https:\/\/hrmforce.com\/wp-content\/uploads\/2018\/08\/logo-hrmforce.png","contentUrl":"https:\/\/hrmforce.com\/wp-content\/uploads\/2018\/08\/logo-hrmforce.png","width":833,"height":189,"caption":"hrmforce"},"image":{"@id":"https:\/\/hrmforce.com\/es\/#\/schema\/logo\/image\/"},"sameAs":["https:\/\/www.facebook.com\/hrmforceNL\/","https:\/\/www.linkedin.com\/company\/hrmforce\/"]}]}},"_links":{"self":[{"href":"https:\/\/hrmforce.com\/es\/wp-json\/wp\/v2\/pages\/23913","targetHints":{"allow":["GET"]}}],"collection":[{"href":"https:\/\/hrmforce.com\/es\/wp-json\/wp\/v2\/pages"}],"about":[{"href":"https:\/\/hrmforce.com\/es\/wp-json\/wp\/v2\/types\/page"}],"author":[{"embeddable":true,"href":"https:\/\/hrmforce.com\/es\/wp-json\/wp\/v2\/users\/18"}],"replies":[{"embeddable":true,"href":"https:\/\/hrmforce.com\/es\/wp-json\/wp\/v2\/comments?post=23913"}],"version-history":[{"count":1,"href":"https:\/\/hrmforce.com\/es\/wp-json\/wp\/v2\/pages\/23913\/revisions"}],"predecessor-version":[{"id":23914,"href":"https:\/\/hrmforce.com\/es\/wp-json\/wp\/v2\/pages\/23913\/revisions\/23914"}],"up":[{"embeddable":true,"href":"https:\/\/hrmforce.com\/es\/wp-json\/wp\/v2\/pages\/23860"}],"wp:featuredmedia":[{"embeddable":true,"href":"https:\/\/hrmforce.com\/es\/wp-json\/wp\/v2\/media\/11486"}],"wp:attachment":[{"href":"https:\/\/hrmforce.com\/es\/wp-json\/wp\/v2\/media?parent=23913"}],"curies":[{"name":"wp","href":"https:\/\/api.w.org\/{rel}","templated":true}]}}