{"id":23998,"date":"2025-10-27T15:23:47","date_gmt":"2025-10-27T14:23:47","guid":{"rendered":"https:\/\/hrmforce.com\/?page_id=23998"},"modified":"2025-10-27T16:13:05","modified_gmt":"2025-10-27T15:13:05","slug":"socio-a-de-negocio-de-rr-hh-independiente-value-added-reseller-distribuidor-a-en-ecuador","status":"publish","type":"page","link":"https:\/\/hrmforce.com\/es\/vacantes\/socio-a-de-negocio-de-rr-hh-independiente-value-added-reseller-distribuidor-a-en-ecuador\/","title":{"rendered":"Socio\/a de Negocio de RR. HH. Independiente \/ Value Added Reseller \/ Distribuidor\/a en Ecuador"},"content":{"rendered":"<div class=\"wpb-content-wrapper\"><p>[vc_row css_animation=\u00bb\u00bb row_type=\u00bbrow\u00bb use_row_as_full_screen_section=\u00bbno\u00bb type=\u00bbgrid\u00bb angled_section=\u00bbno\u00bb text_align=\u00bbleft\u00bb background_image_as_pattern=\u00bbwithout_pattern\u00bb el_class=\u00bbrij-vacature\u00bb z_index=\u00bb\u00bb][vc_column width=\u00bb2\/3&#8243; css=\u00bb.vc_custom_1761115254084{padding-top: 30px !important;padding-right: 30px !important;padding-bottom: 30px !important;padding-left: 30px !important;background-color: #FFFFFF !important;}\u00bb][vc_empty_space][vc_column_text css=\u00bb\u00bb]<\/p>\n<h2><strong>Vacante:<\/strong><\/h2>\n<p>[\/vc_column_text][vc_column_text css=\u00bb\u00bb]<\/p>\n<h1>Socio\/a de Negocio de RR. HH. Independiente \/ Value Added Reseller \/ Distribuidor\/a<\/h1>\n<p><span class=\"territory\">Territorio: Ecuador<\/span><\/p>\n<h2><\/h2>\n<p>&nbsp;<\/p>\n<h2>Acerca de hrmforce<\/h2>\n<p>Construye tu propio negocio de RR. HH. en alianza con el proveedor internacional de tecnolog\u00eda de RR. HH. de confianza <strong>hrmforce.com<\/strong>.<\/p>\n<p>Hrmforce es un proveedor l\u00edder de software de RR. HH. en la nube, evaluaciones en l\u00ednea y herramientas de consultor\u00eda. Nuestra plataforma permite a las organizaciones reclutar de forma m\u00e1s inteligente, desarrollar a las personas m\u00e1s r\u00e1pido, mejorar el desempe\u00f1o, aumentar el compromiso y la retenci\u00f3n, y tomar decisiones de gesti\u00f3n del talento basadas en datos.<\/p>\n<p>Con m\u00e1s de 35 herramientas avanzadas de RR. HH. (desde evaluaciones de personalidad y motivaci\u00f3n hasta liderazgo, empleabilidad y anal\u00edtica de RR. HH.), ayudamos a las empresas a transformar la gesti\u00f3n del capital humano y a impulsar su rendimiento.<\/p>\n<p>Con oficinas, distribuidores y socios de negocio en m\u00e1s de 10 pa\u00edses, hrmforce es una marca internacional consolidada con un historial comprobado. Estamos expandiendo nuestra presencia a Espa\u00f1a, Colombia, Ecuador, Per\u00fa, M\u00e9xico y Argentina, y buscamos profesionales ambiciosos para unirse a nuestra red como Socios\/as de Negocio \/ Value Added Resellers (VAR). Esta es tu oportunidad de combinar libertad emprendedora e ingresos altos con la fortaleza de una red global. <em>No se requiere inversi\u00f3n financiera.<\/em><\/p>\n<h2>Tu rol como Socio\/a de Negocio Independiente \/ VAR<\/h2>\n<p>Como Socio\/a de Negocio \/ VAR ser\u00e1s el\/la representante de hrmforce en tu territorio. Te encargar\u00e1s de:<\/p>\n<ul>\n<li>Identificar y captar nuevos clientes en tu mercado.<\/li>\n<li>Vender e implementar licencias SaaS de hrmforce, formaci\u00f3n y consultor\u00eda.<\/li>\n<li>Prestar o subcontratar servicios de consultor\u00eda, formaci\u00f3n y asesor\u00eda para el \u00e9xito del cliente.<\/li>\n<li>Guiar a las organizaciones en la adopci\u00f3n de evaluaciones en l\u00ednea dentro del ciclo de RR. HH. e implementar anal\u00edtica de RR. HH. y soluciones de gesti\u00f3n del talento.<\/li>\n<li>Construir relaciones de largo plazo y ampliar tu propia cartera.<\/li>\n<li>Aportar insights del mercado y representar a hrmforce como un socio de confianza en innovaci\u00f3n de RR. HH.<\/li>\n<li>Crear y ejecutar tu propia estrategia de marketing junto con la central.<\/li>\n<li>Formar tu propio equipo y reclutar a otros Socios\/as de Negocio en tu territorio.<\/li>\n<\/ul>\n<p>Este rol est\u00e1 dise\u00f1ado para profesionales que desean gestionar su propio negocio independiente aprovechando la plataforma, las herramientas y la reputaci\u00f3n internacional de hrmforce.<\/p>\n<h2>Perfil del\/de la candidato\/a<\/h2>\n<p>Buscamos profesionales emprendedores que combinen impulso comercial con experiencia en RR. HH.<\/p>\n<h3>Educaci\u00f3n y formaci\u00f3n<\/h3>\n<ul>\n<li>Licenciatura o maestr\u00eda en Recursos Humanos, Administraci\u00f3n de Empresas, Psicolog\u00eda o \u00e1reas afines.<\/li>\n<li>Conocimientos b\u00e1sicos de procesos de RR. HH. como gesti\u00f3n del talento, reclutamiento y\/o desarrollo organizacional.<\/li>\n<\/ul>\n<h3>Experiencia profesional<\/h3>\n<ul>\n<li style=\"list-style-type: none;\">\n<ul>\n<li>Al menos 2 a\u00f1os de experiencia en ventas de SaaS, consultor\u00eda de RR. HH., tecnolog\u00eda de RR. HH. o Psicolog\u00eda Organizacional.<\/li>\n<li>Historial comprobado construyendo carteras de clientes.<\/li>\n<\/ul>\n<\/li>\n<\/ul>\n<p>&lt;<\/p>\n<ul>\n<li>La experiencia en Value Added Reselling o ventas v\u00eda partners es un plus.<\/li>\n<\/ul>\n<h3>Habilidades y competencias<\/h3>\n<ul>\n<li>Mentalidad emprendedora y orientada a resultados.<\/li>\n<li>Excelentes habilidades de comunicaci\u00f3n, networking y negociaci\u00f3n.<\/li>\n<li>S\u00f3lida mentalidad consultiva, capaz de aportar valor m\u00e1s all\u00e1 de la venta.<\/li>\n<li>Independencia y proactividad, con capacidad para gestionar tu propio pipeline.<\/li>\n<li>Dominio de espa\u00f1ol e ingl\u00e9s (otros idiomas son una ventaja).<\/li>\n<\/ul>\n<h2>Lo que ofrecemos<\/h2>\n<ul>\n<li><strong>Marca y plataforma consolidadas:<\/strong> Trabaja con un proveedor de software de RR. HH. reconocido en m\u00e1s de 10 pa\u00edses.<\/li>\n<li><strong>Formaci\u00f3n integral:<\/strong> Onboarding completo y actualizaciones continuas de producto para dominar nuestras herramientas.<\/li>\n<li><strong>Modelo de compensaci\u00f3n atractivo:<\/strong> Comisiones, bonos por desempe\u00f1o e ingresos recurrentes. <em>(50.000\u2013200.000 USD anuales)<\/em><\/li>\n<li><strong>Libertad emprendedora:<\/strong> Construye y gestiona tu propia empresa y cartera en tu territorio bajo el paraguas de hrmforce.<\/li>\n<li><strong>Escalabilidad:<\/strong> Integra las soluciones de hrmforce en tus servicios de consultor\u00eda para crear mayor valor. Recluta a otros Socios\/as de Negocio en tu red.<\/li>\n<li><strong>Soporte:<\/strong> Acceso a materiales de marketing, soporte t\u00e9cnico, consultores especializados en RR. HH., formadores y psic\u00f3logos organizacionales, y equipo financiero.<\/li>\n<li><strong>Potencial de crecimiento:<\/strong> Posici\u00f3nate como socio\/a l\u00edder en un mercado de HR tech en r\u00e1pida expansi\u00f3n dentro de tu territorio y escala tanto como desees.<\/li>\n<\/ul>\n<h2>\u00bfPor qu\u00e9 Ecuador?<\/h2>\n<p>El mercado ecuatoriano de RR. HH. y SaaS est\u00e1 en crecimiento; las organizaciones buscan cada vez m\u00e1s soluciones de RR. HH. basadas en datos. Esto crea oportunidades significativas para profesionales emprendedores que combinan tecnolog\u00eda y consultor\u00eda. Como Socio\/a de Negocio \/ VAR \/ Distribuidor\/a de hrmforce, estar\u00e1s en una posici\u00f3n ideal para capitalizar este crecimiento con el respaldo de una red internacional de especialistas.<\/p>\n<h2>Postulaci\u00f3n<\/h2>\n<p>Si est\u00e1s listo\/a para construir tu propio negocio y dar forma al futuro de los RR. HH. en Ecuador, \u00a1queremos conocerte!<\/p>\n<p>Env\u00eda tu motivaci\u00f3n y CV a <a href=\"mailto:office@hrmforce.com\">office@hrmforce.com<\/a> con el asunto <em>Business Partner \/ VAR Ecuador<\/em>.<br \/>\n[\/vc_column_text][\/vc_column][vc_column width=\u00bb1\/3&#8243;][vc_widget_sidebar sidebar_id=\u00bbvacatures\u00bb][\/vc_column][\/vc_row][vc_row css_animation=\u00bb\u00bb row_type=\u00bbrow\u00bb use_row_as_full_screen_section=\u00bbno\u00bb type=\u00bbfull_width\u00bb angled_section=\u00bbno\u00bb text_align=\u00bbleft\u00bb background_image_as_pattern=\u00bbwithout_pattern\u00bb][vc_column][vc_empty_space height=\u00bb50px\u00bb][\/vc_column][\/vc_row]<\/p>\n<\/div>","protected":false},"excerpt":{"rendered":"<p>[vc_row css_animation=\u00bb\u00bb row_type=\u00bbrow\u00bb use_row_as_full_screen_section=\u00bbno\u00bb type=\u00bbgrid\u00bb angled_section=\u00bbno\u00bb text_align=\u00bbleft\u00bb background_image_as_pattern=\u00bbwithout_pattern\u00bb el_class=\u00bbrij-vacature\u00bb z_index=\u00bb\u00bb][vc_column width=\u00bb2\/3&#8243; css=\u00bb.vc_custom_1761115254084{padding-top: 30px !important;padding-right: 30px !important;padding-bottom: 30px !important;padding-left: 30px !important;background-color: #FFFFFF !important;}\u00bb][vc_empty_space][vc_column_text css=\u00bb\u00bb] Vacante: [\/vc_column_text][vc_column_text css=\u00bb\u00bb] Socio\/a de Negocio de RR. HH. Independiente \/ Value Added Reseller \/ Distribuidor\/a Territorio: Ecuador &nbsp; Acerca de hrmforce&#8230;<\/p>\n","protected":false},"author":18,"featured_media":11486,"parent":23860,"menu_order":0,"comment_status":"closed","ping_status":"closed","template":"full_width.php","meta":{"_acf_changed":false,"inline_featured_image":false,"footnotes":""},"class_list":["post-23998","page","type-page","status-publish","has-post-thumbnail","hentry"],"acf":[],"yoast_head":"<!-- This site is optimized with the Yoast SEO plugin v27.1.1 - https:\/\/yoast.com\/product\/yoast-seo-wordpress\/ -->\n<title>Socio\/a de Negocio de RR. HH. Independiente \/ Value Added Reseller \/ Distribuidor\/a en Ecuador - hrmforce<\/title>\n<meta name=\"robots\" content=\"index, follow, max-snippet:-1, max-image-preview:large, max-video-preview:-1\" \/>\n<link rel=\"canonical\" href=\"https:\/\/hrmforce.com\/es\/vacantes\/socio-a-de-negocio-de-rr-hh-independiente-value-added-reseller-distribuidor-a-en-ecuador\/\" \/>\n<meta property=\"og:locale\" content=\"es_ES\" \/>\n<meta property=\"og:type\" content=\"article\" \/>\n<meta property=\"og:title\" content=\"Socio\/a de Negocio de RR. HH. Independiente \/ Value Added Reseller \/ Distribuidor\/a en Ecuador - hrmforce\" \/>\n<meta property=\"og:description\" content=\"[vc_row css_animation=\u00bb\u00bb row_type=\u00bbrow\u00bb use_row_as_full_screen_section=\u00bbno\u00bb type=\u00bbgrid\u00bb angled_section=\u00bbno\u00bb text_align=\u00bbleft\u00bb background_image_as_pattern=\u00bbwithout_pattern\u00bb el_class=\u00bbrij-vacature\u00bb z_index=\u00bb\u00bb][vc_column width=\u00bb2\/3&#8243; css=\u00bb.vc_custom_1761115254084{padding-top: 30px !important;padding-right: 30px !important;padding-bottom: 30px !important;padding-left: 30px !important;background-color: #FFFFFF !important;}\u00bb][vc_empty_space][vc_column_text css=\u00bb\u00bb] Vacante: [\/vc_column_text][vc_column_text css=\u00bb\u00bb] Socio\/a de Negocio de RR. HH. Independiente \/ Value Added Reseller \/ Distribuidor\/a Territorio: Ecuador &nbsp; Acerca de hrmforce...\" \/>\n<meta property=\"og:url\" content=\"https:\/\/hrmforce.com\/es\/vacantes\/socio-a-de-negocio-de-rr-hh-independiente-value-added-reseller-distribuidor-a-en-ecuador\/\" \/>\n<meta property=\"og:site_name\" content=\"hrmforce\" \/>\n<meta property=\"article:publisher\" content=\"https:\/\/www.facebook.com\/hrmforceNL\/\" \/>\n<meta property=\"article:modified_time\" content=\"2025-10-27T15:13:05+00:00\" \/>\n<meta name=\"twitter:card\" content=\"summary_large_image\" \/>\n<meta name=\"twitter:label1\" content=\"Tiempo de lectura\" \/>\n\t<meta name=\"twitter:data1\" content=\"4 minutos\" \/>\n<script type=\"application\/ld+json\" class=\"yoast-schema-graph\">{\"@context\":\"https:\/\/schema.org\",\"@graph\":[{\"@type\":\"WebPage\",\"@id\":\"https:\/\/hrmforce.com\/es\/vacantes\/socio-a-de-negocio-de-rr-hh-independiente-value-added-reseller-distribuidor-a-en-ecuador\/\",\"url\":\"https:\/\/hrmforce.com\/es\/vacantes\/socio-a-de-negocio-de-rr-hh-independiente-value-added-reseller-distribuidor-a-en-ecuador\/\",\"name\":\"Socio\/a de Negocio de RR. HH. Independiente \/ Value Added Reseller \/ Distribuidor\/a en Ecuador - hrmforce\",\"isPartOf\":{\"@id\":\"https:\/\/hrmforce.com\/es\/#website\"},\"primaryImageOfPage\":{\"@id\":\"https:\/\/hrmforce.com\/es\/vacantes\/socio-a-de-negocio-de-rr-hh-independiente-value-added-reseller-distribuidor-a-en-ecuador\/#primaryimage\"},\"image\":{\"@id\":\"https:\/\/hrmforce.com\/es\/vacantes\/socio-a-de-negocio-de-rr-hh-independiente-value-added-reseller-distribuidor-a-en-ecuador\/#primaryimage\"},\"thumbnailUrl\":\"https:\/\/hrmforce.com\/wp-content\/uploads\/2020\/07\/no-image.jpg\",\"datePublished\":\"2025-10-27T14:23:47+00:00\",\"dateModified\":\"2025-10-27T15:13:05+00:00\",\"breadcrumb\":{\"@id\":\"https:\/\/hrmforce.com\/es\/vacantes\/socio-a-de-negocio-de-rr-hh-independiente-value-added-reseller-distribuidor-a-en-ecuador\/#breadcrumb\"},\"inLanguage\":\"es\",\"potentialAction\":[{\"@type\":\"ReadAction\",\"target\":[\"https:\/\/hrmforce.com\/es\/vacantes\/socio-a-de-negocio-de-rr-hh-independiente-value-added-reseller-distribuidor-a-en-ecuador\/\"]}]},{\"@type\":\"ImageObject\",\"inLanguage\":\"es\",\"@id\":\"https:\/\/hrmforce.com\/es\/vacantes\/socio-a-de-negocio-de-rr-hh-independiente-value-added-reseller-distribuidor-a-en-ecuador\/#primaryimage\",\"url\":\"https:\/\/hrmforce.com\/wp-content\/uploads\/2020\/07\/no-image.jpg\",\"contentUrl\":\"https:\/\/hrmforce.com\/wp-content\/uploads\/2020\/07\/no-image.jpg\",\"width\":1024,\"height\":683,\"caption\":\"Human resources management\"},{\"@type\":\"BreadcrumbList\",\"@id\":\"https:\/\/hrmforce.com\/es\/vacantes\/socio-a-de-negocio-de-rr-hh-independiente-value-added-reseller-distribuidor-a-en-ecuador\/#breadcrumb\",\"itemListElement\":[{\"@type\":\"ListItem\",\"position\":1,\"name\":\"Home\",\"item\":\"https:\/\/hrmforce.com\/es\/\"},{\"@type\":\"ListItem\",\"position\":2,\"name\":\"Vacantes\",\"item\":\"https:\/\/hrmforce.com\/es\/vacantes\/\"},{\"@type\":\"ListItem\",\"position\":3,\"name\":\"Socio\/a de Negocio de RR. HH. Independiente \/ Value Added Reseller \/ Distribuidor\/a en Ecuador\"}]},{\"@type\":\"WebSite\",\"@id\":\"https:\/\/hrmforce.com\/es\/#website\",\"url\":\"https:\/\/hrmforce.com\/es\/\",\"name\":\"hrmforce\",\"description\":\"people \u2022 performance \u2022 analytics\",\"publisher\":{\"@id\":\"https:\/\/hrmforce.com\/es\/#organization\"},\"potentialAction\":[{\"@type\":\"SearchAction\",\"target\":{\"@type\":\"EntryPoint\",\"urlTemplate\":\"https:\/\/hrmforce.com\/es\/?s={search_term_string}\"},\"query-input\":{\"@type\":\"PropertyValueSpecification\",\"valueRequired\":true,\"valueName\":\"search_term_string\"}}],\"inLanguage\":\"es\"},{\"@type\":\"Organization\",\"@id\":\"https:\/\/hrmforce.com\/es\/#organization\",\"name\":\"hrmforce\",\"url\":\"https:\/\/hrmforce.com\/es\/\",\"logo\":{\"@type\":\"ImageObject\",\"inLanguage\":\"es\",\"@id\":\"https:\/\/hrmforce.com\/es\/#\/schema\/logo\/image\/\",\"url\":\"https:\/\/hrmforce.com\/wp-content\/uploads\/2018\/08\/logo-hrmforce.png\",\"contentUrl\":\"https:\/\/hrmforce.com\/wp-content\/uploads\/2018\/08\/logo-hrmforce.png\",\"width\":833,\"height\":189,\"caption\":\"hrmforce\"},\"image\":{\"@id\":\"https:\/\/hrmforce.com\/es\/#\/schema\/logo\/image\/\"},\"sameAs\":[\"https:\/\/www.facebook.com\/hrmforceNL\/\",\"https:\/\/www.linkedin.com\/company\/hrmforce\/\"]}]}<\/script>\n<!-- \/ Yoast SEO plugin. -->","yoast_head_json":{"title":"Socio\/a de Negocio de RR. HH. Independiente \/ Value Added Reseller \/ Distribuidor\/a en Ecuador - hrmforce","robots":{"index":"index","follow":"follow","max-snippet":"max-snippet:-1","max-image-preview":"max-image-preview:large","max-video-preview":"max-video-preview:-1"},"canonical":"https:\/\/hrmforce.com\/es\/vacantes\/socio-a-de-negocio-de-rr-hh-independiente-value-added-reseller-distribuidor-a-en-ecuador\/","og_locale":"es_ES","og_type":"article","og_title":"Socio\/a de Negocio de RR. HH. Independiente \/ Value Added Reseller \/ Distribuidor\/a en Ecuador - hrmforce","og_description":"[vc_row css_animation=\u00bb\u00bb row_type=\u00bbrow\u00bb use_row_as_full_screen_section=\u00bbno\u00bb type=\u00bbgrid\u00bb angled_section=\u00bbno\u00bb text_align=\u00bbleft\u00bb background_image_as_pattern=\u00bbwithout_pattern\u00bb el_class=\u00bbrij-vacature\u00bb z_index=\u00bb\u00bb][vc_column width=\u00bb2\/3&#8243; css=\u00bb.vc_custom_1761115254084{padding-top: 30px !important;padding-right: 30px !important;padding-bottom: 30px !important;padding-left: 30px !important;background-color: #FFFFFF !important;}\u00bb][vc_empty_space][vc_column_text css=\u00bb\u00bb] Vacante: [\/vc_column_text][vc_column_text css=\u00bb\u00bb] Socio\/a de Negocio de RR. HH. Independiente \/ Value Added Reseller \/ Distribuidor\/a Territorio: Ecuador &nbsp; Acerca de hrmforce...","og_url":"https:\/\/hrmforce.com\/es\/vacantes\/socio-a-de-negocio-de-rr-hh-independiente-value-added-reseller-distribuidor-a-en-ecuador\/","og_site_name":"hrmforce","article_publisher":"https:\/\/www.facebook.com\/hrmforceNL\/","article_modified_time":"2025-10-27T15:13:05+00:00","twitter_card":"summary_large_image","twitter_misc":{"Tiempo de lectura":"4 minutos"},"schema":{"@context":"https:\/\/schema.org","@graph":[{"@type":"WebPage","@id":"https:\/\/hrmforce.com\/es\/vacantes\/socio-a-de-negocio-de-rr-hh-independiente-value-added-reseller-distribuidor-a-en-ecuador\/","url":"https:\/\/hrmforce.com\/es\/vacantes\/socio-a-de-negocio-de-rr-hh-independiente-value-added-reseller-distribuidor-a-en-ecuador\/","name":"Socio\/a de Negocio de RR. HH. Independiente \/ Value Added Reseller \/ Distribuidor\/a en Ecuador - hrmforce","isPartOf":{"@id":"https:\/\/hrmforce.com\/es\/#website"},"primaryImageOfPage":{"@id":"https:\/\/hrmforce.com\/es\/vacantes\/socio-a-de-negocio-de-rr-hh-independiente-value-added-reseller-distribuidor-a-en-ecuador\/#primaryimage"},"image":{"@id":"https:\/\/hrmforce.com\/es\/vacantes\/socio-a-de-negocio-de-rr-hh-independiente-value-added-reseller-distribuidor-a-en-ecuador\/#primaryimage"},"thumbnailUrl":"https:\/\/hrmforce.com\/wp-content\/uploads\/2020\/07\/no-image.jpg","datePublished":"2025-10-27T14:23:47+00:00","dateModified":"2025-10-27T15:13:05+00:00","breadcrumb":{"@id":"https:\/\/hrmforce.com\/es\/vacantes\/socio-a-de-negocio-de-rr-hh-independiente-value-added-reseller-distribuidor-a-en-ecuador\/#breadcrumb"},"inLanguage":"es","potentialAction":[{"@type":"ReadAction","target":["https:\/\/hrmforce.com\/es\/vacantes\/socio-a-de-negocio-de-rr-hh-independiente-value-added-reseller-distribuidor-a-en-ecuador\/"]}]},{"@type":"ImageObject","inLanguage":"es","@id":"https:\/\/hrmforce.com\/es\/vacantes\/socio-a-de-negocio-de-rr-hh-independiente-value-added-reseller-distribuidor-a-en-ecuador\/#primaryimage","url":"https:\/\/hrmforce.com\/wp-content\/uploads\/2020\/07\/no-image.jpg","contentUrl":"https:\/\/hrmforce.com\/wp-content\/uploads\/2020\/07\/no-image.jpg","width":1024,"height":683,"caption":"Human resources management"},{"@type":"BreadcrumbList","@id":"https:\/\/hrmforce.com\/es\/vacantes\/socio-a-de-negocio-de-rr-hh-independiente-value-added-reseller-distribuidor-a-en-ecuador\/#breadcrumb","itemListElement":[{"@type":"ListItem","position":1,"name":"Home","item":"https:\/\/hrmforce.com\/es\/"},{"@type":"ListItem","position":2,"name":"Vacantes","item":"https:\/\/hrmforce.com\/es\/vacantes\/"},{"@type":"ListItem","position":3,"name":"Socio\/a de Negocio de RR. HH. Independiente \/ Value Added Reseller \/ Distribuidor\/a en Ecuador"}]},{"@type":"WebSite","@id":"https:\/\/hrmforce.com\/es\/#website","url":"https:\/\/hrmforce.com\/es\/","name":"hrmforce","description":"people \u2022 performance \u2022 analytics","publisher":{"@id":"https:\/\/hrmforce.com\/es\/#organization"},"potentialAction":[{"@type":"SearchAction","target":{"@type":"EntryPoint","urlTemplate":"https:\/\/hrmforce.com\/es\/?s={search_term_string}"},"query-input":{"@type":"PropertyValueSpecification","valueRequired":true,"valueName":"search_term_string"}}],"inLanguage":"es"},{"@type":"Organization","@id":"https:\/\/hrmforce.com\/es\/#organization","name":"hrmforce","url":"https:\/\/hrmforce.com\/es\/","logo":{"@type":"ImageObject","inLanguage":"es","@id":"https:\/\/hrmforce.com\/es\/#\/schema\/logo\/image\/","url":"https:\/\/hrmforce.com\/wp-content\/uploads\/2018\/08\/logo-hrmforce.png","contentUrl":"https:\/\/hrmforce.com\/wp-content\/uploads\/2018\/08\/logo-hrmforce.png","width":833,"height":189,"caption":"hrmforce"},"image":{"@id":"https:\/\/hrmforce.com\/es\/#\/schema\/logo\/image\/"},"sameAs":["https:\/\/www.facebook.com\/hrmforceNL\/","https:\/\/www.linkedin.com\/company\/hrmforce\/"]}]}},"_links":{"self":[{"href":"https:\/\/hrmforce.com\/es\/wp-json\/wp\/v2\/pages\/23998","targetHints":{"allow":["GET"]}}],"collection":[{"href":"https:\/\/hrmforce.com\/es\/wp-json\/wp\/v2\/pages"}],"about":[{"href":"https:\/\/hrmforce.com\/es\/wp-json\/wp\/v2\/types\/page"}],"author":[{"embeddable":true,"href":"https:\/\/hrmforce.com\/es\/wp-json\/wp\/v2\/users\/18"}],"replies":[{"embeddable":true,"href":"https:\/\/hrmforce.com\/es\/wp-json\/wp\/v2\/comments?post=23998"}],"version-history":[{"count":1,"href":"https:\/\/hrmforce.com\/es\/wp-json\/wp\/v2\/pages\/23998\/revisions"}],"predecessor-version":[{"id":23999,"href":"https:\/\/hrmforce.com\/es\/wp-json\/wp\/v2\/pages\/23998\/revisions\/23999"}],"up":[{"embeddable":true,"href":"https:\/\/hrmforce.com\/es\/wp-json\/wp\/v2\/pages\/23860"}],"wp:featuredmedia":[{"embeddable":true,"href":"https:\/\/hrmforce.com\/es\/wp-json\/wp\/v2\/media\/11486"}],"wp:attachment":[{"href":"https:\/\/hrmforce.com\/es\/wp-json\/wp\/v2\/media?parent=23998"}],"curies":[{"name":"wp","href":"https:\/\/api.w.org\/{rel}","templated":true}]}}