{"id":6872,"date":"2017-02-13T06:24:14","date_gmt":"2017-02-13T06:24:14","guid":{"rendered":"https:\/\/hrmforce.com\/oplossingen\/"},"modified":"2025-09-22T23:06:55","modified_gmt":"2025-09-22T21:06:55","slug":"soluciones-de-grh","status":"publish","type":"page","link":"https:\/\/hrmforce.com\/es\/soluciones-de-grh\/","title":{"rendered":"Soluciones de GRH"},"content":{"rendered":"<div class=\"wpb-content-wrapper\"><p>[vc_row css_animation=\u00bb\u00bb row_type=\u00bbrow\u00bb use_row_as_full_screen_section=\u00bbno\u00bb type=\u00bbgrid\u00bb angled_section=\u00bbno\u00bb text_align=\u00bbcenter\u00bb background_image_as_pattern=\u00bbwithout_pattern\u00bb z_index=\u00bb\u00bb el_class=\u00bbbloklicht\u00bb css=\u00bb.vc_custom_1644243311764{background-color: #f3f1f0 !important;}\u00bb][vc_column css=\u00bb.vc_custom_1610307631595&#8243;][vc_row_inner row_type=\u00bbrow\u00bb type=\u00bbfull_width\u00bb text_align=\u00bbcenter\u00bb css_animation=\u00bb\u00bb][vc_column_inner width=\u00bb1\/6&#8243;][\/vc_column_inner][vc_column_inner width=\u00bb2\/3&#8243;][vc_column_text]<\/p>\n<h2>Soluciones de gesti\u00f3n<br \/>\nde recursos humanos<\/h2>\n<p>Hrmforce ofrece muchas m\u00e1s funcionalidades adem\u00e1s de las evaluaciones en l\u00ednea. Los cuestionarios se incorporan a los flujos de trabajo para la (pre)selecci\u00f3n, el desarrollo y la evaluaci\u00f3n de candidatos y empleados.[\/vc_column_text][\/vc_column_inner][vc_column_inner width=\u00bb1\/6&#8243;][\/vc_column_inner][\/vc_row_inner][vc_empty_space height=\u00bb50px\u00bb][vc_row_inner row_type=\u00bbrow\u00bb type=\u00bbfull_width\u00bb text_align=\u00bbleft\u00bb css_animation=\u00bb\u00bb][vc_column_inner el_class=\u00bbkolomhome\u00bb width=\u00bb1\/2&#8243; el_id=\u00bbblok1&#8243;][vc_column_text css=\u00bb\u00bb]<\/p>\n<h3>Emparejamiento y selecci\u00f3n<\/h3>\n<p>[\/vc_column_text][vc_column_text css=\u00bb\u00bb el_class=\u00bbkolomhometekst\u00bb]Encuentre al candidato m\u00e1s adecuado seleccionando empleados internos y externos seg\u00fan el perfil deseado. Para ello, utilizamos evaluaciones de selecci\u00f3n.[\/vc_column_text]<a  itemprop=\"url\" href=\"https:\/\/hrmforce.com\/es\/soluciones-de-grh\/ajuste-y-seleccion\/\" target=\"_self\"  class=\"qbutton  medium left default\" style=\"color: #0e468c; background-color:#ffffff;\">M\u00e1s informaci\u00f3n<\/a>[\/vc_column_inner][vc_column_inner el_class=\u00bbkolomhome\u00bb width=\u00bb1\/2&#8243; el_id=\u00bbblok2&#8243;][vc_column_text css=\u00bb\u00bb]<\/p>\n<h3>Ciclo de entrevistas de RR.HH.<\/h3>\n<p>[\/vc_column_text][vc_column_text css=\u00bb\u00bb el_class=\u00bbkolomhometekst\u00bb]Creaci\u00f3n de un plan de desarrollo personal para el candidato. Con gu\u00eda paso a paso en el proceso de establecer acuerdos de desarrollo y resultados.[\/vc_column_text]<a  itemprop=\"url\" href=\"https:\/\/hrmforce.com\/es\/soluciones-de-grh\/ciclo-de-entrevistas-de-rr-hh\/\" target=\"_self\"  class=\"qbutton  medium left default\" style=\"color: #0e468c; background-color:#ffffff;\">M\u00e1s informaci\u00f3n<\/a>[\/vc_column_inner][\/vc_row_inner][vc_empty_space height=\u00bb30&#8243; el_class=\u00bblegeruimtetussenblokken\u00bb][vc_row_inner row_type=\u00bbrow\u00bb type=\u00bbfull_width\u00bb text_align=\u00bbleft\u00bb css_animation=\u00bb\u00bb][vc_column_inner el_class=\u00bbkolomhome\u00bb width=\u00bb1\/2&#8243; el_id=\u00bbblok3&#8243;][vc_column_text]<\/p>\n<h3>Empleabilidad<\/h3>\n<p>[\/vc_column_text][vc_column_text el_class=\u00bbkolomhometekst\u00bb]Permitir a los candidatos buscar posibles ocupaciones y vacantes actualmente disponibles en funci\u00f3n de su personalidad, motivaci\u00f3n y comportamiento.[\/vc_column_text]<a  itemprop=\"url\" href=\"https:\/\/hrmforce.com\/es\/soluciones-de-grh\/empleabilidad\/\" target=\"_self\"  class=\"qbutton  medium left default\" style=\"color: #0e468c; background-color:#ffffff;\">M\u00e1s informaci\u00f3n<\/a>[\/vc_column_inner][vc_column_inner el_class=\u00bbkolomhome\u00bb width=\u00bb1\/2&#8243; el_id=\u00bbblok1&#8243;][vc_column_text]<\/p>\n<h3>Anal\u00edtica<\/h3>\n<p>[\/vc_column_text][vc_column_text el_class=\u00bbkolomhometekst\u00bb]Generar res\u00famenes automatizados de equipos, departamentos y organizaciones. Est\u00e1n disponibles para cada cuestionario.[\/vc_column_text]<a  itemprop=\"url\" href=\"https:\/\/hrmforce.com\/es\/soluciones-de-grh\/analitica-de-rr-hh\/\" target=\"_self\"  class=\"qbutton  medium left default\" style=\"color: #0e468c; background-color:#ffffff;\">M\u00e1s informaci\u00f3n<\/a>[\/vc_column_inner][\/vc_row_inner][vc_empty_space height=\u00bb100px\u00bb][\/vc_column][\/vc_row]<\/p>\n<\/div>","protected":false},"excerpt":{"rendered":"<p>[vc_row css_animation=\u00bb\u00bb row_type=\u00bbrow\u00bb use_row_as_full_screen_section=\u00bbno\u00bb type=\u00bbgrid\u00bb angled_section=\u00bbno\u00bb text_align=\u00bbcenter\u00bb background_image_as_pattern=\u00bbwithout_pattern\u00bb z_index=\u00bb\u00bb el_class=\u00bbbloklicht\u00bb css=\u00bb.vc_custom_1644243311764{background-color: #f3f1f0 !important;}\u00bb][vc_column css=\u00bb.vc_custom_1610307631595&#8243;][vc_row_inner row_type=\u00bbrow\u00bb type=\u00bbfull_width\u00bb text_align=\u00bbcenter\u00bb css_animation=\u00bb\u00bb][vc_column_inner width=\u00bb1\/6&#8243;][\/vc_column_inner][vc_column_inner width=\u00bb2\/3&#8243;][vc_column_text] Soluciones de gesti\u00f3n de recursos humanos Hrmforce ofrece muchas m\u00e1s funcionalidades adem\u00e1s de las evaluaciones en l\u00ednea. Los cuestionarios se incorporan a los flujos de&#8230;<\/p>\n","protected":false},"author":2,"featured_media":11486,"parent":0,"menu_order":0,"comment_status":"closed","ping_status":"closed","template":"full_width.php","meta":{"_acf_changed":false,"inline_featured_image":false,"footnotes":""},"class_list":["post-6872","page","type-page","status-publish","has-post-thumbnail","hentry"],"acf":[],"yoast_head":"<!-- This site is optimized with the Yoast SEO plugin v27.1.1 - https:\/\/yoast.com\/product\/yoast-seo-wordpress\/ -->\n<title>Soluciones de GRH - hrmforce<\/title>\n<meta name=\"robots\" content=\"index, follow, max-snippet:-1, max-image-preview:large, max-video-preview:-1\" \/>\n<link rel=\"canonical\" href=\"https:\/\/hrmforce.com\/es\/soluciones-de-grh\/\" \/>\n<meta property=\"og:locale\" content=\"es_ES\" \/>\n<meta property=\"og:type\" content=\"article\" \/>\n<meta property=\"og:title\" content=\"Soluciones de GRH - hrmforce\" \/>\n<meta property=\"og:description\" content=\"[vc_row css_animation=\u00bb\u00bb row_type=\u00bbrow\u00bb use_row_as_full_screen_section=\u00bbno\u00bb type=\u00bbgrid\u00bb angled_section=\u00bbno\u00bb text_align=\u00bbcenter\u00bb background_image_as_pattern=\u00bbwithout_pattern\u00bb z_index=\u00bb\u00bb el_class=\u00bbbloklicht\u00bb css=\u00bb.vc_custom_1644243311764{background-color: #f3f1f0 !important;}\u00bb][vc_column css=\u00bb.vc_custom_1610307631595&#8243;][vc_row_inner row_type=\u00bbrow\u00bb type=\u00bbfull_width\u00bb text_align=\u00bbcenter\u00bb css_animation=\u00bb\u00bb][vc_column_inner width=\u00bb1\/6&#8243;][\/vc_column_inner][vc_column_inner width=\u00bb2\/3&#8243;][vc_column_text] Soluciones de gesti\u00f3n de recursos humanos Hrmforce ofrece muchas m\u00e1s funcionalidades adem\u00e1s de las evaluaciones en l\u00ednea. Los cuestionarios se incorporan a los flujos de...\" \/>\n<meta property=\"og:url\" content=\"https:\/\/hrmforce.com\/es\/soluciones-de-grh\/\" \/>\n<meta property=\"og:site_name\" content=\"hrmforce\" \/>\n<meta property=\"article:publisher\" content=\"https:\/\/www.facebook.com\/hrmforceNL\/\" \/>\n<meta property=\"article:modified_time\" content=\"2025-09-22T21:06:55+00:00\" \/>\n<meta name=\"twitter:card\" content=\"summary_large_image\" \/>\n<meta name=\"twitter:label1\" content=\"Tiempo de lectura\" \/>\n\t<meta name=\"twitter:data1\" content=\"2 minutos\" \/>\n<script type=\"application\/ld+json\" class=\"yoast-schema-graph\">{\"@context\":\"https:\/\/schema.org\",\"@graph\":[{\"@type\":\"WebPage\",\"@id\":\"https:\/\/hrmforce.com\/es\/soluciones-de-grh\/\",\"url\":\"https:\/\/hrmforce.com\/es\/soluciones-de-grh\/\",\"name\":\"Soluciones de GRH - hrmforce\",\"isPartOf\":{\"@id\":\"https:\/\/hrmforce.com\/es\/#website\"},\"primaryImageOfPage\":{\"@id\":\"https:\/\/hrmforce.com\/es\/soluciones-de-grh\/#primaryimage\"},\"image\":{\"@id\":\"https:\/\/hrmforce.com\/es\/soluciones-de-grh\/#primaryimage\"},\"thumbnailUrl\":\"https:\/\/hrmforce.com\/wp-content\/uploads\/2020\/07\/no-image.jpg\",\"datePublished\":\"2017-02-13T06:24:14+00:00\",\"dateModified\":\"2025-09-22T21:06:55+00:00\",\"breadcrumb\":{\"@id\":\"https:\/\/hrmforce.com\/es\/soluciones-de-grh\/#breadcrumb\"},\"inLanguage\":\"es\",\"potentialAction\":[{\"@type\":\"ReadAction\",\"target\":[\"https:\/\/hrmforce.com\/es\/soluciones-de-grh\/\"]}]},{\"@type\":\"ImageObject\",\"inLanguage\":\"es\",\"@id\":\"https:\/\/hrmforce.com\/es\/soluciones-de-grh\/#primaryimage\",\"url\":\"https:\/\/hrmforce.com\/wp-content\/uploads\/2020\/07\/no-image.jpg\",\"contentUrl\":\"https:\/\/hrmforce.com\/wp-content\/uploads\/2020\/07\/no-image.jpg\",\"width\":1024,\"height\":683,\"caption\":\"Human resources management\"},{\"@type\":\"BreadcrumbList\",\"@id\":\"https:\/\/hrmforce.com\/es\/soluciones-de-grh\/#breadcrumb\",\"itemListElement\":[{\"@type\":\"ListItem\",\"position\":1,\"name\":\"Home\",\"item\":\"https:\/\/hrmforce.com\/es\/\"},{\"@type\":\"ListItem\",\"position\":2,\"name\":\"Soluciones de GRH\"}]},{\"@type\":\"WebSite\",\"@id\":\"https:\/\/hrmforce.com\/es\/#website\",\"url\":\"https:\/\/hrmforce.com\/es\/\",\"name\":\"hrmforce\",\"description\":\"people \u2022 performance \u2022 analytics\",\"publisher\":{\"@id\":\"https:\/\/hrmforce.com\/es\/#organization\"},\"potentialAction\":[{\"@type\":\"SearchAction\",\"target\":{\"@type\":\"EntryPoint\",\"urlTemplate\":\"https:\/\/hrmforce.com\/es\/?s={search_term_string}\"},\"query-input\":{\"@type\":\"PropertyValueSpecification\",\"valueRequired\":true,\"valueName\":\"search_term_string\"}}],\"inLanguage\":\"es\"},{\"@type\":\"Organization\",\"@id\":\"https:\/\/hrmforce.com\/es\/#organization\",\"name\":\"hrmforce\",\"url\":\"https:\/\/hrmforce.com\/es\/\",\"logo\":{\"@type\":\"ImageObject\",\"inLanguage\":\"es\",\"@id\":\"https:\/\/hrmforce.com\/es\/#\/schema\/logo\/image\/\",\"url\":\"https:\/\/hrmforce.com\/wp-content\/uploads\/2018\/08\/logo-hrmforce.png\",\"contentUrl\":\"https:\/\/hrmforce.com\/wp-content\/uploads\/2018\/08\/logo-hrmforce.png\",\"width\":833,\"height\":189,\"caption\":\"hrmforce\"},\"image\":{\"@id\":\"https:\/\/hrmforce.com\/es\/#\/schema\/logo\/image\/\"},\"sameAs\":[\"https:\/\/www.facebook.com\/hrmforceNL\/\",\"https:\/\/www.linkedin.com\/company\/hrmforce\/\"]}]}<\/script>\n<!-- \/ Yoast SEO plugin. -->","yoast_head_json":{"title":"Soluciones de GRH - hrmforce","robots":{"index":"index","follow":"follow","max-snippet":"max-snippet:-1","max-image-preview":"max-image-preview:large","max-video-preview":"max-video-preview:-1"},"canonical":"https:\/\/hrmforce.com\/es\/soluciones-de-grh\/","og_locale":"es_ES","og_type":"article","og_title":"Soluciones de GRH - hrmforce","og_description":"[vc_row css_animation=\u00bb\u00bb row_type=\u00bbrow\u00bb use_row_as_full_screen_section=\u00bbno\u00bb type=\u00bbgrid\u00bb angled_section=\u00bbno\u00bb text_align=\u00bbcenter\u00bb background_image_as_pattern=\u00bbwithout_pattern\u00bb z_index=\u00bb\u00bb el_class=\u00bbbloklicht\u00bb css=\u00bb.vc_custom_1644243311764{background-color: #f3f1f0 !important;}\u00bb][vc_column css=\u00bb.vc_custom_1610307631595&#8243;][vc_row_inner row_type=\u00bbrow\u00bb type=\u00bbfull_width\u00bb text_align=\u00bbcenter\u00bb css_animation=\u00bb\u00bb][vc_column_inner width=\u00bb1\/6&#8243;][\/vc_column_inner][vc_column_inner width=\u00bb2\/3&#8243;][vc_column_text] Soluciones de gesti\u00f3n de recursos humanos Hrmforce ofrece muchas m\u00e1s funcionalidades adem\u00e1s de las evaluaciones en l\u00ednea. Los cuestionarios se incorporan a los flujos de...","og_url":"https:\/\/hrmforce.com\/es\/soluciones-de-grh\/","og_site_name":"hrmforce","article_publisher":"https:\/\/www.facebook.com\/hrmforceNL\/","article_modified_time":"2025-09-22T21:06:55+00:00","twitter_card":"summary_large_image","twitter_misc":{"Tiempo de lectura":"2 minutos"},"schema":{"@context":"https:\/\/schema.org","@graph":[{"@type":"WebPage","@id":"https:\/\/hrmforce.com\/es\/soluciones-de-grh\/","url":"https:\/\/hrmforce.com\/es\/soluciones-de-grh\/","name":"Soluciones de GRH - hrmforce","isPartOf":{"@id":"https:\/\/hrmforce.com\/es\/#website"},"primaryImageOfPage":{"@id":"https:\/\/hrmforce.com\/es\/soluciones-de-grh\/#primaryimage"},"image":{"@id":"https:\/\/hrmforce.com\/es\/soluciones-de-grh\/#primaryimage"},"thumbnailUrl":"https:\/\/hrmforce.com\/wp-content\/uploads\/2020\/07\/no-image.jpg","datePublished":"2017-02-13T06:24:14+00:00","dateModified":"2025-09-22T21:06:55+00:00","breadcrumb":{"@id":"https:\/\/hrmforce.com\/es\/soluciones-de-grh\/#breadcrumb"},"inLanguage":"es","potentialAction":[{"@type":"ReadAction","target":["https:\/\/hrmforce.com\/es\/soluciones-de-grh\/"]}]},{"@type":"ImageObject","inLanguage":"es","@id":"https:\/\/hrmforce.com\/es\/soluciones-de-grh\/#primaryimage","url":"https:\/\/hrmforce.com\/wp-content\/uploads\/2020\/07\/no-image.jpg","contentUrl":"https:\/\/hrmforce.com\/wp-content\/uploads\/2020\/07\/no-image.jpg","width":1024,"height":683,"caption":"Human resources management"},{"@type":"BreadcrumbList","@id":"https:\/\/hrmforce.com\/es\/soluciones-de-grh\/#breadcrumb","itemListElement":[{"@type":"ListItem","position":1,"name":"Home","item":"https:\/\/hrmforce.com\/es\/"},{"@type":"ListItem","position":2,"name":"Soluciones de GRH"}]},{"@type":"WebSite","@id":"https:\/\/hrmforce.com\/es\/#website","url":"https:\/\/hrmforce.com\/es\/","name":"hrmforce","description":"people \u2022 performance \u2022 analytics","publisher":{"@id":"https:\/\/hrmforce.com\/es\/#organization"},"potentialAction":[{"@type":"SearchAction","target":{"@type":"EntryPoint","urlTemplate":"https:\/\/hrmforce.com\/es\/?s={search_term_string}"},"query-input":{"@type":"PropertyValueSpecification","valueRequired":true,"valueName":"search_term_string"}}],"inLanguage":"es"},{"@type":"Organization","@id":"https:\/\/hrmforce.com\/es\/#organization","name":"hrmforce","url":"https:\/\/hrmforce.com\/es\/","logo":{"@type":"ImageObject","inLanguage":"es","@id":"https:\/\/hrmforce.com\/es\/#\/schema\/logo\/image\/","url":"https:\/\/hrmforce.com\/wp-content\/uploads\/2018\/08\/logo-hrmforce.png","contentUrl":"https:\/\/hrmforce.com\/wp-content\/uploads\/2018\/08\/logo-hrmforce.png","width":833,"height":189,"caption":"hrmforce"},"image":{"@id":"https:\/\/hrmforce.com\/es\/#\/schema\/logo\/image\/"},"sameAs":["https:\/\/www.facebook.com\/hrmforceNL\/","https:\/\/www.linkedin.com\/company\/hrmforce\/"]}]}},"_links":{"self":[{"href":"https:\/\/hrmforce.com\/es\/wp-json\/wp\/v2\/pages\/6872","targetHints":{"allow":["GET"]}}],"collection":[{"href":"https:\/\/hrmforce.com\/es\/wp-json\/wp\/v2\/pages"}],"about":[{"href":"https:\/\/hrmforce.com\/es\/wp-json\/wp\/v2\/types\/page"}],"author":[{"embeddable":true,"href":"https:\/\/hrmforce.com\/es\/wp-json\/wp\/v2\/users\/2"}],"replies":[{"embeddable":true,"href":"https:\/\/hrmforce.com\/es\/wp-json\/wp\/v2\/comments?post=6872"}],"version-history":[{"count":5,"href":"https:\/\/hrmforce.com\/es\/wp-json\/wp\/v2\/pages\/6872\/revisions"}],"predecessor-version":[{"id":23662,"href":"https:\/\/hrmforce.com\/es\/wp-json\/wp\/v2\/pages\/6872\/revisions\/23662"}],"wp:featuredmedia":[{"embeddable":true,"href":"https:\/\/hrmforce.com\/es\/wp-json\/wp\/v2\/media\/11486"}],"wp:attachment":[{"href":"https:\/\/hrmforce.com\/es\/wp-json\/wp\/v2\/media?parent=6872"}],"curies":[{"name":"wp","href":"https:\/\/api.w.org\/{rel}","templated":true}]}}