{"id":7277,"date":"2017-02-12T18:02:38","date_gmt":"2017-02-12T18:02:38","guid":{"rendered":"https:\/\/hrmforce.com\/wat-we-doen\/"},"modified":"2025-09-23T11:31:22","modified_gmt":"2025-09-23T09:31:22","slug":"lo-que-hacemos","status":"publish","type":"page","link":"https:\/\/hrmforce.com\/es\/lo-que-hacemos\/","title":{"rendered":"Lo Que Hacemos"},"content":{"rendered":"<div class=\"wpb-content-wrapper\"><p>[vc_row css_animation=\u00bb\u00bb row_type=\u00bbrow\u00bb use_row_as_full_screen_section=\u00bbno\u00bb type=\u00bbfull_width\u00bb angled_section=\u00bbno\u00bb text_align=\u00bbleft\u00bb background_image_as_pattern=\u00bbwithout_pattern\u00bb el_class=\u00bbrij1&#8243; z_index=\u00bb\u00bb][vc_column][vc_column_text css=\u00bb\u00bb]<\/p>\n<h2>hrmforce<\/h2>\n<p>Como proveedor l\u00edder de software de gesti\u00f3n de recursos humanos, ayudamos a las organizaciones a operar de forma m\u00e1s eficiente creando nuevas formas de trabajo y nuevas asociaciones. Siendo nosotros mismos empresarios, ayudamos a nuestros clientes a hacer crecer sus organizaciones fomentando la colaboraci\u00f3n y estableciendo relaciones a largo plazo. Juntos, podemos ser empresas socialmente responsables. Operamos en varios pa\u00edses. Nuestros distribuidores locales pueden ponerle en contacto directo con hrmforce. Tambi\u00e9n hay un equipo de apoyo global en los pa\u00edses que se destacan a continuaci\u00f3n<\/p>\n<p><img loading=\"lazy\" decoding=\"async\" width=\"500\" height=\"310\" class=\"alignnone wp-image-6713\" src=\"https:\/\/hrmforce.com\/wp-content\/uploads\/2017\/02\/World_Supportteam-500x9999.png\" alt=\"\" \/><\/p>\n<h2>Suministro de software para la gesti\u00f3n de recursos humanos<\/h2>\n<p>Servimos a las organizaciones con tecnolog\u00eda de la informaci\u00f3n proporcionando evaluaciones avanzadas en l\u00ednea, soluciones de gesti\u00f3n de recursos humanos y un alto nivel de servicio.[\/vc_column_text][\/vc_column][\/vc_row][vc_row css_animation=\u00bb\u00bb row_type=\u00bbrow\u00bb use_row_as_full_screen_section=\u00bbno\u00bb type=\u00bbfull_width\u00bb angled_section=\u00bbno\u00bb text_align=\u00bbleft\u00bb background_image_as_pattern=\u00bbwithout_pattern\u00bb][vc_column width=\u00bb1\/4&#8243;][vc_column_text]<\/p>\n<h3><a href=\"https:\/\/hrmforce.com\/es\/soluciones-de-grh\/ajuste-y-seleccion\/\">Contrataci\u00f3n<\/a><\/h3>\n<p>[\/vc_column_text][\/vc_column][vc_column width=\u00bb1\/4&#8243;][vc_column_text]<\/p>\n<h3><a href=\"https:\/\/hrmforce.com\/es\/soluciones-de-grh\/ciclo-de-entrevistas-de-rr-hh\/\">Desarrollo<\/a><\/h3>\n<p>[\/vc_column_text][\/vc_column][vc_column width=\u00bb1\/4&#8243;][vc_column_text]<\/p>\n<h3><a href=\"https:\/\/hrmforce.com\/es\/soluciones-de-grh\/empleabilidad\/\">Empleabilidad<\/a><\/h3>\n<p>[\/vc_column_text][\/vc_column][vc_column width=\u00bb1\/4&#8243;][vc_column_text]<\/p>\n<h3><a href=\"https:\/\/hrmforce.com\/es\/soluciones-de-grh\/analitica-de-rr-hh\/\">Anal\u00edtica<\/a><\/h3>\n<p>[\/vc_column_text][\/vc_column][\/vc_row][vc_row css_animation=\u00bb\u00bb row_type=\u00bbrow\u00bb use_row_as_full_screen_section=\u00bbno\u00bb type=\u00bbfull_width\u00bb angled_section=\u00bbno\u00bb text_align=\u00bbleft\u00bb background_image_as_pattern=\u00bbwithout_pattern\u00bb el_class=\u00bbrij1&#8243; z_index=\u00bb\u00bb][vc_column][vc_column_text]<\/p>\n<h2>Software y soluciones de gesti\u00f3n de recursos humanos<\/h2>\n<p>Desarrollamos soluciones de gesti\u00f3n de personal en la nube. Desde un simple cuestionario de personalidad o inteligencia hasta una herramienta completa para mejorar el desarrollo y aumentar el rendimiento. Apoyamos todos los procesos clave de la gesti\u00f3n de recursos humanos, como el reclutamiento y la selecci\u00f3n, el desarrollo, la empleabilidad y el an\u00e1lisis de recursos humanos. Con estas soluciones, le ayudamos a establecer su organizaci\u00f3n de forma m\u00e1s eficiente. Como proporcionamos apoyo en cada paso del proceso de RR.\u00a0HH., ofrecemos un servicio de alta calidad a nuestros clientes.<\/p>\n<p>Descubra nuestras <a href=\"https:\/\/hrmforce.com\/es\/evaluacion-online\/\">evaluaciones en l\u00ednea<\/a> y explore nuestras <a href=\"https:\/\/hrmforce.com\/es\/soluciones-de-grh\/\">soluciones de gesti\u00f3n de recursos humanos<\/a>.[\/vc_column_text][\/vc_column][\/vc_row]<\/p>\n<\/div>","protected":false},"excerpt":{"rendered":"<p>[vc_row css_animation=\u00bb\u00bb row_type=\u00bbrow\u00bb use_row_as_full_screen_section=\u00bbno\u00bb type=\u00bbfull_width\u00bb angled_section=\u00bbno\u00bb text_align=\u00bbleft\u00bb background_image_as_pattern=\u00bbwithout_pattern\u00bb el_class=\u00bbrij1&#8243; z_index=\u00bb\u00bb][vc_column][vc_column_text css=\u00bb\u00bb] hrmforce Como proveedor l\u00edder de software de gesti\u00f3n de recursos humanos, ayudamos a las organizaciones a operar de forma m\u00e1s eficiente creando nuevas formas de trabajo y nuevas asociaciones. Siendo nosotros mismos empresarios, ayudamos&#8230;<\/p>\n","protected":false},"author":2,"featured_media":11486,"parent":0,"menu_order":0,"comment_status":"closed","ping_status":"closed","template":"","meta":{"_acf_changed":false,"inline_featured_image":false,"footnotes":""},"class_list":["post-7277","page","type-page","status-publish","has-post-thumbnail","hentry"],"acf":[],"yoast_head":"<!-- This site is optimized with the Yoast SEO plugin v27.1.1 - https:\/\/yoast.com\/product\/yoast-seo-wordpress\/ -->\n<title>Lo Que Hacemos - hrmforce<\/title>\n<meta name=\"robots\" content=\"index, follow, max-snippet:-1, max-image-preview:large, max-video-preview:-1\" \/>\n<link rel=\"canonical\" href=\"https:\/\/hrmforce.com\/es\/lo-que-hacemos\/\" \/>\n<meta property=\"og:locale\" content=\"es_ES\" \/>\n<meta property=\"og:type\" content=\"article\" \/>\n<meta property=\"og:title\" content=\"Lo Que Hacemos - hrmforce\" \/>\n<meta property=\"og:description\" content=\"[vc_row css_animation=\u00bb\u00bb row_type=\u00bbrow\u00bb use_row_as_full_screen_section=\u00bbno\u00bb type=\u00bbfull_width\u00bb angled_section=\u00bbno\u00bb text_align=\u00bbleft\u00bb background_image_as_pattern=\u00bbwithout_pattern\u00bb el_class=\u00bbrij1&#8243; z_index=\u00bb\u00bb][vc_column][vc_column_text css=\u00bb\u00bb] hrmforce Como proveedor l\u00edder de software de gesti\u00f3n de recursos humanos, ayudamos a las organizaciones a operar de forma m\u00e1s eficiente creando nuevas formas de trabajo y nuevas asociaciones. Siendo nosotros mismos empresarios, ayudamos...\" \/>\n<meta property=\"og:url\" content=\"https:\/\/hrmforce.com\/es\/lo-que-hacemos\/\" \/>\n<meta property=\"og:site_name\" content=\"hrmforce\" \/>\n<meta property=\"article:publisher\" content=\"https:\/\/www.facebook.com\/hrmforceNL\/\" \/>\n<meta property=\"article:modified_time\" content=\"2025-09-23T09:31:22+00:00\" \/>\n<meta property=\"og:image\" content=\"https:\/\/hrmforce.com\/wp-content\/uploads\/2017\/02\/World_Supportteam-500x9999.png\" \/>\n\t<meta property=\"og:image:width\" content=\"500\" \/>\n\t<meta property=\"og:image:height\" content=\"310\" \/>\n\t<meta property=\"og:image:type\" content=\"image\/png\" \/>\n<meta name=\"twitter:card\" content=\"summary_large_image\" \/>\n<meta name=\"twitter:label1\" content=\"Tiempo de lectura\" \/>\n\t<meta name=\"twitter:data1\" content=\"2 minutos\" \/>\n<script type=\"application\/ld+json\" class=\"yoast-schema-graph\">{\"@context\":\"https:\/\/schema.org\",\"@graph\":[{\"@type\":\"WebPage\",\"@id\":\"https:\/\/hrmforce.com\/es\/lo-que-hacemos\/\",\"url\":\"https:\/\/hrmforce.com\/es\/lo-que-hacemos\/\",\"name\":\"Lo Que Hacemos - hrmforce\",\"isPartOf\":{\"@id\":\"https:\/\/hrmforce.com\/es\/#website\"},\"primaryImageOfPage\":{\"@id\":\"https:\/\/hrmforce.com\/es\/lo-que-hacemos\/#primaryimage\"},\"image\":{\"@id\":\"https:\/\/hrmforce.com\/es\/lo-que-hacemos\/#primaryimage\"},\"thumbnailUrl\":\"https:\/\/hrmforce.com\/wp-content\/uploads\/2020\/07\/no-image.jpg\",\"datePublished\":\"2017-02-12T18:02:38+00:00\",\"dateModified\":\"2025-09-23T09:31:22+00:00\",\"breadcrumb\":{\"@id\":\"https:\/\/hrmforce.com\/es\/lo-que-hacemos\/#breadcrumb\"},\"inLanguage\":\"es\",\"potentialAction\":[{\"@type\":\"ReadAction\",\"target\":[\"https:\/\/hrmforce.com\/es\/lo-que-hacemos\/\"]}]},{\"@type\":\"ImageObject\",\"inLanguage\":\"es\",\"@id\":\"https:\/\/hrmforce.com\/es\/lo-que-hacemos\/#primaryimage\",\"url\":\"https:\/\/hrmforce.com\/wp-content\/uploads\/2020\/07\/no-image.jpg\",\"contentUrl\":\"https:\/\/hrmforce.com\/wp-content\/uploads\/2020\/07\/no-image.jpg\",\"width\":1024,\"height\":683,\"caption\":\"Human resources management\"},{\"@type\":\"BreadcrumbList\",\"@id\":\"https:\/\/hrmforce.com\/es\/lo-que-hacemos\/#breadcrumb\",\"itemListElement\":[{\"@type\":\"ListItem\",\"position\":1,\"name\":\"Home\",\"item\":\"https:\/\/hrmforce.com\/es\/\"},{\"@type\":\"ListItem\",\"position\":2,\"name\":\"Lo Que Hacemos\"}]},{\"@type\":\"WebSite\",\"@id\":\"https:\/\/hrmforce.com\/es\/#website\",\"url\":\"https:\/\/hrmforce.com\/es\/\",\"name\":\"hrmforce\",\"description\":\"people \u2022 performance \u2022 analytics\",\"publisher\":{\"@id\":\"https:\/\/hrmforce.com\/es\/#organization\"},\"potentialAction\":[{\"@type\":\"SearchAction\",\"target\":{\"@type\":\"EntryPoint\",\"urlTemplate\":\"https:\/\/hrmforce.com\/es\/?s={search_term_string}\"},\"query-input\":{\"@type\":\"PropertyValueSpecification\",\"valueRequired\":true,\"valueName\":\"search_term_string\"}}],\"inLanguage\":\"es\"},{\"@type\":\"Organization\",\"@id\":\"https:\/\/hrmforce.com\/es\/#organization\",\"name\":\"hrmforce\",\"url\":\"https:\/\/hrmforce.com\/es\/\",\"logo\":{\"@type\":\"ImageObject\",\"inLanguage\":\"es\",\"@id\":\"https:\/\/hrmforce.com\/es\/#\/schema\/logo\/image\/\",\"url\":\"https:\/\/hrmforce.com\/wp-content\/uploads\/2018\/08\/logo-hrmforce.png\",\"contentUrl\":\"https:\/\/hrmforce.com\/wp-content\/uploads\/2018\/08\/logo-hrmforce.png\",\"width\":833,\"height\":189,\"caption\":\"hrmforce\"},\"image\":{\"@id\":\"https:\/\/hrmforce.com\/es\/#\/schema\/logo\/image\/\"},\"sameAs\":[\"https:\/\/www.facebook.com\/hrmforceNL\/\",\"https:\/\/www.linkedin.com\/company\/hrmforce\/\"]}]}<\/script>\n<!-- \/ Yoast SEO plugin. -->","yoast_head_json":{"title":"Lo Que Hacemos - hrmforce","robots":{"index":"index","follow":"follow","max-snippet":"max-snippet:-1","max-image-preview":"max-image-preview:large","max-video-preview":"max-video-preview:-1"},"canonical":"https:\/\/hrmforce.com\/es\/lo-que-hacemos\/","og_locale":"es_ES","og_type":"article","og_title":"Lo Que Hacemos - hrmforce","og_description":"[vc_row css_animation=\u00bb\u00bb row_type=\u00bbrow\u00bb use_row_as_full_screen_section=\u00bbno\u00bb type=\u00bbfull_width\u00bb angled_section=\u00bbno\u00bb text_align=\u00bbleft\u00bb background_image_as_pattern=\u00bbwithout_pattern\u00bb el_class=\u00bbrij1&#8243; z_index=\u00bb\u00bb][vc_column][vc_column_text css=\u00bb\u00bb] hrmforce Como proveedor l\u00edder de software de gesti\u00f3n de recursos humanos, ayudamos a las organizaciones a operar de forma m\u00e1s eficiente creando nuevas formas de trabajo y nuevas asociaciones. Siendo nosotros mismos empresarios, ayudamos...","og_url":"https:\/\/hrmforce.com\/es\/lo-que-hacemos\/","og_site_name":"hrmforce","article_publisher":"https:\/\/www.facebook.com\/hrmforceNL\/","article_modified_time":"2025-09-23T09:31:22+00:00","og_image":[{"width":500,"height":310,"url":"https:\/\/hrmforce.com\/wp-content\/uploads\/2017\/02\/World_Supportteam-500x9999.png","type":"image\/png"}],"twitter_card":"summary_large_image","twitter_misc":{"Tiempo de lectura":"2 minutos"},"schema":{"@context":"https:\/\/schema.org","@graph":[{"@type":"WebPage","@id":"https:\/\/hrmforce.com\/es\/lo-que-hacemos\/","url":"https:\/\/hrmforce.com\/es\/lo-que-hacemos\/","name":"Lo Que Hacemos - hrmforce","isPartOf":{"@id":"https:\/\/hrmforce.com\/es\/#website"},"primaryImageOfPage":{"@id":"https:\/\/hrmforce.com\/es\/lo-que-hacemos\/#primaryimage"},"image":{"@id":"https:\/\/hrmforce.com\/es\/lo-que-hacemos\/#primaryimage"},"thumbnailUrl":"https:\/\/hrmforce.com\/wp-content\/uploads\/2020\/07\/no-image.jpg","datePublished":"2017-02-12T18:02:38+00:00","dateModified":"2025-09-23T09:31:22+00:00","breadcrumb":{"@id":"https:\/\/hrmforce.com\/es\/lo-que-hacemos\/#breadcrumb"},"inLanguage":"es","potentialAction":[{"@type":"ReadAction","target":["https:\/\/hrmforce.com\/es\/lo-que-hacemos\/"]}]},{"@type":"ImageObject","inLanguage":"es","@id":"https:\/\/hrmforce.com\/es\/lo-que-hacemos\/#primaryimage","url":"https:\/\/hrmforce.com\/wp-content\/uploads\/2020\/07\/no-image.jpg","contentUrl":"https:\/\/hrmforce.com\/wp-content\/uploads\/2020\/07\/no-image.jpg","width":1024,"height":683,"caption":"Human resources management"},{"@type":"BreadcrumbList","@id":"https:\/\/hrmforce.com\/es\/lo-que-hacemos\/#breadcrumb","itemListElement":[{"@type":"ListItem","position":1,"name":"Home","item":"https:\/\/hrmforce.com\/es\/"},{"@type":"ListItem","position":2,"name":"Lo Que Hacemos"}]},{"@type":"WebSite","@id":"https:\/\/hrmforce.com\/es\/#website","url":"https:\/\/hrmforce.com\/es\/","name":"hrmforce","description":"people \u2022 performance \u2022 analytics","publisher":{"@id":"https:\/\/hrmforce.com\/es\/#organization"},"potentialAction":[{"@type":"SearchAction","target":{"@type":"EntryPoint","urlTemplate":"https:\/\/hrmforce.com\/es\/?s={search_term_string}"},"query-input":{"@type":"PropertyValueSpecification","valueRequired":true,"valueName":"search_term_string"}}],"inLanguage":"es"},{"@type":"Organization","@id":"https:\/\/hrmforce.com\/es\/#organization","name":"hrmforce","url":"https:\/\/hrmforce.com\/es\/","logo":{"@type":"ImageObject","inLanguage":"es","@id":"https:\/\/hrmforce.com\/es\/#\/schema\/logo\/image\/","url":"https:\/\/hrmforce.com\/wp-content\/uploads\/2018\/08\/logo-hrmforce.png","contentUrl":"https:\/\/hrmforce.com\/wp-content\/uploads\/2018\/08\/logo-hrmforce.png","width":833,"height":189,"caption":"hrmforce"},"image":{"@id":"https:\/\/hrmforce.com\/es\/#\/schema\/logo\/image\/"},"sameAs":["https:\/\/www.facebook.com\/hrmforceNL\/","https:\/\/www.linkedin.com\/company\/hrmforce\/"]}]}},"_links":{"self":[{"href":"https:\/\/hrmforce.com\/es\/wp-json\/wp\/v2\/pages\/7277","targetHints":{"allow":["GET"]}}],"collection":[{"href":"https:\/\/hrmforce.com\/es\/wp-json\/wp\/v2\/pages"}],"about":[{"href":"https:\/\/hrmforce.com\/es\/wp-json\/wp\/v2\/types\/page"}],"author":[{"embeddable":true,"href":"https:\/\/hrmforce.com\/es\/wp-json\/wp\/v2\/users\/2"}],"replies":[{"embeddable":true,"href":"https:\/\/hrmforce.com\/es\/wp-json\/wp\/v2\/comments?post=7277"}],"version-history":[{"count":3,"href":"https:\/\/hrmforce.com\/es\/wp-json\/wp\/v2\/pages\/7277\/revisions"}],"predecessor-version":[{"id":23702,"href":"https:\/\/hrmforce.com\/es\/wp-json\/wp\/v2\/pages\/7277\/revisions\/23702"}],"wp:featuredmedia":[{"embeddable":true,"href":"https:\/\/hrmforce.com\/es\/wp-json\/wp\/v2\/media\/11486"}],"wp:attachment":[{"href":"https:\/\/hrmforce.com\/es\/wp-json\/wp\/v2\/media?parent=7277"}],"curies":[{"name":"wp","href":"https:\/\/api.w.org\/{rel}","templated":true}]}}