{"id":7296,"date":"2017-02-16T14:16:28","date_gmt":"2017-02-16T14:16:28","guid":{"rendered":"https:\/\/hrmforce.com\/?page_id=7296\/"},"modified":"2025-09-22T23:44:26","modified_gmt":"2025-09-22T21:44:26","slug":"ayuda","status":"publish","type":"page","link":"https:\/\/hrmforce.com\/es\/ayuda\/","title":{"rendered":"Ayuda"},"content":{"rendered":"<div class=\"wpb-content-wrapper\"><p>[vc_row css_animation=\u00bb\u00bb row_type=\u00bbrow\u00bb use_row_as_full_screen_section=\u00bbno\u00bb type=\u00bbfull_width\u00bb angled_section=\u00bbno\u00bb text_align=\u00bbleft\u00bb background_image_as_pattern=\u00bbwithout_pattern\u00bb el_class=\u00bbrij2&#8243; z_index=\u00bb\u00bb][vc_column][vc_column_text css=\u00bb\u00bb]\u00bfTiene alguna pregunta sobre el uso de hrmforce? Nuestro equipo de soporte estar\u00e1 encantado de ayudarle. Puede contactarnos al +31 88 88 321 88, de lunes a viernes, en horario de oficina, de 8:30 a 18:00.[\/vc_column_text][\/vc_column][\/vc_row][vc_row css_animation=\u00bb\u00bb row_type=\u00bbrow\u00bb use_row_as_full_screen_section=\u00bbno\u00bb type=\u00bbfull_width\u00bb angled_section=\u00bbno\u00bb text_align=\u00bbleft\u00bb background_image_as_pattern=\u00bbwithout_pattern\u00bb][vc_column width=\u00bb1\/4&#8243;][vc_column_text]<br \/>\n<i class=\"fa fa-commenting\" style=\"font-size: 100px; color: #1578ba;\"><\/i><\/p>\n<h1>Atenci\u00f3n al Cliente<\/h1>\n<p>Su soluci\u00f3n de HrmForce es una parte importante de su negocio, y por ello es por lo que puede esperar una atenci\u00f3n y soporte de calidad parar su inversi\u00f3n. En caso de que tenga alguna pregunta o problema, estamos dispuestos a ayudarle inmediatamente.<\/p>\n<p>Cuando adquiere HrmForce accede autom\u00e1ticamente a un acuerdo de mantenimiento HrmForce. Este contrato de mantenimiento se adapta para ajustar perfectamente nuestra soluci\u00f3n con las necesidades de su organizaci\u00f3n.<\/p>\n<p>El acuerdo cubre:<br \/>\n&#8211; Soporte telef\u00f3nico.<br \/>\n&#8211; Su derecho a mantener el software cuando utilice nuevo hardware.<br \/>\n&#8211; Beneficios en la migraci\u00f3n a nuevas l\u00edneas de producto.<br \/>\n&#8211; Diferentes opciones de Atenci\u00f3n al Cliente.<br \/>\n&#8211; Explicaci\u00f3n de sus facturas.<br \/>\n&#8211; Solicitud de copia de facturas.[\/col]<\/p>\n<p>[\/vc_column_text][\/vc_column][vc_column width=\u00bb1\/4&#8243;][vc_column_text]<i class=\"fa fa-desktop\" style=\"font-size: 100px; color: #1578ba;\"><\/i><\/p>\n<h1>Ayuda online<\/h1>\n<p>Experimente la libertad de trabajar con nuestra ayuda online. Dispondr\u00e1 de acceso a soporte online e informaci\u00f3n de producto durante las 24 horas del d\u00eda. Tambi\u00e9n fuera de las horas de oficina de HrmForce, podr\u00e1 encontrar una soluci\u00f3n a sus preguntas o problemas online.<\/p>\n<p>Portal de Ayuda<br \/>\nLos clientes que hayan llegado a un acuerdo podr\u00e1n acceder al Portal de Ayuda de HrmForce en cualquier momento. Este portal web le proporcionar\u00e1:<\/p>\n<p>&#8211; Informaci\u00f3n de Ayuda.<br \/>\n&#8211; Textos de ayuda.<br \/>\n&#8211; Actualizaciones de producto<br \/>\n&#8211; Noticias sobre nuestros productos.<br \/>\n&#8211; Gu\u00edas de Usuario[\/col]<\/p>\n<p>[\/vc_column_text][\/vc_column][vc_column width=\u00bb1\/4&#8243;][vc_column_text]<i class=\"fa fa-download\" style=\"font-size: 100px; color: #1578ba;\"><\/i><\/p>\n<h1>Actualizaciones de producto<\/h1>\n<p>Su negocio nunca se detiene. Tampoco lo hace HrmForce. Este es el motivo por el que estamos continuamente actualizando nuestras soluciones. Esto le permitir\u00e1 seguir utilizando su software de manera \u00f3ptima. Le proporcionamos actualizaciones regularmente para nuestros productos varias veces al a\u00f1o.<\/p>\n<p>Nuevas y mejoradas funcionalidades<br \/>\nCon cada actualizaci\u00f3n mejoramos el uso de nuestro software. Las actuales funcionalidades son mejoradas y, en la mayor parte de las ocasiones, se a\u00f1ade alguna m\u00e1s.<\/p>\n<p>Fase de Lanzamiento Controlado<br \/>\nAntes de que una actualizaci\u00f3n se ponga a disposici\u00f3n de nuestros clientes, un grupo elegido de los mismos trabaja durante un tiempo considerable con esta actualizaci\u00f3n bajo nuestra supervisi\u00f3n. Durante esta Fase de Lanzamiento Controlado monitorizamos si la actualizaci\u00f3n alcanza los deseos de nuestros clientes y si cumple las necesidades de los mismos.[\/col]<br \/>\n[\/vc_column_text][\/vc_column][vc_column width=\u00bb1\/4&#8243;][vc_column_text]<br \/>\n<i class=\"fa fa-wrench\" style=\"font-size: 100px; color: #1578ba;\"><\/i><\/p>\n<h1>Desarrollo de Producto<\/h1>\n<p>En HrmForce desarrollamos nuestro software HRM bas\u00e1ndonos en el feedback de nuestros clientes. Adem\u00e1s de ello, tambi\u00e9n tenemos en cuenta los desarrollos m\u00e1s relevantes que aparecen en el mercado.<br \/>\nCuando desarrollamos nuestro software tenemos muy en consideraci\u00f3n los deseos y experiencias de nuestros clientes. Haciendo esto, podemos alinear nuestras soluciones s sus necesidades. Este es el motivo por el que nos gusta o\u00edr sus sugerencias y experiencias.<br \/>\nDe cara a decidir qu\u00e9 sugerencias se emplear\u00e1n en futuras soluciones de software, hemos determinado los siguientes criterios:<br \/>\n\u00bfHemos recibido el mismo feedback de otros clientes? \u00bfSe beneficiar\u00e1n otros clientes de su sugerencia? \u00bfCu\u00e1les son las actuales tendencias del mercado y en el campo de la tecnolog\u00eda? \u00bfEs posible desarrollar su feedback de acuerdo con la legislaci\u00f3n?<br \/>\nDe esta manera podemos tomar una decisi\u00f3n acerca de cu\u00e1les de sus sugerencias supondr\u00e1n un beneficio para todos nuestros clientes.[\/vc_column_text][\/vc_column][\/vc_row]<\/p>\n<\/div>","protected":false},"excerpt":{"rendered":"<p>[vc_row css_animation=\u00bb\u00bb row_type=\u00bbrow\u00bb use_row_as_full_screen_section=\u00bbno\u00bb type=\u00bbfull_width\u00bb angled_section=\u00bbno\u00bb text_align=\u00bbleft\u00bb background_image_as_pattern=\u00bbwithout_pattern\u00bb el_class=\u00bbrij2&#8243; z_index=\u00bb\u00bb][vc_column][vc_column_text css=\u00bb\u00bb]\u00bfTiene alguna pregunta sobre el uso de hrmforce? Nuestro equipo de soporte estar\u00e1 encantado de ayudarle. Puede contactarnos al +31 88 88 321 88, de lunes a viernes, en horario de oficina, de 8:30 a&#8230;<\/p>\n","protected":false},"author":2,"featured_media":11486,"parent":0,"menu_order":0,"comment_status":"closed","ping_status":"closed","template":"","meta":{"_acf_changed":false,"inline_featured_image":false,"footnotes":""},"class_list":["post-7296","page","type-page","status-publish","has-post-thumbnail","hentry"],"acf":[],"yoast_head":"<!-- This site is optimized with the Yoast SEO plugin v27.1.1 - https:\/\/yoast.com\/product\/yoast-seo-wordpress\/ -->\n<title>Ayuda - hrmforce<\/title>\n<meta name=\"robots\" content=\"index, follow, max-snippet:-1, max-image-preview:large, max-video-preview:-1\" \/>\n<link rel=\"canonical\" href=\"https:\/\/hrmforce.com\/es\/ayuda\/\" \/>\n<meta property=\"og:locale\" content=\"es_ES\" \/>\n<meta property=\"og:type\" content=\"article\" \/>\n<meta property=\"og:title\" content=\"Ayuda - hrmforce\" \/>\n<meta property=\"og:description\" content=\"[vc_row css_animation=\u00bb\u00bb row_type=\u00bbrow\u00bb use_row_as_full_screen_section=\u00bbno\u00bb type=\u00bbfull_width\u00bb angled_section=\u00bbno\u00bb text_align=\u00bbleft\u00bb background_image_as_pattern=\u00bbwithout_pattern\u00bb el_class=\u00bbrij2&#8243; z_index=\u00bb\u00bb][vc_column][vc_column_text css=\u00bb\u00bb]\u00bfTiene alguna pregunta sobre el uso de hrmforce? Nuestro equipo de soporte estar\u00e1 encantado de ayudarle. Puede contactarnos al +31 88 88 321 88, de lunes a viernes, en horario de oficina, de 8:30 a...\" \/>\n<meta property=\"og:url\" content=\"https:\/\/hrmforce.com\/es\/ayuda\/\" \/>\n<meta property=\"og:site_name\" content=\"hrmforce\" \/>\n<meta property=\"article:publisher\" content=\"https:\/\/www.facebook.com\/hrmforceNL\/\" \/>\n<meta property=\"article:modified_time\" content=\"2025-09-22T21:44:26+00:00\" \/>\n<meta name=\"twitter:card\" content=\"summary_large_image\" \/>\n<meta name=\"twitter:label1\" content=\"Tiempo de lectura\" \/>\n\t<meta name=\"twitter:data1\" content=\"3 minutos\" \/>\n<script type=\"application\/ld+json\" class=\"yoast-schema-graph\">{\"@context\":\"https:\/\/schema.org\",\"@graph\":[{\"@type\":\"WebPage\",\"@id\":\"https:\/\/hrmforce.com\/es\/ayuda\/\",\"url\":\"https:\/\/hrmforce.com\/es\/ayuda\/\",\"name\":\"Ayuda - hrmforce\",\"isPartOf\":{\"@id\":\"https:\/\/hrmforce.com\/es\/#website\"},\"primaryImageOfPage\":{\"@id\":\"https:\/\/hrmforce.com\/es\/ayuda\/#primaryimage\"},\"image\":{\"@id\":\"https:\/\/hrmforce.com\/es\/ayuda\/#primaryimage\"},\"thumbnailUrl\":\"https:\/\/hrmforce.com\/wp-content\/uploads\/2020\/07\/no-image.jpg\",\"datePublished\":\"2017-02-16T14:16:28+00:00\",\"dateModified\":\"2025-09-22T21:44:26+00:00\",\"breadcrumb\":{\"@id\":\"https:\/\/hrmforce.com\/es\/ayuda\/#breadcrumb\"},\"inLanguage\":\"es\",\"potentialAction\":[{\"@type\":\"ReadAction\",\"target\":[\"https:\/\/hrmforce.com\/es\/ayuda\/\"]}]},{\"@type\":\"ImageObject\",\"inLanguage\":\"es\",\"@id\":\"https:\/\/hrmforce.com\/es\/ayuda\/#primaryimage\",\"url\":\"https:\/\/hrmforce.com\/wp-content\/uploads\/2020\/07\/no-image.jpg\",\"contentUrl\":\"https:\/\/hrmforce.com\/wp-content\/uploads\/2020\/07\/no-image.jpg\",\"width\":1024,\"height\":683,\"caption\":\"Human resources management\"},{\"@type\":\"BreadcrumbList\",\"@id\":\"https:\/\/hrmforce.com\/es\/ayuda\/#breadcrumb\",\"itemListElement\":[{\"@type\":\"ListItem\",\"position\":1,\"name\":\"Home\",\"item\":\"https:\/\/hrmforce.com\/es\/\"},{\"@type\":\"ListItem\",\"position\":2,\"name\":\"Ayuda\"}]},{\"@type\":\"WebSite\",\"@id\":\"https:\/\/hrmforce.com\/es\/#website\",\"url\":\"https:\/\/hrmforce.com\/es\/\",\"name\":\"hrmforce\",\"description\":\"people \u2022 performance \u2022 analytics\",\"publisher\":{\"@id\":\"https:\/\/hrmforce.com\/es\/#organization\"},\"potentialAction\":[{\"@type\":\"SearchAction\",\"target\":{\"@type\":\"EntryPoint\",\"urlTemplate\":\"https:\/\/hrmforce.com\/es\/?s={search_term_string}\"},\"query-input\":{\"@type\":\"PropertyValueSpecification\",\"valueRequired\":true,\"valueName\":\"search_term_string\"}}],\"inLanguage\":\"es\"},{\"@type\":\"Organization\",\"@id\":\"https:\/\/hrmforce.com\/es\/#organization\",\"name\":\"hrmforce\",\"url\":\"https:\/\/hrmforce.com\/es\/\",\"logo\":{\"@type\":\"ImageObject\",\"inLanguage\":\"es\",\"@id\":\"https:\/\/hrmforce.com\/es\/#\/schema\/logo\/image\/\",\"url\":\"https:\/\/hrmforce.com\/wp-content\/uploads\/2018\/08\/logo-hrmforce.png\",\"contentUrl\":\"https:\/\/hrmforce.com\/wp-content\/uploads\/2018\/08\/logo-hrmforce.png\",\"width\":833,\"height\":189,\"caption\":\"hrmforce\"},\"image\":{\"@id\":\"https:\/\/hrmforce.com\/es\/#\/schema\/logo\/image\/\"},\"sameAs\":[\"https:\/\/www.facebook.com\/hrmforceNL\/\",\"https:\/\/www.linkedin.com\/company\/hrmforce\/\"]}]}<\/script>\n<!-- \/ Yoast SEO plugin. -->","yoast_head_json":{"title":"Ayuda - hrmforce","robots":{"index":"index","follow":"follow","max-snippet":"max-snippet:-1","max-image-preview":"max-image-preview:large","max-video-preview":"max-video-preview:-1"},"canonical":"https:\/\/hrmforce.com\/es\/ayuda\/","og_locale":"es_ES","og_type":"article","og_title":"Ayuda - hrmforce","og_description":"[vc_row css_animation=\u00bb\u00bb row_type=\u00bbrow\u00bb use_row_as_full_screen_section=\u00bbno\u00bb type=\u00bbfull_width\u00bb angled_section=\u00bbno\u00bb text_align=\u00bbleft\u00bb background_image_as_pattern=\u00bbwithout_pattern\u00bb el_class=\u00bbrij2&#8243; z_index=\u00bb\u00bb][vc_column][vc_column_text css=\u00bb\u00bb]\u00bfTiene alguna pregunta sobre el uso de hrmforce? Nuestro equipo de soporte estar\u00e1 encantado de ayudarle. Puede contactarnos al +31 88 88 321 88, de lunes a viernes, en horario de oficina, de 8:30 a...","og_url":"https:\/\/hrmforce.com\/es\/ayuda\/","og_site_name":"hrmforce","article_publisher":"https:\/\/www.facebook.com\/hrmforceNL\/","article_modified_time":"2025-09-22T21:44:26+00:00","twitter_card":"summary_large_image","twitter_misc":{"Tiempo de lectura":"3 minutos"},"schema":{"@context":"https:\/\/schema.org","@graph":[{"@type":"WebPage","@id":"https:\/\/hrmforce.com\/es\/ayuda\/","url":"https:\/\/hrmforce.com\/es\/ayuda\/","name":"Ayuda - hrmforce","isPartOf":{"@id":"https:\/\/hrmforce.com\/es\/#website"},"primaryImageOfPage":{"@id":"https:\/\/hrmforce.com\/es\/ayuda\/#primaryimage"},"image":{"@id":"https:\/\/hrmforce.com\/es\/ayuda\/#primaryimage"},"thumbnailUrl":"https:\/\/hrmforce.com\/wp-content\/uploads\/2020\/07\/no-image.jpg","datePublished":"2017-02-16T14:16:28+00:00","dateModified":"2025-09-22T21:44:26+00:00","breadcrumb":{"@id":"https:\/\/hrmforce.com\/es\/ayuda\/#breadcrumb"},"inLanguage":"es","potentialAction":[{"@type":"ReadAction","target":["https:\/\/hrmforce.com\/es\/ayuda\/"]}]},{"@type":"ImageObject","inLanguage":"es","@id":"https:\/\/hrmforce.com\/es\/ayuda\/#primaryimage","url":"https:\/\/hrmforce.com\/wp-content\/uploads\/2020\/07\/no-image.jpg","contentUrl":"https:\/\/hrmforce.com\/wp-content\/uploads\/2020\/07\/no-image.jpg","width":1024,"height":683,"caption":"Human resources management"},{"@type":"BreadcrumbList","@id":"https:\/\/hrmforce.com\/es\/ayuda\/#breadcrumb","itemListElement":[{"@type":"ListItem","position":1,"name":"Home","item":"https:\/\/hrmforce.com\/es\/"},{"@type":"ListItem","position":2,"name":"Ayuda"}]},{"@type":"WebSite","@id":"https:\/\/hrmforce.com\/es\/#website","url":"https:\/\/hrmforce.com\/es\/","name":"hrmforce","description":"people \u2022 performance \u2022 analytics","publisher":{"@id":"https:\/\/hrmforce.com\/es\/#organization"},"potentialAction":[{"@type":"SearchAction","target":{"@type":"EntryPoint","urlTemplate":"https:\/\/hrmforce.com\/es\/?s={search_term_string}"},"query-input":{"@type":"PropertyValueSpecification","valueRequired":true,"valueName":"search_term_string"}}],"inLanguage":"es"},{"@type":"Organization","@id":"https:\/\/hrmforce.com\/es\/#organization","name":"hrmforce","url":"https:\/\/hrmforce.com\/es\/","logo":{"@type":"ImageObject","inLanguage":"es","@id":"https:\/\/hrmforce.com\/es\/#\/schema\/logo\/image\/","url":"https:\/\/hrmforce.com\/wp-content\/uploads\/2018\/08\/logo-hrmforce.png","contentUrl":"https:\/\/hrmforce.com\/wp-content\/uploads\/2018\/08\/logo-hrmforce.png","width":833,"height":189,"caption":"hrmforce"},"image":{"@id":"https:\/\/hrmforce.com\/es\/#\/schema\/logo\/image\/"},"sameAs":["https:\/\/www.facebook.com\/hrmforceNL\/","https:\/\/www.linkedin.com\/company\/hrmforce\/"]}]}},"_links":{"self":[{"href":"https:\/\/hrmforce.com\/es\/wp-json\/wp\/v2\/pages\/7296","targetHints":{"allow":["GET"]}}],"collection":[{"href":"https:\/\/hrmforce.com\/es\/wp-json\/wp\/v2\/pages"}],"about":[{"href":"https:\/\/hrmforce.com\/es\/wp-json\/wp\/v2\/types\/page"}],"author":[{"embeddable":true,"href":"https:\/\/hrmforce.com\/es\/wp-json\/wp\/v2\/users\/2"}],"replies":[{"embeddable":true,"href":"https:\/\/hrmforce.com\/es\/wp-json\/wp\/v2\/comments?post=7296"}],"version-history":[{"count":2,"href":"https:\/\/hrmforce.com\/es\/wp-json\/wp\/v2\/pages\/7296\/revisions"}],"predecessor-version":[{"id":23685,"href":"https:\/\/hrmforce.com\/es\/wp-json\/wp\/v2\/pages\/7296\/revisions\/23685"}],"wp:featuredmedia":[{"embeddable":true,"href":"https:\/\/hrmforce.com\/es\/wp-json\/wp\/v2\/media\/11486"}],"wp:attachment":[{"href":"https:\/\/hrmforce.com\/es\/wp-json\/wp\/v2\/media?parent=7296"}],"curies":[{"name":"wp","href":"https:\/\/api.w.org\/{rel}","templated":true}]}}