{"id":7327,"date":"2017-02-12T18:27:05","date_gmt":"2017-02-12T18:27:05","guid":{"rendered":"https:\/\/hrmforce.com\/hrmforce\/voordelen\/"},"modified":"2025-09-23T11:33:48","modified_gmt":"2025-09-23T09:33:48","slug":"beneficios-clave","status":"publish","type":"page","link":"https:\/\/hrmforce.com\/es\/beneficios-clave\/","title":{"rendered":"Beneficios Clave"},"content":{"rendered":"<div class=\"wpb-content-wrapper\"><p>[vc_row css_animation=\u00bb\u00bb row_type=\u00bbrow\u00bb use_row_as_full_screen_section=\u00bbno\u00bb type=\u00bbfull_width\u00bb angled_section=\u00bbno\u00bb text_align=\u00bbleft\u00bb background_image_as_pattern=\u00bbwithout_pattern\u00bb el_class=\u00bbrij1&#8243; z_index=\u00bb\u00bb][vc_column width=\u00bb2\/3&#8243;][vc_column_text css=\u00bb\u00bb]<\/p>\n<h1>\u00bfQu\u00e9 aporta Hrmforce a las organizaciones?<\/h1>\n<p>Entendemos que debe existir un <strong>business case s\u00f3lido<\/strong> antes de invertir en cualquier tipo de software, especialmente cuando el responsable del presupuesto percibe el tema como algo \u201cblando\u201d. Al tratarse de RR. HH. y de personas, \u00bfc\u00f3mo convencerles de un verdadero <strong>retorno de la inversi\u00f3n<\/strong>?<\/p>\n<h1>Ventajas para las organizaciones<\/h1>\n<p>\u2705 Identifica al candidato con la <strong>mayor probabilidad de \u00e9xito<\/strong>. Por ejemplo: los vendedores seleccionados con \u00e9xito rinden al menos 4 veces m\u00e1s que un vendedor promedio.<\/p>\n<p>\u2705 Las empresas con procesos de gesti\u00f3n del rendimiento bien estructurados son <strong>20% m\u00e1s rentables<\/strong> que aquellas que no los tienen.<\/p>\n<p>\u2705 Una gesti\u00f3n del rendimiento eficaz <strong>aumenta la motivaci\u00f3n y el compromiso<\/strong> de los empleados, lo que se correlaciona de manera constante con una mayor <strong>productividad<\/strong>, <strong>rentabilidad<\/strong>, <strong>satisfacci\u00f3n del cliente<\/strong> y mucho m\u00e1s.<\/p>\n<p>\u2705 Hrmforce est\u00e1 dise\u00f1ado espec\u00edficamente para fomentar el <strong>seguimiento continuo<\/strong> del comportamiento, algo esencial para los dos puntos anteriores.<\/p>\n<h2>Pero hay m\u00e1s\u2026<\/h2>\n<p><strong>\u2705 Ayuda a retener el talento<\/strong> \u2013 el coste medio de la rotaci\u00f3n de una persona con un salario de 35.000 \u20ac (p\u00e9rdida de productividad, costes y tiempo de selecci\u00f3n, formaci\u00f3n e incorporaci\u00f3n) asciende a unos 45.000 \u20ac.<\/p>\n<p><strong>\u2705 Ahorra tiempo<\/strong> \u2013 el coste medio del tiempo administrativo y de RR. HH. para organizar y procesar sistemas en papel para un m\u00e1ximo de 100 personas es de 4.800 \u20ac.<\/p>\n<p><strong>\u2705 Mejora la claridad y la transparencia<\/strong> \u2013 los costes medios para un empleador que debe defenderse ante un tribunal (independientemente del resultado) ascienden a 14.500 \u20ac.<\/p>\n<p><strong>\u2705 Es mucho m\u00e1s seguro que el papel<\/strong> \u2013 las multas por infracciones en la protecci\u00f3n de datos van de 500 \u20ac a 500.000 \u20ac.<\/p>\n<p><strong>\u2705 Es f\u00e1cil de organizar<\/strong> \u2013 listo para empezar online en cuesti\u00f3n de minutos.<\/p>\n<p><strong>\u2705 Es muy sencillo<\/strong> \u2013 nuestros informes pueden interpretarse sin formaci\u00f3n ni certificaci\u00f3n. La formaci\u00f3n est\u00e1 disponible si se desea.<\/p>\n<p><strong>\u2705 Est\u00e1 siempre disponible<\/strong> \u2013 nuestra plataforma est\u00e1 online 24\/7 con un tiempo de actividad del 99,9% el a\u00f1o pasado.<\/p>\n<p><strong>\u2705 Puede utilizarse de forma totalmente aut\u00f3noma<\/strong> \u2013 ahorra tiempo y dinero configurando hrmforce t\u00fa mismo para tu empresa, a\u00f1adiendo tu logotipo, asignando roles y permisos est\u00e1ndar, y generando informes de an\u00e1lisis predefinidos.<\/p>\n<p><strong>\u2705 Est\u00e1 cient\u00edficamente respaldado<\/strong> \u2013 nuestro equipo de desarrollo mejora y ampl\u00eda hrmforce continuamente sobre la base de nuevos hallazgos cient\u00edficos, estad\u00edsticas, an\u00e1lisis de datos, investigaciones y comentarios de los clientes.<\/p>\n<p><strong>\u2705 Es inteligente y tiene un precio competitivo<\/strong> \u2013 una licencia para el uso ilimitado de hrmforce es entre 10 y 15 veces m\u00e1s econ\u00f3mica y de 2 a 8 veces m\u00e1s completa que otras soluciones.<\/p>\n<p><em>Contacta con nuestros <a href=\"https:\/\/hrmforce.com\/es\/contact\/\">expertos<\/a> y descubre c\u00f3mo los <a href=\"https:\/\/hrmforce.com\/es\/evaluaciones-vision-general\/\">assessments<\/a> de hrmforce pueden apoyar tus procesos de RR. HH. en tu sector. Llama al <strong><a href=\"tel:+31888832188\">+31 88 88 321 88<\/a><\/strong> o escribe a <a href=\"mailto:office@hrmforce.com\"><strong>office@hrmforce.com<\/strong><\/a><\/em>.[\/vc_column_text][\/vc_column][vc_column width=\u00bb1\/3&#8243;][vc_column_text]<\/p>\n<h2>\u00bfQuieres saber m\u00e1s?<\/h2>\n<p>Entonces <a href=\"https:\/\/hrmforce.com\/contact\">ponte en contacto<\/a> con uno de nuestros consultores llamando al <a href=\"tel:+31888832188\">+31 (0) 88 88 321 88<\/a> o env\u00edanos un correo a <a href=\"mailto:office@hrmforce.com\">office@hrmforce.com<\/a>[\/vc_column_text][\/vc_column][\/vc_row]<\/p>\n<\/div>","protected":false},"excerpt":{"rendered":"<p>[vc_row css_animation=\u00bb\u00bb row_type=\u00bbrow\u00bb use_row_as_full_screen_section=\u00bbno\u00bb type=\u00bbfull_width\u00bb angled_section=\u00bbno\u00bb text_align=\u00bbleft\u00bb background_image_as_pattern=\u00bbwithout_pattern\u00bb el_class=\u00bbrij1&#8243; z_index=\u00bb\u00bb][vc_column width=\u00bb2\/3&#8243;][vc_column_text css=\u00bb\u00bb] \u00bfQu\u00e9 aporta Hrmforce a las organizaciones? Entendemos que debe existir un business case s\u00f3lido antes de invertir en cualquier tipo de software, especialmente cuando el responsable del presupuesto percibe el tema como algo&#8230;<\/p>\n","protected":false},"author":2,"featured_media":11486,"parent":0,"menu_order":5,"comment_status":"closed","ping_status":"closed","template":"","meta":{"_acf_changed":false,"inline_featured_image":false,"footnotes":""},"class_list":["post-7327","page","type-page","status-publish","has-post-thumbnail","hentry"],"acf":[],"yoast_head":"<!-- This site is optimized with the Yoast SEO plugin v27.1.1 - https:\/\/yoast.com\/product\/yoast-seo-wordpress\/ -->\n<title>Beneficios Clave - hrmforce<\/title>\n<meta name=\"robots\" content=\"index, follow, max-snippet:-1, max-image-preview:large, max-video-preview:-1\" \/>\n<link rel=\"canonical\" href=\"https:\/\/hrmforce.com\/es\/beneficios-clave\/\" \/>\n<meta property=\"og:locale\" content=\"es_ES\" \/>\n<meta property=\"og:type\" content=\"article\" \/>\n<meta property=\"og:title\" content=\"Beneficios Clave - hrmforce\" \/>\n<meta property=\"og:description\" content=\"[vc_row css_animation=\u00bb\u00bb row_type=\u00bbrow\u00bb use_row_as_full_screen_section=\u00bbno\u00bb type=\u00bbfull_width\u00bb angled_section=\u00bbno\u00bb text_align=\u00bbleft\u00bb background_image_as_pattern=\u00bbwithout_pattern\u00bb el_class=\u00bbrij1&#8243; z_index=\u00bb\u00bb][vc_column width=\u00bb2\/3&#8243;][vc_column_text css=\u00bb\u00bb] \u00bfQu\u00e9 aporta Hrmforce a las organizaciones? Entendemos que debe existir un business case s\u00f3lido antes de invertir en cualquier tipo de software, especialmente cuando el responsable del presupuesto percibe el tema como algo...\" \/>\n<meta property=\"og:url\" content=\"https:\/\/hrmforce.com\/es\/beneficios-clave\/\" \/>\n<meta property=\"og:site_name\" content=\"hrmforce\" \/>\n<meta property=\"article:publisher\" content=\"https:\/\/www.facebook.com\/hrmforceNL\/\" \/>\n<meta property=\"article:modified_time\" content=\"2025-09-23T09:33:48+00:00\" \/>\n<meta name=\"twitter:card\" content=\"summary_large_image\" \/>\n<meta name=\"twitter:label1\" content=\"Tiempo de lectura\" \/>\n\t<meta name=\"twitter:data1\" content=\"3 minutos\" \/>\n<script type=\"application\/ld+json\" class=\"yoast-schema-graph\">{\"@context\":\"https:\/\/schema.org\",\"@graph\":[{\"@type\":\"WebPage\",\"@id\":\"https:\/\/hrmforce.com\/es\/beneficios-clave\/\",\"url\":\"https:\/\/hrmforce.com\/es\/beneficios-clave\/\",\"name\":\"Beneficios Clave - hrmforce\",\"isPartOf\":{\"@id\":\"https:\/\/hrmforce.com\/es\/#website\"},\"primaryImageOfPage\":{\"@id\":\"https:\/\/hrmforce.com\/es\/beneficios-clave\/#primaryimage\"},\"image\":{\"@id\":\"https:\/\/hrmforce.com\/es\/beneficios-clave\/#primaryimage\"},\"thumbnailUrl\":\"https:\/\/hrmforce.com\/wp-content\/uploads\/2020\/07\/no-image.jpg\",\"datePublished\":\"2017-02-12T18:27:05+00:00\",\"dateModified\":\"2025-09-23T09:33:48+00:00\",\"breadcrumb\":{\"@id\":\"https:\/\/hrmforce.com\/es\/beneficios-clave\/#breadcrumb\"},\"inLanguage\":\"es\",\"potentialAction\":[{\"@type\":\"ReadAction\",\"target\":[\"https:\/\/hrmforce.com\/es\/beneficios-clave\/\"]}]},{\"@type\":\"ImageObject\",\"inLanguage\":\"es\",\"@id\":\"https:\/\/hrmforce.com\/es\/beneficios-clave\/#primaryimage\",\"url\":\"https:\/\/hrmforce.com\/wp-content\/uploads\/2020\/07\/no-image.jpg\",\"contentUrl\":\"https:\/\/hrmforce.com\/wp-content\/uploads\/2020\/07\/no-image.jpg\",\"width\":1024,\"height\":683,\"caption\":\"Human resources management\"},{\"@type\":\"BreadcrumbList\",\"@id\":\"https:\/\/hrmforce.com\/es\/beneficios-clave\/#breadcrumb\",\"itemListElement\":[{\"@type\":\"ListItem\",\"position\":1,\"name\":\"Home\",\"item\":\"https:\/\/hrmforce.com\/es\/\"},{\"@type\":\"ListItem\",\"position\":2,\"name\":\"Beneficios Clave\"}]},{\"@type\":\"WebSite\",\"@id\":\"https:\/\/hrmforce.com\/es\/#website\",\"url\":\"https:\/\/hrmforce.com\/es\/\",\"name\":\"hrmforce\",\"description\":\"people \u2022 performance \u2022 analytics\",\"publisher\":{\"@id\":\"https:\/\/hrmforce.com\/es\/#organization\"},\"potentialAction\":[{\"@type\":\"SearchAction\",\"target\":{\"@type\":\"EntryPoint\",\"urlTemplate\":\"https:\/\/hrmforce.com\/es\/?s={search_term_string}\"},\"query-input\":{\"@type\":\"PropertyValueSpecification\",\"valueRequired\":true,\"valueName\":\"search_term_string\"}}],\"inLanguage\":\"es\"},{\"@type\":\"Organization\",\"@id\":\"https:\/\/hrmforce.com\/es\/#organization\",\"name\":\"hrmforce\",\"url\":\"https:\/\/hrmforce.com\/es\/\",\"logo\":{\"@type\":\"ImageObject\",\"inLanguage\":\"es\",\"@id\":\"https:\/\/hrmforce.com\/es\/#\/schema\/logo\/image\/\",\"url\":\"https:\/\/hrmforce.com\/wp-content\/uploads\/2018\/08\/logo-hrmforce.png\",\"contentUrl\":\"https:\/\/hrmforce.com\/wp-content\/uploads\/2018\/08\/logo-hrmforce.png\",\"width\":833,\"height\":189,\"caption\":\"hrmforce\"},\"image\":{\"@id\":\"https:\/\/hrmforce.com\/es\/#\/schema\/logo\/image\/\"},\"sameAs\":[\"https:\/\/www.facebook.com\/hrmforceNL\/\",\"https:\/\/www.linkedin.com\/company\/hrmforce\/\"]}]}<\/script>\n<!-- \/ Yoast SEO plugin. -->","yoast_head_json":{"title":"Beneficios Clave - hrmforce","robots":{"index":"index","follow":"follow","max-snippet":"max-snippet:-1","max-image-preview":"max-image-preview:large","max-video-preview":"max-video-preview:-1"},"canonical":"https:\/\/hrmforce.com\/es\/beneficios-clave\/","og_locale":"es_ES","og_type":"article","og_title":"Beneficios Clave - hrmforce","og_description":"[vc_row css_animation=\u00bb\u00bb row_type=\u00bbrow\u00bb use_row_as_full_screen_section=\u00bbno\u00bb type=\u00bbfull_width\u00bb angled_section=\u00bbno\u00bb text_align=\u00bbleft\u00bb background_image_as_pattern=\u00bbwithout_pattern\u00bb el_class=\u00bbrij1&#8243; z_index=\u00bb\u00bb][vc_column width=\u00bb2\/3&#8243;][vc_column_text css=\u00bb\u00bb] \u00bfQu\u00e9 aporta Hrmforce a las organizaciones? Entendemos que debe existir un business case s\u00f3lido antes de invertir en cualquier tipo de software, especialmente cuando el responsable del presupuesto percibe el tema como algo...","og_url":"https:\/\/hrmforce.com\/es\/beneficios-clave\/","og_site_name":"hrmforce","article_publisher":"https:\/\/www.facebook.com\/hrmforceNL\/","article_modified_time":"2025-09-23T09:33:48+00:00","twitter_card":"summary_large_image","twitter_misc":{"Tiempo de lectura":"3 minutos"},"schema":{"@context":"https:\/\/schema.org","@graph":[{"@type":"WebPage","@id":"https:\/\/hrmforce.com\/es\/beneficios-clave\/","url":"https:\/\/hrmforce.com\/es\/beneficios-clave\/","name":"Beneficios Clave - hrmforce","isPartOf":{"@id":"https:\/\/hrmforce.com\/es\/#website"},"primaryImageOfPage":{"@id":"https:\/\/hrmforce.com\/es\/beneficios-clave\/#primaryimage"},"image":{"@id":"https:\/\/hrmforce.com\/es\/beneficios-clave\/#primaryimage"},"thumbnailUrl":"https:\/\/hrmforce.com\/wp-content\/uploads\/2020\/07\/no-image.jpg","datePublished":"2017-02-12T18:27:05+00:00","dateModified":"2025-09-23T09:33:48+00:00","breadcrumb":{"@id":"https:\/\/hrmforce.com\/es\/beneficios-clave\/#breadcrumb"},"inLanguage":"es","potentialAction":[{"@type":"ReadAction","target":["https:\/\/hrmforce.com\/es\/beneficios-clave\/"]}]},{"@type":"ImageObject","inLanguage":"es","@id":"https:\/\/hrmforce.com\/es\/beneficios-clave\/#primaryimage","url":"https:\/\/hrmforce.com\/wp-content\/uploads\/2020\/07\/no-image.jpg","contentUrl":"https:\/\/hrmforce.com\/wp-content\/uploads\/2020\/07\/no-image.jpg","width":1024,"height":683,"caption":"Human resources management"},{"@type":"BreadcrumbList","@id":"https:\/\/hrmforce.com\/es\/beneficios-clave\/#breadcrumb","itemListElement":[{"@type":"ListItem","position":1,"name":"Home","item":"https:\/\/hrmforce.com\/es\/"},{"@type":"ListItem","position":2,"name":"Beneficios Clave"}]},{"@type":"WebSite","@id":"https:\/\/hrmforce.com\/es\/#website","url":"https:\/\/hrmforce.com\/es\/","name":"hrmforce","description":"people \u2022 performance \u2022 analytics","publisher":{"@id":"https:\/\/hrmforce.com\/es\/#organization"},"potentialAction":[{"@type":"SearchAction","target":{"@type":"EntryPoint","urlTemplate":"https:\/\/hrmforce.com\/es\/?s={search_term_string}"},"query-input":{"@type":"PropertyValueSpecification","valueRequired":true,"valueName":"search_term_string"}}],"inLanguage":"es"},{"@type":"Organization","@id":"https:\/\/hrmforce.com\/es\/#organization","name":"hrmforce","url":"https:\/\/hrmforce.com\/es\/","logo":{"@type":"ImageObject","inLanguage":"es","@id":"https:\/\/hrmforce.com\/es\/#\/schema\/logo\/image\/","url":"https:\/\/hrmforce.com\/wp-content\/uploads\/2018\/08\/logo-hrmforce.png","contentUrl":"https:\/\/hrmforce.com\/wp-content\/uploads\/2018\/08\/logo-hrmforce.png","width":833,"height":189,"caption":"hrmforce"},"image":{"@id":"https:\/\/hrmforce.com\/es\/#\/schema\/logo\/image\/"},"sameAs":["https:\/\/www.facebook.com\/hrmforceNL\/","https:\/\/www.linkedin.com\/company\/hrmforce\/"]}]}},"_links":{"self":[{"href":"https:\/\/hrmforce.com\/es\/wp-json\/wp\/v2\/pages\/7327","targetHints":{"allow":["GET"]}}],"collection":[{"href":"https:\/\/hrmforce.com\/es\/wp-json\/wp\/v2\/pages"}],"about":[{"href":"https:\/\/hrmforce.com\/es\/wp-json\/wp\/v2\/types\/page"}],"author":[{"embeddable":true,"href":"https:\/\/hrmforce.com\/es\/wp-json\/wp\/v2\/users\/2"}],"replies":[{"embeddable":true,"href":"https:\/\/hrmforce.com\/es\/wp-json\/wp\/v2\/comments?post=7327"}],"version-history":[{"count":3,"href":"https:\/\/hrmforce.com\/es\/wp-json\/wp\/v2\/pages\/7327\/revisions"}],"predecessor-version":[{"id":23704,"href":"https:\/\/hrmforce.com\/es\/wp-json\/wp\/v2\/pages\/7327\/revisions\/23704"}],"wp:featuredmedia":[{"embeddable":true,"href":"https:\/\/hrmforce.com\/es\/wp-json\/wp\/v2\/media\/11486"}],"wp:attachment":[{"href":"https:\/\/hrmforce.com\/es\/wp-json\/wp\/v2\/media?parent=7327"}],"curies":[{"name":"wp","href":"https:\/\/api.w.org\/{rel}","templated":true}]}}