{"id":7505,"date":"2017-02-24T13:21:25","date_gmt":"2017-02-24T13:21:25","guid":{"rendered":"https:\/\/hrmforce.com\/home\/"},"modified":"2025-10-16T11:14:48","modified_gmt":"2025-10-16T09:14:48","slug":"home","status":"publish","type":"page","link":"https:\/\/hrmforce.com\/es\/","title":{"rendered":"Home"},"content":{"rendered":"<div class=\"wpb-content-wrapper\"><p>[vc_row css_animation=\u00bb\u00bb row_type=\u00bbrow\u00bb use_row_as_full_screen_section=\u00bbno\u00bb type=\u00bbgrid\u00bb angled_section=\u00bbno\u00bb text_align=\u00bbleft\u00bb background_image_as_pattern=\u00bbwithout_pattern\u00bb css=\u00bb.vc_custom_1644355495465{background-color: #f3f1f0 !important;}\u00bb z_index=\u00bb\u00bb el_class=\u00bbrij1home\u00bb][vc_column width=\u00bb3\/5&#8243;][vc_column_text css=\u00bb.vc_custom_1644354936424{margin-bottom: 20px !important;}\u00bb]<\/p>\n<h1>hrmforce<\/h1>\n<p>[\/vc_column_text][qode_content_slider auto_rotate=\u00bb5&#8243; direction_nav=\u00bbno\u00bb control_nav=\u00bbyes\u00bb pause_on_hover=\u00bbyes\u00bb][qode_content_slider_item][vc_column_text]<\/p>\n<h2>Saque el m\u00e1ximo partido a sus empleados con nuestro software de gesti\u00f3n del talento<\/h2>\n<p>[\/vc_column_text][\/qode_content_slider_item][qode_content_slider_item][vc_column_text]<\/p>\n<h2>Ponga a prueba a sus candidatos con nuestros cuestionarios<\/h2>\n<p>[\/vc_column_text][\/qode_content_slider_item][qode_content_slider_item][vc_column_text css=\u00bb\u00bb]<\/p>\n<h2>Impulse el crecimiento de sus empleados con nuestras herramientas de desarrollo<\/h2>\n<p>[\/vc_column_text][\/qode_content_slider_item][\/qode_content_slider]<a  itemprop=\"url\" href=\"https:\/\/hrmforce.com\/es\/evaluacion-online\/\" target=\"_self\"  class=\"qbutton  medium default\" style=\"color: #ffffff; background-color:#0e468c;\">M\u00e1s informaci\u00f3n<\/a>[\/vc_column][vc_column width=\u00bb2\/5&#8243;][\/vc_column][\/vc_row][vc_row row_type=\u00bbparallax\u00bb parallax_content_width=\u00bbin_grid\u00bb text_align=\u00bbleft\u00bb full_screen_section_height=\u00bbno\u00bb css=\u00bb.vc_custom_1661337488811{background-color: #f3f1f0 !important;}\u00bb background_image=\u00bb16467&#8243; section_height=\u00bb500&#8243; parallax_speed=\u00bb2&#8243;][vc_column offset=\u00bbvc_hidden-xs\u00bb][\/vc_column][\/vc_row][vc_row css_animation=\u00bb\u00bb row_type=\u00bbrow\u00bb use_row_as_full_screen_section=\u00bbno\u00bb type=\u00bbfull_width\u00bb angled_section=\u00bbno\u00bb text_align=\u00bbleft\u00bb background_image_as_pattern=\u00bbwithout_pattern\u00bb css=\u00bb.vc_custom_1646392917358{background-color: #f3f1f0 !important;}\u00bb z_index=\u00bb\u00bb][vc_column offset=\u00bbvc_hidden-lg vc_hidden-md vc_hidden-sm\u00bb][vc_single_image image=\u00bb16479&#8243; img_size=\u00bbfull\u00bb qode_css_animation=\u00bb\u00bb][\/vc_column][\/vc_row][vc_row css_animation=\u00bb\u00bb row_type=\u00bbrow\u00bb use_row_as_full_screen_section=\u00bbno\u00bb type=\u00bbgrid\u00bb angled_section=\u00bbno\u00bb text_align=\u00bbcenter\u00bb background_image_as_pattern=\u00bbwithout_pattern\u00bb z_index=\u00bb\u00bb el_class=\u00bbbloklicht\u00bb css=\u00bb.vc_custom_1644243311764{background-color: #f3f1f0 !important;}\u00bb][vc_column css=\u00bb.vc_custom_1610307631595&#8243;][vc_row_inner row_type=\u00bbrow\u00bb type=\u00bbfull_width\u00bb text_align=\u00bbcenter\u00bb css_animation=\u00bb\u00bb][vc_column_inner width=\u00bb1\/6&#8243;][\/vc_column_inner][vc_column_inner width=\u00bb2\/3&#8243;][vc_column_text css=\u00bb\u00bb]<\/p>\n<h2 style=\"text-align: center;\" align=\"center\">Integral y confiable<\/h2>\n<p style=\"text-align: center;\" align=\"center\">hrmforce es la plataforma de desarrollo en l\u00ednea de mayor crecimiento para la gesti\u00f3n del talento con la gama m\u00e1s completa de evaluaciones en los Pa\u00edses Bajos. Siempre \u00fanico, con base cient\u00edfica y con nuevas evaluaciones cada mes. Asesoramiento personal, formaci\u00f3n y transparencia en cada paso.<\/p>\n<p>[\/vc_column_text][\/vc_column_inner][vc_column_inner width=\u00bb1\/6&#8243;][\/vc_column_inner][\/vc_row_inner][vc_empty_space height=\u00bb50px\u00bb][vc_row_inner row_type=\u00bbrow\u00bb type=\u00bbfull_width\u00bb text_align=\u00bbleft\u00bb css_animation=\u00bb\u00bb el_class=\u00bbrijdrieblokken\u00bb][vc_column_inner el_class=\u00bbkolomhome\u00bb width=\u00bb1\/3&#8243; el_id=\u00bbblok1&#8243;][vc_column_text]<\/p>\n<h3>Evaluaciones<\/h3>\n<p>[\/vc_column_text][vc_column_text el_class=\u00bbkolomhometekst\u00bb]Ideal para el reclutamiento y la selecci\u00f3n de nuevos talentos&#8230;[\/vc_column_text]<a  itemprop=\"url\" href=\"https:\/\/hrmforce.com\/es\/evaluacion-online\/\" target=\"_self\"  class=\"qbutton  medium left default\" style=\"color: #0e468c; \">Ver las evaluaciones<\/a>[\/vc_column_inner][vc_column_inner el_class=\u00bbkolomhome\u00bb width=\u00bb1\/3&#8243; el_id=\u00bbblok2&#8243;][vc_column_text]<\/p>\n<h3>Soluciones de GRH<\/h3>\n<p>[\/vc_column_text][vc_column_text el_class=\u00bbkolomhometekst\u00bb]Contrataci\u00f3n, Desarrollo, Empleabilidad, TeamView &#8230;[\/vc_column_text]<a  itemprop=\"url\" href=\"https:\/\/hrmforce.com\/es\/soluciones-de-grh\/\" target=\"_self\"  class=\"qbutton  medium left default\" style=\"color: #0e468c; \">Ver las soluciones<\/a>[\/vc_column_inner][vc_column_inner el_class=\u00bbkolomhome\u00bb width=\u00bb1\/3&#8243; el_id=\u00bbblok3&#8243;][vc_column_text]<\/p>\n<h3>Sobre nosotros<\/h3>\n<p>[\/vc_column_text][vc_column_text css=\u00bb\u00bb el_class=\u00bbkolomhometekst\u00bb]Conozca m\u00e1s sobre nosotros y c\u00f3mo trabajamos&#8230;[\/vc_column_text]<a  itemprop=\"url\" href=\"https:\/\/hrmforce.com\/es\/hrmforce\/lo-que-hacemos\/\" target=\"_self\"  class=\"qbutton  medium left default\" style=\"color: #0e468c; \">M\u00e1s sobre nosotros<\/a>[\/vc_column_inner][\/vc_row_inner][vc_empty_space height=\u00bb100px\u00bb][\/vc_column][\/vc_row]<\/p>\n<\/div>","protected":false},"excerpt":{"rendered":"<p>[vc_row css_animation=\u00bb\u00bb row_type=\u00bbrow\u00bb use_row_as_full_screen_section=\u00bbno\u00bb type=\u00bbgrid\u00bb angled_section=\u00bbno\u00bb text_align=\u00bbleft\u00bb background_image_as_pattern=\u00bbwithout_pattern\u00bb css=\u00bb.vc_custom_1644355495465{background-color: #f3f1f0 !important;}\u00bb z_index=\u00bb\u00bb el_class=\u00bbrij1home\u00bb][vc_column width=\u00bb3\/5&#8243;][vc_column_text css=\u00bb.vc_custom_1644354936424{margin-bottom: 20px !important;}\u00bb] hrmforce [\/vc_column_text][qode_content_slider auto_rotate=\u00bb5&#8243; direction_nav=\u00bbno\u00bb control_nav=\u00bbyes\u00bb pause_on_hover=\u00bbyes\u00bb][qode_content_slider_item][vc_column_text] Saque el m\u00e1ximo partido a sus empleados con nuestro software de gesti\u00f3n del talento [\/vc_column_text][\/qode_content_slider_item][qode_content_slider_item][vc_column_text] Ponga a prueba a sus candidatos con&#8230;<\/p>\n","protected":false},"author":2,"featured_media":11486,"parent":0,"menu_order":0,"comment_status":"closed","ping_status":"closed","template":"full_width.php","meta":{"_acf_changed":false,"inline_featured_image":false,"footnotes":""},"class_list":["post-7505","page","type-page","status-publish","has-post-thumbnail","hentry"],"acf":[],"yoast_head":"<!-- This site is optimized with the Yoast SEO plugin v27.1.1 - https:\/\/yoast.com\/product\/yoast-seo-wordpress\/ -->\n<title>Home - hrmforce<\/title>\n<meta name=\"robots\" content=\"index, follow, max-snippet:-1, max-image-preview:large, max-video-preview:-1\" \/>\n<link rel=\"canonical\" href=\"https:\/\/hrmforce.com\/es\/\" \/>\n<meta property=\"og:locale\" content=\"es_ES\" \/>\n<meta property=\"og:type\" content=\"article\" \/>\n<meta property=\"og:title\" content=\"Home - hrmforce\" \/>\n<meta property=\"og:description\" content=\"[vc_row css_animation=\u00bb\u00bb row_type=\u00bbrow\u00bb use_row_as_full_screen_section=\u00bbno\u00bb type=\u00bbgrid\u00bb angled_section=\u00bbno\u00bb text_align=\u00bbleft\u00bb background_image_as_pattern=\u00bbwithout_pattern\u00bb css=\u00bb.vc_custom_1644355495465{background-color: #f3f1f0 !important;}\u00bb z_index=\u00bb\u00bb el_class=\u00bbrij1home\u00bb][vc_column width=\u00bb3\/5&#8243;][vc_column_text css=\u00bb.vc_custom_1644354936424{margin-bottom: 20px !important;}\u00bb] hrmforce [\/vc_column_text][qode_content_slider auto_rotate=\u00bb5&#8243; direction_nav=\u00bbno\u00bb control_nav=\u00bbyes\u00bb pause_on_hover=\u00bbyes\u00bb][qode_content_slider_item][vc_column_text] Saque el m\u00e1ximo partido a sus empleados con nuestro software de gesti\u00f3n del talento [\/vc_column_text][\/qode_content_slider_item][qode_content_slider_item][vc_column_text] Ponga a prueba a sus candidatos con...\" \/>\n<meta property=\"og:url\" content=\"https:\/\/hrmforce.com\/es\/\" \/>\n<meta property=\"og:site_name\" content=\"hrmforce\" \/>\n<meta property=\"article:publisher\" content=\"https:\/\/www.facebook.com\/hrmforceNL\/\" \/>\n<meta property=\"article:modified_time\" content=\"2025-10-16T09:14:48+00:00\" \/>\n<meta name=\"twitter:card\" content=\"summary_large_image\" \/>\n<meta name=\"twitter:label1\" content=\"Tiempo de lectura\" \/>\n\t<meta name=\"twitter:data1\" content=\"2 minutos\" \/>\n<script type=\"application\/ld+json\" class=\"yoast-schema-graph\">{\"@context\":\"https:\/\/schema.org\",\"@graph\":[{\"@type\":\"WebPage\",\"@id\":\"https:\/\/hrmforce.com\/es\/\",\"url\":\"https:\/\/hrmforce.com\/es\/\",\"name\":\"Home - hrmforce\",\"isPartOf\":{\"@id\":\"https:\/\/hrmforce.com\/es\/#website\"},\"primaryImageOfPage\":{\"@id\":\"https:\/\/hrmforce.com\/es\/#primaryimage\"},\"image\":{\"@id\":\"https:\/\/hrmforce.com\/es\/#primaryimage\"},\"thumbnailUrl\":\"https:\/\/hrmforce.com\/wp-content\/uploads\/2020\/07\/no-image.jpg\",\"datePublished\":\"2017-02-24T13:21:25+00:00\",\"dateModified\":\"2025-10-16T09:14:48+00:00\",\"breadcrumb\":{\"@id\":\"https:\/\/hrmforce.com\/es\/#breadcrumb\"},\"inLanguage\":\"es\",\"potentialAction\":[{\"@type\":\"ReadAction\",\"target\":[\"https:\/\/hrmforce.com\/es\/\"]}]},{\"@type\":\"ImageObject\",\"inLanguage\":\"es\",\"@id\":\"https:\/\/hrmforce.com\/es\/#primaryimage\",\"url\":\"https:\/\/hrmforce.com\/wp-content\/uploads\/2020\/07\/no-image.jpg\",\"contentUrl\":\"https:\/\/hrmforce.com\/wp-content\/uploads\/2020\/07\/no-image.jpg\",\"width\":1024,\"height\":683,\"caption\":\"Human resources management\"},{\"@type\":\"BreadcrumbList\",\"@id\":\"https:\/\/hrmforce.com\/es\/#breadcrumb\",\"itemListElement\":[{\"@type\":\"ListItem\",\"position\":1,\"name\":\"Home\",\"item\":\"https:\/\/hrmforce.com\/es\/\"},{\"@type\":\"ListItem\",\"position\":2,\"name\":\"Home\"}]},{\"@type\":\"WebSite\",\"@id\":\"https:\/\/hrmforce.com\/es\/#website\",\"url\":\"https:\/\/hrmforce.com\/es\/\",\"name\":\"hrmforce\",\"description\":\"people \u2022 performance \u2022 analytics\",\"publisher\":{\"@id\":\"https:\/\/hrmforce.com\/es\/#organization\"},\"potentialAction\":[{\"@type\":\"SearchAction\",\"target\":{\"@type\":\"EntryPoint\",\"urlTemplate\":\"https:\/\/hrmforce.com\/es\/?s={search_term_string}\"},\"query-input\":{\"@type\":\"PropertyValueSpecification\",\"valueRequired\":true,\"valueName\":\"search_term_string\"}}],\"inLanguage\":\"es\"},{\"@type\":\"Organization\",\"@id\":\"https:\/\/hrmforce.com\/es\/#organization\",\"name\":\"hrmforce\",\"url\":\"https:\/\/hrmforce.com\/es\/\",\"logo\":{\"@type\":\"ImageObject\",\"inLanguage\":\"es\",\"@id\":\"https:\/\/hrmforce.com\/es\/#\/schema\/logo\/image\/\",\"url\":\"https:\/\/hrmforce.com\/wp-content\/uploads\/2018\/08\/logo-hrmforce.png\",\"contentUrl\":\"https:\/\/hrmforce.com\/wp-content\/uploads\/2018\/08\/logo-hrmforce.png\",\"width\":833,\"height\":189,\"caption\":\"hrmforce\"},\"image\":{\"@id\":\"https:\/\/hrmforce.com\/es\/#\/schema\/logo\/image\/\"},\"sameAs\":[\"https:\/\/www.facebook.com\/hrmforceNL\/\",\"https:\/\/www.linkedin.com\/company\/hrmforce\/\"]}]}<\/script>\n<!-- \/ Yoast SEO plugin. -->","yoast_head_json":{"title":"Home - hrmforce","robots":{"index":"index","follow":"follow","max-snippet":"max-snippet:-1","max-image-preview":"max-image-preview:large","max-video-preview":"max-video-preview:-1"},"canonical":"https:\/\/hrmforce.com\/es\/","og_locale":"es_ES","og_type":"article","og_title":"Home - hrmforce","og_description":"[vc_row css_animation=\u00bb\u00bb row_type=\u00bbrow\u00bb use_row_as_full_screen_section=\u00bbno\u00bb type=\u00bbgrid\u00bb angled_section=\u00bbno\u00bb text_align=\u00bbleft\u00bb background_image_as_pattern=\u00bbwithout_pattern\u00bb css=\u00bb.vc_custom_1644355495465{background-color: #f3f1f0 !important;}\u00bb z_index=\u00bb\u00bb el_class=\u00bbrij1home\u00bb][vc_column width=\u00bb3\/5&#8243;][vc_column_text css=\u00bb.vc_custom_1644354936424{margin-bottom: 20px !important;}\u00bb] hrmforce [\/vc_column_text][qode_content_slider auto_rotate=\u00bb5&#8243; direction_nav=\u00bbno\u00bb control_nav=\u00bbyes\u00bb pause_on_hover=\u00bbyes\u00bb][qode_content_slider_item][vc_column_text] Saque el m\u00e1ximo partido a sus empleados con nuestro software de gesti\u00f3n del talento [\/vc_column_text][\/qode_content_slider_item][qode_content_slider_item][vc_column_text] Ponga a prueba a sus candidatos con...","og_url":"https:\/\/hrmforce.com\/es\/","og_site_name":"hrmforce","article_publisher":"https:\/\/www.facebook.com\/hrmforceNL\/","article_modified_time":"2025-10-16T09:14:48+00:00","twitter_card":"summary_large_image","twitter_misc":{"Tiempo de lectura":"2 minutos"},"schema":{"@context":"https:\/\/schema.org","@graph":[{"@type":"WebPage","@id":"https:\/\/hrmforce.com\/es\/","url":"https:\/\/hrmforce.com\/es\/","name":"Home - hrmforce","isPartOf":{"@id":"https:\/\/hrmforce.com\/es\/#website"},"primaryImageOfPage":{"@id":"https:\/\/hrmforce.com\/es\/#primaryimage"},"image":{"@id":"https:\/\/hrmforce.com\/es\/#primaryimage"},"thumbnailUrl":"https:\/\/hrmforce.com\/wp-content\/uploads\/2020\/07\/no-image.jpg","datePublished":"2017-02-24T13:21:25+00:00","dateModified":"2025-10-16T09:14:48+00:00","breadcrumb":{"@id":"https:\/\/hrmforce.com\/es\/#breadcrumb"},"inLanguage":"es","potentialAction":[{"@type":"ReadAction","target":["https:\/\/hrmforce.com\/es\/"]}]},{"@type":"ImageObject","inLanguage":"es","@id":"https:\/\/hrmforce.com\/es\/#primaryimage","url":"https:\/\/hrmforce.com\/wp-content\/uploads\/2020\/07\/no-image.jpg","contentUrl":"https:\/\/hrmforce.com\/wp-content\/uploads\/2020\/07\/no-image.jpg","width":1024,"height":683,"caption":"Human resources management"},{"@type":"BreadcrumbList","@id":"https:\/\/hrmforce.com\/es\/#breadcrumb","itemListElement":[{"@type":"ListItem","position":1,"name":"Home","item":"https:\/\/hrmforce.com\/es\/"},{"@type":"ListItem","position":2,"name":"Home"}]},{"@type":"WebSite","@id":"https:\/\/hrmforce.com\/es\/#website","url":"https:\/\/hrmforce.com\/es\/","name":"hrmforce","description":"people \u2022 performance \u2022 analytics","publisher":{"@id":"https:\/\/hrmforce.com\/es\/#organization"},"potentialAction":[{"@type":"SearchAction","target":{"@type":"EntryPoint","urlTemplate":"https:\/\/hrmforce.com\/es\/?s={search_term_string}"},"query-input":{"@type":"PropertyValueSpecification","valueRequired":true,"valueName":"search_term_string"}}],"inLanguage":"es"},{"@type":"Organization","@id":"https:\/\/hrmforce.com\/es\/#organization","name":"hrmforce","url":"https:\/\/hrmforce.com\/es\/","logo":{"@type":"ImageObject","inLanguage":"es","@id":"https:\/\/hrmforce.com\/es\/#\/schema\/logo\/image\/","url":"https:\/\/hrmforce.com\/wp-content\/uploads\/2018\/08\/logo-hrmforce.png","contentUrl":"https:\/\/hrmforce.com\/wp-content\/uploads\/2018\/08\/logo-hrmforce.png","width":833,"height":189,"caption":"hrmforce"},"image":{"@id":"https:\/\/hrmforce.com\/es\/#\/schema\/logo\/image\/"},"sameAs":["https:\/\/www.facebook.com\/hrmforceNL\/","https:\/\/www.linkedin.com\/company\/hrmforce\/"]}]}},"_links":{"self":[{"href":"https:\/\/hrmforce.com\/es\/wp-json\/wp\/v2\/pages\/7505","targetHints":{"allow":["GET"]}}],"collection":[{"href":"https:\/\/hrmforce.com\/es\/wp-json\/wp\/v2\/pages"}],"about":[{"href":"https:\/\/hrmforce.com\/es\/wp-json\/wp\/v2\/types\/page"}],"author":[{"embeddable":true,"href":"https:\/\/hrmforce.com\/es\/wp-json\/wp\/v2\/users\/2"}],"replies":[{"embeddable":true,"href":"https:\/\/hrmforce.com\/es\/wp-json\/wp\/v2\/comments?post=7505"}],"version-history":[{"count":2,"href":"https:\/\/hrmforce.com\/es\/wp-json\/wp\/v2\/pages\/7505\/revisions"}],"predecessor-version":[{"id":23755,"href":"https:\/\/hrmforce.com\/es\/wp-json\/wp\/v2\/pages\/7505\/revisions\/23755"}],"wp:featuredmedia":[{"embeddable":true,"href":"https:\/\/hrmforce.com\/es\/wp-json\/wp\/v2\/media\/11486"}],"wp:attachment":[{"href":"https:\/\/hrmforce.com\/es\/wp-json\/wp\/v2\/media?parent=7505"}],"curies":[{"name":"wp","href":"https:\/\/api.w.org\/{rel}","templated":true}]}}