{"id":18893,"date":"2023-02-13T08:33:47","date_gmt":"2023-02-13T07:33:47","guid":{"rendered":"https:\/\/hrmforce.com\/product\/motivation\/"},"modified":"2021-03-09T14:21:47","modified_gmt":"2021-03-09T13:21:47","slug":"motivation","status":"publish","type":"product","link":"https:\/\/hrmforce.com\/es\/shop\/hrmforce-es\/motivation\/","title":{"rendered":"Motivation"},"content":{"rendered":"<p>La motivaci\u00f3n es uno de los componentes esenciales del \u00e9xito en el trabajo. El cuestionario est\u00e1 dise\u00f1ado para ayudar a los empleados a entender lo que aumenta y disminuye su motivaci\u00f3n. Por tanto, el cuestionario de motivaci\u00f3n analiza qu\u00e9 factores motivan y cu\u00e1les no. El tiempo para realizarlo es de unos 15 minutos. NB: TODOS LOS PRECIOS INCLUYEN EL CUESTIONARIO O LOS CUESTIONARIOS SUBYACENTES E INCLUYEN LOS GASTOS DE MANIPULACI\u00d3N, SERVICIO Y ADMINISTRACI\u00d3N. PARA CANTIDADES MAYORES O SU PROPIO PORTAL DE PRUEBAS, P\u00d3NGASE EN CONTACTO CON NOSOTROS EN EL N\u00daMERO +31 88 88 321 88 O EN SERVICE@HRMFORCE.COM.<\/p>\n","protected":false},"excerpt":{"rendered":"<p>La motivaci\u00f3n es uno de los componentes esenciales del \u00e9xito en el trabajo. El cuestionario est\u00e1 dise\u00f1ado para ayudar a los empleados a entender lo que aumenta y disminuye su motivaci\u00f3n. Por tanto, el cuestionario de motivaci\u00f3n analiza qu\u00e9 factores motivan y cu\u00e1les no. El&#8230;<\/p>\n","protected":false},"featured_media":8826,"template":"","meta":{"_acf_changed":false,"inline_featured_image":false},"product_brand":[],"product_cat":[945,932,947,934],"product_tag":[],"class_list":{"0":"post-18893","1":"product","2":"type-product","3":"status-publish","4":"has-post-thumbnail","6":"product_cat-desarrollo","7":"product_cat-hrmforce-es","8":"product_cat-motivacion","9":"product_cat-seleccion","11":"first","12":"instock","13":"taxable","14":"shipping-taxable","15":"purchasable","16":"product-type-simple"},"acf":[],"yoast_head":"<!-- This site is optimized with the Yoast SEO plugin v27.1.1 - https:\/\/yoast.com\/product\/yoast-seo-wordpress\/ -->\n<title>Motivation - hrmforce<\/title>\n<meta name=\"robots\" content=\"index, follow, max-snippet:-1, max-image-preview:large, max-video-preview:-1\" \/>\n<link rel=\"canonical\" href=\"https:\/\/hrmforce.com\/es\/shop\/hrmforce-es\/motivation\/\" \/>\n<meta property=\"og:locale\" content=\"es_ES\" \/>\n<meta property=\"og:type\" content=\"article\" \/>\n<meta property=\"og:title\" content=\"Motivation - hrmforce\" \/>\n<meta property=\"og:description\" content=\"La motivaci\u00f3n es uno de los componentes esenciales del \u00e9xito en el trabajo. El cuestionario est\u00e1 dise\u00f1ado para ayudar a los empleados a entender lo que aumenta y disminuye su motivaci\u00f3n. Por tanto, el cuestionario de motivaci\u00f3n analiza qu\u00e9 factores motivan y cu\u00e1les no. El...\" \/>\n<meta property=\"og:url\" content=\"https:\/\/hrmforce.com\/es\/shop\/hrmforce-es\/motivation\/\" \/>\n<meta property=\"og:site_name\" content=\"hrmforce\" \/>\n<meta property=\"article:publisher\" content=\"https:\/\/www.facebook.com\/hrmforceNL\/\" \/>\n<meta property=\"og:image\" content=\"https:\/\/hrmforce.com\/wp-content\/uploads\/2017\/02\/Motivation-icom.png\" \/>\n\t<meta property=\"og:image:width\" content=\"220\" \/>\n\t<meta property=\"og:image:height\" content=\"220\" \/>\n\t<meta property=\"og:image:type\" content=\"image\/png\" \/>\n<meta name=\"twitter:card\" content=\"summary_large_image\" \/>\n<meta name=\"twitter:label1\" content=\"Tiempo de lectura\" \/>\n\t<meta name=\"twitter:data1\" content=\"1 minuto\" \/>\n<script type=\"application\/ld+json\" class=\"yoast-schema-graph\">{\"@context\":\"https:\/\/schema.org\",\"@graph\":[{\"@type\":\"WebPage\",\"@id\":\"https:\/\/hrmforce.com\/es\/shop\/hrmforce-es\/motivation\/\",\"url\":\"https:\/\/hrmforce.com\/es\/shop\/hrmforce-es\/motivation\/\",\"name\":\"Motivation - hrmforce\",\"isPartOf\":{\"@id\":\"https:\/\/hrmforce.com\/es\/#website\"},\"primaryImageOfPage\":{\"@id\":\"https:\/\/hrmforce.com\/es\/shop\/hrmforce-es\/motivation\/#primaryimage\"},\"image\":{\"@id\":\"https:\/\/hrmforce.com\/es\/shop\/hrmforce-es\/motivation\/#primaryimage\"},\"thumbnailUrl\":\"https:\/\/hrmforce.com\/wp-content\/uploads\/2017\/02\/Motivation-icom.png\",\"datePublished\":\"2023-02-13T07:33:47+00:00\",\"breadcrumb\":{\"@id\":\"https:\/\/hrmforce.com\/es\/shop\/hrmforce-es\/motivation\/#breadcrumb\"},\"inLanguage\":\"es\",\"potentialAction\":[{\"@type\":\"ReadAction\",\"target\":[\"https:\/\/hrmforce.com\/es\/shop\/hrmforce-es\/motivation\/\"]}]},{\"@type\":\"ImageObject\",\"inLanguage\":\"es\",\"@id\":\"https:\/\/hrmforce.com\/es\/shop\/hrmforce-es\/motivation\/#primaryimage\",\"url\":\"https:\/\/hrmforce.com\/wp-content\/uploads\/2017\/02\/Motivation-icom.png\",\"contentUrl\":\"https:\/\/hrmforce.com\/wp-content\/uploads\/2017\/02\/Motivation-icom.png\",\"width\":220,\"height\":220},{\"@type\":\"BreadcrumbList\",\"@id\":\"https:\/\/hrmforce.com\/es\/shop\/hrmforce-es\/motivation\/#breadcrumb\",\"itemListElement\":[{\"@type\":\"ListItem\",\"position\":1,\"name\":\"Home\",\"item\":\"https:\/\/hrmforce.com\/es\/\"},{\"@type\":\"ListItem\",\"position\":2,\"name\":\"Shop\",\"item\":\"https:\/\/hrmforce.com\/es\/shop\/\"},{\"@type\":\"ListItem\",\"position\":3,\"name\":\"Motivation\"}]},{\"@type\":\"WebSite\",\"@id\":\"https:\/\/hrmforce.com\/es\/#website\",\"url\":\"https:\/\/hrmforce.com\/es\/\",\"name\":\"hrmforce\",\"description\":\"people \u2022 performance \u2022 analytics\",\"publisher\":{\"@id\":\"https:\/\/hrmforce.com\/es\/#organization\"},\"potentialAction\":[{\"@type\":\"SearchAction\",\"target\":{\"@type\":\"EntryPoint\",\"urlTemplate\":\"https:\/\/hrmforce.com\/es\/?s={search_term_string}\"},\"query-input\":{\"@type\":\"PropertyValueSpecification\",\"valueRequired\":true,\"valueName\":\"search_term_string\"}}],\"inLanguage\":\"es\"},{\"@type\":\"Organization\",\"@id\":\"https:\/\/hrmforce.com\/es\/#organization\",\"name\":\"hrmforce\",\"url\":\"https:\/\/hrmforce.com\/es\/\",\"logo\":{\"@type\":\"ImageObject\",\"inLanguage\":\"es\",\"@id\":\"https:\/\/hrmforce.com\/es\/#\/schema\/logo\/image\/\",\"url\":\"https:\/\/hrmforce.com\/wp-content\/uploads\/2018\/08\/logo-hrmforce.png\",\"contentUrl\":\"https:\/\/hrmforce.com\/wp-content\/uploads\/2018\/08\/logo-hrmforce.png\",\"width\":833,\"height\":189,\"caption\":\"hrmforce\"},\"image\":{\"@id\":\"https:\/\/hrmforce.com\/es\/#\/schema\/logo\/image\/\"},\"sameAs\":[\"https:\/\/www.facebook.com\/hrmforceNL\/\",\"https:\/\/www.linkedin.com\/company\/hrmforce\/\"]}]}<\/script>\n<!-- \/ Yoast SEO plugin. -->","yoast_head_json":{"title":"Motivation - hrmforce","robots":{"index":"index","follow":"follow","max-snippet":"max-snippet:-1","max-image-preview":"max-image-preview:large","max-video-preview":"max-video-preview:-1"},"canonical":"https:\/\/hrmforce.com\/es\/shop\/hrmforce-es\/motivation\/","og_locale":"es_ES","og_type":"article","og_title":"Motivation - hrmforce","og_description":"La motivaci\u00f3n es uno de los componentes esenciales del \u00e9xito en el trabajo. El cuestionario est\u00e1 dise\u00f1ado para ayudar a los empleados a entender lo que aumenta y disminuye su motivaci\u00f3n. Por tanto, el cuestionario de motivaci\u00f3n analiza qu\u00e9 factores motivan y cu\u00e1les no. El...","og_url":"https:\/\/hrmforce.com\/es\/shop\/hrmforce-es\/motivation\/","og_site_name":"hrmforce","article_publisher":"https:\/\/www.facebook.com\/hrmforceNL\/","og_image":[{"width":220,"height":220,"url":"https:\/\/hrmforce.com\/wp-content\/uploads\/2017\/02\/Motivation-icom.png","type":"image\/png"}],"twitter_card":"summary_large_image","twitter_misc":{"Tiempo de lectura":"1 minuto"},"schema":{"@context":"https:\/\/schema.org","@graph":[{"@type":"WebPage","@id":"https:\/\/hrmforce.com\/es\/shop\/hrmforce-es\/motivation\/","url":"https:\/\/hrmforce.com\/es\/shop\/hrmforce-es\/motivation\/","name":"Motivation - hrmforce","isPartOf":{"@id":"https:\/\/hrmforce.com\/es\/#website"},"primaryImageOfPage":{"@id":"https:\/\/hrmforce.com\/es\/shop\/hrmforce-es\/motivation\/#primaryimage"},"image":{"@id":"https:\/\/hrmforce.com\/es\/shop\/hrmforce-es\/motivation\/#primaryimage"},"thumbnailUrl":"https:\/\/hrmforce.com\/wp-content\/uploads\/2017\/02\/Motivation-icom.png","datePublished":"2023-02-13T07:33:47+00:00","breadcrumb":{"@id":"https:\/\/hrmforce.com\/es\/shop\/hrmforce-es\/motivation\/#breadcrumb"},"inLanguage":"es","potentialAction":[{"@type":"ReadAction","target":["https:\/\/hrmforce.com\/es\/shop\/hrmforce-es\/motivation\/"]}]},{"@type":"ImageObject","inLanguage":"es","@id":"https:\/\/hrmforce.com\/es\/shop\/hrmforce-es\/motivation\/#primaryimage","url":"https:\/\/hrmforce.com\/wp-content\/uploads\/2017\/02\/Motivation-icom.png","contentUrl":"https:\/\/hrmforce.com\/wp-content\/uploads\/2017\/02\/Motivation-icom.png","width":220,"height":220},{"@type":"BreadcrumbList","@id":"https:\/\/hrmforce.com\/es\/shop\/hrmforce-es\/motivation\/#breadcrumb","itemListElement":[{"@type":"ListItem","position":1,"name":"Home","item":"https:\/\/hrmforce.com\/es\/"},{"@type":"ListItem","position":2,"name":"Shop","item":"https:\/\/hrmforce.com\/es\/shop\/"},{"@type":"ListItem","position":3,"name":"Motivation"}]},{"@type":"WebSite","@id":"https:\/\/hrmforce.com\/es\/#website","url":"https:\/\/hrmforce.com\/es\/","name":"hrmforce","description":"people \u2022 performance \u2022 analytics","publisher":{"@id":"https:\/\/hrmforce.com\/es\/#organization"},"potentialAction":[{"@type":"SearchAction","target":{"@type":"EntryPoint","urlTemplate":"https:\/\/hrmforce.com\/es\/?s={search_term_string}"},"query-input":{"@type":"PropertyValueSpecification","valueRequired":true,"valueName":"search_term_string"}}],"inLanguage":"es"},{"@type":"Organization","@id":"https:\/\/hrmforce.com\/es\/#organization","name":"hrmforce","url":"https:\/\/hrmforce.com\/es\/","logo":{"@type":"ImageObject","inLanguage":"es","@id":"https:\/\/hrmforce.com\/es\/#\/schema\/logo\/image\/","url":"https:\/\/hrmforce.com\/wp-content\/uploads\/2018\/08\/logo-hrmforce.png","contentUrl":"https:\/\/hrmforce.com\/wp-content\/uploads\/2018\/08\/logo-hrmforce.png","width":833,"height":189,"caption":"hrmforce"},"image":{"@id":"https:\/\/hrmforce.com\/es\/#\/schema\/logo\/image\/"},"sameAs":["https:\/\/www.facebook.com\/hrmforceNL\/","https:\/\/www.linkedin.com\/company\/hrmforce\/"]}]}},"_links":{"self":[{"href":"https:\/\/hrmforce.com\/es\/wp-json\/wp\/v2\/product\/18893","targetHints":{"allow":["GET"]}}],"collection":[{"href":"https:\/\/hrmforce.com\/es\/wp-json\/wp\/v2\/product"}],"about":[{"href":"https:\/\/hrmforce.com\/es\/wp-json\/wp\/v2\/types\/product"}],"wp:featuredmedia":[{"embeddable":true,"href":"https:\/\/hrmforce.com\/es\/wp-json\/wp\/v2\/media\/8826"}],"wp:attachment":[{"href":"https:\/\/hrmforce.com\/es\/wp-json\/wp\/v2\/media?parent=18893"}],"wp:term":[{"taxonomy":"product_brand","embeddable":true,"href":"https:\/\/hrmforce.com\/es\/wp-json\/wp\/v2\/product_brand?post=18893"},{"taxonomy":"product_cat","embeddable":true,"href":"https:\/\/hrmforce.com\/es\/wp-json\/wp\/v2\/product_cat?post=18893"},{"taxonomy":"product_tag","embeddable":true,"href":"https:\/\/hrmforce.com\/es\/wp-json\/wp\/v2\/product_tag?post=18893"}],"curies":[{"name":"wp","href":"https:\/\/api.w.org\/{rel}","templated":true}]}}