{"id":18906,"date":"2021-02-26T14:21:18","date_gmt":"2021-02-26T13:21:18","guid":{"rendered":"https:\/\/hrmforce.com\/product\/verify-checking\/"},"modified":"2021-02-26T14:21:18","modified_gmt":"2021-02-26T13:21:18","slug":"verify-checking","status":"publish","type":"product","link":"https:\/\/hrmforce.com\/es\/shop\/seleccion\/verify-checking\/","title":{"rendered":"Verify Checking"},"content":{"rendered":"<p>SHL cuenta con una amplia gama de metodolog\u00edas de habilidad, como el Test de Comprobaci\u00f3n. Mide la capacidad de una persona para procesar informaci\u00f3n de forma r\u00e1pida y precisa, bas\u00e1ndose en n\u00fameros, letras y patrones. El Test de Comprobaci\u00f3n es, por tanto, ideal para la selecci\u00f3n en los \u00e1mbitos de la administraci\u00f3n, el procesamiento de datos y compras. La prueba de c\u00e1lculo analiza la capacidad de realizar r\u00e1pida y correctamente c\u00e1lculos num\u00e9ricos que son \u00fatiles para puestos de trabajo en el comercio minorista, la banca o la administraci\u00f3n de n\u00f3minas. NB: TODOS LOS PRECIOS INCLUYEN EL CUESTIONARIO O LOS CUESTIONARIOS SUBYACENTES E INCLUYEN LOS GASTOS DE MANIPULACI\u00d3N, SERVICIO Y ADMINISTRACI\u00d3N. PARA CANTIDADES MAYORES O SU PROPIO PORTAL DE PRUEBAS, P\u00d3NGASE EN CONTACTO CON NOSOTROS EN EL N\u00daMERO +31 88 88 321 88 O EN SERVICE@HRMFORCE.COM.<\/p>\n","protected":false},"excerpt":{"rendered":"<p>SHL cuenta con una amplia gama de metodolog\u00edas de habilidad, como el Test de Comprobaci\u00f3n. Mide la capacidad de una persona para procesar informaci\u00f3n de forma r\u00e1pida y precisa, bas\u00e1ndose en n\u00fameros, letras y patrones. El Test de Comprobaci\u00f3n es, por tanto, ideal para la selecci\u00f3n en los \u00e1mbitos de la administraci\u00f3n, el procesamiento de datos y compras. La prueba de c\u00e1lculo analiza la capacidad de realizar r\u00e1pida y correctamente c\u00e1lculos num\u00e9ricos, que son \u00fatiles para puestos en el comercio minorista, la banca o la administraci\u00f3n de n\u00f3minas.<\/p>\n","protected":false},"featured_media":12595,"template":"","meta":{"_acf_changed":false,"inline_featured_image":false},"product_brand":[],"product_cat":[946,934,952],"product_tag":[],"class_list":{"0":"post-18906","1":"product","2":"type-product","3":"status-publish","4":"has-post-thumbnail","6":"product_cat-inteligencia","7":"product_cat-seleccion","8":"product_cat-shl-es","10":"first","11":"instock","12":"taxable","13":"shipping-taxable","14":"purchasable","15":"product-type-simple"},"acf":[],"yoast_head":"<!-- This site is optimized with the Yoast SEO plugin v27.1.1 - https:\/\/yoast.com\/product\/yoast-seo-wordpress\/ -->\n<title>Verify Checking - hrmforce<\/title>\n<meta name=\"robots\" content=\"index, follow, max-snippet:-1, max-image-preview:large, max-video-preview:-1\" \/>\n<link rel=\"canonical\" href=\"https:\/\/hrmforce.com\/es\/shop\/seleccion\/verify-checking\/\" \/>\n<meta property=\"og:locale\" content=\"es_ES\" \/>\n<meta property=\"og:type\" content=\"article\" \/>\n<meta property=\"og:title\" content=\"Verify Checking - hrmforce\" \/>\n<meta property=\"og:description\" content=\"SHL cuenta con una amplia gama de metodolog\u00edas de habilidad, como el Test de Comprobaci\u00f3n. Mide la capacidad de una persona para procesar informaci\u00f3n de forma r\u00e1pida y precisa, bas\u00e1ndose en n\u00fameros, letras y patrones. El Test de Comprobaci\u00f3n es, por tanto, ideal para la selecci\u00f3n en los \u00e1mbitos de la administraci\u00f3n, el procesamiento de datos y compras. La prueba de c\u00e1lculo analiza la capacidad de realizar r\u00e1pida y correctamente c\u00e1lculos num\u00e9ricos, que son \u00fatiles para puestos en el comercio minorista, la banca o la administraci\u00f3n de n\u00f3minas.\" \/>\n<meta property=\"og:url\" content=\"https:\/\/hrmforce.com\/es\/shop\/seleccion\/verify-checking\/\" \/>\n<meta property=\"og:site_name\" content=\"hrmforce\" \/>\n<meta property=\"article:publisher\" content=\"https:\/\/www.facebook.com\/hrmforceNL\/\" \/>\n<meta property=\"og:image\" content=\"https:\/\/hrmforce.com\/wp-content\/uploads\/2021\/02\/Generaltesticon.jpg\" \/>\n\t<meta property=\"og:image:width\" content=\"322\" \/>\n\t<meta property=\"og:image:height\" content=\"321\" \/>\n\t<meta property=\"og:image:type\" content=\"image\/jpeg\" \/>\n<meta name=\"twitter:card\" content=\"summary_large_image\" \/>\n<meta name=\"twitter:label1\" content=\"Tiempo de lectura\" \/>\n\t<meta name=\"twitter:data1\" content=\"1 minuto\" \/>\n<script type=\"application\/ld+json\" class=\"yoast-schema-graph\">{\"@context\":\"https:\/\/schema.org\",\"@graph\":[{\"@type\":\"WebPage\",\"@id\":\"https:\/\/hrmforce.com\/es\/shop\/seleccion\/verify-checking\/\",\"url\":\"https:\/\/hrmforce.com\/es\/shop\/seleccion\/verify-checking\/\",\"name\":\"Verify Checking - hrmforce\",\"isPartOf\":{\"@id\":\"https:\/\/hrmforce.com\/es\/#website\"},\"primaryImageOfPage\":{\"@id\":\"https:\/\/hrmforce.com\/es\/shop\/seleccion\/verify-checking\/#primaryimage\"},\"image\":{\"@id\":\"https:\/\/hrmforce.com\/es\/shop\/seleccion\/verify-checking\/#primaryimage\"},\"thumbnailUrl\":\"https:\/\/hrmforce.com\/wp-content\/uploads\/2021\/02\/Generaltesticon.jpg\",\"datePublished\":\"2021-02-26T13:21:18+00:00\",\"breadcrumb\":{\"@id\":\"https:\/\/hrmforce.com\/es\/shop\/seleccion\/verify-checking\/#breadcrumb\"},\"inLanguage\":\"es\",\"potentialAction\":[{\"@type\":\"ReadAction\",\"target\":[\"https:\/\/hrmforce.com\/es\/shop\/seleccion\/verify-checking\/\"]}]},{\"@type\":\"ImageObject\",\"inLanguage\":\"es\",\"@id\":\"https:\/\/hrmforce.com\/es\/shop\/seleccion\/verify-checking\/#primaryimage\",\"url\":\"https:\/\/hrmforce.com\/wp-content\/uploads\/2021\/02\/Generaltesticon.jpg\",\"contentUrl\":\"https:\/\/hrmforce.com\/wp-content\/uploads\/2021\/02\/Generaltesticon.jpg\",\"width\":322,\"height\":321},{\"@type\":\"BreadcrumbList\",\"@id\":\"https:\/\/hrmforce.com\/es\/shop\/seleccion\/verify-checking\/#breadcrumb\",\"itemListElement\":[{\"@type\":\"ListItem\",\"position\":1,\"name\":\"Home\",\"item\":\"https:\/\/hrmforce.com\/es\/\"},{\"@type\":\"ListItem\",\"position\":2,\"name\":\"Shop\",\"item\":\"https:\/\/hrmforce.com\/es\/shop\/\"},{\"@type\":\"ListItem\",\"position\":3,\"name\":\"Verify Checking\"}]},{\"@type\":\"WebSite\",\"@id\":\"https:\/\/hrmforce.com\/es\/#website\",\"url\":\"https:\/\/hrmforce.com\/es\/\",\"name\":\"hrmforce\",\"description\":\"people \u2022 performance \u2022 analytics\",\"publisher\":{\"@id\":\"https:\/\/hrmforce.com\/es\/#organization\"},\"potentialAction\":[{\"@type\":\"SearchAction\",\"target\":{\"@type\":\"EntryPoint\",\"urlTemplate\":\"https:\/\/hrmforce.com\/es\/?s={search_term_string}\"},\"query-input\":{\"@type\":\"PropertyValueSpecification\",\"valueRequired\":true,\"valueName\":\"search_term_string\"}}],\"inLanguage\":\"es\"},{\"@type\":\"Organization\",\"@id\":\"https:\/\/hrmforce.com\/es\/#organization\",\"name\":\"hrmforce\",\"url\":\"https:\/\/hrmforce.com\/es\/\",\"logo\":{\"@type\":\"ImageObject\",\"inLanguage\":\"es\",\"@id\":\"https:\/\/hrmforce.com\/es\/#\/schema\/logo\/image\/\",\"url\":\"https:\/\/hrmforce.com\/wp-content\/uploads\/2018\/08\/logo-hrmforce.png\",\"contentUrl\":\"https:\/\/hrmforce.com\/wp-content\/uploads\/2018\/08\/logo-hrmforce.png\",\"width\":833,\"height\":189,\"caption\":\"hrmforce\"},\"image\":{\"@id\":\"https:\/\/hrmforce.com\/es\/#\/schema\/logo\/image\/\"},\"sameAs\":[\"https:\/\/www.facebook.com\/hrmforceNL\/\",\"https:\/\/www.linkedin.com\/company\/hrmforce\/\"]}]}<\/script>\n<!-- \/ Yoast SEO plugin. -->","yoast_head_json":{"title":"Verify Checking - hrmforce","robots":{"index":"index","follow":"follow","max-snippet":"max-snippet:-1","max-image-preview":"max-image-preview:large","max-video-preview":"max-video-preview:-1"},"canonical":"https:\/\/hrmforce.com\/es\/shop\/seleccion\/verify-checking\/","og_locale":"es_ES","og_type":"article","og_title":"Verify Checking - hrmforce","og_description":"SHL cuenta con una amplia gama de metodolog\u00edas de habilidad, como el Test de Comprobaci\u00f3n. Mide la capacidad de una persona para procesar informaci\u00f3n de forma r\u00e1pida y precisa, bas\u00e1ndose en n\u00fameros, letras y patrones. El Test de Comprobaci\u00f3n es, por tanto, ideal para la selecci\u00f3n en los \u00e1mbitos de la administraci\u00f3n, el procesamiento de datos y compras. La prueba de c\u00e1lculo analiza la capacidad de realizar r\u00e1pida y correctamente c\u00e1lculos num\u00e9ricos, que son \u00fatiles para puestos en el comercio minorista, la banca o la administraci\u00f3n de n\u00f3minas.","og_url":"https:\/\/hrmforce.com\/es\/shop\/seleccion\/verify-checking\/","og_site_name":"hrmforce","article_publisher":"https:\/\/www.facebook.com\/hrmforceNL\/","og_image":[{"width":322,"height":321,"url":"https:\/\/hrmforce.com\/wp-content\/uploads\/2021\/02\/Generaltesticon.jpg","type":"image\/jpeg"}],"twitter_card":"summary_large_image","twitter_misc":{"Tiempo de lectura":"1 minuto"},"schema":{"@context":"https:\/\/schema.org","@graph":[{"@type":"WebPage","@id":"https:\/\/hrmforce.com\/es\/shop\/seleccion\/verify-checking\/","url":"https:\/\/hrmforce.com\/es\/shop\/seleccion\/verify-checking\/","name":"Verify Checking - hrmforce","isPartOf":{"@id":"https:\/\/hrmforce.com\/es\/#website"},"primaryImageOfPage":{"@id":"https:\/\/hrmforce.com\/es\/shop\/seleccion\/verify-checking\/#primaryimage"},"image":{"@id":"https:\/\/hrmforce.com\/es\/shop\/seleccion\/verify-checking\/#primaryimage"},"thumbnailUrl":"https:\/\/hrmforce.com\/wp-content\/uploads\/2021\/02\/Generaltesticon.jpg","datePublished":"2021-02-26T13:21:18+00:00","breadcrumb":{"@id":"https:\/\/hrmforce.com\/es\/shop\/seleccion\/verify-checking\/#breadcrumb"},"inLanguage":"es","potentialAction":[{"@type":"ReadAction","target":["https:\/\/hrmforce.com\/es\/shop\/seleccion\/verify-checking\/"]}]},{"@type":"ImageObject","inLanguage":"es","@id":"https:\/\/hrmforce.com\/es\/shop\/seleccion\/verify-checking\/#primaryimage","url":"https:\/\/hrmforce.com\/wp-content\/uploads\/2021\/02\/Generaltesticon.jpg","contentUrl":"https:\/\/hrmforce.com\/wp-content\/uploads\/2021\/02\/Generaltesticon.jpg","width":322,"height":321},{"@type":"BreadcrumbList","@id":"https:\/\/hrmforce.com\/es\/shop\/seleccion\/verify-checking\/#breadcrumb","itemListElement":[{"@type":"ListItem","position":1,"name":"Home","item":"https:\/\/hrmforce.com\/es\/"},{"@type":"ListItem","position":2,"name":"Shop","item":"https:\/\/hrmforce.com\/es\/shop\/"},{"@type":"ListItem","position":3,"name":"Verify Checking"}]},{"@type":"WebSite","@id":"https:\/\/hrmforce.com\/es\/#website","url":"https:\/\/hrmforce.com\/es\/","name":"hrmforce","description":"people \u2022 performance \u2022 analytics","publisher":{"@id":"https:\/\/hrmforce.com\/es\/#organization"},"potentialAction":[{"@type":"SearchAction","target":{"@type":"EntryPoint","urlTemplate":"https:\/\/hrmforce.com\/es\/?s={search_term_string}"},"query-input":{"@type":"PropertyValueSpecification","valueRequired":true,"valueName":"search_term_string"}}],"inLanguage":"es"},{"@type":"Organization","@id":"https:\/\/hrmforce.com\/es\/#organization","name":"hrmforce","url":"https:\/\/hrmforce.com\/es\/","logo":{"@type":"ImageObject","inLanguage":"es","@id":"https:\/\/hrmforce.com\/es\/#\/schema\/logo\/image\/","url":"https:\/\/hrmforce.com\/wp-content\/uploads\/2018\/08\/logo-hrmforce.png","contentUrl":"https:\/\/hrmforce.com\/wp-content\/uploads\/2018\/08\/logo-hrmforce.png","width":833,"height":189,"caption":"hrmforce"},"image":{"@id":"https:\/\/hrmforce.com\/es\/#\/schema\/logo\/image\/"},"sameAs":["https:\/\/www.facebook.com\/hrmforceNL\/","https:\/\/www.linkedin.com\/company\/hrmforce\/"]}]}},"_links":{"self":[{"href":"https:\/\/hrmforce.com\/es\/wp-json\/wp\/v2\/product\/18906","targetHints":{"allow":["GET"]}}],"collection":[{"href":"https:\/\/hrmforce.com\/es\/wp-json\/wp\/v2\/product"}],"about":[{"href":"https:\/\/hrmforce.com\/es\/wp-json\/wp\/v2\/types\/product"}],"wp:featuredmedia":[{"embeddable":true,"href":"https:\/\/hrmforce.com\/es\/wp-json\/wp\/v2\/media\/12595"}],"wp:attachment":[{"href":"https:\/\/hrmforce.com\/es\/wp-json\/wp\/v2\/media?parent=18906"}],"wp:term":[{"taxonomy":"product_brand","embeddable":true,"href":"https:\/\/hrmforce.com\/es\/wp-json\/wp\/v2\/product_brand?post=18906"},{"taxonomy":"product_cat","embeddable":true,"href":"https:\/\/hrmforce.com\/es\/wp-json\/wp\/v2\/product_cat?post=18906"},{"taxonomy":"product_tag","embeddable":true,"href":"https:\/\/hrmforce.com\/es\/wp-json\/wp\/v2\/product_tag?post=18906"}],"curies":[{"name":"wp","href":"https:\/\/api.w.org\/{rel}","templated":true}]}}