{"id":18923,"date":"2021-02-25T13:56:56","date_gmt":"2021-02-25T12:56:56","guid":{"rendered":"https:\/\/hrmforce.com\/product\/logiks-general-advanced\/"},"modified":"2021-02-25T13:56:56","modified_gmt":"2021-02-25T12:56:56","slug":"logiks-general-advanced","status":"publish","type":"product","link":"https:\/\/hrmforce.com\/es\/shop\/seleccion\/logiks-general-advanced\/","title":{"rendered":"Logiks General Advanced"},"content":{"rendered":"<p>Un mejor conocimiento de las capacidades de los empleados actuales y potenciales permite tomar decisiones informadas. Adem\u00e1s, ahorra tiempo y ayuda a mejorar el rendimiento. Las pruebas de capacidad son una herramienta muy utilizada en este sentido y son uno de los mejores predictores del rendimiento laboral. Por eso, las pruebas de capacidad son una parte importante de los procesos de filtrado y selecci\u00f3n. Evaluar las capacidades nunca ha sido tan f\u00e1cil. Logiks utiliza conocimientos cient\u00edficos para identificar r\u00e1pidamente los mejores talentos y filtrar los candidatos menos adecuados. Las preguntas de cada test Logiks se seleccionan de una gran base de datos (el llamado banco de \u00edtems) de posibles preguntas. Esto hace que cada cuestionario sea \u00fanico. Esto proporciona evaluaciones precisas y detalladas que pueden ser analizadas directamente. Todo ello con el apoyo de Cubiks Online, nuestra plataforma en l\u00ednea de f\u00e1cil uso para facilitar la administraci\u00f3n y los informes.<\/p>\n","protected":false},"excerpt":{"rendered":"<p>Un mejor conocimiento de las capacidades de los empleados actuales y potenciales permite tomar decisiones informadas. Adem\u00e1s, ahorra tiempo y ayuda a mejorar el rendimiento. Las pruebas de capacidad son una herramienta muy utilizada en este sentido y son uno de los mejores predictores del rendimiento laboral. Por eso, las pruebas de capacidad son una parte importante de los procesos de filtrado y selecci\u00f3n por una raz\u00f3n. Evaluar las capacidades nunca ha sido tan f\u00e1cil. Logiks utiliza conocimientos cient\u00edficos para identificar r\u00e1pidamente los mejores talentos y filtrar los candidatos menos adecuados. Las preguntas de cada test Logiks se seleccionan de una gran base de datos (el llamado banco de \u00edtems) de posibles preguntas. Por ello, cada cuestionario es \u00fanico. Esto proporciona evaluaciones precisas y detalladas que pueden ser analizadas directamente. Todo ello con el apoyo de Cubiks Online, nuestra plataforma en l\u00ednea de f\u00e1cil manejo para facilitar la administraci\u00f3n y los informes.<\/p>\n","protected":false},"featured_media":20715,"template":"","meta":{"_acf_changed":false,"inline_featured_image":false},"product_brand":[],"product_cat":[955,946,953,934,956],"product_tag":[],"class_list":{"0":"post-18923","1":"product","2":"type-product","3":"status-publish","4":"has-post-thumbnail","6":"product_cat-cubiks-es","7":"product_cat-inteligencia","8":"product_cat-preseleccion","9":"product_cat-seleccion","10":"product_cat-talogy-es","12":"first","13":"instock","14":"taxable","15":"shipping-taxable","16":"purchasable","17":"product-type-simple"},"acf":[],"yoast_head":"<!-- This site is optimized with the Yoast SEO plugin v27.1.1 - https:\/\/yoast.com\/product\/yoast-seo-wordpress\/ -->\n<title>Logiks General Advanced - hrmforce<\/title>\n<meta name=\"robots\" content=\"index, follow, max-snippet:-1, max-image-preview:large, max-video-preview:-1\" \/>\n<link rel=\"canonical\" href=\"https:\/\/hrmforce.com\/es\/shop\/seleccion\/logiks-general-advanced\/\" \/>\n<meta property=\"og:locale\" content=\"es_ES\" \/>\n<meta property=\"og:type\" content=\"article\" \/>\n<meta property=\"og:title\" content=\"Logiks General Advanced - hrmforce\" \/>\n<meta property=\"og:description\" content=\"Un mejor conocimiento de las capacidades de los empleados actuales y potenciales permite tomar decisiones informadas. Adem\u00e1s, ahorra tiempo y ayuda a mejorar el rendimiento. Las pruebas de capacidad son una herramienta muy utilizada en este sentido y son uno de los mejores predictores del rendimiento laboral. Por eso, las pruebas de capacidad son una parte importante de los procesos de filtrado y selecci\u00f3n por una raz\u00f3n. Evaluar las capacidades nunca ha sido tan f\u00e1cil. Logiks utiliza conocimientos cient\u00edficos para identificar r\u00e1pidamente los mejores talentos y filtrar los candidatos menos adecuados. Las preguntas de cada test Logiks se seleccionan de una gran base de datos (el llamado banco de \u00edtems) de posibles preguntas. Por ello, cada cuestionario es \u00fanico. Esto proporciona evaluaciones precisas y detalladas que pueden ser analizadas directamente. Todo ello con el apoyo de Cubiks Online, nuestra plataforma en l\u00ednea de f\u00e1cil manejo para facilitar la administraci\u00f3n y los informes.\" \/>\n<meta property=\"og:url\" content=\"https:\/\/hrmforce.com\/es\/shop\/seleccion\/logiks-general-advanced\/\" \/>\n<meta property=\"og:site_name\" content=\"hrmforce\" \/>\n<meta property=\"article:publisher\" content=\"https:\/\/www.facebook.com\/hrmforceNL\/\" \/>\n<meta property=\"og:image\" content=\"https:\/\/hrmforce.com\/wp-content\/uploads\/2021\/02\/logiks_logo_0.png\" \/>\n\t<meta property=\"og:image:width\" content=\"600\" \/>\n\t<meta property=\"og:image:height\" content=\"400\" \/>\n\t<meta property=\"og:image:type\" content=\"image\/png\" \/>\n<meta name=\"twitter:card\" content=\"summary_large_image\" \/>\n<meta name=\"twitter:label1\" content=\"Tiempo de lectura\" \/>\n\t<meta name=\"twitter:data1\" content=\"1 minuto\" \/>\n<script type=\"application\/ld+json\" class=\"yoast-schema-graph\">{\"@context\":\"https:\/\/schema.org\",\"@graph\":[{\"@type\":\"WebPage\",\"@id\":\"https:\/\/hrmforce.com\/es\/shop\/seleccion\/logiks-general-advanced\/\",\"url\":\"https:\/\/hrmforce.com\/es\/shop\/seleccion\/logiks-general-advanced\/\",\"name\":\"Logiks General Advanced - hrmforce\",\"isPartOf\":{\"@id\":\"https:\/\/hrmforce.com\/es\/#website\"},\"primaryImageOfPage\":{\"@id\":\"https:\/\/hrmforce.com\/es\/shop\/seleccion\/logiks-general-advanced\/#primaryimage\"},\"image\":{\"@id\":\"https:\/\/hrmforce.com\/es\/shop\/seleccion\/logiks-general-advanced\/#primaryimage\"},\"thumbnailUrl\":\"https:\/\/hrmforce.com\/wp-content\/uploads\/2024\/01\/logiks-logo-new.webp\",\"datePublished\":\"2021-02-25T12:56:56+00:00\",\"breadcrumb\":{\"@id\":\"https:\/\/hrmforce.com\/es\/shop\/seleccion\/logiks-general-advanced\/#breadcrumb\"},\"inLanguage\":\"es\",\"potentialAction\":[{\"@type\":\"ReadAction\",\"target\":[\"https:\/\/hrmforce.com\/es\/shop\/seleccion\/logiks-general-advanced\/\"]}]},{\"@type\":\"ImageObject\",\"inLanguage\":\"es\",\"@id\":\"https:\/\/hrmforce.com\/es\/shop\/seleccion\/logiks-general-advanced\/#primaryimage\",\"url\":\"https:\/\/hrmforce.com\/wp-content\/uploads\/2024\/01\/logiks-logo-new.webp\",\"contentUrl\":\"https:\/\/hrmforce.com\/wp-content\/uploads\/2024\/01\/logiks-logo-new.webp\",\"width\":600,\"height\":400,\"caption\":\"papi 3 logo new\"},{\"@type\":\"BreadcrumbList\",\"@id\":\"https:\/\/hrmforce.com\/es\/shop\/seleccion\/logiks-general-advanced\/#breadcrumb\",\"itemListElement\":[{\"@type\":\"ListItem\",\"position\":1,\"name\":\"Home\",\"item\":\"https:\/\/hrmforce.com\/es\/\"},{\"@type\":\"ListItem\",\"position\":2,\"name\":\"Shop\",\"item\":\"https:\/\/hrmforce.com\/es\/shop\/\"},{\"@type\":\"ListItem\",\"position\":3,\"name\":\"Logiks General Advanced\"}]},{\"@type\":\"WebSite\",\"@id\":\"https:\/\/hrmforce.com\/es\/#website\",\"url\":\"https:\/\/hrmforce.com\/es\/\",\"name\":\"hrmforce\",\"description\":\"people \u2022 performance \u2022 analytics\",\"publisher\":{\"@id\":\"https:\/\/hrmforce.com\/es\/#organization\"},\"potentialAction\":[{\"@type\":\"SearchAction\",\"target\":{\"@type\":\"EntryPoint\",\"urlTemplate\":\"https:\/\/hrmforce.com\/es\/?s={search_term_string}\"},\"query-input\":{\"@type\":\"PropertyValueSpecification\",\"valueRequired\":true,\"valueName\":\"search_term_string\"}}],\"inLanguage\":\"es\"},{\"@type\":\"Organization\",\"@id\":\"https:\/\/hrmforce.com\/es\/#organization\",\"name\":\"hrmforce\",\"url\":\"https:\/\/hrmforce.com\/es\/\",\"logo\":{\"@type\":\"ImageObject\",\"inLanguage\":\"es\",\"@id\":\"https:\/\/hrmforce.com\/es\/#\/schema\/logo\/image\/\",\"url\":\"https:\/\/hrmforce.com\/wp-content\/uploads\/2018\/08\/logo-hrmforce.png\",\"contentUrl\":\"https:\/\/hrmforce.com\/wp-content\/uploads\/2018\/08\/logo-hrmforce.png\",\"width\":833,\"height\":189,\"caption\":\"hrmforce\"},\"image\":{\"@id\":\"https:\/\/hrmforce.com\/es\/#\/schema\/logo\/image\/\"},\"sameAs\":[\"https:\/\/www.facebook.com\/hrmforceNL\/\",\"https:\/\/www.linkedin.com\/company\/hrmforce\/\"]}]}<\/script>\n<!-- \/ Yoast SEO plugin. -->","yoast_head_json":{"title":"Logiks General Advanced - hrmforce","robots":{"index":"index","follow":"follow","max-snippet":"max-snippet:-1","max-image-preview":"max-image-preview:large","max-video-preview":"max-video-preview:-1"},"canonical":"https:\/\/hrmforce.com\/es\/shop\/seleccion\/logiks-general-advanced\/","og_locale":"es_ES","og_type":"article","og_title":"Logiks General Advanced - hrmforce","og_description":"Un mejor conocimiento de las capacidades de los empleados actuales y potenciales permite tomar decisiones informadas. Adem\u00e1s, ahorra tiempo y ayuda a mejorar el rendimiento. Las pruebas de capacidad son una herramienta muy utilizada en este sentido y son uno de los mejores predictores del rendimiento laboral. Por eso, las pruebas de capacidad son una parte importante de los procesos de filtrado y selecci\u00f3n por una raz\u00f3n. Evaluar las capacidades nunca ha sido tan f\u00e1cil. Logiks utiliza conocimientos cient\u00edficos para identificar r\u00e1pidamente los mejores talentos y filtrar los candidatos menos adecuados. Las preguntas de cada test Logiks se seleccionan de una gran base de datos (el llamado banco de \u00edtems) de posibles preguntas. Por ello, cada cuestionario es \u00fanico. Esto proporciona evaluaciones precisas y detalladas que pueden ser analizadas directamente. Todo ello con el apoyo de Cubiks Online, nuestra plataforma en l\u00ednea de f\u00e1cil manejo para facilitar la administraci\u00f3n y los informes.","og_url":"https:\/\/hrmforce.com\/es\/shop\/seleccion\/logiks-general-advanced\/","og_site_name":"hrmforce","article_publisher":"https:\/\/www.facebook.com\/hrmforceNL\/","og_image":[{"width":600,"height":400,"url":"https:\/\/hrmforce.com\/wp-content\/uploads\/2021\/02\/logiks_logo_0.png","type":"image\/png"}],"twitter_card":"summary_large_image","twitter_misc":{"Tiempo de lectura":"1 minuto"},"schema":{"@context":"https:\/\/schema.org","@graph":[{"@type":"WebPage","@id":"https:\/\/hrmforce.com\/es\/shop\/seleccion\/logiks-general-advanced\/","url":"https:\/\/hrmforce.com\/es\/shop\/seleccion\/logiks-general-advanced\/","name":"Logiks General Advanced - hrmforce","isPartOf":{"@id":"https:\/\/hrmforce.com\/es\/#website"},"primaryImageOfPage":{"@id":"https:\/\/hrmforce.com\/es\/shop\/seleccion\/logiks-general-advanced\/#primaryimage"},"image":{"@id":"https:\/\/hrmforce.com\/es\/shop\/seleccion\/logiks-general-advanced\/#primaryimage"},"thumbnailUrl":"https:\/\/hrmforce.com\/wp-content\/uploads\/2024\/01\/logiks-logo-new.webp","datePublished":"2021-02-25T12:56:56+00:00","breadcrumb":{"@id":"https:\/\/hrmforce.com\/es\/shop\/seleccion\/logiks-general-advanced\/#breadcrumb"},"inLanguage":"es","potentialAction":[{"@type":"ReadAction","target":["https:\/\/hrmforce.com\/es\/shop\/seleccion\/logiks-general-advanced\/"]}]},{"@type":"ImageObject","inLanguage":"es","@id":"https:\/\/hrmforce.com\/es\/shop\/seleccion\/logiks-general-advanced\/#primaryimage","url":"https:\/\/hrmforce.com\/wp-content\/uploads\/2024\/01\/logiks-logo-new.webp","contentUrl":"https:\/\/hrmforce.com\/wp-content\/uploads\/2024\/01\/logiks-logo-new.webp","width":600,"height":400,"caption":"papi 3 logo new"},{"@type":"BreadcrumbList","@id":"https:\/\/hrmforce.com\/es\/shop\/seleccion\/logiks-general-advanced\/#breadcrumb","itemListElement":[{"@type":"ListItem","position":1,"name":"Home","item":"https:\/\/hrmforce.com\/es\/"},{"@type":"ListItem","position":2,"name":"Shop","item":"https:\/\/hrmforce.com\/es\/shop\/"},{"@type":"ListItem","position":3,"name":"Logiks General Advanced"}]},{"@type":"WebSite","@id":"https:\/\/hrmforce.com\/es\/#website","url":"https:\/\/hrmforce.com\/es\/","name":"hrmforce","description":"people \u2022 performance \u2022 analytics","publisher":{"@id":"https:\/\/hrmforce.com\/es\/#organization"},"potentialAction":[{"@type":"SearchAction","target":{"@type":"EntryPoint","urlTemplate":"https:\/\/hrmforce.com\/es\/?s={search_term_string}"},"query-input":{"@type":"PropertyValueSpecification","valueRequired":true,"valueName":"search_term_string"}}],"inLanguage":"es"},{"@type":"Organization","@id":"https:\/\/hrmforce.com\/es\/#organization","name":"hrmforce","url":"https:\/\/hrmforce.com\/es\/","logo":{"@type":"ImageObject","inLanguage":"es","@id":"https:\/\/hrmforce.com\/es\/#\/schema\/logo\/image\/","url":"https:\/\/hrmforce.com\/wp-content\/uploads\/2018\/08\/logo-hrmforce.png","contentUrl":"https:\/\/hrmforce.com\/wp-content\/uploads\/2018\/08\/logo-hrmforce.png","width":833,"height":189,"caption":"hrmforce"},"image":{"@id":"https:\/\/hrmforce.com\/es\/#\/schema\/logo\/image\/"},"sameAs":["https:\/\/www.facebook.com\/hrmforceNL\/","https:\/\/www.linkedin.com\/company\/hrmforce\/"]}]}},"_links":{"self":[{"href":"https:\/\/hrmforce.com\/es\/wp-json\/wp\/v2\/product\/18923","targetHints":{"allow":["GET"]}}],"collection":[{"href":"https:\/\/hrmforce.com\/es\/wp-json\/wp\/v2\/product"}],"about":[{"href":"https:\/\/hrmforce.com\/es\/wp-json\/wp\/v2\/types\/product"}],"wp:featuredmedia":[{"embeddable":true,"href":"https:\/\/hrmforce.com\/es\/wp-json\/wp\/v2\/media\/20715"}],"wp:attachment":[{"href":"https:\/\/hrmforce.com\/es\/wp-json\/wp\/v2\/media?parent=18923"}],"wp:term":[{"taxonomy":"product_brand","embeddable":true,"href":"https:\/\/hrmforce.com\/es\/wp-json\/wp\/v2\/product_brand?post=18923"},{"taxonomy":"product_cat","embeddable":true,"href":"https:\/\/hrmforce.com\/es\/wp-json\/wp\/v2\/product_cat?post=18923"},{"taxonomy":"product_tag","embeddable":true,"href":"https:\/\/hrmforce.com\/es\/wp-json\/wp\/v2\/product_tag?post=18923"}],"curies":[{"name":"wp","href":"https:\/\/api.w.org\/{rel}","templated":true}]}}