{"id":14678,"date":"2021-10-11T10:11:04","date_gmt":"2021-10-11T08:11:04","guid":{"rendered":"https:\/\/hrmforce.com\/?page_id=14678"},"modified":"2026-03-05T00:15:30","modified_gmt":"2026-03-04T23:15:30","slug":"contact","status":"publish","type":"page","link":"https:\/\/hrmforce.com\/fr\/contact\/","title":{"rendered":"Contact"},"content":{"rendered":"<div class=\"wpb-content-wrapper\"><p>[vc_row css_animation=\u00a0\u00bb\u00a0\u00bb row_type=\u00a0\u00bbrow\u00a0\u00bb use_row_as_full_screen_section=\u00a0\u00bbno\u00a0\u00bb type=\u00a0\u00bbgrid\u00a0\u00bb angled_section=\u00a0\u00bbno\u00a0\u00bb text_align=\u00a0\u00bbleft\u00a0\u00bb background_image_as_pattern=\u00a0\u00bbwithout_pattern\u00a0\u00bb el_class=\u00a0\u00bblandinghead\u00a0\u00bb z_index=\u00a0\u00bb\u00a0\u00bb background_image=\u00a0\u00bb20390&Prime; css=\u00a0\u00bb.vc_custom_1701074749352{padding-top: 90px !important;}\u00a0\u00bb][vc_column][qode_elements_holder number_of_columns=\u00a0\u00bbtwo_columns\u00a0\u00bb][qode_elements_holder_item vertical_alignment=\u00a0\u00bbmiddle\u00a0\u00bb advanced_animations=\u00a0\u00bbno\u00a0\u00bb item_padding=\u00a0\u00bb0px 60px 0px 0px\u00a0\u00bb][vc_column_text]<\/p>\n<h2>SERIEZ-VOUS INT\u00c9RESS\u00c9S OU AVEZ-VOUS DES QUESTIONS ?<\/h2>\n<p>Nous serons heureux de vous aider et de r\u00e9fl\u00e9chir avec vous pour trouver une solution adapt\u00e9e. Aussi, n&rsquo;h\u00e9sitez pas \u00e0 poser votre question \u00e0 nos conseillers ou \u00e0 partager votre id\u00e9e avec eux. Il suffit de remplir le formulaire de contact ou de nous appeler pour parler directement \u00e0 nos conseillers.<\/p>\n<p><strong>T<\/strong>\u00a0<strong>:<\/strong>\u00a0<a href=\"tel:+31888832188\">+31 (0)88 88 321 88<\/a><br \/>\n<strong>E\u00a0:<\/strong>\u00a0<a href=\"mailto:service@hrmforce.com\">service@hrmforce.com<\/a><\/p>\n<p>Nos conseillers sont disponibles du lundi au vendredi de 08h00 \u00e0 18h00.[\/vc_column_text][\/qode_elements_holder_item][qode_elements_holder_item advanced_animations=\u00a0\u00bbno\u00a0\u00bb][vc_column_text css=\u00a0\u00bb.vc_custom_1702042829143{padding-top: 30px !important;padding-right: 30px !important;padding-bottom: 30px !important;padding-left: 30px !important;background-color: #ffffff !important;}\u00a0\u00bb]<\/p>\n<h3 style=\"margin-bottom: 20px;\">Formulaire de contact<\/h3>\n<div class=\"frm_forms  with_frm_style frm_style_formidable-style-2\" id=\"frm_form_38_container\" >\n<form enctype=\"multipart\/form-data\" method=\"post\" class=\"frm-show-form  frm_pro_form \" id=\"form_2ooll55d911c2ef\" >\n<div class=\"frm_form_fields \">\n<fieldset>\n<legend class=\"frm_hidden\">Contact<\/legend>\r\n\r\n<div class=\"frm_fields_container\">\n<input type=\"hidden\" name=\"frm_action\" value=\"create\" \/>\n<input type=\"hidden\" name=\"form_id\" value=\"38\" \/>\n<input type=\"hidden\" name=\"frm_hide_fields_38\" id=\"frm_hide_fields_38\" value=\"\" \/>\n<input type=\"hidden\" name=\"form_key\" value=\"2ooll55d911c2ef\" \/>\n<input type=\"hidden\" name=\"item_meta[0]\" value=\"\" \/>\n<input type=\"hidden\" id=\"frm_submit_entry_38\" name=\"frm_submit_entry_38\" value=\"4eacace907\" \/><input type=\"hidden\" name=\"_wp_http_referer\" value=\"\/fr\/wp-json\/wp\/v2\/pages\/14678\" \/><div id=\"frm_field_306_container\" class=\"frm_form_field form-field  frm_required_field frm_inside_container frm_half\">\r\n    <label for=\"field_h1ecf8f733653ac\" class=\"frm_primary_label\">Pr\u00e9nom\r\n        <span class=\"frm_required\">*<\/span>\r\n    <\/label>\r\n    <input  type=\"text\" id=\"field_h1ecf8f733653ac\" name=\"item_meta[306]\" value=\"\"  placeholder=\"Pr\u00e9nom\" data-reqmsg=\"Dit veld mag niet leeg zijn.\" aria-required=\"true\" data-invmsg=\"Voornaam is invalid\" aria-invalid=\"false\"   \/>\r\n    \r\n    \r\n<\/div>\n<div id=\"frm_field_307_container\" class=\"frm_form_field form-field  frm_required_field frm_inside_container frm_half\">\r\n    <label for=\"field_5oa2na442856375\" class=\"frm_primary_label\">Nom\r\n        <span class=\"frm_required\">*<\/span>\r\n    <\/label>\r\n    <input  type=\"text\" id=\"field_5oa2na442856375\" name=\"item_meta[307]\" value=\"\"  placeholder=\"Nom\" data-reqmsg=\"Dit veld mag niet leeg zijn.\" aria-required=\"true\" data-invmsg=\"Achternaam is invalid\" aria-invalid=\"false\"   \/>\r\n    \r\n    \r\n<\/div>\n<div id=\"frm_field_308_container\" class=\"frm_form_field form-field  frm_required_field frm_inside_container\">\r\n    <label for=\"field_kfuj111448f0eed\" class=\"frm_primary_label\">Soci\u00e9t\u00e9\r\n        <span class=\"frm_required\">*<\/span>\r\n    <\/label>\r\n    <input  type=\"text\" id=\"field_kfuj111448f0eed\" name=\"item_meta[308]\" value=\"\"  placeholder=\"Soci\u00e9t\u00e9\" data-reqmsg=\"Dit veld mag niet leeg zijn.\" aria-required=\"true\" data-invmsg=\"Bedrijfsnaam is invalid\" aria-invalid=\"false\"   \/>\r\n    \r\n    \r\n<\/div>\n<div id=\"frm_field_309_container\" class=\"frm_form_field form-field  frm_required_field frm_inside_container frm_half\">\r\n    <label for=\"field_7jby140e989c365\" class=\"frm_primary_label\">Num\u00e9ro de t\u00e9l\u00e9phone\r\n        <span class=\"frm_required\">*<\/span>\r\n    <\/label>\r\n    <input  type=\"text\" id=\"field_7jby140e989c365\" name=\"item_meta[309]\" value=\"\"  placeholder=\"Num\u00e9ro de t\u00e9l\u00e9phone\" data-reqmsg=\"Dit veld mag niet leeg zijn.\" aria-required=\"true\" data-invmsg=\"Telefoonnummer is invalid\" aria-invalid=\"false\"   \/>\r\n    \r\n    \r\n<\/div>\n<div id=\"frm_field_310_container\" class=\"frm_form_field form-field  frm_required_field frm_inside_container frm_half\">\r\n    <label for=\"field_vsu9g2c2f1d9196\" class=\"frm_primary_label\">Adresse e-mail \r\n        <span class=\"frm_required\">*<\/span>\r\n    <\/label>\r\n    <input type=\"email\" id=\"field_vsu9g2c2f1d9196\" name=\"item_meta[310]\" value=\"\"  placeholder=\"Adresse e-mail\" data-reqmsg=\"Dit veld mag niet leeg zijn.\" aria-required=\"true\" data-invmsg=\"E-mailadres is ongeldig\" aria-invalid=\"false\"  \/>\r\n    \r\n    \r\n<\/div>\n<div id=\"frm_field_311_container\" class=\"frm_form_field form-field  frm_required_field frm_inside_container\">\r\n    <label for=\"field_16xncfc26f9f538\" class=\"frm_primary_label\">Sujet\r\n        <span class=\"frm_required\">*<\/span>\r\n    <\/label>\r\n    <input  type=\"text\" id=\"field_16xncfc26f9f538\" name=\"item_meta[311]\" value=\"\"  placeholder=\"Sujet\" data-reqmsg=\"Dit veld mag niet leeg zijn.\" aria-required=\"true\" data-invmsg=\"Onderwerp is invalid\" aria-invalid=\"false\"   \/>\r\n    \r\n    \r\n<\/div>\n<div id=\"frm_field_312_container\" class=\"frm_form_field form-field  frm_required_field frm_inside_container\">\r\n    <label for=\"field_87lsmfbf9dba652\" class=\"frm_primary_label\">Votre message \r\n        <span class=\"frm_required\">*<\/span>\r\n    <\/label>\r\n    <textarea name=\"item_meta[312]\" id=\"field_87lsmfbf9dba652\"  placeholder=\"Votre message\" data-reqmsg=\"Dit veld mag niet leeg zijn.\" aria-required=\"true\" data-invmsg=\"Votre message  est non valide\" aria-invalid=\"false\"  ><\/textarea>\r\n    \r\n    \r\n<\/div>\n<div id=\"frm_field_313_container\" class=\"frm_form_field form-field  frm_none_container\">\r\n    <label  class=\"frm_primary_label\">Captcha\r\n        <span class=\"frm_required\"><\/span>\r\n    <\/label>\r\n    <div  id=\"field_pm20v9a74de24d8\" class=\"frm-g-recaptcha\" data-sitekey=\"6LcLmRMiAAAAAKW7eso6s5Yrk1q4hVj6725JTffg\" data-size=\"normal\" data-theme=\"light\"><\/div>\r\n    \r\n    \r\n<\/div>\n<div id=\"frm_field_497_container\" class=\"frm_form_field form-field \">\n\t<div class=\"frm_submit\">\r\n\r\n<button type=\"submit\" class=\"frm_button_submit frm_final_submit btn-blue\" style=\"background: #09478C; color: #fff; text-transform: uppercase; padding: 10px 15px; border: none; border-radius: 0px;\"  formnovalidate=\"formnovalidate\">Submit<\/button>\r\n\r\n<\/div>\n<\/div>\n\t<input type=\"hidden\" name=\"item_key\" value=\"\" \/>\n\t\t\t<div id=\"frm_field_542_container\">\n\t\t\t<label for=\"field_9vflm\" >\n\t\t\t\tSi vous \u00eates un humain, ne remplissez pas ce champ.\t\t\t<\/label>\n\t\t\t<input  id=\"field_9vflm\" type=\"text\" class=\"frm_form_field form-field frm_verify\" name=\"item_meta[542]\" value=\"\"  \/>\n\t\t<\/div>\n\t\t<input name=\"frm_state\" type=\"hidden\" value=\"B9VOsW5hw2atoMgPgScADa1DtTYtt1iWWPOj0SGf0oJ2Zbi0ASce09yBDNy+nGz+\" \/><\/div>\n<\/fieldset>\n<\/div>\n\n<p style=\"display: none !important;\" class=\"akismet-fields-container\" data-prefix=\"ak_\"><label>&#916;<textarea name=\"ak_hp_textarea\" cols=\"45\" rows=\"8\" maxlength=\"100\"><\/textarea><\/label><input type=\"hidden\" id=\"ak_js_1\" name=\"ak_js\" value=\"82\"\/><script>document.getElementById( \"ak_js_1\" ).setAttribute( \"value\", ( new Date() ).getTime() );<\/script><\/p><\/form>\n<\/div>\n[\/vc_column_text][\/qode_elements_holder_item][\/qode_elements_holder][\/vc_column][\/vc_row][vc_row css_animation=\u00a0\u00bb\u00a0\u00bb row_type=\u00a0\u00bbrow\u00a0\u00bb use_row_as_full_screen_section=\u00a0\u00bbno\u00a0\u00bb type=\u00a0\u00bbgrid\u00a0\u00bb angled_section=\u00a0\u00bbno\u00a0\u00bb text_align=\u00a0\u00bbleft\u00a0\u00bb background_image_as_pattern=\u00a0\u00bbwithout_pattern\u00a0\u00bb z_index=\u00a0\u00bb\u00a0\u00bb el_class=\u00a0\u00bbrijlocaties\u00a0\u00bb css=\u00a0\u00bb.vc_custom_1700570605603{background-color: #f3f1f0 !important;}\u00a0\u00bb][vc_column][vc_column_text css=\u00a0\u00bb\u00a0\u00bb el_class=\u00a0\u00bblocatie-nl\u00a0\u00bb]<\/p>\n<h3>hrmforce head office<\/h3>\n<p>Solitudolaan 396<br \/>\n1096 DS Amsterdam<br \/>\nThe Netherlands<\/p>\n<p>Tel:\u00a0<a href=\"tel:+31888832188\">+31 (0)88 88 321 88<\/a><br \/>\nMail:\u00a0<a href=\"mailto:service@hrmforce.com\">service@hrmforce.com<\/a><\/p>\n<p>CoC Amsterdam: 34369982<br \/>\nBank:NL31RABO0155758411<br \/>\nVAT: NL821671480B01[\/vc_column_text][vc_row_inner row_type=\u00a0\u00bbrow\u00a0\u00bb type=\u00a0\u00bbfull_width\u00a0\u00bb text_align=\u00a0\u00bbleft\u00a0\u00bb css_animation=\u00a0\u00bb\u00a0\u00bb][vc_column_inner width=\u00a0\u00bb1\/3&Prime;][vc_column_text el_class=\u00a0\u00bblocatie-de\u00a0\u00bb]<\/p>\n<h3>hrmforce Germany<\/h3>\n<p>Theodorstrasse 105<br \/>\n40472 Dusseldorf<br \/>\nGermany<\/p>\n<p>Tel: +31888832188<br \/>\nMail:\u00a0<a href=\"mailto:service@hrmforce.com\">service@hrmforce.com<\/a>[\/vc_column_text][\/vc_column_inner][vc_column_inner width=\u00a0\u00bb1\/3&Prime;][vc_column_text el_class=\u00a0\u00bblocatie-be\u00a0\u00bb]<\/p>\n<h3>hrmforce Belgium<\/h3>\n<p>Bridge Building<br \/>\nKeizer Karellaan 584<br \/>\n1082 Sint-Agatha-Berchem<br \/>\nBelgium<\/p>\n<p>Tel: <a href=\"tel:+31888832188\">+31 (0)88 88 321 88<\/a><br \/>\nMail:\u00a0<a href=\"mailto:service@hrmforce.com\">service@hrmforce.com<\/a>[\/vc_column_text][\/vc_column_inner][vc_column_inner width=\u00a0\u00bb1\/3&Prime;][vc_column_text el_class=\u00a0\u00bblocatie-fr\u00a0\u00bb]<\/p>\n<h3>hrmforce France<\/h3>\n<p>5 Place de la Pyramide Tour Ariane<br \/>\n92800, Paris, Hauts-de-Seine<br \/>\nFrance<\/p>\n<p>Tel: <a href=\"tel:+31888832188\">+31 (0)88 88 321 88<\/a><br \/>\nMail:\u00a0<a href=\"mailto:service@hrmforce.com\">service@hrmforce.com<\/a>[\/vc_column_text][\/vc_column_inner][\/vc_row_inner][vc_row_inner row_type=\u00a0\u00bbrow\u00a0\u00bb type=\u00a0\u00bbfull_width\u00a0\u00bb text_align=\u00a0\u00bbleft\u00a0\u00bb css_animation=\u00a0\u00bb\u00a0\u00bb][vc_column_inner width=\u00a0\u00bb1\/3&Prime;][vc_column_text el_class=\u00a0\u00bblocatie-in\u00a0\u00bb]<\/p>\n<h3>hrmforce India<\/h3>\n<p>Plot #27, 1-4-190\/27\/1\/A, Phase-I,<br \/>\nBhaskara Rao Nagar Sainikpuri P.O.<br \/>\nSecunderabad \u2013 500 094<br \/>\nTelangana<br \/>\nIndia<\/p>\n<p>Tel:\u00a0<a href=\"tel:+918978786121\">+91 89787 86121<\/a><br \/>\nMail:\u00a0<a href=\"mailto:service@hrmforce.com\">service@hrmforce.com<\/a>[\/vc_column_text][\/vc_column_inner][vc_column_inner width=\u00a0\u00bb1\/3&Prime;][vc_column_text el_class=\u00a0\u00bblocatie-ro\u00a0\u00bb]<\/p>\n<h3>hrmforce Romania<\/h3>\n<p>Ploiesti Street, No 9<br \/>\n400157 Cluj-Napoca<br \/>\nRomania<\/p>\n<p>Tel:<a href=\"tel:+31888832188\">+31 (0)88 88 321 88<\/a><br \/>\nMail:\u00a0<a href=\"mailto:office@hrmforce.com\">office@hrmforce.com<\/a><\/p>\n<p>CoC: J12\/1828\/2011<br \/>\nBank: RO11BRMA099910004661926<br \/>\nVAT: RO 28852231[\/vc_column_text][\/vc_column_inner][vc_column_inner width=\u00a0\u00bb1\/3&Prime;][vc_column_text el_class=\u00a0\u00bblocatie-sp\u00a0\u00bb]<\/p>\n<h3>hrmforce Spain<\/h3>\n<p>Carrer de les Barques 2 &#8211; 2nd floor<br \/>\n46002 Val\u00e8ncia<br \/>\nValencia<br \/>\nSpain<\/p>\n<p>Tel: <a href=\"tel:+31888832188\">+31 (0)88 88 321 88<\/a><br \/>\nMail:\u00a0<a href=\"mailto:atencioncliente@hrmforce.com\">atencioncliente@hrmforce.com<\/a>[\/vc_column_text][\/vc_column_inner][\/vc_row_inner][\/vc_column][\/vc_row]<\/p>\n<\/div>","protected":false},"excerpt":{"rendered":"<p>[vc_row css_animation=\u00a0\u00bb\u00a0\u00bb row_type=\u00a0\u00bbrow\u00a0\u00bb use_row_as_full_screen_section=\u00a0\u00bbno\u00a0\u00bb type=\u00a0\u00bbgrid\u00a0\u00bb angled_section=\u00a0\u00bbno\u00a0\u00bb text_align=\u00a0\u00bbleft\u00a0\u00bb background_image_as_pattern=\u00a0\u00bbwithout_pattern\u00a0\u00bb el_class=\u00a0\u00bblandinghead\u00a0\u00bb z_index=\u00a0\u00bb\u00a0\u00bb background_image=\u00a0\u00bb20390&Prime; css=\u00a0\u00bb.vc_custom_1701074749352{padding-top: 90px !important;}\u00a0\u00bb][vc_column][qode_elements_holder number_of_columns=\u00a0\u00bbtwo_columns\u00a0\u00bb][qode_elements_holder_item vertical_alignment=\u00a0\u00bbmiddle\u00a0\u00bb advanced_animations=\u00a0\u00bbno\u00a0\u00bb item_padding=\u00a0\u00bb0px 60px 0px 0px\u00a0\u00bb][vc_column_text] SERIEZ-VOUS INT\u00c9RESS\u00c9S OU AVEZ-VOUS DES QUESTIONS ? Nous serons heureux de vous aider et de r\u00e9fl\u00e9chir avec vous pour trouver une solution adapt\u00e9e. Aussi,&#8230;<\/p>\n","protected":false},"author":18,"featured_media":11486,"parent":0,"menu_order":0,"comment_status":"closed","ping_status":"closed","template":"full_width.php","meta":{"_acf_changed":false,"inline_featured_image":false,"footnotes":""},"class_list":["post-14678","page","type-page","status-publish","has-post-thumbnail","hentry"],"acf":[],"yoast_head":"<!-- This site is optimized with the Yoast SEO plugin v27.1.1 - https:\/\/yoast.com\/product\/yoast-seo-wordpress\/ -->\n<title>Contact - hrmforce<\/title>\n<meta name=\"robots\" content=\"index, follow, max-snippet:-1, max-image-preview:large, max-video-preview:-1\" \/>\n<link rel=\"canonical\" href=\"https:\/\/hrmforce.com\/fr\/contact\/\" \/>\n<meta property=\"og:locale\" content=\"fr_FR\" \/>\n<meta property=\"og:type\" content=\"article\" \/>\n<meta property=\"og:title\" content=\"Contact - hrmforce\" \/>\n<meta property=\"og:description\" content=\"[vc_row css_animation=\u00a0\u00bb\u00a0\u00bb row_type=\u00a0\u00bbrow\u00a0\u00bb use_row_as_full_screen_section=\u00a0\u00bbno\u00a0\u00bb type=\u00a0\u00bbgrid\u00a0\u00bb angled_section=\u00a0\u00bbno\u00a0\u00bb text_align=\u00a0\u00bbleft\u00a0\u00bb background_image_as_pattern=\u00a0\u00bbwithout_pattern\u00a0\u00bb el_class=\u00a0\u00bblandinghead\u00a0\u00bb z_index=\u00a0\u00bb\u00a0\u00bb background_image=\u00a0\u00bb20390&Prime; css=\u00a0\u00bb.vc_custom_1701074749352{padding-top: 90px !important;}\u00a0\u00bb][vc_column][qode_elements_holder number_of_columns=\u00a0\u00bbtwo_columns\u00a0\u00bb][qode_elements_holder_item vertical_alignment=\u00a0\u00bbmiddle\u00a0\u00bb advanced_animations=\u00a0\u00bbno\u00a0\u00bb item_padding=\u00a0\u00bb0px 60px 0px 0px\u00a0\u00bb][vc_column_text] SERIEZ-VOUS INT\u00c9RESS\u00c9S OU AVEZ-VOUS DES QUESTIONS ? Nous serons heureux de vous aider et de r\u00e9fl\u00e9chir avec vous pour trouver une solution adapt\u00e9e. Aussi,...\" \/>\n<meta property=\"og:url\" content=\"https:\/\/hrmforce.com\/fr\/contact\/\" \/>\n<meta property=\"og:site_name\" content=\"hrmforce\" \/>\n<meta property=\"article:publisher\" content=\"https:\/\/www.facebook.com\/hrmforceNL\/\" \/>\n<meta property=\"article:modified_time\" content=\"2026-03-04T23:15:30+00:00\" \/>\n<meta name=\"twitter:card\" content=\"summary_large_image\" \/>\n<meta name=\"twitter:label1\" content=\"Dur\u00e9e de lecture estim\u00e9e\" \/>\n\t<meta name=\"twitter:data1\" content=\"2 minutes\" \/>\n<script type=\"application\/ld+json\" class=\"yoast-schema-graph\">{\"@context\":\"https:\/\/schema.org\",\"@graph\":[{\"@type\":\"WebPage\",\"@id\":\"https:\/\/hrmforce.com\/fr\/contact\/\",\"url\":\"https:\/\/hrmforce.com\/fr\/contact\/\",\"name\":\"Contact - hrmforce\",\"isPartOf\":{\"@id\":\"https:\/\/hrmforce.com\/fr\/#website\"},\"primaryImageOfPage\":{\"@id\":\"https:\/\/hrmforce.com\/fr\/contact\/#primaryimage\"},\"image\":{\"@id\":\"https:\/\/hrmforce.com\/fr\/contact\/#primaryimage\"},\"thumbnailUrl\":\"https:\/\/hrmforce.com\/wp-content\/uploads\/2020\/07\/no-image.jpg\",\"datePublished\":\"2021-10-11T08:11:04+00:00\",\"dateModified\":\"2026-03-04T23:15:30+00:00\",\"breadcrumb\":{\"@id\":\"https:\/\/hrmforce.com\/fr\/contact\/#breadcrumb\"},\"inLanguage\":\"fr-FR\",\"potentialAction\":[{\"@type\":\"ReadAction\",\"target\":[\"https:\/\/hrmforce.com\/fr\/contact\/\"]}]},{\"@type\":\"ImageObject\",\"inLanguage\":\"fr-FR\",\"@id\":\"https:\/\/hrmforce.com\/fr\/contact\/#primaryimage\",\"url\":\"https:\/\/hrmforce.com\/wp-content\/uploads\/2020\/07\/no-image.jpg\",\"contentUrl\":\"https:\/\/hrmforce.com\/wp-content\/uploads\/2020\/07\/no-image.jpg\",\"width\":1024,\"height\":683,\"caption\":\"Human resources management concept business man selecting virtual interface\"},{\"@type\":\"BreadcrumbList\",\"@id\":\"https:\/\/hrmforce.com\/fr\/contact\/#breadcrumb\",\"itemListElement\":[{\"@type\":\"ListItem\",\"position\":1,\"name\":\"Home\",\"item\":\"https:\/\/hrmforce.com\/fr\/\"},{\"@type\":\"ListItem\",\"position\":2,\"name\":\"Contact\"}]},{\"@type\":\"WebSite\",\"@id\":\"https:\/\/hrmforce.com\/fr\/#website\",\"url\":\"https:\/\/hrmforce.com\/fr\/\",\"name\":\"hrmforce\",\"description\":\"people \u2022 performance \u2022 analytics\",\"publisher\":{\"@id\":\"https:\/\/hrmforce.com\/fr\/#organization\"},\"potentialAction\":[{\"@type\":\"SearchAction\",\"target\":{\"@type\":\"EntryPoint\",\"urlTemplate\":\"https:\/\/hrmforce.com\/fr\/?s={search_term_string}\"},\"query-input\":{\"@type\":\"PropertyValueSpecification\",\"valueRequired\":true,\"valueName\":\"search_term_string\"}}],\"inLanguage\":\"fr-FR\"},{\"@type\":\"Organization\",\"@id\":\"https:\/\/hrmforce.com\/fr\/#organization\",\"name\":\"hrmforce\",\"url\":\"https:\/\/hrmforce.com\/fr\/\",\"logo\":{\"@type\":\"ImageObject\",\"inLanguage\":\"fr-FR\",\"@id\":\"https:\/\/hrmforce.com\/fr\/#\/schema\/logo\/image\/\",\"url\":\"https:\/\/hrmforce.com\/wp-content\/uploads\/2018\/08\/logo-hrmforce.png\",\"contentUrl\":\"https:\/\/hrmforce.com\/wp-content\/uploads\/2018\/08\/logo-hrmforce.png\",\"width\":833,\"height\":189,\"caption\":\"hrmforce\"},\"image\":{\"@id\":\"https:\/\/hrmforce.com\/fr\/#\/schema\/logo\/image\/\"},\"sameAs\":[\"https:\/\/www.facebook.com\/hrmforceNL\/\",\"https:\/\/www.linkedin.com\/company\/hrmforce\/\"]}]}<\/script>\n<!-- \/ Yoast SEO plugin. -->","yoast_head_json":{"title":"Contact - hrmforce","robots":{"index":"index","follow":"follow","max-snippet":"max-snippet:-1","max-image-preview":"max-image-preview:large","max-video-preview":"max-video-preview:-1"},"canonical":"https:\/\/hrmforce.com\/fr\/contact\/","og_locale":"fr_FR","og_type":"article","og_title":"Contact - hrmforce","og_description":"[vc_row css_animation=\u00a0\u00bb\u00a0\u00bb row_type=\u00a0\u00bbrow\u00a0\u00bb use_row_as_full_screen_section=\u00a0\u00bbno\u00a0\u00bb type=\u00a0\u00bbgrid\u00a0\u00bb angled_section=\u00a0\u00bbno\u00a0\u00bb text_align=\u00a0\u00bbleft\u00a0\u00bb background_image_as_pattern=\u00a0\u00bbwithout_pattern\u00a0\u00bb el_class=\u00a0\u00bblandinghead\u00a0\u00bb z_index=\u00a0\u00bb\u00a0\u00bb background_image=\u00a0\u00bb20390&Prime; css=\u00a0\u00bb.vc_custom_1701074749352{padding-top: 90px !important;}\u00a0\u00bb][vc_column][qode_elements_holder number_of_columns=\u00a0\u00bbtwo_columns\u00a0\u00bb][qode_elements_holder_item vertical_alignment=\u00a0\u00bbmiddle\u00a0\u00bb advanced_animations=\u00a0\u00bbno\u00a0\u00bb item_padding=\u00a0\u00bb0px 60px 0px 0px\u00a0\u00bb][vc_column_text] SERIEZ-VOUS INT\u00c9RESS\u00c9S OU AVEZ-VOUS DES QUESTIONS ? Nous serons heureux de vous aider et de r\u00e9fl\u00e9chir avec vous pour trouver une solution adapt\u00e9e. Aussi,...","og_url":"https:\/\/hrmforce.com\/fr\/contact\/","og_site_name":"hrmforce","article_publisher":"https:\/\/www.facebook.com\/hrmforceNL\/","article_modified_time":"2026-03-04T23:15:30+00:00","twitter_card":"summary_large_image","twitter_misc":{"Dur\u00e9e de lecture estim\u00e9e":"2 minutes"},"schema":{"@context":"https:\/\/schema.org","@graph":[{"@type":"WebPage","@id":"https:\/\/hrmforce.com\/fr\/contact\/","url":"https:\/\/hrmforce.com\/fr\/contact\/","name":"Contact - hrmforce","isPartOf":{"@id":"https:\/\/hrmforce.com\/fr\/#website"},"primaryImageOfPage":{"@id":"https:\/\/hrmforce.com\/fr\/contact\/#primaryimage"},"image":{"@id":"https:\/\/hrmforce.com\/fr\/contact\/#primaryimage"},"thumbnailUrl":"https:\/\/hrmforce.com\/wp-content\/uploads\/2020\/07\/no-image.jpg","datePublished":"2021-10-11T08:11:04+00:00","dateModified":"2026-03-04T23:15:30+00:00","breadcrumb":{"@id":"https:\/\/hrmforce.com\/fr\/contact\/#breadcrumb"},"inLanguage":"fr-FR","potentialAction":[{"@type":"ReadAction","target":["https:\/\/hrmforce.com\/fr\/contact\/"]}]},{"@type":"ImageObject","inLanguage":"fr-FR","@id":"https:\/\/hrmforce.com\/fr\/contact\/#primaryimage","url":"https:\/\/hrmforce.com\/wp-content\/uploads\/2020\/07\/no-image.jpg","contentUrl":"https:\/\/hrmforce.com\/wp-content\/uploads\/2020\/07\/no-image.jpg","width":1024,"height":683,"caption":"Human resources management concept business man selecting virtual interface"},{"@type":"BreadcrumbList","@id":"https:\/\/hrmforce.com\/fr\/contact\/#breadcrumb","itemListElement":[{"@type":"ListItem","position":1,"name":"Home","item":"https:\/\/hrmforce.com\/fr\/"},{"@type":"ListItem","position":2,"name":"Contact"}]},{"@type":"WebSite","@id":"https:\/\/hrmforce.com\/fr\/#website","url":"https:\/\/hrmforce.com\/fr\/","name":"hrmforce","description":"people \u2022 performance \u2022 analytics","publisher":{"@id":"https:\/\/hrmforce.com\/fr\/#organization"},"potentialAction":[{"@type":"SearchAction","target":{"@type":"EntryPoint","urlTemplate":"https:\/\/hrmforce.com\/fr\/?s={search_term_string}"},"query-input":{"@type":"PropertyValueSpecification","valueRequired":true,"valueName":"search_term_string"}}],"inLanguage":"fr-FR"},{"@type":"Organization","@id":"https:\/\/hrmforce.com\/fr\/#organization","name":"hrmforce","url":"https:\/\/hrmforce.com\/fr\/","logo":{"@type":"ImageObject","inLanguage":"fr-FR","@id":"https:\/\/hrmforce.com\/fr\/#\/schema\/logo\/image\/","url":"https:\/\/hrmforce.com\/wp-content\/uploads\/2018\/08\/logo-hrmforce.png","contentUrl":"https:\/\/hrmforce.com\/wp-content\/uploads\/2018\/08\/logo-hrmforce.png","width":833,"height":189,"caption":"hrmforce"},"image":{"@id":"https:\/\/hrmforce.com\/fr\/#\/schema\/logo\/image\/"},"sameAs":["https:\/\/www.facebook.com\/hrmforceNL\/","https:\/\/www.linkedin.com\/company\/hrmforce\/"]}]}},"_links":{"self":[{"href":"https:\/\/hrmforce.com\/fr\/wp-json\/wp\/v2\/pages\/14678","targetHints":{"allow":["GET"]}}],"collection":[{"href":"https:\/\/hrmforce.com\/fr\/wp-json\/wp\/v2\/pages"}],"about":[{"href":"https:\/\/hrmforce.com\/fr\/wp-json\/wp\/v2\/types\/page"}],"author":[{"embeddable":true,"href":"https:\/\/hrmforce.com\/fr\/wp-json\/wp\/v2\/users\/18"}],"replies":[{"embeddable":true,"href":"https:\/\/hrmforce.com\/fr\/wp-json\/wp\/v2\/comments?post=14678"}],"version-history":[{"count":7,"href":"https:\/\/hrmforce.com\/fr\/wp-json\/wp\/v2\/pages\/14678\/revisions"}],"predecessor-version":[{"id":24479,"href":"https:\/\/hrmforce.com\/fr\/wp-json\/wp\/v2\/pages\/14678\/revisions\/24479"}],"wp:featuredmedia":[{"embeddable":true,"href":"https:\/\/hrmforce.com\/fr\/wp-json\/wp\/v2\/media\/11486"}],"wp:attachment":[{"href":"https:\/\/hrmforce.com\/fr\/wp-json\/wp\/v2\/media?parent=14678"}],"curies":[{"name":"wp","href":"https:\/\/api.w.org\/{rel}","templated":true}]}}