{"id":14727,"date":"2021-10-15T09:02:13","date_gmt":"2021-10-15T07:02:13","guid":{"rendered":"https:\/\/hrmforce.com\/?page_id=14727"},"modified":"2022-11-15T14:50:33","modified_gmt":"2022-11-15T13:50:33","slug":"home","status":"publish","type":"page","link":"https:\/\/hrmforce.com\/fr\/","title":{"rendered":"Home"},"content":{"rendered":"<div class=\"wpb-content-wrapper\"><p>[vc_row css_animation=\u00a0\u00bb\u00a0\u00bb row_type=\u00a0\u00bbrow\u00a0\u00bb use_row_as_full_screen_section=\u00a0\u00bbno\u00a0\u00bb type=\u00a0\u00bbgrid\u00a0\u00bb angled_section=\u00a0\u00bbno\u00a0\u00bb text_align=\u00a0\u00bbleft\u00a0\u00bb background_image_as_pattern=\u00a0\u00bbwithout_pattern\u00a0\u00bb css=\u00a0\u00bb.vc_custom_1644355495465{background-color: #f3f1f0 !important;}\u00a0\u00bb z_index=\u00a0\u00bb\u00a0\u00bb el_class=\u00a0\u00bbrij1home\u00a0\u00bb][vc_column width=\u00a0\u00bb3\/5&Prime;][vc_column_text css=\u00a0\u00bb.vc_custom_1644354936424{margin-bottom: 20px !important;}\u00a0\u00bb]<\/p>\n<h1>hrmforce<\/h1>\n<p>[\/vc_column_text][qode_content_slider auto_rotate=\u00a0\u00bb5&Prime; direction_nav=\u00a0\u00bbno\u00a0\u00bb control_nav=\u00a0\u00bbyes\u00a0\u00bb pause_on_hover=\u00a0\u00bbyes\u00a0\u00bb][qode_content_slider_item][vc_column_text]<\/p>\n<h2>Am\u00e9liorez les performances de vos employ\u00e9s gr\u00e2ce \u00e0 notre logiciel de gestion des talents<\/h2>\n<p>[\/vc_column_text][\/qode_content_slider_item][qode_content_slider_item][vc_column_text]<\/p>\n<h2>Testez vos candidats avec nos \u00e9valuations<\/h2>\n<p>[\/vc_column_text][\/qode_content_slider_item][qode_content_slider_item][vc_column_text]<\/p>\n<h2>Faites \u00e9voluer vos employ\u00e9s gr\u00e2ce \u00e0 nos outils de d\u00e9veloppement<\/h2>\n<p>[\/vc_column_text][\/qode_content_slider_item][\/qode_content_slider]<a  itemprop=\"url\" href=\"https:\/\/hrmforce.com\/fr\/tests\/\" target=\"_self\"  class=\"qbutton  medium default\" style=\"color: #ffffff; background-color:#0e468c;\">Plus d'informations<\/a>[\/vc_column][vc_column width=\u00a0\u00bb2\/5&Prime;][\/vc_column][\/vc_row][vc_row row_type=\u00a0\u00bbparallax\u00a0\u00bb parallax_content_width=\u00a0\u00bbin_grid\u00a0\u00bb text_align=\u00a0\u00bbleft\u00a0\u00bb full_screen_section_height=\u00a0\u00bbno\u00a0\u00bb css=\u00a0\u00bb.vc_custom_1661337488811{background-color: #f3f1f0 !important;}\u00a0\u00bb background_image=\u00a0\u00bb16467&Prime; section_height=\u00a0\u00bb500&Prime; parallax_speed=\u00a0\u00bb2&Prime;][vc_column offset=\u00a0\u00bbvc_hidden-xs\u00a0\u00bb][\/vc_column][\/vc_row][vc_row css_animation=\u00a0\u00bb\u00a0\u00bb row_type=\u00a0\u00bbrow\u00a0\u00bb use_row_as_full_screen_section=\u00a0\u00bbno\u00a0\u00bb type=\u00a0\u00bbfull_width\u00a0\u00bb angled_section=\u00a0\u00bbno\u00a0\u00bb text_align=\u00a0\u00bbleft\u00a0\u00bb background_image_as_pattern=\u00a0\u00bbwithout_pattern\u00a0\u00bb css=\u00a0\u00bb.vc_custom_1646392917358{background-color: #f3f1f0 !important;}\u00a0\u00bb z_index=\u00a0\u00bb\u00a0\u00bb][vc_column offset=\u00a0\u00bbvc_hidden-lg vc_hidden-md vc_hidden-sm\u00a0\u00bb][vc_single_image image=\u00a0\u00bb16479&Prime; img_size=\u00a0\u00bbfull\u00a0\u00bb qode_css_animation=\u00a0\u00bb\u00a0\u00bb][\/vc_column][\/vc_row][vc_row css_animation=\u00a0\u00bb\u00a0\u00bb row_type=\u00a0\u00bbrow\u00a0\u00bb use_row_as_full_screen_section=\u00a0\u00bbno\u00a0\u00bb type=\u00a0\u00bbgrid\u00a0\u00bb angled_section=\u00a0\u00bbno\u00a0\u00bb text_align=\u00a0\u00bbcenter\u00a0\u00bb background_image_as_pattern=\u00a0\u00bbwithout_pattern\u00a0\u00bb z_index=\u00a0\u00bb\u00a0\u00bb el_class=\u00a0\u00bbbloklicht\u00a0\u00bb css=\u00a0\u00bb.vc_custom_1644243311764{background-color: #f3f1f0 !important;}\u00a0\u00bb][vc_column css=\u00a0\u00bb.vc_custom_1610307631595&Prime;][vc_row_inner row_type=\u00a0\u00bbrow\u00a0\u00bb type=\u00a0\u00bbfull_width\u00a0\u00bb text_align=\u00a0\u00bbcenter\u00a0\u00bb css_animation=\u00a0\u00bb\u00a0\u00bb][vc_column_inner width=\u00a0\u00bb1\/6&Prime;][\/vc_column_inner][vc_column_inner width=\u00a0\u00bb2\/3&Prime;][vc_column_text]<\/p>\n<h2>Complet et fiable<\/h2>\n<p>hrmforce est la plateforme de d\u00e9veloppement pour la gestion des talents qui conna\u00eet la croissance la plus rapide, avec la gamme d&rsquo;\u00e9valuations la plus compl\u00e8te des Pays-Bas. Toujours unique, bas\u00e9e sur la science et avec de nouvelles \u00e9valuations chaque mois. Accompagnement personnel, formation et transparence \u00e0 toutes les \u00e9tapes.[\/vc_column_text][\/vc_column_inner][vc_column_inner width=\u00a0\u00bb1\/6&Prime;][\/vc_column_inner][\/vc_row_inner][vc_empty_space height=\u00a0\u00bb50px\u00a0\u00bb][vc_row_inner row_type=\u00a0\u00bbrow\u00a0\u00bb type=\u00a0\u00bbfull_width\u00a0\u00bb text_align=\u00a0\u00bbleft\u00a0\u00bb css_animation=\u00a0\u00bb\u00a0\u00bb el_class=\u00a0\u00bbrijdrieblokken\u00a0\u00bb][vc_column_inner el_class=\u00a0\u00bbkolomhome\u00a0\u00bb width=\u00a0\u00bb1\/3&Prime; el_id=\u00a0\u00bbblok1&Prime;][vc_column_text]<\/p>\n<h3>\u00c9valuations<\/h3>\n<p>[\/vc_column_text][vc_column_text el_class=\u00a0\u00bbkolomhometekst\u00a0\u00bb]Id\u00e9al pour le recrutement et la s\u00e9lection de nouveaux talents\u2026[\/vc_column_text]<a  itemprop=\"url\" href=\"https:\/\/hrmforce.com\/en\/online-assessments\/\" target=\"_self\"  class=\"qbutton  medium left default\" style=\"color: #0e468c; \">Plus d'informations<\/a>[\/vc_column_inner][vc_column_inner el_class=\u00a0\u00bbkolomhome\u00a0\u00bb width=\u00a0\u00bb1\/3&Prime; el_id=\u00a0\u00bbblok2&Prime;][vc_column_text]<\/p>\n<h3>Solutions de GRH<\/h3>\n<p>[\/vc_column_text][vc_column_text el_class=\u00a0\u00bbkolomhometekst\u00a0\u00bb]Recrutement, D\u00e9veloppement, Employabilit\u00e9, TeamView &#8230;[\/vc_column_text]<a  itemprop=\"url\" href=\"https:\/\/hrmforce.com\/fr\/hrm-solutions\/\" target=\"_self\"  class=\"qbutton  medium left default\" style=\"color: #0e468c; \">Plus d'informations<\/a>[\/vc_column_inner][vc_column_inner el_class=\u00a0\u00bbkolomhome\u00a0\u00bb width=\u00a0\u00bb1\/3&Prime; el_id=\u00a0\u00bbblok3&Prime;][vc_column_text]<\/p>\n<h3>A propos de nous<\/h3>\n<p>[\/vc_column_text][vc_column_text el_class=\u00a0\u00bbkolomhometekst\u00a0\u00bb]En savoir plus sur nous et notre mode de fonctionnement&#8230;[\/vc_column_text]<a  itemprop=\"url\" href=\"https:\/\/hrmforce.com\/fr\/hrmforce\/\" target=\"_self\"  class=\"qbutton  medium left default\" style=\"color: #0e468c; \">Plus d'informations<\/a>[\/vc_column_inner][\/vc_row_inner][vc_empty_space height=\u00a0\u00bb100px\u00a0\u00bb][\/vc_column][\/vc_row]<\/p>\n<\/div>","protected":false},"excerpt":{"rendered":"<p>[vc_row css_animation=\u00a0\u00bb\u00a0\u00bb row_type=\u00a0\u00bbrow\u00a0\u00bb use_row_as_full_screen_section=\u00a0\u00bbno\u00a0\u00bb type=\u00a0\u00bbgrid\u00a0\u00bb angled_section=\u00a0\u00bbno\u00a0\u00bb text_align=\u00a0\u00bbleft\u00a0\u00bb background_image_as_pattern=\u00a0\u00bbwithout_pattern\u00a0\u00bb css=\u00a0\u00bb.vc_custom_1644355495465{background-color: #f3f1f0 !important;}\u00a0\u00bb z_index=\u00a0\u00bb\u00a0\u00bb el_class=\u00a0\u00bbrij1home\u00a0\u00bb][vc_column width=\u00a0\u00bb3\/5&Prime;][vc_column_text css=\u00a0\u00bb.vc_custom_1644354936424{margin-bottom: 20px !important;}\u00a0\u00bb] hrmforce [\/vc_column_text][qode_content_slider auto_rotate=\u00a0\u00bb5&Prime; direction_nav=\u00a0\u00bbno\u00a0\u00bb control_nav=\u00a0\u00bbyes\u00a0\u00bb pause_on_hover=\u00a0\u00bbyes\u00a0\u00bb][qode_content_slider_item][vc_column_text] Am\u00e9liorez les performances de vos employ\u00e9s gr\u00e2ce \u00e0 notre logiciel de gestion des talents [\/vc_column_text][\/qode_content_slider_item][qode_content_slider_item][vc_column_text] Testez vos candidats avec nos \u00e9valuations [\/vc_column_text][\/qode_content_slider_item][qode_content_slider_item][vc_column_text]&#8230;<\/p>\n","protected":false},"author":18,"featured_media":11486,"parent":0,"menu_order":0,"comment_status":"closed","ping_status":"closed","template":"full_width.php","meta":{"_acf_changed":false,"inline_featured_image":false,"footnotes":""},"class_list":["post-14727","page","type-page","status-publish","has-post-thumbnail","hentry"],"acf":[],"yoast_head":"<!-- This site is optimized with the Yoast SEO plugin v27.1.1 - https:\/\/yoast.com\/product\/yoast-seo-wordpress\/ -->\n<title>Home - hrmforce<\/title>\n<meta name=\"robots\" content=\"index, follow, max-snippet:-1, max-image-preview:large, max-video-preview:-1\" \/>\n<link rel=\"canonical\" href=\"https:\/\/hrmforce.com\/fr\/\" \/>\n<meta property=\"og:locale\" content=\"fr_FR\" \/>\n<meta property=\"og:type\" content=\"article\" \/>\n<meta property=\"og:title\" content=\"Home - hrmforce\" \/>\n<meta property=\"og:description\" content=\"[vc_row css_animation=\u00a0\u00bb\u00a0\u00bb row_type=\u00a0\u00bbrow\u00a0\u00bb use_row_as_full_screen_section=\u00a0\u00bbno\u00a0\u00bb type=\u00a0\u00bbgrid\u00a0\u00bb angled_section=\u00a0\u00bbno\u00a0\u00bb text_align=\u00a0\u00bbleft\u00a0\u00bb background_image_as_pattern=\u00a0\u00bbwithout_pattern\u00a0\u00bb css=\u00a0\u00bb.vc_custom_1644355495465{background-color: #f3f1f0 !important;}\u00a0\u00bb z_index=\u00a0\u00bb\u00a0\u00bb el_class=\u00a0\u00bbrij1home\u00a0\u00bb][vc_column width=\u00a0\u00bb3\/5&Prime;][vc_column_text css=\u00a0\u00bb.vc_custom_1644354936424{margin-bottom: 20px !important;}\u00a0\u00bb] hrmforce [\/vc_column_text][qode_content_slider auto_rotate=\u00a0\u00bb5&Prime; direction_nav=\u00a0\u00bbno\u00a0\u00bb control_nav=\u00a0\u00bbyes\u00a0\u00bb pause_on_hover=\u00a0\u00bbyes\u00a0\u00bb][qode_content_slider_item][vc_column_text] Am\u00e9liorez les performances de vos employ\u00e9s gr\u00e2ce \u00e0 notre logiciel de gestion des talents [\/vc_column_text][\/qode_content_slider_item][qode_content_slider_item][vc_column_text] Testez vos candidats avec nos \u00e9valuations [\/vc_column_text][\/qode_content_slider_item][qode_content_slider_item][vc_column_text]...\" \/>\n<meta property=\"og:url\" content=\"https:\/\/hrmforce.com\/fr\/\" \/>\n<meta property=\"og:site_name\" content=\"hrmforce\" \/>\n<meta property=\"article:publisher\" content=\"https:\/\/www.facebook.com\/hrmforceNL\/\" \/>\n<meta property=\"article:modified_time\" content=\"2022-11-15T13:50:33+00:00\" \/>\n<meta property=\"og:image\" content=\"https:\/\/hrmforce.com\/wp-content\/uploads\/2020\/07\/no-image.jpg\" \/>\n\t<meta property=\"og:image:width\" content=\"1024\" \/>\n\t<meta property=\"og:image:height\" content=\"683\" \/>\n\t<meta property=\"og:image:type\" content=\"image\/jpeg\" \/>\n<meta name=\"twitter:card\" content=\"summary_large_image\" \/>\n<meta name=\"twitter:label1\" content=\"Dur\u00e9e de lecture estim\u00e9e\" \/>\n\t<meta name=\"twitter:data1\" content=\"2 minutes\" \/>\n<script type=\"application\/ld+json\" class=\"yoast-schema-graph\">{\"@context\":\"https:\/\/schema.org\",\"@graph\":[{\"@type\":\"WebPage\",\"@id\":\"https:\/\/hrmforce.com\/fr\/\",\"url\":\"https:\/\/hrmforce.com\/fr\/\",\"name\":\"Home - hrmforce\",\"isPartOf\":{\"@id\":\"https:\/\/hrmforce.com\/fr\/#website\"},\"primaryImageOfPage\":{\"@id\":\"https:\/\/hrmforce.com\/fr\/#primaryimage\"},\"image\":{\"@id\":\"https:\/\/hrmforce.com\/fr\/#primaryimage\"},\"thumbnailUrl\":\"https:\/\/hrmforce.com\/wp-content\/uploads\/2020\/07\/no-image.jpg\",\"datePublished\":\"2021-10-15T07:02:13+00:00\",\"dateModified\":\"2022-11-15T13:50:33+00:00\",\"breadcrumb\":{\"@id\":\"https:\/\/hrmforce.com\/fr\/#breadcrumb\"},\"inLanguage\":\"fr-FR\",\"potentialAction\":[{\"@type\":\"ReadAction\",\"target\":[\"https:\/\/hrmforce.com\/fr\/\"]}]},{\"@type\":\"ImageObject\",\"inLanguage\":\"fr-FR\",\"@id\":\"https:\/\/hrmforce.com\/fr\/#primaryimage\",\"url\":\"https:\/\/hrmforce.com\/wp-content\/uploads\/2020\/07\/no-image.jpg\",\"contentUrl\":\"https:\/\/hrmforce.com\/wp-content\/uploads\/2020\/07\/no-image.jpg\",\"width\":1024,\"height\":683,\"caption\":\"Human resources management concept business man selecting virtual interface\"},{\"@type\":\"BreadcrumbList\",\"@id\":\"https:\/\/hrmforce.com\/fr\/#breadcrumb\",\"itemListElement\":[{\"@type\":\"ListItem\",\"position\":1,\"name\":\"Home\",\"item\":\"https:\/\/hrmforce.com\/fr\/\"},{\"@type\":\"ListItem\",\"position\":2,\"name\":\"Home\"}]},{\"@type\":\"WebSite\",\"@id\":\"https:\/\/hrmforce.com\/fr\/#website\",\"url\":\"https:\/\/hrmforce.com\/fr\/\",\"name\":\"hrmforce\",\"description\":\"people \u2022 performance \u2022 analytics\",\"publisher\":{\"@id\":\"https:\/\/hrmforce.com\/fr\/#organization\"},\"potentialAction\":[{\"@type\":\"SearchAction\",\"target\":{\"@type\":\"EntryPoint\",\"urlTemplate\":\"https:\/\/hrmforce.com\/fr\/?s={search_term_string}\"},\"query-input\":{\"@type\":\"PropertyValueSpecification\",\"valueRequired\":true,\"valueName\":\"search_term_string\"}}],\"inLanguage\":\"fr-FR\"},{\"@type\":\"Organization\",\"@id\":\"https:\/\/hrmforce.com\/fr\/#organization\",\"name\":\"hrmforce\",\"url\":\"https:\/\/hrmforce.com\/fr\/\",\"logo\":{\"@type\":\"ImageObject\",\"inLanguage\":\"fr-FR\",\"@id\":\"https:\/\/hrmforce.com\/fr\/#\/schema\/logo\/image\/\",\"url\":\"https:\/\/hrmforce.com\/wp-content\/uploads\/2018\/08\/logo-hrmforce.png\",\"contentUrl\":\"https:\/\/hrmforce.com\/wp-content\/uploads\/2018\/08\/logo-hrmforce.png\",\"width\":833,\"height\":189,\"caption\":\"hrmforce\"},\"image\":{\"@id\":\"https:\/\/hrmforce.com\/fr\/#\/schema\/logo\/image\/\"},\"sameAs\":[\"https:\/\/www.facebook.com\/hrmforceNL\/\",\"https:\/\/www.linkedin.com\/company\/hrmforce\/\"]}]}<\/script>\n<!-- \/ Yoast SEO plugin. -->","yoast_head_json":{"title":"Home - hrmforce","robots":{"index":"index","follow":"follow","max-snippet":"max-snippet:-1","max-image-preview":"max-image-preview:large","max-video-preview":"max-video-preview:-1"},"canonical":"https:\/\/hrmforce.com\/fr\/","og_locale":"fr_FR","og_type":"article","og_title":"Home - hrmforce","og_description":"[vc_row css_animation=\u00a0\u00bb\u00a0\u00bb row_type=\u00a0\u00bbrow\u00a0\u00bb use_row_as_full_screen_section=\u00a0\u00bbno\u00a0\u00bb type=\u00a0\u00bbgrid\u00a0\u00bb angled_section=\u00a0\u00bbno\u00a0\u00bb text_align=\u00a0\u00bbleft\u00a0\u00bb background_image_as_pattern=\u00a0\u00bbwithout_pattern\u00a0\u00bb css=\u00a0\u00bb.vc_custom_1644355495465{background-color: #f3f1f0 !important;}\u00a0\u00bb z_index=\u00a0\u00bb\u00a0\u00bb el_class=\u00a0\u00bbrij1home\u00a0\u00bb][vc_column width=\u00a0\u00bb3\/5&Prime;][vc_column_text css=\u00a0\u00bb.vc_custom_1644354936424{margin-bottom: 20px !important;}\u00a0\u00bb] hrmforce [\/vc_column_text][qode_content_slider auto_rotate=\u00a0\u00bb5&Prime; direction_nav=\u00a0\u00bbno\u00a0\u00bb control_nav=\u00a0\u00bbyes\u00a0\u00bb pause_on_hover=\u00a0\u00bbyes\u00a0\u00bb][qode_content_slider_item][vc_column_text] Am\u00e9liorez les performances de vos employ\u00e9s gr\u00e2ce \u00e0 notre logiciel de gestion des talents [\/vc_column_text][\/qode_content_slider_item][qode_content_slider_item][vc_column_text] Testez vos candidats avec nos \u00e9valuations [\/vc_column_text][\/qode_content_slider_item][qode_content_slider_item][vc_column_text]...","og_url":"https:\/\/hrmforce.com\/fr\/","og_site_name":"hrmforce","article_publisher":"https:\/\/www.facebook.com\/hrmforceNL\/","article_modified_time":"2022-11-15T13:50:33+00:00","og_image":[{"width":1024,"height":683,"url":"https:\/\/hrmforce.com\/wp-content\/uploads\/2020\/07\/no-image.jpg","type":"image\/jpeg"}],"twitter_card":"summary_large_image","twitter_misc":{"Dur\u00e9e de lecture estim\u00e9e":"2 minutes"},"schema":{"@context":"https:\/\/schema.org","@graph":[{"@type":"WebPage","@id":"https:\/\/hrmforce.com\/fr\/","url":"https:\/\/hrmforce.com\/fr\/","name":"Home - hrmforce","isPartOf":{"@id":"https:\/\/hrmforce.com\/fr\/#website"},"primaryImageOfPage":{"@id":"https:\/\/hrmforce.com\/fr\/#primaryimage"},"image":{"@id":"https:\/\/hrmforce.com\/fr\/#primaryimage"},"thumbnailUrl":"https:\/\/hrmforce.com\/wp-content\/uploads\/2020\/07\/no-image.jpg","datePublished":"2021-10-15T07:02:13+00:00","dateModified":"2022-11-15T13:50:33+00:00","breadcrumb":{"@id":"https:\/\/hrmforce.com\/fr\/#breadcrumb"},"inLanguage":"fr-FR","potentialAction":[{"@type":"ReadAction","target":["https:\/\/hrmforce.com\/fr\/"]}]},{"@type":"ImageObject","inLanguage":"fr-FR","@id":"https:\/\/hrmforce.com\/fr\/#primaryimage","url":"https:\/\/hrmforce.com\/wp-content\/uploads\/2020\/07\/no-image.jpg","contentUrl":"https:\/\/hrmforce.com\/wp-content\/uploads\/2020\/07\/no-image.jpg","width":1024,"height":683,"caption":"Human resources management concept business man selecting virtual interface"},{"@type":"BreadcrumbList","@id":"https:\/\/hrmforce.com\/fr\/#breadcrumb","itemListElement":[{"@type":"ListItem","position":1,"name":"Home","item":"https:\/\/hrmforce.com\/fr\/"},{"@type":"ListItem","position":2,"name":"Home"}]},{"@type":"WebSite","@id":"https:\/\/hrmforce.com\/fr\/#website","url":"https:\/\/hrmforce.com\/fr\/","name":"hrmforce","description":"people \u2022 performance \u2022 analytics","publisher":{"@id":"https:\/\/hrmforce.com\/fr\/#organization"},"potentialAction":[{"@type":"SearchAction","target":{"@type":"EntryPoint","urlTemplate":"https:\/\/hrmforce.com\/fr\/?s={search_term_string}"},"query-input":{"@type":"PropertyValueSpecification","valueRequired":true,"valueName":"search_term_string"}}],"inLanguage":"fr-FR"},{"@type":"Organization","@id":"https:\/\/hrmforce.com\/fr\/#organization","name":"hrmforce","url":"https:\/\/hrmforce.com\/fr\/","logo":{"@type":"ImageObject","inLanguage":"fr-FR","@id":"https:\/\/hrmforce.com\/fr\/#\/schema\/logo\/image\/","url":"https:\/\/hrmforce.com\/wp-content\/uploads\/2018\/08\/logo-hrmforce.png","contentUrl":"https:\/\/hrmforce.com\/wp-content\/uploads\/2018\/08\/logo-hrmforce.png","width":833,"height":189,"caption":"hrmforce"},"image":{"@id":"https:\/\/hrmforce.com\/fr\/#\/schema\/logo\/image\/"},"sameAs":["https:\/\/www.facebook.com\/hrmforceNL\/","https:\/\/www.linkedin.com\/company\/hrmforce\/"]}]}},"_links":{"self":[{"href":"https:\/\/hrmforce.com\/fr\/wp-json\/wp\/v2\/pages\/14727","targetHints":{"allow":["GET"]}}],"collection":[{"href":"https:\/\/hrmforce.com\/fr\/wp-json\/wp\/v2\/pages"}],"about":[{"href":"https:\/\/hrmforce.com\/fr\/wp-json\/wp\/v2\/types\/page"}],"author":[{"embeddable":true,"href":"https:\/\/hrmforce.com\/fr\/wp-json\/wp\/v2\/users\/18"}],"replies":[{"embeddable":true,"href":"https:\/\/hrmforce.com\/fr\/wp-json\/wp\/v2\/comments?post=14727"}],"version-history":[{"count":0,"href":"https:\/\/hrmforce.com\/fr\/wp-json\/wp\/v2\/pages\/14727\/revisions"}],"wp:featuredmedia":[{"embeddable":true,"href":"https:\/\/hrmforce.com\/fr\/wp-json\/wp\/v2\/media\/11486"}],"wp:attachment":[{"href":"https:\/\/hrmforce.com\/fr\/wp-json\/wp\/v2\/media?parent=14727"}],"curies":[{"name":"wp","href":"https:\/\/api.w.org\/{rel}","templated":true}]}}