{"id":14729,"date":"2021-10-15T09:04:58","date_gmt":"2021-10-15T07:04:58","guid":{"rendered":"https:\/\/hrmforce.com\/?page_id=14729"},"modified":"2022-11-29T22:11:31","modified_gmt":"2022-11-29T21:11:31","slug":"hrmforce","status":"publish","type":"page","link":"https:\/\/hrmforce.com\/fr\/hrmforce\/","title":{"rendered":"hrmforce"},"content":{"rendered":"<div class=\"wpb-content-wrapper\"><p>[vc_row css_animation=\u00a0\u00bb\u00a0\u00bb row_type=\u00a0\u00bbrow\u00a0\u00bb use_row_as_full_screen_section=\u00a0\u00bbno\u00a0\u00bb type=\u00a0\u00bbfull_width\u00a0\u00bb angled_section=\u00a0\u00bbno\u00a0\u00bb text_align=\u00a0\u00bbleft\u00a0\u00bb background_image_as_pattern=\u00a0\u00bbwithout_pattern\u00a0\u00bb el_class=\u00a0\u00bbrij1&Prime; z_index=\u00a0\u00bb\u00a0\u00bb][vc_column][vc_column_text]<\/p>\n<h2>hrmforce<\/h2>\n<p>En tant que principal fournisseur de logiciels de GRH, nous soutenons les organisations pour qu&rsquo;elles fonctionnent de mani\u00e8re plus efficace en instaurant de nouvelles m\u00e9thodes de travail et de nouveaux partenariats. \u00c9tant nous-m\u00eames des entrepreneurs, nous aidons nos clients \u00e0 d\u00e9velopper leurs organisations en les incitant \u00e0 coop\u00e9rer et \u00e0 \u00e9tablir des relations \u00e0 long terme. Tous ensemble, nous pourrons entreprendre de fa\u00e7on socialement responsable. Nous sommes actifs dans plusieurs pays. Les distributeurs locaux peuvent vous mettre en contact direct avec hrmforce. En outre, une \u00e9quipe d&rsquo;assistance internationale est pr\u00e9sente dans les pays indiqu\u00e9s ci-dessous.<\/p>\n<p><center><img loading=\"lazy\" decoding=\"async\" width=\"500\" height=\"310\" class=\"alignnone wp-image-6713\" src=\"https:\/\/hrmforce.com\/wp-content\/uploads\/2017\/02\/World_Supportteam-500x9999.png\" alt=\"\" \/><\/center>&nbsp;<\/p>\n<h2>Fourniture de logiciels pour GRH<\/h2>\n<p>Nous proposons aux organisations des technologies de l&rsquo;information en leur fournissant des tests en ligne avanc\u00e9s, des outils de GRH et un excellent niveau de service.[\/vc_column_text][\/vc_column][\/vc_row][vc_row css_animation=\u00a0\u00bb\u00a0\u00bb row_type=\u00a0\u00bbrow\u00a0\u00bb use_row_as_full_screen_section=\u00a0\u00bbno\u00a0\u00bb type=\u00a0\u00bbfull_width\u00a0\u00bb angled_section=\u00a0\u00bbno\u00a0\u00bb text_align=\u00a0\u00bbleft\u00a0\u00bb background_image_as_pattern=\u00a0\u00bbwithout_pattern\u00a0\u00bb css=\u00a0\u00bb.vc_custom_1597488557575{padding-top: 20px !important;padding-bottom: 20px !important;}\u00a0\u00bb z_index=\u00a0\u00bb\u00a0\u00bb][vc_column width=\u00a0\u00bb1\/4&Prime;][vc_column_text]<\/p>\n<h3><a href=\"https:\/\/hrmforce.com\/hrm-oplossingen\/recruitment\/\">Recrutement<\/a><\/h3>\n<p>[\/vc_column_text][\/vc_column][vc_column width=\u00a0\u00bb1\/4&Prime;][vc_column_text]<\/p>\n<h3><a href=\"https:\/\/hrmforce.com\/hrm-oplossingen\/development\/\">\u00c9volution<\/a><\/h3>\n<p>[\/vc_column_text][\/vc_column][vc_column width=\u00a0\u00bb1\/4&Prime;][vc_column_text]<\/p>\n<h3><a href=\"https:\/\/hrmforce.com\/hrm-oplossingen\/employability\/\">Employabilit\u00e9<\/a><\/h3>\n<p>[\/vc_column_text][\/vc_column][vc_column width=\u00a0\u00bb1\/4&Prime;][vc_column_text]<\/p>\n<h3><a href=\"https:\/\/hrmforce.com\/hrm-oplossingen\/hr-analytics\/\">Analyses<\/a><\/h3>\n<p>[\/vc_column_text][\/vc_column][\/vc_row][vc_row css_animation=\u00a0\u00bb\u00a0\u00bb row_type=\u00a0\u00bbrow\u00a0\u00bb use_row_as_full_screen_section=\u00a0\u00bbno\u00a0\u00bb type=\u00a0\u00bbfull_width\u00a0\u00bb angled_section=\u00a0\u00bbno\u00a0\u00bb text_align=\u00a0\u00bbleft\u00a0\u00bb background_image_as_pattern=\u00a0\u00bbwithout_pattern\u00a0\u00bb][vc_column][vc_column_text]<\/p>\n<h2>Logiciels et outils de GRH<\/h2>\n<p>Nous d\u00e9veloppons des solutions pour la gestion des effectifs dans le \u00ab\u00a0cloud\u00a0\u00bb. Cela va d&rsquo;un simple questionnaire de personnalit\u00e9 ou d&rsquo;intelligence \u00e0 un outil complet visant \u00e0 am\u00e9liorer le d\u00e9veloppement et \u00e0 accro\u00eetre les performances. Nous soutenons tous les processus cl\u00e9s de la GRH, tels que le recrutement, le d\u00e9veloppement, l&#8217;employabilit\u00e9 et les analyses RH. Gr\u00e2ce \u00e0 ces solutions, nous vous aidons \u00e0 mettre en place votre organisation de mani\u00e8re plus efficace. \u00c9tant donn\u00e9 que nous offrons un soutien \u00e0 chaque \u00e9tape du processus RH, nous offrons un niveau de service \u00e9lev\u00e9 \u00e0 nos clients.<\/p>\n<p>D\u00e9couvrez nos <strong><u><a href=\"https:\/\/hrmforce.com\/fr\/tests\/\">tests en ligne<\/a>.<\/u><\/strong><\/p>\n<p>&nbsp;<\/p>\n<h2>Notre vision en r\u00e9sume<\/h2>\n<p>Chez hrmforce, nous sommes conscients que les actions que nous menons ont un impact au-del\u00e0 de nos clients imm\u00e9diats. En effet, ils ont un effet sur les personnes pour lesquelles et avec lesquelles nous travaillons, sur la plan\u00e8te dans son ensemble et sur la soci\u00e9t\u00e9 dont nous faisons partie.<\/p>\n<p>Par cons\u00e9quent, nous nous effor\u00e7ons \u00e0 ce que nos activit\u00e9s aient le plus grand impact positif possible, tout en limitant au maximum les effets potentiellement n\u00e9gatifs. Nous entendons par responsabilit\u00e9 sociale, mener les affaires de mani\u00e8re responsable sur le plan \u00e9thique, social et environnemental, tout en pr\u00e9servant les objectifs de croissance et de profit de l&rsquo;entreprise.[\/vc_column_text][\/vc_column][\/vc_row]<\/p>\n<\/div>","protected":false},"excerpt":{"rendered":"<p>[vc_row css_animation=\u00a0\u00bb\u00a0\u00bb row_type=\u00a0\u00bbrow\u00a0\u00bb use_row_as_full_screen_section=\u00a0\u00bbno\u00a0\u00bb type=\u00a0\u00bbfull_width\u00a0\u00bb angled_section=\u00a0\u00bbno\u00a0\u00bb text_align=\u00a0\u00bbleft\u00a0\u00bb background_image_as_pattern=\u00a0\u00bbwithout_pattern\u00a0\u00bb el_class=\u00a0\u00bbrij1&Prime; z_index=\u00a0\u00bb\u00a0\u00bb][vc_column][vc_column_text] hrmforce En tant que principal fournisseur de logiciels de GRH, nous soutenons les organisations pour qu&rsquo;elles fonctionnent de mani\u00e8re plus efficace en instaurant de nouvelles m\u00e9thodes de travail et de nouveaux partenariats. \u00c9tant nous-m\u00eames des&#8230;<\/p>\n","protected":false},"author":18,"featured_media":11486,"parent":0,"menu_order":0,"comment_status":"closed","ping_status":"closed","template":"","meta":{"_acf_changed":false,"inline_featured_image":false,"footnotes":""},"class_list":["post-14729","page","type-page","status-publish","has-post-thumbnail","hentry"],"acf":[],"yoast_head":"<!-- This site is optimized with the Yoast SEO plugin v27.1.1 - https:\/\/yoast.com\/product\/yoast-seo-wordpress\/ -->\n<title>hrmforce - hrmforce<\/title>\n<meta name=\"robots\" content=\"index, follow, max-snippet:-1, max-image-preview:large, max-video-preview:-1\" \/>\n<link rel=\"canonical\" href=\"https:\/\/hrmforce.com\/fr\/hrmforce\/\" \/>\n<meta property=\"og:locale\" content=\"fr_FR\" \/>\n<meta property=\"og:type\" content=\"article\" \/>\n<meta property=\"og:title\" content=\"hrmforce - hrmforce\" \/>\n<meta property=\"og:description\" content=\"[vc_row css_animation=\u00a0\u00bb\u00a0\u00bb row_type=\u00a0\u00bbrow\u00a0\u00bb use_row_as_full_screen_section=\u00a0\u00bbno\u00a0\u00bb type=\u00a0\u00bbfull_width\u00a0\u00bb angled_section=\u00a0\u00bbno\u00a0\u00bb text_align=\u00a0\u00bbleft\u00a0\u00bb background_image_as_pattern=\u00a0\u00bbwithout_pattern\u00a0\u00bb el_class=\u00a0\u00bbrij1&Prime; z_index=\u00a0\u00bb\u00a0\u00bb][vc_column][vc_column_text] hrmforce En tant que principal fournisseur de logiciels de GRH, nous soutenons les organisations pour qu&rsquo;elles fonctionnent de mani\u00e8re plus efficace en instaurant de nouvelles m\u00e9thodes de travail et de nouveaux partenariats. \u00c9tant nous-m\u00eames des...\" \/>\n<meta property=\"og:url\" content=\"https:\/\/hrmforce.com\/fr\/hrmforce\/\" \/>\n<meta property=\"og:site_name\" content=\"hrmforce\" \/>\n<meta property=\"article:publisher\" content=\"https:\/\/www.facebook.com\/hrmforceNL\/\" \/>\n<meta property=\"article:modified_time\" content=\"2022-11-29T21:11:31+00:00\" \/>\n<meta property=\"og:image\" content=\"https:\/\/hrmforce.com\/wp-content\/uploads\/2020\/07\/no-image.jpg\" \/>\n\t<meta property=\"og:image:width\" content=\"1024\" \/>\n\t<meta property=\"og:image:height\" content=\"683\" \/>\n\t<meta property=\"og:image:type\" content=\"image\/jpeg\" \/>\n<meta name=\"twitter:card\" content=\"summary_large_image\" \/>\n<meta name=\"twitter:label1\" content=\"Dur\u00e9e de lecture estim\u00e9e\" \/>\n\t<meta name=\"twitter:data1\" content=\"3 minutes\" \/>\n<script type=\"application\/ld+json\" class=\"yoast-schema-graph\">{\"@context\":\"https:\/\/schema.org\",\"@graph\":[{\"@type\":\"WebPage\",\"@id\":\"https:\/\/hrmforce.com\/fr\/hrmforce\/\",\"url\":\"https:\/\/hrmforce.com\/fr\/hrmforce\/\",\"name\":\"hrmforce - hrmforce\",\"isPartOf\":{\"@id\":\"https:\/\/hrmforce.com\/fr\/#website\"},\"primaryImageOfPage\":{\"@id\":\"https:\/\/hrmforce.com\/fr\/hrmforce\/#primaryimage\"},\"image\":{\"@id\":\"https:\/\/hrmforce.com\/fr\/hrmforce\/#primaryimage\"},\"thumbnailUrl\":\"https:\/\/hrmforce.com\/wp-content\/uploads\/2020\/07\/no-image.jpg\",\"datePublished\":\"2021-10-15T07:04:58+00:00\",\"dateModified\":\"2022-11-29T21:11:31+00:00\",\"breadcrumb\":{\"@id\":\"https:\/\/hrmforce.com\/fr\/hrmforce\/#breadcrumb\"},\"inLanguage\":\"fr-FR\",\"potentialAction\":[{\"@type\":\"ReadAction\",\"target\":[\"https:\/\/hrmforce.com\/fr\/hrmforce\/\"]}]},{\"@type\":\"ImageObject\",\"inLanguage\":\"fr-FR\",\"@id\":\"https:\/\/hrmforce.com\/fr\/hrmforce\/#primaryimage\",\"url\":\"https:\/\/hrmforce.com\/wp-content\/uploads\/2020\/07\/no-image.jpg\",\"contentUrl\":\"https:\/\/hrmforce.com\/wp-content\/uploads\/2020\/07\/no-image.jpg\",\"width\":1024,\"height\":683,\"caption\":\"Human resources management concept business man selecting virtual interface\"},{\"@type\":\"BreadcrumbList\",\"@id\":\"https:\/\/hrmforce.com\/fr\/hrmforce\/#breadcrumb\",\"itemListElement\":[{\"@type\":\"ListItem\",\"position\":1,\"name\":\"Home\",\"item\":\"https:\/\/hrmforce.com\/fr\/\"},{\"@type\":\"ListItem\",\"position\":2,\"name\":\"hrmforce\"}]},{\"@type\":\"WebSite\",\"@id\":\"https:\/\/hrmforce.com\/fr\/#website\",\"url\":\"https:\/\/hrmforce.com\/fr\/\",\"name\":\"hrmforce\",\"description\":\"people \u2022 performance \u2022 analytics\",\"publisher\":{\"@id\":\"https:\/\/hrmforce.com\/fr\/#organization\"},\"potentialAction\":[{\"@type\":\"SearchAction\",\"target\":{\"@type\":\"EntryPoint\",\"urlTemplate\":\"https:\/\/hrmforce.com\/fr\/?s={search_term_string}\"},\"query-input\":{\"@type\":\"PropertyValueSpecification\",\"valueRequired\":true,\"valueName\":\"search_term_string\"}}],\"inLanguage\":\"fr-FR\"},{\"@type\":\"Organization\",\"@id\":\"https:\/\/hrmforce.com\/fr\/#organization\",\"name\":\"hrmforce\",\"url\":\"https:\/\/hrmforce.com\/fr\/\",\"logo\":{\"@type\":\"ImageObject\",\"inLanguage\":\"fr-FR\",\"@id\":\"https:\/\/hrmforce.com\/fr\/#\/schema\/logo\/image\/\",\"url\":\"https:\/\/hrmforce.com\/wp-content\/uploads\/2018\/08\/logo-hrmforce.png\",\"contentUrl\":\"https:\/\/hrmforce.com\/wp-content\/uploads\/2018\/08\/logo-hrmforce.png\",\"width\":833,\"height\":189,\"caption\":\"hrmforce\"},\"image\":{\"@id\":\"https:\/\/hrmforce.com\/fr\/#\/schema\/logo\/image\/\"},\"sameAs\":[\"https:\/\/www.facebook.com\/hrmforceNL\/\",\"https:\/\/www.linkedin.com\/company\/hrmforce\/\"]}]}<\/script>\n<!-- \/ Yoast SEO plugin. -->","yoast_head_json":{"title":"hrmforce - hrmforce","robots":{"index":"index","follow":"follow","max-snippet":"max-snippet:-1","max-image-preview":"max-image-preview:large","max-video-preview":"max-video-preview:-1"},"canonical":"https:\/\/hrmforce.com\/fr\/hrmforce\/","og_locale":"fr_FR","og_type":"article","og_title":"hrmforce - hrmforce","og_description":"[vc_row css_animation=\u00a0\u00bb\u00a0\u00bb row_type=\u00a0\u00bbrow\u00a0\u00bb use_row_as_full_screen_section=\u00a0\u00bbno\u00a0\u00bb type=\u00a0\u00bbfull_width\u00a0\u00bb angled_section=\u00a0\u00bbno\u00a0\u00bb text_align=\u00a0\u00bbleft\u00a0\u00bb background_image_as_pattern=\u00a0\u00bbwithout_pattern\u00a0\u00bb el_class=\u00a0\u00bbrij1&Prime; z_index=\u00a0\u00bb\u00a0\u00bb][vc_column][vc_column_text] hrmforce En tant que principal fournisseur de logiciels de GRH, nous soutenons les organisations pour qu&rsquo;elles fonctionnent de mani\u00e8re plus efficace en instaurant de nouvelles m\u00e9thodes de travail et de nouveaux partenariats. \u00c9tant nous-m\u00eames des...","og_url":"https:\/\/hrmforce.com\/fr\/hrmforce\/","og_site_name":"hrmforce","article_publisher":"https:\/\/www.facebook.com\/hrmforceNL\/","article_modified_time":"2022-11-29T21:11:31+00:00","og_image":[{"width":1024,"height":683,"url":"https:\/\/hrmforce.com\/wp-content\/uploads\/2020\/07\/no-image.jpg","type":"image\/jpeg"}],"twitter_card":"summary_large_image","twitter_misc":{"Dur\u00e9e de lecture estim\u00e9e":"3 minutes"},"schema":{"@context":"https:\/\/schema.org","@graph":[{"@type":"WebPage","@id":"https:\/\/hrmforce.com\/fr\/hrmforce\/","url":"https:\/\/hrmforce.com\/fr\/hrmforce\/","name":"hrmforce - hrmforce","isPartOf":{"@id":"https:\/\/hrmforce.com\/fr\/#website"},"primaryImageOfPage":{"@id":"https:\/\/hrmforce.com\/fr\/hrmforce\/#primaryimage"},"image":{"@id":"https:\/\/hrmforce.com\/fr\/hrmforce\/#primaryimage"},"thumbnailUrl":"https:\/\/hrmforce.com\/wp-content\/uploads\/2020\/07\/no-image.jpg","datePublished":"2021-10-15T07:04:58+00:00","dateModified":"2022-11-29T21:11:31+00:00","breadcrumb":{"@id":"https:\/\/hrmforce.com\/fr\/hrmforce\/#breadcrumb"},"inLanguage":"fr-FR","potentialAction":[{"@type":"ReadAction","target":["https:\/\/hrmforce.com\/fr\/hrmforce\/"]}]},{"@type":"ImageObject","inLanguage":"fr-FR","@id":"https:\/\/hrmforce.com\/fr\/hrmforce\/#primaryimage","url":"https:\/\/hrmforce.com\/wp-content\/uploads\/2020\/07\/no-image.jpg","contentUrl":"https:\/\/hrmforce.com\/wp-content\/uploads\/2020\/07\/no-image.jpg","width":1024,"height":683,"caption":"Human resources management concept business man selecting virtual interface"},{"@type":"BreadcrumbList","@id":"https:\/\/hrmforce.com\/fr\/hrmforce\/#breadcrumb","itemListElement":[{"@type":"ListItem","position":1,"name":"Home","item":"https:\/\/hrmforce.com\/fr\/"},{"@type":"ListItem","position":2,"name":"hrmforce"}]},{"@type":"WebSite","@id":"https:\/\/hrmforce.com\/fr\/#website","url":"https:\/\/hrmforce.com\/fr\/","name":"hrmforce","description":"people \u2022 performance \u2022 analytics","publisher":{"@id":"https:\/\/hrmforce.com\/fr\/#organization"},"potentialAction":[{"@type":"SearchAction","target":{"@type":"EntryPoint","urlTemplate":"https:\/\/hrmforce.com\/fr\/?s={search_term_string}"},"query-input":{"@type":"PropertyValueSpecification","valueRequired":true,"valueName":"search_term_string"}}],"inLanguage":"fr-FR"},{"@type":"Organization","@id":"https:\/\/hrmforce.com\/fr\/#organization","name":"hrmforce","url":"https:\/\/hrmforce.com\/fr\/","logo":{"@type":"ImageObject","inLanguage":"fr-FR","@id":"https:\/\/hrmforce.com\/fr\/#\/schema\/logo\/image\/","url":"https:\/\/hrmforce.com\/wp-content\/uploads\/2018\/08\/logo-hrmforce.png","contentUrl":"https:\/\/hrmforce.com\/wp-content\/uploads\/2018\/08\/logo-hrmforce.png","width":833,"height":189,"caption":"hrmforce"},"image":{"@id":"https:\/\/hrmforce.com\/fr\/#\/schema\/logo\/image\/"},"sameAs":["https:\/\/www.facebook.com\/hrmforceNL\/","https:\/\/www.linkedin.com\/company\/hrmforce\/"]}]}},"_links":{"self":[{"href":"https:\/\/hrmforce.com\/fr\/wp-json\/wp\/v2\/pages\/14729","targetHints":{"allow":["GET"]}}],"collection":[{"href":"https:\/\/hrmforce.com\/fr\/wp-json\/wp\/v2\/pages"}],"about":[{"href":"https:\/\/hrmforce.com\/fr\/wp-json\/wp\/v2\/types\/page"}],"author":[{"embeddable":true,"href":"https:\/\/hrmforce.com\/fr\/wp-json\/wp\/v2\/users\/18"}],"replies":[{"embeddable":true,"href":"https:\/\/hrmforce.com\/fr\/wp-json\/wp\/v2\/comments?post=14729"}],"version-history":[{"count":0,"href":"https:\/\/hrmforce.com\/fr\/wp-json\/wp\/v2\/pages\/14729\/revisions"}],"wp:featuredmedia":[{"embeddable":true,"href":"https:\/\/hrmforce.com\/fr\/wp-json\/wp\/v2\/media\/11486"}],"wp:attachment":[{"href":"https:\/\/hrmforce.com\/fr\/wp-json\/wp\/v2\/media?parent=14729"}],"curies":[{"name":"wp","href":"https:\/\/api.w.org\/{rel}","templated":true}]}}