{"id":14811,"date":"2021-10-27T17:22:23","date_gmt":"2021-10-27T15:22:23","guid":{"rendered":"https:\/\/hrmforce.com\/?page_id=14811"},"modified":"2022-03-24T17:38:38","modified_gmt":"2022-03-24T16:38:38","slug":"demander-une-demo","status":"publish","type":"page","link":"https:\/\/hrmforce.com\/fr\/demander-une-demo\/","title":{"rendered":"Demander une d\u00e9mo"},"content":{"rendered":"<div class=\"wpb-content-wrapper\"><p>[vc_row css_animation=\u00a0\u00bb\u00a0\u00bb row_type=\u00a0\u00bbrow\u00a0\u00bb use_row_as_full_screen_section=\u00a0\u00bbno\u00a0\u00bb type=\u00a0\u00bbfull_width\u00a0\u00bb angled_section=\u00a0\u00bbno\u00a0\u00bb text_align=\u00a0\u00bbleft\u00a0\u00bb background_image_as_pattern=\u00a0\u00bbwithout_pattern\u00a0\u00bb][vc_column][vc_column_text]<\/p>\n<h1><strong>VOULEZ-VOUS ESSAYER HRMFORCE?<\/strong><\/h1>\n<p>[\/vc_column_text][vc_row_inner row_type=\u00a0\u00bbrow\u00a0\u00bb type=\u00a0\u00bbfull_width\u00a0\u00bb text_align=\u00a0\u00bbleft\u00a0\u00bb css_animation=\u00a0\u00bb\u00a0\u00bb][vc_column_inner width=\u00a0\u00bb1\/2&Prime;][vc_column_text]Nous sommes convaincus de la qualit\u00e9 de nos \u00e9valuations et de nos solutions de GRH. Vous voulez en faire l&rsquo;exp\u00e9rience par vous-m\u00eame ? Veuillez remplir le formulaire ci-dessous. L&rsquo;un de nos conseillers vous contactera (sans engagement) pour une d\u00e9monstration gratuite de hrmforce.<\/p>\n<p>Pour toute question, n&rsquo;h\u00e9sitez pas \u00e0 contacter l&rsquo;un de nos conseillers.<\/p>\n<p><strong>T\u00e9l\u00a0:<\/strong>\u00a0<a href=\"tel:+31888832188\"><strong>+31 (0)88 88 321 88<\/strong><\/a><br \/>\n<strong>E-mail\u00a0:<\/strong>\u00a0<a href=\"mailto:service@hrmforce.com\"><strong>service@hrmforce.com<\/strong><\/a><\/p>\n<p>Nos conseillers sont disponibles du lundi au vendredi de 08h00 \u00e0 18h00.<\/p>\n<h2>Aanvraagformulier:<\/h2>\n<div class=\"frm_forms  with_frm_style frm_style_formidable-style-2\" id=\"frm_form_39_container\" >\n<form enctype=\"multipart\/form-data\" method=\"post\" class=\"frm-show-form  frm_pro_form \" id=\"form_xyr7452a6974c8d\" >\n<div class=\"frm_form_fields \">\n<fieldset>\n<legend class=\"frm_hidden\">CTA Block FR<\/legend>\r\n\r\n<div class=\"frm_fields_container\">\n<input type=\"hidden\" name=\"frm_action\" value=\"create\" \/>\n<input type=\"hidden\" name=\"form_id\" value=\"39\" \/>\n<input type=\"hidden\" name=\"frm_hide_fields_39\" id=\"frm_hide_fields_39\" value=\"\" \/>\n<input type=\"hidden\" name=\"form_key\" value=\"xyr7452a6974c8d\" \/>\n<input type=\"hidden\" name=\"item_meta[0]\" value=\"\" \/>\n<input type=\"hidden\" id=\"frm_submit_entry_39\" name=\"frm_submit_entry_39\" value=\"9ea3b5a4af\" \/><input type=\"hidden\" name=\"_wp_http_referer\" value=\"\/fr\/wp-json\/wp\/v2\/pages\/14811\" \/><div id=\"frm_field_314_container\" class=\"frm_form_field form-field  frm_left_container vertical_radio\">\r\n    <label for=\"field_7qgi6106c259c8c\" class=\"frm_primary_label\">En-t\u00eate\r\n        <span class=\"frm_required\"><\/span>\r\n    <\/label>\r\n    <div class=\"frm_opt_container\">\t\t<div class=\"frm_radio\" id=\"frm_radio_314-0\">\t\t\t<label  for=\"field_7qgi6106c259c8c-0\">\n\t\t\t\t\t<input type=\"radio\" name=\"item_meta[314]\" id=\"field_7qgi6106c259c8c-0\" value=\"M.\"\n\t\t data-invmsg=\"En-t\u00eate est non valide\"   \/> M.<\/label><\/div>\n\t\t<div class=\"frm_radio\" id=\"frm_radio_314-1\">\t\t\t<label  for=\"field_7qgi6106c259c8c-1\">\n\t\t\t\t\t<input type=\"radio\" name=\"item_meta[314]\" id=\"field_7qgi6106c259c8c-1\" value=\"Mme.\"\n\t\t data-invmsg=\"En-t\u00eate est non valide\"   \/> Mme.<\/label><\/div>\n<\/div>\r\n    \r\n    \r\n<\/div>\n<div id=\"frm_field_315_container\" class=\"frm_form_field form-field  frm_required_field frm_left_container\">\r\n    <label for=\"field_e9fve64a0e1857a\" class=\"frm_primary_label\">Pr\u00e9nom \r\n        <span class=\"frm_required\">*<\/span>\r\n    <\/label>\r\n    <input  type=\"text\" id=\"field_e9fve64a0e1857a\" name=\"item_meta[315]\" value=\"\"  data-reqmsg=\"Dit veld mag niet leeg zijn.\" aria-required=\"true\" data-invmsg=\"Voornaam is invalid\" aria-invalid=\"false\"   \/>\r\n    \r\n    \r\n<\/div>\n<div id=\"frm_field_316_container\" class=\"frm_form_field form-field  frm_required_field frm_left_container\">\r\n    <label for=\"field_vlm2554c36cacf2\" class=\"frm_primary_label\">Nom de famille\r\n        <span class=\"frm_required\">*<\/span>\r\n    <\/label>\r\n    <input  type=\"text\" id=\"field_vlm2554c36cacf2\" name=\"item_meta[316]\" value=\"\"  data-reqmsg=\"Dit veld mag niet leeg zijn.\" aria-required=\"true\" data-invmsg=\"Achternaam is invalid\" aria-invalid=\"false\"   \/>\r\n    \r\n    \r\n<\/div>\n<div id=\"frm_field_317_container\" class=\"frm_form_field form-field  frm_required_field frm_left_container\">\r\n    <label for=\"field_458tw4c163cb3f8\" class=\"frm_primary_label\">Nom de la soci\u00e9t\u00e9\r\n        <span class=\"frm_required\">*<\/span>\r\n    <\/label>\r\n    <input  type=\"text\" id=\"field_458tw4c163cb3f8\" name=\"item_meta[317]\" value=\"\"  data-reqmsg=\"Dit veld mag niet leeg zijn.\" aria-required=\"true\" data-invmsg=\"Bedrijfsnaam is invalid\" aria-invalid=\"false\"   \/>\r\n    \r\n    \r\n<\/div>\n<div id=\"frm_field_318_container\" class=\"frm_form_field form-field  frm_required_field frm_left_container\">\r\n    <label for=\"field_ie66l621c0d0cdf\" class=\"frm_primary_label\">Num\u00e9ro de t\u00e9l\u00e9phone\r\n        <span class=\"frm_required\">*<\/span>\r\n    <\/label>\r\n    <input  type=\"text\" id=\"field_ie66l621c0d0cdf\" name=\"item_meta[318]\" value=\"\"  data-reqmsg=\"Dit veld mag niet leeg zijn.\" aria-required=\"true\" data-invmsg=\"Telefoonnummer is invalid\" aria-invalid=\"false\"   \/>\r\n    \r\n    \r\n<\/div>\n<div id=\"frm_field_319_container\" class=\"frm_form_field form-field  frm_required_field frm_left_container\">\r\n    <label for=\"field_vsbr103aa630847\" class=\"frm_primary_label\">E-mail professionnel \r\n        <span class=\"frm_required\">*<\/span>\r\n    <\/label>\r\n    <input  type=\"text\" id=\"field_vsbr103aa630847\" name=\"item_meta[319]\" value=\"\"  data-reqmsg=\"Dit veld mag niet leeg zijn.\" aria-required=\"true\" data-invmsg=\"E-mailadres is invalid\" aria-invalid=\"false\"   \/>\r\n    \r\n    \r\n<\/div>\n<div id=\"frm_field_320_container\" class=\"frm_form_field form-field  frm_required_field frm_top_container vertical_radio\">\r\n    <label for=\"field_wtgara2df89211e\" class=\"frm_primary_label\">Je suis int\u00e9ress\u00e9(e) par \r\n        <span class=\"frm_required\">*<\/span>\r\n    <\/label>\r\n    <div class=\"frm_opt_container\">\t\t<div class=\"frm_checkbox\" id=\"frm_checkbox_320-0\">\t\t\t<label  for=\"field_wtgara2df89211e-0\">\n\t\t\t<input type=\"checkbox\" name=\"item_meta[320][]\" id=\"field_wtgara2df89211e-0\" value=\"Une \u00e9valuation sp\u00e9cifique en ligne\"  data-reqmsg=\"Je suis int\u00e9ress\u00e9(e) par  cannot be blank.\" data-invmsg=\"Je suis int\u00e9ress\u00e9(e) par  est non valide\"   aria-required=\"true\"  \/> Une \u00e9valuation sp\u00e9cifique en ligne<\/label><\/div>\n\t\t<div class=\"frm_checkbox\" id=\"frm_checkbox_320-1\">\t\t\t<label  for=\"field_wtgara2df89211e-1\">\n\t\t\t<input type=\"checkbox\" name=\"item_meta[320][]\" id=\"field_wtgara2df89211e-1\" value=\"Plusieurs \u00e9valuations en ligne\"  data-reqmsg=\"Je suis int\u00e9ress\u00e9(e) par  cannot be blank.\" data-invmsg=\"Je suis int\u00e9ress\u00e9(e) par  est non valide\"   \/> Plusieurs \u00e9valuations en ligne<\/label><\/div>\n\t\t<div class=\"frm_checkbox\" id=\"frm_checkbox_320-5\">\t\t\t<label  for=\"field_wtgara2df89211e-5\">\n\t\t\t<input type=\"checkbox\" name=\"item_meta[320][]\" id=\"field_wtgara2df89211e-5\" value=\"Solutions HRM\"  data-reqmsg=\"Je suis int\u00e9ress\u00e9(e) par  cannot be blank.\" data-invmsg=\"Je suis int\u00e9ress\u00e9(e) par  est non valide\"   \/> Solutions HRM<\/label><\/div>\n\t\t<div class=\"frm_checkbox\" id=\"frm_checkbox_320-7\">\t\t\t<label  for=\"field_wtgara2df89211e-7\">\n\t\t\t<input type=\"checkbox\" name=\"item_meta[320][]\" id=\"field_wtgara2df89211e-7\" value=\"Une licence hrmforce\"  data-reqmsg=\"Je suis int\u00e9ress\u00e9(e) par  cannot be blank.\" data-invmsg=\"Je suis int\u00e9ress\u00e9(e) par  est non valide\"   \/> Une licence hrmforce<\/label><\/div>\n\t\t<div class=\"frm_checkbox\" id=\"frm_checkbox_320-10\">\t\t\t<label  for=\"field_wtgara2df89211e-10\">\n\t\t\t<input type=\"checkbox\" name=\"item_meta[320][]\" id=\"field_wtgara2df89211e-10\" value=\"Autre\"  data-reqmsg=\"Je suis int\u00e9ress\u00e9(e) par  cannot be blank.\" data-invmsg=\"Je suis int\u00e9ress\u00e9(e) par  est non valide\"   \/> Autre<\/label><\/div>\n<\/div>\r\n    \r\n    \r\n<\/div>\n<div id=\"frm_field_321_container\" class=\"frm_form_field form-field  frm_required_field frm_top_container vertical_radio\">\r\n    <div  id=\"field_5f14m6502ed0f76_label\" class=\"frm_primary_label\">Combien d'utilisateurs\/candidats sont concern\u00e9s ? \r\n        <span class=\"frm_required\">*<\/span>\r\n    <\/div>\r\n    <div class=\"frm_opt_container\" aria-labelledby=\"field_5f14m6502ed0f76_label\" role=\"radiogroup\" aria-required=\"true\">\t\t<div class=\"frm_radio\" id=\"frm_radio_321-0\">\t\t\t<label  for=\"field_5f14m6502ed0f76-0\">\n\t\t\t\t\t<input type=\"radio\" name=\"item_meta[321]\" id=\"field_5f14m6502ed0f76-0\" value=\"1 - priv\u00e9\"\n\t\t data-reqmsg=\"Combien d&#039;utilisateurs\/candidats sont concern\u00e9s ?  cannot be blank.\" data-invmsg=\"Combien d&#039;utilisateurs\/candidats sont concern\u00e9s ?  est non valide\"   \/> 1 - priv\u00e9<\/label><\/div>\n\t\t<div class=\"frm_radio\" id=\"frm_radio_321-9\">\t\t\t<label  for=\"field_5f14m6502ed0f76-9\">\n\t\t\t\t\t<input type=\"radio\" name=\"item_meta[321]\" id=\"field_5f14m6502ed0f76-9\" value=\"1 - professionnel\"\n\t\t data-reqmsg=\"Combien d&#039;utilisateurs\/candidats sont concern\u00e9s ?  cannot be blank.\" data-invmsg=\"Combien d&#039;utilisateurs\/candidats sont concern\u00e9s ?  est non valide\"   \/> 1 - professionnel<\/label><\/div>\n\t\t<div class=\"frm_radio\" id=\"frm_radio_321-1\">\t\t\t<label  for=\"field_5f14m6502ed0f76-1\">\n\t\t\t\t\t<input type=\"radio\" name=\"item_meta[321]\" id=\"field_5f14m6502ed0f76-1\" value=\"2-10\"\n\t\t data-reqmsg=\"Combien d&#039;utilisateurs\/candidats sont concern\u00e9s ?  cannot be blank.\" data-invmsg=\"Combien d&#039;utilisateurs\/candidats sont concern\u00e9s ?  est non valide\"   \/> 2-10<\/label><\/div>\n\t\t<div class=\"frm_radio\" id=\"frm_radio_321-2\">\t\t\t<label  for=\"field_5f14m6502ed0f76-2\">\n\t\t\t\t\t<input type=\"radio\" name=\"item_meta[321]\" id=\"field_5f14m6502ed0f76-2\" value=\"11-50\"\n\t\t data-reqmsg=\"Combien d&#039;utilisateurs\/candidats sont concern\u00e9s ?  cannot be blank.\" data-invmsg=\"Combien d&#039;utilisateurs\/candidats sont concern\u00e9s ?  est non valide\"   \/> 11-50<\/label><\/div>\n\t\t<div class=\"frm_radio\" id=\"frm_radio_321-3\">\t\t\t<label  for=\"field_5f14m6502ed0f76-3\">\n\t\t\t\t\t<input type=\"radio\" name=\"item_meta[321]\" id=\"field_5f14m6502ed0f76-3\" value=\"51-100\"\n\t\t data-reqmsg=\"Combien d&#039;utilisateurs\/candidats sont concern\u00e9s ?  cannot be blank.\" data-invmsg=\"Combien d&#039;utilisateurs\/candidats sont concern\u00e9s ?  est non valide\"   \/> 51-100<\/label><\/div>\n\t\t<div class=\"frm_radio\" id=\"frm_radio_321-7\">\t\t\t<label  for=\"field_5f14m6502ed0f76-7\">\n\t\t\t\t\t<input type=\"radio\" name=\"item_meta[321]\" id=\"field_5f14m6502ed0f76-7\" value=\"101-250\"\n\t\t data-reqmsg=\"Combien d&#039;utilisateurs\/candidats sont concern\u00e9s ?  cannot be blank.\" data-invmsg=\"Combien d&#039;utilisateurs\/candidats sont concern\u00e9s ?  est non valide\"   \/> 101-250<\/label><\/div>\n\t\t<div class=\"frm_radio\" id=\"frm_radio_321-8\">\t\t\t<label  for=\"field_5f14m6502ed0f76-8\">\n\t\t\t\t\t<input type=\"radio\" name=\"item_meta[321]\" id=\"field_5f14m6502ed0f76-8\" value=\"250+\"\n\t\t data-reqmsg=\"Combien d&#039;utilisateurs\/candidats sont concern\u00e9s ?  cannot be blank.\" data-invmsg=\"Combien d&#039;utilisateurs\/candidats sont concern\u00e9s ?  est non valide\"   \/> 250+<\/label><\/div>\n<\/div>\r\n    \r\n    \r\n<\/div>\n<div id=\"frm_field_322_container\" class=\"frm_form_field form-field  frm_top_container\">\r\n    <label for=\"field_khftv366be6edbf\" class=\"frm_primary_label\">Annexe\r\n        <span class=\"frm_required\"><\/span>\r\n    <\/label>\r\n    <textarea name=\"item_meta[322]\" id=\"field_khftv366be6edbf\"  data-invmsg=\"Annexe est non valide\" aria-invalid=\"false\"  ><\/textarea>\r\n    \r\n    \r\n<\/div>\n<div id=\"frm_field_323_container\" class=\"frm_form_field form-field  frm_top_container\">\r\n    <label  class=\"frm_primary_label\">reCAPTCHA\r\n        <span class=\"frm_required\"><\/span>\r\n    <\/label>\r\n    <div  id=\"field_hvr8j70adfec6ea\" class=\"frm-g-recaptcha\" data-sitekey=\"6LcLmRMiAAAAAKW7eso6s5Yrk1q4hVj6725JTffg\" data-size=\"normal\" data-theme=\"light\"><\/div>\r\n    \r\n    \r\n<\/div>\n\t<input type=\"hidden\" name=\"item_key\" value=\"\" \/>\n\t\t\t<div id=\"frm_field_542_container\">\n\t\t\t<label for=\"field_adfz1\" >\n\t\t\t\tSi vous \u00eates un humain, ne remplissez pas ce champ.\t\t\t<\/label>\n\t\t\t<input  id=\"field_adfz1\" type=\"text\" class=\"frm_form_field form-field frm_verify\" name=\"item_meta[542]\" value=\"\"  \/>\n\t\t<\/div>\n\t\t<input name=\"frm_state\" type=\"hidden\" value=\"B9VOsW5hw2atoMgPgScADTv4ms9ronbfp0uvGDzdyrd2Zbi0ASce09yBDNy+nGz+\" \/><div class=\"frm_submit\">\r\n\r\n<button type=\"submit\" class=\"frm_button_submit frm_final_submit btn-blue\" style=\"float: right; background: #09478C; color: #fff; text-transform: uppercase; padding: 10px 15px; border: none; border-radius: 0px;\" >Submit<\/button>\r\n\r\n<\/div><\/div>\n<\/fieldset>\n<\/div>\n\n<p style=\"display: none !important;\" class=\"akismet-fields-container\" data-prefix=\"ak_\"><label>&#916;<textarea name=\"ak_hp_textarea\" cols=\"45\" rows=\"8\" maxlength=\"100\"><\/textarea><\/label><input type=\"hidden\" id=\"ak_js_1\" name=\"ak_js\" value=\"94\"\/><script>document.getElementById( \"ak_js_1\" ).setAttribute( \"value\", ( new Date() ).getTime() );<\/script><\/p><\/form>\n<\/div>\n[\/vc_column_text][\/vc_column_inner][vc_column_inner width=\u00a0\u00bb1\/2&Prime;][vc_single_image image=\u00a0\u00bb11537&Prime; img_size=\u00a0\u00bbfull\u00a0\u00bb qode_css_animation=\u00a0\u00bb\u00a0\u00bb][\/vc_column_inner][\/vc_row_inner][\/vc_column][\/vc_row]<\/p>\n<\/div>","protected":false},"excerpt":{"rendered":"<p>[vc_row css_animation=\u00a0\u00bb\u00a0\u00bb row_type=\u00a0\u00bbrow\u00a0\u00bb use_row_as_full_screen_section=\u00a0\u00bbno\u00a0\u00bb type=\u00a0\u00bbfull_width\u00a0\u00bb angled_section=\u00a0\u00bbno\u00a0\u00bb text_align=\u00a0\u00bbleft\u00a0\u00bb background_image_as_pattern=\u00a0\u00bbwithout_pattern\u00a0\u00bb][vc_column][vc_column_text] VOULEZ-VOUS ESSAYER HRMFORCE? [\/vc_column_text][vc_row_inner row_type=\u00a0\u00bbrow\u00a0\u00bb type=\u00a0\u00bbfull_width\u00a0\u00bb text_align=\u00a0\u00bbleft\u00a0\u00bb css_animation=\u00a0\u00bb\u00a0\u00bb][vc_column_inner width=\u00a0\u00bb1\/2&Prime;][vc_column_text]Nous sommes convaincus de la qualit\u00e9 de nos \u00e9valuations et de nos solutions de GRH. Vous voulez en faire l&rsquo;exp\u00e9rience par vous-m\u00eame ? Veuillez remplir le formulaire ci-dessous. L&rsquo;un&#8230;<\/p>\n","protected":false},"author":18,"featured_media":11486,"parent":0,"menu_order":0,"comment_status":"closed","ping_status":"closed","template":"","meta":{"_acf_changed":false,"inline_featured_image":false,"footnotes":""},"class_list":["post-14811","page","type-page","status-publish","has-post-thumbnail","hentry"],"acf":[],"yoast_head":"<!-- This site is optimized with the Yoast SEO plugin v27.1.1 - https:\/\/yoast.com\/product\/yoast-seo-wordpress\/ -->\n<title>Demander une d\u00e9mo - hrmforce<\/title>\n<meta name=\"robots\" content=\"index, follow, max-snippet:-1, max-image-preview:large, max-video-preview:-1\" \/>\n<link rel=\"canonical\" href=\"https:\/\/hrmforce.com\/fr\/demander-une-demo\/\" \/>\n<meta property=\"og:locale\" content=\"fr_FR\" \/>\n<meta property=\"og:type\" content=\"article\" \/>\n<meta property=\"og:title\" content=\"Demander une d\u00e9mo - hrmforce\" \/>\n<meta property=\"og:description\" content=\"[vc_row css_animation=\u00a0\u00bb\u00a0\u00bb row_type=\u00a0\u00bbrow\u00a0\u00bb use_row_as_full_screen_section=\u00a0\u00bbno\u00a0\u00bb type=\u00a0\u00bbfull_width\u00a0\u00bb angled_section=\u00a0\u00bbno\u00a0\u00bb text_align=\u00a0\u00bbleft\u00a0\u00bb background_image_as_pattern=\u00a0\u00bbwithout_pattern\u00a0\u00bb][vc_column][vc_column_text] VOULEZ-VOUS ESSAYER HRMFORCE? [\/vc_column_text][vc_row_inner row_type=\u00a0\u00bbrow\u00a0\u00bb type=\u00a0\u00bbfull_width\u00a0\u00bb text_align=\u00a0\u00bbleft\u00a0\u00bb css_animation=\u00a0\u00bb\u00a0\u00bb][vc_column_inner width=\u00a0\u00bb1\/2&Prime;][vc_column_text]Nous sommes convaincus de la qualit\u00e9 de nos \u00e9valuations et de nos solutions de GRH. Vous voulez en faire l&rsquo;exp\u00e9rience par vous-m\u00eame ? Veuillez remplir le formulaire ci-dessous. L&rsquo;un...\" \/>\n<meta property=\"og:url\" content=\"https:\/\/hrmforce.com\/fr\/demander-une-demo\/\" \/>\n<meta property=\"og:site_name\" content=\"hrmforce\" \/>\n<meta property=\"article:publisher\" content=\"https:\/\/www.facebook.com\/hrmforceNL\/\" \/>\n<meta property=\"article:modified_time\" content=\"2022-03-24T16:38:38+00:00\" \/>\n<meta property=\"og:image\" content=\"https:\/\/hrmforce.com\/wp-content\/uploads\/2020\/07\/no-image.jpg\" \/>\n\t<meta property=\"og:image:width\" content=\"1024\" \/>\n\t<meta property=\"og:image:height\" content=\"683\" \/>\n\t<meta property=\"og:image:type\" content=\"image\/jpeg\" \/>\n<meta name=\"twitter:card\" content=\"summary_large_image\" \/>\n<meta name=\"twitter:label1\" content=\"Dur\u00e9e de lecture estim\u00e9e\" \/>\n\t<meta name=\"twitter:data1\" content=\"1 minute\" \/>\n<script type=\"application\/ld+json\" class=\"yoast-schema-graph\">{\"@context\":\"https:\/\/schema.org\",\"@graph\":[{\"@type\":\"WebPage\",\"@id\":\"https:\/\/hrmforce.com\/fr\/demander-une-demo\/\",\"url\":\"https:\/\/hrmforce.com\/fr\/demander-une-demo\/\",\"name\":\"Demander une d\u00e9mo - hrmforce\",\"isPartOf\":{\"@id\":\"https:\/\/hrmforce.com\/fr\/#website\"},\"primaryImageOfPage\":{\"@id\":\"https:\/\/hrmforce.com\/fr\/demander-une-demo\/#primaryimage\"},\"image\":{\"@id\":\"https:\/\/hrmforce.com\/fr\/demander-une-demo\/#primaryimage\"},\"thumbnailUrl\":\"https:\/\/hrmforce.com\/wp-content\/uploads\/2020\/07\/no-image.jpg\",\"datePublished\":\"2021-10-27T15:22:23+00:00\",\"dateModified\":\"2022-03-24T16:38:38+00:00\",\"breadcrumb\":{\"@id\":\"https:\/\/hrmforce.com\/fr\/demander-une-demo\/#breadcrumb\"},\"inLanguage\":\"fr-FR\",\"potentialAction\":[{\"@type\":\"ReadAction\",\"target\":[\"https:\/\/hrmforce.com\/fr\/demander-une-demo\/\"]}]},{\"@type\":\"ImageObject\",\"inLanguage\":\"fr-FR\",\"@id\":\"https:\/\/hrmforce.com\/fr\/demander-une-demo\/#primaryimage\",\"url\":\"https:\/\/hrmforce.com\/wp-content\/uploads\/2020\/07\/no-image.jpg\",\"contentUrl\":\"https:\/\/hrmforce.com\/wp-content\/uploads\/2020\/07\/no-image.jpg\",\"width\":1024,\"height\":683,\"caption\":\"Human resources management concept business man selecting virtual interface\"},{\"@type\":\"BreadcrumbList\",\"@id\":\"https:\/\/hrmforce.com\/fr\/demander-une-demo\/#breadcrumb\",\"itemListElement\":[{\"@type\":\"ListItem\",\"position\":1,\"name\":\"Home\",\"item\":\"https:\/\/hrmforce.com\/fr\/\"},{\"@type\":\"ListItem\",\"position\":2,\"name\":\"Demander une d\u00e9mo\"}]},{\"@type\":\"WebSite\",\"@id\":\"https:\/\/hrmforce.com\/fr\/#website\",\"url\":\"https:\/\/hrmforce.com\/fr\/\",\"name\":\"hrmforce\",\"description\":\"people \u2022 performance \u2022 analytics\",\"publisher\":{\"@id\":\"https:\/\/hrmforce.com\/fr\/#organization\"},\"potentialAction\":[{\"@type\":\"SearchAction\",\"target\":{\"@type\":\"EntryPoint\",\"urlTemplate\":\"https:\/\/hrmforce.com\/fr\/?s={search_term_string}\"},\"query-input\":{\"@type\":\"PropertyValueSpecification\",\"valueRequired\":true,\"valueName\":\"search_term_string\"}}],\"inLanguage\":\"fr-FR\"},{\"@type\":\"Organization\",\"@id\":\"https:\/\/hrmforce.com\/fr\/#organization\",\"name\":\"hrmforce\",\"url\":\"https:\/\/hrmforce.com\/fr\/\",\"logo\":{\"@type\":\"ImageObject\",\"inLanguage\":\"fr-FR\",\"@id\":\"https:\/\/hrmforce.com\/fr\/#\/schema\/logo\/image\/\",\"url\":\"https:\/\/hrmforce.com\/wp-content\/uploads\/2018\/08\/logo-hrmforce.png\",\"contentUrl\":\"https:\/\/hrmforce.com\/wp-content\/uploads\/2018\/08\/logo-hrmforce.png\",\"width\":833,\"height\":189,\"caption\":\"hrmforce\"},\"image\":{\"@id\":\"https:\/\/hrmforce.com\/fr\/#\/schema\/logo\/image\/\"},\"sameAs\":[\"https:\/\/www.facebook.com\/hrmforceNL\/\",\"https:\/\/www.linkedin.com\/company\/hrmforce\/\"]}]}<\/script>\n<!-- \/ Yoast SEO plugin. -->","yoast_head_json":{"title":"Demander une d\u00e9mo - hrmforce","robots":{"index":"index","follow":"follow","max-snippet":"max-snippet:-1","max-image-preview":"max-image-preview:large","max-video-preview":"max-video-preview:-1"},"canonical":"https:\/\/hrmforce.com\/fr\/demander-une-demo\/","og_locale":"fr_FR","og_type":"article","og_title":"Demander une d\u00e9mo - hrmforce","og_description":"[vc_row css_animation=\u00a0\u00bb\u00a0\u00bb row_type=\u00a0\u00bbrow\u00a0\u00bb use_row_as_full_screen_section=\u00a0\u00bbno\u00a0\u00bb type=\u00a0\u00bbfull_width\u00a0\u00bb angled_section=\u00a0\u00bbno\u00a0\u00bb text_align=\u00a0\u00bbleft\u00a0\u00bb background_image_as_pattern=\u00a0\u00bbwithout_pattern\u00a0\u00bb][vc_column][vc_column_text] VOULEZ-VOUS ESSAYER HRMFORCE? [\/vc_column_text][vc_row_inner row_type=\u00a0\u00bbrow\u00a0\u00bb type=\u00a0\u00bbfull_width\u00a0\u00bb text_align=\u00a0\u00bbleft\u00a0\u00bb css_animation=\u00a0\u00bb\u00a0\u00bb][vc_column_inner width=\u00a0\u00bb1\/2&Prime;][vc_column_text]Nous sommes convaincus de la qualit\u00e9 de nos \u00e9valuations et de nos solutions de GRH. Vous voulez en faire l&rsquo;exp\u00e9rience par vous-m\u00eame ? Veuillez remplir le formulaire ci-dessous. L&rsquo;un...","og_url":"https:\/\/hrmforce.com\/fr\/demander-une-demo\/","og_site_name":"hrmforce","article_publisher":"https:\/\/www.facebook.com\/hrmforceNL\/","article_modified_time":"2022-03-24T16:38:38+00:00","og_image":[{"width":1024,"height":683,"url":"https:\/\/hrmforce.com\/wp-content\/uploads\/2020\/07\/no-image.jpg","type":"image\/jpeg"}],"twitter_card":"summary_large_image","twitter_misc":{"Dur\u00e9e de lecture estim\u00e9e":"1 minute"},"schema":{"@context":"https:\/\/schema.org","@graph":[{"@type":"WebPage","@id":"https:\/\/hrmforce.com\/fr\/demander-une-demo\/","url":"https:\/\/hrmforce.com\/fr\/demander-une-demo\/","name":"Demander une d\u00e9mo - hrmforce","isPartOf":{"@id":"https:\/\/hrmforce.com\/fr\/#website"},"primaryImageOfPage":{"@id":"https:\/\/hrmforce.com\/fr\/demander-une-demo\/#primaryimage"},"image":{"@id":"https:\/\/hrmforce.com\/fr\/demander-une-demo\/#primaryimage"},"thumbnailUrl":"https:\/\/hrmforce.com\/wp-content\/uploads\/2020\/07\/no-image.jpg","datePublished":"2021-10-27T15:22:23+00:00","dateModified":"2022-03-24T16:38:38+00:00","breadcrumb":{"@id":"https:\/\/hrmforce.com\/fr\/demander-une-demo\/#breadcrumb"},"inLanguage":"fr-FR","potentialAction":[{"@type":"ReadAction","target":["https:\/\/hrmforce.com\/fr\/demander-une-demo\/"]}]},{"@type":"ImageObject","inLanguage":"fr-FR","@id":"https:\/\/hrmforce.com\/fr\/demander-une-demo\/#primaryimage","url":"https:\/\/hrmforce.com\/wp-content\/uploads\/2020\/07\/no-image.jpg","contentUrl":"https:\/\/hrmforce.com\/wp-content\/uploads\/2020\/07\/no-image.jpg","width":1024,"height":683,"caption":"Human resources management concept business man selecting virtual interface"},{"@type":"BreadcrumbList","@id":"https:\/\/hrmforce.com\/fr\/demander-une-demo\/#breadcrumb","itemListElement":[{"@type":"ListItem","position":1,"name":"Home","item":"https:\/\/hrmforce.com\/fr\/"},{"@type":"ListItem","position":2,"name":"Demander une d\u00e9mo"}]},{"@type":"WebSite","@id":"https:\/\/hrmforce.com\/fr\/#website","url":"https:\/\/hrmforce.com\/fr\/","name":"hrmforce","description":"people \u2022 performance \u2022 analytics","publisher":{"@id":"https:\/\/hrmforce.com\/fr\/#organization"},"potentialAction":[{"@type":"SearchAction","target":{"@type":"EntryPoint","urlTemplate":"https:\/\/hrmforce.com\/fr\/?s={search_term_string}"},"query-input":{"@type":"PropertyValueSpecification","valueRequired":true,"valueName":"search_term_string"}}],"inLanguage":"fr-FR"},{"@type":"Organization","@id":"https:\/\/hrmforce.com\/fr\/#organization","name":"hrmforce","url":"https:\/\/hrmforce.com\/fr\/","logo":{"@type":"ImageObject","inLanguage":"fr-FR","@id":"https:\/\/hrmforce.com\/fr\/#\/schema\/logo\/image\/","url":"https:\/\/hrmforce.com\/wp-content\/uploads\/2018\/08\/logo-hrmforce.png","contentUrl":"https:\/\/hrmforce.com\/wp-content\/uploads\/2018\/08\/logo-hrmforce.png","width":833,"height":189,"caption":"hrmforce"},"image":{"@id":"https:\/\/hrmforce.com\/fr\/#\/schema\/logo\/image\/"},"sameAs":["https:\/\/www.facebook.com\/hrmforceNL\/","https:\/\/www.linkedin.com\/company\/hrmforce\/"]}]}},"_links":{"self":[{"href":"https:\/\/hrmforce.com\/fr\/wp-json\/wp\/v2\/pages\/14811","targetHints":{"allow":["GET"]}}],"collection":[{"href":"https:\/\/hrmforce.com\/fr\/wp-json\/wp\/v2\/pages"}],"about":[{"href":"https:\/\/hrmforce.com\/fr\/wp-json\/wp\/v2\/types\/page"}],"author":[{"embeddable":true,"href":"https:\/\/hrmforce.com\/fr\/wp-json\/wp\/v2\/users\/18"}],"replies":[{"embeddable":true,"href":"https:\/\/hrmforce.com\/fr\/wp-json\/wp\/v2\/comments?post=14811"}],"version-history":[{"count":0,"href":"https:\/\/hrmforce.com\/fr\/wp-json\/wp\/v2\/pages\/14811\/revisions"}],"wp:featuredmedia":[{"embeddable":true,"href":"https:\/\/hrmforce.com\/fr\/wp-json\/wp\/v2\/media\/11486"}],"wp:attachment":[{"href":"https:\/\/hrmforce.com\/fr\/wp-json\/wp\/v2\/media?parent=14811"}],"curies":[{"name":"wp","href":"https:\/\/api.w.org\/{rel}","templated":true}]}}