{"id":16719,"date":"2017-02-13T06:24:14","date_gmt":"2017-02-13T06:24:14","guid":{"rendered":"https:\/\/hrmforce.com\/hrm-oplossingen\/"},"modified":"2022-10-14T12:31:21","modified_gmt":"2022-10-14T10:31:21","slug":"hrm-solutions","status":"publish","type":"page","link":"https:\/\/hrmforce.com\/fr\/hrm-solutions\/","title":{"rendered":"HRM Solutions"},"content":{"rendered":"<div class=\"wpb-content-wrapper\"><p>[vc_row css_animation=\u00a0\u00bb\u00a0\u00bb row_type=\u00a0\u00bbrow\u00a0\u00bb use_row_as_full_screen_section=\u00a0\u00bbno\u00a0\u00bb type=\u00a0\u00bbgrid\u00a0\u00bb angled_section=\u00a0\u00bbno\u00a0\u00bb text_align=\u00a0\u00bbcenter\u00a0\u00bb background_image_as_pattern=\u00a0\u00bbwithout_pattern\u00a0\u00bb z_index=\u00a0\u00bb\u00a0\u00bb el_class=\u00a0\u00bbbloklicht\u00a0\u00bb css=\u00a0\u00bb.vc_custom_1644243311764{background-color: #f3f1f0 !important;}\u00a0\u00bb][vc_column css=\u00a0\u00bb.vc_custom_1610307631595&Prime;][vc_row_inner row_type=\u00a0\u00bbrow\u00a0\u00bb type=\u00a0\u00bbfull_width\u00a0\u00bb text_align=\u00a0\u00bbcenter\u00a0\u00bb css_animation=\u00a0\u00bb\u00a0\u00bb][vc_column_inner width=\u00a0\u00bb1\/6&Prime;][\/vc_column_inner][vc_column_inner width=\u00a0\u00bb2\/3&Prime;][vc_column_text]<\/p>\n<h2>Solutions de GRH<\/h2>\n<p>Outre la r\u00e9alisation d&rsquo;\u00e9valuations en ligne, hrmforce offre de nombreuses autres fonctionnalit\u00e9s. Les questionnaires ont \u00e9t\u00e9 int\u00e9gr\u00e9s aux flux de travail pour le recrutement, le d\u00e9veloppement et l&rsquo;\u00e9valuation des candidats et des employ\u00e9s.[\/vc_column_text][\/vc_column_inner][vc_column_inner width=\u00a0\u00bb1\/6&Prime;][\/vc_column_inner][\/vc_row_inner][vc_empty_space height=\u00a0\u00bb50px\u00a0\u00bb][vc_row_inner row_type=\u00a0\u00bbrow\u00a0\u00bb type=\u00a0\u00bbfull_width\u00a0\u00bb text_align=\u00a0\u00bbleft\u00a0\u00bb css_animation=\u00a0\u00bb\u00a0\u00bb][vc_column_inner el_class=\u00a0\u00bbkolomhome\u00a0\u00bb width=\u00a0\u00bb1\/2&Prime; el_id=\u00a0\u00bbblok1&Prime;][vc_column_text]<\/p>\n<h3>Recrutement<\/h3>\n<p>[\/vc_column_text][vc_column_text el_class=\u00a0\u00bbkolomhometekst\u00a0\u00bb]Trouvez le candidat le mieux adapt\u00e9 en s\u00e9lectionnant les employ\u00e9s en interne et en externe sur la base du profil de correspondance souhait\u00e9.[\/vc_column_text][\/vc_column_inner][vc_column_inner el_class=\u00a0\u00bbkolomhome\u00a0\u00bb width=\u00a0\u00bb1\/2&Prime; el_id=\u00a0\u00bbblok2&Prime;][vc_column_text]<\/p>\n<h3>D\u00e9veloppement<\/h3>\n<p>[\/vc_column_text][vc_column_text el_class=\u00a0\u00bbkolomhometekst\u00a0\u00bb]Cr\u00e9ation d&rsquo;un plan de d\u00e9veloppement personnel pour le candidat. Avec un accompagnement pas \u00e0 pas dans le processus d&rsquo;\u00e9laboration des accords de d\u00e9veloppement et de r\u00e9sultats.[\/vc_column_text][\/vc_column_inner][\/vc_row_inner][vc_empty_space height=\u00a0\u00bb30&Prime; el_class=\u00a0\u00bblegeruimtetussenblokken\u00a0\u00bb][vc_row_inner row_type=\u00a0\u00bbrow\u00a0\u00bb type=\u00a0\u00bbfull_width\u00a0\u00bb text_align=\u00a0\u00bbleft\u00a0\u00bb css_animation=\u00a0\u00bb\u00a0\u00bb][vc_column_inner el_class=\u00a0\u00bbkolomhome\u00a0\u00bb width=\u00a0\u00bb1\/2&Prime; el_id=\u00a0\u00bbblok3&Prime;][vc_column_text]<\/p>\n<h3>Employabilit\u00e9<\/h3>\n<p>[\/vc_column_text][vc_column_text el_class=\u00a0\u00bbkolomhometekst\u00a0\u00bb]Faire rechercher par les candidats des professions possibles et des emplois actuellement disponibles en fonction de leur personnalit\u00e9, de leur motivation et de leur comportement.[\/vc_column_text][\/vc_column_inner][vc_column_inner el_class=\u00a0\u00bbkolomhome\u00a0\u00bb width=\u00a0\u00bb1\/2&Prime; el_id=\u00a0\u00bbblok1&Prime;][vc_column_text]<\/p>\n<h3>Analytique<\/h3>\n<p>[\/vc_column_text][vc_column_text el_class=\u00a0\u00bbkolomhometekst\u00a0\u00bb]Pour g\u00e9n\u00e9rer des aper\u00e7us automatis\u00e9s des \u00e9quipes, des d\u00e9partements et des organisations. Celles-ci sont disponibles pour chaque questionnaire.[\/vc_column_text][\/vc_column_inner][\/vc_row_inner][vc_empty_space height=\u00a0\u00bb100px\u00a0\u00bb][\/vc_column][\/vc_row]<\/p>\n<\/div>","protected":false},"excerpt":{"rendered":"<p>[vc_row css_animation=\u00a0\u00bb\u00a0\u00bb row_type=\u00a0\u00bbrow\u00a0\u00bb use_row_as_full_screen_section=\u00a0\u00bbno\u00a0\u00bb type=\u00a0\u00bbgrid\u00a0\u00bb angled_section=\u00a0\u00bbno\u00a0\u00bb text_align=\u00a0\u00bbcenter\u00a0\u00bb background_image_as_pattern=\u00a0\u00bbwithout_pattern\u00a0\u00bb z_index=\u00a0\u00bb\u00a0\u00bb el_class=\u00a0\u00bbbloklicht\u00a0\u00bb css=\u00a0\u00bb.vc_custom_1644243311764{background-color: #f3f1f0 !important;}\u00a0\u00bb][vc_column css=\u00a0\u00bb.vc_custom_1610307631595&Prime;][vc_row_inner row_type=\u00a0\u00bbrow\u00a0\u00bb type=\u00a0\u00bbfull_width\u00a0\u00bb text_align=\u00a0\u00bbcenter\u00a0\u00bb css_animation=\u00a0\u00bb\u00a0\u00bb][vc_column_inner width=\u00a0\u00bb1\/6&Prime;][\/vc_column_inner][vc_column_inner width=\u00a0\u00bb2\/3&Prime;][vc_column_text] Solutions de GRH Outre la r\u00e9alisation d&rsquo;\u00e9valuations en ligne, hrmforce offre de nombreuses autres fonctionnalit\u00e9s. Les questionnaires ont \u00e9t\u00e9 int\u00e9gr\u00e9s aux flux de travail pour&#8230;<\/p>\n","protected":false},"author":2,"featured_media":16720,"parent":0,"menu_order":0,"comment_status":"closed","ping_status":"closed","template":"full_width.php","meta":{"_acf_changed":false,"inline_featured_image":false,"footnotes":""},"class_list":["post-16719","page","type-page","status-publish","has-post-thumbnail","hentry"],"acf":[],"yoast_head":"<!-- This site is optimized with the Yoast SEO plugin v27.1.1 - https:\/\/yoast.com\/product\/yoast-seo-wordpress\/ -->\n<title>HRM Solutions - hrmforce<\/title>\n<meta name=\"description\" content=\"Met hrmforce heeft u de beschikking over verschillende HRM oplossingen voor belangrijke HR processen zoals Recruitment, Talentontwikkeling, HR analytics en meer\" \/>\n<meta name=\"robots\" content=\"index, follow, max-snippet:-1, max-image-preview:large, max-video-preview:-1\" \/>\n<link rel=\"canonical\" href=\"https:\/\/hrmforce.com\/fr\/hrm-solutions\/\" \/>\n<meta property=\"og:locale\" content=\"fr_FR\" \/>\n<meta property=\"og:type\" content=\"article\" \/>\n<meta property=\"og:title\" content=\"HRM Solutions - hrmforce\" \/>\n<meta property=\"og:description\" content=\"Met hrmforce heeft u de beschikking over verschillende HRM oplossingen voor belangrijke HR processen zoals Recruitment, Talentontwikkeling, HR analytics en meer\" \/>\n<meta property=\"og:url\" content=\"https:\/\/hrmforce.com\/fr\/hrm-solutions\/\" \/>\n<meta property=\"og:site_name\" content=\"hrmforce\" \/>\n<meta property=\"article:publisher\" content=\"https:\/\/www.facebook.com\/hrmforceNL\/\" \/>\n<meta property=\"article:modified_time\" content=\"2022-10-14T10:31:21+00:00\" \/>\n<meta property=\"og:image\" content=\"https:\/\/hrmforce.com\/wp-content\/uploads\/2020\/07\/no-image.jpg\" \/>\n\t<meta property=\"og:image:width\" content=\"1024\" \/>\n\t<meta property=\"og:image:height\" content=\"683\" \/>\n\t<meta property=\"og:image:type\" content=\"image\/jpeg\" \/>\n<meta name=\"twitter:card\" content=\"summary_large_image\" \/>\n<meta name=\"twitter:label1\" content=\"Dur\u00e9e de lecture estim\u00e9e\" \/>\n\t<meta name=\"twitter:data1\" content=\"1 minute\" \/>\n<script type=\"application\/ld+json\" class=\"yoast-schema-graph\">{\"@context\":\"https:\/\/schema.org\",\"@graph\":[{\"@type\":\"WebPage\",\"@id\":\"https:\/\/hrmforce.com\/fr\/hrm-solutions\/\",\"url\":\"https:\/\/hrmforce.com\/fr\/hrm-solutions\/\",\"name\":\"HRM Solutions - hrmforce\",\"isPartOf\":{\"@id\":\"https:\/\/hrmforce.com\/fr\/#website\"},\"primaryImageOfPage\":{\"@id\":\"https:\/\/hrmforce.com\/fr\/hrm-solutions\/#primaryimage\"},\"image\":{\"@id\":\"https:\/\/hrmforce.com\/fr\/hrm-solutions\/#primaryimage\"},\"thumbnailUrl\":\"https:\/\/hrmforce.com\/wp-content\/uploads\/2020\/07\/no-image.jpg\",\"datePublished\":\"2017-02-13T06:24:14+00:00\",\"dateModified\":\"2022-10-14T10:31:21+00:00\",\"description\":\"Met hrmforce heeft u de beschikking over verschillende HRM oplossingen voor belangrijke HR processen zoals Recruitment, Talentontwikkeling, HR analytics en meer\",\"breadcrumb\":{\"@id\":\"https:\/\/hrmforce.com\/fr\/hrm-solutions\/#breadcrumb\"},\"inLanguage\":\"fr-FR\",\"potentialAction\":[{\"@type\":\"ReadAction\",\"target\":[\"https:\/\/hrmforce.com\/fr\/hrm-solutions\/\"]}]},{\"@type\":\"ImageObject\",\"inLanguage\":\"fr-FR\",\"@id\":\"https:\/\/hrmforce.com\/fr\/hrm-solutions\/#primaryimage\",\"url\":\"https:\/\/hrmforce.com\/wp-content\/uploads\/2020\/07\/no-image.jpg\",\"contentUrl\":\"https:\/\/hrmforce.com\/wp-content\/uploads\/2020\/07\/no-image.jpg\",\"width\":1024,\"height\":683,\"caption\":\"Human resources management concept business man selecting virtual interface\"},{\"@type\":\"BreadcrumbList\",\"@id\":\"https:\/\/hrmforce.com\/fr\/hrm-solutions\/#breadcrumb\",\"itemListElement\":[{\"@type\":\"ListItem\",\"position\":1,\"name\":\"Home\",\"item\":\"https:\/\/hrmforce.com\/fr\/\"},{\"@type\":\"ListItem\",\"position\":2,\"name\":\"HRM Solutions\"}]},{\"@type\":\"WebSite\",\"@id\":\"https:\/\/hrmforce.com\/fr\/#website\",\"url\":\"https:\/\/hrmforce.com\/fr\/\",\"name\":\"hrmforce\",\"description\":\"people \u2022 performance \u2022 analytics\",\"publisher\":{\"@id\":\"https:\/\/hrmforce.com\/fr\/#organization\"},\"potentialAction\":[{\"@type\":\"SearchAction\",\"target\":{\"@type\":\"EntryPoint\",\"urlTemplate\":\"https:\/\/hrmforce.com\/fr\/?s={search_term_string}\"},\"query-input\":{\"@type\":\"PropertyValueSpecification\",\"valueRequired\":true,\"valueName\":\"search_term_string\"}}],\"inLanguage\":\"fr-FR\"},{\"@type\":\"Organization\",\"@id\":\"https:\/\/hrmforce.com\/fr\/#organization\",\"name\":\"hrmforce\",\"url\":\"https:\/\/hrmforce.com\/fr\/\",\"logo\":{\"@type\":\"ImageObject\",\"inLanguage\":\"fr-FR\",\"@id\":\"https:\/\/hrmforce.com\/fr\/#\/schema\/logo\/image\/\",\"url\":\"https:\/\/hrmforce.com\/wp-content\/uploads\/2018\/08\/logo-hrmforce.png\",\"contentUrl\":\"https:\/\/hrmforce.com\/wp-content\/uploads\/2018\/08\/logo-hrmforce.png\",\"width\":833,\"height\":189,\"caption\":\"hrmforce\"},\"image\":{\"@id\":\"https:\/\/hrmforce.com\/fr\/#\/schema\/logo\/image\/\"},\"sameAs\":[\"https:\/\/www.facebook.com\/hrmforceNL\/\",\"https:\/\/www.linkedin.com\/company\/hrmforce\/\"]}]}<\/script>\n<!-- \/ Yoast SEO plugin. -->","yoast_head_json":{"title":"HRM Solutions - hrmforce","description":"Met hrmforce heeft u de beschikking over verschillende HRM oplossingen voor belangrijke HR processen zoals Recruitment, Talentontwikkeling, HR analytics en meer","robots":{"index":"index","follow":"follow","max-snippet":"max-snippet:-1","max-image-preview":"max-image-preview:large","max-video-preview":"max-video-preview:-1"},"canonical":"https:\/\/hrmforce.com\/fr\/hrm-solutions\/","og_locale":"fr_FR","og_type":"article","og_title":"HRM Solutions - hrmforce","og_description":"Met hrmforce heeft u de beschikking over verschillende HRM oplossingen voor belangrijke HR processen zoals Recruitment, Talentontwikkeling, HR analytics en meer","og_url":"https:\/\/hrmforce.com\/fr\/hrm-solutions\/","og_site_name":"hrmforce","article_publisher":"https:\/\/www.facebook.com\/hrmforceNL\/","article_modified_time":"2022-10-14T10:31:21+00:00","og_image":[{"width":1024,"height":683,"url":"https:\/\/hrmforce.com\/wp-content\/uploads\/2020\/07\/no-image.jpg","type":"image\/jpeg"}],"twitter_card":"summary_large_image","twitter_misc":{"Dur\u00e9e de lecture estim\u00e9e":"1 minute"},"schema":{"@context":"https:\/\/schema.org","@graph":[{"@type":"WebPage","@id":"https:\/\/hrmforce.com\/fr\/hrm-solutions\/","url":"https:\/\/hrmforce.com\/fr\/hrm-solutions\/","name":"HRM Solutions - hrmforce","isPartOf":{"@id":"https:\/\/hrmforce.com\/fr\/#website"},"primaryImageOfPage":{"@id":"https:\/\/hrmforce.com\/fr\/hrm-solutions\/#primaryimage"},"image":{"@id":"https:\/\/hrmforce.com\/fr\/hrm-solutions\/#primaryimage"},"thumbnailUrl":"https:\/\/hrmforce.com\/wp-content\/uploads\/2020\/07\/no-image.jpg","datePublished":"2017-02-13T06:24:14+00:00","dateModified":"2022-10-14T10:31:21+00:00","description":"Met hrmforce heeft u de beschikking over verschillende HRM oplossingen voor belangrijke HR processen zoals Recruitment, Talentontwikkeling, HR analytics en meer","breadcrumb":{"@id":"https:\/\/hrmforce.com\/fr\/hrm-solutions\/#breadcrumb"},"inLanguage":"fr-FR","potentialAction":[{"@type":"ReadAction","target":["https:\/\/hrmforce.com\/fr\/hrm-solutions\/"]}]},{"@type":"ImageObject","inLanguage":"fr-FR","@id":"https:\/\/hrmforce.com\/fr\/hrm-solutions\/#primaryimage","url":"https:\/\/hrmforce.com\/wp-content\/uploads\/2020\/07\/no-image.jpg","contentUrl":"https:\/\/hrmforce.com\/wp-content\/uploads\/2020\/07\/no-image.jpg","width":1024,"height":683,"caption":"Human resources management concept business man selecting virtual interface"},{"@type":"BreadcrumbList","@id":"https:\/\/hrmforce.com\/fr\/hrm-solutions\/#breadcrumb","itemListElement":[{"@type":"ListItem","position":1,"name":"Home","item":"https:\/\/hrmforce.com\/fr\/"},{"@type":"ListItem","position":2,"name":"HRM Solutions"}]},{"@type":"WebSite","@id":"https:\/\/hrmforce.com\/fr\/#website","url":"https:\/\/hrmforce.com\/fr\/","name":"hrmforce","description":"people \u2022 performance \u2022 analytics","publisher":{"@id":"https:\/\/hrmforce.com\/fr\/#organization"},"potentialAction":[{"@type":"SearchAction","target":{"@type":"EntryPoint","urlTemplate":"https:\/\/hrmforce.com\/fr\/?s={search_term_string}"},"query-input":{"@type":"PropertyValueSpecification","valueRequired":true,"valueName":"search_term_string"}}],"inLanguage":"fr-FR"},{"@type":"Organization","@id":"https:\/\/hrmforce.com\/fr\/#organization","name":"hrmforce","url":"https:\/\/hrmforce.com\/fr\/","logo":{"@type":"ImageObject","inLanguage":"fr-FR","@id":"https:\/\/hrmforce.com\/fr\/#\/schema\/logo\/image\/","url":"https:\/\/hrmforce.com\/wp-content\/uploads\/2018\/08\/logo-hrmforce.png","contentUrl":"https:\/\/hrmforce.com\/wp-content\/uploads\/2018\/08\/logo-hrmforce.png","width":833,"height":189,"caption":"hrmforce"},"image":{"@id":"https:\/\/hrmforce.com\/fr\/#\/schema\/logo\/image\/"},"sameAs":["https:\/\/www.facebook.com\/hrmforceNL\/","https:\/\/www.linkedin.com\/company\/hrmforce\/"]}]}},"_links":{"self":[{"href":"https:\/\/hrmforce.com\/fr\/wp-json\/wp\/v2\/pages\/16719","targetHints":{"allow":["GET"]}}],"collection":[{"href":"https:\/\/hrmforce.com\/fr\/wp-json\/wp\/v2\/pages"}],"about":[{"href":"https:\/\/hrmforce.com\/fr\/wp-json\/wp\/v2\/types\/page"}],"author":[{"embeddable":true,"href":"https:\/\/hrmforce.com\/fr\/wp-json\/wp\/v2\/users\/2"}],"replies":[{"embeddable":true,"href":"https:\/\/hrmforce.com\/fr\/wp-json\/wp\/v2\/comments?post=16719"}],"version-history":[{"count":0,"href":"https:\/\/hrmforce.com\/fr\/wp-json\/wp\/v2\/pages\/16719\/revisions"}],"wp:featuredmedia":[{"embeddable":true,"href":"https:\/\/hrmforce.com\/fr\/wp-json\/wp\/v2\/media\/16720"}],"wp:attachment":[{"href":"https:\/\/hrmforce.com\/fr\/wp-json\/wp\/v2\/media?parent=16719"}],"curies":[{"name":"wp","href":"https:\/\/api.w.org\/{rel}","templated":true}]}}