{"id":14721,"date":"2023-02-13T08:30:52","date_gmt":"2023-02-13T07:30:52","guid":{"rendered":"https:\/\/hrmforce.com\/product\/grande-personnalite-de-cinquante\/"},"modified":"2021-10-25T10:35:37","modified_gmt":"2021-10-25T08:35:37","slug":"big-fifty-personality","status":"publish","type":"product","link":"https:\/\/hrmforce.com\/fr\/shop\/hrmforce-fr\/big-fifty-personality\/","title":{"rendered":"Big Fifty Personality"},"content":{"rendered":"<p>Il s\u2019agit d\u2019un questionnaire de personnalit\u00e9 en ligne. Cet instrument donne les scores du candidat en fonction des cinq principaux facteurs de personnalit\u00e9 pour le comportement en situations de travail, le Big Five (Neuroticisme, Extraversion, Etre ouvert, Adapter en Conscienciosit\u00e9).<\/p>\n<p>In Dans le rapport de Big Fifty Personality le profil de personnalit\u00e9 est traduit en comp\u00e9tences. Par comp\u00e9tence, on donne une indication de la mesure selon laquelle le collaborateur peut d\u00e9velopper la comp\u00e9tence, en fonction de sa personnalit\u00e9. La dur\u00e9e du test est de 20 minutes environ.<\/p>\n<p>NB : TOUS LES PRIX COMPRENNENT LE(S) QUESTIONNAIRES CORRESPONDANTS AINSI QUE LES FRAIS DE TRAITEMENT, DE SERVICE ET D\u2019ADMINISTRATION. POUR DES QUANTIT\u00c9S PLUS IMPORTANTES OU POUR UN PORTAIL DE TEST PROPRE, NOUS VOUS DEMANDONS DE BIEN VOULOIR NOUS CONTACTER VIA +31 88 88 321 88 OU SERVICE@HRMFORCE.COM.<\/p>\n","protected":false},"excerpt":{"rendered":"<p>Il s\u2019agit d\u2019un questionnaire de personnalit\u00e9 en ligne. Cet instrument donne les scores du candidat sur la base des cinq principaux facteurs de personnalit\u00e9 pour le comportement en situations de travail, le Big Five (Neuroticisme, Extraversion, \u00catre ouvert, Adapter en Conscienciosit\u00e9).<\/p>\n<p>In Dans le rapport de Big Fifty Personality le profil de personnalit\u00e9 est traduit en comp\u00e9tences. Par comp\u00e9tence, on donne une indication de la mesure selon laquelle le collaborateur peut d\u00e9velopper la comp\u00e9tence, en fonction de sa personnalit\u00e9. La dur\u00e9e du test est de 20 minutes environ.<\/p>\n","protected":false},"featured_media":14616,"template":"","meta":{"_acf_changed":false,"inline_featured_image":false},"product_brand":[],"product_cat":[877,874,876,878,879],"product_tag":[],"class_list":{"0":"post-14721","1":"product","2":"type-product","3":"status-publish","4":"has-post-thumbnail","6":"product_cat-developpement","7":"product_cat-hrmforce-fr","8":"product_cat-mobilite","9":"product_cat-personnalite","10":"product_cat-selection-fr","12":"first","13":"instock","14":"taxable","15":"shipping-taxable","16":"purchasable","17":"product-type-simple"},"acf":[],"yoast_head":"<!-- This site is optimized with the Yoast SEO plugin v27.1.1 - https:\/\/yoast.com\/product\/yoast-seo-wordpress\/ -->\n<title>Big Fifty Personality - hrmforce<\/title>\n<meta name=\"robots\" content=\"index, follow, max-snippet:-1, max-image-preview:large, max-video-preview:-1\" \/>\n<link rel=\"canonical\" href=\"https:\/\/hrmforce.com\/fr\/shop\/hrmforce-fr\/big-fifty-personality\/\" \/>\n<meta property=\"og:locale\" content=\"fr_FR\" \/>\n<meta property=\"og:type\" content=\"article\" \/>\n<meta property=\"og:title\" content=\"Big Fifty Personality - hrmforce\" \/>\n<meta property=\"og:description\" content=\"Il s\u2019agit d\u2019un questionnaire de personnalit\u00e9 en ligne. Cet instrument donne les scores du candidat sur la base des cinq principaux facteurs de personnalit\u00e9 pour le comportement en situations de travail, le Big Five (Neuroticisme, Extraversion, \u00catre ouvert, Adapter en Conscienciosit\u00e9).  In Dans le rapport de Big Fifty Personality le profil de personnalit\u00e9 est traduit en comp\u00e9tences. Par comp\u00e9tence, on donne une indication de la mesure selon laquelle le collaborateur peut d\u00e9velopper la comp\u00e9tence, en fonction de sa personnalit\u00e9. La dur\u00e9e du test est de 20 minutes environ.\" \/>\n<meta property=\"og:url\" content=\"https:\/\/hrmforce.com\/fr\/shop\/hrmforce-fr\/big-fifty-personality\/\" \/>\n<meta property=\"og:site_name\" content=\"hrmforce\" \/>\n<meta property=\"article:publisher\" content=\"https:\/\/www.facebook.com\/hrmforceNL\/\" \/>\n<meta property=\"og:image\" content=\"https:\/\/hrmforce.com\/wp-content\/uploads\/2017\/02\/Big-fifty-icon.png\" \/>\n\t<meta property=\"og:image:width\" content=\"220\" \/>\n\t<meta property=\"og:image:height\" content=\"220\" \/>\n\t<meta property=\"og:image:type\" content=\"image\/png\" \/>\n<meta name=\"twitter:card\" content=\"summary_large_image\" \/>\n<meta name=\"twitter:label1\" content=\"Dur\u00e9e de lecture estim\u00e9e\" \/>\n\t<meta name=\"twitter:data1\" content=\"1 minute\" \/>\n<script type=\"application\/ld+json\" class=\"yoast-schema-graph\">{\"@context\":\"https:\/\/schema.org\",\"@graph\":[{\"@type\":\"WebPage\",\"@id\":\"https:\/\/hrmforce.com\/fr\/shop\/hrmforce-fr\/big-fifty-personality\/\",\"url\":\"https:\/\/hrmforce.com\/fr\/shop\/hrmforce-fr\/big-fifty-personality\/\",\"name\":\"Big Fifty Personality - hrmforce\",\"isPartOf\":{\"@id\":\"https:\/\/hrmforce.com\/fr\/#website\"},\"primaryImageOfPage\":{\"@id\":\"https:\/\/hrmforce.com\/fr\/shop\/hrmforce-fr\/big-fifty-personality\/#primaryimage\"},\"image\":{\"@id\":\"https:\/\/hrmforce.com\/fr\/shop\/hrmforce-fr\/big-fifty-personality\/#primaryimage\"},\"thumbnailUrl\":\"https:\/\/hrmforce.com\/wp-content\/uploads\/2017\/02\/Big-fifty-icon.png\",\"datePublished\":\"2023-02-13T07:30:52+00:00\",\"breadcrumb\":{\"@id\":\"https:\/\/hrmforce.com\/fr\/shop\/hrmforce-fr\/big-fifty-personality\/#breadcrumb\"},\"inLanguage\":\"fr-FR\",\"potentialAction\":[{\"@type\":\"ReadAction\",\"target\":[\"https:\/\/hrmforce.com\/fr\/shop\/hrmforce-fr\/big-fifty-personality\/\"]}]},{\"@type\":\"ImageObject\",\"inLanguage\":\"fr-FR\",\"@id\":\"https:\/\/hrmforce.com\/fr\/shop\/hrmforce-fr\/big-fifty-personality\/#primaryimage\",\"url\":\"https:\/\/hrmforce.com\/wp-content\/uploads\/2017\/02\/Big-fifty-icon.png\",\"contentUrl\":\"https:\/\/hrmforce.com\/wp-content\/uploads\/2017\/02\/Big-fifty-icon.png\",\"width\":220,\"height\":220,\"caption\":\"Big Fifty icon\"},{\"@type\":\"BreadcrumbList\",\"@id\":\"https:\/\/hrmforce.com\/fr\/shop\/hrmforce-fr\/big-fifty-personality\/#breadcrumb\",\"itemListElement\":[{\"@type\":\"ListItem\",\"position\":1,\"name\":\"Home\",\"item\":\"https:\/\/hrmforce.com\/fr\/\"},{\"@type\":\"ListItem\",\"position\":2,\"name\":\"Boutique\",\"item\":\"https:\/\/hrmforce.com\/fr\/boutique\/\"},{\"@type\":\"ListItem\",\"position\":3,\"name\":\"Big Fifty Personality\"}]},{\"@type\":\"WebSite\",\"@id\":\"https:\/\/hrmforce.com\/fr\/#website\",\"url\":\"https:\/\/hrmforce.com\/fr\/\",\"name\":\"hrmforce\",\"description\":\"people \u2022 performance \u2022 analytics\",\"publisher\":{\"@id\":\"https:\/\/hrmforce.com\/fr\/#organization\"},\"potentialAction\":[{\"@type\":\"SearchAction\",\"target\":{\"@type\":\"EntryPoint\",\"urlTemplate\":\"https:\/\/hrmforce.com\/fr\/?s={search_term_string}\"},\"query-input\":{\"@type\":\"PropertyValueSpecification\",\"valueRequired\":true,\"valueName\":\"search_term_string\"}}],\"inLanguage\":\"fr-FR\"},{\"@type\":\"Organization\",\"@id\":\"https:\/\/hrmforce.com\/fr\/#organization\",\"name\":\"hrmforce\",\"url\":\"https:\/\/hrmforce.com\/fr\/\",\"logo\":{\"@type\":\"ImageObject\",\"inLanguage\":\"fr-FR\",\"@id\":\"https:\/\/hrmforce.com\/fr\/#\/schema\/logo\/image\/\",\"url\":\"https:\/\/hrmforce.com\/wp-content\/uploads\/2018\/08\/logo-hrmforce.png\",\"contentUrl\":\"https:\/\/hrmforce.com\/wp-content\/uploads\/2018\/08\/logo-hrmforce.png\",\"width\":833,\"height\":189,\"caption\":\"hrmforce\"},\"image\":{\"@id\":\"https:\/\/hrmforce.com\/fr\/#\/schema\/logo\/image\/\"},\"sameAs\":[\"https:\/\/www.facebook.com\/hrmforceNL\/\",\"https:\/\/www.linkedin.com\/company\/hrmforce\/\"]}]}<\/script>\n<!-- \/ Yoast SEO plugin. -->","yoast_head_json":{"title":"Big Fifty Personality - hrmforce","robots":{"index":"index","follow":"follow","max-snippet":"max-snippet:-1","max-image-preview":"max-image-preview:large","max-video-preview":"max-video-preview:-1"},"canonical":"https:\/\/hrmforce.com\/fr\/shop\/hrmforce-fr\/big-fifty-personality\/","og_locale":"fr_FR","og_type":"article","og_title":"Big Fifty Personality - hrmforce","og_description":"Il s\u2019agit d\u2019un questionnaire de personnalit\u00e9 en ligne. Cet instrument donne les scores du candidat sur la base des cinq principaux facteurs de personnalit\u00e9 pour le comportement en situations de travail, le Big Five (Neuroticisme, Extraversion, \u00catre ouvert, Adapter en Conscienciosit\u00e9).  In Dans le rapport de Big Fifty Personality le profil de personnalit\u00e9 est traduit en comp\u00e9tences. Par comp\u00e9tence, on donne une indication de la mesure selon laquelle le collaborateur peut d\u00e9velopper la comp\u00e9tence, en fonction de sa personnalit\u00e9. La dur\u00e9e du test est de 20 minutes environ.","og_url":"https:\/\/hrmforce.com\/fr\/shop\/hrmforce-fr\/big-fifty-personality\/","og_site_name":"hrmforce","article_publisher":"https:\/\/www.facebook.com\/hrmforceNL\/","og_image":[{"width":220,"height":220,"url":"https:\/\/hrmforce.com\/wp-content\/uploads\/2017\/02\/Big-fifty-icon.png","type":"image\/png"}],"twitter_card":"summary_large_image","twitter_misc":{"Dur\u00e9e de lecture estim\u00e9e":"1 minute"},"schema":{"@context":"https:\/\/schema.org","@graph":[{"@type":"WebPage","@id":"https:\/\/hrmforce.com\/fr\/shop\/hrmforce-fr\/big-fifty-personality\/","url":"https:\/\/hrmforce.com\/fr\/shop\/hrmforce-fr\/big-fifty-personality\/","name":"Big Fifty Personality - hrmforce","isPartOf":{"@id":"https:\/\/hrmforce.com\/fr\/#website"},"primaryImageOfPage":{"@id":"https:\/\/hrmforce.com\/fr\/shop\/hrmforce-fr\/big-fifty-personality\/#primaryimage"},"image":{"@id":"https:\/\/hrmforce.com\/fr\/shop\/hrmforce-fr\/big-fifty-personality\/#primaryimage"},"thumbnailUrl":"https:\/\/hrmforce.com\/wp-content\/uploads\/2017\/02\/Big-fifty-icon.png","datePublished":"2023-02-13T07:30:52+00:00","breadcrumb":{"@id":"https:\/\/hrmforce.com\/fr\/shop\/hrmforce-fr\/big-fifty-personality\/#breadcrumb"},"inLanguage":"fr-FR","potentialAction":[{"@type":"ReadAction","target":["https:\/\/hrmforce.com\/fr\/shop\/hrmforce-fr\/big-fifty-personality\/"]}]},{"@type":"ImageObject","inLanguage":"fr-FR","@id":"https:\/\/hrmforce.com\/fr\/shop\/hrmforce-fr\/big-fifty-personality\/#primaryimage","url":"https:\/\/hrmforce.com\/wp-content\/uploads\/2017\/02\/Big-fifty-icon.png","contentUrl":"https:\/\/hrmforce.com\/wp-content\/uploads\/2017\/02\/Big-fifty-icon.png","width":220,"height":220,"caption":"Big Fifty icon"},{"@type":"BreadcrumbList","@id":"https:\/\/hrmforce.com\/fr\/shop\/hrmforce-fr\/big-fifty-personality\/#breadcrumb","itemListElement":[{"@type":"ListItem","position":1,"name":"Home","item":"https:\/\/hrmforce.com\/fr\/"},{"@type":"ListItem","position":2,"name":"Boutique","item":"https:\/\/hrmforce.com\/fr\/boutique\/"},{"@type":"ListItem","position":3,"name":"Big Fifty Personality"}]},{"@type":"WebSite","@id":"https:\/\/hrmforce.com\/fr\/#website","url":"https:\/\/hrmforce.com\/fr\/","name":"hrmforce","description":"people \u2022 performance \u2022 analytics","publisher":{"@id":"https:\/\/hrmforce.com\/fr\/#organization"},"potentialAction":[{"@type":"SearchAction","target":{"@type":"EntryPoint","urlTemplate":"https:\/\/hrmforce.com\/fr\/?s={search_term_string}"},"query-input":{"@type":"PropertyValueSpecification","valueRequired":true,"valueName":"search_term_string"}}],"inLanguage":"fr-FR"},{"@type":"Organization","@id":"https:\/\/hrmforce.com\/fr\/#organization","name":"hrmforce","url":"https:\/\/hrmforce.com\/fr\/","logo":{"@type":"ImageObject","inLanguage":"fr-FR","@id":"https:\/\/hrmforce.com\/fr\/#\/schema\/logo\/image\/","url":"https:\/\/hrmforce.com\/wp-content\/uploads\/2018\/08\/logo-hrmforce.png","contentUrl":"https:\/\/hrmforce.com\/wp-content\/uploads\/2018\/08\/logo-hrmforce.png","width":833,"height":189,"caption":"hrmforce"},"image":{"@id":"https:\/\/hrmforce.com\/fr\/#\/schema\/logo\/image\/"},"sameAs":["https:\/\/www.facebook.com\/hrmforceNL\/","https:\/\/www.linkedin.com\/company\/hrmforce\/"]}]}},"_links":{"self":[{"href":"https:\/\/hrmforce.com\/fr\/wp-json\/wp\/v2\/product\/14721","targetHints":{"allow":["GET"]}}],"collection":[{"href":"https:\/\/hrmforce.com\/fr\/wp-json\/wp\/v2\/product"}],"about":[{"href":"https:\/\/hrmforce.com\/fr\/wp-json\/wp\/v2\/types\/product"}],"wp:featuredmedia":[{"embeddable":true,"href":"https:\/\/hrmforce.com\/fr\/wp-json\/wp\/v2\/media\/14616"}],"wp:attachment":[{"href":"https:\/\/hrmforce.com\/fr\/wp-json\/wp\/v2\/media?parent=14721"}],"wp:term":[{"taxonomy":"product_brand","embeddable":true,"href":"https:\/\/hrmforce.com\/fr\/wp-json\/wp\/v2\/product_brand?post=14721"},{"taxonomy":"product_cat","embeddable":true,"href":"https:\/\/hrmforce.com\/fr\/wp-json\/wp\/v2\/product_cat?post=14721"},{"taxonomy":"product_tag","embeddable":true,"href":"https:\/\/hrmforce.com\/fr\/wp-json\/wp\/v2\/product_tag?post=14721"}],"curies":[{"name":"wp","href":"https:\/\/api.w.org\/{rel}","templated":true}]}}