{"id":14722,"date":"2023-02-13T08:35:11","date_gmt":"2023-02-13T07:35:11","guid":{"rendered":"https:\/\/hrmforce.com\/product\/analyse-des-capacites\/"},"modified":"2021-03-10T14:00:11","modified_gmt":"2021-03-10T13:00:11","slug":"analyse-des-capacites","status":"publish","type":"product","link":"https:\/\/hrmforce.com\/fr\/shop\/hrmforce-fr\/analyse-des-capacites\/","title":{"rendered":"Analyse des capacit\u00e9s"},"content":{"rendered":"<p>Il est prouv\u00e9 que les tests de capacit\u00e9 sont les meilleurs indicateurs du succ\u00e8s dans la fonction. Ability Analysis est un test de capacit\u00e9 cognitif qui mesure la vitesse \u00e0 laquelle quelqu\u2019un peut comprendre des probl\u00e8mes, se forger une opinion, apprendre de nouvelles choses, etc. Pour chaque question, le candidat doit relever un d\u00e9fi, les questions de sont donc pas vite trop faciles ou trop difficile.<\/p>\n<p>NB : TOUS LES PRIX COMPRENNENT LE(S) QUESTIONNAIRES CORRESPONDANTS AINSI QUE LES FRAIS DE TRAITEMENT, DE SERVICE ET D\u2019ADMINSITRATION. POUR DES QUANTIT\u00c9S PLUS IMPORTANTES OU POUR UN PORTAIL DE TEST PROPRE, NOUS VOUS DEMANDONS DE BIEN VOULOIR NOUS CONTACTER VIA +31 88 88 321 88 OU SERVICE@HRMFORCE.COM.<\/p>\n","protected":false},"excerpt":{"rendered":"<p>Il est prouv\u00e9 que les tests de capacit\u00e9 sont les meilleurs indicateurs du succ\u00e8s dans la fonction. Ability Analysis, est un test de capacit\u00e9 cognitif qui mesure la vitesse \u00e0 laquelle quelqu\u2019un peut comprendre des probl\u00e8mes, se forger une opinion, apprendre de nouvelles choses, etc. Pour chaque question, le candidat doit relever un d\u00e9fi, les questions de sont donc pas vite trop faciles ou trop difficiles.<\/p>\n","protected":false},"featured_media":14723,"template":"","meta":{"_acf_changed":false,"inline_featured_image":false},"product_brand":[],"product_cat":[874,880,879],"product_tag":[],"class_list":{"0":"post-14722","1":"product","2":"type-product","3":"status-publish","4":"has-post-thumbnail","6":"product_cat-hrmforce-fr","7":"product_cat-intelligence-fr","8":"product_cat-selection-fr","10":"first","11":"instock","12":"taxable","13":"shipping-taxable","14":"purchasable","15":"product-type-simple"},"acf":[],"yoast_head":"<!-- This site is optimized with the Yoast SEO plugin v27.1.1 - https:\/\/yoast.com\/product\/yoast-seo-wordpress\/ -->\n<title>Analyse des capacit\u00e9s - hrmforce<\/title>\n<meta name=\"robots\" content=\"index, follow, max-snippet:-1, max-image-preview:large, max-video-preview:-1\" \/>\n<link rel=\"canonical\" href=\"https:\/\/hrmforce.com\/fr\/shop\/hrmforce-fr\/analyse-des-capacites\/\" \/>\n<meta property=\"og:locale\" content=\"fr_FR\" \/>\n<meta property=\"og:type\" content=\"article\" \/>\n<meta property=\"og:title\" content=\"Analyse des capacit\u00e9s - hrmforce\" \/>\n<meta property=\"og:description\" content=\"Il est prouv\u00e9 que les tests de capacit\u00e9 sont les meilleurs indicateurs du succ\u00e8s dans la fonction. Ability Analysis, est un test de capacit\u00e9 cognitif qui mesure la vitesse \u00e0 laquelle quelqu\u2019un peut comprendre des probl\u00e8mes, se forger une opinion, apprendre de nouvelles choses, etc. Pour chaque question, le candidat doit relever un d\u00e9fi, les questions de sont donc pas vite trop faciles ou trop difficiles.\" \/>\n<meta property=\"og:url\" content=\"https:\/\/hrmforce.com\/fr\/shop\/hrmforce-fr\/analyse-des-capacites\/\" \/>\n<meta property=\"og:site_name\" content=\"hrmforce\" \/>\n<meta property=\"article:publisher\" content=\"https:\/\/www.facebook.com\/hrmforceNL\/\" \/>\n<meta property=\"og:image\" content=\"https:\/\/hrmforce.com\/wp-content\/uploads\/2017\/02\/AbilityAnalysis-icon.png\" \/>\n\t<meta property=\"og:image:width\" content=\"220\" \/>\n\t<meta property=\"og:image:height\" content=\"220\" \/>\n\t<meta property=\"og:image:type\" content=\"image\/png\" \/>\n<meta name=\"twitter:card\" content=\"summary_large_image\" \/>\n<meta name=\"twitter:label1\" content=\"Dur\u00e9e de lecture estim\u00e9e\" \/>\n\t<meta name=\"twitter:data1\" content=\"1 minute\" \/>\n<script type=\"application\/ld+json\" class=\"yoast-schema-graph\">{\"@context\":\"https:\/\/schema.org\",\"@graph\":[{\"@type\":\"WebPage\",\"@id\":\"https:\/\/hrmforce.com\/fr\/shop\/hrmforce-fr\/analyse-des-capacites\/\",\"url\":\"https:\/\/hrmforce.com\/fr\/shop\/hrmforce-fr\/analyse-des-capacites\/\",\"name\":\"Analyse des capacit\u00e9s - hrmforce\",\"isPartOf\":{\"@id\":\"https:\/\/hrmforce.com\/fr\/#website\"},\"primaryImageOfPage\":{\"@id\":\"https:\/\/hrmforce.com\/fr\/shop\/hrmforce-fr\/analyse-des-capacites\/#primaryimage\"},\"image\":{\"@id\":\"https:\/\/hrmforce.com\/fr\/shop\/hrmforce-fr\/analyse-des-capacites\/#primaryimage\"},\"thumbnailUrl\":\"https:\/\/hrmforce.com\/wp-content\/uploads\/2017\/02\/AbilityAnalysis-icon.png\",\"datePublished\":\"2023-02-13T07:35:11+00:00\",\"breadcrumb\":{\"@id\":\"https:\/\/hrmforce.com\/fr\/shop\/hrmforce-fr\/analyse-des-capacites\/#breadcrumb\"},\"inLanguage\":\"fr-FR\",\"potentialAction\":[{\"@type\":\"ReadAction\",\"target\":[\"https:\/\/hrmforce.com\/fr\/shop\/hrmforce-fr\/analyse-des-capacites\/\"]}]},{\"@type\":\"ImageObject\",\"inLanguage\":\"fr-FR\",\"@id\":\"https:\/\/hrmforce.com\/fr\/shop\/hrmforce-fr\/analyse-des-capacites\/#primaryimage\",\"url\":\"https:\/\/hrmforce.com\/wp-content\/uploads\/2017\/02\/AbilityAnalysis-icon.png\",\"contentUrl\":\"https:\/\/hrmforce.com\/wp-content\/uploads\/2017\/02\/AbilityAnalysis-icon.png\",\"width\":220,\"height\":220},{\"@type\":\"BreadcrumbList\",\"@id\":\"https:\/\/hrmforce.com\/fr\/shop\/hrmforce-fr\/analyse-des-capacites\/#breadcrumb\",\"itemListElement\":[{\"@type\":\"ListItem\",\"position\":1,\"name\":\"Home\",\"item\":\"https:\/\/hrmforce.com\/fr\/\"},{\"@type\":\"ListItem\",\"position\":2,\"name\":\"Boutique\",\"item\":\"https:\/\/hrmforce.com\/fr\/boutique\/\"},{\"@type\":\"ListItem\",\"position\":3,\"name\":\"Analyse des capacit\u00e9s\"}]},{\"@type\":\"WebSite\",\"@id\":\"https:\/\/hrmforce.com\/fr\/#website\",\"url\":\"https:\/\/hrmforce.com\/fr\/\",\"name\":\"hrmforce\",\"description\":\"people \u2022 performance \u2022 analytics\",\"publisher\":{\"@id\":\"https:\/\/hrmforce.com\/fr\/#organization\"},\"potentialAction\":[{\"@type\":\"SearchAction\",\"target\":{\"@type\":\"EntryPoint\",\"urlTemplate\":\"https:\/\/hrmforce.com\/fr\/?s={search_term_string}\"},\"query-input\":{\"@type\":\"PropertyValueSpecification\",\"valueRequired\":true,\"valueName\":\"search_term_string\"}}],\"inLanguage\":\"fr-FR\"},{\"@type\":\"Organization\",\"@id\":\"https:\/\/hrmforce.com\/fr\/#organization\",\"name\":\"hrmforce\",\"url\":\"https:\/\/hrmforce.com\/fr\/\",\"logo\":{\"@type\":\"ImageObject\",\"inLanguage\":\"fr-FR\",\"@id\":\"https:\/\/hrmforce.com\/fr\/#\/schema\/logo\/image\/\",\"url\":\"https:\/\/hrmforce.com\/wp-content\/uploads\/2018\/08\/logo-hrmforce.png\",\"contentUrl\":\"https:\/\/hrmforce.com\/wp-content\/uploads\/2018\/08\/logo-hrmforce.png\",\"width\":833,\"height\":189,\"caption\":\"hrmforce\"},\"image\":{\"@id\":\"https:\/\/hrmforce.com\/fr\/#\/schema\/logo\/image\/\"},\"sameAs\":[\"https:\/\/www.facebook.com\/hrmforceNL\/\",\"https:\/\/www.linkedin.com\/company\/hrmforce\/\"]}]}<\/script>\n<!-- \/ Yoast SEO plugin. -->","yoast_head_json":{"title":"Analyse des capacit\u00e9s - hrmforce","robots":{"index":"index","follow":"follow","max-snippet":"max-snippet:-1","max-image-preview":"max-image-preview:large","max-video-preview":"max-video-preview:-1"},"canonical":"https:\/\/hrmforce.com\/fr\/shop\/hrmforce-fr\/analyse-des-capacites\/","og_locale":"fr_FR","og_type":"article","og_title":"Analyse des capacit\u00e9s - hrmforce","og_description":"Il est prouv\u00e9 que les tests de capacit\u00e9 sont les meilleurs indicateurs du succ\u00e8s dans la fonction. Ability Analysis, est un test de capacit\u00e9 cognitif qui mesure la vitesse \u00e0 laquelle quelqu\u2019un peut comprendre des probl\u00e8mes, se forger une opinion, apprendre de nouvelles choses, etc. Pour chaque question, le candidat doit relever un d\u00e9fi, les questions de sont donc pas vite trop faciles ou trop difficiles.","og_url":"https:\/\/hrmforce.com\/fr\/shop\/hrmforce-fr\/analyse-des-capacites\/","og_site_name":"hrmforce","article_publisher":"https:\/\/www.facebook.com\/hrmforceNL\/","og_image":[{"width":220,"height":220,"url":"https:\/\/hrmforce.com\/wp-content\/uploads\/2017\/02\/AbilityAnalysis-icon.png","type":"image\/png"}],"twitter_card":"summary_large_image","twitter_misc":{"Dur\u00e9e de lecture estim\u00e9e":"1 minute"},"schema":{"@context":"https:\/\/schema.org","@graph":[{"@type":"WebPage","@id":"https:\/\/hrmforce.com\/fr\/shop\/hrmforce-fr\/analyse-des-capacites\/","url":"https:\/\/hrmforce.com\/fr\/shop\/hrmforce-fr\/analyse-des-capacites\/","name":"Analyse des capacit\u00e9s - hrmforce","isPartOf":{"@id":"https:\/\/hrmforce.com\/fr\/#website"},"primaryImageOfPage":{"@id":"https:\/\/hrmforce.com\/fr\/shop\/hrmforce-fr\/analyse-des-capacites\/#primaryimage"},"image":{"@id":"https:\/\/hrmforce.com\/fr\/shop\/hrmforce-fr\/analyse-des-capacites\/#primaryimage"},"thumbnailUrl":"https:\/\/hrmforce.com\/wp-content\/uploads\/2017\/02\/AbilityAnalysis-icon.png","datePublished":"2023-02-13T07:35:11+00:00","breadcrumb":{"@id":"https:\/\/hrmforce.com\/fr\/shop\/hrmforce-fr\/analyse-des-capacites\/#breadcrumb"},"inLanguage":"fr-FR","potentialAction":[{"@type":"ReadAction","target":["https:\/\/hrmforce.com\/fr\/shop\/hrmforce-fr\/analyse-des-capacites\/"]}]},{"@type":"ImageObject","inLanguage":"fr-FR","@id":"https:\/\/hrmforce.com\/fr\/shop\/hrmforce-fr\/analyse-des-capacites\/#primaryimage","url":"https:\/\/hrmforce.com\/wp-content\/uploads\/2017\/02\/AbilityAnalysis-icon.png","contentUrl":"https:\/\/hrmforce.com\/wp-content\/uploads\/2017\/02\/AbilityAnalysis-icon.png","width":220,"height":220},{"@type":"BreadcrumbList","@id":"https:\/\/hrmforce.com\/fr\/shop\/hrmforce-fr\/analyse-des-capacites\/#breadcrumb","itemListElement":[{"@type":"ListItem","position":1,"name":"Home","item":"https:\/\/hrmforce.com\/fr\/"},{"@type":"ListItem","position":2,"name":"Boutique","item":"https:\/\/hrmforce.com\/fr\/boutique\/"},{"@type":"ListItem","position":3,"name":"Analyse des capacit\u00e9s"}]},{"@type":"WebSite","@id":"https:\/\/hrmforce.com\/fr\/#website","url":"https:\/\/hrmforce.com\/fr\/","name":"hrmforce","description":"people \u2022 performance \u2022 analytics","publisher":{"@id":"https:\/\/hrmforce.com\/fr\/#organization"},"potentialAction":[{"@type":"SearchAction","target":{"@type":"EntryPoint","urlTemplate":"https:\/\/hrmforce.com\/fr\/?s={search_term_string}"},"query-input":{"@type":"PropertyValueSpecification","valueRequired":true,"valueName":"search_term_string"}}],"inLanguage":"fr-FR"},{"@type":"Organization","@id":"https:\/\/hrmforce.com\/fr\/#organization","name":"hrmforce","url":"https:\/\/hrmforce.com\/fr\/","logo":{"@type":"ImageObject","inLanguage":"fr-FR","@id":"https:\/\/hrmforce.com\/fr\/#\/schema\/logo\/image\/","url":"https:\/\/hrmforce.com\/wp-content\/uploads\/2018\/08\/logo-hrmforce.png","contentUrl":"https:\/\/hrmforce.com\/wp-content\/uploads\/2018\/08\/logo-hrmforce.png","width":833,"height":189,"caption":"hrmforce"},"image":{"@id":"https:\/\/hrmforce.com\/fr\/#\/schema\/logo\/image\/"},"sameAs":["https:\/\/www.facebook.com\/hrmforceNL\/","https:\/\/www.linkedin.com\/company\/hrmforce\/"]}]}},"_links":{"self":[{"href":"https:\/\/hrmforce.com\/fr\/wp-json\/wp\/v2\/product\/14722","targetHints":{"allow":["GET"]}}],"collection":[{"href":"https:\/\/hrmforce.com\/fr\/wp-json\/wp\/v2\/product"}],"about":[{"href":"https:\/\/hrmforce.com\/fr\/wp-json\/wp\/v2\/types\/product"}],"wp:featuredmedia":[{"embeddable":true,"href":"https:\/\/hrmforce.com\/fr\/wp-json\/wp\/v2\/media\/14723"}],"wp:attachment":[{"href":"https:\/\/hrmforce.com\/fr\/wp-json\/wp\/v2\/media?parent=14722"}],"wp:term":[{"taxonomy":"product_brand","embeddable":true,"href":"https:\/\/hrmforce.com\/fr\/wp-json\/wp\/v2\/product_brand?post=14722"},{"taxonomy":"product_cat","embeddable":true,"href":"https:\/\/hrmforce.com\/fr\/wp-json\/wp\/v2\/product_cat?post=14722"},{"taxonomy":"product_tag","embeddable":true,"href":"https:\/\/hrmforce.com\/fr\/wp-json\/wp\/v2\/product_tag?post=14722"}],"curies":[{"name":"wp","href":"https:\/\/api.w.org\/{rel}","templated":true}]}}