{"id":14766,"date":"2021-02-27T12:39:14","date_gmt":"2021-02-27T11:39:14","guid":{"rendered":"https:\/\/hrmforce.com\/product\/personality-for-professionals-inventory-pfpi\/"},"modified":"2021-02-27T12:39:14","modified_gmt":"2021-02-27T11:39:14","slug":"personality-for-professionals-inventory-pfpi","status":"publish","type":"product","link":"https:\/\/hrmforce.com\/fr\/shop\/personnalite\/personality-for-professionals-inventory-pfpi\/","title":{"rendered":"Personality for Professionals Inventory (PfPI)"},"content":{"rendered":"<div class=\"page\" title=\"Page 12\">\n<div class=\"layoutArea\">\n<div class=\"column\">Le PfPI (Personality for Professionals Inventory) est un questionnaire de personnalit\u00e9 Big-5 d\u00e9velopp\u00e9 selon des principes scientifiques. Le PfPI est en effet le questionnaire de personnalit\u00e9 Big-5 paru le plus r\u00e9cemment (2013) qui soit disponible. Au Benelux, le PfPI est le seul questionnaire de personnalit\u00e9 Big-5 qui a \u00e9t\u00e9 sp\u00e9cifiquement d\u00e9velopp\u00e9 pour une utilisation dans le contexte professionnel. Ainsi, les items concernent le travail, les groupes de norme se composent de la population professionnelle (r\u00e9partie sur tous le niveaux d\u2019\u00e9tudes et d\u2019\u00e2ges) et le rapport d\u00e9crit le candidats en termes de comportement concret \u00e0 attendre sur le lieu de travail.<\/div>\n<div><\/div>\n<div class=\"column\">Avec le PfPI, il est possible de d\u00e9finir les points forts, les points faibles et les points \u00e0 d\u00e9velopper et de les reprendre par exemple dans un plan de d\u00e9veloppement. Le PfPI est disponible en plusieurs langues dont le fran\u00e7ais et le n\u00e9erlandais et dispose e. a. de groupes de norme flamands, n\u00e9erlandais et fran\u00e7ais. Il y a aussi des groupes de norme sp\u00e9cifiques.<\/div>\n<\/div>\n<\/div>\n","protected":false},"excerpt":{"rendered":"<div class=\"page\" title=\"Page 12\">\n<div class=\"layoutArea\">\n<div class=\"column\">Le PfPI (Personality for Professionals Inventory) est un questionnaire de personnalit\u00e9 Big-5 d\u00e9velopp\u00e9 selon des principes scientifiques. Le PfPI est en effet le questionnaire de personnalit\u00e9 Big-5 paru le plus r\u00e9cemment (2013) qui soit disponible.<\/div>\n<\/div>\n<\/div>\n","protected":false},"featured_media":14763,"template":"","meta":{"_acf_changed":false,"inline_featured_image":false},"product_brand":[],"product_cat":[882,878],"product_tag":[],"class_list":{"0":"post-14766","1":"product","2":"type-product","3":"status-publish","4":"has-post-thumbnail","6":"product_cat-pearson-fr","7":"product_cat-personnalite","9":"first","10":"instock","11":"taxable","12":"shipping-taxable","13":"purchasable","14":"product-type-simple"},"acf":[],"yoast_head":"<!-- This site is optimized with the Yoast SEO plugin v27.1.1 - https:\/\/yoast.com\/product\/yoast-seo-wordpress\/ -->\n<title>Personality for Professionals Inventory (PfPI) - hrmforce<\/title>\n<meta name=\"robots\" content=\"index, follow, max-snippet:-1, max-image-preview:large, max-video-preview:-1\" \/>\n<link rel=\"canonical\" href=\"https:\/\/hrmforce.com\/fr\/shop\/personnalite\/personality-for-professionals-inventory-pfpi\/\" \/>\n<meta property=\"og:locale\" content=\"fr_FR\" \/>\n<meta property=\"og:type\" content=\"article\" \/>\n<meta property=\"og:title\" content=\"Personality for Professionals Inventory (PfPI) - hrmforce\" \/>\n<meta property=\"og:description\" content=\"Le PfPI (Personality for Professionals Inventory) est un questionnaire de personnalit\u00e9 Big-5 d\u00e9velopp\u00e9 selon des principes scientifiques. Le PfPI est en effet le questionnaire de personnalit\u00e9 Big-5 paru le plus r\u00e9cemment (2013) qui soit disponible.\" \/>\n<meta property=\"og:url\" content=\"https:\/\/hrmforce.com\/fr\/shop\/personnalite\/personality-for-professionals-inventory-pfpi\/\" \/>\n<meta property=\"og:site_name\" content=\"hrmforce\" \/>\n<meta property=\"article:publisher\" content=\"https:\/\/www.facebook.com\/hrmforceNL\/\" \/>\n<meta property=\"og:image\" content=\"https:\/\/hrmforce.com\/wp-content\/uploads\/2021\/07\/pearson-logo-vierkant-1.png\" \/>\n\t<meta property=\"og:image:width\" content=\"225\" \/>\n\t<meta property=\"og:image:height\" content=\"225\" \/>\n\t<meta property=\"og:image:type\" content=\"image\/png\" \/>\n<meta name=\"twitter:card\" content=\"summary_large_image\" \/>\n<meta name=\"twitter:label1\" content=\"Dur\u00e9e de lecture estim\u00e9e\" \/>\n\t<meta name=\"twitter:data1\" content=\"1 minute\" \/>\n<script type=\"application\/ld+json\" class=\"yoast-schema-graph\">{\"@context\":\"https:\/\/schema.org\",\"@graph\":[{\"@type\":\"WebPage\",\"@id\":\"https:\/\/hrmforce.com\/fr\/shop\/personnalite\/personality-for-professionals-inventory-pfpi\/\",\"url\":\"https:\/\/hrmforce.com\/fr\/shop\/personnalite\/personality-for-professionals-inventory-pfpi\/\",\"name\":\"Personality for Professionals Inventory (PfPI) - hrmforce\",\"isPartOf\":{\"@id\":\"https:\/\/hrmforce.com\/fr\/#website\"},\"primaryImageOfPage\":{\"@id\":\"https:\/\/hrmforce.com\/fr\/shop\/personnalite\/personality-for-professionals-inventory-pfpi\/#primaryimage\"},\"image\":{\"@id\":\"https:\/\/hrmforce.com\/fr\/shop\/personnalite\/personality-for-professionals-inventory-pfpi\/#primaryimage\"},\"thumbnailUrl\":\"https:\/\/hrmforce.com\/wp-content\/uploads\/2021\/07\/pearson-logo-vierkant-1.png\",\"datePublished\":\"2021-02-27T11:39:14+00:00\",\"breadcrumb\":{\"@id\":\"https:\/\/hrmforce.com\/fr\/shop\/personnalite\/personality-for-professionals-inventory-pfpi\/#breadcrumb\"},\"inLanguage\":\"fr-FR\",\"potentialAction\":[{\"@type\":\"ReadAction\",\"target\":[\"https:\/\/hrmforce.com\/fr\/shop\/personnalite\/personality-for-professionals-inventory-pfpi\/\"]}]},{\"@type\":\"ImageObject\",\"inLanguage\":\"fr-FR\",\"@id\":\"https:\/\/hrmforce.com\/fr\/shop\/personnalite\/personality-for-professionals-inventory-pfpi\/#primaryimage\",\"url\":\"https:\/\/hrmforce.com\/wp-content\/uploads\/2021\/07\/pearson-logo-vierkant-1.png\",\"contentUrl\":\"https:\/\/hrmforce.com\/wp-content\/uploads\/2021\/07\/pearson-logo-vierkant-1.png\",\"width\":225,\"height\":225},{\"@type\":\"BreadcrumbList\",\"@id\":\"https:\/\/hrmforce.com\/fr\/shop\/personnalite\/personality-for-professionals-inventory-pfpi\/#breadcrumb\",\"itemListElement\":[{\"@type\":\"ListItem\",\"position\":1,\"name\":\"Home\",\"item\":\"https:\/\/hrmforce.com\/fr\/\"},{\"@type\":\"ListItem\",\"position\":2,\"name\":\"Boutique\",\"item\":\"https:\/\/hrmforce.com\/fr\/boutique\/\"},{\"@type\":\"ListItem\",\"position\":3,\"name\":\"Personality for Professionals Inventory (PfPI)\"}]},{\"@type\":\"WebSite\",\"@id\":\"https:\/\/hrmforce.com\/fr\/#website\",\"url\":\"https:\/\/hrmforce.com\/fr\/\",\"name\":\"hrmforce\",\"description\":\"people \u2022 performance \u2022 analytics\",\"publisher\":{\"@id\":\"https:\/\/hrmforce.com\/fr\/#organization\"},\"potentialAction\":[{\"@type\":\"SearchAction\",\"target\":{\"@type\":\"EntryPoint\",\"urlTemplate\":\"https:\/\/hrmforce.com\/fr\/?s={search_term_string}\"},\"query-input\":{\"@type\":\"PropertyValueSpecification\",\"valueRequired\":true,\"valueName\":\"search_term_string\"}}],\"inLanguage\":\"fr-FR\"},{\"@type\":\"Organization\",\"@id\":\"https:\/\/hrmforce.com\/fr\/#organization\",\"name\":\"hrmforce\",\"url\":\"https:\/\/hrmforce.com\/fr\/\",\"logo\":{\"@type\":\"ImageObject\",\"inLanguage\":\"fr-FR\",\"@id\":\"https:\/\/hrmforce.com\/fr\/#\/schema\/logo\/image\/\",\"url\":\"https:\/\/hrmforce.com\/wp-content\/uploads\/2018\/08\/logo-hrmforce.png\",\"contentUrl\":\"https:\/\/hrmforce.com\/wp-content\/uploads\/2018\/08\/logo-hrmforce.png\",\"width\":833,\"height\":189,\"caption\":\"hrmforce\"},\"image\":{\"@id\":\"https:\/\/hrmforce.com\/fr\/#\/schema\/logo\/image\/\"},\"sameAs\":[\"https:\/\/www.facebook.com\/hrmforceNL\/\",\"https:\/\/www.linkedin.com\/company\/hrmforce\/\"]}]}<\/script>\n<!-- \/ Yoast SEO plugin. -->","yoast_head_json":{"title":"Personality for Professionals Inventory (PfPI) - hrmforce","robots":{"index":"index","follow":"follow","max-snippet":"max-snippet:-1","max-image-preview":"max-image-preview:large","max-video-preview":"max-video-preview:-1"},"canonical":"https:\/\/hrmforce.com\/fr\/shop\/personnalite\/personality-for-professionals-inventory-pfpi\/","og_locale":"fr_FR","og_type":"article","og_title":"Personality for Professionals Inventory (PfPI) - hrmforce","og_description":"Le PfPI (Personality for Professionals Inventory) est un questionnaire de personnalit\u00e9 Big-5 d\u00e9velopp\u00e9 selon des principes scientifiques. Le PfPI est en effet le questionnaire de personnalit\u00e9 Big-5 paru le plus r\u00e9cemment (2013) qui soit disponible.","og_url":"https:\/\/hrmforce.com\/fr\/shop\/personnalite\/personality-for-professionals-inventory-pfpi\/","og_site_name":"hrmforce","article_publisher":"https:\/\/www.facebook.com\/hrmforceNL\/","og_image":[{"width":225,"height":225,"url":"https:\/\/hrmforce.com\/wp-content\/uploads\/2021\/07\/pearson-logo-vierkant-1.png","type":"image\/png"}],"twitter_card":"summary_large_image","twitter_misc":{"Dur\u00e9e de lecture estim\u00e9e":"1 minute"},"schema":{"@context":"https:\/\/schema.org","@graph":[{"@type":"WebPage","@id":"https:\/\/hrmforce.com\/fr\/shop\/personnalite\/personality-for-professionals-inventory-pfpi\/","url":"https:\/\/hrmforce.com\/fr\/shop\/personnalite\/personality-for-professionals-inventory-pfpi\/","name":"Personality for Professionals Inventory (PfPI) - hrmforce","isPartOf":{"@id":"https:\/\/hrmforce.com\/fr\/#website"},"primaryImageOfPage":{"@id":"https:\/\/hrmforce.com\/fr\/shop\/personnalite\/personality-for-professionals-inventory-pfpi\/#primaryimage"},"image":{"@id":"https:\/\/hrmforce.com\/fr\/shop\/personnalite\/personality-for-professionals-inventory-pfpi\/#primaryimage"},"thumbnailUrl":"https:\/\/hrmforce.com\/wp-content\/uploads\/2021\/07\/pearson-logo-vierkant-1.png","datePublished":"2021-02-27T11:39:14+00:00","breadcrumb":{"@id":"https:\/\/hrmforce.com\/fr\/shop\/personnalite\/personality-for-professionals-inventory-pfpi\/#breadcrumb"},"inLanguage":"fr-FR","potentialAction":[{"@type":"ReadAction","target":["https:\/\/hrmforce.com\/fr\/shop\/personnalite\/personality-for-professionals-inventory-pfpi\/"]}]},{"@type":"ImageObject","inLanguage":"fr-FR","@id":"https:\/\/hrmforce.com\/fr\/shop\/personnalite\/personality-for-professionals-inventory-pfpi\/#primaryimage","url":"https:\/\/hrmforce.com\/wp-content\/uploads\/2021\/07\/pearson-logo-vierkant-1.png","contentUrl":"https:\/\/hrmforce.com\/wp-content\/uploads\/2021\/07\/pearson-logo-vierkant-1.png","width":225,"height":225},{"@type":"BreadcrumbList","@id":"https:\/\/hrmforce.com\/fr\/shop\/personnalite\/personality-for-professionals-inventory-pfpi\/#breadcrumb","itemListElement":[{"@type":"ListItem","position":1,"name":"Home","item":"https:\/\/hrmforce.com\/fr\/"},{"@type":"ListItem","position":2,"name":"Boutique","item":"https:\/\/hrmforce.com\/fr\/boutique\/"},{"@type":"ListItem","position":3,"name":"Personality for Professionals Inventory (PfPI)"}]},{"@type":"WebSite","@id":"https:\/\/hrmforce.com\/fr\/#website","url":"https:\/\/hrmforce.com\/fr\/","name":"hrmforce","description":"people \u2022 performance \u2022 analytics","publisher":{"@id":"https:\/\/hrmforce.com\/fr\/#organization"},"potentialAction":[{"@type":"SearchAction","target":{"@type":"EntryPoint","urlTemplate":"https:\/\/hrmforce.com\/fr\/?s={search_term_string}"},"query-input":{"@type":"PropertyValueSpecification","valueRequired":true,"valueName":"search_term_string"}}],"inLanguage":"fr-FR"},{"@type":"Organization","@id":"https:\/\/hrmforce.com\/fr\/#organization","name":"hrmforce","url":"https:\/\/hrmforce.com\/fr\/","logo":{"@type":"ImageObject","inLanguage":"fr-FR","@id":"https:\/\/hrmforce.com\/fr\/#\/schema\/logo\/image\/","url":"https:\/\/hrmforce.com\/wp-content\/uploads\/2018\/08\/logo-hrmforce.png","contentUrl":"https:\/\/hrmforce.com\/wp-content\/uploads\/2018\/08\/logo-hrmforce.png","width":833,"height":189,"caption":"hrmforce"},"image":{"@id":"https:\/\/hrmforce.com\/fr\/#\/schema\/logo\/image\/"},"sameAs":["https:\/\/www.facebook.com\/hrmforceNL\/","https:\/\/www.linkedin.com\/company\/hrmforce\/"]}]}},"_links":{"self":[{"href":"https:\/\/hrmforce.com\/fr\/wp-json\/wp\/v2\/product\/14766","targetHints":{"allow":["GET"]}}],"collection":[{"href":"https:\/\/hrmforce.com\/fr\/wp-json\/wp\/v2\/product"}],"about":[{"href":"https:\/\/hrmforce.com\/fr\/wp-json\/wp\/v2\/types\/product"}],"wp:featuredmedia":[{"embeddable":true,"href":"https:\/\/hrmforce.com\/fr\/wp-json\/wp\/v2\/media\/14763"}],"wp:attachment":[{"href":"https:\/\/hrmforce.com\/fr\/wp-json\/wp\/v2\/media?parent=14766"}],"wp:term":[{"taxonomy":"product_brand","embeddable":true,"href":"https:\/\/hrmforce.com\/fr\/wp-json\/wp\/v2\/product_brand?post=14766"},{"taxonomy":"product_cat","embeddable":true,"href":"https:\/\/hrmforce.com\/fr\/wp-json\/wp\/v2\/product_cat?post=14766"},{"taxonomy":"product_tag","embeddable":true,"href":"https:\/\/hrmforce.com\/fr\/wp-json\/wp\/v2\/product_tag?post=14766"}],"curies":[{"name":"wp","href":"https:\/\/api.w.org\/{rel}","templated":true}]}}