{"id":14768,"date":"2021-02-27T11:29:39","date_gmt":"2021-02-27T10:29:39","guid":{"rendered":"https:\/\/hrmforce.com\/product\/sosie-2nd-generation\/"},"modified":"2021-02-27T11:29:39","modified_gmt":"2021-02-27T10:29:39","slug":"sosie-2nd-generation","status":"publish","type":"product","link":"https:\/\/hrmforce.com\/fr\/shop\/personnalite\/sosie-2nd-generation\/","title":{"rendered":"SOSIE 2nd Generation"},"content":{"rendered":"<p>Le cadre de valeurs donne un aper\u00e7u approfondi de ce qui motive intrins\u00e8quement le r\u00e9pondant. La connaissance de ces motivations est conditionnelle pour d\u00e9terminer le pourquoi du comportement. Et ainsi dans le potentiel de d\u00e9veloppement de certaines caract\u00e9ristiques comportementales (voir mod\u00e8le 1.1.)<\/p>\n<p>On peut ainsi faire des d\u00e9clarations fond\u00e9es sur les points forts et les points \u00e0 d\u00e9velopper et sur la culture d\u2019entreprise la plus ad\u00e9quate (environnement social). Le SOSIE 2nd GenerationTM est d\u00e8s lors un instrument puissant pour pouvoir poser les bonnes questions et pour pouvoir faire et soutenir les bons choix dans le trajet de suivi.<\/p>\n","protected":false},"excerpt":{"rendered":"<div class=\"page\" title=\"Page 7\">\n<div class=\"layoutArea\">\n<div class=\"column\">Le SOSIE 2e g\u00e9n\u00e9ration (ann\u00e9e de parution : 2012) est un questionnaire de personnalit\u00e9 qui donne une id\u00e9e pr\u00e9cise combin\u00e9e aux traits comportementaux et au mod\u00e8le de valeurs correspondant. Cette combinaison dans un seul questionnaire de personnalit\u00e9, agr\u00e9\u00e9 COTAN, est unique.<\/div>\n<\/div>\n<\/div>\n","protected":false},"featured_media":14763,"template":"","meta":{"_acf_changed":false,"inline_featured_image":false},"product_brand":[],"product_cat":[882,878],"product_tag":[],"class_list":{"0":"post-14768","1":"product","2":"type-product","3":"status-publish","4":"has-post-thumbnail","6":"product_cat-pearson-fr","7":"product_cat-personnalite","9":"first","10":"instock","11":"taxable","12":"shipping-taxable","13":"purchasable","14":"product-type-simple"},"acf":[],"yoast_head":"<!-- This site is optimized with the Yoast SEO plugin v27.1.1 - https:\/\/yoast.com\/product\/yoast-seo-wordpress\/ -->\n<title>SOSIE 2nd Generation - hrmforce<\/title>\n<meta name=\"robots\" content=\"index, follow, max-snippet:-1, max-image-preview:large, max-video-preview:-1\" \/>\n<link rel=\"canonical\" href=\"https:\/\/hrmforce.com\/fr\/shop\/personnalite\/sosie-2nd-generation\/\" \/>\n<meta property=\"og:locale\" content=\"fr_FR\" \/>\n<meta property=\"og:type\" content=\"article\" \/>\n<meta property=\"og:title\" content=\"SOSIE 2nd Generation - hrmforce\" \/>\n<meta property=\"og:description\" content=\"Le SOSIE 2e g\u00e9n\u00e9ration (ann\u00e9e de parution : 2012) est un questionnaire de personnalit\u00e9 qui donne une id\u00e9e pr\u00e9cise combin\u00e9e aux traits comportementaux et au mod\u00e8le de valeurs correspondant. Cette combinaison dans un seul questionnaire de personnalit\u00e9, agr\u00e9\u00e9 COTAN, est unique.\" \/>\n<meta property=\"og:url\" content=\"https:\/\/hrmforce.com\/fr\/shop\/personnalite\/sosie-2nd-generation\/\" \/>\n<meta property=\"og:site_name\" content=\"hrmforce\" \/>\n<meta property=\"article:publisher\" content=\"https:\/\/www.facebook.com\/hrmforceNL\/\" \/>\n<meta property=\"og:image\" content=\"https:\/\/hrmforce.com\/wp-content\/uploads\/2021\/07\/pearson-logo-vierkant-1.png\" \/>\n\t<meta property=\"og:image:width\" content=\"225\" \/>\n\t<meta property=\"og:image:height\" content=\"225\" \/>\n\t<meta property=\"og:image:type\" content=\"image\/png\" \/>\n<meta name=\"twitter:card\" content=\"summary_large_image\" \/>\n<meta name=\"twitter:label1\" content=\"Dur\u00e9e de lecture estim\u00e9e\" \/>\n\t<meta name=\"twitter:data1\" content=\"1 minute\" \/>\n<script type=\"application\/ld+json\" class=\"yoast-schema-graph\">{\"@context\":\"https:\/\/schema.org\",\"@graph\":[{\"@type\":\"WebPage\",\"@id\":\"https:\/\/hrmforce.com\/fr\/shop\/personnalite\/sosie-2nd-generation\/\",\"url\":\"https:\/\/hrmforce.com\/fr\/shop\/personnalite\/sosie-2nd-generation\/\",\"name\":\"SOSIE 2nd Generation - hrmforce\",\"isPartOf\":{\"@id\":\"https:\/\/hrmforce.com\/fr\/#website\"},\"primaryImageOfPage\":{\"@id\":\"https:\/\/hrmforce.com\/fr\/shop\/personnalite\/sosie-2nd-generation\/#primaryimage\"},\"image\":{\"@id\":\"https:\/\/hrmforce.com\/fr\/shop\/personnalite\/sosie-2nd-generation\/#primaryimage\"},\"thumbnailUrl\":\"https:\/\/hrmforce.com\/wp-content\/uploads\/2021\/07\/pearson-logo-vierkant-1.png\",\"datePublished\":\"2021-02-27T10:29:39+00:00\",\"breadcrumb\":{\"@id\":\"https:\/\/hrmforce.com\/fr\/shop\/personnalite\/sosie-2nd-generation\/#breadcrumb\"},\"inLanguage\":\"fr-FR\",\"potentialAction\":[{\"@type\":\"ReadAction\",\"target\":[\"https:\/\/hrmforce.com\/fr\/shop\/personnalite\/sosie-2nd-generation\/\"]}]},{\"@type\":\"ImageObject\",\"inLanguage\":\"fr-FR\",\"@id\":\"https:\/\/hrmforce.com\/fr\/shop\/personnalite\/sosie-2nd-generation\/#primaryimage\",\"url\":\"https:\/\/hrmforce.com\/wp-content\/uploads\/2021\/07\/pearson-logo-vierkant-1.png\",\"contentUrl\":\"https:\/\/hrmforce.com\/wp-content\/uploads\/2021\/07\/pearson-logo-vierkant-1.png\",\"width\":225,\"height\":225},{\"@type\":\"BreadcrumbList\",\"@id\":\"https:\/\/hrmforce.com\/fr\/shop\/personnalite\/sosie-2nd-generation\/#breadcrumb\",\"itemListElement\":[{\"@type\":\"ListItem\",\"position\":1,\"name\":\"Home\",\"item\":\"https:\/\/hrmforce.com\/fr\/\"},{\"@type\":\"ListItem\",\"position\":2,\"name\":\"Boutique\",\"item\":\"https:\/\/hrmforce.com\/fr\/boutique\/\"},{\"@type\":\"ListItem\",\"position\":3,\"name\":\"SOSIE 2nd Generation\"}]},{\"@type\":\"WebSite\",\"@id\":\"https:\/\/hrmforce.com\/fr\/#website\",\"url\":\"https:\/\/hrmforce.com\/fr\/\",\"name\":\"hrmforce\",\"description\":\"people \u2022 performance \u2022 analytics\",\"publisher\":{\"@id\":\"https:\/\/hrmforce.com\/fr\/#organization\"},\"potentialAction\":[{\"@type\":\"SearchAction\",\"target\":{\"@type\":\"EntryPoint\",\"urlTemplate\":\"https:\/\/hrmforce.com\/fr\/?s={search_term_string}\"},\"query-input\":{\"@type\":\"PropertyValueSpecification\",\"valueRequired\":true,\"valueName\":\"search_term_string\"}}],\"inLanguage\":\"fr-FR\"},{\"@type\":\"Organization\",\"@id\":\"https:\/\/hrmforce.com\/fr\/#organization\",\"name\":\"hrmforce\",\"url\":\"https:\/\/hrmforce.com\/fr\/\",\"logo\":{\"@type\":\"ImageObject\",\"inLanguage\":\"fr-FR\",\"@id\":\"https:\/\/hrmforce.com\/fr\/#\/schema\/logo\/image\/\",\"url\":\"https:\/\/hrmforce.com\/wp-content\/uploads\/2018\/08\/logo-hrmforce.png\",\"contentUrl\":\"https:\/\/hrmforce.com\/wp-content\/uploads\/2018\/08\/logo-hrmforce.png\",\"width\":833,\"height\":189,\"caption\":\"hrmforce\"},\"image\":{\"@id\":\"https:\/\/hrmforce.com\/fr\/#\/schema\/logo\/image\/\"},\"sameAs\":[\"https:\/\/www.facebook.com\/hrmforceNL\/\",\"https:\/\/www.linkedin.com\/company\/hrmforce\/\"]}]}<\/script>\n<!-- \/ Yoast SEO plugin. -->","yoast_head_json":{"title":"SOSIE 2nd Generation - hrmforce","robots":{"index":"index","follow":"follow","max-snippet":"max-snippet:-1","max-image-preview":"max-image-preview:large","max-video-preview":"max-video-preview:-1"},"canonical":"https:\/\/hrmforce.com\/fr\/shop\/personnalite\/sosie-2nd-generation\/","og_locale":"fr_FR","og_type":"article","og_title":"SOSIE 2nd Generation - hrmforce","og_description":"Le SOSIE 2e g\u00e9n\u00e9ration (ann\u00e9e de parution : 2012) est un questionnaire de personnalit\u00e9 qui donne une id\u00e9e pr\u00e9cise combin\u00e9e aux traits comportementaux et au mod\u00e8le de valeurs correspondant. Cette combinaison dans un seul questionnaire de personnalit\u00e9, agr\u00e9\u00e9 COTAN, est unique.","og_url":"https:\/\/hrmforce.com\/fr\/shop\/personnalite\/sosie-2nd-generation\/","og_site_name":"hrmforce","article_publisher":"https:\/\/www.facebook.com\/hrmforceNL\/","og_image":[{"width":225,"height":225,"url":"https:\/\/hrmforce.com\/wp-content\/uploads\/2021\/07\/pearson-logo-vierkant-1.png","type":"image\/png"}],"twitter_card":"summary_large_image","twitter_misc":{"Dur\u00e9e de lecture estim\u00e9e":"1 minute"},"schema":{"@context":"https:\/\/schema.org","@graph":[{"@type":"WebPage","@id":"https:\/\/hrmforce.com\/fr\/shop\/personnalite\/sosie-2nd-generation\/","url":"https:\/\/hrmforce.com\/fr\/shop\/personnalite\/sosie-2nd-generation\/","name":"SOSIE 2nd Generation - hrmforce","isPartOf":{"@id":"https:\/\/hrmforce.com\/fr\/#website"},"primaryImageOfPage":{"@id":"https:\/\/hrmforce.com\/fr\/shop\/personnalite\/sosie-2nd-generation\/#primaryimage"},"image":{"@id":"https:\/\/hrmforce.com\/fr\/shop\/personnalite\/sosie-2nd-generation\/#primaryimage"},"thumbnailUrl":"https:\/\/hrmforce.com\/wp-content\/uploads\/2021\/07\/pearson-logo-vierkant-1.png","datePublished":"2021-02-27T10:29:39+00:00","breadcrumb":{"@id":"https:\/\/hrmforce.com\/fr\/shop\/personnalite\/sosie-2nd-generation\/#breadcrumb"},"inLanguage":"fr-FR","potentialAction":[{"@type":"ReadAction","target":["https:\/\/hrmforce.com\/fr\/shop\/personnalite\/sosie-2nd-generation\/"]}]},{"@type":"ImageObject","inLanguage":"fr-FR","@id":"https:\/\/hrmforce.com\/fr\/shop\/personnalite\/sosie-2nd-generation\/#primaryimage","url":"https:\/\/hrmforce.com\/wp-content\/uploads\/2021\/07\/pearson-logo-vierkant-1.png","contentUrl":"https:\/\/hrmforce.com\/wp-content\/uploads\/2021\/07\/pearson-logo-vierkant-1.png","width":225,"height":225},{"@type":"BreadcrumbList","@id":"https:\/\/hrmforce.com\/fr\/shop\/personnalite\/sosie-2nd-generation\/#breadcrumb","itemListElement":[{"@type":"ListItem","position":1,"name":"Home","item":"https:\/\/hrmforce.com\/fr\/"},{"@type":"ListItem","position":2,"name":"Boutique","item":"https:\/\/hrmforce.com\/fr\/boutique\/"},{"@type":"ListItem","position":3,"name":"SOSIE 2nd Generation"}]},{"@type":"WebSite","@id":"https:\/\/hrmforce.com\/fr\/#website","url":"https:\/\/hrmforce.com\/fr\/","name":"hrmforce","description":"people \u2022 performance \u2022 analytics","publisher":{"@id":"https:\/\/hrmforce.com\/fr\/#organization"},"potentialAction":[{"@type":"SearchAction","target":{"@type":"EntryPoint","urlTemplate":"https:\/\/hrmforce.com\/fr\/?s={search_term_string}"},"query-input":{"@type":"PropertyValueSpecification","valueRequired":true,"valueName":"search_term_string"}}],"inLanguage":"fr-FR"},{"@type":"Organization","@id":"https:\/\/hrmforce.com\/fr\/#organization","name":"hrmforce","url":"https:\/\/hrmforce.com\/fr\/","logo":{"@type":"ImageObject","inLanguage":"fr-FR","@id":"https:\/\/hrmforce.com\/fr\/#\/schema\/logo\/image\/","url":"https:\/\/hrmforce.com\/wp-content\/uploads\/2018\/08\/logo-hrmforce.png","contentUrl":"https:\/\/hrmforce.com\/wp-content\/uploads\/2018\/08\/logo-hrmforce.png","width":833,"height":189,"caption":"hrmforce"},"image":{"@id":"https:\/\/hrmforce.com\/fr\/#\/schema\/logo\/image\/"},"sameAs":["https:\/\/www.facebook.com\/hrmforceNL\/","https:\/\/www.linkedin.com\/company\/hrmforce\/"]}]}},"_links":{"self":[{"href":"https:\/\/hrmforce.com\/fr\/wp-json\/wp\/v2\/product\/14768","targetHints":{"allow":["GET"]}}],"collection":[{"href":"https:\/\/hrmforce.com\/fr\/wp-json\/wp\/v2\/product"}],"about":[{"href":"https:\/\/hrmforce.com\/fr\/wp-json\/wp\/v2\/types\/product"}],"wp:featuredmedia":[{"embeddable":true,"href":"https:\/\/hrmforce.com\/fr\/wp-json\/wp\/v2\/media\/14763"}],"wp:attachment":[{"href":"https:\/\/hrmforce.com\/fr\/wp-json\/wp\/v2\/media?parent=14768"}],"wp:term":[{"taxonomy":"product_brand","embeddable":true,"href":"https:\/\/hrmforce.com\/fr\/wp-json\/wp\/v2\/product_brand?post=14768"},{"taxonomy":"product_cat","embeddable":true,"href":"https:\/\/hrmforce.com\/fr\/wp-json\/wp\/v2\/product_cat?post=14768"},{"taxonomy":"product_tag","embeddable":true,"href":"https:\/\/hrmforce.com\/fr\/wp-json\/wp\/v2\/product_tag?post=14768"}],"curies":[{"name":"wp","href":"https:\/\/api.w.org\/{rel}","templated":true}]}}