{"id":14843,"date":"2021-02-25T13:35:41","date_gmt":"2021-02-25T12:35:41","guid":{"rendered":"https:\/\/hrmforce.com\/product\/papi-i\/"},"modified":"2021-11-01T16:12:07","modified_gmt":"2021-11-01T15:12:07","slug":"papi-i","status":"publish","type":"product","link":"https:\/\/hrmforce.com\/fr\/shop\/mobilite\/papi-i\/","title":{"rendered":"PAPI-i"},"content":{"rendered":"<p>PAPI 3 identifie les motivations et le comportement pr\u00e9f\u00e9r\u00e9 des individus. On obtient ainsi une base fiable pour identifier, s\u00e9lectionner et d\u00e9velopper le talent n\u00e9cessaire. Les r\u00e9sultats sont concentr\u00e9s sur ce qui est important pour votre organisation et fournit les leviers n\u00e9cessaires pour faire des entretiens d\u00e9terminants et mener des entretiens de feedback productifs.<\/p>\n<p>PAPI 3 donne des leviers pour d\u00e9finir pr\u00e9cis\u00e9ment ce que vous cherchez chez un candidat. Avec notre Job Profiler, il est possible d\u2019envoyer un petit questionnaire \u00e0 des experts de fonction et de recueillir automatiquement leur contribution, sur ce qui est essentiel pour eux pour avoir du succ\u00e8s dans la fonction.<\/p>\n<p>PAPI 3 est un questionnaire de personnalit\u00e9 d\u00e9velopp\u00e9 depuis la base. De plus, le PAPI 3 est un questionnaire sensible au niveau culturel qui est disponible en diff\u00e9rentes langues. C\u2019est pourquoi il est id\u00e9al pour les entreprises internationales qui veulent faire des \u00e9valuations de personnalit\u00e9s dans plusieurs pays.<\/p>\n","protected":false},"excerpt":{"rendered":"<p>Disponible tant pour les professionnels form\u00e9s que pour les d\u00e9butants. Si les certifi\u00e9s n&rsquo;ont pas encore particip\u00e9 \u00e0 une formation de recyclage pour le PAPI 3, l&rsquo;ancien PAPI 2 est aussi disponible. Le prix comprend tous les rapports.<\/p>\n","protected":false},"featured_media":20718,"template":"","meta":{"_acf_changed":false,"inline_featured_image":false},"product_brand":[],"product_cat":[886,877,876,878,887,879],"product_tag":[],"class_list":{"0":"post-14843","1":"product","2":"type-product","3":"status-publish","4":"has-post-thumbnail","6":"product_cat-cubiks-fr","7":"product_cat-developpement","8":"product_cat-mobilite","9":"product_cat-personnalite","10":"product_cat-preselection-fr","11":"product_cat-selection-fr","13":"first","14":"instock","15":"taxable","16":"shipping-taxable","17":"purchasable","18":"product-type-simple"},"acf":[],"yoast_head":"<!-- This site is optimized with the Yoast SEO plugin v27.1.1 - https:\/\/yoast.com\/product\/yoast-seo-wordpress\/ -->\n<title>PAPI-i - hrmforce<\/title>\n<meta name=\"robots\" content=\"index, follow, max-snippet:-1, max-image-preview:large, max-video-preview:-1\" \/>\n<link rel=\"canonical\" href=\"https:\/\/hrmforce.com\/fr\/shop\/mobilite\/papi-i\/\" \/>\n<meta property=\"og:locale\" content=\"fr_FR\" \/>\n<meta property=\"og:type\" content=\"article\" \/>\n<meta property=\"og:title\" content=\"PAPI-i - hrmforce\" \/>\n<meta property=\"og:description\" content=\"Disponible tant pour les professionnels form\u00e9s que pour les d\u00e9butants. Si les certifi\u00e9s n&#039;ont pas encore particip\u00e9 \u00e0 une formation de recyclage pour le PAPI 3, l&#039;ancien PAPI 2 est aussi disponible. Le prix comprend tous les rapports.\" \/>\n<meta property=\"og:url\" content=\"https:\/\/hrmforce.com\/fr\/shop\/mobilite\/papi-i\/\" \/>\n<meta property=\"og:site_name\" content=\"hrmforce\" \/>\n<meta property=\"article:publisher\" content=\"https:\/\/www.facebook.com\/hrmforceNL\/\" \/>\n<meta property=\"article:modified_time\" content=\"2021-11-01T15:12:07+00:00\" \/>\n<meta property=\"og:image\" content=\"https:\/\/hrmforce.com\/wp-content\/uploads\/2024\/01\/papi-3-logo-new.webp\" \/>\n\t<meta property=\"og:image:width\" content=\"600\" \/>\n\t<meta property=\"og:image:height\" content=\"400\" \/>\n\t<meta property=\"og:image:type\" content=\"image\/webp\" \/>\n<meta name=\"twitter:card\" content=\"summary_large_image\" \/>\n<meta name=\"twitter:label1\" content=\"Dur\u00e9e de lecture estim\u00e9e\" \/>\n\t<meta name=\"twitter:data1\" content=\"1 minute\" \/>\n<script type=\"application\/ld+json\" class=\"yoast-schema-graph\">{\"@context\":\"https:\/\/schema.org\",\"@graph\":[{\"@type\":\"WebPage\",\"@id\":\"https:\/\/hrmforce.com\/fr\/shop\/mobilite\/papi-i\/\",\"url\":\"https:\/\/hrmforce.com\/fr\/shop\/mobilite\/papi-i\/\",\"name\":\"PAPI-i - hrmforce\",\"isPartOf\":{\"@id\":\"https:\/\/hrmforce.com\/fr\/#website\"},\"primaryImageOfPage\":{\"@id\":\"https:\/\/hrmforce.com\/fr\/shop\/mobilite\/papi-i\/#primaryimage\"},\"image\":{\"@id\":\"https:\/\/hrmforce.com\/fr\/shop\/mobilite\/papi-i\/#primaryimage\"},\"thumbnailUrl\":\"https:\/\/hrmforce.com\/wp-content\/uploads\/2024\/01\/papi-3-logo-new.webp\",\"datePublished\":\"2021-02-25T12:35:41+00:00\",\"dateModified\":\"2021-11-01T15:12:07+00:00\",\"breadcrumb\":{\"@id\":\"https:\/\/hrmforce.com\/fr\/shop\/mobilite\/papi-i\/#breadcrumb\"},\"inLanguage\":\"fr-FR\",\"potentialAction\":[{\"@type\":\"ReadAction\",\"target\":[\"https:\/\/hrmforce.com\/fr\/shop\/mobilite\/papi-i\/\"]}]},{\"@type\":\"ImageObject\",\"inLanguage\":\"fr-FR\",\"@id\":\"https:\/\/hrmforce.com\/fr\/shop\/mobilite\/papi-i\/#primaryimage\",\"url\":\"https:\/\/hrmforce.com\/wp-content\/uploads\/2024\/01\/papi-3-logo-new.webp\",\"contentUrl\":\"https:\/\/hrmforce.com\/wp-content\/uploads\/2024\/01\/papi-3-logo-new.webp\",\"width\":600,\"height\":400,\"caption\":\"papi 3 logo new\"},{\"@type\":\"BreadcrumbList\",\"@id\":\"https:\/\/hrmforce.com\/fr\/shop\/mobilite\/papi-i\/#breadcrumb\",\"itemListElement\":[{\"@type\":\"ListItem\",\"position\":1,\"name\":\"Home\",\"item\":\"https:\/\/hrmforce.com\/fr\/\"},{\"@type\":\"ListItem\",\"position\":2,\"name\":\"Boutique\",\"item\":\"https:\/\/hrmforce.com\/fr\/boutique\/\"},{\"@type\":\"ListItem\",\"position\":3,\"name\":\"PAPI-i\"}]},{\"@type\":\"WebSite\",\"@id\":\"https:\/\/hrmforce.com\/fr\/#website\",\"url\":\"https:\/\/hrmforce.com\/fr\/\",\"name\":\"hrmforce\",\"description\":\"people \u2022 performance \u2022 analytics\",\"publisher\":{\"@id\":\"https:\/\/hrmforce.com\/fr\/#organization\"},\"potentialAction\":[{\"@type\":\"SearchAction\",\"target\":{\"@type\":\"EntryPoint\",\"urlTemplate\":\"https:\/\/hrmforce.com\/fr\/?s={search_term_string}\"},\"query-input\":{\"@type\":\"PropertyValueSpecification\",\"valueRequired\":true,\"valueName\":\"search_term_string\"}}],\"inLanguage\":\"fr-FR\"},{\"@type\":\"Organization\",\"@id\":\"https:\/\/hrmforce.com\/fr\/#organization\",\"name\":\"hrmforce\",\"url\":\"https:\/\/hrmforce.com\/fr\/\",\"logo\":{\"@type\":\"ImageObject\",\"inLanguage\":\"fr-FR\",\"@id\":\"https:\/\/hrmforce.com\/fr\/#\/schema\/logo\/image\/\",\"url\":\"https:\/\/hrmforce.com\/wp-content\/uploads\/2018\/08\/logo-hrmforce.png\",\"contentUrl\":\"https:\/\/hrmforce.com\/wp-content\/uploads\/2018\/08\/logo-hrmforce.png\",\"width\":833,\"height\":189,\"caption\":\"hrmforce\"},\"image\":{\"@id\":\"https:\/\/hrmforce.com\/fr\/#\/schema\/logo\/image\/\"},\"sameAs\":[\"https:\/\/www.facebook.com\/hrmforceNL\/\",\"https:\/\/www.linkedin.com\/company\/hrmforce\/\"]}]}<\/script>\n<!-- \/ Yoast SEO plugin. -->","yoast_head_json":{"title":"PAPI-i - hrmforce","robots":{"index":"index","follow":"follow","max-snippet":"max-snippet:-1","max-image-preview":"max-image-preview:large","max-video-preview":"max-video-preview:-1"},"canonical":"https:\/\/hrmforce.com\/fr\/shop\/mobilite\/papi-i\/","og_locale":"fr_FR","og_type":"article","og_title":"PAPI-i - hrmforce","og_description":"Disponible tant pour les professionnels form\u00e9s que pour les d\u00e9butants. Si les certifi\u00e9s n'ont pas encore particip\u00e9 \u00e0 une formation de recyclage pour le PAPI 3, l'ancien PAPI 2 est aussi disponible. Le prix comprend tous les rapports.","og_url":"https:\/\/hrmforce.com\/fr\/shop\/mobilite\/papi-i\/","og_site_name":"hrmforce","article_publisher":"https:\/\/www.facebook.com\/hrmforceNL\/","article_modified_time":"2021-11-01T15:12:07+00:00","og_image":[{"width":600,"height":400,"url":"https:\/\/hrmforce.com\/wp-content\/uploads\/2024\/01\/papi-3-logo-new.webp","type":"image\/webp"}],"twitter_card":"summary_large_image","twitter_misc":{"Dur\u00e9e de lecture estim\u00e9e":"1 minute"},"schema":{"@context":"https:\/\/schema.org","@graph":[{"@type":"WebPage","@id":"https:\/\/hrmforce.com\/fr\/shop\/mobilite\/papi-i\/","url":"https:\/\/hrmforce.com\/fr\/shop\/mobilite\/papi-i\/","name":"PAPI-i - hrmforce","isPartOf":{"@id":"https:\/\/hrmforce.com\/fr\/#website"},"primaryImageOfPage":{"@id":"https:\/\/hrmforce.com\/fr\/shop\/mobilite\/papi-i\/#primaryimage"},"image":{"@id":"https:\/\/hrmforce.com\/fr\/shop\/mobilite\/papi-i\/#primaryimage"},"thumbnailUrl":"https:\/\/hrmforce.com\/wp-content\/uploads\/2024\/01\/papi-3-logo-new.webp","datePublished":"2021-02-25T12:35:41+00:00","dateModified":"2021-11-01T15:12:07+00:00","breadcrumb":{"@id":"https:\/\/hrmforce.com\/fr\/shop\/mobilite\/papi-i\/#breadcrumb"},"inLanguage":"fr-FR","potentialAction":[{"@type":"ReadAction","target":["https:\/\/hrmforce.com\/fr\/shop\/mobilite\/papi-i\/"]}]},{"@type":"ImageObject","inLanguage":"fr-FR","@id":"https:\/\/hrmforce.com\/fr\/shop\/mobilite\/papi-i\/#primaryimage","url":"https:\/\/hrmforce.com\/wp-content\/uploads\/2024\/01\/papi-3-logo-new.webp","contentUrl":"https:\/\/hrmforce.com\/wp-content\/uploads\/2024\/01\/papi-3-logo-new.webp","width":600,"height":400,"caption":"papi 3 logo new"},{"@type":"BreadcrumbList","@id":"https:\/\/hrmforce.com\/fr\/shop\/mobilite\/papi-i\/#breadcrumb","itemListElement":[{"@type":"ListItem","position":1,"name":"Home","item":"https:\/\/hrmforce.com\/fr\/"},{"@type":"ListItem","position":2,"name":"Boutique","item":"https:\/\/hrmforce.com\/fr\/boutique\/"},{"@type":"ListItem","position":3,"name":"PAPI-i"}]},{"@type":"WebSite","@id":"https:\/\/hrmforce.com\/fr\/#website","url":"https:\/\/hrmforce.com\/fr\/","name":"hrmforce","description":"people \u2022 performance \u2022 analytics","publisher":{"@id":"https:\/\/hrmforce.com\/fr\/#organization"},"potentialAction":[{"@type":"SearchAction","target":{"@type":"EntryPoint","urlTemplate":"https:\/\/hrmforce.com\/fr\/?s={search_term_string}"},"query-input":{"@type":"PropertyValueSpecification","valueRequired":true,"valueName":"search_term_string"}}],"inLanguage":"fr-FR"},{"@type":"Organization","@id":"https:\/\/hrmforce.com\/fr\/#organization","name":"hrmforce","url":"https:\/\/hrmforce.com\/fr\/","logo":{"@type":"ImageObject","inLanguage":"fr-FR","@id":"https:\/\/hrmforce.com\/fr\/#\/schema\/logo\/image\/","url":"https:\/\/hrmforce.com\/wp-content\/uploads\/2018\/08\/logo-hrmforce.png","contentUrl":"https:\/\/hrmforce.com\/wp-content\/uploads\/2018\/08\/logo-hrmforce.png","width":833,"height":189,"caption":"hrmforce"},"image":{"@id":"https:\/\/hrmforce.com\/fr\/#\/schema\/logo\/image\/"},"sameAs":["https:\/\/www.facebook.com\/hrmforceNL\/","https:\/\/www.linkedin.com\/company\/hrmforce\/"]}]}},"_links":{"self":[{"href":"https:\/\/hrmforce.com\/fr\/wp-json\/wp\/v2\/product\/14843","targetHints":{"allow":["GET"]}}],"collection":[{"href":"https:\/\/hrmforce.com\/fr\/wp-json\/wp\/v2\/product"}],"about":[{"href":"https:\/\/hrmforce.com\/fr\/wp-json\/wp\/v2\/types\/product"}],"wp:featuredmedia":[{"embeddable":true,"href":"https:\/\/hrmforce.com\/fr\/wp-json\/wp\/v2\/media\/20718"}],"wp:attachment":[{"href":"https:\/\/hrmforce.com\/fr\/wp-json\/wp\/v2\/media?parent=14843"}],"wp:term":[{"taxonomy":"product_brand","embeddable":true,"href":"https:\/\/hrmforce.com\/fr\/wp-json\/wp\/v2\/product_brand?post=14843"},{"taxonomy":"product_cat","embeddable":true,"href":"https:\/\/hrmforce.com\/fr\/wp-json\/wp\/v2\/product_cat?post=14843"},{"taxonomy":"product_tag","embeddable":true,"href":"https:\/\/hrmforce.com\/fr\/wp-json\/wp\/v2\/product_tag?post=14843"}],"curies":[{"name":"wp","href":"https:\/\/api.w.org\/{rel}","templated":true}]}}