{"id":14845,"date":"2021-02-25T13:24:35","date_gmt":"2021-02-25T12:24:35","guid":{"rendered":"https:\/\/hrmforce.com\/product\/cubiks-360\/"},"modified":"2021-02-25T13:24:35","modified_gmt":"2021-02-25T12:24:35","slug":"cubiks-360","status":"publish","type":"product","link":"https:\/\/hrmforce.com\/fr\/shop\/developpement\/cubiks-360\/","title":{"rendered":"Cubiks 360"},"content":{"rendered":"<p>Cubiks 360\u2070 est un syst\u00e8me de feedback flexible et complet que l\u2019on peut adapter aux besoins \u00e0 360\u00b0. Il est rapide, efficace et simple. Il offre \u00e0 l\u2019utilisateur la possibilit\u00e9 de terminer plusieurs \u00e9valuations par session. Une plus grande implication des \u00e9valuateurs se traduit par de meilleurs r\u00e9sultats et un meilleur aper\u00e7u des besoins de d\u00e9veloppement de vos collaborateurs.<\/p>\n","protected":false},"excerpt":{"rendered":"<p>Les organisations tourn\u00e9es vers l&rsquo;avenir reconnaissent l&rsquo;importance du d\u00e9veloppement. L&rsquo;enregistrement de 360 \u00e9valuations dans des entretiens de fonctionnement est ici tr\u00e8s pr\u00e9cieux. Le r\u00e9sultat est que les collaborateurs ont la possibilit\u00e9 de voir leur comportement \u00e0 travers les yeux des autres. C&rsquo;est la garantie d&rsquo;une conscience de soi plus forte et cela facilite l&rsquo;\u00e9tablissement d&rsquo;objectif et le d\u00e9veloppement de comp\u00e9tences.<\/p>\n","protected":false},"featured_media":20731,"template":"","meta":{"_acf_changed":false,"inline_featured_image":false},"product_brand":[],"product_cat":[888,886,877],"product_tag":[],"class_list":{"0":"post-14845","1":"product","2":"type-product","3":"status-publish","4":"has-post-thumbnail","6":"product_cat-360-feedback","7":"product_cat-cubiks-fr","8":"product_cat-developpement","10":"first","11":"instock","12":"taxable","13":"shipping-taxable","14":"purchasable","15":"product-type-simple"},"acf":[],"yoast_head":"<!-- This site is optimized with the Yoast SEO plugin v27.1.1 - https:\/\/yoast.com\/product\/yoast-seo-wordpress\/ -->\n<title>Cubiks 360 - hrmforce<\/title>\n<meta name=\"robots\" content=\"index, follow, max-snippet:-1, max-image-preview:large, max-video-preview:-1\" \/>\n<link rel=\"canonical\" href=\"https:\/\/hrmforce.com\/fr\/shop\/developpement\/cubiks-360\/\" \/>\n<meta property=\"og:locale\" content=\"fr_FR\" \/>\n<meta property=\"og:type\" content=\"article\" \/>\n<meta property=\"og:title\" content=\"Cubiks 360 - hrmforce\" \/>\n<meta property=\"og:description\" content=\"Les organisations tourn\u00e9es vers l&#039;avenir reconnaissent l&#039;importance du d\u00e9veloppement. L&#039;enregistrement de 360 \u00e9valuations dans des entretiens de fonctionnement est ici tr\u00e8s pr\u00e9cieux. Le r\u00e9sultat est que les collaborateurs ont la possibilit\u00e9 de voir leur comportement \u00e0 travers les yeux des autres. C&#039;est la garantie d&#039;une conscience de soi plus forte et cela facilite l&#039;\u00e9tablissement d&#039;objectif et le d\u00e9veloppement de comp\u00e9tences.\" \/>\n<meta property=\"og:url\" content=\"https:\/\/hrmforce.com\/fr\/shop\/developpement\/cubiks-360\/\" \/>\n<meta property=\"og:site_name\" content=\"hrmforce\" \/>\n<meta property=\"article:publisher\" content=\"https:\/\/www.facebook.com\/hrmforceNL\/\" \/>\n<meta property=\"og:image\" content=\"https:\/\/hrmforce.com\/wp-content\/uploads\/2021\/02\/Talogy-360.webp\" \/>\n\t<meta property=\"og:image:width\" content=\"600\" \/>\n\t<meta property=\"og:image:height\" content=\"400\" \/>\n\t<meta property=\"og:image:type\" content=\"image\/webp\" \/>\n<meta name=\"twitter:card\" content=\"summary_large_image\" \/>\n<script type=\"application\/ld+json\" class=\"yoast-schema-graph\">{\"@context\":\"https:\/\/schema.org\",\"@graph\":[{\"@type\":\"WebPage\",\"@id\":\"https:\/\/hrmforce.com\/fr\/shop\/developpement\/cubiks-360\/\",\"url\":\"https:\/\/hrmforce.com\/fr\/shop\/developpement\/cubiks-360\/\",\"name\":\"Cubiks 360 - hrmforce\",\"isPartOf\":{\"@id\":\"https:\/\/hrmforce.com\/fr\/#website\"},\"primaryImageOfPage\":{\"@id\":\"https:\/\/hrmforce.com\/fr\/shop\/developpement\/cubiks-360\/#primaryimage\"},\"image\":{\"@id\":\"https:\/\/hrmforce.com\/fr\/shop\/developpement\/cubiks-360\/#primaryimage\"},\"thumbnailUrl\":\"https:\/\/hrmforce.com\/wp-content\/uploads\/2021\/02\/Talogy-360.webp\",\"datePublished\":\"2021-02-25T12:24:35+00:00\",\"breadcrumb\":{\"@id\":\"https:\/\/hrmforce.com\/fr\/shop\/developpement\/cubiks-360\/#breadcrumb\"},\"inLanguage\":\"fr-FR\",\"potentialAction\":[{\"@type\":\"ReadAction\",\"target\":[\"https:\/\/hrmforce.com\/fr\/shop\/developpement\/cubiks-360\/\"]}]},{\"@type\":\"ImageObject\",\"inLanguage\":\"fr-FR\",\"@id\":\"https:\/\/hrmforce.com\/fr\/shop\/developpement\/cubiks-360\/#primaryimage\",\"url\":\"https:\/\/hrmforce.com\/wp-content\/uploads\/2021\/02\/Talogy-360.webp\",\"contentUrl\":\"https:\/\/hrmforce.com\/wp-content\/uploads\/2021\/02\/Talogy-360.webp\",\"width\":600,\"height\":400},{\"@type\":\"BreadcrumbList\",\"@id\":\"https:\/\/hrmforce.com\/fr\/shop\/developpement\/cubiks-360\/#breadcrumb\",\"itemListElement\":[{\"@type\":\"ListItem\",\"position\":1,\"name\":\"Home\",\"item\":\"https:\/\/hrmforce.com\/fr\/\"},{\"@type\":\"ListItem\",\"position\":2,\"name\":\"Boutique\",\"item\":\"https:\/\/hrmforce.com\/fr\/boutique\/\"},{\"@type\":\"ListItem\",\"position\":3,\"name\":\"Cubiks 360\"}]},{\"@type\":\"WebSite\",\"@id\":\"https:\/\/hrmforce.com\/fr\/#website\",\"url\":\"https:\/\/hrmforce.com\/fr\/\",\"name\":\"hrmforce\",\"description\":\"people \u2022 performance \u2022 analytics\",\"publisher\":{\"@id\":\"https:\/\/hrmforce.com\/fr\/#organization\"},\"potentialAction\":[{\"@type\":\"SearchAction\",\"target\":{\"@type\":\"EntryPoint\",\"urlTemplate\":\"https:\/\/hrmforce.com\/fr\/?s={search_term_string}\"},\"query-input\":{\"@type\":\"PropertyValueSpecification\",\"valueRequired\":true,\"valueName\":\"search_term_string\"}}],\"inLanguage\":\"fr-FR\"},{\"@type\":\"Organization\",\"@id\":\"https:\/\/hrmforce.com\/fr\/#organization\",\"name\":\"hrmforce\",\"url\":\"https:\/\/hrmforce.com\/fr\/\",\"logo\":{\"@type\":\"ImageObject\",\"inLanguage\":\"fr-FR\",\"@id\":\"https:\/\/hrmforce.com\/fr\/#\/schema\/logo\/image\/\",\"url\":\"https:\/\/hrmforce.com\/wp-content\/uploads\/2018\/08\/logo-hrmforce.png\",\"contentUrl\":\"https:\/\/hrmforce.com\/wp-content\/uploads\/2018\/08\/logo-hrmforce.png\",\"width\":833,\"height\":189,\"caption\":\"hrmforce\"},\"image\":{\"@id\":\"https:\/\/hrmforce.com\/fr\/#\/schema\/logo\/image\/\"},\"sameAs\":[\"https:\/\/www.facebook.com\/hrmforceNL\/\",\"https:\/\/www.linkedin.com\/company\/hrmforce\/\"]}]}<\/script>\n<!-- \/ Yoast SEO plugin. -->","yoast_head_json":{"title":"Cubiks 360 - hrmforce","robots":{"index":"index","follow":"follow","max-snippet":"max-snippet:-1","max-image-preview":"max-image-preview:large","max-video-preview":"max-video-preview:-1"},"canonical":"https:\/\/hrmforce.com\/fr\/shop\/developpement\/cubiks-360\/","og_locale":"fr_FR","og_type":"article","og_title":"Cubiks 360 - hrmforce","og_description":"Les organisations tourn\u00e9es vers l'avenir reconnaissent l'importance du d\u00e9veloppement. L'enregistrement de 360 \u00e9valuations dans des entretiens de fonctionnement est ici tr\u00e8s pr\u00e9cieux. Le r\u00e9sultat est que les collaborateurs ont la possibilit\u00e9 de voir leur comportement \u00e0 travers les yeux des autres. C'est la garantie d'une conscience de soi plus forte et cela facilite l'\u00e9tablissement d'objectif et le d\u00e9veloppement de comp\u00e9tences.","og_url":"https:\/\/hrmforce.com\/fr\/shop\/developpement\/cubiks-360\/","og_site_name":"hrmforce","article_publisher":"https:\/\/www.facebook.com\/hrmforceNL\/","og_image":[{"width":600,"height":400,"url":"https:\/\/hrmforce.com\/wp-content\/uploads\/2021\/02\/Talogy-360.webp","type":"image\/webp"}],"twitter_card":"summary_large_image","schema":{"@context":"https:\/\/schema.org","@graph":[{"@type":"WebPage","@id":"https:\/\/hrmforce.com\/fr\/shop\/developpement\/cubiks-360\/","url":"https:\/\/hrmforce.com\/fr\/shop\/developpement\/cubiks-360\/","name":"Cubiks 360 - hrmforce","isPartOf":{"@id":"https:\/\/hrmforce.com\/fr\/#website"},"primaryImageOfPage":{"@id":"https:\/\/hrmforce.com\/fr\/shop\/developpement\/cubiks-360\/#primaryimage"},"image":{"@id":"https:\/\/hrmforce.com\/fr\/shop\/developpement\/cubiks-360\/#primaryimage"},"thumbnailUrl":"https:\/\/hrmforce.com\/wp-content\/uploads\/2021\/02\/Talogy-360.webp","datePublished":"2021-02-25T12:24:35+00:00","breadcrumb":{"@id":"https:\/\/hrmforce.com\/fr\/shop\/developpement\/cubiks-360\/#breadcrumb"},"inLanguage":"fr-FR","potentialAction":[{"@type":"ReadAction","target":["https:\/\/hrmforce.com\/fr\/shop\/developpement\/cubiks-360\/"]}]},{"@type":"ImageObject","inLanguage":"fr-FR","@id":"https:\/\/hrmforce.com\/fr\/shop\/developpement\/cubiks-360\/#primaryimage","url":"https:\/\/hrmforce.com\/wp-content\/uploads\/2021\/02\/Talogy-360.webp","contentUrl":"https:\/\/hrmforce.com\/wp-content\/uploads\/2021\/02\/Talogy-360.webp","width":600,"height":400},{"@type":"BreadcrumbList","@id":"https:\/\/hrmforce.com\/fr\/shop\/developpement\/cubiks-360\/#breadcrumb","itemListElement":[{"@type":"ListItem","position":1,"name":"Home","item":"https:\/\/hrmforce.com\/fr\/"},{"@type":"ListItem","position":2,"name":"Boutique","item":"https:\/\/hrmforce.com\/fr\/boutique\/"},{"@type":"ListItem","position":3,"name":"Cubiks 360"}]},{"@type":"WebSite","@id":"https:\/\/hrmforce.com\/fr\/#website","url":"https:\/\/hrmforce.com\/fr\/","name":"hrmforce","description":"people \u2022 performance \u2022 analytics","publisher":{"@id":"https:\/\/hrmforce.com\/fr\/#organization"},"potentialAction":[{"@type":"SearchAction","target":{"@type":"EntryPoint","urlTemplate":"https:\/\/hrmforce.com\/fr\/?s={search_term_string}"},"query-input":{"@type":"PropertyValueSpecification","valueRequired":true,"valueName":"search_term_string"}}],"inLanguage":"fr-FR"},{"@type":"Organization","@id":"https:\/\/hrmforce.com\/fr\/#organization","name":"hrmforce","url":"https:\/\/hrmforce.com\/fr\/","logo":{"@type":"ImageObject","inLanguage":"fr-FR","@id":"https:\/\/hrmforce.com\/fr\/#\/schema\/logo\/image\/","url":"https:\/\/hrmforce.com\/wp-content\/uploads\/2018\/08\/logo-hrmforce.png","contentUrl":"https:\/\/hrmforce.com\/wp-content\/uploads\/2018\/08\/logo-hrmforce.png","width":833,"height":189,"caption":"hrmforce"},"image":{"@id":"https:\/\/hrmforce.com\/fr\/#\/schema\/logo\/image\/"},"sameAs":["https:\/\/www.facebook.com\/hrmforceNL\/","https:\/\/www.linkedin.com\/company\/hrmforce\/"]}]}},"_links":{"self":[{"href":"https:\/\/hrmforce.com\/fr\/wp-json\/wp\/v2\/product\/14845","targetHints":{"allow":["GET"]}}],"collection":[{"href":"https:\/\/hrmforce.com\/fr\/wp-json\/wp\/v2\/product"}],"about":[{"href":"https:\/\/hrmforce.com\/fr\/wp-json\/wp\/v2\/types\/product"}],"wp:featuredmedia":[{"embeddable":true,"href":"https:\/\/hrmforce.com\/fr\/wp-json\/wp\/v2\/media\/20731"}],"wp:attachment":[{"href":"https:\/\/hrmforce.com\/fr\/wp-json\/wp\/v2\/media?parent=14845"}],"wp:term":[{"taxonomy":"product_brand","embeddable":true,"href":"https:\/\/hrmforce.com\/fr\/wp-json\/wp\/v2\/product_brand?post=14845"},{"taxonomy":"product_cat","embeddable":true,"href":"https:\/\/hrmforce.com\/fr\/wp-json\/wp\/v2\/product_cat?post=14845"},{"taxonomy":"product_tag","embeddable":true,"href":"https:\/\/hrmforce.com\/fr\/wp-json\/wp\/v2\/product_tag?post=14845"}],"curies":[{"name":"wp","href":"https:\/\/api.w.org\/{rel}","templated":true}]}}