{"id":14890,"date":"2021-02-26T14:40:41","date_gmt":"2021-02-26T13:40:41","guid":{"rendered":"https:\/\/hrmforce.com\/product\/reflector-big-five-personality\/"},"modified":"2021-11-11T14:37:24","modified_gmt":"2021-11-11T13:37:24","slug":"reflector-big-five-personality","status":"publish","type":"product","link":"https:\/\/hrmforce.com\/fr\/shop\/developpement\/reflector-big-five-personality\/","title":{"rendered":"Reflector Big Five Personality"},"content":{"rendered":"<p>Le Reflector Big Five Personality est l\u2019instrument le plus approfondi et il donne une image compl\u00e8te et nuanc\u00e9e de la personnalit\u00e9 de quelqu\u2019un dans des situations professionnelles quotidiennes. C\u2019est abord\u00e9 e.a lors du choix des activit\u00e9s de d\u00e9veloppement personnel, du choix de carri\u00e8re et de l\u2019\u00e9valuation du potentiel de croissance.<\/p>\n<p>NB : TOUS LES PRIX COMPRENNENT LE(S) QUESTIONNAIRES CORRESPONDANTS AINSI QUE LES FRAIS DE TRAITEMENT, DE SERVICE ET D\u2019ADMINSITRATION. POUR DES QUANTIT\u00c9S PLUS IMPORTANTES OU POUR UN PORTAIL DE TEST PROPRE, NOUS VOUS DEMANDONS DE BIEN VOULOIR NOUS CONTACTER VIA +31 88 88 321 88 OU SERVICE@HRMFORCE.COM.<\/p>\n","protected":false},"excerpt":{"rendered":"<p>Le Reflector Big Five Personality est l\u2019instrument le plus approfondi et il donne une image compl\u00e8te et nuanc\u00e9e de la personnalit\u00e9 de quelqu\u2019un dans des situations professionnelles quotidiennes. C\u2019est abord\u00e9 e.a lors du choix des activit\u00e9s de d\u00e9veloppement personnel, du choix de carri\u00e8re et de l\u2019\u00e9valuation du potentiel de croissance.<\/p>\n<p>Le Reflector Big Five Personality propose \u00e0 cet \u00e9gard un soutien en mesurant le r\u00e9pondant sur les cinq principaux traits de personnalit\u00e9, les \u00ab\u00a0Big Five\u00a0\u00bb : instabilit\u00e9 ; extraversion ; ouverture, adaptation, consciensiocit\u00e9 et davantage de d\u00e9tails sur les 24 aspects sous-jacents de ce \u00ab\u00a0Big Five\u00a0\u00bb. En fonction de ces informations, on estime ensuite l&rsquo;aisance avec laquelle un r\u00e9pondant peut montrer une s\u00e9rie de comp\u00e9tences s\u00e9lectionn\u00e9es par l&rsquo;utilisateur et peut les d\u00e9velopper. Tant les traits de caract\u00e8re que les informations sur les comp\u00e9tences sont pr\u00e9sent\u00e9es de mani\u00e8re synoptique dans un graphique \u00e0 l&rsquo;aide de textes explicatifs succincts.<\/p>\n","protected":false},"featured_media":14776,"template":"","meta":{"_acf_changed":false,"inline_featured_image":false},"product_brand":[],"product_cat":[877,878,889,879],"product_tag":[],"class_list":{"0":"post-14890","1":"product","2":"type-product","3":"status-publish","4":"has-post-thumbnail","6":"product_cat-developpement","7":"product_cat-personnalite","8":"product_cat-picompany-fr","9":"product_cat-selection-fr","11":"first","12":"instock","13":"taxable","14":"shipping-taxable","15":"purchasable","16":"product-type-simple"},"acf":[],"yoast_head":"<!-- This site is optimized with the Yoast SEO plugin v27.1.1 - https:\/\/yoast.com\/product\/yoast-seo-wordpress\/ -->\n<title>Reflector Big Five Personality - hrmforce<\/title>\n<meta name=\"robots\" content=\"index, follow, max-snippet:-1, max-image-preview:large, max-video-preview:-1\" \/>\n<link rel=\"canonical\" href=\"https:\/\/hrmforce.com\/fr\/shop\/developpement\/reflector-big-five-personality\/\" \/>\n<meta property=\"og:locale\" content=\"fr_FR\" \/>\n<meta property=\"og:type\" content=\"article\" \/>\n<meta property=\"og:title\" content=\"Reflector Big Five Personality - hrmforce\" \/>\n<meta property=\"og:description\" content=\"Le Reflector Big Five Personality est l\u2019instrument le plus approfondi et il donne une image compl\u00e8te et nuanc\u00e9e de la personnalit\u00e9 de quelqu\u2019un dans des situations professionnelles quotidiennes. C\u2019est abord\u00e9 e.a lors du choix des activit\u00e9s de d\u00e9veloppement personnel, du choix de carri\u00e8re et de l\u2019\u00e9valuation du potentiel de croissance.  Le Reflector Big Five Personality propose \u00e0 cet \u00e9gard un soutien en mesurant le r\u00e9pondant sur les cinq principaux traits de personnalit\u00e9, les &quot;Big Five&quot; : instabilit\u00e9 ; extraversion ; ouverture, adaptation, consciensiocit\u00e9 et davantage de d\u00e9tails sur les 24 aspects sous-jacents de ce &quot;Big Five&quot;. En fonction de ces informations, on estime ensuite l&#039;aisance avec laquelle un r\u00e9pondant peut montrer une s\u00e9rie de comp\u00e9tences s\u00e9lectionn\u00e9es par l&#039;utilisateur et peut les d\u00e9velopper. Tant les traits de caract\u00e8re que les informations sur les comp\u00e9tences sont pr\u00e9sent\u00e9es de mani\u00e8re synoptique dans un graphique \u00e0 l&#039;aide de textes explicatifs succincts.\" \/>\n<meta property=\"og:url\" content=\"https:\/\/hrmforce.com\/fr\/shop\/developpement\/reflector-big-five-personality\/\" \/>\n<meta property=\"og:site_name\" content=\"hrmforce\" \/>\n<meta property=\"article:publisher\" content=\"https:\/\/www.facebook.com\/hrmforceNL\/\" \/>\n<meta property=\"article:modified_time\" content=\"2021-11-11T13:37:24+00:00\" \/>\n<meta property=\"og:image\" content=\"https:\/\/hrmforce.com\/wp-content\/uploads\/2021\/02\/Generaltesticon.jpg\" \/>\n\t<meta property=\"og:image:width\" content=\"322\" \/>\n\t<meta property=\"og:image:height\" content=\"321\" \/>\n\t<meta property=\"og:image:type\" content=\"image\/jpeg\" \/>\n<meta name=\"twitter:card\" content=\"summary_large_image\" \/>\n<meta name=\"twitter:label1\" content=\"Dur\u00e9e de lecture estim\u00e9e\" \/>\n\t<meta name=\"twitter:data1\" content=\"1 minute\" \/>\n<script type=\"application\/ld+json\" class=\"yoast-schema-graph\">{\"@context\":\"https:\/\/schema.org\",\"@graph\":[{\"@type\":\"WebPage\",\"@id\":\"https:\/\/hrmforce.com\/fr\/shop\/developpement\/reflector-big-five-personality\/\",\"url\":\"https:\/\/hrmforce.com\/fr\/shop\/developpement\/reflector-big-five-personality\/\",\"name\":\"Reflector Big Five Personality - hrmforce\",\"isPartOf\":{\"@id\":\"https:\/\/hrmforce.com\/fr\/#website\"},\"primaryImageOfPage\":{\"@id\":\"https:\/\/hrmforce.com\/fr\/shop\/developpement\/reflector-big-five-personality\/#primaryimage\"},\"image\":{\"@id\":\"https:\/\/hrmforce.com\/fr\/shop\/developpement\/reflector-big-five-personality\/#primaryimage\"},\"thumbnailUrl\":\"https:\/\/hrmforce.com\/wp-content\/uploads\/2021\/02\/Generaltesticon.jpg\",\"datePublished\":\"2021-02-26T13:40:41+00:00\",\"dateModified\":\"2021-11-11T13:37:24+00:00\",\"breadcrumb\":{\"@id\":\"https:\/\/hrmforce.com\/fr\/shop\/developpement\/reflector-big-five-personality\/#breadcrumb\"},\"inLanguage\":\"fr-FR\",\"potentialAction\":[{\"@type\":\"ReadAction\",\"target\":[\"https:\/\/hrmforce.com\/fr\/shop\/developpement\/reflector-big-five-personality\/\"]}]},{\"@type\":\"ImageObject\",\"inLanguage\":\"fr-FR\",\"@id\":\"https:\/\/hrmforce.com\/fr\/shop\/developpement\/reflector-big-five-personality\/#primaryimage\",\"url\":\"https:\/\/hrmforce.com\/wp-content\/uploads\/2021\/02\/Generaltesticon.jpg\",\"contentUrl\":\"https:\/\/hrmforce.com\/wp-content\/uploads\/2021\/02\/Generaltesticon.jpg\",\"width\":322,\"height\":321},{\"@type\":\"BreadcrumbList\",\"@id\":\"https:\/\/hrmforce.com\/fr\/shop\/developpement\/reflector-big-five-personality\/#breadcrumb\",\"itemListElement\":[{\"@type\":\"ListItem\",\"position\":1,\"name\":\"Home\",\"item\":\"https:\/\/hrmforce.com\/fr\/\"},{\"@type\":\"ListItem\",\"position\":2,\"name\":\"Boutique\",\"item\":\"https:\/\/hrmforce.com\/fr\/boutique\/\"},{\"@type\":\"ListItem\",\"position\":3,\"name\":\"Reflector Big Five Personality\"}]},{\"@type\":\"WebSite\",\"@id\":\"https:\/\/hrmforce.com\/fr\/#website\",\"url\":\"https:\/\/hrmforce.com\/fr\/\",\"name\":\"hrmforce\",\"description\":\"people \u2022 performance \u2022 analytics\",\"publisher\":{\"@id\":\"https:\/\/hrmforce.com\/fr\/#organization\"},\"potentialAction\":[{\"@type\":\"SearchAction\",\"target\":{\"@type\":\"EntryPoint\",\"urlTemplate\":\"https:\/\/hrmforce.com\/fr\/?s={search_term_string}\"},\"query-input\":{\"@type\":\"PropertyValueSpecification\",\"valueRequired\":true,\"valueName\":\"search_term_string\"}}],\"inLanguage\":\"fr-FR\"},{\"@type\":\"Organization\",\"@id\":\"https:\/\/hrmforce.com\/fr\/#organization\",\"name\":\"hrmforce\",\"url\":\"https:\/\/hrmforce.com\/fr\/\",\"logo\":{\"@type\":\"ImageObject\",\"inLanguage\":\"fr-FR\",\"@id\":\"https:\/\/hrmforce.com\/fr\/#\/schema\/logo\/image\/\",\"url\":\"https:\/\/hrmforce.com\/wp-content\/uploads\/2018\/08\/logo-hrmforce.png\",\"contentUrl\":\"https:\/\/hrmforce.com\/wp-content\/uploads\/2018\/08\/logo-hrmforce.png\",\"width\":833,\"height\":189,\"caption\":\"hrmforce\"},\"image\":{\"@id\":\"https:\/\/hrmforce.com\/fr\/#\/schema\/logo\/image\/\"},\"sameAs\":[\"https:\/\/www.facebook.com\/hrmforceNL\/\",\"https:\/\/www.linkedin.com\/company\/hrmforce\/\"]}]}<\/script>\n<!-- \/ Yoast SEO plugin. -->","yoast_head_json":{"title":"Reflector Big Five Personality - hrmforce","robots":{"index":"index","follow":"follow","max-snippet":"max-snippet:-1","max-image-preview":"max-image-preview:large","max-video-preview":"max-video-preview:-1"},"canonical":"https:\/\/hrmforce.com\/fr\/shop\/developpement\/reflector-big-five-personality\/","og_locale":"fr_FR","og_type":"article","og_title":"Reflector Big Five Personality - hrmforce","og_description":"Le Reflector Big Five Personality est l\u2019instrument le plus approfondi et il donne une image compl\u00e8te et nuanc\u00e9e de la personnalit\u00e9 de quelqu\u2019un dans des situations professionnelles quotidiennes. C\u2019est abord\u00e9 e.a lors du choix des activit\u00e9s de d\u00e9veloppement personnel, du choix de carri\u00e8re et de l\u2019\u00e9valuation du potentiel de croissance.  Le Reflector Big Five Personality propose \u00e0 cet \u00e9gard un soutien en mesurant le r\u00e9pondant sur les cinq principaux traits de personnalit\u00e9, les \"Big Five\" : instabilit\u00e9 ; extraversion ; ouverture, adaptation, consciensiocit\u00e9 et davantage de d\u00e9tails sur les 24 aspects sous-jacents de ce \"Big Five\". En fonction de ces informations, on estime ensuite l'aisance avec laquelle un r\u00e9pondant peut montrer une s\u00e9rie de comp\u00e9tences s\u00e9lectionn\u00e9es par l'utilisateur et peut les d\u00e9velopper. Tant les traits de caract\u00e8re que les informations sur les comp\u00e9tences sont pr\u00e9sent\u00e9es de mani\u00e8re synoptique dans un graphique \u00e0 l'aide de textes explicatifs succincts.","og_url":"https:\/\/hrmforce.com\/fr\/shop\/developpement\/reflector-big-five-personality\/","og_site_name":"hrmforce","article_publisher":"https:\/\/www.facebook.com\/hrmforceNL\/","article_modified_time":"2021-11-11T13:37:24+00:00","og_image":[{"width":322,"height":321,"url":"https:\/\/hrmforce.com\/wp-content\/uploads\/2021\/02\/Generaltesticon.jpg","type":"image\/jpeg"}],"twitter_card":"summary_large_image","twitter_misc":{"Dur\u00e9e de lecture estim\u00e9e":"1 minute"},"schema":{"@context":"https:\/\/schema.org","@graph":[{"@type":"WebPage","@id":"https:\/\/hrmforce.com\/fr\/shop\/developpement\/reflector-big-five-personality\/","url":"https:\/\/hrmforce.com\/fr\/shop\/developpement\/reflector-big-five-personality\/","name":"Reflector Big Five Personality - hrmforce","isPartOf":{"@id":"https:\/\/hrmforce.com\/fr\/#website"},"primaryImageOfPage":{"@id":"https:\/\/hrmforce.com\/fr\/shop\/developpement\/reflector-big-five-personality\/#primaryimage"},"image":{"@id":"https:\/\/hrmforce.com\/fr\/shop\/developpement\/reflector-big-five-personality\/#primaryimage"},"thumbnailUrl":"https:\/\/hrmforce.com\/wp-content\/uploads\/2021\/02\/Generaltesticon.jpg","datePublished":"2021-02-26T13:40:41+00:00","dateModified":"2021-11-11T13:37:24+00:00","breadcrumb":{"@id":"https:\/\/hrmforce.com\/fr\/shop\/developpement\/reflector-big-five-personality\/#breadcrumb"},"inLanguage":"fr-FR","potentialAction":[{"@type":"ReadAction","target":["https:\/\/hrmforce.com\/fr\/shop\/developpement\/reflector-big-five-personality\/"]}]},{"@type":"ImageObject","inLanguage":"fr-FR","@id":"https:\/\/hrmforce.com\/fr\/shop\/developpement\/reflector-big-five-personality\/#primaryimage","url":"https:\/\/hrmforce.com\/wp-content\/uploads\/2021\/02\/Generaltesticon.jpg","contentUrl":"https:\/\/hrmforce.com\/wp-content\/uploads\/2021\/02\/Generaltesticon.jpg","width":322,"height":321},{"@type":"BreadcrumbList","@id":"https:\/\/hrmforce.com\/fr\/shop\/developpement\/reflector-big-five-personality\/#breadcrumb","itemListElement":[{"@type":"ListItem","position":1,"name":"Home","item":"https:\/\/hrmforce.com\/fr\/"},{"@type":"ListItem","position":2,"name":"Boutique","item":"https:\/\/hrmforce.com\/fr\/boutique\/"},{"@type":"ListItem","position":3,"name":"Reflector Big Five Personality"}]},{"@type":"WebSite","@id":"https:\/\/hrmforce.com\/fr\/#website","url":"https:\/\/hrmforce.com\/fr\/","name":"hrmforce","description":"people \u2022 performance \u2022 analytics","publisher":{"@id":"https:\/\/hrmforce.com\/fr\/#organization"},"potentialAction":[{"@type":"SearchAction","target":{"@type":"EntryPoint","urlTemplate":"https:\/\/hrmforce.com\/fr\/?s={search_term_string}"},"query-input":{"@type":"PropertyValueSpecification","valueRequired":true,"valueName":"search_term_string"}}],"inLanguage":"fr-FR"},{"@type":"Organization","@id":"https:\/\/hrmforce.com\/fr\/#organization","name":"hrmforce","url":"https:\/\/hrmforce.com\/fr\/","logo":{"@type":"ImageObject","inLanguage":"fr-FR","@id":"https:\/\/hrmforce.com\/fr\/#\/schema\/logo\/image\/","url":"https:\/\/hrmforce.com\/wp-content\/uploads\/2018\/08\/logo-hrmforce.png","contentUrl":"https:\/\/hrmforce.com\/wp-content\/uploads\/2018\/08\/logo-hrmforce.png","width":833,"height":189,"caption":"hrmforce"},"image":{"@id":"https:\/\/hrmforce.com\/fr\/#\/schema\/logo\/image\/"},"sameAs":["https:\/\/www.facebook.com\/hrmforceNL\/","https:\/\/www.linkedin.com\/company\/hrmforce\/"]}]}},"_links":{"self":[{"href":"https:\/\/hrmforce.com\/fr\/wp-json\/wp\/v2\/product\/14890","targetHints":{"allow":["GET"]}}],"collection":[{"href":"https:\/\/hrmforce.com\/fr\/wp-json\/wp\/v2\/product"}],"about":[{"href":"https:\/\/hrmforce.com\/fr\/wp-json\/wp\/v2\/types\/product"}],"wp:featuredmedia":[{"embeddable":true,"href":"https:\/\/hrmforce.com\/fr\/wp-json\/wp\/v2\/media\/14776"}],"wp:attachment":[{"href":"https:\/\/hrmforce.com\/fr\/wp-json\/wp\/v2\/media?parent=14890"}],"wp:term":[{"taxonomy":"product_brand","embeddable":true,"href":"https:\/\/hrmforce.com\/fr\/wp-json\/wp\/v2\/product_brand?post=14890"},{"taxonomy":"product_cat","embeddable":true,"href":"https:\/\/hrmforce.com\/fr\/wp-json\/wp\/v2\/product_cat?post=14890"},{"taxonomy":"product_tag","embeddable":true,"href":"https:\/\/hrmforce.com\/fr\/wp-json\/wp\/v2\/product_tag?post=14890"}],"curies":[{"name":"wp","href":"https:\/\/api.w.org\/{rel}","templated":true}]}}