{"id":14898,"date":"2021-02-26T14:19:32","date_gmt":"2021-02-26T13:19:32","guid":{"rendered":"https:\/\/hrmforce.com\/product\/team-impact-selection\/"},"modified":"2021-11-11T14:58:50","modified_gmt":"2021-11-11T13:58:50","slug":"team-impact-selection","status":"publish","type":"product","link":"https:\/\/hrmforce.com\/fr\/shop\/personnalite\/team-impact-selection\/","title":{"rendered":"Team Impact Selection"},"content":{"rendered":"<p>Le rapport Team Impact \u2013 Selection propose une analyse force-faiblesse d\u2019un candidat dans le cadre du travail en \u00e9quipe. De plus, vous pouvez \u00e9tudier la contribution potentielle de ce candidat \u00e0 une \u00e9quipe \u00e0 par le biais de questions d\u2019entretien structur\u00e9es et ax\u00e9es sur les comp\u00e9tences lors d\u2019un entretien. Il indique comment le candidat travaille en \u00e9quipe et comment les performances du candidat peuvent \u00eatre am\u00e9lior\u00e9es par ledit candidat. Cela apporte une assistance aux managers pour am\u00e9liorer la performance d\u2019un membre de l\u2019\u00e9quipe.<\/p>\n<p>NB : TOUS LES PRIX COMPRENNENT LE(S) QUESTIONNAIRES CORRESPONDANTS AINSI QUE LES FRAIS DE TRAITEMENT, DE SERVICE ET D\u2019ADMINSITRATION. POUR DES QUANTIT\u00c9S PLUS IMPORTANTES OU POUR UN PORTAIL DE TEST PROPRE, NOUS VOUS DEMANDONS DE BIEN VOULOIR NOUS CONTACTER VIA +31 88 88 321 88 OU SERVICE@HRMFORCE.COM<\/p>\n","protected":false},"excerpt":{"rendered":"<p>Le rapport Team Impact \u2013Selection propose une analyse force-faiblesse d\u2019un candidat dans le cadre du travail en \u00e9quipe. De plus, vous pouvez \u00e9tudier la contribution potentielle de ce candidat \u00e0 une \u00e9quipe par le biais de questions d\u2019interview structur\u00e9es et ax\u00e9es sur les comp\u00e9tences lors d\u2019un entretien. Il indique comment le candidat travaille en \u00e9quipe et comment les performances du candidat peuvent \u00eatre am\u00e9lior\u00e9es par ledit candidat. Cela apporte une assistance aux managers pour am\u00e9liorer la performance d\u2019un membre de l\u2019\u00e9quipe<\/p>\n","protected":false},"featured_media":14776,"template":"","meta":{"_acf_changed":false,"inline_featured_image":false},"product_brand":[],"product_cat":[878,879,890],"product_tag":[],"class_list":{"0":"post-14898","1":"product","2":"type-product","3":"status-publish","4":"has-post-thumbnail","6":"product_cat-personnalite","7":"product_cat-selection-fr","8":"product_cat-shl-fr","10":"first","11":"instock","12":"taxable","13":"shipping-taxable","14":"purchasable","15":"product-type-simple"},"acf":[],"yoast_head":"<!-- This site is optimized with the Yoast SEO plugin v27.1.1 - https:\/\/yoast.com\/product\/yoast-seo-wordpress\/ -->\n<title>Team Impact Selection - hrmforce<\/title>\n<meta name=\"robots\" content=\"index, follow, max-snippet:-1, max-image-preview:large, max-video-preview:-1\" \/>\n<link rel=\"canonical\" href=\"https:\/\/hrmforce.com\/fr\/shop\/personnalite\/team-impact-selection\/\" \/>\n<meta property=\"og:locale\" content=\"fr_FR\" \/>\n<meta property=\"og:type\" content=\"article\" \/>\n<meta property=\"og:title\" content=\"Team Impact Selection - hrmforce\" \/>\n<meta property=\"og:description\" content=\"Le rapport Team Impact \u2013Selection propose une analyse force-faiblesse d\u2019un candidat dans le cadre du travail en \u00e9quipe. De plus, vous pouvez \u00e9tudier la contribution potentielle de ce candidat \u00e0 une \u00e9quipe par le biais de questions d\u2019interview structur\u00e9es et ax\u00e9es sur les comp\u00e9tences lors d\u2019un entretien. Il indique comment le candidat travaille en \u00e9quipe et comment les performances du candidat peuvent \u00eatre am\u00e9lior\u00e9es par ledit candidat. Cela apporte une assistance aux managers pour am\u00e9liorer la performance d\u2019un membre de l\u2019\u00e9quipe\" \/>\n<meta property=\"og:url\" content=\"https:\/\/hrmforce.com\/fr\/shop\/personnalite\/team-impact-selection\/\" \/>\n<meta property=\"og:site_name\" content=\"hrmforce\" \/>\n<meta property=\"article:publisher\" content=\"https:\/\/www.facebook.com\/hrmforceNL\/\" \/>\n<meta property=\"article:modified_time\" content=\"2021-11-11T13:58:50+00:00\" \/>\n<meta property=\"og:image\" content=\"https:\/\/hrmforce.com\/wp-content\/uploads\/2021\/02\/Generaltesticon.jpg\" \/>\n\t<meta property=\"og:image:width\" content=\"322\" \/>\n\t<meta property=\"og:image:height\" content=\"321\" \/>\n\t<meta property=\"og:image:type\" content=\"image\/jpeg\" \/>\n<meta name=\"twitter:card\" content=\"summary_large_image\" \/>\n<meta name=\"twitter:label1\" content=\"Dur\u00e9e de lecture estim\u00e9e\" \/>\n\t<meta name=\"twitter:data1\" content=\"1 minute\" \/>\n<script type=\"application\/ld+json\" class=\"yoast-schema-graph\">{\"@context\":\"https:\/\/schema.org\",\"@graph\":[{\"@type\":\"WebPage\",\"@id\":\"https:\/\/hrmforce.com\/fr\/shop\/personnalite\/team-impact-selection\/\",\"url\":\"https:\/\/hrmforce.com\/fr\/shop\/personnalite\/team-impact-selection\/\",\"name\":\"Team Impact Selection - hrmforce\",\"isPartOf\":{\"@id\":\"https:\/\/hrmforce.com\/fr\/#website\"},\"primaryImageOfPage\":{\"@id\":\"https:\/\/hrmforce.com\/fr\/shop\/personnalite\/team-impact-selection\/#primaryimage\"},\"image\":{\"@id\":\"https:\/\/hrmforce.com\/fr\/shop\/personnalite\/team-impact-selection\/#primaryimage\"},\"thumbnailUrl\":\"https:\/\/hrmforce.com\/wp-content\/uploads\/2021\/02\/Generaltesticon.jpg\",\"datePublished\":\"2021-02-26T13:19:32+00:00\",\"dateModified\":\"2021-11-11T13:58:50+00:00\",\"breadcrumb\":{\"@id\":\"https:\/\/hrmforce.com\/fr\/shop\/personnalite\/team-impact-selection\/#breadcrumb\"},\"inLanguage\":\"fr-FR\",\"potentialAction\":[{\"@type\":\"ReadAction\",\"target\":[\"https:\/\/hrmforce.com\/fr\/shop\/personnalite\/team-impact-selection\/\"]}]},{\"@type\":\"ImageObject\",\"inLanguage\":\"fr-FR\",\"@id\":\"https:\/\/hrmforce.com\/fr\/shop\/personnalite\/team-impact-selection\/#primaryimage\",\"url\":\"https:\/\/hrmforce.com\/wp-content\/uploads\/2021\/02\/Generaltesticon.jpg\",\"contentUrl\":\"https:\/\/hrmforce.com\/wp-content\/uploads\/2021\/02\/Generaltesticon.jpg\",\"width\":322,\"height\":321},{\"@type\":\"BreadcrumbList\",\"@id\":\"https:\/\/hrmforce.com\/fr\/shop\/personnalite\/team-impact-selection\/#breadcrumb\",\"itemListElement\":[{\"@type\":\"ListItem\",\"position\":1,\"name\":\"Home\",\"item\":\"https:\/\/hrmforce.com\/fr\/\"},{\"@type\":\"ListItem\",\"position\":2,\"name\":\"Boutique\",\"item\":\"https:\/\/hrmforce.com\/fr\/boutique\/\"},{\"@type\":\"ListItem\",\"position\":3,\"name\":\"Team Impact Selection\"}]},{\"@type\":\"WebSite\",\"@id\":\"https:\/\/hrmforce.com\/fr\/#website\",\"url\":\"https:\/\/hrmforce.com\/fr\/\",\"name\":\"hrmforce\",\"description\":\"people \u2022 performance \u2022 analytics\",\"publisher\":{\"@id\":\"https:\/\/hrmforce.com\/fr\/#organization\"},\"potentialAction\":[{\"@type\":\"SearchAction\",\"target\":{\"@type\":\"EntryPoint\",\"urlTemplate\":\"https:\/\/hrmforce.com\/fr\/?s={search_term_string}\"},\"query-input\":{\"@type\":\"PropertyValueSpecification\",\"valueRequired\":true,\"valueName\":\"search_term_string\"}}],\"inLanguage\":\"fr-FR\"},{\"@type\":\"Organization\",\"@id\":\"https:\/\/hrmforce.com\/fr\/#organization\",\"name\":\"hrmforce\",\"url\":\"https:\/\/hrmforce.com\/fr\/\",\"logo\":{\"@type\":\"ImageObject\",\"inLanguage\":\"fr-FR\",\"@id\":\"https:\/\/hrmforce.com\/fr\/#\/schema\/logo\/image\/\",\"url\":\"https:\/\/hrmforce.com\/wp-content\/uploads\/2018\/08\/logo-hrmforce.png\",\"contentUrl\":\"https:\/\/hrmforce.com\/wp-content\/uploads\/2018\/08\/logo-hrmforce.png\",\"width\":833,\"height\":189,\"caption\":\"hrmforce\"},\"image\":{\"@id\":\"https:\/\/hrmforce.com\/fr\/#\/schema\/logo\/image\/\"},\"sameAs\":[\"https:\/\/www.facebook.com\/hrmforceNL\/\",\"https:\/\/www.linkedin.com\/company\/hrmforce\/\"]}]}<\/script>\n<!-- \/ Yoast SEO plugin. -->","yoast_head_json":{"title":"Team Impact Selection - hrmforce","robots":{"index":"index","follow":"follow","max-snippet":"max-snippet:-1","max-image-preview":"max-image-preview:large","max-video-preview":"max-video-preview:-1"},"canonical":"https:\/\/hrmforce.com\/fr\/shop\/personnalite\/team-impact-selection\/","og_locale":"fr_FR","og_type":"article","og_title":"Team Impact Selection - hrmforce","og_description":"Le rapport Team Impact \u2013Selection propose une analyse force-faiblesse d\u2019un candidat dans le cadre du travail en \u00e9quipe. De plus, vous pouvez \u00e9tudier la contribution potentielle de ce candidat \u00e0 une \u00e9quipe par le biais de questions d\u2019interview structur\u00e9es et ax\u00e9es sur les comp\u00e9tences lors d\u2019un entretien. Il indique comment le candidat travaille en \u00e9quipe et comment les performances du candidat peuvent \u00eatre am\u00e9lior\u00e9es par ledit candidat. Cela apporte une assistance aux managers pour am\u00e9liorer la performance d\u2019un membre de l\u2019\u00e9quipe","og_url":"https:\/\/hrmforce.com\/fr\/shop\/personnalite\/team-impact-selection\/","og_site_name":"hrmforce","article_publisher":"https:\/\/www.facebook.com\/hrmforceNL\/","article_modified_time":"2021-11-11T13:58:50+00:00","og_image":[{"width":322,"height":321,"url":"https:\/\/hrmforce.com\/wp-content\/uploads\/2021\/02\/Generaltesticon.jpg","type":"image\/jpeg"}],"twitter_card":"summary_large_image","twitter_misc":{"Dur\u00e9e de lecture estim\u00e9e":"1 minute"},"schema":{"@context":"https:\/\/schema.org","@graph":[{"@type":"WebPage","@id":"https:\/\/hrmforce.com\/fr\/shop\/personnalite\/team-impact-selection\/","url":"https:\/\/hrmforce.com\/fr\/shop\/personnalite\/team-impact-selection\/","name":"Team Impact Selection - hrmforce","isPartOf":{"@id":"https:\/\/hrmforce.com\/fr\/#website"},"primaryImageOfPage":{"@id":"https:\/\/hrmforce.com\/fr\/shop\/personnalite\/team-impact-selection\/#primaryimage"},"image":{"@id":"https:\/\/hrmforce.com\/fr\/shop\/personnalite\/team-impact-selection\/#primaryimage"},"thumbnailUrl":"https:\/\/hrmforce.com\/wp-content\/uploads\/2021\/02\/Generaltesticon.jpg","datePublished":"2021-02-26T13:19:32+00:00","dateModified":"2021-11-11T13:58:50+00:00","breadcrumb":{"@id":"https:\/\/hrmforce.com\/fr\/shop\/personnalite\/team-impact-selection\/#breadcrumb"},"inLanguage":"fr-FR","potentialAction":[{"@type":"ReadAction","target":["https:\/\/hrmforce.com\/fr\/shop\/personnalite\/team-impact-selection\/"]}]},{"@type":"ImageObject","inLanguage":"fr-FR","@id":"https:\/\/hrmforce.com\/fr\/shop\/personnalite\/team-impact-selection\/#primaryimage","url":"https:\/\/hrmforce.com\/wp-content\/uploads\/2021\/02\/Generaltesticon.jpg","contentUrl":"https:\/\/hrmforce.com\/wp-content\/uploads\/2021\/02\/Generaltesticon.jpg","width":322,"height":321},{"@type":"BreadcrumbList","@id":"https:\/\/hrmforce.com\/fr\/shop\/personnalite\/team-impact-selection\/#breadcrumb","itemListElement":[{"@type":"ListItem","position":1,"name":"Home","item":"https:\/\/hrmforce.com\/fr\/"},{"@type":"ListItem","position":2,"name":"Boutique","item":"https:\/\/hrmforce.com\/fr\/boutique\/"},{"@type":"ListItem","position":3,"name":"Team Impact Selection"}]},{"@type":"WebSite","@id":"https:\/\/hrmforce.com\/fr\/#website","url":"https:\/\/hrmforce.com\/fr\/","name":"hrmforce","description":"people \u2022 performance \u2022 analytics","publisher":{"@id":"https:\/\/hrmforce.com\/fr\/#organization"},"potentialAction":[{"@type":"SearchAction","target":{"@type":"EntryPoint","urlTemplate":"https:\/\/hrmforce.com\/fr\/?s={search_term_string}"},"query-input":{"@type":"PropertyValueSpecification","valueRequired":true,"valueName":"search_term_string"}}],"inLanguage":"fr-FR"},{"@type":"Organization","@id":"https:\/\/hrmforce.com\/fr\/#organization","name":"hrmforce","url":"https:\/\/hrmforce.com\/fr\/","logo":{"@type":"ImageObject","inLanguage":"fr-FR","@id":"https:\/\/hrmforce.com\/fr\/#\/schema\/logo\/image\/","url":"https:\/\/hrmforce.com\/wp-content\/uploads\/2018\/08\/logo-hrmforce.png","contentUrl":"https:\/\/hrmforce.com\/wp-content\/uploads\/2018\/08\/logo-hrmforce.png","width":833,"height":189,"caption":"hrmforce"},"image":{"@id":"https:\/\/hrmforce.com\/fr\/#\/schema\/logo\/image\/"},"sameAs":["https:\/\/www.facebook.com\/hrmforceNL\/","https:\/\/www.linkedin.com\/company\/hrmforce\/"]}]}},"_links":{"self":[{"href":"https:\/\/hrmforce.com\/fr\/wp-json\/wp\/v2\/product\/14898","targetHints":{"allow":["GET"]}}],"collection":[{"href":"https:\/\/hrmforce.com\/fr\/wp-json\/wp\/v2\/product"}],"about":[{"href":"https:\/\/hrmforce.com\/fr\/wp-json\/wp\/v2\/types\/product"}],"wp:featuredmedia":[{"embeddable":true,"href":"https:\/\/hrmforce.com\/fr\/wp-json\/wp\/v2\/media\/14776"}],"wp:attachment":[{"href":"https:\/\/hrmforce.com\/fr\/wp-json\/wp\/v2\/media?parent=14898"}],"wp:term":[{"taxonomy":"product_brand","embeddable":true,"href":"https:\/\/hrmforce.com\/fr\/wp-json\/wp\/v2\/product_brand?post=14898"},{"taxonomy":"product_cat","embeddable":true,"href":"https:\/\/hrmforce.com\/fr\/wp-json\/wp\/v2\/product_cat?post=14898"},{"taxonomy":"product_tag","embeddable":true,"href":"https:\/\/hrmforce.com\/fr\/wp-json\/wp\/v2\/product_tag?post=14898"}],"curies":[{"name":"wp","href":"https:\/\/api.w.org\/{rel}","templated":true}]}}