{"id":14905,"date":"2021-02-26T09:51:09","date_gmt":"2021-02-26T08:51:09","guid":{"rendered":"https:\/\/hrmforce.com\/product\/manager-plus-report\/"},"modified":"2021-11-11T15:06:09","modified_gmt":"2021-11-11T14:06:09","slug":"manager-plus-report","status":"publish","type":"product","link":"https:\/\/hrmforce.com\/fr\/shop\/personnalite\/manager-plus-report\/","title":{"rendered":"Manager Plus Report"},"content":{"rendered":"<p>Le rapport Manager Plus se base sur l\u2019OPQ et est sp\u00e9cifiquement destin\u00e9 \u00e0 l\u2019usage des professionnels RH et aux responsables op\u00e9rationnels. Il contient toutes sortes d\u2019informations qui servent lors des d\u00e9cisions de s\u00e9lection. Le rapport comporte un aper\u00e7u de la mani\u00e8re selon laquelle quelqu\u2019un pr\u00e9f\u00e8re travailler ou de son comportement au travail (rapports aux autres, approche des t\u00e2ches et sentiments et \u00e9motions), de l\u2019influence suppos\u00e9e du candidat sur l\u2019\u00e9quipe et des performances probables en fonction des comp\u00e9tences.<\/p>\n<p>NB : TOUS LES PRIX COMPRENNENT LE(S) QUESTIONNAIRES CORRESPONDANTS AINSI QUE LES FRAIS DE TRAITEMENT, DE SERVICE ET D\u2019ADMINSITRATION. POUR DES QUANTIT\u00c9S PLUS IMPORTANTES OU POUR UN PORTAIL DE TEST PROPRE, NOUS VOUS DEMANDONS DE BIEN VOULOIR NOUS CONTACTER VIA +31 88 88 321 88 OU SERVICE@HRMFORCE.COM.<\/p>\n","protected":false},"excerpt":{"rendered":"<p>Le rapport Manager Plus se base sur l\u2019OPQ et est sp\u00e9cifiquement destin\u00e9 \u00e0 l\u2019usage des professionnels RH et aux responsables op\u00e9rationnels. Il contient toutes sortes d\u2019informations qui servent lors des d\u00e9cisions de s\u00e9lection. Le rapport comporte d\u00e9crit un aper\u00e7u de la mani\u00e8re selon laquelle quelqu\u2019un pr\u00e9f\u00e8re travailler ou de son comportement au travail (rapports aux autres, approche des t\u00e2ches et sentiments et \u00e9motions), de l\u2019influence suppos\u00e9e du candidat sur l\u2019\u00e9quipe et des performances probables en fonction des comp\u00e9tences<\/p>\n","protected":false},"featured_media":14776,"template":"","meta":{"_acf_changed":false,"inline_featured_image":false},"product_brand":[],"product_cat":[878,879,890],"product_tag":[],"class_list":{"0":"post-14905","1":"product","2":"type-product","3":"status-publish","4":"has-post-thumbnail","6":"product_cat-personnalite","7":"product_cat-selection-fr","8":"product_cat-shl-fr","10":"first","11":"instock","12":"taxable","13":"shipping-taxable","14":"purchasable","15":"product-type-simple"},"acf":[],"yoast_head":"<!-- This site is optimized with the Yoast SEO plugin v27.1.1 - https:\/\/yoast.com\/product\/yoast-seo-wordpress\/ -->\n<title>Manager Plus Report - hrmforce<\/title>\n<meta name=\"robots\" content=\"index, follow, max-snippet:-1, max-image-preview:large, max-video-preview:-1\" \/>\n<link rel=\"canonical\" href=\"https:\/\/hrmforce.com\/fr\/shop\/personnalite\/manager-plus-report\/\" \/>\n<meta property=\"og:locale\" content=\"fr_FR\" \/>\n<meta property=\"og:type\" content=\"article\" \/>\n<meta property=\"og:title\" content=\"Manager Plus Report - hrmforce\" \/>\n<meta property=\"og:description\" content=\"Le rapport Manager Plus se base sur l\u2019OPQ et est sp\u00e9cifiquement destin\u00e9 \u00e0 l\u2019usage des professionnels RH et aux responsables op\u00e9rationnels. Il contient toutes sortes d\u2019informations qui servent lors des d\u00e9cisions de s\u00e9lection. Le rapport comporte d\u00e9crit un aper\u00e7u de la mani\u00e8re selon laquelle quelqu\u2019un pr\u00e9f\u00e8re travailler ou de son comportement au travail (rapports aux autres, approche des t\u00e2ches et sentiments et \u00e9motions), de l\u2019influence suppos\u00e9e du candidat sur l\u2019\u00e9quipe et des performances probables en fonction des comp\u00e9tences\" \/>\n<meta property=\"og:url\" content=\"https:\/\/hrmforce.com\/fr\/shop\/personnalite\/manager-plus-report\/\" \/>\n<meta property=\"og:site_name\" content=\"hrmforce\" \/>\n<meta property=\"article:publisher\" content=\"https:\/\/www.facebook.com\/hrmforceNL\/\" \/>\n<meta property=\"article:modified_time\" content=\"2021-11-11T14:06:09+00:00\" \/>\n<meta property=\"og:image\" content=\"https:\/\/hrmforce.com\/wp-content\/uploads\/2021\/02\/Generaltesticon.jpg\" \/>\n\t<meta property=\"og:image:width\" content=\"322\" \/>\n\t<meta property=\"og:image:height\" content=\"321\" \/>\n\t<meta property=\"og:image:type\" content=\"image\/jpeg\" \/>\n<meta name=\"twitter:card\" content=\"summary_large_image\" \/>\n<meta name=\"twitter:label1\" content=\"Dur\u00e9e de lecture estim\u00e9e\" \/>\n\t<meta name=\"twitter:data1\" content=\"1 minute\" \/>\n<script type=\"application\/ld+json\" class=\"yoast-schema-graph\">{\"@context\":\"https:\/\/schema.org\",\"@graph\":[{\"@type\":\"WebPage\",\"@id\":\"https:\/\/hrmforce.com\/fr\/shop\/personnalite\/manager-plus-report\/\",\"url\":\"https:\/\/hrmforce.com\/fr\/shop\/personnalite\/manager-plus-report\/\",\"name\":\"Manager Plus Report - hrmforce\",\"isPartOf\":{\"@id\":\"https:\/\/hrmforce.com\/fr\/#website\"},\"primaryImageOfPage\":{\"@id\":\"https:\/\/hrmforce.com\/fr\/shop\/personnalite\/manager-plus-report\/#primaryimage\"},\"image\":{\"@id\":\"https:\/\/hrmforce.com\/fr\/shop\/personnalite\/manager-plus-report\/#primaryimage\"},\"thumbnailUrl\":\"https:\/\/hrmforce.com\/wp-content\/uploads\/2021\/02\/Generaltesticon.jpg\",\"datePublished\":\"2021-02-26T08:51:09+00:00\",\"dateModified\":\"2021-11-11T14:06:09+00:00\",\"breadcrumb\":{\"@id\":\"https:\/\/hrmforce.com\/fr\/shop\/personnalite\/manager-plus-report\/#breadcrumb\"},\"inLanguage\":\"fr-FR\",\"potentialAction\":[{\"@type\":\"ReadAction\",\"target\":[\"https:\/\/hrmforce.com\/fr\/shop\/personnalite\/manager-plus-report\/\"]}]},{\"@type\":\"ImageObject\",\"inLanguage\":\"fr-FR\",\"@id\":\"https:\/\/hrmforce.com\/fr\/shop\/personnalite\/manager-plus-report\/#primaryimage\",\"url\":\"https:\/\/hrmforce.com\/wp-content\/uploads\/2021\/02\/Generaltesticon.jpg\",\"contentUrl\":\"https:\/\/hrmforce.com\/wp-content\/uploads\/2021\/02\/Generaltesticon.jpg\",\"width\":322,\"height\":321},{\"@type\":\"BreadcrumbList\",\"@id\":\"https:\/\/hrmforce.com\/fr\/shop\/personnalite\/manager-plus-report\/#breadcrumb\",\"itemListElement\":[{\"@type\":\"ListItem\",\"position\":1,\"name\":\"Home\",\"item\":\"https:\/\/hrmforce.com\/fr\/\"},{\"@type\":\"ListItem\",\"position\":2,\"name\":\"Boutique\",\"item\":\"https:\/\/hrmforce.com\/fr\/boutique\/\"},{\"@type\":\"ListItem\",\"position\":3,\"name\":\"Manager Plus Report\"}]},{\"@type\":\"WebSite\",\"@id\":\"https:\/\/hrmforce.com\/fr\/#website\",\"url\":\"https:\/\/hrmforce.com\/fr\/\",\"name\":\"hrmforce\",\"description\":\"people \u2022 performance \u2022 analytics\",\"publisher\":{\"@id\":\"https:\/\/hrmforce.com\/fr\/#organization\"},\"potentialAction\":[{\"@type\":\"SearchAction\",\"target\":{\"@type\":\"EntryPoint\",\"urlTemplate\":\"https:\/\/hrmforce.com\/fr\/?s={search_term_string}\"},\"query-input\":{\"@type\":\"PropertyValueSpecification\",\"valueRequired\":true,\"valueName\":\"search_term_string\"}}],\"inLanguage\":\"fr-FR\"},{\"@type\":\"Organization\",\"@id\":\"https:\/\/hrmforce.com\/fr\/#organization\",\"name\":\"hrmforce\",\"url\":\"https:\/\/hrmforce.com\/fr\/\",\"logo\":{\"@type\":\"ImageObject\",\"inLanguage\":\"fr-FR\",\"@id\":\"https:\/\/hrmforce.com\/fr\/#\/schema\/logo\/image\/\",\"url\":\"https:\/\/hrmforce.com\/wp-content\/uploads\/2018\/08\/logo-hrmforce.png\",\"contentUrl\":\"https:\/\/hrmforce.com\/wp-content\/uploads\/2018\/08\/logo-hrmforce.png\",\"width\":833,\"height\":189,\"caption\":\"hrmforce\"},\"image\":{\"@id\":\"https:\/\/hrmforce.com\/fr\/#\/schema\/logo\/image\/\"},\"sameAs\":[\"https:\/\/www.facebook.com\/hrmforceNL\/\",\"https:\/\/www.linkedin.com\/company\/hrmforce\/\"]}]}<\/script>\n<!-- \/ Yoast SEO plugin. -->","yoast_head_json":{"title":"Manager Plus Report - hrmforce","robots":{"index":"index","follow":"follow","max-snippet":"max-snippet:-1","max-image-preview":"max-image-preview:large","max-video-preview":"max-video-preview:-1"},"canonical":"https:\/\/hrmforce.com\/fr\/shop\/personnalite\/manager-plus-report\/","og_locale":"fr_FR","og_type":"article","og_title":"Manager Plus Report - hrmforce","og_description":"Le rapport Manager Plus se base sur l\u2019OPQ et est sp\u00e9cifiquement destin\u00e9 \u00e0 l\u2019usage des professionnels RH et aux responsables op\u00e9rationnels. Il contient toutes sortes d\u2019informations qui servent lors des d\u00e9cisions de s\u00e9lection. Le rapport comporte d\u00e9crit un aper\u00e7u de la mani\u00e8re selon laquelle quelqu\u2019un pr\u00e9f\u00e8re travailler ou de son comportement au travail (rapports aux autres, approche des t\u00e2ches et sentiments et \u00e9motions), de l\u2019influence suppos\u00e9e du candidat sur l\u2019\u00e9quipe et des performances probables en fonction des comp\u00e9tences","og_url":"https:\/\/hrmforce.com\/fr\/shop\/personnalite\/manager-plus-report\/","og_site_name":"hrmforce","article_publisher":"https:\/\/www.facebook.com\/hrmforceNL\/","article_modified_time":"2021-11-11T14:06:09+00:00","og_image":[{"width":322,"height":321,"url":"https:\/\/hrmforce.com\/wp-content\/uploads\/2021\/02\/Generaltesticon.jpg","type":"image\/jpeg"}],"twitter_card":"summary_large_image","twitter_misc":{"Dur\u00e9e de lecture estim\u00e9e":"1 minute"},"schema":{"@context":"https:\/\/schema.org","@graph":[{"@type":"WebPage","@id":"https:\/\/hrmforce.com\/fr\/shop\/personnalite\/manager-plus-report\/","url":"https:\/\/hrmforce.com\/fr\/shop\/personnalite\/manager-plus-report\/","name":"Manager Plus Report - hrmforce","isPartOf":{"@id":"https:\/\/hrmforce.com\/fr\/#website"},"primaryImageOfPage":{"@id":"https:\/\/hrmforce.com\/fr\/shop\/personnalite\/manager-plus-report\/#primaryimage"},"image":{"@id":"https:\/\/hrmforce.com\/fr\/shop\/personnalite\/manager-plus-report\/#primaryimage"},"thumbnailUrl":"https:\/\/hrmforce.com\/wp-content\/uploads\/2021\/02\/Generaltesticon.jpg","datePublished":"2021-02-26T08:51:09+00:00","dateModified":"2021-11-11T14:06:09+00:00","breadcrumb":{"@id":"https:\/\/hrmforce.com\/fr\/shop\/personnalite\/manager-plus-report\/#breadcrumb"},"inLanguage":"fr-FR","potentialAction":[{"@type":"ReadAction","target":["https:\/\/hrmforce.com\/fr\/shop\/personnalite\/manager-plus-report\/"]}]},{"@type":"ImageObject","inLanguage":"fr-FR","@id":"https:\/\/hrmforce.com\/fr\/shop\/personnalite\/manager-plus-report\/#primaryimage","url":"https:\/\/hrmforce.com\/wp-content\/uploads\/2021\/02\/Generaltesticon.jpg","contentUrl":"https:\/\/hrmforce.com\/wp-content\/uploads\/2021\/02\/Generaltesticon.jpg","width":322,"height":321},{"@type":"BreadcrumbList","@id":"https:\/\/hrmforce.com\/fr\/shop\/personnalite\/manager-plus-report\/#breadcrumb","itemListElement":[{"@type":"ListItem","position":1,"name":"Home","item":"https:\/\/hrmforce.com\/fr\/"},{"@type":"ListItem","position":2,"name":"Boutique","item":"https:\/\/hrmforce.com\/fr\/boutique\/"},{"@type":"ListItem","position":3,"name":"Manager Plus Report"}]},{"@type":"WebSite","@id":"https:\/\/hrmforce.com\/fr\/#website","url":"https:\/\/hrmforce.com\/fr\/","name":"hrmforce","description":"people \u2022 performance \u2022 analytics","publisher":{"@id":"https:\/\/hrmforce.com\/fr\/#organization"},"potentialAction":[{"@type":"SearchAction","target":{"@type":"EntryPoint","urlTemplate":"https:\/\/hrmforce.com\/fr\/?s={search_term_string}"},"query-input":{"@type":"PropertyValueSpecification","valueRequired":true,"valueName":"search_term_string"}}],"inLanguage":"fr-FR"},{"@type":"Organization","@id":"https:\/\/hrmforce.com\/fr\/#organization","name":"hrmforce","url":"https:\/\/hrmforce.com\/fr\/","logo":{"@type":"ImageObject","inLanguage":"fr-FR","@id":"https:\/\/hrmforce.com\/fr\/#\/schema\/logo\/image\/","url":"https:\/\/hrmforce.com\/wp-content\/uploads\/2018\/08\/logo-hrmforce.png","contentUrl":"https:\/\/hrmforce.com\/wp-content\/uploads\/2018\/08\/logo-hrmforce.png","width":833,"height":189,"caption":"hrmforce"},"image":{"@id":"https:\/\/hrmforce.com\/fr\/#\/schema\/logo\/image\/"},"sameAs":["https:\/\/www.facebook.com\/hrmforceNL\/","https:\/\/www.linkedin.com\/company\/hrmforce\/"]}]}},"_links":{"self":[{"href":"https:\/\/hrmforce.com\/fr\/wp-json\/wp\/v2\/product\/14905","targetHints":{"allow":["GET"]}}],"collection":[{"href":"https:\/\/hrmforce.com\/fr\/wp-json\/wp\/v2\/product"}],"about":[{"href":"https:\/\/hrmforce.com\/fr\/wp-json\/wp\/v2\/types\/product"}],"wp:featuredmedia":[{"embeddable":true,"href":"https:\/\/hrmforce.com\/fr\/wp-json\/wp\/v2\/media\/14776"}],"wp:attachment":[{"href":"https:\/\/hrmforce.com\/fr\/wp-json\/wp\/v2\/media?parent=14905"}],"wp:term":[{"taxonomy":"product_brand","embeddable":true,"href":"https:\/\/hrmforce.com\/fr\/wp-json\/wp\/v2\/product_brand?post=14905"},{"taxonomy":"product_cat","embeddable":true,"href":"https:\/\/hrmforce.com\/fr\/wp-json\/wp\/v2\/product_cat?post=14905"},{"taxonomy":"product_tag","embeddable":true,"href":"https:\/\/hrmforce.com\/fr\/wp-json\/wp\/v2\/product_tag?post=14905"}],"curies":[{"name":"wp","href":"https:\/\/api.w.org\/{rel}","templated":true}]}}