{"id":14913,"date":"2021-02-20T11:27:12","date_gmt":"2021-02-20T10:27:12","guid":{"rendered":"https:\/\/hrmforce.com\/product\/executive-assessment\/"},"modified":"2021-11-11T15:12:20","modified_gmt":"2021-11-11T14:12:20","slug":"executive-assessment","status":"publish","type":"product","link":"https:\/\/hrmforce.com\/fr\/shop\/hrmforce-fr\/executive-assessment\/","title":{"rendered":"Executive Assessment"},"content":{"rendered":"<ul>\n<li>Groupe-cible : management sup\u00e9rieur\/ fonctions de cadre\/niveau de direction<\/li>\n<li>Le cas \u00e9ch\u00e9ant, Facet-to-face intake pour programme sur mesure<\/li>\n<li>Senior Consultant<\/li>\n<li>Subdivisions possibles:\n<ul>\n<li>Entretien<\/li>\n<li>Test intelligence et personnalit\u00e9<\/li>\n<li>Simulations d\u2019\u00e9valuation<\/li>\n<li>Feedback \u00e0 360 degr\u00e9s<\/li>\n<li>R\u00e9trocontr\u00f4le candidat<\/li>\n<li>Rapport \u00e9crit<\/li>\n<li>Conseils de d\u00e9veloppement concrets<\/li>\n<li>R\u00e9trocontr\u00f4le chez le client, entretien \u00e0 trois le cas \u00e9ch\u00e9ant<\/li>\n<\/ul>\n<\/li>\n<\/ul>\n","protected":false},"excerpt":{"rendered":"<p>Groupe-cible : management sup\u00e9rieur\/ fonctions de cadre\/niveau de direction Le cas \u00e9ch\u00e9ant, Facet-to-face intake pour programme sur mesure Senior Consultant Subdivisions possibles: Entretien Test intelligence et personnalit\u00e9 Simulations d\u2019\u00e9valuation Feedback \u00e0 360 degr\u00e9s R\u00e9trocontr\u00f4le candidat Rapport \u00e9crit Conseils de d\u00e9veloppement concrets R\u00e9trocontr\u00f4le chez le client,&#8230;<\/p>\n","protected":false},"featured_media":14914,"template":"","meta":{"_acf_changed":false,"inline_featured_image":false},"product_brand":[],"product_cat":[888,877,874,880,892,881,878,879,893],"product_tag":[],"class_list":{"0":"post-14913","1":"product","2":"type-product","3":"status-publish","4":"has-post-thumbnail","6":"product_cat-360-feedback","7":"product_cat-developpement","8":"product_cat-hrmforce-fr","9":"product_cat-intelligence-fr","10":"product_cat-live-assessment-fr","11":"product_cat-motivation-fr","12":"product_cat-personnalite","13":"product_cat-selection-fr","14":"product_cat-simulation","16":"first","17":"instock","18":"taxable","19":"shipping-taxable","20":"purchasable","21":"product-type-simple"},"acf":[],"yoast_head":"<!-- This site is optimized with the Yoast SEO plugin v27.1.1 - https:\/\/yoast.com\/product\/yoast-seo-wordpress\/ -->\n<title>Executive Assessment - hrmforce<\/title>\n<meta name=\"robots\" content=\"index, follow, max-snippet:-1, max-image-preview:large, max-video-preview:-1\" \/>\n<link rel=\"canonical\" href=\"https:\/\/hrmforce.com\/fr\/shop\/hrmforce-fr\/executive-assessment\/\" \/>\n<meta property=\"og:locale\" content=\"fr_FR\" \/>\n<meta property=\"og:type\" content=\"article\" \/>\n<meta property=\"og:title\" content=\"Executive Assessment - hrmforce\" \/>\n<meta property=\"og:description\" content=\"Groupe-cible : management sup\u00e9rieur\/ fonctions de cadre\/niveau de direction Le cas \u00e9ch\u00e9ant, Facet-to-face intake pour programme sur mesure Senior Consultant Subdivisions possibles: Entretien Test intelligence et personnalit\u00e9 Simulations d\u2019\u00e9valuation Feedback \u00e0 360 degr\u00e9s R\u00e9trocontr\u00f4le candidat Rapport \u00e9crit Conseils de d\u00e9veloppement concrets R\u00e9trocontr\u00f4le chez le client,...\" \/>\n<meta property=\"og:url\" content=\"https:\/\/hrmforce.com\/fr\/shop\/hrmforce-fr\/executive-assessment\/\" \/>\n<meta property=\"og:site_name\" content=\"hrmforce\" \/>\n<meta property=\"article:publisher\" content=\"https:\/\/www.facebook.com\/hrmforceNL\/\" \/>\n<meta property=\"article:modified_time\" content=\"2021-11-11T14:12:20+00:00\" \/>\n<meta property=\"og:image\" content=\"https:\/\/hrmforce.com\/wp-content\/uploads\/2017\/02\/Competence-check.png\" \/>\n\t<meta property=\"og:image:width\" content=\"220\" \/>\n\t<meta property=\"og:image:height\" content=\"220\" \/>\n\t<meta property=\"og:image:type\" content=\"image\/png\" \/>\n<meta name=\"twitter:card\" content=\"summary_large_image\" \/>\n<script type=\"application\/ld+json\" class=\"yoast-schema-graph\">{\"@context\":\"https:\/\/schema.org\",\"@graph\":[{\"@type\":\"WebPage\",\"@id\":\"https:\/\/hrmforce.com\/fr\/shop\/hrmforce-fr\/executive-assessment\/\",\"url\":\"https:\/\/hrmforce.com\/fr\/shop\/hrmforce-fr\/executive-assessment\/\",\"name\":\"Executive Assessment - hrmforce\",\"isPartOf\":{\"@id\":\"https:\/\/hrmforce.com\/fr\/#website\"},\"primaryImageOfPage\":{\"@id\":\"https:\/\/hrmforce.com\/fr\/shop\/hrmforce-fr\/executive-assessment\/#primaryimage\"},\"image\":{\"@id\":\"https:\/\/hrmforce.com\/fr\/shop\/hrmforce-fr\/executive-assessment\/#primaryimage\"},\"thumbnailUrl\":\"https:\/\/hrmforce.com\/wp-content\/uploads\/2017\/02\/Competence-check.png\",\"datePublished\":\"2021-02-20T10:27:12+00:00\",\"dateModified\":\"2021-11-11T14:12:20+00:00\",\"breadcrumb\":{\"@id\":\"https:\/\/hrmforce.com\/fr\/shop\/hrmforce-fr\/executive-assessment\/#breadcrumb\"},\"inLanguage\":\"fr-FR\",\"potentialAction\":[{\"@type\":\"ReadAction\",\"target\":[\"https:\/\/hrmforce.com\/fr\/shop\/hrmforce-fr\/executive-assessment\/\"]}]},{\"@type\":\"ImageObject\",\"inLanguage\":\"fr-FR\",\"@id\":\"https:\/\/hrmforce.com\/fr\/shop\/hrmforce-fr\/executive-assessment\/#primaryimage\",\"url\":\"https:\/\/hrmforce.com\/wp-content\/uploads\/2017\/02\/Competence-check.png\",\"contentUrl\":\"https:\/\/hrmforce.com\/wp-content\/uploads\/2017\/02\/Competence-check.png\",\"width\":220,\"height\":220},{\"@type\":\"BreadcrumbList\",\"@id\":\"https:\/\/hrmforce.com\/fr\/shop\/hrmforce-fr\/executive-assessment\/#breadcrumb\",\"itemListElement\":[{\"@type\":\"ListItem\",\"position\":1,\"name\":\"Home\",\"item\":\"https:\/\/hrmforce.com\/fr\/\"},{\"@type\":\"ListItem\",\"position\":2,\"name\":\"Boutique\",\"item\":\"https:\/\/hrmforce.com\/fr\/boutique\/\"},{\"@type\":\"ListItem\",\"position\":3,\"name\":\"Executive Assessment\"}]},{\"@type\":\"WebSite\",\"@id\":\"https:\/\/hrmforce.com\/fr\/#website\",\"url\":\"https:\/\/hrmforce.com\/fr\/\",\"name\":\"hrmforce\",\"description\":\"people \u2022 performance \u2022 analytics\",\"publisher\":{\"@id\":\"https:\/\/hrmforce.com\/fr\/#organization\"},\"potentialAction\":[{\"@type\":\"SearchAction\",\"target\":{\"@type\":\"EntryPoint\",\"urlTemplate\":\"https:\/\/hrmforce.com\/fr\/?s={search_term_string}\"},\"query-input\":{\"@type\":\"PropertyValueSpecification\",\"valueRequired\":true,\"valueName\":\"search_term_string\"}}],\"inLanguage\":\"fr-FR\"},{\"@type\":\"Organization\",\"@id\":\"https:\/\/hrmforce.com\/fr\/#organization\",\"name\":\"hrmforce\",\"url\":\"https:\/\/hrmforce.com\/fr\/\",\"logo\":{\"@type\":\"ImageObject\",\"inLanguage\":\"fr-FR\",\"@id\":\"https:\/\/hrmforce.com\/fr\/#\/schema\/logo\/image\/\",\"url\":\"https:\/\/hrmforce.com\/wp-content\/uploads\/2018\/08\/logo-hrmforce.png\",\"contentUrl\":\"https:\/\/hrmforce.com\/wp-content\/uploads\/2018\/08\/logo-hrmforce.png\",\"width\":833,\"height\":189,\"caption\":\"hrmforce\"},\"image\":{\"@id\":\"https:\/\/hrmforce.com\/fr\/#\/schema\/logo\/image\/\"},\"sameAs\":[\"https:\/\/www.facebook.com\/hrmforceNL\/\",\"https:\/\/www.linkedin.com\/company\/hrmforce\/\"]}]}<\/script>\n<!-- \/ Yoast SEO plugin. -->","yoast_head_json":{"title":"Executive Assessment - hrmforce","robots":{"index":"index","follow":"follow","max-snippet":"max-snippet:-1","max-image-preview":"max-image-preview:large","max-video-preview":"max-video-preview:-1"},"canonical":"https:\/\/hrmforce.com\/fr\/shop\/hrmforce-fr\/executive-assessment\/","og_locale":"fr_FR","og_type":"article","og_title":"Executive Assessment - hrmforce","og_description":"Groupe-cible : management sup\u00e9rieur\/ fonctions de cadre\/niveau de direction Le cas \u00e9ch\u00e9ant, Facet-to-face intake pour programme sur mesure Senior Consultant Subdivisions possibles: Entretien Test intelligence et personnalit\u00e9 Simulations d\u2019\u00e9valuation Feedback \u00e0 360 degr\u00e9s R\u00e9trocontr\u00f4le candidat Rapport \u00e9crit Conseils de d\u00e9veloppement concrets R\u00e9trocontr\u00f4le chez le client,...","og_url":"https:\/\/hrmforce.com\/fr\/shop\/hrmforce-fr\/executive-assessment\/","og_site_name":"hrmforce","article_publisher":"https:\/\/www.facebook.com\/hrmforceNL\/","article_modified_time":"2021-11-11T14:12:20+00:00","og_image":[{"width":220,"height":220,"url":"https:\/\/hrmforce.com\/wp-content\/uploads\/2017\/02\/Competence-check.png","type":"image\/png"}],"twitter_card":"summary_large_image","schema":{"@context":"https:\/\/schema.org","@graph":[{"@type":"WebPage","@id":"https:\/\/hrmforce.com\/fr\/shop\/hrmforce-fr\/executive-assessment\/","url":"https:\/\/hrmforce.com\/fr\/shop\/hrmforce-fr\/executive-assessment\/","name":"Executive Assessment - hrmforce","isPartOf":{"@id":"https:\/\/hrmforce.com\/fr\/#website"},"primaryImageOfPage":{"@id":"https:\/\/hrmforce.com\/fr\/shop\/hrmforce-fr\/executive-assessment\/#primaryimage"},"image":{"@id":"https:\/\/hrmforce.com\/fr\/shop\/hrmforce-fr\/executive-assessment\/#primaryimage"},"thumbnailUrl":"https:\/\/hrmforce.com\/wp-content\/uploads\/2017\/02\/Competence-check.png","datePublished":"2021-02-20T10:27:12+00:00","dateModified":"2021-11-11T14:12:20+00:00","breadcrumb":{"@id":"https:\/\/hrmforce.com\/fr\/shop\/hrmforce-fr\/executive-assessment\/#breadcrumb"},"inLanguage":"fr-FR","potentialAction":[{"@type":"ReadAction","target":["https:\/\/hrmforce.com\/fr\/shop\/hrmforce-fr\/executive-assessment\/"]}]},{"@type":"ImageObject","inLanguage":"fr-FR","@id":"https:\/\/hrmforce.com\/fr\/shop\/hrmforce-fr\/executive-assessment\/#primaryimage","url":"https:\/\/hrmforce.com\/wp-content\/uploads\/2017\/02\/Competence-check.png","contentUrl":"https:\/\/hrmforce.com\/wp-content\/uploads\/2017\/02\/Competence-check.png","width":220,"height":220},{"@type":"BreadcrumbList","@id":"https:\/\/hrmforce.com\/fr\/shop\/hrmforce-fr\/executive-assessment\/#breadcrumb","itemListElement":[{"@type":"ListItem","position":1,"name":"Home","item":"https:\/\/hrmforce.com\/fr\/"},{"@type":"ListItem","position":2,"name":"Boutique","item":"https:\/\/hrmforce.com\/fr\/boutique\/"},{"@type":"ListItem","position":3,"name":"Executive Assessment"}]},{"@type":"WebSite","@id":"https:\/\/hrmforce.com\/fr\/#website","url":"https:\/\/hrmforce.com\/fr\/","name":"hrmforce","description":"people \u2022 performance \u2022 analytics","publisher":{"@id":"https:\/\/hrmforce.com\/fr\/#organization"},"potentialAction":[{"@type":"SearchAction","target":{"@type":"EntryPoint","urlTemplate":"https:\/\/hrmforce.com\/fr\/?s={search_term_string}"},"query-input":{"@type":"PropertyValueSpecification","valueRequired":true,"valueName":"search_term_string"}}],"inLanguage":"fr-FR"},{"@type":"Organization","@id":"https:\/\/hrmforce.com\/fr\/#organization","name":"hrmforce","url":"https:\/\/hrmforce.com\/fr\/","logo":{"@type":"ImageObject","inLanguage":"fr-FR","@id":"https:\/\/hrmforce.com\/fr\/#\/schema\/logo\/image\/","url":"https:\/\/hrmforce.com\/wp-content\/uploads\/2018\/08\/logo-hrmforce.png","contentUrl":"https:\/\/hrmforce.com\/wp-content\/uploads\/2018\/08\/logo-hrmforce.png","width":833,"height":189,"caption":"hrmforce"},"image":{"@id":"https:\/\/hrmforce.com\/fr\/#\/schema\/logo\/image\/"},"sameAs":["https:\/\/www.facebook.com\/hrmforceNL\/","https:\/\/www.linkedin.com\/company\/hrmforce\/"]}]}},"_links":{"self":[{"href":"https:\/\/hrmforce.com\/fr\/wp-json\/wp\/v2\/product\/14913","targetHints":{"allow":["GET"]}}],"collection":[{"href":"https:\/\/hrmforce.com\/fr\/wp-json\/wp\/v2\/product"}],"about":[{"href":"https:\/\/hrmforce.com\/fr\/wp-json\/wp\/v2\/types\/product"}],"wp:featuredmedia":[{"embeddable":true,"href":"https:\/\/hrmforce.com\/fr\/wp-json\/wp\/v2\/media\/14914"}],"wp:attachment":[{"href":"https:\/\/hrmforce.com\/fr\/wp-json\/wp\/v2\/media?parent=14913"}],"wp:term":[{"taxonomy":"product_brand","embeddable":true,"href":"https:\/\/hrmforce.com\/fr\/wp-json\/wp\/v2\/product_brand?post=14913"},{"taxonomy":"product_cat","embeddable":true,"href":"https:\/\/hrmforce.com\/fr\/wp-json\/wp\/v2\/product_cat?post=14913"},{"taxonomy":"product_tag","embeddable":true,"href":"https:\/\/hrmforce.com\/fr\/wp-json\/wp\/v2\/product_tag?post=14913"}],"curies":[{"name":"wp","href":"https:\/\/api.w.org\/{rel}","templated":true}]}}