{"id":14916,"date":"2021-02-20T11:19:23","date_gmt":"2021-02-20T10:19:23","guid":{"rendered":"https:\/\/hrmforce.com\/product\/professional-assessment\/"},"modified":"2021-02-20T11:19:23","modified_gmt":"2021-02-20T10:19:23","slug":"professional-assessment","status":"publish","type":"product","link":"https:\/\/hrmforce.com\/fr\/shop\/hrmforce-fr\/professional-assessment\/","title":{"rendered":"Professional Assessment"},"content":{"rendered":"<ul>\n<li>Groupe-cible : professionnel junior ou fonctions op\u00e9rationnelles<\/li>\n<li>Prise t\u00e9l\u00e9phonique<\/li>\n<li>Entretien<\/li>\n<li>Test intelligence et personnalit\u00e9<\/li>\n<li>1 simulation d\u2019\u00e9valuation<\/li>\n<li>Retour candidat<\/li>\n<li>Rapport \u00e9crit succinct<\/li>\n<li>Retour t\u00e9l\u00e9phonique employeur<\/li>\n<\/ul>\n","protected":false},"excerpt":{"rendered":"<p>Groupe-cible : professionnel junior ou fonctions op\u00e9rationnelles Prise t\u00e9l\u00e9phonique Entretien Test intelligence et personnalit\u00e9 1 simulation d\u2019\u00e9valuation Retour candidat Rapport \u00e9crit succinct Retour t\u00e9l\u00e9phonique employeur<\/p>\n","protected":false},"featured_media":14914,"template":"","meta":{"_acf_changed":false,"inline_featured_image":false},"product_brand":[],"product_cat":[874,880,892,878,879],"product_tag":[],"class_list":{"0":"post-14916","1":"product","2":"type-product","3":"status-publish","4":"has-post-thumbnail","6":"product_cat-hrmforce-fr","7":"product_cat-intelligence-fr","8":"product_cat-live-assessment-fr","9":"product_cat-personnalite","10":"product_cat-selection-fr","12":"first","13":"instock","14":"taxable","15":"shipping-taxable","16":"purchasable","17":"product-type-simple"},"acf":[],"yoast_head":"<!-- This site is optimized with the Yoast SEO plugin v27.1.1 - https:\/\/yoast.com\/product\/yoast-seo-wordpress\/ -->\n<title>Professional Assessment - hrmforce<\/title>\n<meta name=\"robots\" content=\"index, follow, max-snippet:-1, max-image-preview:large, max-video-preview:-1\" \/>\n<link rel=\"canonical\" href=\"https:\/\/hrmforce.com\/fr\/shop\/hrmforce-fr\/professional-assessment\/\" \/>\n<meta property=\"og:locale\" content=\"fr_FR\" \/>\n<meta property=\"og:type\" content=\"article\" \/>\n<meta property=\"og:title\" content=\"Professional Assessment - hrmforce\" \/>\n<meta property=\"og:description\" content=\"Groupe-cible : professionnel junior ou fonctions op\u00e9rationnelles Prise t\u00e9l\u00e9phonique Entretien Test intelligence et personnalit\u00e9 1 simulation d\u2019\u00e9valuation Retour candidat Rapport \u00e9crit succinct Retour t\u00e9l\u00e9phonique employeur\" \/>\n<meta property=\"og:url\" content=\"https:\/\/hrmforce.com\/fr\/shop\/hrmforce-fr\/professional-assessment\/\" \/>\n<meta property=\"og:site_name\" content=\"hrmforce\" \/>\n<meta property=\"article:publisher\" content=\"https:\/\/www.facebook.com\/hrmforceNL\/\" \/>\n<meta property=\"og:image\" content=\"https:\/\/hrmforce.com\/wp-content\/uploads\/2017\/02\/Competence-check.png\" \/>\n\t<meta property=\"og:image:width\" content=\"220\" \/>\n\t<meta property=\"og:image:height\" content=\"220\" \/>\n\t<meta property=\"og:image:type\" content=\"image\/png\" \/>\n<meta name=\"twitter:card\" content=\"summary_large_image\" \/>\n<script type=\"application\/ld+json\" class=\"yoast-schema-graph\">{\"@context\":\"https:\/\/schema.org\",\"@graph\":[{\"@type\":\"WebPage\",\"@id\":\"https:\/\/hrmforce.com\/fr\/shop\/hrmforce-fr\/professional-assessment\/\",\"url\":\"https:\/\/hrmforce.com\/fr\/shop\/hrmforce-fr\/professional-assessment\/\",\"name\":\"Professional Assessment - hrmforce\",\"isPartOf\":{\"@id\":\"https:\/\/hrmforce.com\/fr\/#website\"},\"primaryImageOfPage\":{\"@id\":\"https:\/\/hrmforce.com\/fr\/shop\/hrmforce-fr\/professional-assessment\/#primaryimage\"},\"image\":{\"@id\":\"https:\/\/hrmforce.com\/fr\/shop\/hrmforce-fr\/professional-assessment\/#primaryimage\"},\"thumbnailUrl\":\"https:\/\/hrmforce.com\/wp-content\/uploads\/2017\/02\/Competence-check.png\",\"datePublished\":\"2021-02-20T10:19:23+00:00\",\"breadcrumb\":{\"@id\":\"https:\/\/hrmforce.com\/fr\/shop\/hrmforce-fr\/professional-assessment\/#breadcrumb\"},\"inLanguage\":\"fr-FR\",\"potentialAction\":[{\"@type\":\"ReadAction\",\"target\":[\"https:\/\/hrmforce.com\/fr\/shop\/hrmforce-fr\/professional-assessment\/\"]}]},{\"@type\":\"ImageObject\",\"inLanguage\":\"fr-FR\",\"@id\":\"https:\/\/hrmforce.com\/fr\/shop\/hrmforce-fr\/professional-assessment\/#primaryimage\",\"url\":\"https:\/\/hrmforce.com\/wp-content\/uploads\/2017\/02\/Competence-check.png\",\"contentUrl\":\"https:\/\/hrmforce.com\/wp-content\/uploads\/2017\/02\/Competence-check.png\",\"width\":220,\"height\":220},{\"@type\":\"BreadcrumbList\",\"@id\":\"https:\/\/hrmforce.com\/fr\/shop\/hrmforce-fr\/professional-assessment\/#breadcrumb\",\"itemListElement\":[{\"@type\":\"ListItem\",\"position\":1,\"name\":\"Home\",\"item\":\"https:\/\/hrmforce.com\/fr\/\"},{\"@type\":\"ListItem\",\"position\":2,\"name\":\"Boutique\",\"item\":\"https:\/\/hrmforce.com\/fr\/boutique\/\"},{\"@type\":\"ListItem\",\"position\":3,\"name\":\"Professional Assessment\"}]},{\"@type\":\"WebSite\",\"@id\":\"https:\/\/hrmforce.com\/fr\/#website\",\"url\":\"https:\/\/hrmforce.com\/fr\/\",\"name\":\"hrmforce\",\"description\":\"people \u2022 performance \u2022 analytics\",\"publisher\":{\"@id\":\"https:\/\/hrmforce.com\/fr\/#organization\"},\"potentialAction\":[{\"@type\":\"SearchAction\",\"target\":{\"@type\":\"EntryPoint\",\"urlTemplate\":\"https:\/\/hrmforce.com\/fr\/?s={search_term_string}\"},\"query-input\":{\"@type\":\"PropertyValueSpecification\",\"valueRequired\":true,\"valueName\":\"search_term_string\"}}],\"inLanguage\":\"fr-FR\"},{\"@type\":\"Organization\",\"@id\":\"https:\/\/hrmforce.com\/fr\/#organization\",\"name\":\"hrmforce\",\"url\":\"https:\/\/hrmforce.com\/fr\/\",\"logo\":{\"@type\":\"ImageObject\",\"inLanguage\":\"fr-FR\",\"@id\":\"https:\/\/hrmforce.com\/fr\/#\/schema\/logo\/image\/\",\"url\":\"https:\/\/hrmforce.com\/wp-content\/uploads\/2018\/08\/logo-hrmforce.png\",\"contentUrl\":\"https:\/\/hrmforce.com\/wp-content\/uploads\/2018\/08\/logo-hrmforce.png\",\"width\":833,\"height\":189,\"caption\":\"hrmforce\"},\"image\":{\"@id\":\"https:\/\/hrmforce.com\/fr\/#\/schema\/logo\/image\/\"},\"sameAs\":[\"https:\/\/www.facebook.com\/hrmforceNL\/\",\"https:\/\/www.linkedin.com\/company\/hrmforce\/\"]}]}<\/script>\n<!-- \/ Yoast SEO plugin. -->","yoast_head_json":{"title":"Professional Assessment - hrmforce","robots":{"index":"index","follow":"follow","max-snippet":"max-snippet:-1","max-image-preview":"max-image-preview:large","max-video-preview":"max-video-preview:-1"},"canonical":"https:\/\/hrmforce.com\/fr\/shop\/hrmforce-fr\/professional-assessment\/","og_locale":"fr_FR","og_type":"article","og_title":"Professional Assessment - hrmforce","og_description":"Groupe-cible : professionnel junior ou fonctions op\u00e9rationnelles Prise t\u00e9l\u00e9phonique Entretien Test intelligence et personnalit\u00e9 1 simulation d\u2019\u00e9valuation Retour candidat Rapport \u00e9crit succinct Retour t\u00e9l\u00e9phonique employeur","og_url":"https:\/\/hrmforce.com\/fr\/shop\/hrmforce-fr\/professional-assessment\/","og_site_name":"hrmforce","article_publisher":"https:\/\/www.facebook.com\/hrmforceNL\/","og_image":[{"width":220,"height":220,"url":"https:\/\/hrmforce.com\/wp-content\/uploads\/2017\/02\/Competence-check.png","type":"image\/png"}],"twitter_card":"summary_large_image","schema":{"@context":"https:\/\/schema.org","@graph":[{"@type":"WebPage","@id":"https:\/\/hrmforce.com\/fr\/shop\/hrmforce-fr\/professional-assessment\/","url":"https:\/\/hrmforce.com\/fr\/shop\/hrmforce-fr\/professional-assessment\/","name":"Professional Assessment - hrmforce","isPartOf":{"@id":"https:\/\/hrmforce.com\/fr\/#website"},"primaryImageOfPage":{"@id":"https:\/\/hrmforce.com\/fr\/shop\/hrmforce-fr\/professional-assessment\/#primaryimage"},"image":{"@id":"https:\/\/hrmforce.com\/fr\/shop\/hrmforce-fr\/professional-assessment\/#primaryimage"},"thumbnailUrl":"https:\/\/hrmforce.com\/wp-content\/uploads\/2017\/02\/Competence-check.png","datePublished":"2021-02-20T10:19:23+00:00","breadcrumb":{"@id":"https:\/\/hrmforce.com\/fr\/shop\/hrmforce-fr\/professional-assessment\/#breadcrumb"},"inLanguage":"fr-FR","potentialAction":[{"@type":"ReadAction","target":["https:\/\/hrmforce.com\/fr\/shop\/hrmforce-fr\/professional-assessment\/"]}]},{"@type":"ImageObject","inLanguage":"fr-FR","@id":"https:\/\/hrmforce.com\/fr\/shop\/hrmforce-fr\/professional-assessment\/#primaryimage","url":"https:\/\/hrmforce.com\/wp-content\/uploads\/2017\/02\/Competence-check.png","contentUrl":"https:\/\/hrmforce.com\/wp-content\/uploads\/2017\/02\/Competence-check.png","width":220,"height":220},{"@type":"BreadcrumbList","@id":"https:\/\/hrmforce.com\/fr\/shop\/hrmforce-fr\/professional-assessment\/#breadcrumb","itemListElement":[{"@type":"ListItem","position":1,"name":"Home","item":"https:\/\/hrmforce.com\/fr\/"},{"@type":"ListItem","position":2,"name":"Boutique","item":"https:\/\/hrmforce.com\/fr\/boutique\/"},{"@type":"ListItem","position":3,"name":"Professional Assessment"}]},{"@type":"WebSite","@id":"https:\/\/hrmforce.com\/fr\/#website","url":"https:\/\/hrmforce.com\/fr\/","name":"hrmforce","description":"people \u2022 performance \u2022 analytics","publisher":{"@id":"https:\/\/hrmforce.com\/fr\/#organization"},"potentialAction":[{"@type":"SearchAction","target":{"@type":"EntryPoint","urlTemplate":"https:\/\/hrmforce.com\/fr\/?s={search_term_string}"},"query-input":{"@type":"PropertyValueSpecification","valueRequired":true,"valueName":"search_term_string"}}],"inLanguage":"fr-FR"},{"@type":"Organization","@id":"https:\/\/hrmforce.com\/fr\/#organization","name":"hrmforce","url":"https:\/\/hrmforce.com\/fr\/","logo":{"@type":"ImageObject","inLanguage":"fr-FR","@id":"https:\/\/hrmforce.com\/fr\/#\/schema\/logo\/image\/","url":"https:\/\/hrmforce.com\/wp-content\/uploads\/2018\/08\/logo-hrmforce.png","contentUrl":"https:\/\/hrmforce.com\/wp-content\/uploads\/2018\/08\/logo-hrmforce.png","width":833,"height":189,"caption":"hrmforce"},"image":{"@id":"https:\/\/hrmforce.com\/fr\/#\/schema\/logo\/image\/"},"sameAs":["https:\/\/www.facebook.com\/hrmforceNL\/","https:\/\/www.linkedin.com\/company\/hrmforce\/"]}]}},"_links":{"self":[{"href":"https:\/\/hrmforce.com\/fr\/wp-json\/wp\/v2\/product\/14916","targetHints":{"allow":["GET"]}}],"collection":[{"href":"https:\/\/hrmforce.com\/fr\/wp-json\/wp\/v2\/product"}],"about":[{"href":"https:\/\/hrmforce.com\/fr\/wp-json\/wp\/v2\/types\/product"}],"wp:featuredmedia":[{"embeddable":true,"href":"https:\/\/hrmforce.com\/fr\/wp-json\/wp\/v2\/media\/14914"}],"wp:attachment":[{"href":"https:\/\/hrmforce.com\/fr\/wp-json\/wp\/v2\/media?parent=14916"}],"wp:term":[{"taxonomy":"product_brand","embeddable":true,"href":"https:\/\/hrmforce.com\/fr\/wp-json\/wp\/v2\/product_brand?post=14916"},{"taxonomy":"product_cat","embeddable":true,"href":"https:\/\/hrmforce.com\/fr\/wp-json\/wp\/v2\/product_cat?post=14916"},{"taxonomy":"product_tag","embeddable":true,"href":"https:\/\/hrmforce.com\/fr\/wp-json\/wp\/v2\/product_tag?post=14916"}],"curies":[{"name":"wp","href":"https:\/\/api.w.org\/{rel}","templated":true}]}}