{"id":6871,"date":"2017-02-13T06:24:14","date_gmt":"2017-02-13T06:24:14","guid":{"rendered":"https:\/\/hrmforce.com\/oplossingen\/"},"modified":"2022-11-29T15:56:56","modified_gmt":"2022-11-29T14:56:56","slug":"solutii","status":"publish","type":"page","link":"https:\/\/hrmforce.com\/ro\/solutii\/","title":{"rendered":"SOLU\u0162II HRM"},"content":{"rendered":"<div class=\"wpb-content-wrapper\"><p>[vc_row css_animation=&#8221;&#8221; row_type=&#8221;row&#8221; use_row_as_full_screen_section=&#8221;no&#8221; type=&#8221;grid&#8221; angled_section=&#8221;no&#8221; text_align=&#8221;center&#8221; background_image_as_pattern=&#8221;without_pattern&#8221; z_index=&#8221;&#8221; el_class=&#8221;bloklicht&#8221; css=&#8221;.vc_custom_1644243311764{background-color: #f3f1f0 !important;}&#8221;][vc_column css=&#8221;.vc_custom_1610307631595&#8243;][vc_row_inner row_type=&#8221;row&#8221; type=&#8221;full_width&#8221; text_align=&#8221;center&#8221; css_animation=&#8221;&#8221;][vc_column_inner width=&#8221;1\/6&#8243;][\/vc_column_inner][vc_column_inner width=&#8221;2\/3&#8243;][vc_column_text]<\/p>\n<h2>Solu\u021bii HRM<\/h2>\n<p>Hrmforce ofer\u0103 multe alte func\u021bionalit\u0103\u021bi \u00een afar\u0103 de evalu\u0103rile online. Chestionarele sunt \u00eencorporate \u00een fluxurile de lucru pentru (pre)selec\u021bia, dezvoltarea \u0219i evaluarea candida\u021bilor \u0219i angaja\u021bilor.[\/vc_column_text][\/vc_column_inner][vc_column_inner width=&#8221;1\/6&#8243;][\/vc_column_inner][\/vc_row_inner][vc_empty_space height=&#8221;50px&#8221;][vc_row_inner row_type=&#8221;row&#8221; type=&#8221;full_width&#8221; text_align=&#8221;left&#8221; css_animation=&#8221;&#8221;][vc_column_inner el_class=&#8221;kolomhome&#8221; width=&#8221;1\/2&#8243; el_id=&#8221;blok1&#8243;][vc_column_text]<\/p>\n<h3>Recrutare<\/h3>\n<p>[\/vc_column_text][vc_column_text el_class=&#8221;kolomhometekst&#8221;]G\u0103si\u021bi cel mai potrivit candidat prin selectarea angaja\u021bilor pe plan intern \u0219i extern, pe baza profilului de potrivire dorit.[\/vc_column_text][\/vc_column_inner][vc_column_inner el_class=&#8221;kolomhome&#8221; width=&#8221;1\/2&#8243; el_id=&#8221;blok2&#8243;][vc_column_text]<\/p>\n<h3>Dezvoltare<\/h3>\n<p>[\/vc_column_text][vc_column_text el_class=&#8221;kolomhometekst&#8221;]Erstellung eines pers\u00f6nlichen Entwicklungsplans f\u00fcr den Kandidaten. Mit schrittweiser Anleitung zum Abschluss von Entwicklungs- und Ergebnisvereinbarungen.[\/vc_column_text][\/vc_column_inner][\/vc_row_inner][vc_empty_space height=&#8221;30&#8243; el_class=&#8221;legeruimtetussenblokken&#8221;][vc_row_inner row_type=&#8221;row&#8221; type=&#8221;full_width&#8221; text_align=&#8221;left&#8221; css_animation=&#8221;&#8221;][vc_column_inner el_class=&#8221;kolomhome&#8221; width=&#8221;1\/2&#8243; el_id=&#8221;blok3&#8243;][vc_column_text]<\/p>\n<h3>Capacitatea de angajare<\/h3>\n<p>[\/vc_column_text][vc_column_text el_class=&#8221;kolomhometekst&#8221;]Permite candida\u021bilor s\u0103 caute posibile ocupa\u021bii \u0219i posturi vacante \u00een prezent, pe baza personalit\u0103\u021bii, motiva\u021biei \u0219i comportamentului lor.[\/vc_column_text][\/vc_column_inner][vc_column_inner el_class=&#8221;kolomhome&#8221; width=&#8221;1\/2&#8243; el_id=&#8221;blok1&#8243;][vc_column_text]<\/p>\n<h3>Analize<\/h3>\n<p>[\/vc_column_text][vc_column_text el_class=&#8221;kolomhometekst&#8221;]Generarea automat\u0103 de imagini de ansamblu ale echipei, departamentului \u0219i organiza\u021biei. Acestea sunt disponibile pentru fiecare chestionar.[\/vc_column_text][\/vc_column_inner][\/vc_row_inner][vc_empty_space height=&#8221;100px&#8221;][\/vc_column][\/vc_row]<\/p>\n<\/div>","protected":false},"excerpt":{"rendered":"<p>[vc_row css_animation=&#8221;&#8221; row_type=&#8221;row&#8221; use_row_as_full_screen_section=&#8221;no&#8221; type=&#8221;grid&#8221; angled_section=&#8221;no&#8221; text_align=&#8221;center&#8221; background_image_as_pattern=&#8221;without_pattern&#8221; z_index=&#8221;&#8221; el_class=&#8221;bloklicht&#8221; css=&#8221;.vc_custom_1644243311764{background-color: #f3f1f0 !important;}&#8221;][vc_column css=&#8221;.vc_custom_1610307631595&#8243;][vc_row_inner row_type=&#8221;row&#8221; type=&#8221;full_width&#8221; text_align=&#8221;center&#8221; css_animation=&#8221;&#8221;][vc_column_inner width=&#8221;1\/6&#8243;][\/vc_column_inner][vc_column_inner width=&#8221;2\/3&#8243;][vc_column_text] Solu\u021bii HRM Hrmforce ofer\u0103 multe alte func\u021bionalit\u0103\u021bi \u00een afar\u0103 de evalu\u0103rile online. Chestionarele sunt \u00eencorporate \u00een fluxurile de lucru pentru (pre)selec\u021bia, dezvoltarea \u0219i evaluarea candida\u021bilor&#8230;<\/p>\n","protected":false},"author":2,"featured_media":11486,"parent":0,"menu_order":0,"comment_status":"closed","ping_status":"closed","template":"full_width.php","meta":{"_acf_changed":false,"inline_featured_image":false,"footnotes":""},"class_list":["post-6871","page","type-page","status-publish","has-post-thumbnail","hentry"],"acf":[],"yoast_head":"<!-- This site is optimized with the Yoast SEO plugin v27.1.1 - https:\/\/yoast.com\/product\/yoast-seo-wordpress\/ -->\n<title>SOLU\u0162II HRM - hrmforce<\/title>\n<meta name=\"robots\" content=\"index, follow, max-snippet:-1, max-image-preview:large, max-video-preview:-1\" \/>\n<link rel=\"canonical\" href=\"https:\/\/hrmforce.com\/ro\/solutii\/\" \/>\n<meta property=\"og:locale\" content=\"ro_RO\" \/>\n<meta property=\"og:type\" content=\"article\" \/>\n<meta property=\"og:title\" content=\"SOLU\u0162II HRM - hrmforce\" \/>\n<meta property=\"og:description\" content=\"[vc_row css_animation=&#8221;&#8221; row_type=&#8221;row&#8221; use_row_as_full_screen_section=&#8221;no&#8221; type=&#8221;grid&#8221; angled_section=&#8221;no&#8221; text_align=&#8221;center&#8221; background_image_as_pattern=&#8221;without_pattern&#8221; z_index=&#8221;&#8221; el_class=&#8221;bloklicht&#8221; css=&#8221;.vc_custom_1644243311764{background-color: #f3f1f0 !important;}&#8221;][vc_column css=&#8221;.vc_custom_1610307631595&#8243;][vc_row_inner row_type=&#8221;row&#8221; type=&#8221;full_width&#8221; text_align=&#8221;center&#8221; css_animation=&#8221;&#8221;][vc_column_inner width=&#8221;1\/6&#8243;][\/vc_column_inner][vc_column_inner width=&#8221;2\/3&#8243;][vc_column_text] Solu\u021bii HRM Hrmforce ofer\u0103 multe alte func\u021bionalit\u0103\u021bi \u00een afar\u0103 de evalu\u0103rile online. Chestionarele sunt \u00eencorporate \u00een fluxurile de lucru pentru (pre)selec\u021bia, dezvoltarea \u0219i evaluarea candida\u021bilor...\" \/>\n<meta property=\"og:url\" content=\"https:\/\/hrmforce.com\/ro\/solutii\/\" \/>\n<meta property=\"og:site_name\" content=\"hrmforce\" \/>\n<meta property=\"article:publisher\" content=\"https:\/\/www.facebook.com\/hrmforceNL\/\" \/>\n<meta property=\"article:modified_time\" content=\"2022-11-29T14:56:56+00:00\" \/>\n<meta property=\"og:image\" content=\"https:\/\/hrmforce.com\/wp-content\/uploads\/2020\/07\/no-image.jpg\" \/>\n\t<meta property=\"og:image:width\" content=\"1024\" \/>\n\t<meta property=\"og:image:height\" content=\"683\" \/>\n\t<meta property=\"og:image:type\" content=\"image\/jpeg\" \/>\n<meta name=\"twitter:card\" content=\"summary_large_image\" \/>\n<meta name=\"twitter:label1\" content=\"Timp estimat pentru citire\" \/>\n\t<meta name=\"twitter:data1\" content=\"1 minut\" \/>\n<script type=\"application\/ld+json\" class=\"yoast-schema-graph\">{\"@context\":\"https:\/\/schema.org\",\"@graph\":[{\"@type\":\"WebPage\",\"@id\":\"https:\/\/hrmforce.com\/ro\/solutii\/\",\"url\":\"https:\/\/hrmforce.com\/ro\/solutii\/\",\"name\":\"SOLU\u0162II HRM - hrmforce\",\"isPartOf\":{\"@id\":\"https:\/\/hrmforce.com\/ro\/#website\"},\"primaryImageOfPage\":{\"@id\":\"https:\/\/hrmforce.com\/ro\/solutii\/#primaryimage\"},\"image\":{\"@id\":\"https:\/\/hrmforce.com\/ro\/solutii\/#primaryimage\"},\"thumbnailUrl\":\"https:\/\/hrmforce.com\/wp-content\/uploads\/2020\/07\/no-image.jpg\",\"datePublished\":\"2017-02-13T06:24:14+00:00\",\"dateModified\":\"2022-11-29T14:56:56+00:00\",\"breadcrumb\":{\"@id\":\"https:\/\/hrmforce.com\/ro\/solutii\/#breadcrumb\"},\"inLanguage\":\"ro-RO\",\"potentialAction\":[{\"@type\":\"ReadAction\",\"target\":[\"https:\/\/hrmforce.com\/ro\/solutii\/\"]}]},{\"@type\":\"ImageObject\",\"inLanguage\":\"ro-RO\",\"@id\":\"https:\/\/hrmforce.com\/ro\/solutii\/#primaryimage\",\"url\":\"https:\/\/hrmforce.com\/wp-content\/uploads\/2020\/07\/no-image.jpg\",\"contentUrl\":\"https:\/\/hrmforce.com\/wp-content\/uploads\/2020\/07\/no-image.jpg\",\"width\":1024,\"height\":683,\"caption\":\"Human resources management concept business man selecting virtual interface\"},{\"@type\":\"BreadcrumbList\",\"@id\":\"https:\/\/hrmforce.com\/ro\/solutii\/#breadcrumb\",\"itemListElement\":[{\"@type\":\"ListItem\",\"position\":1,\"name\":\"Home\",\"item\":\"https:\/\/hrmforce.com\/ro\/\"},{\"@type\":\"ListItem\",\"position\":2,\"name\":\"SOLU\u0162II HRM\"}]},{\"@type\":\"WebSite\",\"@id\":\"https:\/\/hrmforce.com\/ro\/#website\",\"url\":\"https:\/\/hrmforce.com\/ro\/\",\"name\":\"hrmforce\",\"description\":\"people \u2022 performance \u2022 analytics\",\"publisher\":{\"@id\":\"https:\/\/hrmforce.com\/ro\/#organization\"},\"potentialAction\":[{\"@type\":\"SearchAction\",\"target\":{\"@type\":\"EntryPoint\",\"urlTemplate\":\"https:\/\/hrmforce.com\/ro\/?s={search_term_string}\"},\"query-input\":{\"@type\":\"PropertyValueSpecification\",\"valueRequired\":true,\"valueName\":\"search_term_string\"}}],\"inLanguage\":\"ro-RO\"},{\"@type\":\"Organization\",\"@id\":\"https:\/\/hrmforce.com\/ro\/#organization\",\"name\":\"hrmforce\",\"url\":\"https:\/\/hrmforce.com\/ro\/\",\"logo\":{\"@type\":\"ImageObject\",\"inLanguage\":\"ro-RO\",\"@id\":\"https:\/\/hrmforce.com\/ro\/#\/schema\/logo\/image\/\",\"url\":\"https:\/\/hrmforce.com\/wp-content\/uploads\/2018\/08\/logo-hrmforce.png\",\"contentUrl\":\"https:\/\/hrmforce.com\/wp-content\/uploads\/2018\/08\/logo-hrmforce.png\",\"width\":833,\"height\":189,\"caption\":\"hrmforce\"},\"image\":{\"@id\":\"https:\/\/hrmforce.com\/ro\/#\/schema\/logo\/image\/\"},\"sameAs\":[\"https:\/\/www.facebook.com\/hrmforceNL\/\",\"https:\/\/www.linkedin.com\/company\/hrmforce\/\"]}]}<\/script>\n<!-- \/ Yoast SEO plugin. -->","yoast_head_json":{"title":"SOLU\u0162II HRM - hrmforce","robots":{"index":"index","follow":"follow","max-snippet":"max-snippet:-1","max-image-preview":"max-image-preview:large","max-video-preview":"max-video-preview:-1"},"canonical":"https:\/\/hrmforce.com\/ro\/solutii\/","og_locale":"ro_RO","og_type":"article","og_title":"SOLU\u0162II HRM - hrmforce","og_description":"[vc_row css_animation=&#8221;&#8221; row_type=&#8221;row&#8221; use_row_as_full_screen_section=&#8221;no&#8221; type=&#8221;grid&#8221; angled_section=&#8221;no&#8221; text_align=&#8221;center&#8221; background_image_as_pattern=&#8221;without_pattern&#8221; z_index=&#8221;&#8221; el_class=&#8221;bloklicht&#8221; css=&#8221;.vc_custom_1644243311764{background-color: #f3f1f0 !important;}&#8221;][vc_column css=&#8221;.vc_custom_1610307631595&#8243;][vc_row_inner row_type=&#8221;row&#8221; type=&#8221;full_width&#8221; text_align=&#8221;center&#8221; css_animation=&#8221;&#8221;][vc_column_inner width=&#8221;1\/6&#8243;][\/vc_column_inner][vc_column_inner width=&#8221;2\/3&#8243;][vc_column_text] Solu\u021bii HRM Hrmforce ofer\u0103 multe alte func\u021bionalit\u0103\u021bi \u00een afar\u0103 de evalu\u0103rile online. Chestionarele sunt \u00eencorporate \u00een fluxurile de lucru pentru (pre)selec\u021bia, dezvoltarea \u0219i evaluarea candida\u021bilor...","og_url":"https:\/\/hrmforce.com\/ro\/solutii\/","og_site_name":"hrmforce","article_publisher":"https:\/\/www.facebook.com\/hrmforceNL\/","article_modified_time":"2022-11-29T14:56:56+00:00","og_image":[{"width":1024,"height":683,"url":"https:\/\/hrmforce.com\/wp-content\/uploads\/2020\/07\/no-image.jpg","type":"image\/jpeg"}],"twitter_card":"summary_large_image","twitter_misc":{"Timp estimat pentru citire":"1 minut"},"schema":{"@context":"https:\/\/schema.org","@graph":[{"@type":"WebPage","@id":"https:\/\/hrmforce.com\/ro\/solutii\/","url":"https:\/\/hrmforce.com\/ro\/solutii\/","name":"SOLU\u0162II HRM - hrmforce","isPartOf":{"@id":"https:\/\/hrmforce.com\/ro\/#website"},"primaryImageOfPage":{"@id":"https:\/\/hrmforce.com\/ro\/solutii\/#primaryimage"},"image":{"@id":"https:\/\/hrmforce.com\/ro\/solutii\/#primaryimage"},"thumbnailUrl":"https:\/\/hrmforce.com\/wp-content\/uploads\/2020\/07\/no-image.jpg","datePublished":"2017-02-13T06:24:14+00:00","dateModified":"2022-11-29T14:56:56+00:00","breadcrumb":{"@id":"https:\/\/hrmforce.com\/ro\/solutii\/#breadcrumb"},"inLanguage":"ro-RO","potentialAction":[{"@type":"ReadAction","target":["https:\/\/hrmforce.com\/ro\/solutii\/"]}]},{"@type":"ImageObject","inLanguage":"ro-RO","@id":"https:\/\/hrmforce.com\/ro\/solutii\/#primaryimage","url":"https:\/\/hrmforce.com\/wp-content\/uploads\/2020\/07\/no-image.jpg","contentUrl":"https:\/\/hrmforce.com\/wp-content\/uploads\/2020\/07\/no-image.jpg","width":1024,"height":683,"caption":"Human resources management concept business man selecting virtual interface"},{"@type":"BreadcrumbList","@id":"https:\/\/hrmforce.com\/ro\/solutii\/#breadcrumb","itemListElement":[{"@type":"ListItem","position":1,"name":"Home","item":"https:\/\/hrmforce.com\/ro\/"},{"@type":"ListItem","position":2,"name":"SOLU\u0162II HRM"}]},{"@type":"WebSite","@id":"https:\/\/hrmforce.com\/ro\/#website","url":"https:\/\/hrmforce.com\/ro\/","name":"hrmforce","description":"people \u2022 performance \u2022 analytics","publisher":{"@id":"https:\/\/hrmforce.com\/ro\/#organization"},"potentialAction":[{"@type":"SearchAction","target":{"@type":"EntryPoint","urlTemplate":"https:\/\/hrmforce.com\/ro\/?s={search_term_string}"},"query-input":{"@type":"PropertyValueSpecification","valueRequired":true,"valueName":"search_term_string"}}],"inLanguage":"ro-RO"},{"@type":"Organization","@id":"https:\/\/hrmforce.com\/ro\/#organization","name":"hrmforce","url":"https:\/\/hrmforce.com\/ro\/","logo":{"@type":"ImageObject","inLanguage":"ro-RO","@id":"https:\/\/hrmforce.com\/ro\/#\/schema\/logo\/image\/","url":"https:\/\/hrmforce.com\/wp-content\/uploads\/2018\/08\/logo-hrmforce.png","contentUrl":"https:\/\/hrmforce.com\/wp-content\/uploads\/2018\/08\/logo-hrmforce.png","width":833,"height":189,"caption":"hrmforce"},"image":{"@id":"https:\/\/hrmforce.com\/ro\/#\/schema\/logo\/image\/"},"sameAs":["https:\/\/www.facebook.com\/hrmforceNL\/","https:\/\/www.linkedin.com\/company\/hrmforce\/"]}]}},"_links":{"self":[{"href":"https:\/\/hrmforce.com\/ro\/wp-json\/wp\/v2\/pages\/6871","targetHints":{"allow":["GET"]}}],"collection":[{"href":"https:\/\/hrmforce.com\/ro\/wp-json\/wp\/v2\/pages"}],"about":[{"href":"https:\/\/hrmforce.com\/ro\/wp-json\/wp\/v2\/types\/page"}],"author":[{"embeddable":true,"href":"https:\/\/hrmforce.com\/ro\/wp-json\/wp\/v2\/users\/2"}],"replies":[{"embeddable":true,"href":"https:\/\/hrmforce.com\/ro\/wp-json\/wp\/v2\/comments?post=6871"}],"version-history":[{"count":0,"href":"https:\/\/hrmforce.com\/ro\/wp-json\/wp\/v2\/pages\/6871\/revisions"}],"wp:featuredmedia":[{"embeddable":true,"href":"https:\/\/hrmforce.com\/ro\/wp-json\/wp\/v2\/media\/11486"}],"wp:attachment":[{"href":"https:\/\/hrmforce.com\/ro\/wp-json\/wp\/v2\/media?parent=6871"}],"curies":[{"name":"wp","href":"https:\/\/api.w.org\/{rel}","templated":true}]}}