{"id":6880,"date":"2017-02-12T16:38:12","date_gmt":"2017-02-12T16:38:12","guid":{"rendered":"https:\/\/hrmforce.com\/contact\/"},"modified":"2026-03-05T00:15:48","modified_gmt":"2026-03-04T23:15:48","slug":"contact","status":"publish","type":"page","link":"https:\/\/hrmforce.com\/ro\/contact\/","title":{"rendered":"Contact"},"content":{"rendered":"<div class=\"wpb-content-wrapper\"><p>[vc_row css_animation=&#8221;&#8221; row_type=&#8221;row&#8221; use_row_as_full_screen_section=&#8221;no&#8221; type=&#8221;grid&#8221; angled_section=&#8221;no&#8221; text_align=&#8221;left&#8221; background_image_as_pattern=&#8221;without_pattern&#8221; el_class=&#8221;landinghead&#8221; z_index=&#8221;&#8221; background_image=&#8221;20390&#8243; css=&#8221;.vc_custom_1701074749352{padding-top: 90px !important;}&#8221;][vc_column][qode_elements_holder number_of_columns=&#8221;two_columns&#8221;][qode_elements_holder_item vertical_alignment=&#8221;middle&#8221; advanced_animations=&#8221;no&#8221; item_padding=&#8221;0px 60px 0px 0px&#8221;][vc_column_text]<\/p>\n<h2>Sunte\u021bi interesat(\u0103) sau ave\u021bi o \u00eentrebare?<\/h2>\n<p>V\u0103 vom ajuta cu pl\u0103cere \u0219i ne vom g\u00e2ndi \u00eempreun\u0103 cu dumneavoastr\u0103 s\u0103 g\u0103sim o solu\u021bie potrivit\u0103. A\u0219adar, nu ezita\u021bi s\u0103 le adresa\u021bi imediat consilierilor no\u0219tri \u00eentrebarea sau ideea dumneavoastr\u0103. Completa\u021bi formularul de contact sau suna\u021bi-ne \u0219i vorbi\u021bi imediat cu consilierii no\u0219tri.<\/p>\n<p><strong>T:<\/strong> <a href=\"tel:+31888832188\">+31 (0)88 88 321 88<\/a><br \/>\n<strong>E:<\/strong> <a href=\"mailto:service@hrmforce.com\">service@hrmforce.com<\/a><\/p>\n<p>Consilierii no\u0219tri sunt disponibili de luni p\u00e2n\u0103 vineri, \u00eentre orele 08:00 &#8211; 18:00.[\/vc_column_text][\/qode_elements_holder_item][qode_elements_holder_item advanced_animations=&#8221;no&#8221;][vc_column_text css=&#8221;.vc_custom_1702042966268{padding-top: 30px !important;padding-right: 30px !important;padding-bottom: 30px !important;padding-left: 30px !important;background-color: #ffffff !important;}&#8221;]<\/p>\n<h3 style=\"margin-bottom: 20px;\">Formular de contact<\/h3>\n<div class=\"frm_forms  with_frm_style frm_style_formidable-style-2\" id=\"frm_form_8_container\" >\n<form enctype=\"multipart\/form-data\" method=\"post\" class=\"frm-show-form  frm_pro_form \" id=\"form_2ooll23\" >\n<div class=\"frm_form_fields \">\n<fieldset>\n<legend class=\"frm_hidden\">Contact - Romanian<\/legend>\r\n\r\n<div class=\"frm_fields_container\">\n<input type=\"hidden\" name=\"frm_action\" value=\"create\" \/>\n<input type=\"hidden\" name=\"form_id\" value=\"8\" \/>\n<input type=\"hidden\" name=\"frm_hide_fields_8\" id=\"frm_hide_fields_8\" value=\"\" \/>\n<input type=\"hidden\" name=\"form_key\" value=\"2ooll23\" \/>\n<input type=\"hidden\" name=\"item_meta[0]\" value=\"\" \/>\n<input type=\"hidden\" id=\"frm_submit_entry_8\" name=\"frm_submit_entry_8\" value=\"e4dd64fa8c\" \/><input type=\"hidden\" name=\"_wp_http_referer\" value=\"\/ro\/wp-json\/wp\/v2\/pages\/6880\" \/><div id=\"frm_field_43_container\" class=\"frm_form_field form-field  frm_required_field frm_inside_container frm_half\">\r\n    <label for=\"field_h1ecf4\" class=\"frm_primary_label\">Prenume\r\n        <span class=\"frm_required\">*<\/span>\r\n    <\/label>\r\n    <input  type=\"text\" id=\"field_h1ecf4\" name=\"item_meta[43]\" value=\"\"  placeholder=\"Prenume\" data-reqmsg=\"Dit veld mag niet leeg zijn.\" aria-required=\"true\" data-invmsg=\"Prenume is invalid\" aria-invalid=\"false\"   \/>\r\n    \r\n    \r\n<\/div>\n<div id=\"frm_field_44_container\" class=\"frm_form_field form-field  frm_required_field frm_inside_container frm_half\">\r\n    <label for=\"field_5oa2n4\" class=\"frm_primary_label\">Nume\r\n        <span class=\"frm_required\">*<\/span>\r\n    <\/label>\r\n    <input  type=\"text\" id=\"field_5oa2n4\" name=\"item_meta[44]\" value=\"\"  placeholder=\"Nume\" data-reqmsg=\"Dit veld mag niet leeg zijn.\" aria-required=\"true\" data-invmsg=\"Nume is invalid\" aria-invalid=\"false\"   \/>\r\n    \r\n    \r\n<\/div>\n<div id=\"frm_field_45_container\" class=\"frm_form_field form-field  frm_required_field frm_inside_container\">\r\n    <label for=\"field_kfuj14\" class=\"frm_primary_label\">Organiza\u021bie\r\n        <span class=\"frm_required\">*<\/span>\r\n    <\/label>\r\n    <input  type=\"text\" id=\"field_kfuj14\" name=\"item_meta[45]\" value=\"\"  placeholder=\"Organiza\u021bie\" data-reqmsg=\"Dit veld mag niet leeg zijn.\" aria-required=\"true\" data-invmsg=\"Organiza\u021bie is invalid\" aria-invalid=\"false\"   \/>\r\n    \r\n    \r\n<\/div>\n<div id=\"frm_field_46_container\" class=\"frm_form_field form-field  frm_required_field frm_inside_container frm_half\">\r\n    <label for=\"field_7jby14\" class=\"frm_primary_label\">Telefon\r\n        <span class=\"frm_required\">*<\/span>\r\n    <\/label>\r\n    <input  type=\"text\" id=\"field_7jby14\" name=\"item_meta[46]\" value=\"\"  placeholder=\"Telefon\" data-reqmsg=\"Dit veld mag niet leeg zijn.\" aria-required=\"true\" data-invmsg=\"Telefon is invalid\" aria-invalid=\"false\"   \/>\r\n    \r\n    \r\n<\/div>\n<div id=\"frm_field_47_container\" class=\"frm_form_field form-field  frm_required_field frm_inside_container frm_half\">\r\n    <label for=\"field_vsu9g4\" class=\"frm_primary_label\">Adres\u0103 de Email\r\n        <span class=\"frm_required\">*<\/span>\r\n    <\/label>\r\n    <input type=\"email\" id=\"field_vsu9g4\" name=\"item_meta[47]\" value=\"\"  placeholder=\"Adres\u0103 de Email\" data-reqmsg=\"Dit veld mag niet leeg zijn.\" aria-required=\"true\" data-invmsg=\"E-mailadres is ongeldig\" aria-invalid=\"false\"  \/>\r\n    \r\n    \r\n<\/div>\n<div id=\"frm_field_48_container\" class=\"frm_form_field form-field  frm_required_field frm_inside_container\">\r\n    <label for=\"field_16xnc4\" class=\"frm_primary_label\">Subiect\r\n        <span class=\"frm_required\">*<\/span>\r\n    <\/label>\r\n    <input  type=\"text\" id=\"field_16xnc4\" name=\"item_meta[48]\" value=\"\"  placeholder=\"Subiect\" data-reqmsg=\"Dit veld mag niet leeg zijn.\" aria-required=\"true\" data-invmsg=\"Subiect is invalid\" aria-invalid=\"false\"   \/>\r\n    \r\n    \r\n<\/div>\n<div id=\"frm_field_49_container\" class=\"frm_form_field form-field  frm_required_field frm_inside_container\">\r\n    <label for=\"field_87lsm4\" class=\"frm_primary_label\">Mesajul d-voastr\u0103\r\n        <span class=\"frm_required\">*<\/span>\r\n    <\/label>\r\n    <textarea name=\"item_meta[49]\" id=\"field_87lsm4\"  placeholder=\"Mesajul d-voastr\u0103\" data-reqmsg=\"Dit veld mag niet leeg zijn.\" aria-required=\"true\" data-invmsg=\"Mesajul d-voastr\u0103 is invalid\" aria-invalid=\"false\"  ><\/textarea>\r\n    \r\n    \r\n<\/div>\n<div id=\"frm_field_101_container\" class=\"frm_form_field form-field  frm_none_container\">\r\n    <label  class=\"frm_primary_label\">Captcha\r\n        <span class=\"frm_required\"><\/span>\r\n    <\/label>\r\n    <div  id=\"field_zpp3p\" class=\"frm-g-recaptcha\" data-sitekey=\"6LcLmRMiAAAAAKW7eso6s5Yrk1q4hVj6725JTffg\" data-size=\"normal\" data-theme=\"light\"><\/div>\r\n    \r\n    \r\n<\/div>\n\t<input type=\"hidden\" name=\"item_key\" value=\"\" \/>\n\t\t\t<div id=\"frm_field_533_container\">\n\t\t\t<label for=\"field_ude74\" >\n\t\t\t\tIf you are human, leave this field blank.\t\t\t<\/label>\n\t\t\t<input  id=\"field_ude74\" type=\"text\" class=\"frm_form_field form-field frm_verify\" name=\"item_meta[533]\" value=\"\"  \/>\n\t\t<\/div>\n\t\t<input name=\"frm_state\" type=\"hidden\" value=\"B9VOsW5hw2atoMgPgScADRC7WZWb5ZuHyx\/8dd5eQ+JT+DzparKiJ6v3YNZCNQEO\" \/><div class=\"frm_submit\">\r\n\r\n<button type=\"submit\" class=\"frm_button_submit frm_final_submit btn-blue\" style=\"float: right; background: #09478C; color: #fff; text-transform: uppercase; padding: 10px 15px; border: none; border-radius: 0px;\"  formnovalidate=\"formnovalidate\">Submit<\/button>\r\n\r\n<\/div><\/div>\n<\/fieldset>\n<\/div>\n\n<p style=\"display: none !important;\" class=\"akismet-fields-container\" data-prefix=\"ak_\"><label>&#916;<textarea name=\"ak_hp_textarea\" cols=\"45\" rows=\"8\" maxlength=\"100\"><\/textarea><\/label><input type=\"hidden\" id=\"ak_js_1\" name=\"ak_js\" value=\"193\"\/><script>document.getElementById( \"ak_js_1\" ).setAttribute( \"value\", ( new Date() ).getTime() );<\/script><\/p><\/form>\n<\/div>\n[\/vc_column_text][\/qode_elements_holder_item][\/qode_elements_holder][\/vc_column][\/vc_row][vc_row css_animation=&#8221;&#8221; row_type=&#8221;row&#8221; use_row_as_full_screen_section=&#8221;no&#8221; type=&#8221;grid&#8221; angled_section=&#8221;no&#8221; text_align=&#8221;left&#8221; background_image_as_pattern=&#8221;without_pattern&#8221; z_index=&#8221;&#8221; el_class=&#8221;rijlocaties&#8221; css=&#8221;.vc_custom_1700570605603{background-color: #f3f1f0 !important;}&#8221;][vc_column][vc_column_text css=&#8221;&#8221; el_class=&#8221;locatie-nl&#8221;]<\/p>\n<h3>hrmforce head office<\/h3>\n<p>Solitudolaan 396<br \/>\n1096 DS Amsterdam<br \/>\nThe Netherlands<\/p>\n<p>Tel:\u00a0<a href=\"tel:+31888832188\">+31 (0)88 88 321 88<\/a><br \/>\nMail:\u00a0<a href=\"mailto:service@hrmforce.com\">service@hrmforce.com<\/a><\/p>\n<p>CoC Amsterdam: 34369982<br \/>\nBank:NL31RABO0155758411<br \/>\nVAT: NL821671480B01[\/vc_column_text][vc_row_inner row_type=&#8221;row&#8221; type=&#8221;full_width&#8221; text_align=&#8221;left&#8221; css_animation=&#8221;&#8221;][vc_column_inner width=&#8221;1\/3&#8243;][vc_column_text el_class=&#8221;locatie-de&#8221;]<\/p>\n<h3>hrmforce Germany<\/h3>\n<p>Theodorstrasse 105<br \/>\n40472 Dusseldorf<br \/>\nGermany<\/p>\n<p>Tel: +31888832188<br \/>\nMail:\u00a0<a href=\"mailto:service@hrmforce.com\">service@hrmforce.com<\/a>[\/vc_column_text][\/vc_column_inner][vc_column_inner width=&#8221;1\/3&#8243;][vc_column_text el_class=&#8221;locatie-be&#8221;]<\/p>\n<h3>hrmforce Belgium<\/h3>\n<p>Bridge Building<br \/>\nKeizer Karellaan 584<br \/>\n1082 Sint-Agatha-Berchem<br \/>\nBelgium<\/p>\n<p>Tel: <a href=\"tel:+31888832188\">+31 (0)88 88 321 88<\/a><br \/>\nMail:\u00a0<a href=\"mailto:service@hrmforce.com\">service@hrmforce.com<\/a>[\/vc_column_text][\/vc_column_inner][vc_column_inner width=&#8221;1\/3&#8243;][vc_column_text el_class=&#8221;locatie-fr&#8221;]<\/p>\n<h3>hrmforce France<\/h3>\n<p>5 Place de la Pyramide Tour Ariane<br \/>\n92800, Paris, Hauts-de-Seine<br \/>\nFrance<\/p>\n<p>Tel: <a href=\"tel:+31888832188\">+31 (0)88 88 321 88<\/a><br \/>\nMail:\u00a0<a href=\"mailto:service@hrmforce.com\">service@hrmforce.com<\/a>[\/vc_column_text][\/vc_column_inner][\/vc_row_inner][vc_row_inner row_type=&#8221;row&#8221; type=&#8221;full_width&#8221; text_align=&#8221;left&#8221; css_animation=&#8221;&#8221;][vc_column_inner width=&#8221;1\/3&#8243;][vc_column_text el_class=&#8221;locatie-in&#8221;]<\/p>\n<h3>hrmforce India<\/h3>\n<p>Plot #27, 1-4-190\/27\/1\/A, Phase-I,<br \/>\nBhaskara Rao Nagar Sainikpuri P.O.<br \/>\nSecunderabad \u2013 500 094<br \/>\nTelangana<br \/>\nIndia<\/p>\n<p>Tel:\u00a0<a href=\"tel:+918978786121\">+91 89787 86121<\/a><br \/>\nMail:\u00a0<a href=\"mailto:service@hrmforce.com\">service@hrmforce.com<\/a>[\/vc_column_text][\/vc_column_inner][vc_column_inner width=&#8221;1\/3&#8243;][vc_column_text el_class=&#8221;locatie-ro&#8221;]<\/p>\n<h3>hrmforce Romania<\/h3>\n<p>Ploiesti Street, No 9<br \/>\n400157 Cluj-Napoca<br \/>\nRomania<\/p>\n<p>Tel:<a href=\"tel:+31888832188\">+31 (0)88 88 321 88<\/a><br \/>\nMail:\u00a0<a href=\"mailto:office@hrmforce.com\">office@hrmforce.com<\/a><\/p>\n<p>CoC: J12\/1828\/2011<br \/>\nBank: RO11BRMA099910004661926<br \/>\nVAT: RO 28852231[\/vc_column_text][\/vc_column_inner][vc_column_inner width=&#8221;1\/3&#8243;][vc_column_text el_class=&#8221;locatie-sp&#8221;]<\/p>\n<h3>hrmforce Spain<\/h3>\n<p>Carrer de les Barques 2 &#8211; 2nd floor<br \/>\n46002 Val\u00e8ncia<br \/>\nValencia<br \/>\nSpain<\/p>\n<p>Tel: <a href=\"tel:+31888832188\">+31 (0)88 88 321 88<\/a><br \/>\nMail:\u00a0<a href=\"mailto:atencioncliente@hrmforce.com\">atencioncliente@hrmforce.com<\/a>[\/vc_column_text][\/vc_column_inner][\/vc_row_inner][\/vc_column][\/vc_row]<\/p>\n<\/div>","protected":false},"excerpt":{"rendered":"<p>[vc_row css_animation=&#8221;&#8221; row_type=&#8221;row&#8221; use_row_as_full_screen_section=&#8221;no&#8221; type=&#8221;grid&#8221; angled_section=&#8221;no&#8221; text_align=&#8221;left&#8221; background_image_as_pattern=&#8221;without_pattern&#8221; el_class=&#8221;landinghead&#8221; z_index=&#8221;&#8221; background_image=&#8221;20390&#8243; css=&#8221;.vc_custom_1701074749352{padding-top: 90px !important;}&#8221;][vc_column][qode_elements_holder number_of_columns=&#8221;two_columns&#8221;][qode_elements_holder_item vertical_alignment=&#8221;middle&#8221; advanced_animations=&#8221;no&#8221; item_padding=&#8221;0px 60px 0px 0px&#8221;][vc_column_text] Sunte\u021bi interesat(\u0103) sau ave\u021bi o \u00eentrebare? V\u0103 vom ajuta cu pl\u0103cere \u0219i ne vom g\u00e2ndi \u00eempreun\u0103 cu dumneavoastr\u0103 s\u0103 g\u0103sim o solu\u021bie potrivit\u0103. A\u0219adar,&#8230;<\/p>\n","protected":false},"author":2,"featured_media":11486,"parent":0,"menu_order":0,"comment_status":"closed","ping_status":"closed","template":"full_width.php","meta":{"_acf_changed":false,"inline_featured_image":false,"footnotes":""},"class_list":["post-6880","page","type-page","status-publish","has-post-thumbnail","hentry"],"acf":[],"yoast_head":"<!-- This site is optimized with the Yoast SEO plugin v27.1.1 - https:\/\/yoast.com\/product\/yoast-seo-wordpress\/ -->\n<title>Contact - hrmforce<\/title>\n<meta name=\"robots\" content=\"index, follow, max-snippet:-1, max-image-preview:large, max-video-preview:-1\" \/>\n<link rel=\"canonical\" href=\"https:\/\/hrmforce.com\/ro\/contact\/\" \/>\n<meta property=\"og:locale\" content=\"ro_RO\" \/>\n<meta property=\"og:type\" content=\"article\" \/>\n<meta property=\"og:title\" content=\"Contact - hrmforce\" \/>\n<meta property=\"og:description\" content=\"[vc_row css_animation=&#8221;&#8221; row_type=&#8221;row&#8221; use_row_as_full_screen_section=&#8221;no&#8221; type=&#8221;grid&#8221; angled_section=&#8221;no&#8221; text_align=&#8221;left&#8221; background_image_as_pattern=&#8221;without_pattern&#8221; el_class=&#8221;landinghead&#8221; z_index=&#8221;&#8221; background_image=&#8221;20390&#8243; css=&#8221;.vc_custom_1701074749352{padding-top: 90px !important;}&#8221;][vc_column][qode_elements_holder number_of_columns=&#8221;two_columns&#8221;][qode_elements_holder_item vertical_alignment=&#8221;middle&#8221; advanced_animations=&#8221;no&#8221; item_padding=&#8221;0px 60px 0px 0px&#8221;][vc_column_text] Sunte\u021bi interesat(\u0103) sau ave\u021bi o \u00eentrebare? V\u0103 vom ajuta cu pl\u0103cere \u0219i ne vom g\u00e2ndi \u00eempreun\u0103 cu dumneavoastr\u0103 s\u0103 g\u0103sim o solu\u021bie potrivit\u0103. A\u0219adar,...\" \/>\n<meta property=\"og:url\" content=\"https:\/\/hrmforce.com\/ro\/contact\/\" \/>\n<meta property=\"og:site_name\" content=\"hrmforce\" \/>\n<meta property=\"article:publisher\" content=\"https:\/\/www.facebook.com\/hrmforceNL\/\" \/>\n<meta property=\"article:modified_time\" content=\"2026-03-04T23:15:48+00:00\" \/>\n<meta name=\"twitter:card\" content=\"summary_large_image\" \/>\n<meta name=\"twitter:label1\" content=\"Timp estimat pentru citire\" \/>\n\t<meta name=\"twitter:data1\" content=\"2 minute\" \/>\n<script type=\"application\/ld+json\" class=\"yoast-schema-graph\">{\"@context\":\"https:\/\/schema.org\",\"@graph\":[{\"@type\":\"WebPage\",\"@id\":\"https:\/\/hrmforce.com\/ro\/contact\/\",\"url\":\"https:\/\/hrmforce.com\/ro\/contact\/\",\"name\":\"Contact - hrmforce\",\"isPartOf\":{\"@id\":\"https:\/\/hrmforce.com\/ro\/#website\"},\"primaryImageOfPage\":{\"@id\":\"https:\/\/hrmforce.com\/ro\/contact\/#primaryimage\"},\"image\":{\"@id\":\"https:\/\/hrmforce.com\/ro\/contact\/#primaryimage\"},\"thumbnailUrl\":\"https:\/\/hrmforce.com\/wp-content\/uploads\/2020\/07\/no-image.jpg\",\"datePublished\":\"2017-02-12T16:38:12+00:00\",\"dateModified\":\"2026-03-04T23:15:48+00:00\",\"breadcrumb\":{\"@id\":\"https:\/\/hrmforce.com\/ro\/contact\/#breadcrumb\"},\"inLanguage\":\"ro-RO\",\"potentialAction\":[{\"@type\":\"ReadAction\",\"target\":[\"https:\/\/hrmforce.com\/ro\/contact\/\"]}]},{\"@type\":\"ImageObject\",\"inLanguage\":\"ro-RO\",\"@id\":\"https:\/\/hrmforce.com\/ro\/contact\/#primaryimage\",\"url\":\"https:\/\/hrmforce.com\/wp-content\/uploads\/2020\/07\/no-image.jpg\",\"contentUrl\":\"https:\/\/hrmforce.com\/wp-content\/uploads\/2020\/07\/no-image.jpg\",\"width\":1024,\"height\":683,\"caption\":\"Human resources management concept business man selecting virtual interface\"},{\"@type\":\"BreadcrumbList\",\"@id\":\"https:\/\/hrmforce.com\/ro\/contact\/#breadcrumb\",\"itemListElement\":[{\"@type\":\"ListItem\",\"position\":1,\"name\":\"Home\",\"item\":\"https:\/\/hrmforce.com\/ro\/\"},{\"@type\":\"ListItem\",\"position\":2,\"name\":\"Contact\"}]},{\"@type\":\"WebSite\",\"@id\":\"https:\/\/hrmforce.com\/ro\/#website\",\"url\":\"https:\/\/hrmforce.com\/ro\/\",\"name\":\"hrmforce\",\"description\":\"people \u2022 performance \u2022 analytics\",\"publisher\":{\"@id\":\"https:\/\/hrmforce.com\/ro\/#organization\"},\"potentialAction\":[{\"@type\":\"SearchAction\",\"target\":{\"@type\":\"EntryPoint\",\"urlTemplate\":\"https:\/\/hrmforce.com\/ro\/?s={search_term_string}\"},\"query-input\":{\"@type\":\"PropertyValueSpecification\",\"valueRequired\":true,\"valueName\":\"search_term_string\"}}],\"inLanguage\":\"ro-RO\"},{\"@type\":\"Organization\",\"@id\":\"https:\/\/hrmforce.com\/ro\/#organization\",\"name\":\"hrmforce\",\"url\":\"https:\/\/hrmforce.com\/ro\/\",\"logo\":{\"@type\":\"ImageObject\",\"inLanguage\":\"ro-RO\",\"@id\":\"https:\/\/hrmforce.com\/ro\/#\/schema\/logo\/image\/\",\"url\":\"https:\/\/hrmforce.com\/wp-content\/uploads\/2018\/08\/logo-hrmforce.png\",\"contentUrl\":\"https:\/\/hrmforce.com\/wp-content\/uploads\/2018\/08\/logo-hrmforce.png\",\"width\":833,\"height\":189,\"caption\":\"hrmforce\"},\"image\":{\"@id\":\"https:\/\/hrmforce.com\/ro\/#\/schema\/logo\/image\/\"},\"sameAs\":[\"https:\/\/www.facebook.com\/hrmforceNL\/\",\"https:\/\/www.linkedin.com\/company\/hrmforce\/\"]}]}<\/script>\n<!-- \/ Yoast SEO plugin. -->","yoast_head_json":{"title":"Contact - hrmforce","robots":{"index":"index","follow":"follow","max-snippet":"max-snippet:-1","max-image-preview":"max-image-preview:large","max-video-preview":"max-video-preview:-1"},"canonical":"https:\/\/hrmforce.com\/ro\/contact\/","og_locale":"ro_RO","og_type":"article","og_title":"Contact - hrmforce","og_description":"[vc_row css_animation=&#8221;&#8221; row_type=&#8221;row&#8221; use_row_as_full_screen_section=&#8221;no&#8221; type=&#8221;grid&#8221; angled_section=&#8221;no&#8221; text_align=&#8221;left&#8221; background_image_as_pattern=&#8221;without_pattern&#8221; el_class=&#8221;landinghead&#8221; z_index=&#8221;&#8221; background_image=&#8221;20390&#8243; css=&#8221;.vc_custom_1701074749352{padding-top: 90px !important;}&#8221;][vc_column][qode_elements_holder number_of_columns=&#8221;two_columns&#8221;][qode_elements_holder_item vertical_alignment=&#8221;middle&#8221; advanced_animations=&#8221;no&#8221; item_padding=&#8221;0px 60px 0px 0px&#8221;][vc_column_text] Sunte\u021bi interesat(\u0103) sau ave\u021bi o \u00eentrebare? V\u0103 vom ajuta cu pl\u0103cere \u0219i ne vom g\u00e2ndi \u00eempreun\u0103 cu dumneavoastr\u0103 s\u0103 g\u0103sim o solu\u021bie potrivit\u0103. A\u0219adar,...","og_url":"https:\/\/hrmforce.com\/ro\/contact\/","og_site_name":"hrmforce","article_publisher":"https:\/\/www.facebook.com\/hrmforceNL\/","article_modified_time":"2026-03-04T23:15:48+00:00","twitter_card":"summary_large_image","twitter_misc":{"Timp estimat pentru citire":"2 minute"},"schema":{"@context":"https:\/\/schema.org","@graph":[{"@type":"WebPage","@id":"https:\/\/hrmforce.com\/ro\/contact\/","url":"https:\/\/hrmforce.com\/ro\/contact\/","name":"Contact - hrmforce","isPartOf":{"@id":"https:\/\/hrmforce.com\/ro\/#website"},"primaryImageOfPage":{"@id":"https:\/\/hrmforce.com\/ro\/contact\/#primaryimage"},"image":{"@id":"https:\/\/hrmforce.com\/ro\/contact\/#primaryimage"},"thumbnailUrl":"https:\/\/hrmforce.com\/wp-content\/uploads\/2020\/07\/no-image.jpg","datePublished":"2017-02-12T16:38:12+00:00","dateModified":"2026-03-04T23:15:48+00:00","breadcrumb":{"@id":"https:\/\/hrmforce.com\/ro\/contact\/#breadcrumb"},"inLanguage":"ro-RO","potentialAction":[{"@type":"ReadAction","target":["https:\/\/hrmforce.com\/ro\/contact\/"]}]},{"@type":"ImageObject","inLanguage":"ro-RO","@id":"https:\/\/hrmforce.com\/ro\/contact\/#primaryimage","url":"https:\/\/hrmforce.com\/wp-content\/uploads\/2020\/07\/no-image.jpg","contentUrl":"https:\/\/hrmforce.com\/wp-content\/uploads\/2020\/07\/no-image.jpg","width":1024,"height":683,"caption":"Human resources management concept business man selecting virtual interface"},{"@type":"BreadcrumbList","@id":"https:\/\/hrmforce.com\/ro\/contact\/#breadcrumb","itemListElement":[{"@type":"ListItem","position":1,"name":"Home","item":"https:\/\/hrmforce.com\/ro\/"},{"@type":"ListItem","position":2,"name":"Contact"}]},{"@type":"WebSite","@id":"https:\/\/hrmforce.com\/ro\/#website","url":"https:\/\/hrmforce.com\/ro\/","name":"hrmforce","description":"people \u2022 performance \u2022 analytics","publisher":{"@id":"https:\/\/hrmforce.com\/ro\/#organization"},"potentialAction":[{"@type":"SearchAction","target":{"@type":"EntryPoint","urlTemplate":"https:\/\/hrmforce.com\/ro\/?s={search_term_string}"},"query-input":{"@type":"PropertyValueSpecification","valueRequired":true,"valueName":"search_term_string"}}],"inLanguage":"ro-RO"},{"@type":"Organization","@id":"https:\/\/hrmforce.com\/ro\/#organization","name":"hrmforce","url":"https:\/\/hrmforce.com\/ro\/","logo":{"@type":"ImageObject","inLanguage":"ro-RO","@id":"https:\/\/hrmforce.com\/ro\/#\/schema\/logo\/image\/","url":"https:\/\/hrmforce.com\/wp-content\/uploads\/2018\/08\/logo-hrmforce.png","contentUrl":"https:\/\/hrmforce.com\/wp-content\/uploads\/2018\/08\/logo-hrmforce.png","width":833,"height":189,"caption":"hrmforce"},"image":{"@id":"https:\/\/hrmforce.com\/ro\/#\/schema\/logo\/image\/"},"sameAs":["https:\/\/www.facebook.com\/hrmforceNL\/","https:\/\/www.linkedin.com\/company\/hrmforce\/"]}]}},"_links":{"self":[{"href":"https:\/\/hrmforce.com\/ro\/wp-json\/wp\/v2\/pages\/6880","targetHints":{"allow":["GET"]}}],"collection":[{"href":"https:\/\/hrmforce.com\/ro\/wp-json\/wp\/v2\/pages"}],"about":[{"href":"https:\/\/hrmforce.com\/ro\/wp-json\/wp\/v2\/types\/page"}],"author":[{"embeddable":true,"href":"https:\/\/hrmforce.com\/ro\/wp-json\/wp\/v2\/users\/2"}],"replies":[{"embeddable":true,"href":"https:\/\/hrmforce.com\/ro\/wp-json\/wp\/v2\/comments?post=6880"}],"version-history":[{"count":7,"href":"https:\/\/hrmforce.com\/ro\/wp-json\/wp\/v2\/pages\/6880\/revisions"}],"predecessor-version":[{"id":24480,"href":"https:\/\/hrmforce.com\/ro\/wp-json\/wp\/v2\/pages\/6880\/revisions\/24480"}],"wp:featuredmedia":[{"embeddable":true,"href":"https:\/\/hrmforce.com\/ro\/wp-json\/wp\/v2\/media\/11486"}],"wp:attachment":[{"href":"https:\/\/hrmforce.com\/ro\/wp-json\/wp\/v2\/media?parent=6880"}],"curies":[{"name":"wp","href":"https:\/\/api.w.org\/{rel}","templated":true}]}}