{"id":7276,"date":"2017-02-12T18:02:38","date_gmt":"2017-02-12T18:02:38","guid":{"rendered":"https:\/\/hrmforce.com\/wat-we-doen\/"},"modified":"2022-11-29T15:57:43","modified_gmt":"2022-11-29T14:57:43","slug":"ce-facem-noi","status":"publish","type":"page","link":"https:\/\/hrmforce.com\/ro\/ce-facem-noi\/","title":{"rendered":"Ce Facem Noi"},"content":{"rendered":"<div class=\"wpb-content-wrapper\"><p>[vc_row css_animation=&#8221;&#8221; row_type=&#8221;row&#8221; use_row_as_full_screen_section=&#8221;no&#8221; type=&#8221;full_width&#8221; angled_section=&#8221;no&#8221; text_align=&#8221;left&#8221; background_image_as_pattern=&#8221;without_pattern&#8221; el_class=&#8221;rij1&#8243; z_index=&#8221;&#8221;][vc_column][vc_column_text]<\/p>\n<h2>hrmforce<\/h2>\n<p><span lang=\"RO\">\u00cen calitate de furnizor lider de software HRM, ajut\u0103m organiza\u021biile s\u0103 func\u021bioneze mai eficient prin crearea de noi modalit\u0103\u021bi de lucru \u0219i noi parteneriate. Fiind noi \u00een\u0219ine antreprenori, ne sprijinim clien\u021bii s\u0103 \u00ee\u0219i dezvolte organiza\u021biile prin \u00eencurajarea colabor\u0103rii \u0219i construirea unor rela\u021bii pe termen lung. \u00cempreun\u0103, putem fi \u00eentreprinderi responsabile din punct de vedere social. Ne desf\u0103\u0219ur\u0103m activitatea \u00een mai multe \u021b\u0103ri. Distribuitorii no\u0219tri locali v\u0103 pot pune \u00een contact direct cu hrmforce. Exist\u0103, de asemenea, o echip\u0103 de asisten\u021b\u0103 global\u0103 \u00een \u021b\u0103rile eviden\u021biate mai jos.<\/span><\/p>\n<p>&nbsp;<\/p>\n<p>&nbsp;<\/p>\n<p><img loading=\"lazy\" decoding=\"async\" width=\"500\" height=\"310\" class=\"alignnone wp-image-6713\" src=\"https:\/\/hrmforce.com\/wp-content\/uploads\/2017\/02\/World_Supportteam-500x9999.png\" alt=\"\" \/><\/p>\n<h2><span lang=\"RO\">Furnizarea de software pentru managementul resurselor umane<\/span><\/h2>\n<p><span lang=\"RO\">Servim organiza\u021biile cu ajutorul tehnologiei informa\u021biei, furniz\u00e2nd evalu\u0103ri online avansate, solu\u021bii HRM \u0219i un nivel ridicat de servicii.<\/span>[\/vc_column_text][\/vc_column][\/vc_row][vc_row css_animation=&#8221;&#8221; row_type=&#8221;row&#8221; use_row_as_full_screen_section=&#8221;no&#8221; type=&#8221;full_width&#8221; angled_section=&#8221;no&#8221; text_align=&#8221;left&#8221; background_image_as_pattern=&#8221;without_pattern&#8221;][vc_column width=&#8221;1\/4&#8243;][vc_column_text]<\/p>\n<h3><span lang=\"RO\"><a href=\"#\">Recrutare<\/a><\/span><\/h3>\n<p>[\/vc_column_text][\/vc_column][vc_column width=&#8221;1\/4&#8243;][vc_column_text]<\/p>\n<h3><span lang=\"RO\"><a href=\"#\">Dezvoltare<\/a><\/span><\/h3>\n<p>[\/vc_column_text][\/vc_column][vc_column width=&#8221;1\/4&#8243;][vc_column_text]<\/p>\n<h3><span lang=\"RO\"><a href=\"#\">Capacitate de angajare<\/a><\/span><\/h3>\n<p>[\/vc_column_text][\/vc_column][vc_column width=&#8221;1\/4&#8243;][vc_column_text]<\/p>\n<h3><span lang=\"RO\"><a href=\"#\">Analize<\/a><\/span><\/h3>\n<p>[\/vc_column_text][\/vc_column][\/vc_row][vc_row css_animation=&#8221;&#8221; row_type=&#8221;row&#8221; use_row_as_full_screen_section=&#8221;no&#8221; type=&#8221;full_width&#8221; angled_section=&#8221;no&#8221; text_align=&#8221;left&#8221; background_image_as_pattern=&#8221;without_pattern&#8221; el_class=&#8221;rij1&#8243; z_index=&#8221;&#8221;][vc_column][vc_column_text]<\/p>\n<h2>Software \u0219i solu\u021bii HRM<\/h2>\n<p>Dezvolt\u0103m solu\u021bii de gestionare a for\u021bei de munc\u0103 \u00een \u201ecloud\u201d. De la un singur chestionar de personalitate sau de inteligen\u021b\u0103 p\u00e2n\u0103 la un instrument complet pentru \u00eembun\u0103t\u0103\u021birea dezvolt\u0103rii \u0219i cre\u0219terea performan\u021bei. Sus\u021binem toate procesele cheie de management al resurselor umane, cum ar fi recrutarea \u0219i selec\u021bia, dezvoltarea, capacitatea de angajare \u0219i analiza resurselor umane. Cu ajutorul acestor solu\u021bii, v\u0103 ajut\u0103m s\u0103 v\u0103 \u00eenfiin\u021ba\u021bi organiza\u021bia mai eficient. Deoarece oferim sprijin \u00een fiecare etap\u0103 a procesului de resurse umane, oferim clien\u021bilor no\u0219tri servicii de \u00eenalt\u0103 calitate.<\/p>\n<p>Descoperi\u021bi <a href=\"#\">evalu\u0103rile noastre online<\/a> \u0219i explora\u021bi <a href=\"#\">solu\u021biile noastre HRM<\/a>.[\/vc_column_text][\/vc_column][\/vc_row]<\/p>\n<\/div>","protected":false},"excerpt":{"rendered":"<p>[vc_row css_animation=&#8221;&#8221; row_type=&#8221;row&#8221; use_row_as_full_screen_section=&#8221;no&#8221; type=&#8221;full_width&#8221; angled_section=&#8221;no&#8221; text_align=&#8221;left&#8221; background_image_as_pattern=&#8221;without_pattern&#8221; el_class=&#8221;rij1&#8243; z_index=&#8221;&#8221;][vc_column][vc_column_text] hrmforce \u00cen calitate de furnizor lider de software HRM, ajut\u0103m organiza\u021biile s\u0103 func\u021bioneze mai eficient prin crearea de noi modalit\u0103\u021bi de lucru \u0219i noi parteneriate. Fiind noi \u00een\u0219ine antreprenori, ne sprijinim clien\u021bii s\u0103 \u00ee\u0219i dezvolte&#8230;<\/p>\n","protected":false},"author":2,"featured_media":11486,"parent":0,"menu_order":0,"comment_status":"closed","ping_status":"closed","template":"","meta":{"_acf_changed":false,"inline_featured_image":false,"footnotes":""},"class_list":["post-7276","page","type-page","status-publish","has-post-thumbnail","hentry"],"acf":[],"yoast_head":"<!-- This site is optimized with the Yoast SEO plugin v27.1.1 - https:\/\/yoast.com\/product\/yoast-seo-wordpress\/ -->\n<title>Ce Facem Noi - hrmforce<\/title>\n<meta name=\"robots\" content=\"index, follow, max-snippet:-1, max-image-preview:large, max-video-preview:-1\" \/>\n<link rel=\"canonical\" href=\"https:\/\/hrmforce.com\/ro\/ce-facem-noi\/\" \/>\n<meta property=\"og:locale\" content=\"ro_RO\" \/>\n<meta property=\"og:type\" content=\"article\" \/>\n<meta property=\"og:title\" content=\"Ce Facem Noi - hrmforce\" \/>\n<meta property=\"og:description\" content=\"[vc_row css_animation=&#8221;&#8221; row_type=&#8221;row&#8221; use_row_as_full_screen_section=&#8221;no&#8221; type=&#8221;full_width&#8221; angled_section=&#8221;no&#8221; text_align=&#8221;left&#8221; background_image_as_pattern=&#8221;without_pattern&#8221; el_class=&#8221;rij1&#8243; z_index=&#8221;&#8221;][vc_column][vc_column_text] hrmforce \u00cen calitate de furnizor lider de software HRM, ajut\u0103m organiza\u021biile s\u0103 func\u021bioneze mai eficient prin crearea de noi modalit\u0103\u021bi de lucru \u0219i noi parteneriate. Fiind noi \u00een\u0219ine antreprenori, ne sprijinim clien\u021bii s\u0103 \u00ee\u0219i dezvolte...\" \/>\n<meta property=\"og:url\" content=\"https:\/\/hrmforce.com\/ro\/ce-facem-noi\/\" \/>\n<meta property=\"og:site_name\" content=\"hrmforce\" \/>\n<meta property=\"article:publisher\" content=\"https:\/\/www.facebook.com\/hrmforceNL\/\" \/>\n<meta property=\"article:modified_time\" content=\"2022-11-29T14:57:43+00:00\" \/>\n<meta property=\"og:image\" content=\"https:\/\/hrmforce.com\/wp-content\/uploads\/2020\/07\/no-image.jpg\" \/>\n\t<meta property=\"og:image:width\" content=\"1024\" \/>\n\t<meta property=\"og:image:height\" content=\"683\" \/>\n\t<meta property=\"og:image:type\" content=\"image\/jpeg\" \/>\n<meta name=\"twitter:card\" content=\"summary_large_image\" \/>\n<meta name=\"twitter:label1\" content=\"Timp estimat pentru citire\" \/>\n\t<meta name=\"twitter:data1\" content=\"1 minut\" \/>\n<script type=\"application\/ld+json\" class=\"yoast-schema-graph\">{\"@context\":\"https:\/\/schema.org\",\"@graph\":[{\"@type\":\"WebPage\",\"@id\":\"https:\/\/hrmforce.com\/ro\/ce-facem-noi\/\",\"url\":\"https:\/\/hrmforce.com\/ro\/ce-facem-noi\/\",\"name\":\"Ce Facem Noi - hrmforce\",\"isPartOf\":{\"@id\":\"https:\/\/hrmforce.com\/ro\/#website\"},\"primaryImageOfPage\":{\"@id\":\"https:\/\/hrmforce.com\/ro\/ce-facem-noi\/#primaryimage\"},\"image\":{\"@id\":\"https:\/\/hrmforce.com\/ro\/ce-facem-noi\/#primaryimage\"},\"thumbnailUrl\":\"https:\/\/hrmforce.com\/wp-content\/uploads\/2020\/07\/no-image.jpg\",\"datePublished\":\"2017-02-12T18:02:38+00:00\",\"dateModified\":\"2022-11-29T14:57:43+00:00\",\"breadcrumb\":{\"@id\":\"https:\/\/hrmforce.com\/ro\/ce-facem-noi\/#breadcrumb\"},\"inLanguage\":\"ro-RO\",\"potentialAction\":[{\"@type\":\"ReadAction\",\"target\":[\"https:\/\/hrmforce.com\/ro\/ce-facem-noi\/\"]}]},{\"@type\":\"ImageObject\",\"inLanguage\":\"ro-RO\",\"@id\":\"https:\/\/hrmforce.com\/ro\/ce-facem-noi\/#primaryimage\",\"url\":\"https:\/\/hrmforce.com\/wp-content\/uploads\/2020\/07\/no-image.jpg\",\"contentUrl\":\"https:\/\/hrmforce.com\/wp-content\/uploads\/2020\/07\/no-image.jpg\",\"width\":1024,\"height\":683,\"caption\":\"Human resources management concept business man selecting virtual interface\"},{\"@type\":\"BreadcrumbList\",\"@id\":\"https:\/\/hrmforce.com\/ro\/ce-facem-noi\/#breadcrumb\",\"itemListElement\":[{\"@type\":\"ListItem\",\"position\":1,\"name\":\"Home\",\"item\":\"https:\/\/hrmforce.com\/ro\/\"},{\"@type\":\"ListItem\",\"position\":2,\"name\":\"Ce Facem Noi\"}]},{\"@type\":\"WebSite\",\"@id\":\"https:\/\/hrmforce.com\/ro\/#website\",\"url\":\"https:\/\/hrmforce.com\/ro\/\",\"name\":\"hrmforce\",\"description\":\"people \u2022 performance \u2022 analytics\",\"publisher\":{\"@id\":\"https:\/\/hrmforce.com\/ro\/#organization\"},\"potentialAction\":[{\"@type\":\"SearchAction\",\"target\":{\"@type\":\"EntryPoint\",\"urlTemplate\":\"https:\/\/hrmforce.com\/ro\/?s={search_term_string}\"},\"query-input\":{\"@type\":\"PropertyValueSpecification\",\"valueRequired\":true,\"valueName\":\"search_term_string\"}}],\"inLanguage\":\"ro-RO\"},{\"@type\":\"Organization\",\"@id\":\"https:\/\/hrmforce.com\/ro\/#organization\",\"name\":\"hrmforce\",\"url\":\"https:\/\/hrmforce.com\/ro\/\",\"logo\":{\"@type\":\"ImageObject\",\"inLanguage\":\"ro-RO\",\"@id\":\"https:\/\/hrmforce.com\/ro\/#\/schema\/logo\/image\/\",\"url\":\"https:\/\/hrmforce.com\/wp-content\/uploads\/2018\/08\/logo-hrmforce.png\",\"contentUrl\":\"https:\/\/hrmforce.com\/wp-content\/uploads\/2018\/08\/logo-hrmforce.png\",\"width\":833,\"height\":189,\"caption\":\"hrmforce\"},\"image\":{\"@id\":\"https:\/\/hrmforce.com\/ro\/#\/schema\/logo\/image\/\"},\"sameAs\":[\"https:\/\/www.facebook.com\/hrmforceNL\/\",\"https:\/\/www.linkedin.com\/company\/hrmforce\/\"]}]}<\/script>\n<!-- \/ Yoast SEO plugin. -->","yoast_head_json":{"title":"Ce Facem Noi - hrmforce","robots":{"index":"index","follow":"follow","max-snippet":"max-snippet:-1","max-image-preview":"max-image-preview:large","max-video-preview":"max-video-preview:-1"},"canonical":"https:\/\/hrmforce.com\/ro\/ce-facem-noi\/","og_locale":"ro_RO","og_type":"article","og_title":"Ce Facem Noi - hrmforce","og_description":"[vc_row css_animation=&#8221;&#8221; row_type=&#8221;row&#8221; use_row_as_full_screen_section=&#8221;no&#8221; type=&#8221;full_width&#8221; angled_section=&#8221;no&#8221; text_align=&#8221;left&#8221; background_image_as_pattern=&#8221;without_pattern&#8221; el_class=&#8221;rij1&#8243; z_index=&#8221;&#8221;][vc_column][vc_column_text] hrmforce \u00cen calitate de furnizor lider de software HRM, ajut\u0103m organiza\u021biile s\u0103 func\u021bioneze mai eficient prin crearea de noi modalit\u0103\u021bi de lucru \u0219i noi parteneriate. Fiind noi \u00een\u0219ine antreprenori, ne sprijinim clien\u021bii s\u0103 \u00ee\u0219i dezvolte...","og_url":"https:\/\/hrmforce.com\/ro\/ce-facem-noi\/","og_site_name":"hrmforce","article_publisher":"https:\/\/www.facebook.com\/hrmforceNL\/","article_modified_time":"2022-11-29T14:57:43+00:00","og_image":[{"width":1024,"height":683,"url":"https:\/\/hrmforce.com\/wp-content\/uploads\/2020\/07\/no-image.jpg","type":"image\/jpeg"}],"twitter_card":"summary_large_image","twitter_misc":{"Timp estimat pentru citire":"1 minut"},"schema":{"@context":"https:\/\/schema.org","@graph":[{"@type":"WebPage","@id":"https:\/\/hrmforce.com\/ro\/ce-facem-noi\/","url":"https:\/\/hrmforce.com\/ro\/ce-facem-noi\/","name":"Ce Facem Noi - hrmforce","isPartOf":{"@id":"https:\/\/hrmforce.com\/ro\/#website"},"primaryImageOfPage":{"@id":"https:\/\/hrmforce.com\/ro\/ce-facem-noi\/#primaryimage"},"image":{"@id":"https:\/\/hrmforce.com\/ro\/ce-facem-noi\/#primaryimage"},"thumbnailUrl":"https:\/\/hrmforce.com\/wp-content\/uploads\/2020\/07\/no-image.jpg","datePublished":"2017-02-12T18:02:38+00:00","dateModified":"2022-11-29T14:57:43+00:00","breadcrumb":{"@id":"https:\/\/hrmforce.com\/ro\/ce-facem-noi\/#breadcrumb"},"inLanguage":"ro-RO","potentialAction":[{"@type":"ReadAction","target":["https:\/\/hrmforce.com\/ro\/ce-facem-noi\/"]}]},{"@type":"ImageObject","inLanguage":"ro-RO","@id":"https:\/\/hrmforce.com\/ro\/ce-facem-noi\/#primaryimage","url":"https:\/\/hrmforce.com\/wp-content\/uploads\/2020\/07\/no-image.jpg","contentUrl":"https:\/\/hrmforce.com\/wp-content\/uploads\/2020\/07\/no-image.jpg","width":1024,"height":683,"caption":"Human resources management concept business man selecting virtual interface"},{"@type":"BreadcrumbList","@id":"https:\/\/hrmforce.com\/ro\/ce-facem-noi\/#breadcrumb","itemListElement":[{"@type":"ListItem","position":1,"name":"Home","item":"https:\/\/hrmforce.com\/ro\/"},{"@type":"ListItem","position":2,"name":"Ce Facem Noi"}]},{"@type":"WebSite","@id":"https:\/\/hrmforce.com\/ro\/#website","url":"https:\/\/hrmforce.com\/ro\/","name":"hrmforce","description":"people \u2022 performance \u2022 analytics","publisher":{"@id":"https:\/\/hrmforce.com\/ro\/#organization"},"potentialAction":[{"@type":"SearchAction","target":{"@type":"EntryPoint","urlTemplate":"https:\/\/hrmforce.com\/ro\/?s={search_term_string}"},"query-input":{"@type":"PropertyValueSpecification","valueRequired":true,"valueName":"search_term_string"}}],"inLanguage":"ro-RO"},{"@type":"Organization","@id":"https:\/\/hrmforce.com\/ro\/#organization","name":"hrmforce","url":"https:\/\/hrmforce.com\/ro\/","logo":{"@type":"ImageObject","inLanguage":"ro-RO","@id":"https:\/\/hrmforce.com\/ro\/#\/schema\/logo\/image\/","url":"https:\/\/hrmforce.com\/wp-content\/uploads\/2018\/08\/logo-hrmforce.png","contentUrl":"https:\/\/hrmforce.com\/wp-content\/uploads\/2018\/08\/logo-hrmforce.png","width":833,"height":189,"caption":"hrmforce"},"image":{"@id":"https:\/\/hrmforce.com\/ro\/#\/schema\/logo\/image\/"},"sameAs":["https:\/\/www.facebook.com\/hrmforceNL\/","https:\/\/www.linkedin.com\/company\/hrmforce\/"]}]}},"_links":{"self":[{"href":"https:\/\/hrmforce.com\/ro\/wp-json\/wp\/v2\/pages\/7276","targetHints":{"allow":["GET"]}}],"collection":[{"href":"https:\/\/hrmforce.com\/ro\/wp-json\/wp\/v2\/pages"}],"about":[{"href":"https:\/\/hrmforce.com\/ro\/wp-json\/wp\/v2\/types\/page"}],"author":[{"embeddable":true,"href":"https:\/\/hrmforce.com\/ro\/wp-json\/wp\/v2\/users\/2"}],"replies":[{"embeddable":true,"href":"https:\/\/hrmforce.com\/ro\/wp-json\/wp\/v2\/comments?post=7276"}],"version-history":[{"count":0,"href":"https:\/\/hrmforce.com\/ro\/wp-json\/wp\/v2\/pages\/7276\/revisions"}],"wp:featuredmedia":[{"embeddable":true,"href":"https:\/\/hrmforce.com\/ro\/wp-json\/wp\/v2\/media\/11486"}],"wp:attachment":[{"href":"https:\/\/hrmforce.com\/ro\/wp-json\/wp\/v2\/media?parent=7276"}],"curies":[{"name":"wp","href":"https:\/\/api.w.org\/{rel}","templated":true}]}}