{"id":7287,"date":"2017-02-16T14:11:12","date_gmt":"2017-02-16T14:11:12","guid":{"rendered":"https:\/\/hrmforce.com\/?page_id=7287\/"},"modified":"2020-09-13T20:51:22","modified_gmt":"2020-09-13T20:51:22","slug":"asistenta","status":"publish","type":"page","link":"https:\/\/hrmforce.com\/ro\/asistenta\/","title":{"rendered":"ASISTEN\u0162\u0102"},"content":{"rendered":"<div class=\"wpb-content-wrapper\"><p>[vc_row css_animation=&#8221;&#8221; row_type=&#8221;row&#8221; use_row_as_full_screen_section=&#8221;no&#8221; type=&#8221;full_width&#8221; angled_section=&#8221;no&#8221; text_align=&#8221;left&#8221; background_image_as_pattern=&#8221;without_pattern&#8221;][vc_column][vc_column_text]<\/p>\n<h2>ASISTEN\u0162\u0102<\/h2>\n<p>Solu\u0163ia HrmForce reprezint\u0103 un aspect important al afacerii dumneavoastr\u0103 \u015fi de aceea v\u0103 oferim asisten\u0163\u0103 de calitate pentru investi\u0163ia dumneavoastr\u0103. \u00cen cazul \u00een care ave\u0163i o \u00eentrebare sau o problem\u0103, suntem preg\u0103ti\u0163i s\u0103 v\u0103 ajut\u0103m imediat. \u00cen cazul \u00een care nu beneficia\u0163i \u00eenc\u0103 de asisten\u0163\u0103 din partea noastr\u0103, departamentul nostru de rela\u0163ii cu clien\u0163ii v\u0103 st\u0103 la dispozi\u0163ie. Ne pute\u0163i contacta la num\u0103rul de telefon +40 728 909 301, de luni p\u00e2n\u0103 vineri, \u00eentre orele 09:00 &#8211; 17:30.[\/vc_column_text][\/vc_column][\/vc_row][vc_row css_animation=&#8221;&#8221; row_type=&#8221;row&#8221; use_row_as_full_screen_section=&#8221;no&#8221; type=&#8221;full_width&#8221; angled_section=&#8221;no&#8221; text_align=&#8221;left&#8221; background_image_as_pattern=&#8221;without_pattern&#8221;][vc_column width=&#8221;1\/4&#8243;][vc_column_text]<br \/>\n<i class=\"fa fa-commenting\" style=\"font-size: 100px; color: #1578ba;\"><\/i><\/p>\n<h1>Asisten\u0163a clien\u0163ilor<\/h1>\n<p>Solu\u0163ia HrmForce reprezint\u0103 un aspect important al afacerii dumneavoastr\u0103 \u015fi de aceea v\u0103 oferim asisten\u0163\u0103 de calitate pentru investi\u0163ia dumneavoastr\u0103. \u00cen cazul \u00een care ave\u0163i o \u00eentrebare sau o problem\u0103, suntem preg\u0103ti\u0163i s\u0103 v\u0103 ajut\u0103m imediat.<\/p>\n<p>Beneficii ale asisten\u0163ei<br \/>\n&#8211; ajutor imediat \u00een caz de \u00eentreb\u0103ri sau probleme<br \/>\n&#8211; acces la asisten\u0163\u0103 \u015fi informare online<br \/>\n&#8211; notificarea actualiz\u0103rilor disponibile pentru software<br \/>\n&#8211; informarea dumneavoastr\u0103 continu\u0103 cu privire la cele mai recente modific\u0103ri legislative<br \/>\n&#8211; oferte avantajoase pentru noile linii de produse.<\/p>\n<p>Op\u0163iuni de asisten\u0163\u0103<br \/>\nOdat\u0103 cu achizi\u0163ionarea pachetului HrmForce, dumneavoastr\u0103 \u00eencheia\u0163i, \u00een mod automat, un contract HrmForce de mentenan\u0163\u0103. Acest contract are menirea de a adapta, la perfec\u0163ie, solu\u0163ia noastr\u0103 la nevoile organiza\u0163iei dumneavoastr\u0103. Contractul se refer\u0103 la:<br \/>\n&#8211; asisten\u0163a telefonic\u0103<br \/>\n&#8211; dreptul dumneavoastr\u0103 de a p\u0103stra software-ul c\u00e2nd folosi\u0163i un hardware nou<br \/>\n&#8211; oferte de noi linii de produse<br \/>\n&#8211; notificarea actualiz\u0103rilor programelor informatice<br \/>\n&#8211; op\u0163iuni de asisten\u0163\u0103 a clientului<br \/>\n&#8211; explicarea facturii dumneavoastr\u0103<br \/>\n&#8211; solicitarea unei copii a facturii emise[\/col]<\/p>\n<p>[\/vc_column_text][\/vc_column][vc_column width=&#8221;1\/4&#8243;][vc_column_text]<i class=\"fa fa-desktop\" style=\"font-size: 100px; color: #1578ba;\"><\/i><\/p>\n<h1>Asisten\u0163\u0103 online<\/h1>\n<p>Testa\u0163i accesibilitatea noastr\u0103 online. 24 de ore pe zi ave\u0163i acces la asisten\u0163\u0103 \u015fi informa\u0163ii despre produse. \u00cen acela\u015fi timp, \u00een afara orelor de program ale departamentului nostru de rela\u0163ii cu clien\u0163i, pute\u0163i g\u0103si online o solu\u0163ie pentru \u00eentreb\u0103rile sau problemele dumneavoastr\u0103.<\/p>\n<p>Portalul de asisten\u0163\u0103<br \/>\nClien\u0163ii care au \u00eencheiat un contact cu noi, pot accesa oric\u00e2nd portalul de asisten\u0163\u0103 HrmForce. Acest portal v\u0103 ofer\u0103:<br \/>\n&#8211; informa\u0163ii<br \/>\n&#8211; texte de ajutor<br \/>\n&#8211; actualiz\u0103ri ale produselor<br \/>\n&#8211; \u015ftiri despre produse<br \/>\n&#8211; manualul utilizatorului[\/col]<\/p>\n<p>[\/vc_column_text][\/vc_column][vc_column width=&#8221;1\/4&#8243;][vc_column_text]<i class=\"fa fa-download\" style=\"font-size: 100px; color: #1578ba;\"><\/i><\/p>\n<h1>Actualiz\u0103rile produselor<\/h1>\n<p>Afacerea dumneavoastr\u0103 nu st\u0103 niciodat\u0103 pe loc. Nici HrmForce nu o face. De aceea, ne actualiz\u0103m \u00een permanen\u0163\u0103 programele informatice de solu\u0163ii \u00een afaceri. Acest fapt v\u0103 permite s\u0103 fi\u0163i la curent cu acestea, folosindu-v\u0103 programul informatic la nivel optim. V\u0103 punem la dispozi\u0163ie actualiz\u0103ri regulate a produselor noastre, de mai multe ori pe an.<\/p>\n<p>Func\u0163ii noi \u015fi \u00eembun\u0103t\u0103\u0163ite<br \/>\nCu fiecare actualizare, \u00eembun\u0103t\u0103\u0163im modul de utilizare a programului de\u0163inut de dumneavoastr\u0103. Func\u0163iile actuale sunt deja \u00eembun\u0103t\u0103\u0163ite \u015fi, \u00een majoritatea cazurilor, sunt ad\u0103ugate deja altele noi.<\/p>\n<p>Etapa de lansare controlat\u0103<br \/>\n\u00cenainte de a pune la dispozi\u0163ie o actualizare pentru to\u0163i clien\u0163ii, un grup selec\u0163ionat dintre ace\u015ftia lucreaz\u0103 pentru un interval considerabil de timp cu respectiva actualizare, sub supravegherea noastr\u0103. \u00cen aceast\u0103 etap\u0103 de lansare controlat\u0103, monitoriz\u0103m dac\u0103 actualizarea se ridic\u0103 la cerin\u0163ele pie\u0163ei.[\/vc_column_text][\/vc_column][vc_column width=&#8221;1\/4&#8243;][vc_column_text]<i class=\"fa fa-wrench\" style=\"font-size: 100px; color: #1578ba;\"><\/i><\/p>\n<h1>Dezvoltarea produselor<\/h1>\n<p>Aici, la HrmForce, dezvolt\u0103m programul pentru managementul resurselor umane pe baza feedback-ului primit de la clien\u0163ii no\u015ftri. Pe l\u00e2ng\u0103 acesta, \u0163inem cont \u015fi de evolu\u0163iile relevante ale pie\u0163ei. Pentru a v\u0103 men\u0163ine la curent sau pentru a da chiar dumneavoastr\u0103 feedback, pute\u0163i face urm\u0103toarele:<\/p>\n<p>Da\u0163i feedback !<br \/>\n\u00cen procesul de creare a software-ului, suntem foarte aten\u0163i la dorin\u0163ele \u015fi experien\u0163ele clien\u0163ilor no\u015ftri. Astfel, le putem oferi o solu\u0163ie adaptat\u0103 nevoilor acestora. De aceea, ne-am bucura s\u0103 v\u0103 auzim sugestiile \u015fi experien\u0163ele. \u00cen calitate de client, ne pute\u0163i contacta prin op\u0163iunea de feedback al clientului:<br \/>\nTransmite\u0163i feedback-ul dumneavoastr\u0103 unui angajat HrmForce. Acesta va demara procesul pentru dumneavoastr\u0103, cre\u00e2nd o cerere de feedback pentru o solu\u0163ie.<br \/>\nCererea dumneavoastr\u0103 va fi \u00eenregistrat\u0103 \u015fi \u00eenaintat\u0103 speciali\u015ftilor no\u015ftri.<br \/>\nAce\u015ftia vor analiza cererea \u015fi rezultatul vi se va aduce la cuno\u015ftin\u0163\u0103.<br \/>\n\u00cen acest fel, ve\u0163i \u015fti exact ce se \u00eent\u00e2mpl\u0103 cu sugestia dumneavoastr\u0103.<\/p>\n<p>Criteriile de implementare a feedback-ului<br \/>\nPentru a stabili ce sugestii vom folosi pentru software-ul viitor, am identificat urm\u0103toarele criterii:<br \/>\n&#8211; Primim acela\u015fi feedback \u015fi de la al\u0163i clien\u0163i?<br \/>\n&#8211; Vor beneficia \u015fi al\u0163i clien\u0163i de sugestia dumneavoastr\u0103?<br \/>\n&#8211; Care sunt tendin\u0163ele actuale ale pie\u0163ei \u015fi tehnologiei?<br \/>\n&#8211; Este posibil\u0103 procesarea feedback-ului dumneavoastr\u0103 \u00een conformitate cu regulamentele \u015fi legisla\u0163ia \u00een vigoare?<br \/>\n\u00cen acest fel, putem evalua modul \u00een care sugestia dumneavoastr\u0103 va fi util\u0103 \u015fi pentru restul clien\u0163ilor no\u015ftri.[\/vc_column_text][\/vc_column][\/vc_row]<\/p>\n<\/div>","protected":false},"excerpt":{"rendered":"<p>[vc_row css_animation=&#8221;&#8221; row_type=&#8221;row&#8221; use_row_as_full_screen_section=&#8221;no&#8221; type=&#8221;full_width&#8221; angled_section=&#8221;no&#8221; text_align=&#8221;left&#8221; background_image_as_pattern=&#8221;without_pattern&#8221;][vc_column][vc_column_text] ASISTEN\u0162\u0102 Solu\u0163ia HrmForce reprezint\u0103 un aspect important al afacerii dumneavoastr\u0103 \u015fi de aceea v\u0103 oferim asisten\u0163\u0103 de calitate pentru investi\u0163ia dumneavoastr\u0103. \u00cen cazul \u00een care ave\u0163i o \u00eentrebare sau o problem\u0103, suntem preg\u0103ti\u0163i s\u0103 v\u0103 ajut\u0103m imediat&#8230;.<\/p>\n","protected":false},"author":2,"featured_media":11486,"parent":0,"menu_order":0,"comment_status":"closed","ping_status":"closed","template":"","meta":{"_acf_changed":false,"inline_featured_image":false,"footnotes":""},"class_list":["post-7287","page","type-page","status-publish","has-post-thumbnail","hentry"],"acf":[],"yoast_head":"<!-- This site is optimized with the Yoast SEO plugin v27.1.1 - https:\/\/yoast.com\/product\/yoast-seo-wordpress\/ -->\n<title>ASISTEN\u0162\u0102 - hrmforce<\/title>\n<meta name=\"robots\" content=\"index, follow, max-snippet:-1, max-image-preview:large, max-video-preview:-1\" \/>\n<link rel=\"canonical\" href=\"https:\/\/hrmforce.com\/ro\/asistenta\/\" \/>\n<meta property=\"og:locale\" content=\"ro_RO\" \/>\n<meta property=\"og:type\" content=\"article\" \/>\n<meta property=\"og:title\" content=\"ASISTEN\u0162\u0102 - hrmforce\" \/>\n<meta property=\"og:description\" content=\"[vc_row css_animation=&#8221;&#8221; row_type=&#8221;row&#8221; use_row_as_full_screen_section=&#8221;no&#8221; type=&#8221;full_width&#8221; angled_section=&#8221;no&#8221; text_align=&#8221;left&#8221; background_image_as_pattern=&#8221;without_pattern&#8221;][vc_column][vc_column_text] ASISTEN\u0162\u0102 Solu\u0163ia HrmForce reprezint\u0103 un aspect important al afacerii dumneavoastr\u0103 \u015fi de aceea v\u0103 oferim asisten\u0163\u0103 de calitate pentru investi\u0163ia dumneavoastr\u0103. \u00cen cazul \u00een care ave\u0163i o \u00eentrebare sau o problem\u0103, suntem preg\u0103ti\u0163i s\u0103 v\u0103 ajut\u0103m imediat....\" \/>\n<meta property=\"og:url\" content=\"https:\/\/hrmforce.com\/ro\/asistenta\/\" \/>\n<meta property=\"og:site_name\" content=\"hrmforce\" \/>\n<meta property=\"article:publisher\" content=\"https:\/\/www.facebook.com\/hrmforceNL\/\" \/>\n<meta property=\"article:modified_time\" content=\"2020-09-13T20:51:22+00:00\" \/>\n<meta property=\"og:image\" content=\"https:\/\/hrmforce.com\/wp-content\/uploads\/2020\/07\/no-image.jpg\" \/>\n\t<meta property=\"og:image:width\" content=\"1024\" \/>\n\t<meta property=\"og:image:height\" content=\"683\" \/>\n\t<meta property=\"og:image:type\" content=\"image\/jpeg\" \/>\n<meta name=\"twitter:card\" content=\"summary_large_image\" \/>\n<meta name=\"twitter:label1\" content=\"Timp estimat pentru citire\" \/>\n\t<meta name=\"twitter:data1\" content=\"5 minute\" \/>\n<script type=\"application\/ld+json\" class=\"yoast-schema-graph\">{\"@context\":\"https:\/\/schema.org\",\"@graph\":[{\"@type\":\"WebPage\",\"@id\":\"https:\/\/hrmforce.com\/ro\/asistenta\/\",\"url\":\"https:\/\/hrmforce.com\/ro\/asistenta\/\",\"name\":\"ASISTEN\u0162\u0102 - hrmforce\",\"isPartOf\":{\"@id\":\"https:\/\/hrmforce.com\/ro\/#website\"},\"primaryImageOfPage\":{\"@id\":\"https:\/\/hrmforce.com\/ro\/asistenta\/#primaryimage\"},\"image\":{\"@id\":\"https:\/\/hrmforce.com\/ro\/asistenta\/#primaryimage\"},\"thumbnailUrl\":\"https:\/\/hrmforce.com\/wp-content\/uploads\/2020\/07\/no-image.jpg\",\"datePublished\":\"2017-02-16T14:11:12+00:00\",\"dateModified\":\"2020-09-13T20:51:22+00:00\",\"breadcrumb\":{\"@id\":\"https:\/\/hrmforce.com\/ro\/asistenta\/#breadcrumb\"},\"inLanguage\":\"ro-RO\",\"potentialAction\":[{\"@type\":\"ReadAction\",\"target\":[\"https:\/\/hrmforce.com\/ro\/asistenta\/\"]}]},{\"@type\":\"ImageObject\",\"inLanguage\":\"ro-RO\",\"@id\":\"https:\/\/hrmforce.com\/ro\/asistenta\/#primaryimage\",\"url\":\"https:\/\/hrmforce.com\/wp-content\/uploads\/2020\/07\/no-image.jpg\",\"contentUrl\":\"https:\/\/hrmforce.com\/wp-content\/uploads\/2020\/07\/no-image.jpg\",\"width\":1024,\"height\":683,\"caption\":\"Human resources management concept business man selecting virtual interface\"},{\"@type\":\"BreadcrumbList\",\"@id\":\"https:\/\/hrmforce.com\/ro\/asistenta\/#breadcrumb\",\"itemListElement\":[{\"@type\":\"ListItem\",\"position\":1,\"name\":\"Home\",\"item\":\"https:\/\/hrmforce.com\/ro\/\"},{\"@type\":\"ListItem\",\"position\":2,\"name\":\"ASISTEN\u0162\u0102\"}]},{\"@type\":\"WebSite\",\"@id\":\"https:\/\/hrmforce.com\/ro\/#website\",\"url\":\"https:\/\/hrmforce.com\/ro\/\",\"name\":\"hrmforce\",\"description\":\"people \u2022 performance \u2022 analytics\",\"publisher\":{\"@id\":\"https:\/\/hrmforce.com\/ro\/#organization\"},\"potentialAction\":[{\"@type\":\"SearchAction\",\"target\":{\"@type\":\"EntryPoint\",\"urlTemplate\":\"https:\/\/hrmforce.com\/ro\/?s={search_term_string}\"},\"query-input\":{\"@type\":\"PropertyValueSpecification\",\"valueRequired\":true,\"valueName\":\"search_term_string\"}}],\"inLanguage\":\"ro-RO\"},{\"@type\":\"Organization\",\"@id\":\"https:\/\/hrmforce.com\/ro\/#organization\",\"name\":\"hrmforce\",\"url\":\"https:\/\/hrmforce.com\/ro\/\",\"logo\":{\"@type\":\"ImageObject\",\"inLanguage\":\"ro-RO\",\"@id\":\"https:\/\/hrmforce.com\/ro\/#\/schema\/logo\/image\/\",\"url\":\"https:\/\/hrmforce.com\/wp-content\/uploads\/2018\/08\/logo-hrmforce.png\",\"contentUrl\":\"https:\/\/hrmforce.com\/wp-content\/uploads\/2018\/08\/logo-hrmforce.png\",\"width\":833,\"height\":189,\"caption\":\"hrmforce\"},\"image\":{\"@id\":\"https:\/\/hrmforce.com\/ro\/#\/schema\/logo\/image\/\"},\"sameAs\":[\"https:\/\/www.facebook.com\/hrmforceNL\/\",\"https:\/\/www.linkedin.com\/company\/hrmforce\/\"]}]}<\/script>\n<!-- \/ Yoast SEO plugin. -->","yoast_head_json":{"title":"ASISTEN\u0162\u0102 - hrmforce","robots":{"index":"index","follow":"follow","max-snippet":"max-snippet:-1","max-image-preview":"max-image-preview:large","max-video-preview":"max-video-preview:-1"},"canonical":"https:\/\/hrmforce.com\/ro\/asistenta\/","og_locale":"ro_RO","og_type":"article","og_title":"ASISTEN\u0162\u0102 - hrmforce","og_description":"[vc_row css_animation=&#8221;&#8221; row_type=&#8221;row&#8221; use_row_as_full_screen_section=&#8221;no&#8221; type=&#8221;full_width&#8221; angled_section=&#8221;no&#8221; text_align=&#8221;left&#8221; background_image_as_pattern=&#8221;without_pattern&#8221;][vc_column][vc_column_text] ASISTEN\u0162\u0102 Solu\u0163ia HrmForce reprezint\u0103 un aspect important al afacerii dumneavoastr\u0103 \u015fi de aceea v\u0103 oferim asisten\u0163\u0103 de calitate pentru investi\u0163ia dumneavoastr\u0103. \u00cen cazul \u00een care ave\u0163i o \u00eentrebare sau o problem\u0103, suntem preg\u0103ti\u0163i s\u0103 v\u0103 ajut\u0103m imediat....","og_url":"https:\/\/hrmforce.com\/ro\/asistenta\/","og_site_name":"hrmforce","article_publisher":"https:\/\/www.facebook.com\/hrmforceNL\/","article_modified_time":"2020-09-13T20:51:22+00:00","og_image":[{"width":1024,"height":683,"url":"https:\/\/hrmforce.com\/wp-content\/uploads\/2020\/07\/no-image.jpg","type":"image\/jpeg"}],"twitter_card":"summary_large_image","twitter_misc":{"Timp estimat pentru citire":"5 minute"},"schema":{"@context":"https:\/\/schema.org","@graph":[{"@type":"WebPage","@id":"https:\/\/hrmforce.com\/ro\/asistenta\/","url":"https:\/\/hrmforce.com\/ro\/asistenta\/","name":"ASISTEN\u0162\u0102 - hrmforce","isPartOf":{"@id":"https:\/\/hrmforce.com\/ro\/#website"},"primaryImageOfPage":{"@id":"https:\/\/hrmforce.com\/ro\/asistenta\/#primaryimage"},"image":{"@id":"https:\/\/hrmforce.com\/ro\/asistenta\/#primaryimage"},"thumbnailUrl":"https:\/\/hrmforce.com\/wp-content\/uploads\/2020\/07\/no-image.jpg","datePublished":"2017-02-16T14:11:12+00:00","dateModified":"2020-09-13T20:51:22+00:00","breadcrumb":{"@id":"https:\/\/hrmforce.com\/ro\/asistenta\/#breadcrumb"},"inLanguage":"ro-RO","potentialAction":[{"@type":"ReadAction","target":["https:\/\/hrmforce.com\/ro\/asistenta\/"]}]},{"@type":"ImageObject","inLanguage":"ro-RO","@id":"https:\/\/hrmforce.com\/ro\/asistenta\/#primaryimage","url":"https:\/\/hrmforce.com\/wp-content\/uploads\/2020\/07\/no-image.jpg","contentUrl":"https:\/\/hrmforce.com\/wp-content\/uploads\/2020\/07\/no-image.jpg","width":1024,"height":683,"caption":"Human resources management concept business man selecting virtual interface"},{"@type":"BreadcrumbList","@id":"https:\/\/hrmforce.com\/ro\/asistenta\/#breadcrumb","itemListElement":[{"@type":"ListItem","position":1,"name":"Home","item":"https:\/\/hrmforce.com\/ro\/"},{"@type":"ListItem","position":2,"name":"ASISTEN\u0162\u0102"}]},{"@type":"WebSite","@id":"https:\/\/hrmforce.com\/ro\/#website","url":"https:\/\/hrmforce.com\/ro\/","name":"hrmforce","description":"people \u2022 performance \u2022 analytics","publisher":{"@id":"https:\/\/hrmforce.com\/ro\/#organization"},"potentialAction":[{"@type":"SearchAction","target":{"@type":"EntryPoint","urlTemplate":"https:\/\/hrmforce.com\/ro\/?s={search_term_string}"},"query-input":{"@type":"PropertyValueSpecification","valueRequired":true,"valueName":"search_term_string"}}],"inLanguage":"ro-RO"},{"@type":"Organization","@id":"https:\/\/hrmforce.com\/ro\/#organization","name":"hrmforce","url":"https:\/\/hrmforce.com\/ro\/","logo":{"@type":"ImageObject","inLanguage":"ro-RO","@id":"https:\/\/hrmforce.com\/ro\/#\/schema\/logo\/image\/","url":"https:\/\/hrmforce.com\/wp-content\/uploads\/2018\/08\/logo-hrmforce.png","contentUrl":"https:\/\/hrmforce.com\/wp-content\/uploads\/2018\/08\/logo-hrmforce.png","width":833,"height":189,"caption":"hrmforce"},"image":{"@id":"https:\/\/hrmforce.com\/ro\/#\/schema\/logo\/image\/"},"sameAs":["https:\/\/www.facebook.com\/hrmforceNL\/","https:\/\/www.linkedin.com\/company\/hrmforce\/"]}]}},"_links":{"self":[{"href":"https:\/\/hrmforce.com\/ro\/wp-json\/wp\/v2\/pages\/7287","targetHints":{"allow":["GET"]}}],"collection":[{"href":"https:\/\/hrmforce.com\/ro\/wp-json\/wp\/v2\/pages"}],"about":[{"href":"https:\/\/hrmforce.com\/ro\/wp-json\/wp\/v2\/types\/page"}],"author":[{"embeddable":true,"href":"https:\/\/hrmforce.com\/ro\/wp-json\/wp\/v2\/users\/2"}],"replies":[{"embeddable":true,"href":"https:\/\/hrmforce.com\/ro\/wp-json\/wp\/v2\/comments?post=7287"}],"version-history":[{"count":0,"href":"https:\/\/hrmforce.com\/ro\/wp-json\/wp\/v2\/pages\/7287\/revisions"}],"wp:featuredmedia":[{"embeddable":true,"href":"https:\/\/hrmforce.com\/ro\/wp-json\/wp\/v2\/media\/11486"}],"wp:attachment":[{"href":"https:\/\/hrmforce.com\/ro\/wp-json\/wp\/v2\/media?parent=7287"}],"curies":[{"name":"wp","href":"https:\/\/api.w.org\/{rel}","templated":true}]}}