{"id":7504,"date":"2017-02-24T13:21:25","date_gmt":"2017-02-24T13:21:25","guid":{"rendered":"https:\/\/hrmforce.com\/home\/"},"modified":"2022-11-29T16:02:50","modified_gmt":"2022-11-29T15:02:50","slug":"home","status":"publish","type":"page","link":"https:\/\/hrmforce.com\/ro\/","title":{"rendered":"Home"},"content":{"rendered":"<div class=\"wpb-content-wrapper\"><p>[vc_row css_animation=&#8221;&#8221; row_type=&#8221;row&#8221; use_row_as_full_screen_section=&#8221;no&#8221; type=&#8221;grid&#8221; angled_section=&#8221;no&#8221; text_align=&#8221;left&#8221; background_image_as_pattern=&#8221;without_pattern&#8221; css=&#8221;.vc_custom_1644355495465{background-color: #f3f1f0 !important;}&#8221; z_index=&#8221;&#8221; el_class=&#8221;rij1home&#8221;][vc_column width=&#8221;3\/5&#8243;][vc_column_text css=&#8221;.vc_custom_1644354936424{margin-bottom: 20px !important;}&#8221;]<\/p>\n<h1>hrmforce<\/h1>\n<p>[\/vc_column_text][qode_content_slider auto_rotate=&#8221;5&#8243; direction_nav=&#8221;no&#8221; control_nav=&#8221;yes&#8221; pause_on_hover=&#8221;yes&#8221;][qode_content_slider_item][vc_column_text]<\/p>\n<h2>Profita\u021bi la maximum de angaja\u021bii dvs. cu software-ul nostru de gestionare a talentelor<\/h2>\n<p>[\/vc_column_text][\/qode_content_slider_item][qode_content_slider_item][vc_column_text]<\/p>\n<h2>Testa\u021bi-v\u0103 candida\u021bii cu ajutorul chestionarelor noastre<\/h2>\n<p>[\/vc_column_text][\/qode_content_slider_item][qode_content_slider_item][vc_column_text]<\/p>\n<h2>Dezvolta\u021bi-v\u0103 angaja\u021bii cu instrumentele noastre de dezvoltare<\/h2>\n<p>[\/vc_column_text][\/qode_content_slider_item][\/qode_content_slider]<a  itemprop=\"url\" href=\"https:\/\/hrmforce.com\/ro\/evaluare-online\/\" target=\"_self\"  class=\"qbutton  medium default\" style=\"color: #ffffff; background-color:#0e468c;\">Mai multe informa\u021bii<\/a>[\/vc_column][vc_column width=&#8221;2\/5&#8243;][\/vc_column][\/vc_row][vc_row row_type=&#8221;parallax&#8221; parallax_content_width=&#8221;in_grid&#8221; text_align=&#8221;left&#8221; full_screen_section_height=&#8221;no&#8221; css=&#8221;.vc_custom_1661337488811{background-color: #f3f1f0 !important;}&#8221; background_image=&#8221;16467&#8243; section_height=&#8221;500&#8243; parallax_speed=&#8221;2&#8243;][vc_column offset=&#8221;vc_hidden-xs&#8221;][\/vc_column][\/vc_row][vc_row css_animation=&#8221;&#8221; row_type=&#8221;row&#8221; use_row_as_full_screen_section=&#8221;no&#8221; type=&#8221;full_width&#8221; angled_section=&#8221;no&#8221; text_align=&#8221;left&#8221; background_image_as_pattern=&#8221;without_pattern&#8221; css=&#8221;.vc_custom_1646392917358{background-color: #f3f1f0 !important;}&#8221; z_index=&#8221;&#8221;][vc_column offset=&#8221;vc_hidden-lg vc_hidden-md vc_hidden-sm&#8221;][vc_single_image image=&#8221;16479&#8243; img_size=&#8221;full&#8221; qode_css_animation=&#8221;&#8221;][\/vc_column][\/vc_row][vc_row css_animation=&#8221;&#8221; row_type=&#8221;row&#8221; use_row_as_full_screen_section=&#8221;no&#8221; type=&#8221;grid&#8221; angled_section=&#8221;no&#8221; text_align=&#8221;center&#8221; background_image_as_pattern=&#8221;without_pattern&#8221; z_index=&#8221;&#8221; el_class=&#8221;bloklicht&#8221; css=&#8221;.vc_custom_1644243311764{background-color: #f3f1f0 !important;}&#8221;][vc_column css=&#8221;.vc_custom_1610307631595&#8243;][vc_row_inner row_type=&#8221;row&#8221; type=&#8221;full_width&#8221; text_align=&#8221;center&#8221; css_animation=&#8221;&#8221;][vc_column_inner width=&#8221;1\/6&#8243;][\/vc_column_inner][vc_column_inner width=&#8221;2\/3&#8243;][vc_column_text]<\/p>\n<h2 style=\"text-align: center;\" align=\"center\"><span lang=\"RO\">Complet \u0219i fiabil<\/span><\/h2>\n<p style=\"text-align: center;\" align=\"center\"><span lang=\"RO\">hrmforce este platforma de dezvoltare online cu cea mai rapid\u0103 cre\u0219tere pentru managementul talentelor, cu cea mai complet\u0103 gam\u0103 de evalu\u0103ri din \u021a\u0103rile de Jos. \u00centotdeauna unic\u0103, sus\u021binut\u0103 \u0219tiin\u021bific \u0219i cu evalu\u0103ri noi \u00een fiecare lun\u0103. Coaching personal, formare \u0219i transparen\u021b\u0103 la fiecare pas.<\/span><\/p>\n<p>[\/vc_column_text][\/vc_column_inner][vc_column_inner width=&#8221;1\/6&#8243;][\/vc_column_inner][\/vc_row_inner][vc_empty_space height=&#8221;50px&#8221;][vc_row_inner row_type=&#8221;row&#8221; type=&#8221;full_width&#8221; text_align=&#8221;left&#8221; css_animation=&#8221;&#8221; el_class=&#8221;rijdrieblokken&#8221;][vc_column_inner el_class=&#8221;kolomhome&#8221; width=&#8221;1\/3&#8243; el_id=&#8221;blok1&#8243;][vc_column_text]<\/p>\n<h3><span lang=\"RO\">Evalu\u0103ri<\/span><\/h3>\n<p>[\/vc_column_text][vc_column_text el_class=&#8221;kolomhometekst&#8221;]<span lang=\"RO\">Ideal pentru recrutarea \u0219i selec\u021bia de noi talente&#8230;<\/span>[\/vc_column_text]<a  itemprop=\"url\" href=\"https:\/\/hrmforce.com\/ro\/evaluare-online\/\" target=\"_self\"  class=\"qbutton  medium left default\" style=\"color: #0e468c; \">Vizualiza\u021bi evalu\u0103rile<\/a>[\/vc_column_inner][vc_column_inner el_class=&#8221;kolomhome&#8221; width=&#8221;1\/3&#8243; el_id=&#8221;blok2&#8243;][vc_column_text]<\/p>\n<h3><span lang=\"RO\">Solu\u021bii HRM<\/span><\/h3>\n<p>[\/vc_column_text][vc_column_text el_class=&#8221;kolomhometekst&#8221;]<span lang=\"RO\">Recrutare, Dezvoltare, Capacitate de angajare, TeamView &#8230;<\/span>[\/vc_column_text]<a  itemprop=\"url\" href=\"https:\/\/hrmforce.com\/ro\/solutii\/\" target=\"_self\"  class=\"qbutton  medium left default\" style=\"color: #0e468c; \">Vede\u021bi solu\u021biile<\/a>[\/vc_column_inner][vc_column_inner el_class=&#8221;kolomhome&#8221; width=&#8221;1\/3&#8243; el_id=&#8221;blok3&#8243;][vc_column_text]<\/p>\n<h3>Despre noi<\/h3>\n<p>[\/vc_column_text][vc_column_text el_class=&#8221;kolomhometekst&#8221;]Citi\u021bi mai multe despre noi \u0219i despre cum lucr\u0103m&#8230;[\/vc_column_text]<a  itemprop=\"url\" href=\"https:\/\/hrmforce.com\/ro\/hrmforce\/ce-facem-noi\/\" target=\"_self\"  class=\"qbutton  medium left default\" style=\"color: #0e468c; \">Mai multe despre noi<\/a>[\/vc_column_inner][\/vc_row_inner][vc_empty_space height=&#8221;100px&#8221;][\/vc_column][\/vc_row]<\/p>\n<\/div>","protected":false},"excerpt":{"rendered":"<p>[vc_row css_animation=&#8221;&#8221; row_type=&#8221;row&#8221; use_row_as_full_screen_section=&#8221;no&#8221; type=&#8221;grid&#8221; angled_section=&#8221;no&#8221; text_align=&#8221;left&#8221; background_image_as_pattern=&#8221;without_pattern&#8221; css=&#8221;.vc_custom_1644355495465{background-color: #f3f1f0 !important;}&#8221; z_index=&#8221;&#8221; el_class=&#8221;rij1home&#8221;][vc_column width=&#8221;3\/5&#8243;][vc_column_text css=&#8221;.vc_custom_1644354936424{margin-bottom: 20px !important;}&#8221;] hrmforce [\/vc_column_text][qode_content_slider auto_rotate=&#8221;5&#8243; direction_nav=&#8221;no&#8221; control_nav=&#8221;yes&#8221; pause_on_hover=&#8221;yes&#8221;][qode_content_slider_item][vc_column_text] Profita\u021bi la maximum de angaja\u021bii dvs. cu software-ul nostru de gestionare a talentelor [\/vc_column_text][\/qode_content_slider_item][qode_content_slider_item][vc_column_text] Testa\u021bi-v\u0103 candida\u021bii cu ajutorul chestionarelor noastre [\/vc_column_text][\/qode_content_slider_item][qode_content_slider_item][vc_column_text] Dezvolta\u021bi-v\u0103&#8230;<\/p>\n","protected":false},"author":2,"featured_media":11486,"parent":0,"menu_order":0,"comment_status":"closed","ping_status":"closed","template":"full_width.php","meta":{"_acf_changed":false,"inline_featured_image":false,"footnotes":""},"class_list":["post-7504","page","type-page","status-publish","has-post-thumbnail","hentry"],"acf":[],"yoast_head":"<!-- This site is optimized with the Yoast SEO plugin v27.1.1 - https:\/\/yoast.com\/product\/yoast-seo-wordpress\/ -->\n<title>Home - hrmforce<\/title>\n<meta name=\"robots\" content=\"index, follow, max-snippet:-1, max-image-preview:large, max-video-preview:-1\" \/>\n<link rel=\"canonical\" href=\"https:\/\/hrmforce.com\/ro\/\" \/>\n<meta property=\"og:locale\" content=\"ro_RO\" \/>\n<meta property=\"og:type\" content=\"article\" \/>\n<meta property=\"og:title\" content=\"Home - hrmforce\" \/>\n<meta property=\"og:description\" content=\"[vc_row css_animation=&#8221;&#8221; row_type=&#8221;row&#8221; use_row_as_full_screen_section=&#8221;no&#8221; type=&#8221;grid&#8221; angled_section=&#8221;no&#8221; text_align=&#8221;left&#8221; background_image_as_pattern=&#8221;without_pattern&#8221; css=&#8221;.vc_custom_1644355495465{background-color: #f3f1f0 !important;}&#8221; z_index=&#8221;&#8221; el_class=&#8221;rij1home&#8221;][vc_column width=&#8221;3\/5&#8243;][vc_column_text css=&#8221;.vc_custom_1644354936424{margin-bottom: 20px !important;}&#8221;] hrmforce [\/vc_column_text][qode_content_slider auto_rotate=&#8221;5&#8243; direction_nav=&#8221;no&#8221; control_nav=&#8221;yes&#8221; pause_on_hover=&#8221;yes&#8221;][qode_content_slider_item][vc_column_text] Profita\u021bi la maximum de angaja\u021bii dvs. cu software-ul nostru de gestionare a talentelor [\/vc_column_text][\/qode_content_slider_item][qode_content_slider_item][vc_column_text] Testa\u021bi-v\u0103 candida\u021bii cu ajutorul chestionarelor noastre [\/vc_column_text][\/qode_content_slider_item][qode_content_slider_item][vc_column_text] Dezvolta\u021bi-v\u0103...\" \/>\n<meta property=\"og:url\" content=\"https:\/\/hrmforce.com\/ro\/\" \/>\n<meta property=\"og:site_name\" content=\"hrmforce\" \/>\n<meta property=\"article:publisher\" content=\"https:\/\/www.facebook.com\/hrmforceNL\/\" \/>\n<meta property=\"article:modified_time\" content=\"2022-11-29T15:02:50+00:00\" \/>\n<meta property=\"og:image\" content=\"https:\/\/hrmforce.com\/wp-content\/uploads\/2020\/07\/no-image.jpg\" \/>\n\t<meta property=\"og:image:width\" content=\"1024\" \/>\n\t<meta property=\"og:image:height\" content=\"683\" \/>\n\t<meta property=\"og:image:type\" content=\"image\/jpeg\" \/>\n<meta name=\"twitter:card\" content=\"summary_large_image\" \/>\n<meta name=\"twitter:label1\" content=\"Timp estimat pentru citire\" \/>\n\t<meta name=\"twitter:data1\" content=\"2 minute\" \/>\n<script type=\"application\/ld+json\" class=\"yoast-schema-graph\">{\"@context\":\"https:\/\/schema.org\",\"@graph\":[{\"@type\":\"WebPage\",\"@id\":\"https:\/\/hrmforce.com\/ro\/\",\"url\":\"https:\/\/hrmforce.com\/ro\/\",\"name\":\"Home - hrmforce\",\"isPartOf\":{\"@id\":\"https:\/\/hrmforce.com\/ro\/#website\"},\"primaryImageOfPage\":{\"@id\":\"https:\/\/hrmforce.com\/ro\/#primaryimage\"},\"image\":{\"@id\":\"https:\/\/hrmforce.com\/ro\/#primaryimage\"},\"thumbnailUrl\":\"https:\/\/hrmforce.com\/wp-content\/uploads\/2020\/07\/no-image.jpg\",\"datePublished\":\"2017-02-24T13:21:25+00:00\",\"dateModified\":\"2022-11-29T15:02:50+00:00\",\"breadcrumb\":{\"@id\":\"https:\/\/hrmforce.com\/ro\/#breadcrumb\"},\"inLanguage\":\"ro-RO\",\"potentialAction\":[{\"@type\":\"ReadAction\",\"target\":[\"https:\/\/hrmforce.com\/ro\/\"]}]},{\"@type\":\"ImageObject\",\"inLanguage\":\"ro-RO\",\"@id\":\"https:\/\/hrmforce.com\/ro\/#primaryimage\",\"url\":\"https:\/\/hrmforce.com\/wp-content\/uploads\/2020\/07\/no-image.jpg\",\"contentUrl\":\"https:\/\/hrmforce.com\/wp-content\/uploads\/2020\/07\/no-image.jpg\",\"width\":1024,\"height\":683,\"caption\":\"Human resources management concept business man selecting virtual interface\"},{\"@type\":\"BreadcrumbList\",\"@id\":\"https:\/\/hrmforce.com\/ro\/#breadcrumb\",\"itemListElement\":[{\"@type\":\"ListItem\",\"position\":1,\"name\":\"Home\",\"item\":\"https:\/\/hrmforce.com\/ro\/\"},{\"@type\":\"ListItem\",\"position\":2,\"name\":\"Home\"}]},{\"@type\":\"WebSite\",\"@id\":\"https:\/\/hrmforce.com\/ro\/#website\",\"url\":\"https:\/\/hrmforce.com\/ro\/\",\"name\":\"hrmforce\",\"description\":\"people \u2022 performance \u2022 analytics\",\"publisher\":{\"@id\":\"https:\/\/hrmforce.com\/ro\/#organization\"},\"potentialAction\":[{\"@type\":\"SearchAction\",\"target\":{\"@type\":\"EntryPoint\",\"urlTemplate\":\"https:\/\/hrmforce.com\/ro\/?s={search_term_string}\"},\"query-input\":{\"@type\":\"PropertyValueSpecification\",\"valueRequired\":true,\"valueName\":\"search_term_string\"}}],\"inLanguage\":\"ro-RO\"},{\"@type\":\"Organization\",\"@id\":\"https:\/\/hrmforce.com\/ro\/#organization\",\"name\":\"hrmforce\",\"url\":\"https:\/\/hrmforce.com\/ro\/\",\"logo\":{\"@type\":\"ImageObject\",\"inLanguage\":\"ro-RO\",\"@id\":\"https:\/\/hrmforce.com\/ro\/#\/schema\/logo\/image\/\",\"url\":\"https:\/\/hrmforce.com\/wp-content\/uploads\/2018\/08\/logo-hrmforce.png\",\"contentUrl\":\"https:\/\/hrmforce.com\/wp-content\/uploads\/2018\/08\/logo-hrmforce.png\",\"width\":833,\"height\":189,\"caption\":\"hrmforce\"},\"image\":{\"@id\":\"https:\/\/hrmforce.com\/ro\/#\/schema\/logo\/image\/\"},\"sameAs\":[\"https:\/\/www.facebook.com\/hrmforceNL\/\",\"https:\/\/www.linkedin.com\/company\/hrmforce\/\"]}]}<\/script>\n<!-- \/ Yoast SEO plugin. -->","yoast_head_json":{"title":"Home - hrmforce","robots":{"index":"index","follow":"follow","max-snippet":"max-snippet:-1","max-image-preview":"max-image-preview:large","max-video-preview":"max-video-preview:-1"},"canonical":"https:\/\/hrmforce.com\/ro\/","og_locale":"ro_RO","og_type":"article","og_title":"Home - hrmforce","og_description":"[vc_row css_animation=&#8221;&#8221; row_type=&#8221;row&#8221; use_row_as_full_screen_section=&#8221;no&#8221; type=&#8221;grid&#8221; angled_section=&#8221;no&#8221; text_align=&#8221;left&#8221; background_image_as_pattern=&#8221;without_pattern&#8221; css=&#8221;.vc_custom_1644355495465{background-color: #f3f1f0 !important;}&#8221; z_index=&#8221;&#8221; el_class=&#8221;rij1home&#8221;][vc_column width=&#8221;3\/5&#8243;][vc_column_text css=&#8221;.vc_custom_1644354936424{margin-bottom: 20px !important;}&#8221;] hrmforce [\/vc_column_text][qode_content_slider auto_rotate=&#8221;5&#8243; direction_nav=&#8221;no&#8221; control_nav=&#8221;yes&#8221; pause_on_hover=&#8221;yes&#8221;][qode_content_slider_item][vc_column_text] Profita\u021bi la maximum de angaja\u021bii dvs. cu software-ul nostru de gestionare a talentelor [\/vc_column_text][\/qode_content_slider_item][qode_content_slider_item][vc_column_text] Testa\u021bi-v\u0103 candida\u021bii cu ajutorul chestionarelor noastre [\/vc_column_text][\/qode_content_slider_item][qode_content_slider_item][vc_column_text] Dezvolta\u021bi-v\u0103...","og_url":"https:\/\/hrmforce.com\/ro\/","og_site_name":"hrmforce","article_publisher":"https:\/\/www.facebook.com\/hrmforceNL\/","article_modified_time":"2022-11-29T15:02:50+00:00","og_image":[{"width":1024,"height":683,"url":"https:\/\/hrmforce.com\/wp-content\/uploads\/2020\/07\/no-image.jpg","type":"image\/jpeg"}],"twitter_card":"summary_large_image","twitter_misc":{"Timp estimat pentru citire":"2 minute"},"schema":{"@context":"https:\/\/schema.org","@graph":[{"@type":"WebPage","@id":"https:\/\/hrmforce.com\/ro\/","url":"https:\/\/hrmforce.com\/ro\/","name":"Home - hrmforce","isPartOf":{"@id":"https:\/\/hrmforce.com\/ro\/#website"},"primaryImageOfPage":{"@id":"https:\/\/hrmforce.com\/ro\/#primaryimage"},"image":{"@id":"https:\/\/hrmforce.com\/ro\/#primaryimage"},"thumbnailUrl":"https:\/\/hrmforce.com\/wp-content\/uploads\/2020\/07\/no-image.jpg","datePublished":"2017-02-24T13:21:25+00:00","dateModified":"2022-11-29T15:02:50+00:00","breadcrumb":{"@id":"https:\/\/hrmforce.com\/ro\/#breadcrumb"},"inLanguage":"ro-RO","potentialAction":[{"@type":"ReadAction","target":["https:\/\/hrmforce.com\/ro\/"]}]},{"@type":"ImageObject","inLanguage":"ro-RO","@id":"https:\/\/hrmforce.com\/ro\/#primaryimage","url":"https:\/\/hrmforce.com\/wp-content\/uploads\/2020\/07\/no-image.jpg","contentUrl":"https:\/\/hrmforce.com\/wp-content\/uploads\/2020\/07\/no-image.jpg","width":1024,"height":683,"caption":"Human resources management concept business man selecting virtual interface"},{"@type":"BreadcrumbList","@id":"https:\/\/hrmforce.com\/ro\/#breadcrumb","itemListElement":[{"@type":"ListItem","position":1,"name":"Home","item":"https:\/\/hrmforce.com\/ro\/"},{"@type":"ListItem","position":2,"name":"Home"}]},{"@type":"WebSite","@id":"https:\/\/hrmforce.com\/ro\/#website","url":"https:\/\/hrmforce.com\/ro\/","name":"hrmforce","description":"people \u2022 performance \u2022 analytics","publisher":{"@id":"https:\/\/hrmforce.com\/ro\/#organization"},"potentialAction":[{"@type":"SearchAction","target":{"@type":"EntryPoint","urlTemplate":"https:\/\/hrmforce.com\/ro\/?s={search_term_string}"},"query-input":{"@type":"PropertyValueSpecification","valueRequired":true,"valueName":"search_term_string"}}],"inLanguage":"ro-RO"},{"@type":"Organization","@id":"https:\/\/hrmforce.com\/ro\/#organization","name":"hrmforce","url":"https:\/\/hrmforce.com\/ro\/","logo":{"@type":"ImageObject","inLanguage":"ro-RO","@id":"https:\/\/hrmforce.com\/ro\/#\/schema\/logo\/image\/","url":"https:\/\/hrmforce.com\/wp-content\/uploads\/2018\/08\/logo-hrmforce.png","contentUrl":"https:\/\/hrmforce.com\/wp-content\/uploads\/2018\/08\/logo-hrmforce.png","width":833,"height":189,"caption":"hrmforce"},"image":{"@id":"https:\/\/hrmforce.com\/ro\/#\/schema\/logo\/image\/"},"sameAs":["https:\/\/www.facebook.com\/hrmforceNL\/","https:\/\/www.linkedin.com\/company\/hrmforce\/"]}]}},"_links":{"self":[{"href":"https:\/\/hrmforce.com\/ro\/wp-json\/wp\/v2\/pages\/7504","targetHints":{"allow":["GET"]}}],"collection":[{"href":"https:\/\/hrmforce.com\/ro\/wp-json\/wp\/v2\/pages"}],"about":[{"href":"https:\/\/hrmforce.com\/ro\/wp-json\/wp\/v2\/types\/page"}],"author":[{"embeddable":true,"href":"https:\/\/hrmforce.com\/ro\/wp-json\/wp\/v2\/users\/2"}],"replies":[{"embeddable":true,"href":"https:\/\/hrmforce.com\/ro\/wp-json\/wp\/v2\/comments?post=7504"}],"version-history":[{"count":0,"href":"https:\/\/hrmforce.com\/ro\/wp-json\/wp\/v2\/pages\/7504\/revisions"}],"wp:featuredmedia":[{"embeddable":true,"href":"https:\/\/hrmforce.com\/ro\/wp-json\/wp\/v2\/media\/11486"}],"wp:attachment":[{"href":"https:\/\/hrmforce.com\/ro\/wp-json\/wp\/v2\/media?parent=7504"}],"curies":[{"name":"wp","href":"https:\/\/api.w.org\/{rel}","templated":true}]}}