{"id":19014,"date":"2023-02-13T08:30:52","date_gmt":"2023-02-13T07:30:52","guid":{"rendered":"https:\/\/hrmforce.com\/product\/big-fifty-personality\/"},"modified":"2021-03-10T14:08:52","modified_gmt":"2021-03-10T13:08:52","slug":"big-fifty-personality","status":"publish","type":"product","link":"https:\/\/hrmforce.com\/ro\/shop\/hrmforce-ro\/big-fifty-personality\/","title":{"rendered":"Big Fifty Personality"},"content":{"rendered":"<p>Acesta este un chestionar online de personalitate.<br \/>\nAcest instrument indic\u0103 scorurile candidatului \u00een func\u021bie de cei cinci factori de personalitate cei mai importan\u021bi pentru comportamentul \u00een situa\u021bii de munc\u0103, Big Five (Nevrozism, Extraversiune, Deschidere, Agreabilitate \u0219i Con\u0219tiinciozitate).<br \/>\n\u00cen raportul de personalitate Big Fifty, profilul de personalitate este tradus \u00een competen\u021be.<br \/>\nPentru fiecare competen\u021b\u0103, este indicat\u0103 m\u0103sura \u00een care angajatul poate dezvolta competen\u021ba respectiv\u0103, av\u00e2nd \u00een vedere personalitatea sa. Efectuarea testului dureaz\u0103 aproximativ 20 de minute.<br \/>\nNB:<br \/>\nTOATE PRE\u021aURILE INCLUD CHESTIONARUL (CHESTIONARELE) DE BAZ\u0102 \u0218I COSTURILE DE MANIPULARE, DE SERVICII \u0218I DE ADMINISTRARE.<br \/>\nPENTRU CANTIT\u0102\u021aI MAI MARI SAU PENTRU PROPRIUL PORTAL DE TESTARE, V\u0102 RUG\u0102M S\u0102 NE CONTACTA\u021aI LA +31 88 88 321 88 SAU SERVICE@HRMFORCE.COM.<\/p>\n","protected":false},"excerpt":{"rendered":"<p>Acesta este un chestionar online de personalitate.<br \/>\nAcest instrument indic\u0103 scorurile candidatului \u00een func\u021bie de cei cinci factori de personalitate cei mai importan\u021bi pentru comportamentul \u00een situa\u021bii de munc\u0103, Big Five (Nevrozism, Extraversiune, Deschidere, Agreabilitate \u0219i Con\u0219tiinciozitate). \u00cen raportul de personalitate Big Fifty , profilul de personalitate este tradus \u00een competen\u021be.<\/p>\n<p>Pentru fiecare competen\u021b\u0103, este indicat\u0103 m\u0103sura \u00een care angajatul poate dezvolta competen\u021ba respectiv\u0103, av\u00e2nd \u00een vedere personalitatea sa.<br \/>\nEfectuarea testului dureaz\u0103 aproximativ 20 de minute.<\/p>\n","protected":false},"featured_media":8858,"template":"","meta":{"_acf_changed":false,"inline_featured_image":false},"product_brand":[],"product_cat":[977,935,976,936,937],"product_tag":[],"class_list":{"0":"post-19014","1":"product","2":"type-product","3":"status-publish","4":"has-post-thumbnail","6":"product_cat-dezvoltare","7":"product_cat-hrmforce-ro","8":"product_cat-mobilitate","9":"product_cat-personalitate","10":"product_cat-selectie-ro","12":"first","13":"instock","14":"taxable","15":"shipping-taxable","16":"purchasable","17":"product-type-simple"},"acf":[],"yoast_head":"<!-- This site is optimized with the Yoast SEO plugin v27.1.1 - https:\/\/yoast.com\/product\/yoast-seo-wordpress\/ -->\n<title>Big Fifty Personality - hrmforce<\/title>\n<meta name=\"robots\" content=\"index, follow, max-snippet:-1, max-image-preview:large, max-video-preview:-1\" \/>\n<link rel=\"canonical\" href=\"https:\/\/hrmforce.com\/ro\/shop\/hrmforce-ro\/big-fifty-personality\/\" \/>\n<meta property=\"og:locale\" content=\"ro_RO\" \/>\n<meta property=\"og:type\" content=\"article\" \/>\n<meta property=\"og:title\" content=\"Big Fifty Personality - hrmforce\" \/>\n<meta property=\"og:description\" content=\"Acesta este un chestionar online de personalitate. Acest instrument indic\u0103 scorurile candidatului \u00een func\u021bie de cei cinci factori de personalitate cei mai importan\u021bi pentru comportamentul \u00een situa\u021bii de munc\u0103, Big Five (Nevrozism, Extraversiune, Deschidere, Agreabilitate \u0219i Con\u0219tiinciozitate). \u00cen raportul de personalitate Big Fifty , profilul de personalitate este tradus \u00een competen\u021be.  Pentru fiecare competen\u021b\u0103, este indicat\u0103 m\u0103sura \u00een care angajatul poate dezvolta competen\u021ba respectiv\u0103, av\u00e2nd \u00een vedere personalitatea sa. Efectuarea testului dureaz\u0103 aproximativ 20 de minute.\" \/>\n<meta property=\"og:url\" content=\"https:\/\/hrmforce.com\/ro\/shop\/hrmforce-ro\/big-fifty-personality\/\" \/>\n<meta property=\"og:site_name\" content=\"hrmforce\" \/>\n<meta property=\"article:publisher\" content=\"https:\/\/www.facebook.com\/hrmforceNL\/\" \/>\n<meta property=\"og:image\" content=\"https:\/\/hrmforce.com\/wp-content\/uploads\/2017\/02\/Big-fifty-icon.png\" \/>\n\t<meta property=\"og:image:width\" content=\"220\" \/>\n\t<meta property=\"og:image:height\" content=\"220\" \/>\n\t<meta property=\"og:image:type\" content=\"image\/png\" \/>\n<meta name=\"twitter:card\" content=\"summary_large_image\" \/>\n<meta name=\"twitter:label1\" content=\"Timp estimat pentru citire\" \/>\n\t<meta name=\"twitter:data1\" content=\"1 minut\" \/>\n<script type=\"application\/ld+json\" class=\"yoast-schema-graph\">{\"@context\":\"https:\/\/schema.org\",\"@graph\":[{\"@type\":\"WebPage\",\"@id\":\"https:\/\/hrmforce.com\/ro\/shop\/hrmforce-ro\/big-fifty-personality\/\",\"url\":\"https:\/\/hrmforce.com\/ro\/shop\/hrmforce-ro\/big-fifty-personality\/\",\"name\":\"Big Fifty Personality - hrmforce\",\"isPartOf\":{\"@id\":\"https:\/\/hrmforce.com\/ro\/#website\"},\"primaryImageOfPage\":{\"@id\":\"https:\/\/hrmforce.com\/ro\/shop\/hrmforce-ro\/big-fifty-personality\/#primaryimage\"},\"image\":{\"@id\":\"https:\/\/hrmforce.com\/ro\/shop\/hrmforce-ro\/big-fifty-personality\/#primaryimage\"},\"thumbnailUrl\":\"https:\/\/hrmforce.com\/wp-content\/uploads\/2017\/02\/Big-fifty-icon.png\",\"datePublished\":\"2023-02-13T07:30:52+00:00\",\"breadcrumb\":{\"@id\":\"https:\/\/hrmforce.com\/ro\/shop\/hrmforce-ro\/big-fifty-personality\/#breadcrumb\"},\"inLanguage\":\"ro-RO\",\"potentialAction\":[{\"@type\":\"ReadAction\",\"target\":[\"https:\/\/hrmforce.com\/ro\/shop\/hrmforce-ro\/big-fifty-personality\/\"]}]},{\"@type\":\"ImageObject\",\"inLanguage\":\"ro-RO\",\"@id\":\"https:\/\/hrmforce.com\/ro\/shop\/hrmforce-ro\/big-fifty-personality\/#primaryimage\",\"url\":\"https:\/\/hrmforce.com\/wp-content\/uploads\/2017\/02\/Big-fifty-icon.png\",\"contentUrl\":\"https:\/\/hrmforce.com\/wp-content\/uploads\/2017\/02\/Big-fifty-icon.png\",\"width\":220,\"height\":220,\"caption\":\"big fifty persoonlijkheidstest icon\"},{\"@type\":\"BreadcrumbList\",\"@id\":\"https:\/\/hrmforce.com\/ro\/shop\/hrmforce-ro\/big-fifty-personality\/#breadcrumb\",\"itemListElement\":[{\"@type\":\"ListItem\",\"position\":1,\"name\":\"Home\",\"item\":\"https:\/\/hrmforce.com\/ro\/\"},{\"@type\":\"ListItem\",\"position\":2,\"name\":\"Shop\",\"item\":\"https:\/\/hrmforce.com\/ro\/shop\/\"},{\"@type\":\"ListItem\",\"position\":3,\"name\":\"Big Fifty Personality\"}]},{\"@type\":\"WebSite\",\"@id\":\"https:\/\/hrmforce.com\/ro\/#website\",\"url\":\"https:\/\/hrmforce.com\/ro\/\",\"name\":\"hrmforce\",\"description\":\"people \u2022 performance \u2022 analytics\",\"publisher\":{\"@id\":\"https:\/\/hrmforce.com\/ro\/#organization\"},\"potentialAction\":[{\"@type\":\"SearchAction\",\"target\":{\"@type\":\"EntryPoint\",\"urlTemplate\":\"https:\/\/hrmforce.com\/ro\/?s={search_term_string}\"},\"query-input\":{\"@type\":\"PropertyValueSpecification\",\"valueRequired\":true,\"valueName\":\"search_term_string\"}}],\"inLanguage\":\"ro-RO\"},{\"@type\":\"Organization\",\"@id\":\"https:\/\/hrmforce.com\/ro\/#organization\",\"name\":\"hrmforce\",\"url\":\"https:\/\/hrmforce.com\/ro\/\",\"logo\":{\"@type\":\"ImageObject\",\"inLanguage\":\"ro-RO\",\"@id\":\"https:\/\/hrmforce.com\/ro\/#\/schema\/logo\/image\/\",\"url\":\"https:\/\/hrmforce.com\/wp-content\/uploads\/2018\/08\/logo-hrmforce.png\",\"contentUrl\":\"https:\/\/hrmforce.com\/wp-content\/uploads\/2018\/08\/logo-hrmforce.png\",\"width\":833,\"height\":189,\"caption\":\"hrmforce\"},\"image\":{\"@id\":\"https:\/\/hrmforce.com\/ro\/#\/schema\/logo\/image\/\"},\"sameAs\":[\"https:\/\/www.facebook.com\/hrmforceNL\/\",\"https:\/\/www.linkedin.com\/company\/hrmforce\/\"]}]}<\/script>\n<!-- \/ Yoast SEO plugin. -->","yoast_head_json":{"title":"Big Fifty Personality - hrmforce","robots":{"index":"index","follow":"follow","max-snippet":"max-snippet:-1","max-image-preview":"max-image-preview:large","max-video-preview":"max-video-preview:-1"},"canonical":"https:\/\/hrmforce.com\/ro\/shop\/hrmforce-ro\/big-fifty-personality\/","og_locale":"ro_RO","og_type":"article","og_title":"Big Fifty Personality - hrmforce","og_description":"Acesta este un chestionar online de personalitate. Acest instrument indic\u0103 scorurile candidatului \u00een func\u021bie de cei cinci factori de personalitate cei mai importan\u021bi pentru comportamentul \u00een situa\u021bii de munc\u0103, Big Five (Nevrozism, Extraversiune, Deschidere, Agreabilitate \u0219i Con\u0219tiinciozitate). \u00cen raportul de personalitate Big Fifty , profilul de personalitate este tradus \u00een competen\u021be.  Pentru fiecare competen\u021b\u0103, este indicat\u0103 m\u0103sura \u00een care angajatul poate dezvolta competen\u021ba respectiv\u0103, av\u00e2nd \u00een vedere personalitatea sa. Efectuarea testului dureaz\u0103 aproximativ 20 de minute.","og_url":"https:\/\/hrmforce.com\/ro\/shop\/hrmforce-ro\/big-fifty-personality\/","og_site_name":"hrmforce","article_publisher":"https:\/\/www.facebook.com\/hrmforceNL\/","og_image":[{"width":220,"height":220,"url":"https:\/\/hrmforce.com\/wp-content\/uploads\/2017\/02\/Big-fifty-icon.png","type":"image\/png"}],"twitter_card":"summary_large_image","twitter_misc":{"Timp estimat pentru citire":"1 minut"},"schema":{"@context":"https:\/\/schema.org","@graph":[{"@type":"WebPage","@id":"https:\/\/hrmforce.com\/ro\/shop\/hrmforce-ro\/big-fifty-personality\/","url":"https:\/\/hrmforce.com\/ro\/shop\/hrmforce-ro\/big-fifty-personality\/","name":"Big Fifty Personality - hrmforce","isPartOf":{"@id":"https:\/\/hrmforce.com\/ro\/#website"},"primaryImageOfPage":{"@id":"https:\/\/hrmforce.com\/ro\/shop\/hrmforce-ro\/big-fifty-personality\/#primaryimage"},"image":{"@id":"https:\/\/hrmforce.com\/ro\/shop\/hrmforce-ro\/big-fifty-personality\/#primaryimage"},"thumbnailUrl":"https:\/\/hrmforce.com\/wp-content\/uploads\/2017\/02\/Big-fifty-icon.png","datePublished":"2023-02-13T07:30:52+00:00","breadcrumb":{"@id":"https:\/\/hrmforce.com\/ro\/shop\/hrmforce-ro\/big-fifty-personality\/#breadcrumb"},"inLanguage":"ro-RO","potentialAction":[{"@type":"ReadAction","target":["https:\/\/hrmforce.com\/ro\/shop\/hrmforce-ro\/big-fifty-personality\/"]}]},{"@type":"ImageObject","inLanguage":"ro-RO","@id":"https:\/\/hrmforce.com\/ro\/shop\/hrmforce-ro\/big-fifty-personality\/#primaryimage","url":"https:\/\/hrmforce.com\/wp-content\/uploads\/2017\/02\/Big-fifty-icon.png","contentUrl":"https:\/\/hrmforce.com\/wp-content\/uploads\/2017\/02\/Big-fifty-icon.png","width":220,"height":220,"caption":"big fifty persoonlijkheidstest icon"},{"@type":"BreadcrumbList","@id":"https:\/\/hrmforce.com\/ro\/shop\/hrmforce-ro\/big-fifty-personality\/#breadcrumb","itemListElement":[{"@type":"ListItem","position":1,"name":"Home","item":"https:\/\/hrmforce.com\/ro\/"},{"@type":"ListItem","position":2,"name":"Shop","item":"https:\/\/hrmforce.com\/ro\/shop\/"},{"@type":"ListItem","position":3,"name":"Big Fifty Personality"}]},{"@type":"WebSite","@id":"https:\/\/hrmforce.com\/ro\/#website","url":"https:\/\/hrmforce.com\/ro\/","name":"hrmforce","description":"people \u2022 performance \u2022 analytics","publisher":{"@id":"https:\/\/hrmforce.com\/ro\/#organization"},"potentialAction":[{"@type":"SearchAction","target":{"@type":"EntryPoint","urlTemplate":"https:\/\/hrmforce.com\/ro\/?s={search_term_string}"},"query-input":{"@type":"PropertyValueSpecification","valueRequired":true,"valueName":"search_term_string"}}],"inLanguage":"ro-RO"},{"@type":"Organization","@id":"https:\/\/hrmforce.com\/ro\/#organization","name":"hrmforce","url":"https:\/\/hrmforce.com\/ro\/","logo":{"@type":"ImageObject","inLanguage":"ro-RO","@id":"https:\/\/hrmforce.com\/ro\/#\/schema\/logo\/image\/","url":"https:\/\/hrmforce.com\/wp-content\/uploads\/2018\/08\/logo-hrmforce.png","contentUrl":"https:\/\/hrmforce.com\/wp-content\/uploads\/2018\/08\/logo-hrmforce.png","width":833,"height":189,"caption":"hrmforce"},"image":{"@id":"https:\/\/hrmforce.com\/ro\/#\/schema\/logo\/image\/"},"sameAs":["https:\/\/www.facebook.com\/hrmforceNL\/","https:\/\/www.linkedin.com\/company\/hrmforce\/"]}]}},"_links":{"self":[{"href":"https:\/\/hrmforce.com\/ro\/wp-json\/wp\/v2\/product\/19014","targetHints":{"allow":["GET"]}}],"collection":[{"href":"https:\/\/hrmforce.com\/ro\/wp-json\/wp\/v2\/product"}],"about":[{"href":"https:\/\/hrmforce.com\/ro\/wp-json\/wp\/v2\/types\/product"}],"wp:featuredmedia":[{"embeddable":true,"href":"https:\/\/hrmforce.com\/ro\/wp-json\/wp\/v2\/media\/8858"}],"wp:attachment":[{"href":"https:\/\/hrmforce.com\/ro\/wp-json\/wp\/v2\/media?parent=19014"}],"wp:term":[{"taxonomy":"product_brand","embeddable":true,"href":"https:\/\/hrmforce.com\/ro\/wp-json\/wp\/v2\/product_brand?post=19014"},{"taxonomy":"product_cat","embeddable":true,"href":"https:\/\/hrmforce.com\/ro\/wp-json\/wp\/v2\/product_cat?post=19014"},{"taxonomy":"product_tag","embeddable":true,"href":"https:\/\/hrmforce.com\/ro\/wp-json\/wp\/v2\/product_tag?post=19014"}],"curies":[{"name":"wp","href":"https:\/\/api.w.org\/{rel}","templated":true}]}}