{"id":19015,"date":"2023-02-13T08:35:11","date_gmt":"2023-02-13T07:35:11","guid":{"rendered":"https:\/\/hrmforce.com\/product\/ability-analysis\/"},"modified":"2021-03-10T14:00:11","modified_gmt":"2021-03-10T13:00:11","slug":"ability-analysis","status":"publish","type":"product","link":"https:\/\/hrmforce.com\/ro\/shop\/hrmforce-ro\/ability-analysis\/","title":{"rendered":"Ability Analysis"},"content":{"rendered":"<p>Testele de aptitudini s-au dovedit a fi cei mai eficien\u021bi predictori ai succesului la locul de munc\u0103.<br \/>\nAnaliza abilit\u0103\u021bilor, este un test de capacitate cognitiv\u0103 care m\u0103soar\u0103 c\u00e2t de repede poate cineva s\u0103 \u00een\u021beleag\u0103 problemele, s\u0103 fac\u0103 judec\u0103\u021bi, s\u0103 \u00eenve\u021be lucruri noi etc. Cu fiecare \u00eentrebare, candidatul este provocat suplimentar, astfel \u00eenc\u00e2t \u00eentreb\u0103rile nu sunt u\u0219or prea u\u0219oare sau prea dificile.<br \/>\nNB:<br \/>\nTOATE PRE\u021aURILE INCLUD CHESTIONARUL (CHESTIONARELE) DE BAZ\u0102 \u0218I INCLUD COSTURILE DE MANIPULARE, DE SERVICII \u0218I DE ADMINISTRARE.<br \/>\nPENTRU CANTIT\u0102\u021aI MAI MARI SAU PENTRU PROPRIUL PORTAL DE TESTARE, V\u0102 RUG\u0102M S\u0102 NE CONTACTA\u021aI LA +31 88 88 321 88 SAU SERVICE@HRMFORCE.COM.<\/p>\n","protected":false},"excerpt":{"rendered":"<p>Testele de aptitudini s-au dovedit a fi cei mai eficien\u021bi predictori ai succesului la locul de munc\u0103. Analiza abilit\u0103\u021bilor, este un test de capacitate cognitiv\u0103 care m\u0103soar\u0103 c\u00e2t de repede poate cineva s\u0103 \u00een\u021beleag\u0103 problemele, s\u0103 fac\u0103 judec\u0103\u021bi, s\u0103 \u00eenve\u021be lucruri noi etc. Cu fiecare \u00eentrebare, candidatul este provocat suplimentar, astfel \u00eenc\u00e2t \u00eentreb\u0103rile nu sunt u\u0219or prea u\u0219oare sau prea dificile.<\/p>\n","protected":false},"featured_media":8849,"template":"","meta":{"_acf_changed":false,"inline_featured_image":false},"product_brand":[],"product_cat":[935,978,937],"product_tag":[],"class_list":{"0":"post-19015","1":"product","2":"type-product","3":"status-publish","4":"has-post-thumbnail","6":"product_cat-hrmforce-ro","7":"product_cat-inteligenta","8":"product_cat-selectie-ro","10":"first","11":"instock","12":"taxable","13":"shipping-taxable","14":"purchasable","15":"product-type-simple"},"acf":[],"yoast_head":"<!-- This site is optimized with the Yoast SEO plugin v27.1.1 - https:\/\/yoast.com\/product\/yoast-seo-wordpress\/ -->\n<title>Ability Analysis - hrmforce<\/title>\n<meta name=\"robots\" content=\"index, follow, max-snippet:-1, max-image-preview:large, max-video-preview:-1\" \/>\n<link rel=\"canonical\" href=\"https:\/\/hrmforce.com\/ro\/shop\/hrmforce-ro\/ability-analysis\/\" \/>\n<meta property=\"og:locale\" content=\"ro_RO\" \/>\n<meta property=\"og:type\" content=\"article\" \/>\n<meta property=\"og:title\" content=\"Ability Analysis - hrmforce\" \/>\n<meta property=\"og:description\" content=\"Testele de aptitudini s-au dovedit a fi cei mai eficien\u021bi predictori ai succesului la locul de munc\u0103. Analiza abilit\u0103\u021bilor, este un test de capacitate cognitiv\u0103 care m\u0103soar\u0103 c\u00e2t de repede poate cineva s\u0103 \u00een\u021beleag\u0103 problemele, s\u0103 fac\u0103 judec\u0103\u021bi, s\u0103 \u00eenve\u021be lucruri noi etc. Cu fiecare \u00eentrebare, candidatul este provocat suplimentar, astfel \u00eenc\u00e2t \u00eentreb\u0103rile nu sunt u\u0219or prea u\u0219oare sau prea dificile.\" \/>\n<meta property=\"og:url\" content=\"https:\/\/hrmforce.com\/ro\/shop\/hrmforce-ro\/ability-analysis\/\" \/>\n<meta property=\"og:site_name\" content=\"hrmforce\" \/>\n<meta property=\"article:publisher\" content=\"https:\/\/www.facebook.com\/hrmforceNL\/\" \/>\n<meta property=\"og:image\" content=\"https:\/\/hrmforce.com\/wp-content\/uploads\/2017\/02\/AbilityAnalysis-icon.png\" \/>\n\t<meta property=\"og:image:width\" content=\"220\" \/>\n\t<meta property=\"og:image:height\" content=\"220\" \/>\n\t<meta property=\"og:image:type\" content=\"image\/png\" \/>\n<meta name=\"twitter:card\" content=\"summary_large_image\" \/>\n<meta name=\"twitter:label1\" content=\"Timp estimat pentru citire\" \/>\n\t<meta name=\"twitter:data1\" content=\"1 minut\" \/>\n<script type=\"application\/ld+json\" class=\"yoast-schema-graph\">{\"@context\":\"https:\/\/schema.org\",\"@graph\":[{\"@type\":\"WebPage\",\"@id\":\"https:\/\/hrmforce.com\/ro\/shop\/hrmforce-ro\/ability-analysis\/\",\"url\":\"https:\/\/hrmforce.com\/ro\/shop\/hrmforce-ro\/ability-analysis\/\",\"name\":\"Ability Analysis - hrmforce\",\"isPartOf\":{\"@id\":\"https:\/\/hrmforce.com\/ro\/#website\"},\"primaryImageOfPage\":{\"@id\":\"https:\/\/hrmforce.com\/ro\/shop\/hrmforce-ro\/ability-analysis\/#primaryimage\"},\"image\":{\"@id\":\"https:\/\/hrmforce.com\/ro\/shop\/hrmforce-ro\/ability-analysis\/#primaryimage\"},\"thumbnailUrl\":\"https:\/\/hrmforce.com\/wp-content\/uploads\/2017\/02\/AbilityAnalysis-icon.png\",\"datePublished\":\"2023-02-13T07:35:11+00:00\",\"breadcrumb\":{\"@id\":\"https:\/\/hrmforce.com\/ro\/shop\/hrmforce-ro\/ability-analysis\/#breadcrumb\"},\"inLanguage\":\"ro-RO\",\"potentialAction\":[{\"@type\":\"ReadAction\",\"target\":[\"https:\/\/hrmforce.com\/ro\/shop\/hrmforce-ro\/ability-analysis\/\"]}]},{\"@type\":\"ImageObject\",\"inLanguage\":\"ro-RO\",\"@id\":\"https:\/\/hrmforce.com\/ro\/shop\/hrmforce-ro\/ability-analysis\/#primaryimage\",\"url\":\"https:\/\/hrmforce.com\/wp-content\/uploads\/2017\/02\/AbilityAnalysis-icon.png\",\"contentUrl\":\"https:\/\/hrmforce.com\/wp-content\/uploads\/2017\/02\/AbilityAnalysis-icon.png\",\"width\":220,\"height\":220},{\"@type\":\"BreadcrumbList\",\"@id\":\"https:\/\/hrmforce.com\/ro\/shop\/hrmforce-ro\/ability-analysis\/#breadcrumb\",\"itemListElement\":[{\"@type\":\"ListItem\",\"position\":1,\"name\":\"Home\",\"item\":\"https:\/\/hrmforce.com\/ro\/\"},{\"@type\":\"ListItem\",\"position\":2,\"name\":\"Shop\",\"item\":\"https:\/\/hrmforce.com\/ro\/shop\/\"},{\"@type\":\"ListItem\",\"position\":3,\"name\":\"Ability Analysis\"}]},{\"@type\":\"WebSite\",\"@id\":\"https:\/\/hrmforce.com\/ro\/#website\",\"url\":\"https:\/\/hrmforce.com\/ro\/\",\"name\":\"hrmforce\",\"description\":\"people \u2022 performance \u2022 analytics\",\"publisher\":{\"@id\":\"https:\/\/hrmforce.com\/ro\/#organization\"},\"potentialAction\":[{\"@type\":\"SearchAction\",\"target\":{\"@type\":\"EntryPoint\",\"urlTemplate\":\"https:\/\/hrmforce.com\/ro\/?s={search_term_string}\"},\"query-input\":{\"@type\":\"PropertyValueSpecification\",\"valueRequired\":true,\"valueName\":\"search_term_string\"}}],\"inLanguage\":\"ro-RO\"},{\"@type\":\"Organization\",\"@id\":\"https:\/\/hrmforce.com\/ro\/#organization\",\"name\":\"hrmforce\",\"url\":\"https:\/\/hrmforce.com\/ro\/\",\"logo\":{\"@type\":\"ImageObject\",\"inLanguage\":\"ro-RO\",\"@id\":\"https:\/\/hrmforce.com\/ro\/#\/schema\/logo\/image\/\",\"url\":\"https:\/\/hrmforce.com\/wp-content\/uploads\/2018\/08\/logo-hrmforce.png\",\"contentUrl\":\"https:\/\/hrmforce.com\/wp-content\/uploads\/2018\/08\/logo-hrmforce.png\",\"width\":833,\"height\":189,\"caption\":\"hrmforce\"},\"image\":{\"@id\":\"https:\/\/hrmforce.com\/ro\/#\/schema\/logo\/image\/\"},\"sameAs\":[\"https:\/\/www.facebook.com\/hrmforceNL\/\",\"https:\/\/www.linkedin.com\/company\/hrmforce\/\"]}]}<\/script>\n<!-- \/ Yoast SEO plugin. -->","yoast_head_json":{"title":"Ability Analysis - hrmforce","robots":{"index":"index","follow":"follow","max-snippet":"max-snippet:-1","max-image-preview":"max-image-preview:large","max-video-preview":"max-video-preview:-1"},"canonical":"https:\/\/hrmforce.com\/ro\/shop\/hrmforce-ro\/ability-analysis\/","og_locale":"ro_RO","og_type":"article","og_title":"Ability Analysis - hrmforce","og_description":"Testele de aptitudini s-au dovedit a fi cei mai eficien\u021bi predictori ai succesului la locul de munc\u0103. Analiza abilit\u0103\u021bilor, este un test de capacitate cognitiv\u0103 care m\u0103soar\u0103 c\u00e2t de repede poate cineva s\u0103 \u00een\u021beleag\u0103 problemele, s\u0103 fac\u0103 judec\u0103\u021bi, s\u0103 \u00eenve\u021be lucruri noi etc. Cu fiecare \u00eentrebare, candidatul este provocat suplimentar, astfel \u00eenc\u00e2t \u00eentreb\u0103rile nu sunt u\u0219or prea u\u0219oare sau prea dificile.","og_url":"https:\/\/hrmforce.com\/ro\/shop\/hrmforce-ro\/ability-analysis\/","og_site_name":"hrmforce","article_publisher":"https:\/\/www.facebook.com\/hrmforceNL\/","og_image":[{"width":220,"height":220,"url":"https:\/\/hrmforce.com\/wp-content\/uploads\/2017\/02\/AbilityAnalysis-icon.png","type":"image\/png"}],"twitter_card":"summary_large_image","twitter_misc":{"Timp estimat pentru citire":"1 minut"},"schema":{"@context":"https:\/\/schema.org","@graph":[{"@type":"WebPage","@id":"https:\/\/hrmforce.com\/ro\/shop\/hrmforce-ro\/ability-analysis\/","url":"https:\/\/hrmforce.com\/ro\/shop\/hrmforce-ro\/ability-analysis\/","name":"Ability Analysis - hrmforce","isPartOf":{"@id":"https:\/\/hrmforce.com\/ro\/#website"},"primaryImageOfPage":{"@id":"https:\/\/hrmforce.com\/ro\/shop\/hrmforce-ro\/ability-analysis\/#primaryimage"},"image":{"@id":"https:\/\/hrmforce.com\/ro\/shop\/hrmforce-ro\/ability-analysis\/#primaryimage"},"thumbnailUrl":"https:\/\/hrmforce.com\/wp-content\/uploads\/2017\/02\/AbilityAnalysis-icon.png","datePublished":"2023-02-13T07:35:11+00:00","breadcrumb":{"@id":"https:\/\/hrmforce.com\/ro\/shop\/hrmforce-ro\/ability-analysis\/#breadcrumb"},"inLanguage":"ro-RO","potentialAction":[{"@type":"ReadAction","target":["https:\/\/hrmforce.com\/ro\/shop\/hrmforce-ro\/ability-analysis\/"]}]},{"@type":"ImageObject","inLanguage":"ro-RO","@id":"https:\/\/hrmforce.com\/ro\/shop\/hrmforce-ro\/ability-analysis\/#primaryimage","url":"https:\/\/hrmforce.com\/wp-content\/uploads\/2017\/02\/AbilityAnalysis-icon.png","contentUrl":"https:\/\/hrmforce.com\/wp-content\/uploads\/2017\/02\/AbilityAnalysis-icon.png","width":220,"height":220},{"@type":"BreadcrumbList","@id":"https:\/\/hrmforce.com\/ro\/shop\/hrmforce-ro\/ability-analysis\/#breadcrumb","itemListElement":[{"@type":"ListItem","position":1,"name":"Home","item":"https:\/\/hrmforce.com\/ro\/"},{"@type":"ListItem","position":2,"name":"Shop","item":"https:\/\/hrmforce.com\/ro\/shop\/"},{"@type":"ListItem","position":3,"name":"Ability Analysis"}]},{"@type":"WebSite","@id":"https:\/\/hrmforce.com\/ro\/#website","url":"https:\/\/hrmforce.com\/ro\/","name":"hrmforce","description":"people \u2022 performance \u2022 analytics","publisher":{"@id":"https:\/\/hrmforce.com\/ro\/#organization"},"potentialAction":[{"@type":"SearchAction","target":{"@type":"EntryPoint","urlTemplate":"https:\/\/hrmforce.com\/ro\/?s={search_term_string}"},"query-input":{"@type":"PropertyValueSpecification","valueRequired":true,"valueName":"search_term_string"}}],"inLanguage":"ro-RO"},{"@type":"Organization","@id":"https:\/\/hrmforce.com\/ro\/#organization","name":"hrmforce","url":"https:\/\/hrmforce.com\/ro\/","logo":{"@type":"ImageObject","inLanguage":"ro-RO","@id":"https:\/\/hrmforce.com\/ro\/#\/schema\/logo\/image\/","url":"https:\/\/hrmforce.com\/wp-content\/uploads\/2018\/08\/logo-hrmforce.png","contentUrl":"https:\/\/hrmforce.com\/wp-content\/uploads\/2018\/08\/logo-hrmforce.png","width":833,"height":189,"caption":"hrmforce"},"image":{"@id":"https:\/\/hrmforce.com\/ro\/#\/schema\/logo\/image\/"},"sameAs":["https:\/\/www.facebook.com\/hrmforceNL\/","https:\/\/www.linkedin.com\/company\/hrmforce\/"]}]}},"_links":{"self":[{"href":"https:\/\/hrmforce.com\/ro\/wp-json\/wp\/v2\/product\/19015","targetHints":{"allow":["GET"]}}],"collection":[{"href":"https:\/\/hrmforce.com\/ro\/wp-json\/wp\/v2\/product"}],"about":[{"href":"https:\/\/hrmforce.com\/ro\/wp-json\/wp\/v2\/types\/product"}],"wp:featuredmedia":[{"embeddable":true,"href":"https:\/\/hrmforce.com\/ro\/wp-json\/wp\/v2\/media\/8849"}],"wp:attachment":[{"href":"https:\/\/hrmforce.com\/ro\/wp-json\/wp\/v2\/media?parent=19015"}],"wp:term":[{"taxonomy":"product_brand","embeddable":true,"href":"https:\/\/hrmforce.com\/ro\/wp-json\/wp\/v2\/product_brand?post=19015"},{"taxonomy":"product_cat","embeddable":true,"href":"https:\/\/hrmforce.com\/ro\/wp-json\/wp\/v2\/product_cat?post=19015"},{"taxonomy":"product_tag","embeddable":true,"href":"https:\/\/hrmforce.com\/ro\/wp-json\/wp\/v2\/product_tag?post=19015"}],"curies":[{"name":"wp","href":"https:\/\/api.w.org\/{rel}","templated":true}]}}