{"id":19023,"date":"2021-02-26T14:45:19","date_gmt":"2021-02-26T13:45:19","guid":{"rendered":"https:\/\/hrmforce.com\/product\/facet5\/"},"modified":"2021-02-26T14:45:19","modified_gmt":"2021-02-26T13:45:19","slug":"facet5","status":"publish","type":"product","link":"https:\/\/hrmforce.com\/ro\/shop\/personalitate\/facet5\/","title":{"rendered":"Facet5"},"content":{"rendered":"<p>Facet5 este unul dintre cele mai puternice \u0219i mai clare chestionare online de personalitate din prezent, care ofer\u0103 managerilor \u0219i profesioni\u0219tilor din domeniul resurselor umane o perspectiv\u0103 rapid\u0103 asupra comportamentului, motiva\u021biei, atitudinii \u0219i ambi\u021biei oamenilor.<br \/>\nFacet5 este unic, deoarece este bine fundamentat \u0219tiin\u021bific \u0219i se adreseaz\u0103 simplu.<\/p>\n<p>NB:<br \/>\nTOATE PRE\u021aURILE INCLUD CHESTIONARUL (CHESTIONARELE) DE BAZ\u0102 \u0218I COSTURILE DE MANIPULARE, DE SERVICII \u0218I DE ADMINISTRARE.<br \/>\nPENTRU CANTIT\u0102\u021aI MAI MARI SAU PENTRU PROPRIUL PORTAL DE TESTARE, V\u0102 RUG\u0102M S\u0102 NE CONTACTA\u021aI LA +31 88 88 321 88 SAU SERVICE@HRMFORCE.COM.<\/p>\n","protected":false},"excerpt":{"rendered":"<p>Facet5 este unul dintre cele mai puternice \u0219i mai clare chestionare online de personalitate din prezent, care ofer\u0103 managerilor \u0219i profesioni\u0219tilor din domeniul resurselor umane o perspectiv\u0103 rapid\u0103 asupra comportamentului, motiva\u021biei, atitudinii \u0219i ambi\u021biei oamenilor. Facet5 este unic, deoarece este bine fundamentat \u0219tiin\u021bific \u0219i se adreseaz\u0103 simplu.<\/p>\n<p>Raportul personal, foarte cuprinz\u0103tor \u0219i accesibil, r\u0103spunde la \u00eentreb\u0103ri precum:<\/p>\n<ul>\n<li>Care sunt punctele forte \u0219i punctele slabe ale acestui (nou) angajat \u0219i la ce m\u0103 pot a\u0219tepta de la acesta \u00een practic\u0103?<\/li>\n<li>Cum \u00eei pot oferi managerului acestei persoane \u00eendrumare?<\/li>\n<li>\u00cen ce competen\u021be poate cre\u0219te angajatul meu?<\/li>\n<li>Cum se poate \u00eencadra aceast\u0103 persoan\u0103 \u00eentr-o anumit\u0103 echip\u0103?<\/li>\n<li>Cum lucreaz\u0103 \u00eempreun\u0103 aceast\u0103 echip\u0103 \u0219i care sunt posibilit\u0103\u021bile de \u00eembun\u0103t\u0103\u021bire?<\/li>\n<\/ul>\n<p>Profunzimea Facet 5 este la limita implauzibilului. Adesea, participan\u021bii nu cred c\u0103 rapoartele lor personale sunt generate automat, deoarece feedbackul este at\u00e2t de direct. Cum este posibil acest lucru? Facet5 a fost perfec\u021bionat \u0219i dezvoltat de-a lungul mai multor ani. Sistemul este completat de peste zece mii de persoane \u00een fiecare an, iar informa\u021biile pe care sistemul le colecteaz\u0103 \u00een urma acestui proces sunt folosite \u00een mod constant pentru a perfec\u021biona \u0219i \u00eembun\u0103t\u0103\u021bi sistemul.<\/p>\n<p>Facet5 ofer\u0103 diverse aplica\u021bii:<\/p>\n<ul>\n<li>Concentrare pe competen\u021be specifice.<\/li>\n<li>Audi\u021bie: o evaluare m\u0103surat\u0103 \u00een func\u021bie de un profil de competen\u021be specifice.<\/li>\n<li>Teamscape: o compara\u021bie a rapoartelor individuale, reunite \u00eentr-un raport de echip\u0103.<\/li>\n<li>Focus on leadership: o prezentare general\u0103 practic\u0103 pentru manager, cu recomand\u0103ri privind indica\u021biile \u0219i interdic\u021biile.<\/li>\n<li>Preferin\u021bele de lucru: o prezentare general\u0103 a motiva\u021biei \u0219i a impulsurilor.<\/li>\n<\/ul>\n","protected":false},"featured_media":12594,"template":"","meta":{"_acf_changed":false,"inline_featured_image":false},"product_brand":[],"product_cat":[982,977,936,937],"product_tag":[],"class_list":{"0":"post-19023","1":"product","2":"type-product","3":"status-publish","4":"has-post-thumbnail","6":"product_cat-consulting-tools-ro","7":"product_cat-dezvoltare","8":"product_cat-personalitate","9":"product_cat-selectie-ro","11":"first","12":"instock","13":"taxable","14":"shipping-taxable","15":"purchasable","16":"product-type-simple"},"acf":[],"yoast_head":"<!-- This site is optimized with the Yoast SEO plugin v27.1.1 - https:\/\/yoast.com\/product\/yoast-seo-wordpress\/ -->\n<title>Facet5 - hrmforce<\/title>\n<meta name=\"robots\" content=\"index, follow, max-snippet:-1, max-image-preview:large, max-video-preview:-1\" \/>\n<link rel=\"canonical\" href=\"https:\/\/hrmforce.com\/ro\/shop\/personalitate\/facet5\/\" \/>\n<meta property=\"og:locale\" content=\"ro_RO\" \/>\n<meta property=\"og:type\" content=\"article\" \/>\n<meta property=\"og:title\" content=\"Facet5 - hrmforce\" \/>\n<meta property=\"og:description\" content=\"Facet5 este unul dintre cele mai puternice \u0219i mai clare chestionare online de personalitate din prezent, care ofer\u0103 managerilor \u0219i profesioni\u0219tilor din domeniul resurselor umane o perspectiv\u0103 rapid\u0103 asupra comportamentului, motiva\u021biei, atitudinii \u0219i ambi\u021biei oamenilor. Facet5 este unic, deoarece este bine fundamentat \u0219tiin\u021bific \u0219i se adreseaz\u0103 simplu.  Raportul personal, foarte cuprinz\u0103tor \u0219i accesibil, r\u0103spunde la \u00eentreb\u0103ri precum:   Care sunt punctele forte \u0219i punctele slabe ale acestui (nou) angajat \u0219i la ce m\u0103 pot a\u0219tepta de la acesta \u00een practic\u0103?  Cum \u00eei pot oferi managerului acestei persoane \u00eendrumare?  \u00cen ce competen\u021be poate cre\u0219te angajatul meu?  Cum se poate \u00eencadra aceast\u0103 persoan\u0103 \u00eentr-o anumit\u0103 echip\u0103?  Cum lucreaz\u0103 \u00eempreun\u0103 aceast\u0103 echip\u0103 \u0219i care sunt posibilit\u0103\u021bile de \u00eembun\u0103t\u0103\u021bire?  Profunzimea Facet 5 este la limita implauzibilului. Adesea, participan\u021bii nu cred c\u0103 rapoartele lor personale sunt generate automat, deoarece feedbackul este at\u00e2t de direct. Cum este posibil acest lucru? Facet5 a fost perfec\u021bionat \u0219i dezvoltat de-a lungul mai multor ani. Sistemul este completat de peste zece mii de persoane \u00een fiecare an, iar informa\u021biile pe care sistemul le colecteaz\u0103 \u00een urma acestui proces sunt folosite \u00een mod constant pentru a perfec\u021biona \u0219i \u00eembun\u0103t\u0103\u021bi sistemul.  Facet5 ofer\u0103 diverse aplica\u021bii:   Concentrare pe competen\u021be specifice.  Audi\u021bie: o evaluare m\u0103surat\u0103 \u00een func\u021bie de un profil de competen\u021be specifice.  Teamscape: o compara\u021bie a rapoartelor individuale, reunite \u00eentr-un raport de echip\u0103.  Focus on leadership: o prezentare general\u0103 practic\u0103 pentru manager, cu recomand\u0103ri privind indica\u021biile \u0219i interdic\u021biile.  Preferin\u021bele de lucru: o prezentare general\u0103 a motiva\u021biei \u0219i a impulsurilor.\" \/>\n<meta property=\"og:url\" content=\"https:\/\/hrmforce.com\/ro\/shop\/personalitate\/facet5\/\" \/>\n<meta property=\"og:site_name\" content=\"hrmforce\" \/>\n<meta property=\"article:publisher\" content=\"https:\/\/www.facebook.com\/hrmforceNL\/\" \/>\n<meta property=\"og:image\" content=\"https:\/\/hrmforce.com\/wp-content\/uploads\/2021\/02\/Generaltesticon.jpg\" \/>\n\t<meta property=\"og:image:width\" content=\"322\" \/>\n\t<meta property=\"og:image:height\" content=\"321\" \/>\n\t<meta property=\"og:image:type\" content=\"image\/jpeg\" \/>\n<meta name=\"twitter:card\" content=\"summary_large_image\" \/>\n<script type=\"application\/ld+json\" class=\"yoast-schema-graph\">{\"@context\":\"https:\/\/schema.org\",\"@graph\":[{\"@type\":\"WebPage\",\"@id\":\"https:\/\/hrmforce.com\/ro\/shop\/personalitate\/facet5\/\",\"url\":\"https:\/\/hrmforce.com\/ro\/shop\/personalitate\/facet5\/\",\"name\":\"Facet5 - hrmforce\",\"isPartOf\":{\"@id\":\"https:\/\/hrmforce.com\/ro\/#website\"},\"primaryImageOfPage\":{\"@id\":\"https:\/\/hrmforce.com\/ro\/shop\/personalitate\/facet5\/#primaryimage\"},\"image\":{\"@id\":\"https:\/\/hrmforce.com\/ro\/shop\/personalitate\/facet5\/#primaryimage\"},\"thumbnailUrl\":\"https:\/\/hrmforce.com\/wp-content\/uploads\/2021\/02\/Generaltesticon.jpg\",\"datePublished\":\"2021-02-26T13:45:19+00:00\",\"breadcrumb\":{\"@id\":\"https:\/\/hrmforce.com\/ro\/shop\/personalitate\/facet5\/#breadcrumb\"},\"inLanguage\":\"ro-RO\",\"potentialAction\":[{\"@type\":\"ReadAction\",\"target\":[\"https:\/\/hrmforce.com\/ro\/shop\/personalitate\/facet5\/\"]}]},{\"@type\":\"ImageObject\",\"inLanguage\":\"ro-RO\",\"@id\":\"https:\/\/hrmforce.com\/ro\/shop\/personalitate\/facet5\/#primaryimage\",\"url\":\"https:\/\/hrmforce.com\/wp-content\/uploads\/2021\/02\/Generaltesticon.jpg\",\"contentUrl\":\"https:\/\/hrmforce.com\/wp-content\/uploads\/2021\/02\/Generaltesticon.jpg\",\"width\":322,\"height\":321},{\"@type\":\"BreadcrumbList\",\"@id\":\"https:\/\/hrmforce.com\/ro\/shop\/personalitate\/facet5\/#breadcrumb\",\"itemListElement\":[{\"@type\":\"ListItem\",\"position\":1,\"name\":\"Home\",\"item\":\"https:\/\/hrmforce.com\/ro\/\"},{\"@type\":\"ListItem\",\"position\":2,\"name\":\"Shop\",\"item\":\"https:\/\/hrmforce.com\/ro\/shop\/\"},{\"@type\":\"ListItem\",\"position\":3,\"name\":\"Facet5\"}]},{\"@type\":\"WebSite\",\"@id\":\"https:\/\/hrmforce.com\/ro\/#website\",\"url\":\"https:\/\/hrmforce.com\/ro\/\",\"name\":\"hrmforce\",\"description\":\"people \u2022 performance \u2022 analytics\",\"publisher\":{\"@id\":\"https:\/\/hrmforce.com\/ro\/#organization\"},\"potentialAction\":[{\"@type\":\"SearchAction\",\"target\":{\"@type\":\"EntryPoint\",\"urlTemplate\":\"https:\/\/hrmforce.com\/ro\/?s={search_term_string}\"},\"query-input\":{\"@type\":\"PropertyValueSpecification\",\"valueRequired\":true,\"valueName\":\"search_term_string\"}}],\"inLanguage\":\"ro-RO\"},{\"@type\":\"Organization\",\"@id\":\"https:\/\/hrmforce.com\/ro\/#organization\",\"name\":\"hrmforce\",\"url\":\"https:\/\/hrmforce.com\/ro\/\",\"logo\":{\"@type\":\"ImageObject\",\"inLanguage\":\"ro-RO\",\"@id\":\"https:\/\/hrmforce.com\/ro\/#\/schema\/logo\/image\/\",\"url\":\"https:\/\/hrmforce.com\/wp-content\/uploads\/2018\/08\/logo-hrmforce.png\",\"contentUrl\":\"https:\/\/hrmforce.com\/wp-content\/uploads\/2018\/08\/logo-hrmforce.png\",\"width\":833,\"height\":189,\"caption\":\"hrmforce\"},\"image\":{\"@id\":\"https:\/\/hrmforce.com\/ro\/#\/schema\/logo\/image\/\"},\"sameAs\":[\"https:\/\/www.facebook.com\/hrmforceNL\/\",\"https:\/\/www.linkedin.com\/company\/hrmforce\/\"]}]}<\/script>\n<!-- \/ Yoast SEO plugin. -->","yoast_head_json":{"title":"Facet5 - hrmforce","robots":{"index":"index","follow":"follow","max-snippet":"max-snippet:-1","max-image-preview":"max-image-preview:large","max-video-preview":"max-video-preview:-1"},"canonical":"https:\/\/hrmforce.com\/ro\/shop\/personalitate\/facet5\/","og_locale":"ro_RO","og_type":"article","og_title":"Facet5 - hrmforce","og_description":"Facet5 este unul dintre cele mai puternice \u0219i mai clare chestionare online de personalitate din prezent, care ofer\u0103 managerilor \u0219i profesioni\u0219tilor din domeniul resurselor umane o perspectiv\u0103 rapid\u0103 asupra comportamentului, motiva\u021biei, atitudinii \u0219i ambi\u021biei oamenilor. Facet5 este unic, deoarece este bine fundamentat \u0219tiin\u021bific \u0219i se adreseaz\u0103 simplu.  Raportul personal, foarte cuprinz\u0103tor \u0219i accesibil, r\u0103spunde la \u00eentreb\u0103ri precum:   Care sunt punctele forte \u0219i punctele slabe ale acestui (nou) angajat \u0219i la ce m\u0103 pot a\u0219tepta de la acesta \u00een practic\u0103?  Cum \u00eei pot oferi managerului acestei persoane \u00eendrumare?  \u00cen ce competen\u021be poate cre\u0219te angajatul meu?  Cum se poate \u00eencadra aceast\u0103 persoan\u0103 \u00eentr-o anumit\u0103 echip\u0103?  Cum lucreaz\u0103 \u00eempreun\u0103 aceast\u0103 echip\u0103 \u0219i care sunt posibilit\u0103\u021bile de \u00eembun\u0103t\u0103\u021bire?  Profunzimea Facet 5 este la limita implauzibilului. Adesea, participan\u021bii nu cred c\u0103 rapoartele lor personale sunt generate automat, deoarece feedbackul este at\u00e2t de direct. Cum este posibil acest lucru? Facet5 a fost perfec\u021bionat \u0219i dezvoltat de-a lungul mai multor ani. Sistemul este completat de peste zece mii de persoane \u00een fiecare an, iar informa\u021biile pe care sistemul le colecteaz\u0103 \u00een urma acestui proces sunt folosite \u00een mod constant pentru a perfec\u021biona \u0219i \u00eembun\u0103t\u0103\u021bi sistemul.  Facet5 ofer\u0103 diverse aplica\u021bii:   Concentrare pe competen\u021be specifice.  Audi\u021bie: o evaluare m\u0103surat\u0103 \u00een func\u021bie de un profil de competen\u021be specifice.  Teamscape: o compara\u021bie a rapoartelor individuale, reunite \u00eentr-un raport de echip\u0103.  Focus on leadership: o prezentare general\u0103 practic\u0103 pentru manager, cu recomand\u0103ri privind indica\u021biile \u0219i interdic\u021biile.  Preferin\u021bele de lucru: o prezentare general\u0103 a motiva\u021biei \u0219i a impulsurilor.","og_url":"https:\/\/hrmforce.com\/ro\/shop\/personalitate\/facet5\/","og_site_name":"hrmforce","article_publisher":"https:\/\/www.facebook.com\/hrmforceNL\/","og_image":[{"width":322,"height":321,"url":"https:\/\/hrmforce.com\/wp-content\/uploads\/2021\/02\/Generaltesticon.jpg","type":"image\/jpeg"}],"twitter_card":"summary_large_image","schema":{"@context":"https:\/\/schema.org","@graph":[{"@type":"WebPage","@id":"https:\/\/hrmforce.com\/ro\/shop\/personalitate\/facet5\/","url":"https:\/\/hrmforce.com\/ro\/shop\/personalitate\/facet5\/","name":"Facet5 - hrmforce","isPartOf":{"@id":"https:\/\/hrmforce.com\/ro\/#website"},"primaryImageOfPage":{"@id":"https:\/\/hrmforce.com\/ro\/shop\/personalitate\/facet5\/#primaryimage"},"image":{"@id":"https:\/\/hrmforce.com\/ro\/shop\/personalitate\/facet5\/#primaryimage"},"thumbnailUrl":"https:\/\/hrmforce.com\/wp-content\/uploads\/2021\/02\/Generaltesticon.jpg","datePublished":"2021-02-26T13:45:19+00:00","breadcrumb":{"@id":"https:\/\/hrmforce.com\/ro\/shop\/personalitate\/facet5\/#breadcrumb"},"inLanguage":"ro-RO","potentialAction":[{"@type":"ReadAction","target":["https:\/\/hrmforce.com\/ro\/shop\/personalitate\/facet5\/"]}]},{"@type":"ImageObject","inLanguage":"ro-RO","@id":"https:\/\/hrmforce.com\/ro\/shop\/personalitate\/facet5\/#primaryimage","url":"https:\/\/hrmforce.com\/wp-content\/uploads\/2021\/02\/Generaltesticon.jpg","contentUrl":"https:\/\/hrmforce.com\/wp-content\/uploads\/2021\/02\/Generaltesticon.jpg","width":322,"height":321},{"@type":"BreadcrumbList","@id":"https:\/\/hrmforce.com\/ro\/shop\/personalitate\/facet5\/#breadcrumb","itemListElement":[{"@type":"ListItem","position":1,"name":"Home","item":"https:\/\/hrmforce.com\/ro\/"},{"@type":"ListItem","position":2,"name":"Shop","item":"https:\/\/hrmforce.com\/ro\/shop\/"},{"@type":"ListItem","position":3,"name":"Facet5"}]},{"@type":"WebSite","@id":"https:\/\/hrmforce.com\/ro\/#website","url":"https:\/\/hrmforce.com\/ro\/","name":"hrmforce","description":"people \u2022 performance \u2022 analytics","publisher":{"@id":"https:\/\/hrmforce.com\/ro\/#organization"},"potentialAction":[{"@type":"SearchAction","target":{"@type":"EntryPoint","urlTemplate":"https:\/\/hrmforce.com\/ro\/?s={search_term_string}"},"query-input":{"@type":"PropertyValueSpecification","valueRequired":true,"valueName":"search_term_string"}}],"inLanguage":"ro-RO"},{"@type":"Organization","@id":"https:\/\/hrmforce.com\/ro\/#organization","name":"hrmforce","url":"https:\/\/hrmforce.com\/ro\/","logo":{"@type":"ImageObject","inLanguage":"ro-RO","@id":"https:\/\/hrmforce.com\/ro\/#\/schema\/logo\/image\/","url":"https:\/\/hrmforce.com\/wp-content\/uploads\/2018\/08\/logo-hrmforce.png","contentUrl":"https:\/\/hrmforce.com\/wp-content\/uploads\/2018\/08\/logo-hrmforce.png","width":833,"height":189,"caption":"hrmforce"},"image":{"@id":"https:\/\/hrmforce.com\/ro\/#\/schema\/logo\/image\/"},"sameAs":["https:\/\/www.facebook.com\/hrmforceNL\/","https:\/\/www.linkedin.com\/company\/hrmforce\/"]}]}},"_links":{"self":[{"href":"https:\/\/hrmforce.com\/ro\/wp-json\/wp\/v2\/product\/19023","targetHints":{"allow":["GET"]}}],"collection":[{"href":"https:\/\/hrmforce.com\/ro\/wp-json\/wp\/v2\/product"}],"about":[{"href":"https:\/\/hrmforce.com\/ro\/wp-json\/wp\/v2\/types\/product"}],"wp:featuredmedia":[{"embeddable":true,"href":"https:\/\/hrmforce.com\/ro\/wp-json\/wp\/v2\/media\/12594"}],"wp:attachment":[{"href":"https:\/\/hrmforce.com\/ro\/wp-json\/wp\/v2\/media?parent=19023"}],"wp:term":[{"taxonomy":"product_brand","embeddable":true,"href":"https:\/\/hrmforce.com\/ro\/wp-json\/wp\/v2\/product_brand?post=19023"},{"taxonomy":"product_cat","embeddable":true,"href":"https:\/\/hrmforce.com\/ro\/wp-json\/wp\/v2\/product_cat?post=19023"},{"taxonomy":"product_tag","embeddable":true,"href":"https:\/\/hrmforce.com\/ro\/wp-json\/wp\/v2\/product_tag?post=19023"}],"curies":[{"name":"wp","href":"https:\/\/api.w.org\/{rel}","templated":true}]}}