{"id":19033,"date":"2021-02-26T14:19:32","date_gmt":"2021-02-26T13:19:32","guid":{"rendered":"https:\/\/hrmforce.com\/product\/team-impact-selection\/"},"modified":"2021-02-26T14:19:32","modified_gmt":"2021-02-26T13:19:32","slug":"team-impact-selection","status":"publish","type":"product","link":"https:\/\/hrmforce.com\/ro\/shop\/personalitate\/team-impact-selection\/","title":{"rendered":"Team Impact Selection"},"content":{"rendered":"<p>Raportul Team Impact-Selection ofer\u0103 o analiz\u0103 a punctelor tari \u0219i a punctelor slabe ale unui candidat \u00een contextul lucrului \u00een cadrul unei echipe. De asemenea, v\u0103 permite s\u0103 utiliza\u021bi \u00eentreb\u0103ri structurate, bazate pe competen\u021be, pentru interviuri, pentru a explora \u00een continuare contribu\u021bia poten\u021bial\u0103 a acestui candidat la o echip\u0103. Acesta indic\u0103 modul \u00een care candidatul lucreaz\u0103 \u00een cadrul unei echipe \u0219i cum poate fi \u00eembun\u0103t\u0103\u021bit\u0103 performan\u021ba candidatului de c\u0103tre candidatul \u00eensu\u0219i. De asemenea, le ofer\u0103 managerilor sprijin \u00een \u00eembun\u0103t\u0103\u021birea performan\u021belor unui membru al echipei.<\/p>\n<p>NB: TOATE PRE\u021aURILE INCLUD CHESTIONARUL (CHESTIONARELE) DE BAZ\u0102 \u0218I INCLUD COSTURILE DE MANIPULARE, DE SERVICII \u0218I DE ADMINISTRARE.<br \/>\nPENTRU CANTIT\u0102\u021aI MAI MARI SAU PENTRU PROPRIUL PORTAL DE TESTARE, V\u0102 RUG\u0102M S\u0102 NE CONTACTA\u021aI LA +31 88 88 321 88 SAU SERVICE@HRMFORCE.COM.<\/p>\n","protected":false},"excerpt":{"rendered":"<p>Raportul Team Impact-Selection ofer\u0103 o analiz\u0103 a punctelor tari \u0219i a punctelor slabe ale unui candidat \u00een contextul lucrului \u00een cadrul unei echipe.<br \/>\nDe asemenea, v\u0103 permite s\u0103 utiliza\u021bi \u00eentreb\u0103ri structurate, bazate pe competen\u021be, pentru interviuri, pentru a explora \u00een continuare contribu\u021bia poten\u021bial\u0103 a acestui candidat la o echip\u0103. Acesta indic\u0103 modul \u00een care candidatul lucreaz\u0103 \u00een cadrul unei echipe \u0219i cum poate fi \u00eembun\u0103t\u0103\u021bit\u0103 performan\u021ba candidatului de c\u0103tre candidatul \u00eensu\u0219i. De asemenea, le ofer\u0103 managerilor sprijin \u00een \u00eembun\u0103t\u0103\u021birea performan\u021belor unui membru al echipei.<\/p>\n","protected":false},"featured_media":12594,"template":"","meta":{"_acf_changed":false,"inline_featured_image":false},"product_brand":[],"product_cat":[936,937,984],"product_tag":[],"class_list":{"0":"post-19033","1":"product","2":"type-product","3":"status-publish","4":"has-post-thumbnail","6":"product_cat-personalitate","7":"product_cat-selectie-ro","8":"product_cat-shl-ro","10":"first","11":"instock","12":"taxable","13":"shipping-taxable","14":"purchasable","15":"product-type-simple"},"acf":[],"yoast_head":"<!-- This site is optimized with the Yoast SEO plugin v27.1.1 - https:\/\/yoast.com\/product\/yoast-seo-wordpress\/ -->\n<title>Team Impact Selection - hrmforce<\/title>\n<meta name=\"robots\" content=\"index, follow, max-snippet:-1, max-image-preview:large, max-video-preview:-1\" \/>\n<link rel=\"canonical\" href=\"https:\/\/hrmforce.com\/ro\/shop\/personalitate\/team-impact-selection\/\" \/>\n<meta property=\"og:locale\" content=\"ro_RO\" \/>\n<meta property=\"og:type\" content=\"article\" \/>\n<meta property=\"og:title\" content=\"Team Impact Selection - hrmforce\" \/>\n<meta property=\"og:description\" content=\"Raportul Team Impact-Selection ofer\u0103 o analiz\u0103 a punctelor tari \u0219i a punctelor slabe ale unui candidat \u00een contextul lucrului \u00een cadrul unei echipe. De asemenea, v\u0103 permite s\u0103 utiliza\u021bi \u00eentreb\u0103ri structurate, bazate pe competen\u021be, pentru interviuri, pentru a explora \u00een continuare contribu\u021bia poten\u021bial\u0103 a acestui candidat la o echip\u0103. Acesta indic\u0103 modul \u00een care candidatul lucreaz\u0103 \u00een cadrul unei echipe \u0219i cum poate fi \u00eembun\u0103t\u0103\u021bit\u0103 performan\u021ba candidatului de c\u0103tre candidatul \u00eensu\u0219i. De asemenea, le ofer\u0103 managerilor sprijin \u00een \u00eembun\u0103t\u0103\u021birea performan\u021belor unui membru al echipei.\" \/>\n<meta property=\"og:url\" content=\"https:\/\/hrmforce.com\/ro\/shop\/personalitate\/team-impact-selection\/\" \/>\n<meta property=\"og:site_name\" content=\"hrmforce\" \/>\n<meta property=\"article:publisher\" content=\"https:\/\/www.facebook.com\/hrmforceNL\/\" \/>\n<meta property=\"og:image\" content=\"https:\/\/hrmforce.com\/wp-content\/uploads\/2021\/02\/Generaltesticon.jpg\" \/>\n\t<meta property=\"og:image:width\" content=\"322\" \/>\n\t<meta property=\"og:image:height\" content=\"321\" \/>\n\t<meta property=\"og:image:type\" content=\"image\/jpeg\" \/>\n<meta name=\"twitter:card\" content=\"summary_large_image\" \/>\n<meta name=\"twitter:label1\" content=\"Timp estimat pentru citire\" \/>\n\t<meta name=\"twitter:data1\" content=\"1 minut\" \/>\n<script type=\"application\/ld+json\" class=\"yoast-schema-graph\">{\"@context\":\"https:\/\/schema.org\",\"@graph\":[{\"@type\":\"WebPage\",\"@id\":\"https:\/\/hrmforce.com\/ro\/shop\/personalitate\/team-impact-selection\/\",\"url\":\"https:\/\/hrmforce.com\/ro\/shop\/personalitate\/team-impact-selection\/\",\"name\":\"Team Impact Selection - hrmforce\",\"isPartOf\":{\"@id\":\"https:\/\/hrmforce.com\/ro\/#website\"},\"primaryImageOfPage\":{\"@id\":\"https:\/\/hrmforce.com\/ro\/shop\/personalitate\/team-impact-selection\/#primaryimage\"},\"image\":{\"@id\":\"https:\/\/hrmforce.com\/ro\/shop\/personalitate\/team-impact-selection\/#primaryimage\"},\"thumbnailUrl\":\"https:\/\/hrmforce.com\/wp-content\/uploads\/2021\/02\/Generaltesticon.jpg\",\"datePublished\":\"2021-02-26T13:19:32+00:00\",\"breadcrumb\":{\"@id\":\"https:\/\/hrmforce.com\/ro\/shop\/personalitate\/team-impact-selection\/#breadcrumb\"},\"inLanguage\":\"ro-RO\",\"potentialAction\":[{\"@type\":\"ReadAction\",\"target\":[\"https:\/\/hrmforce.com\/ro\/shop\/personalitate\/team-impact-selection\/\"]}]},{\"@type\":\"ImageObject\",\"inLanguage\":\"ro-RO\",\"@id\":\"https:\/\/hrmforce.com\/ro\/shop\/personalitate\/team-impact-selection\/#primaryimage\",\"url\":\"https:\/\/hrmforce.com\/wp-content\/uploads\/2021\/02\/Generaltesticon.jpg\",\"contentUrl\":\"https:\/\/hrmforce.com\/wp-content\/uploads\/2021\/02\/Generaltesticon.jpg\",\"width\":322,\"height\":321},{\"@type\":\"BreadcrumbList\",\"@id\":\"https:\/\/hrmforce.com\/ro\/shop\/personalitate\/team-impact-selection\/#breadcrumb\",\"itemListElement\":[{\"@type\":\"ListItem\",\"position\":1,\"name\":\"Home\",\"item\":\"https:\/\/hrmforce.com\/ro\/\"},{\"@type\":\"ListItem\",\"position\":2,\"name\":\"Shop\",\"item\":\"https:\/\/hrmforce.com\/ro\/shop\/\"},{\"@type\":\"ListItem\",\"position\":3,\"name\":\"Team Impact Selection\"}]},{\"@type\":\"WebSite\",\"@id\":\"https:\/\/hrmforce.com\/ro\/#website\",\"url\":\"https:\/\/hrmforce.com\/ro\/\",\"name\":\"hrmforce\",\"description\":\"people \u2022 performance \u2022 analytics\",\"publisher\":{\"@id\":\"https:\/\/hrmforce.com\/ro\/#organization\"},\"potentialAction\":[{\"@type\":\"SearchAction\",\"target\":{\"@type\":\"EntryPoint\",\"urlTemplate\":\"https:\/\/hrmforce.com\/ro\/?s={search_term_string}\"},\"query-input\":{\"@type\":\"PropertyValueSpecification\",\"valueRequired\":true,\"valueName\":\"search_term_string\"}}],\"inLanguage\":\"ro-RO\"},{\"@type\":\"Organization\",\"@id\":\"https:\/\/hrmforce.com\/ro\/#organization\",\"name\":\"hrmforce\",\"url\":\"https:\/\/hrmforce.com\/ro\/\",\"logo\":{\"@type\":\"ImageObject\",\"inLanguage\":\"ro-RO\",\"@id\":\"https:\/\/hrmforce.com\/ro\/#\/schema\/logo\/image\/\",\"url\":\"https:\/\/hrmforce.com\/wp-content\/uploads\/2018\/08\/logo-hrmforce.png\",\"contentUrl\":\"https:\/\/hrmforce.com\/wp-content\/uploads\/2018\/08\/logo-hrmforce.png\",\"width\":833,\"height\":189,\"caption\":\"hrmforce\"},\"image\":{\"@id\":\"https:\/\/hrmforce.com\/ro\/#\/schema\/logo\/image\/\"},\"sameAs\":[\"https:\/\/www.facebook.com\/hrmforceNL\/\",\"https:\/\/www.linkedin.com\/company\/hrmforce\/\"]}]}<\/script>\n<!-- \/ Yoast SEO plugin. -->","yoast_head_json":{"title":"Team Impact Selection - hrmforce","robots":{"index":"index","follow":"follow","max-snippet":"max-snippet:-1","max-image-preview":"max-image-preview:large","max-video-preview":"max-video-preview:-1"},"canonical":"https:\/\/hrmforce.com\/ro\/shop\/personalitate\/team-impact-selection\/","og_locale":"ro_RO","og_type":"article","og_title":"Team Impact Selection - hrmforce","og_description":"Raportul Team Impact-Selection ofer\u0103 o analiz\u0103 a punctelor tari \u0219i a punctelor slabe ale unui candidat \u00een contextul lucrului \u00een cadrul unei echipe. De asemenea, v\u0103 permite s\u0103 utiliza\u021bi \u00eentreb\u0103ri structurate, bazate pe competen\u021be, pentru interviuri, pentru a explora \u00een continuare contribu\u021bia poten\u021bial\u0103 a acestui candidat la o echip\u0103. Acesta indic\u0103 modul \u00een care candidatul lucreaz\u0103 \u00een cadrul unei echipe \u0219i cum poate fi \u00eembun\u0103t\u0103\u021bit\u0103 performan\u021ba candidatului de c\u0103tre candidatul \u00eensu\u0219i. De asemenea, le ofer\u0103 managerilor sprijin \u00een \u00eembun\u0103t\u0103\u021birea performan\u021belor unui membru al echipei.","og_url":"https:\/\/hrmforce.com\/ro\/shop\/personalitate\/team-impact-selection\/","og_site_name":"hrmforce","article_publisher":"https:\/\/www.facebook.com\/hrmforceNL\/","og_image":[{"width":322,"height":321,"url":"https:\/\/hrmforce.com\/wp-content\/uploads\/2021\/02\/Generaltesticon.jpg","type":"image\/jpeg"}],"twitter_card":"summary_large_image","twitter_misc":{"Timp estimat pentru citire":"1 minut"},"schema":{"@context":"https:\/\/schema.org","@graph":[{"@type":"WebPage","@id":"https:\/\/hrmforce.com\/ro\/shop\/personalitate\/team-impact-selection\/","url":"https:\/\/hrmforce.com\/ro\/shop\/personalitate\/team-impact-selection\/","name":"Team Impact Selection - hrmforce","isPartOf":{"@id":"https:\/\/hrmforce.com\/ro\/#website"},"primaryImageOfPage":{"@id":"https:\/\/hrmforce.com\/ro\/shop\/personalitate\/team-impact-selection\/#primaryimage"},"image":{"@id":"https:\/\/hrmforce.com\/ro\/shop\/personalitate\/team-impact-selection\/#primaryimage"},"thumbnailUrl":"https:\/\/hrmforce.com\/wp-content\/uploads\/2021\/02\/Generaltesticon.jpg","datePublished":"2021-02-26T13:19:32+00:00","breadcrumb":{"@id":"https:\/\/hrmforce.com\/ro\/shop\/personalitate\/team-impact-selection\/#breadcrumb"},"inLanguage":"ro-RO","potentialAction":[{"@type":"ReadAction","target":["https:\/\/hrmforce.com\/ro\/shop\/personalitate\/team-impact-selection\/"]}]},{"@type":"ImageObject","inLanguage":"ro-RO","@id":"https:\/\/hrmforce.com\/ro\/shop\/personalitate\/team-impact-selection\/#primaryimage","url":"https:\/\/hrmforce.com\/wp-content\/uploads\/2021\/02\/Generaltesticon.jpg","contentUrl":"https:\/\/hrmforce.com\/wp-content\/uploads\/2021\/02\/Generaltesticon.jpg","width":322,"height":321},{"@type":"BreadcrumbList","@id":"https:\/\/hrmforce.com\/ro\/shop\/personalitate\/team-impact-selection\/#breadcrumb","itemListElement":[{"@type":"ListItem","position":1,"name":"Home","item":"https:\/\/hrmforce.com\/ro\/"},{"@type":"ListItem","position":2,"name":"Shop","item":"https:\/\/hrmforce.com\/ro\/shop\/"},{"@type":"ListItem","position":3,"name":"Team Impact Selection"}]},{"@type":"WebSite","@id":"https:\/\/hrmforce.com\/ro\/#website","url":"https:\/\/hrmforce.com\/ro\/","name":"hrmforce","description":"people \u2022 performance \u2022 analytics","publisher":{"@id":"https:\/\/hrmforce.com\/ro\/#organization"},"potentialAction":[{"@type":"SearchAction","target":{"@type":"EntryPoint","urlTemplate":"https:\/\/hrmforce.com\/ro\/?s={search_term_string}"},"query-input":{"@type":"PropertyValueSpecification","valueRequired":true,"valueName":"search_term_string"}}],"inLanguage":"ro-RO"},{"@type":"Organization","@id":"https:\/\/hrmforce.com\/ro\/#organization","name":"hrmforce","url":"https:\/\/hrmforce.com\/ro\/","logo":{"@type":"ImageObject","inLanguage":"ro-RO","@id":"https:\/\/hrmforce.com\/ro\/#\/schema\/logo\/image\/","url":"https:\/\/hrmforce.com\/wp-content\/uploads\/2018\/08\/logo-hrmforce.png","contentUrl":"https:\/\/hrmforce.com\/wp-content\/uploads\/2018\/08\/logo-hrmforce.png","width":833,"height":189,"caption":"hrmforce"},"image":{"@id":"https:\/\/hrmforce.com\/ro\/#\/schema\/logo\/image\/"},"sameAs":["https:\/\/www.facebook.com\/hrmforceNL\/","https:\/\/www.linkedin.com\/company\/hrmforce\/"]}]}},"_links":{"self":[{"href":"https:\/\/hrmforce.com\/ro\/wp-json\/wp\/v2\/product\/19033","targetHints":{"allow":["GET"]}}],"collection":[{"href":"https:\/\/hrmforce.com\/ro\/wp-json\/wp\/v2\/product"}],"about":[{"href":"https:\/\/hrmforce.com\/ro\/wp-json\/wp\/v2\/types\/product"}],"wp:featuredmedia":[{"embeddable":true,"href":"https:\/\/hrmforce.com\/ro\/wp-json\/wp\/v2\/media\/12594"}],"wp:attachment":[{"href":"https:\/\/hrmforce.com\/ro\/wp-json\/wp\/v2\/media?parent=19033"}],"wp:term":[{"taxonomy":"product_brand","embeddable":true,"href":"https:\/\/hrmforce.com\/ro\/wp-json\/wp\/v2\/product_brand?post=19033"},{"taxonomy":"product_cat","embeddable":true,"href":"https:\/\/hrmforce.com\/ro\/wp-json\/wp\/v2\/product_cat?post=19033"},{"taxonomy":"product_tag","embeddable":true,"href":"https:\/\/hrmforce.com\/ro\/wp-json\/wp\/v2\/product_tag?post=19033"}],"curies":[{"name":"wp","href":"https:\/\/api.w.org\/{rel}","templated":true}]}}