{"id":19043,"date":"2021-02-26T09:34:18","date_gmt":"2021-02-26T08:34:18","guid":{"rendered":"https:\/\/hrmforce.com\/product\/more-effective-learning\/"},"modified":"2021-02-26T09:34:18","modified_gmt":"2021-02-26T08:34:18","slug":"more-effective-learning","status":"publish","type":"product","link":"https:\/\/hrmforce.com\/ro\/shop\/personalitate\/more-effective-learning\/","title":{"rendered":"More Effective Learning"},"content":{"rendered":"<p>Raportul \u201eMore Effective Learning\u201d arat\u0103 care stiluri de \u00eenv\u0103\u021bare se potrivesc mai bine sau mai pu\u021bin bine cu preferin\u021bele personale ale candidatului \u0219i apoi, \u00een func\u021bie de aceste rezultate, ofer\u0103 o analiz\u0103 a punctelor tari \u0219i slabe pentru patru competen\u021be de \u00eenv\u0103\u021bare.<\/p>\n<p>NB: TOATE PRE\u021aURILE INCLUD CHESTIONARUL (CHESTIONARELE) DE BAZ\u0102 \u0218I INCLUD COSTURILE DE MANIPULARE, DE SERVICII \u0218I DE ADMINISTRARE.<br \/>\nPENTRU CANTIT\u0102\u021aI MAI MARI SAU PENTRU PROPRIUL PORTAL DE TESTARE, V\u0102 RUG\u0102M S\u0102 NE CONTACTA\u021aI LA +31 88 88 321 88 SAU SERVICE@HRMFORCE.COM.<\/p>\n","protected":false},"excerpt":{"rendered":"<p>Raportul \u201eMore Effective Learning\u201d arat\u0103 care stiluri de \u00eenv\u0103\u021bare se potrivesc mai bine sau mai pu\u021bin bine cu preferin\u021bele personale ale candidatului \u0219i apoi, \u00een func\u021bie de aceste rezultate, ofer\u0103 o analiz\u0103 a punctelor tari \u0219i slabe pentru patru competen\u021be de \u00eenv\u0103\u021bare.<\/p>\n","protected":false},"featured_media":12594,"template":"","meta":{"_acf_changed":false,"inline_featured_image":false},"product_brand":[],"product_cat":[977,936,984],"product_tag":[],"class_list":{"0":"post-19043","1":"product","2":"type-product","3":"status-publish","4":"has-post-thumbnail","6":"product_cat-dezvoltare","7":"product_cat-personalitate","8":"product_cat-shl-ro","10":"first","11":"instock","12":"taxable","13":"shipping-taxable","14":"purchasable","15":"product-type-simple"},"acf":[],"yoast_head":"<!-- This site is optimized with the Yoast SEO plugin v27.1.1 - https:\/\/yoast.com\/product\/yoast-seo-wordpress\/ -->\n<title>More Effective Learning - hrmforce<\/title>\n<meta name=\"robots\" content=\"index, follow, max-snippet:-1, max-image-preview:large, max-video-preview:-1\" \/>\n<link rel=\"canonical\" href=\"https:\/\/hrmforce.com\/ro\/shop\/personalitate\/more-effective-learning\/\" \/>\n<meta property=\"og:locale\" content=\"ro_RO\" \/>\n<meta property=\"og:type\" content=\"article\" \/>\n<meta property=\"og:title\" content=\"More Effective Learning - hrmforce\" \/>\n<meta property=\"og:description\" content=\"Raportul \u201eMore Effective Learning\u201d arat\u0103 care stiluri de \u00eenv\u0103\u021bare se potrivesc mai bine sau mai pu\u021bin bine cu preferin\u021bele personale ale candidatului \u0219i apoi, \u00een func\u021bie de aceste rezultate, ofer\u0103 o analiz\u0103 a punctelor tari \u0219i slabe pentru patru competen\u021be de \u00eenv\u0103\u021bare.\" \/>\n<meta property=\"og:url\" content=\"https:\/\/hrmforce.com\/ro\/shop\/personalitate\/more-effective-learning\/\" \/>\n<meta property=\"og:site_name\" content=\"hrmforce\" \/>\n<meta property=\"article:publisher\" content=\"https:\/\/www.facebook.com\/hrmforceNL\/\" \/>\n<meta property=\"og:image\" content=\"https:\/\/hrmforce.com\/wp-content\/uploads\/2021\/02\/Generaltesticon.jpg\" \/>\n\t<meta property=\"og:image:width\" content=\"322\" \/>\n\t<meta property=\"og:image:height\" content=\"321\" \/>\n\t<meta property=\"og:image:type\" content=\"image\/jpeg\" \/>\n<meta name=\"twitter:card\" content=\"summary_large_image\" \/>\n<script type=\"application\/ld+json\" class=\"yoast-schema-graph\">{\"@context\":\"https:\/\/schema.org\",\"@graph\":[{\"@type\":\"WebPage\",\"@id\":\"https:\/\/hrmforce.com\/ro\/shop\/personalitate\/more-effective-learning\/\",\"url\":\"https:\/\/hrmforce.com\/ro\/shop\/personalitate\/more-effective-learning\/\",\"name\":\"More Effective Learning - hrmforce\",\"isPartOf\":{\"@id\":\"https:\/\/hrmforce.com\/ro\/#website\"},\"primaryImageOfPage\":{\"@id\":\"https:\/\/hrmforce.com\/ro\/shop\/personalitate\/more-effective-learning\/#primaryimage\"},\"image\":{\"@id\":\"https:\/\/hrmforce.com\/ro\/shop\/personalitate\/more-effective-learning\/#primaryimage\"},\"thumbnailUrl\":\"https:\/\/hrmforce.com\/wp-content\/uploads\/2021\/02\/Generaltesticon.jpg\",\"datePublished\":\"2021-02-26T08:34:18+00:00\",\"breadcrumb\":{\"@id\":\"https:\/\/hrmforce.com\/ro\/shop\/personalitate\/more-effective-learning\/#breadcrumb\"},\"inLanguage\":\"ro-RO\",\"potentialAction\":[{\"@type\":\"ReadAction\",\"target\":[\"https:\/\/hrmforce.com\/ro\/shop\/personalitate\/more-effective-learning\/\"]}]},{\"@type\":\"ImageObject\",\"inLanguage\":\"ro-RO\",\"@id\":\"https:\/\/hrmforce.com\/ro\/shop\/personalitate\/more-effective-learning\/#primaryimage\",\"url\":\"https:\/\/hrmforce.com\/wp-content\/uploads\/2021\/02\/Generaltesticon.jpg\",\"contentUrl\":\"https:\/\/hrmforce.com\/wp-content\/uploads\/2021\/02\/Generaltesticon.jpg\",\"width\":322,\"height\":321},{\"@type\":\"BreadcrumbList\",\"@id\":\"https:\/\/hrmforce.com\/ro\/shop\/personalitate\/more-effective-learning\/#breadcrumb\",\"itemListElement\":[{\"@type\":\"ListItem\",\"position\":1,\"name\":\"Home\",\"item\":\"https:\/\/hrmforce.com\/ro\/\"},{\"@type\":\"ListItem\",\"position\":2,\"name\":\"Shop\",\"item\":\"https:\/\/hrmforce.com\/ro\/shop\/\"},{\"@type\":\"ListItem\",\"position\":3,\"name\":\"More Effective Learning\"}]},{\"@type\":\"WebSite\",\"@id\":\"https:\/\/hrmforce.com\/ro\/#website\",\"url\":\"https:\/\/hrmforce.com\/ro\/\",\"name\":\"hrmforce\",\"description\":\"people \u2022 performance \u2022 analytics\",\"publisher\":{\"@id\":\"https:\/\/hrmforce.com\/ro\/#organization\"},\"potentialAction\":[{\"@type\":\"SearchAction\",\"target\":{\"@type\":\"EntryPoint\",\"urlTemplate\":\"https:\/\/hrmforce.com\/ro\/?s={search_term_string}\"},\"query-input\":{\"@type\":\"PropertyValueSpecification\",\"valueRequired\":true,\"valueName\":\"search_term_string\"}}],\"inLanguage\":\"ro-RO\"},{\"@type\":\"Organization\",\"@id\":\"https:\/\/hrmforce.com\/ro\/#organization\",\"name\":\"hrmforce\",\"url\":\"https:\/\/hrmforce.com\/ro\/\",\"logo\":{\"@type\":\"ImageObject\",\"inLanguage\":\"ro-RO\",\"@id\":\"https:\/\/hrmforce.com\/ro\/#\/schema\/logo\/image\/\",\"url\":\"https:\/\/hrmforce.com\/wp-content\/uploads\/2018\/08\/logo-hrmforce.png\",\"contentUrl\":\"https:\/\/hrmforce.com\/wp-content\/uploads\/2018\/08\/logo-hrmforce.png\",\"width\":833,\"height\":189,\"caption\":\"hrmforce\"},\"image\":{\"@id\":\"https:\/\/hrmforce.com\/ro\/#\/schema\/logo\/image\/\"},\"sameAs\":[\"https:\/\/www.facebook.com\/hrmforceNL\/\",\"https:\/\/www.linkedin.com\/company\/hrmforce\/\"]}]}<\/script>\n<!-- \/ Yoast SEO plugin. -->","yoast_head_json":{"title":"More Effective Learning - hrmforce","robots":{"index":"index","follow":"follow","max-snippet":"max-snippet:-1","max-image-preview":"max-image-preview:large","max-video-preview":"max-video-preview:-1"},"canonical":"https:\/\/hrmforce.com\/ro\/shop\/personalitate\/more-effective-learning\/","og_locale":"ro_RO","og_type":"article","og_title":"More Effective Learning - hrmforce","og_description":"Raportul \u201eMore Effective Learning\u201d arat\u0103 care stiluri de \u00eenv\u0103\u021bare se potrivesc mai bine sau mai pu\u021bin bine cu preferin\u021bele personale ale candidatului \u0219i apoi, \u00een func\u021bie de aceste rezultate, ofer\u0103 o analiz\u0103 a punctelor tari \u0219i slabe pentru patru competen\u021be de \u00eenv\u0103\u021bare.","og_url":"https:\/\/hrmforce.com\/ro\/shop\/personalitate\/more-effective-learning\/","og_site_name":"hrmforce","article_publisher":"https:\/\/www.facebook.com\/hrmforceNL\/","og_image":[{"width":322,"height":321,"url":"https:\/\/hrmforce.com\/wp-content\/uploads\/2021\/02\/Generaltesticon.jpg","type":"image\/jpeg"}],"twitter_card":"summary_large_image","schema":{"@context":"https:\/\/schema.org","@graph":[{"@type":"WebPage","@id":"https:\/\/hrmforce.com\/ro\/shop\/personalitate\/more-effective-learning\/","url":"https:\/\/hrmforce.com\/ro\/shop\/personalitate\/more-effective-learning\/","name":"More Effective Learning - hrmforce","isPartOf":{"@id":"https:\/\/hrmforce.com\/ro\/#website"},"primaryImageOfPage":{"@id":"https:\/\/hrmforce.com\/ro\/shop\/personalitate\/more-effective-learning\/#primaryimage"},"image":{"@id":"https:\/\/hrmforce.com\/ro\/shop\/personalitate\/more-effective-learning\/#primaryimage"},"thumbnailUrl":"https:\/\/hrmforce.com\/wp-content\/uploads\/2021\/02\/Generaltesticon.jpg","datePublished":"2021-02-26T08:34:18+00:00","breadcrumb":{"@id":"https:\/\/hrmforce.com\/ro\/shop\/personalitate\/more-effective-learning\/#breadcrumb"},"inLanguage":"ro-RO","potentialAction":[{"@type":"ReadAction","target":["https:\/\/hrmforce.com\/ro\/shop\/personalitate\/more-effective-learning\/"]}]},{"@type":"ImageObject","inLanguage":"ro-RO","@id":"https:\/\/hrmforce.com\/ro\/shop\/personalitate\/more-effective-learning\/#primaryimage","url":"https:\/\/hrmforce.com\/wp-content\/uploads\/2021\/02\/Generaltesticon.jpg","contentUrl":"https:\/\/hrmforce.com\/wp-content\/uploads\/2021\/02\/Generaltesticon.jpg","width":322,"height":321},{"@type":"BreadcrumbList","@id":"https:\/\/hrmforce.com\/ro\/shop\/personalitate\/more-effective-learning\/#breadcrumb","itemListElement":[{"@type":"ListItem","position":1,"name":"Home","item":"https:\/\/hrmforce.com\/ro\/"},{"@type":"ListItem","position":2,"name":"Shop","item":"https:\/\/hrmforce.com\/ro\/shop\/"},{"@type":"ListItem","position":3,"name":"More Effective Learning"}]},{"@type":"WebSite","@id":"https:\/\/hrmforce.com\/ro\/#website","url":"https:\/\/hrmforce.com\/ro\/","name":"hrmforce","description":"people \u2022 performance \u2022 analytics","publisher":{"@id":"https:\/\/hrmforce.com\/ro\/#organization"},"potentialAction":[{"@type":"SearchAction","target":{"@type":"EntryPoint","urlTemplate":"https:\/\/hrmforce.com\/ro\/?s={search_term_string}"},"query-input":{"@type":"PropertyValueSpecification","valueRequired":true,"valueName":"search_term_string"}}],"inLanguage":"ro-RO"},{"@type":"Organization","@id":"https:\/\/hrmforce.com\/ro\/#organization","name":"hrmforce","url":"https:\/\/hrmforce.com\/ro\/","logo":{"@type":"ImageObject","inLanguage":"ro-RO","@id":"https:\/\/hrmforce.com\/ro\/#\/schema\/logo\/image\/","url":"https:\/\/hrmforce.com\/wp-content\/uploads\/2018\/08\/logo-hrmforce.png","contentUrl":"https:\/\/hrmforce.com\/wp-content\/uploads\/2018\/08\/logo-hrmforce.png","width":833,"height":189,"caption":"hrmforce"},"image":{"@id":"https:\/\/hrmforce.com\/ro\/#\/schema\/logo\/image\/"},"sameAs":["https:\/\/www.facebook.com\/hrmforceNL\/","https:\/\/www.linkedin.com\/company\/hrmforce\/"]}]}},"_links":{"self":[{"href":"https:\/\/hrmforce.com\/ro\/wp-json\/wp\/v2\/product\/19043","targetHints":{"allow":["GET"]}}],"collection":[{"href":"https:\/\/hrmforce.com\/ro\/wp-json\/wp\/v2\/product"}],"about":[{"href":"https:\/\/hrmforce.com\/ro\/wp-json\/wp\/v2\/types\/product"}],"wp:featuredmedia":[{"embeddable":true,"href":"https:\/\/hrmforce.com\/ro\/wp-json\/wp\/v2\/media\/12594"}],"wp:attachment":[{"href":"https:\/\/hrmforce.com\/ro\/wp-json\/wp\/v2\/media?parent=19043"}],"wp:term":[{"taxonomy":"product_brand","embeddable":true,"href":"https:\/\/hrmforce.com\/ro\/wp-json\/wp\/v2\/product_brand?post=19043"},{"taxonomy":"product_cat","embeddable":true,"href":"https:\/\/hrmforce.com\/ro\/wp-json\/wp\/v2\/product_cat?post=19043"},{"taxonomy":"product_tag","embeddable":true,"href":"https:\/\/hrmforce.com\/ro\/wp-json\/wp\/v2\/product_tag?post=19043"}],"curies":[{"name":"wp","href":"https:\/\/api.w.org\/{rel}","templated":true}]}}